{"id":3724,"date":"2025-01-11T02:00:22","date_gmt":"2025-01-11T02:00:22","guid":{"rendered":"https:\/\/vapestornado.com\/?post_type=product&#038;p=3724"},"modified":"2025-08-23T12:33:40","modified_gmt":"2025-08-23T12:33:40","slug":"uwin-crystal-20000-shisha-hookah-20k-puffs-disposable-vape-factory-cheap-price","status":"publish","type":"product","link":"https:\/\/vapestornado.com\/ro\/product\/uwin-crystal-20000-shisha-hookah-20k-puffs-disposable-vape-factory-cheap-price\/","title":{"rendered":"Uwin Crystal 20000 Shisha Narghilea 20K Puffs Vap\u0103 de unic\u0103 folosin\u021b\u0103 Pre\u021b ieftin de fabric\u0103"},"content":{"rendered":"<h1 class=\"product-title\">Uwin Crystal 20000 Shisha Narghilea 20K Puffs Vap\u0103 de unic\u0103 folosin\u021b\u0103 Pre\u021b ieftin de fabric\u0103<\/h1>\n<p>Sistemul <strong>Uwin Crystal 20000<\/strong> Puffs este solu\u021bia ta suprem\u0103 de vaping, oferind performan\u021be incredibile, accesibilitate \u0219i varietate. Cu un design elegant <strong>design de cristal<\/strong> si <strong>pre\u021b ieftin din fabric\u0103<\/strong>, acest <strong>vape de unic\u0103 folosin\u021b\u0103<\/strong> este perfect pentru cei care caut\u0103 calitate premium la un cost accesibil. Ob\u021bine <strong>20.000 de pufuri<\/strong> per dispozitiv, asigur\u00e2nd satisfac\u021bie pe termen lung, f\u0103r\u0103 a fi nevoie de \u00eenlocuiri frecvente. Ideal pentru utilizatorii care doresc valoare maxim\u0103 \u0219i efort minim.<\/p>\n<p>Cau\u021bi <strong>vape-uri ieftine<\/strong> cu calitate de top? Uwin Shisha Hookah 20K este disponibil la <strong>pre\u021buri direct de la produc\u0103tor<\/strong>, ceea ce \u00eel face o alegere excelent\u0103 pentru angrosi\u0219ti \u0219i cump\u0103r\u0103tori individuali. Avansatul <strong>rezisten\u021b\u0103 mesh de 0.8\u03a9<\/strong> garanteaz\u0103 o experien\u021b\u0103 de vaping aromat\u0103 \u0219i fin\u0103. \u00cempreun\u0103 cu 12 op\u021biuni de arome, este perfect pentru pasiona\u021bii de arome.<\/p>\n<p>Alege\u021bi concentra\u021bia ideal\u0103 de nicotin\u0103, Uwin Crystal 20000 vine cu op\u021biuni de nicotin\u0103 variind de la <strong>0%, 2% \u0219i 5%<\/strong>, f\u0103c\u00e2nd acest dispozitiv versatil pentru orice vaper. Portabil \u0219i ergonomic <strong>design de cristal<\/strong> este perfect pentru utilizatorii care apreciaz\u0103 at\u00e2t forma, c\u00e2t \u0219i func\u021bia, f\u0103c\u00e2ndu-l unul dintre cele mai bune <strong>cele mai populare vape-uri de unic\u0103 folosin\u021b\u0103<\/strong> ast\u0103zi. Pune m\u00e2na pe <strong>Uwin Crystal 20000 Pufuri Narghilea Hookah <\/strong>\u00a0ast\u0103zi \u0219i bucur\u0103-te de amestecul perfect de stil, arom\u0103 \u0219i valoare!<\/p>\n<p><span style=\"color: #ff0000;\"><strong>Adaug\u0103 r\u0103spunsul corect de pe Whatsapp al lui Amy \u0219i cuponul de vape!<\/strong><\/span><\/p>\n<p><img fetchpriority=\"high\" decoding=\"async\" class=\"size-full wp-image-2932\" src=\"https:\/\/vapestornado.com\/wp-content\/uploads\/2024\/12\/Vape-Wholesale.jpg\" alt=\"\u021aig\u0103ri electronice cu ridicata\" width=\"229\" height=\"300\" \/><\/p>\n<h3><a href=\"https:\/\/wa.me\/8617776015835\" target=\"_blank\" rel=\"noopener\"><span style=\"color: #ff0000;\"><strong>WhatsApp: +86 17776015835<\/strong><\/span><\/a><\/h3>\n<p>&nbsp;<\/p>\n<h2 class=\"product-title\"><strong>Caracteristicile Produsului Uwin Crystal 20000<\/strong><\/h2>\n<div role=\"article\" data-tabster=\"{&quot;groupper&quot;:{&quot;tabbability&quot;:2},&quot;focusable&quot;:{}}\" data-content=\"ai-message\" aria-labelledby=\"juhNTJ6o7Gk1cgwZMJgv2-author juhNTJ6o7Gk1cgwZMJgv2-content\">\n<div id=\"juhNTJ6o7Gk1cgwZMJgv2-content\">\n<div role=\"article\" data-tabster=\"{&quot;groupper&quot;:{&quot;tabbability&quot;:2},&quot;focusable&quot;:{}}\" data-content=\"ai-message\" aria-labelledby=\"x4EZuCZWrTbh3weWUt7CU-author x4EZuCZWrTbh3weWUt7CU-content\">\n<div id=\"x4EZuCZWrTbh3weWUt7CU-content\">\n<div class=\"flex max-w-full flex-col flex-grow\">\n<div class=\"min-h-8 text-message flex w-full flex-col items-end gap-2 whitespace-normal break-words text-start [.text-message+&amp;]:mt-5\" dir=\"auto\" data-message-author-role=\"assistant\" data-message-id=\"52c6e00a-252f-4104-805d-2f1a84739c71\" data-message-model-slug=\"gpt-4o\">\n<div class=\"flex w-full flex-col gap-1 empty:hidden first:pt-[3px]\">\n<div class=\"markdown prose w-full break-words dark:prose-invert light\">\n<div class=\"flex max-w-full flex-col flex-grow\">\n<div class=\"min-h-8 text-message flex w-full flex-col items-end gap-2 whitespace-normal break-words text-start [.text-message+&amp;]:mt-5\" dir=\"auto\" data-message-author-role=\"assistant\" data-message-id=\"3c321776-aace-4a97-95f3-35c104de1c0a\" data-message-model-slug=\"gpt-4o\">\n<div class=\"flex w-full flex-col gap-1 empty:hidden first:pt-[3px]\">\n<div class=\"markdown prose w-full break-words dark:prose-invert light\">\n<h3><\/h3>\n<ol>\n<li><strong>Num\u0103r Mare de Pufuri<\/strong>: Ofer\u0103 p\u00e2n\u0103 la 20.000 de pufuri pentru utilizare extins\u0103.<\/li>\n<li><strong>Op\u021biuni de nicotin\u0103<\/strong>: Disponibil \u00een niveluri de nicotin\u0103 0%, 2%, 3% \u0219i 5%.<\/li>\n<li><strong>Design Cristal<\/strong>: Construc\u021bie ergonomic\u0103 elegant\u0103, u\u0219oar\u0103 \u0219i portabil\u0103.<\/li>\n<li><strong>Tehnologie cu bobin\u0103 tip plas\u0103<\/strong>: Rezisten\u021ba mesh de 0.8\u03a9 asigur\u0103 vapori fini \u0219i arom\u0103 bogat\u0103.<\/li>\n<li><strong>Varietate de Arome<\/strong>: Ofer\u0103 12 arome unice pentru a satisface gusturi diverse.<\/li>\n<li><strong>Capacitate Mare de E-Lichid<\/strong>: 22ml de e-lichid pre-umplut reduce re\u00eenc\u0103rc\u0103rile frecvente.<\/li>\n<li><strong>Baterie Re\u00eenc\u0103rcabil\u0103<\/strong>: Baterie de cobalt de 650mAh cu \u00eenc\u0103rcare rapid\u0103 Type-C.<\/li>\n<li><strong>Pre\u021buri Angro Accesibile<\/strong>: Perfect pentru achizi\u021bii \u00een vrac cu o valoare excelent\u0103.<\/li>\n<\/ol>\n<\/div>\n<\/div>\n<\/div>\n<\/div>\n<div class=\"mb-2 flex gap-3 empty:hidden -ml-2\">\n<div class=\"items-center justify-start rounded-xl p-1 flex\"><\/div>\n<\/div>\n<\/div>\n<\/div>\n<\/div>\n<\/div>\n<div class=\"mb-2 flex gap-3 empty:hidden -ml-2\">\n<figure id=\"attachment_3719\" aria-describedby=\"caption-attachment-3719\" style=\"width: 800px\" class=\"wp-caption alignnone\"><img decoding=\"async\" class=\"wp-image-3719 size-full\" src=\"https:\/\/vapestornado.com\/wp-content\/uploads\/2025\/01\/Hookah-Shisha-20k-20000-Puffs-E-Disposable-Vape.webp\" alt=\"Narghilea Shisha 20k 20000 Puffs E Vape de Unic\u0103 Folosin\u021b\u0103\" width=\"800\" height=\"800\" srcset=\"https:\/\/vapestornado.com\/wp-content\/uploads\/2025\/01\/Hookah-Shisha-20k-20000-Puffs-E-Disposable-Vape.webp 800w, https:\/\/vapestornado.com\/wp-content\/uploads\/2025\/01\/Hookah-Shisha-20k-20000-Puffs-E-Disposable-Vape-300x300.webp 300w, https:\/\/vapestornado.com\/wp-content\/uploads\/2025\/01\/Hookah-Shisha-20k-20000-Puffs-E-Disposable-Vape-150x150.webp 150w, https:\/\/vapestornado.com\/wp-content\/uploads\/2025\/01\/Hookah-Shisha-20k-20000-Puffs-E-Disposable-Vape-768x768.webp 768w, https:\/\/vapestornado.com\/wp-content\/uploads\/2025\/01\/Hookah-Shisha-20k-20000-Puffs-E-Disposable-Vape-600x600.webp 600w, https:\/\/vapestornado.com\/wp-content\/uploads\/2025\/01\/Hookah-Shisha-20k-20000-Puffs-E-Disposable-Vape-100x100.webp 100w\" sizes=\"(max-width: 800px) 100vw, 800px\" \/><figcaption id=\"caption-attachment-3719\" class=\"wp-caption-text\">Narghilea Shisha 20k 20000 Puffs E Vape de Unic\u0103 Folosin\u021b\u0103<\/figcaption><\/figure>\n<\/div>\n<\/div>\n<\/div>\n<\/div>\n<\/div>\n<h2 class=\"product-title\"><strong>Arome Populare pentru Uwin Crystal 20k<\/strong><strong>\u00a0<\/strong><strong>Vape-uri de unic\u0103 folosin\u021b\u0103<\/strong><\/h2>\n<p>Uwin Crystal 20000 ofer\u0103 o selec\u021bie impresionant\u0103 de 12 arome distincte, satisf\u0103c\u00e2nd fiecare preferin\u021b\u0103 de gust. Care sunt cele mai populare arome pentru Uwin Crystal 20k? Fiecare arom\u0103 ofer\u0103 o experien\u021b\u0103 unic\u0103 de vaping, dar Fructe de P\u0103dure Mixte \u0219i Ment\u0103 cu L\u0103m\u00e2ie se claseaz\u0103 constant printre primele alegeri pentru profilurile lor vibrante, bine echilibrate \u0219i satisf\u0103c\u0103toare. Aceste arome fac din Uwin Crystal 20000 un produs remarcabil \u00een lumea vape-urilor de unic\u0103 folosin\u021b\u0103. Exploreaz\u0103 toate cele 12 arome \u0219i g\u0103se\u0219te-o pe cea preferat\u0103 ast\u0103zi!<\/p>\n<ol>\n<li>Pepene Verde<\/li>\n<li>Ghea\u021b\u0103 de Mango<\/li>\n<li>Zmeur\u0103 cu Afine <span style=\"color: #ff0000;\"><strong>&gt;&gt;&gt;&gt; Fierbinte!<\/strong><\/span><\/li>\n<li>Ment\u0103 cu Struguri<\/li>\n<li>Fructul Pasiunii<\/li>\n<li>C\u0103p\u0219uni Kiwi<\/li>\n<li>M\u0103r Dublu<\/li>\n<li>Piersic\u0103 cu Ghea\u021b\u0103<\/li>\n<li>Ananas \u0219i Nuc\u0103 de Cocos<\/li>\n<li>Fructe de p\u0103dure amestecate<span style=\"color: #ff0000;\"><strong>&gt;&gt;&gt;&gt; Cel mai bun!<\/strong><\/span><\/li>\n<li>L\u0103m\u00e2ie \u0219i Ment\u0103 <span style=\"color: #ff0000;\"><strong>&gt;&gt;&gt;&gt; Fierbinte!<\/strong><\/span><\/li>\n<li>Zdrobire de Portocale<\/li>\n<\/ol>\n<div class=\"flex-shrink-0 flex flex-col relative items-end\">\n<div class=\"pt-0\">\n<div class=\"gizmo-bot-avatar flex h-8 w-8 items-center justify-center overflow-hidden rounded-full\">\n<div class=\"relative p-1 rounded-sm flex items-center justify-center bg-token-main-surface-primary text-token-text-primary h-8 w-8\">\n<h3>\u00centreb\u0103ri frecvente pentru narghileaua re\u00eenc\u0103rcabil\u0103 Uwin Crystal 20000 Shisha<strong>\u00a0<\/strong>Vape de Unic\u0103 Folosin\u021b\u0103<\/h3>\n<h3><\/h3>\n<h4><strong>1. De ce s\u0103 alege\u021bi narghileaua Uwin Shisha 20K?<\/strong><\/h4>\n<p>Cu <strong>20.000 de pufuri<\/strong>, niveluri de nicotin\u0103 personalizabile \u0219i un design elegant din cristal, acest dispozitiv este at\u00e2t practic, c\u00e2t \u0219i elegant.<\/p>\n<h4><strong>2. Este acest vape prietenos cu bugetul?<\/strong><\/h4>\n<p>Da! Este disponibil la <strong>pre\u021buri ieftine de fabric\u0103<\/strong>, perfect pentru cei care caut\u0103 <strong>vape-uri ieftine<\/strong> f\u0103r\u0103 a sacrifica calitatea.<\/p>\n<h4><strong>3. Ce arome sunt disponibile?<\/strong><\/h4>\n<p>Uwin Shisha Hookah 20K ofer\u0103 12 arome unice, cum ar fi <strong>Ghea\u021b\u0103 de Mango<\/strong>, <strong>Piersic\u0103 cu Ghea\u021b\u0103<\/strong>\u0219i <strong>Limonad\u0103 Roz<\/strong>.<\/p>\n<h4><strong>4. Pentru cine este ideal acest dispozitiv?<\/strong><\/h4>\n<p>Este perfect pentru to\u021bi utilizatorii, de la vaperi ocazionali p\u00e2n\u0103 la entuzia\u0219ti experimenta\u021bi, datorit\u0103 num\u0103rului mare de pufuri, gamei largi de arome \u0219i pre\u021bului accesibil.<\/p>\n<h4><strong>5. De unde s\u0103 cump\u0103ra\u021bi vape-uri de unic\u0103 folosin\u021b\u0103 ca acesta?<\/strong><\/h4>\n<p>Cump\u0103ra\u021bi de la <strong><a href=\"https:\/\/vapestornado.com\/ro\/\" target=\"_new\" rel=\"noopener\">magazinul online de vape vapestornado<\/a><\/strong>, unul dintre cele mai <strong>populare site-uri de vape-uri de unic\u0103 folosin\u021b\u0103<\/strong>, pentru a ob\u021bine cele mai bune oferte la Uwin Shisha Hookah 20K.<\/p>\n<div class=\"flex max-w-full flex-col flex-grow\">\n<div class=\"min-h-8 text-message flex w-full flex-col items-end gap-2 whitespace-normal break-words text-start [.text-message+&amp;]:mt-5\" dir=\"auto\" data-message-author-role=\"assistant\" data-message-id=\"4dc48248-df95-45bd-b800-6dedb43cf7f1\" data-message-model-slug=\"gpt-4o\">\n<div class=\"flex w-full flex-col gap-1 empty:hidden first:pt-[3px]\"><\/div>\n<\/div>\n<\/div>\n<\/div>\n<\/div>\n<\/div>\n<\/div>\n<div class=\"flex-shrink-0 flex flex-col relative items-end\">\n<div class=\"pt-0\">\n<div class=\"gizmo-bot-avatar flex h-8 w-8 items-center justify-center overflow-hidden rounded-full\">\n<div class=\"relative p-1 rounded-sm flex items-center justify-center bg-token-main-surface-primary text-token-text-primary h-8 w-8\">\n<div class=\"mb-2 flex gap-3 empty:hidden -ml-2\">\n<div role=\"article\" data-tabster=\"{&quot;groupper&quot;:{&quot;tabbability&quot;:2},&quot;focusable&quot;:{}}\" data-content=\"ai-message\" aria-labelledby=\"Vdt5ez4X7Tg813x6rFVha-author Vdt5ez4X7Tg813x6rFVha-content\">\n<div id=\"Vdt5ez4X7Tg813x6rFVha-content\">\n<div role=\"article\" data-tabster=\"{&quot;groupper&quot;:{&quot;tabbability&quot;:2},&quot;focusable&quot;:{}}\" data-content=\"ai-message\" aria-labelledby=\"o968oC7CEo2fGHsGdsRYC-author o968oC7CEo2fGHsGdsRYC-content\">\n<div id=\"o968oC7CEo2fGHsGdsRYC-content\">\n<h3>De ce s\u0103 alege\u021bi vapestornado pentru Uwin Crystal 20000 Shisha Hookah Vape de unic\u0103 folosin\u021b\u0103 en-gros?<\/h3>\n<div class=\"flex-shrink-0 flex flex-col relative items-end\">\n<div class=\"pt-0\">\n<div class=\"gizmo-bot-avatar flex h-8 w-8 items-center justify-center overflow-hidden rounded-full\">\n<div class=\"relative p-1 rounded-sm flex items-center justify-center bg-token-main-surface-primary text-token-text-primary h-8 w-8\">\n<p>\u00cen competi\u021bia \u00een cre\u0219tere din industria vape-urilor de unic\u0103 folosin\u021b\u0103, vapestornado, o platform\u0103 global\u0103 de top pentru solu\u021bii de \u021big\u0103ri electronice en-gros, a introdus inovatorul vape de unic\u0103 folosin\u021b\u0103 Uwin Shisha Hookah Crystal 20000 Puffs. Cu designul s\u0103u cristalin atr\u0103g\u0103tor \u0219i caracteristicile multifunc\u021bionale, acest produs inovator \u00eembin\u0103 perfect stilul cu func\u021bionalitatea. Oferind o selec\u021bie larg\u0103 de arome fructate, \u00ee\u0219i propune s\u0103 satisfac\u0103 gusturile diverse ale vaperilor.<\/p>\n<p>vapestornado este magazinul dvs. online de \u00eencredere pentru vape-uri de unic\u0103 folosin\u021b\u0103 de \u00eenalt\u0103 calitate. Cu o experien\u021b\u0103 de peste 5 ani, v\u0103 aducem m\u0103rci de vape-uri de unic\u0103 folosin\u021b\u0103 populare, cum ar fi Waspe Vape, \u0219i WGA Vape, Fumot RandM Vape, Vozol Vape, Bang Vape, ect.<\/p>\n<p>Gama noastr\u0103 include cele mai populare vape-uri de unic\u0103 folosin\u021b\u0103, cum ar fi <a href=\"https:\/\/vapestornado.com\/ro\/product\/vapsolo-viking-12000-puffs-2-5-low-nicotine-bulk-buy-rechargeable-disposable-vapes-pen-wholesale-price\/\">VapSolo Viking 12000<\/a>, \u0219i op\u021biuni bogate \u00een arome, precum <a href=\"https:\/\/vapestornado.com\/ro\/product\/uwin-crystal-10000-puffs-wholesale-disposable-vape-puff-10k-low-nicotine-rechargeable-vapes-pen-bulk-buy-wholesalepuffs-disposable-vape-wholesale-price-copy\/\"> Uwin Crystal 10000 Pufuri<\/a> . Fiecare produs este ales cu accent pe calitate, valoare \u0219i varietate, asigur\u00e2ndu-ne c\u0103 g\u0103se\u0219ti potrivirea perfect\u0103 pentru nevoile tale. Descoper\u0103 servicii excep\u021bionale \u0219i o gam\u0103 larg\u0103 de produse de top cu pre\u021buri de gros la vapestornado.<\/p>\n<\/div>\n<p>&nbsp;<\/p>\n<p><strong>Alte Vape-uri de Unic\u0103 Folosin\u021b\u0103 Populare<\/strong><\/p>\n<p><a href=\"https:\/\/vapestornado.com\/ro\/product\/china-factory-vapsolo-super-15000-puffs-disposable-wholesale-price-disposable-vape-rechargeable-disposable-vapes-pen-bulk-buy-wholesale\/\">Vapsolo Super 15000 Pufuri <span style=\"color: #ff0000;\"><strong>&gt;&gt;&gt;&gt; Du-te !<\/strong><\/span><\/a><\/p>\n<p><a href=\"https:\/\/vapestornado.com\/ro\/product\/jnr-falcon-x-18000-puffs-disposable-vape-wholesale-price\/\">JNR Falcon X 18000 Pufuri<span style=\"color: #ff0000;\"><strong>&gt;&gt;&gt;&gt; Du-te !<\/strong><\/span><\/a><\/p>\n<p><a href=\"https:\/\/vapestornado.com\/ro\/product\/tornado-vape-uwin-35000-puff-35k-music-wholesale-price\/\">Tornado Vape Uwin 35000 <span style=\"color: #ff0000;\"><strong>&gt;&gt;&gt;&gt; Du-te !<\/strong><\/span><\/a><\/p>\n<\/div>\n<\/div>\n<\/div>\n<p>&nbsp;<\/p>\n<\/div>\n<\/div>\n<\/div>\n<\/div>\n<\/div>\n<\/div>\n<\/div>\n<\/div>\n<\/div>","protected":false},"excerpt":{"rendered":"<p>Cea mai bun\u0103 \u021bigar\u0103 electronic\u0103 de unic\u0103 folosin\u021b\u0103 Uwin Shisha Hookah Crystal 20000 Puffs<br \/>\nUwin Crystal 20k Puff \u021aigar\u0103 electronic\u0103 de unic\u0103 folosin\u021b\u0103 Shisha Hookah Pre\u021b en-gros<br \/>\nUwin crystal 20000 Puffs Pre\u021b ieftin Furnizor en-gros<\/p>\n<p><strong>Adaug\u0103 whatsapp-ul lui Amy pentru a primi r\u0103spuns imediat \u0219i un cupon de vape!<\/strong><\/p>\n<p><img fetchpriority=\"high\" decoding=\"async\" class=\"size-full wp-image-2932\" src=\"https:\/\/vapestornado.com\/wp-content\/uploads\/2024\/12\/Vape-Wholesale.jpg\" alt=\"\u021aig\u0103ri electronice cu ridicata\" width=\"229\" height=\"300\" \/><\/p>\n<h3><a href=\"https:\/\/wa.me\/8617776015835\"><span style=\"color: #ff0000;\"><strong>WhatsApp: +86 17776015835<\/strong><\/span><\/a><\/h3>\n<p>&nbsp;<\/p>","protected":false},"featured_media":3723,"comment_status":"open","ping_status":"closed","template":"","meta":{"_acf_changed":false,"_uag_custom_page_level_css":"","_lmt_disableupdate":"no","_lmt_disable":"","_monsterinsights_skip_tracking":false,"_monsterinsights_sitenote_active":false,"_monsterinsights_sitenote_note":"","_monsterinsights_sitenote_category":0,"site-sidebar-layout":"default","site-content-layout":"","ast-site-content-layout":"default","site-content-style":"default","site-sidebar-style":"default","ast-global-header-display":"","ast-banner-title-visibility":"","ast-main-header-display":"","ast-hfb-above-header-display":"","ast-hfb-below-header-display":"","ast-hfb-mobile-header-display":"","site-post-title":"","ast-breadcrumbs-content":"","ast-featured-img":"","footer-sml-layout":"","ast-disable-related-posts":"","theme-transparent-header-meta":"default","adv-header-id-meta":"","stick-header-meta":"","header-above-stick-meta":"","header-main-stick-meta":"","header-below-stick-meta":"","astra-migrate-meta-layouts":"set","ast-page-background-enabled":"default","ast-page-background-meta":{"desktop":{"background-color":"","background-image":"","background-repeat":"repeat","background-position":"center center","background-size":"auto","background-attachment":"scroll","background-type":"","background-media":"","overlay-type":"","overlay-color":"","overlay-opacity":"","overlay-gradient":""},"tablet":{"background-color":"","background-image":"","background-repeat":"repeat","background-position":"center center","background-size":"auto","background-attachment":"scroll","background-type":"","background-media":"","overlay-type":"","overlay-color":"","overlay-opacity":"","overlay-gradient":""},"mobile":{"background-color":"","background-image":"","background-repeat":"repeat","background-position":"center center","background-size":"auto","background-attachment":"scroll","background-type":"","background-media":"","overlay-type":"","overlay-color":"","overlay-opacity":"","overlay-gradient":""}},"ast-content-background-meta":{"desktop":{"background-color":"var(--ast-global-color-5)","background-image":"","background-repeat":"repeat","background-position":"center center","background-size":"auto","background-attachment":"scroll","background-type":"","background-media":"","overlay-type":"","overlay-color":"","overlay-opacity":"","overlay-gradient":""},"tablet":{"background-color":"var(--ast-global-color-5)","background-image":"","background-repeat":"repeat","background-position":"center center","background-size":"auto","background-attachment":"scroll","background-type":"","background-media":"","overlay-type":"","overlay-color":"","overlay-opacity":"","overlay-gradient":""},"mobile":{"background-color":"var(--ast-global-color-5)","background-image":"","background-repeat":"repeat","background-position":"center center","background-size":"auto","background-attachment":"scroll","background-type":"","background-media":"","overlay-type":"","overlay-color":"","overlay-opacity":"","overlay-gradient":""}},"_joinchat":{"telephone":"+8617776015835"}},"product_brand":[],"product_cat":[69,157,141,143,147,233],"product_tag":[165,120,97,166,94,232],"class_list":{"0":"post-3724","1":"product","2":"type-product","3":"status-publish","4":"has-post-thumbnail","6":"product_cat-20000-puff","7":"product_cat-buy-disposable-vapes-in-portugal","8":"product_cat-crystal-disposable-vapes","9":"product_cat-dual-mesh-disposable-vapes","10":"product_cat-shisha-hookah-disposable-vapes","11":"product_cat-uwin-vape","12":"product_tag-cheap-vapes","13":"product_tag-crystal-vape","14":"product_tag-hot-sale-disposable-vape","15":"product_tag-low-nicotine-vape","16":"product_tag-rechargeable-disposable-vape","17":"product_tag-uwin-crystal-20000","18":"desktop-align-left","19":"tablet-align-left","20":"mobile-align-left","22":"first","23":"instock","24":"sale","25":"shipping-taxable","26":"purchasable","27":"product-type-simple"},"acf":[],"uagb_featured_image_src":{"full":["https:\/\/vapestornado.com\/wp-content\/uploads\/2025\/01\/Uwin-Shisha-Hookah-Crystal-20000-Puffs-Disposable-Vape.webp",800,800,false],"thumbnail":["https:\/\/vapestornado.com\/wp-content\/uploads\/2025\/01\/Uwin-Shisha-Hookah-Crystal-20000-Puffs-Disposable-Vape-150x150.webp",150,150,true],"medium":["https:\/\/vapestornado.com\/wp-content\/uploads\/2025\/01\/Uwin-Shisha-Hookah-Crystal-20000-Puffs-Disposable-Vape-300x300.webp",300,300,true],"medium_large":["https:\/\/vapestornado.com\/wp-content\/uploads\/2025\/01\/Uwin-Shisha-Hookah-Crystal-20000-Puffs-Disposable-Vape-768x768.webp",768,768,true],"large":["https:\/\/vapestornado.com\/wp-content\/uploads\/2025\/01\/Uwin-Shisha-Hookah-Crystal-20000-Puffs-Disposable-Vape.webp",800,800,false],"1536x1536":["https:\/\/vapestornado.com\/wp-content\/uploads\/2025\/01\/Uwin-Shisha-Hookah-Crystal-20000-Puffs-Disposable-Vape.webp",800,800,false],"2048x2048":["https:\/\/vapestornado.com\/wp-content\/uploads\/2025\/01\/Uwin-Shisha-Hookah-Crystal-20000-Puffs-Disposable-Vape.webp",800,800,false],"trp-custom-language-flag":["https:\/\/vapestornado.com\/wp-content\/uploads\/2025\/01\/Uwin-Shisha-Hookah-Crystal-20000-Puffs-Disposable-Vape.webp",12,12,false],"woocommerce_thumbnail":["https:\/\/vapestornado.com\/wp-content\/uploads\/2025\/01\/Uwin-Shisha-Hookah-Crystal-20000-Puffs-Disposable-Vape-300x300.webp",300,300,true],"woocommerce_single":["https:\/\/vapestornado.com\/wp-content\/uploads\/2025\/01\/Uwin-Shisha-Hookah-Crystal-20000-Puffs-Disposable-Vape-600x600.webp",600,600,true],"woocommerce_gallery_thumbnail":["https:\/\/vapestornado.com\/wp-content\/uploads\/2025\/01\/Uwin-Shisha-Hookah-Crystal-20000-Puffs-Disposable-Vape-100x100.webp",100,100,true]},"uagb_author_info":{"display_name":"ESAMY","author_link":"https:\/\/vapestornado.com\/ro\/author\/"},"uagb_comment_info":0,"uagb_excerpt":"Best Uwin Shisha Hookah Crystal 20000 Puffs Disposable Vape Uwin Crystal 20k Puff Disoisable Shisha Hookah Bulk Price Uwin crystal 20000 Puffs Cheap Price Wholesale Supplier Add Amy's whatsapp get right reply and vape coupon! WhatsApp: +86 17776015835 &nbsp;","_links":{"self":[{"href":"https:\/\/vapestornado.com\/ro\/wp-json\/wp\/v2\/product\/3724","targetHints":{"allow":["GET"]}}],"collection":[{"href":"https:\/\/vapestornado.com\/ro\/wp-json\/wp\/v2\/product"}],"about":[{"href":"https:\/\/vapestornado.com\/ro\/wp-json\/wp\/v2\/types\/product"}],"replies":[{"embeddable":true,"href":"https:\/\/vapestornado.com\/ro\/wp-json\/wp\/v2\/comments?post=3724"}],"wp:featuredmedia":[{"embeddable":true,"href":"https:\/\/vapestornado.com\/ro\/wp-json\/wp\/v2\/media\/3723"}],"wp:attachment":[{"href":"https:\/\/vapestornado.com\/ro\/wp-json\/wp\/v2\/media?parent=3724"}],"wp:term":[{"taxonomy":"product_brand","embeddable":true,"href":"https:\/\/vapestornado.com\/ro\/wp-json\/wp\/v2\/product_brand?post=3724"},{"taxonomy":"product_cat","embeddable":true,"href":"https:\/\/vapestornado.com\/ro\/wp-json\/wp\/v2\/product_cat?post=3724"},{"taxonomy":"product_tag","embeddable":true,"href":"https:\/\/vapestornado.com\/ro\/wp-json\/wp\/v2\/product_tag?post=3724"}],"curies":[{"name":"wp","href":"https:\/\/api.w.org\/{rel}","templated":true}]}}