{"id":3716,"date":"2025-01-08T09:49:40","date_gmt":"2025-01-08T09:49:40","guid":{"rendered":"https:\/\/vapestornado.com\/?post_type=product&#038;p=3716"},"modified":"2025-08-23T09:33:37","modified_gmt":"2025-08-23T09:33:37","slug":"bood-twins-46000-puff-display-disposable-vape-cheap-price","status":"publish","type":"product","link":"https:\/\/vapestornado.com\/ro\/product\/bood-twins-46000-puff-display-disposable-vape-cheap-price\/","title":{"rendered":"Bood Twins 46000 Puff Display Vape de unic\u0103 folosin\u021b\u0103 la pre\u021buri mici"},"content":{"rendered":"<h1>Bood Twins 46000 Puff Display Vape de unic\u0103 folosin\u021b\u0103 la pre\u021buri mici<\/h1>\n<p>&nbsp;<\/p>\n<div role=\"article\" data-tabster=\"{&quot;groupper&quot;:{&quot;tabbability&quot;:2},&quot;focusable&quot;:{}}\" data-content=\"ai-message\" aria-labelledby=\"64JRvXrTnY7mRmPkEQLLT-author 64JRvXrTnY7mRmPkEQLLT-content\">\n<div id=\"64JRvXrTnY7mRmPkEQLLT-content\">\n<p>Sistemul <strong data-start=\"341\" data-end=\"383\">Bood Twins 46000 Pufuri Vape de unic\u0103 folosin\u021b\u0103<\/strong> este construit pentru capacitate, performan\u021b\u0103 \u0219i versatilitate. Cu p\u00e2n\u0103 la <strong data-start=\"448\" data-end=\"464\">46.000 de pufuri<\/strong> \u0219i o <strong data-start=\"471\" data-end=\"493\">sistem dual de arome<\/strong>, permite utilizatorilor s\u0103 comute \u00eentre dou\u0103 amestecuri \u00eentr-un singur dispozitiv, oferind varietate \u0219i pl\u0103cere de lung\u0103 durat\u0103<\/p>\n<p>Echipat cu un <strong>bobin\u0103 avansat\u0103 tip plas\u0103<\/strong>, Bood Twins ofer\u0103 vapori consisten\u021bi, netezi \u0219i savuro\u0219i la fiecare puf. Ecranul s\u0103u <strong>elegant full-screen<\/strong> adaug\u0103 o not\u0103 de sofisticare \u0219i ofer\u0103 detalii esen\u021biale despre utilizare, f\u0103c\u00e2ndu-l ideal pentru vaperii aten\u021bi la stil. Bateria re\u00eenc\u0103rcabil\u0103 asigur\u0103 c\u0103 dispozitivul \u00ee\u0219i poate oferi \u00eentreaga capacitate de pufuri f\u0103r\u0103 compromisuri, elimin\u00e2nd necesitatea \u00eenlocuirilor frecvente.<\/p>\n<p>Aceast\u0103 \u021bigar\u0103 electronic\u0103 de unic\u0103 folosin\u021b\u0103 premium este perfect\u0103 pentru cump\u0103r\u0103torii angro care doresc s\u0103 ofere clien\u021bilor lor produse de ultim\u0103 genera\u021bie. <strong>Bood Twins 46000 puffvape-uri <\/strong>combin\u0103 tehnologia inovatoare, designul elegant \u0219i performan\u021ba de neegalat, f\u0103c\u00e2ndu-l o alegere c\u0103utat\u0103 \u00een industria vaping-ului. Pentru cele mai bune oferte angro la Bood Twins 46000 Puffs, vizita\u021bi vapestornado<strong>.com<\/strong> \u0219i \u00eembun\u0103t\u0103\u021bi\u021bi-v\u0103 stocul de produse pentru vapat chiar ast\u0103zi!<\/p>\n<\/div>\n<\/div>\n<p><img fetchpriority=\"high\" decoding=\"async\" class=\"alignleft wp-image-2951 size-medium\" src=\"https:\/\/vapestornado.com\/wp-content\/uploads\/2024\/12\/Wholesale-Disposable-Vape-265x300.jpg\" alt=\"Vape de unic\u0103 folosin\u021b\u0103 en-gros\" width=\"265\" height=\"300\" srcset=\"https:\/\/vapestornado.com\/wp-content\/uploads\/2024\/12\/Wholesale-Disposable-Vape-265x300.jpg 265w, https:\/\/vapestornado.com\/wp-content\/uploads\/2024\/12\/Wholesale-Disposable-Vape-768x871.jpg 768w, https:\/\/vapestornado.com\/wp-content\/uploads\/2024\/12\/Wholesale-Disposable-Vape-600x680.jpg 600w, https:\/\/vapestornado.com\/wp-content\/uploads\/2024\/12\/Wholesale-Disposable-Vape.jpg 823w\" sizes=\"(max-width: 265px) 100vw, 265px\" \/><\/p>\n<h5>Contacta\u021bi-o pe Mandy pe WhatsApp pentru pre\u021b redus:<a href=\"https:\/\/wa.me\/8618077105796\" target=\"_blank\" rel=\"noopener\">+8618077105796<\/a><\/h5>\n<div class=\"flex max-w-full flex-col flex-grow\">\n<div class=\"min-h-8 text-message flex w-full flex-col items-end gap-2 whitespace-normal break-words text-start [.text-message+&amp;]:mt-5\" dir=\"auto\" data-message-author-role=\"assistant\" data-message-id=\"cdb991c0-f594-4bff-b2d5-fbbdd7ce9e54\" data-message-model-slug=\"gpt-4o-mini\">\n<div class=\"flex w-full flex-col gap-1 empty:hidden first:pt-[3px]\">\n<div class=\"markdown prose w-full break-words dark:prose-invert light\"><\/div>\n<\/div>\n<\/div>\n<\/div>\n<div class=\"mb-2 flex gap-3 empty:hidden -ml-2\">\n<h2 class=\"sr-proMainInfo-baseInfoH1 J-baseInfo-name\">Caracteristici cheie ale \u021big\u0103rii electronice angro Bood Twins 46000 Puffs:<\/h2>\n<ul>\n<li><strong>Num\u0103r Masiv de Pufuri<\/strong>: Bucura\u021bi-v\u0103 de p\u00e2n\u0103 la 46.000 de pufuri, perfect pentru utilizare de lung\u0103 durat\u0103.<\/li>\n<li><strong>Arome duble<\/strong>: Design inovator cu arom\u0103 dual\u0103 \u00eentr-un singur dispozitiv pentru o experien\u021b\u0103 de vapat versatil\u0103.<\/li>\n<li><strong>Tehnologie cu bobin\u0103 tip plas\u0103<\/strong>: Ofer\u0103 o produc\u021bie de vapori neted\u0103 \u0219i consistent\u0103, cu o livrare \u00eembun\u0103t\u0103\u021bit\u0103 a aromei.<\/li>\n<li><strong>Ecran Full-Screen<\/strong>: Design elegant \u0219i modern, cu un ecran u\u0219or de citit pentru informa\u021bii esen\u021biale.<\/li>\n<li><strong>Avantaj la pre\u021buri de angro<\/strong>: Ideal pentru achizi\u021bii \u00een vrac pentru a satisface eficient cerin\u021bele clien\u021bilor.<\/li>\n<\/ul>\n<\/div>\n<h2 class=\"sr-proMainInfo-baseInfoH1 J-baseInfo-name\">Arom\u0103 Bood Twins 46000 Pufuri:<\/h2>\n<p>1.Pepene ro\u0219u<br \/>\n2.M\u0103r<br \/>\n3.L\u0103m\u00e2ie Verde<br \/>\n4.M\u0103r Verde<br \/>\n5.Zmeur\u0103 Acri\u0219oar\u0103 cu Afine<br \/>\n6.Coacaze negre Zmeur\u0103<br \/>\n7.Piersici Mango<br \/>\n8.Strugure<br \/>\n9.Limonad\u0103 Roz<br \/>\n10.Strugure Verde<\/p>\n<div role=\"article\" data-tabster=\"{&quot;groupper&quot;:{&quot;tabbability&quot;:2},&quot;focusable&quot;:{}}\" data-content=\"ai-message\" aria-labelledby=\"dARUyEWDoEYhnSPXFwx5A-author dARUyEWDoEYhnSPXFwx5A-content\">\n<div id=\"dARUyEWDoEYhnSPXFwx5A-content\">\n<h2><strong>De ce s\u0103 cumperi <\/strong>\u021aigar\u0103 electronic\u0103 de unic\u0103 folosin\u021b\u0103 Bood Twins 46000 Pufuri <strong>de la vapestornado?<\/strong><\/h2>\n<ul>\n<li><strong>Calitate imbatabil\u0103<\/strong>: La vapestornado, ne asigur\u0103m c\u0103 fiecare \u021bigar\u0103 electronic\u0103 de unic\u0103 folosin\u021b\u0103 Bood Twins 46000 Pufuri \u00eendepline\u0219te cele mai \u00eenalte standarde de calitate, oferind o experien\u021b\u0103 de vapat premium cu arome duble \u0219i tehnologie avansat\u0103 de rezisten\u021b\u0103 mesh.<\/li>\n<li><strong>Pre\u021buri Competitive<\/strong>: Bucura\u021bi-v\u0103 de pre\u021buri exclusive pentru comenzi \u00een vrac, ceea ce face ca vapestornado s\u0103 fie alegerea ideal\u0103 pentru comercian\u021bi cu am\u0103nuntul \u0219i pasiona\u021bii de vapat deopotriv\u0103.<\/li>\n<li><strong>Livrare \u00een Rom\u00e2nia<\/strong>: vapestornado ofer\u0103 transport fiabil \u0219i eficient \u00een Rom\u00e2nia, asigur\u00e2nd livrarea la timp a produselor dumneavoastr\u0103 preferate.<\/li>\n<li><strong>Autenticitate garantat\u0103<\/strong>: Toate produsele v\u00e2ndute la vapestornado sunt 100% autentice \u0219i verificate pentru calitate, oferindu-v\u0103 lini\u0219te sufleteasc\u0103 la fiecare achizi\u021bie.<\/li>\n<li><strong>Asisten\u021b\u0103 dedicat\u0103 pentru clien\u021bi<\/strong>: Echipa noastr\u0103 de asisten\u021b\u0103, competent\u0103 \u0219i prietenoas\u0103, este disponibil\u0103 pentru a v\u0103 ajuta cu orice \u00eentreb\u0103ri, asigur\u00e2nd o experien\u021b\u0103 de cump\u0103r\u0103turi lin\u0103 \u0219i satisf\u0103c\u0103toare.<\/li>\n<\/ul>\n<\/div>\n<\/div>\n<h2>\u00centreb\u0103ri frecvente despre \u021big\u0103ri electronice de unic\u0103 folosin\u021b\u0103 Bood Twins 46000 pufuri, achizi\u021bionate \u00een vrac \u00een EUR<\/h2>\n<ul>\n<li><strong>Ce este \u021bigara electronic\u0103 de unic\u0103 folosin\u021b\u0103 Bood Twins 46000 Pufuri?<\/strong><br \/>\nBood Twins 46000 Pufuri este o \u021bigar\u0103 electronic\u0103 de unic\u0103 folosin\u021b\u0103 premium cu o capacitate incredibil\u0103 de 46.000 de pufuri, arome duble \u00eentr-un singur dispozitiv, o rezisten\u021b\u0103 mesh pentru o arom\u0103 superioar\u0103 \u0219i un ecran elegant, pe toat\u0103 suprafa\u021ba.<\/li>\n<li><strong>C\u00e2t cost\u0103 achizi\u021bionarea \u00een vrac a Bood Twins 46000 Pufuri \u00een EUR?<\/strong><br \/>\nPre\u021bul pentru comenzile \u00een vrac depinde de cantitatea achizi\u021bionat\u0103. vapestornado ofer\u0103 pre\u021buri competitive de angro \u00een EUR pentru a oferi cea mai bun\u0103 valoare pentru comercian\u021bii cu am\u0103nuntul \u0219i cump\u0103r\u0103torii \u00een vrac.<\/li>\n<li><strong>Pot pl\u0103ti comenzile \u00een vrac \u00een EUR?<\/strong><br \/>\nDa, vapestornado accept\u0103 pl\u0103\u021bi \u00een EUR pentru achizi\u021biile \u00een vrac, ceea ce este convenabil pentru clien\u021bii din Europa.<\/li>\n<li><strong>Care sunt avantajele cump\u0103r\u0103rii \u00een vrac a cutiei de vape bood vape 46k puffs?<\/strong><br \/>\nCump\u0103rarea \u00een vrac asigur\u0103 economii semnificative de costuri, disponibilitatea constant\u0103 a produsului \u0219i marje de profit mai bune pentru companii.<\/li>\n<li><strong>Vapestornado livreaz\u0103 \u00een \u021b\u0103rile europene?<\/strong><br \/>\nAbsolut! vapestornado ofer\u0103 livrare rapid\u0103 \u0219i fiabil\u0103 \u00een toat\u0103 Europa, inclusiv \u00een Rom\u00e2nia, Germania, Fran\u021ba, Spania \u0219i \u021a\u0103rile de Jos.<\/li>\n<li><strong>Exist\u0103 reduceri disponibile pentru comenzi mari?<\/strong><br \/>\nDa, vapestornado ofer\u0103 pre\u021buri pe niveluri \u0219i reduceri pentru cantit\u0103\u021bi mai mari, asigur\u00e2nd economii maxime pentru cump\u0103r\u0103torii \u00een vrac.<\/li>\n<li><strong>Care este cantitatea minim\u0103 de comand\u0103 pentru comer\u021bul cu ridicata?<\/strong><br \/>\nCantitatea minim\u0103 de comand\u0103 este de 50 de buc\u0103\u021bi. Contacta\u021bi echipa de asisten\u021b\u0103 pentru clien\u021bi a vapestornado pentru detalii despre cerin\u021bele de achizi\u021bionare \u00een vrac.<\/li>\n<\/ul>","protected":false},"excerpt":{"rendered":"<p><strong>Bood Twins 46000 Puffs \u021aigar\u0103 electronic\u0103 de unic\u0103 folosin\u021b\u0103 cu ecran LED<\/strong> la pre\u021buri imbatabile. Bucura\u021bi-v\u0103 de arome duale, de un ecran elegant \u0219i de tehnologia avansat\u0103 mesh coil pentru o experien\u021b\u0103 de vaping premium.<\/p>\n<figure id=\"attachment_2951\" aria-describedby=\"caption-attachment-2951\" style=\"width: 265px\" class=\"wp-caption alignnone\"><img decoding=\"async\" class=\"size-medium wp-image-2951\" src=\"https:\/\/vapestornado.com\/wp-content\/uploads\/2024\/12\/Wholesale-Disposable-Vape-265x300.jpg\" alt=\"Vape de unic\u0103 folosin\u021b\u0103 en-gros\" width=\"265\" height=\"300\" srcset=\"https:\/\/vapestornado.com\/wp-content\/uploads\/2024\/12\/Wholesale-Disposable-Vape-265x300.jpg 265w, https:\/\/vapestornado.com\/wp-content\/uploads\/2024\/12\/Wholesale-Disposable-Vape-768x871.jpg 768w, https:\/\/vapestornado.com\/wp-content\/uploads\/2024\/12\/Wholesale-Disposable-Vape-600x680.jpg 600w, https:\/\/vapestornado.com\/wp-content\/uploads\/2024\/12\/Wholesale-Disposable-Vape.jpg 823w\" sizes=\"(max-width: 265px) 100vw, 265px\" \/><figcaption id=\"caption-attachment-2951\" class=\"wp-caption-text\">V\u0103 rug\u0103m s\u0103 contacta\u021bi WhatsApp-ul lui Mandy pentru pre\u021b redus\u00a0 <a href=\"https:\/\/wa.me\/8618077105796\">+8618077105796<\/a><\/figcaption><\/figure>\n<p>&nbsp;<\/p>","protected":false},"featured_media":3713,"comment_status":"open","ping_status":"closed","template":"","meta":{"_acf_changed":false,"_uag_custom_page_level_css":"","_lmt_disableupdate":"no","_lmt_disable":"","_monsterinsights_skip_tracking":false,"_monsterinsights_sitenote_active":false,"_monsterinsights_sitenote_note":"","_monsterinsights_sitenote_category":0,"site-sidebar-layout":"default","site-content-layout":"","ast-site-content-layout":"default","site-content-style":"default","site-sidebar-style":"default","ast-global-header-display":"","ast-banner-title-visibility":"","ast-main-header-display":"","ast-hfb-above-header-display":"","ast-hfb-below-header-display":"","ast-hfb-mobile-header-display":"","site-post-title":"","ast-breadcrumbs-content":"","ast-featured-img":"","footer-sml-layout":"","ast-disable-related-posts":"","theme-transparent-header-meta":"default","adv-header-id-meta":"","stick-header-meta":"","header-above-stick-meta":"","header-main-stick-meta":"","header-below-stick-meta":"","astra-migrate-meta-layouts":"set","ast-page-background-enabled":"default","ast-page-background-meta":{"desktop":{"background-color":"","background-image":"","background-repeat":"repeat","background-position":"center center","background-size":"auto","background-attachment":"scroll","background-type":"","background-media":"","overlay-type":"","overlay-color":"","overlay-opacity":"","overlay-gradient":""},"tablet":{"background-color":"","background-image":"","background-repeat":"repeat","background-position":"center center","background-size":"auto","background-attachment":"scroll","background-type":"","background-media":"","overlay-type":"","overlay-color":"","overlay-opacity":"","overlay-gradient":""},"mobile":{"background-color":"","background-image":"","background-repeat":"repeat","background-position":"center center","background-size":"auto","background-attachment":"scroll","background-type":"","background-media":"","overlay-type":"","overlay-color":"","overlay-opacity":"","overlay-gradient":""}},"ast-content-background-meta":{"desktop":{"background-color":"var(--ast-global-color-5)","background-image":"","background-repeat":"repeat","background-position":"center center","background-size":"auto","background-attachment":"scroll","background-type":"","background-media":"","overlay-type":"","overlay-color":"","overlay-opacity":"","overlay-gradient":""},"tablet":{"background-color":"var(--ast-global-color-5)","background-image":"","background-repeat":"repeat","background-position":"center center","background-size":"auto","background-attachment":"scroll","background-type":"","background-media":"","overlay-type":"","overlay-color":"","overlay-opacity":"","overlay-gradient":""},"mobile":{"background-color":"var(--ast-global-color-5)","background-image":"","background-repeat":"repeat","background-position":"center center","background-size":"auto","background-attachment":"scroll","background-type":"","background-media":"","overlay-type":"","overlay-color":"","overlay-opacity":"","overlay-gradient":""}},"_joinchat":{"telephone":"+8618077105796"}},"product_brand":[],"product_cat":[230,193,149,160,146],"product_tag":[231,97,98],"class_list":{"0":"post-3716","1":"product","2":"type-product","3":"status-publish","4":"has-post-thumbnail","6":"product_cat-46000-puff","7":"product_cat-bood-disposable-vapes","8":"product_cat-buy-disposable-vapes-in-austria","9":"product_cat-buy-disposable-vapes-in-switzerland","10":"product_cat-rechargeable-disposable-vapes","11":"product_tag-bood-twins-46000-puff","12":"product_tag-hot-sale-disposable-vape","13":"product_tag-wholesale-price-disposable-vape","14":"desktop-align-left","15":"tablet-align-left","16":"mobile-align-left","18":"first","19":"instock","20":"sale","21":"shipping-taxable","22":"purchasable","23":"product-type-simple"},"acf":[],"uagb_featured_image_src":{"full":["https:\/\/vapestornado.com\/wp-content\/uploads\/2025\/01\/Bood-Twins-46000-Puffs-Top-Sale-Vape-In-Poland.webp",800,800,false],"thumbnail":["https:\/\/vapestornado.com\/wp-content\/uploads\/2025\/01\/Bood-Twins-46000-Puffs-Top-Sale-Vape-In-Poland-150x150.webp",150,150,true],"medium":["https:\/\/vapestornado.com\/wp-content\/uploads\/2025\/01\/Bood-Twins-46000-Puffs-Top-Sale-Vape-In-Poland-300x300.webp",300,300,true],"medium_large":["https:\/\/vapestornado.com\/wp-content\/uploads\/2025\/01\/Bood-Twins-46000-Puffs-Top-Sale-Vape-In-Poland-768x768.webp",768,768,true],"large":["https:\/\/vapestornado.com\/wp-content\/uploads\/2025\/01\/Bood-Twins-46000-Puffs-Top-Sale-Vape-In-Poland.webp",800,800,false],"1536x1536":["https:\/\/vapestornado.com\/wp-content\/uploads\/2025\/01\/Bood-Twins-46000-Puffs-Top-Sale-Vape-In-Poland.webp",800,800,false],"2048x2048":["https:\/\/vapestornado.com\/wp-content\/uploads\/2025\/01\/Bood-Twins-46000-Puffs-Top-Sale-Vape-In-Poland.webp",800,800,false],"trp-custom-language-flag":["https:\/\/vapestornado.com\/wp-content\/uploads\/2025\/01\/Bood-Twins-46000-Puffs-Top-Sale-Vape-In-Poland.webp",12,12,false],"woocommerce_thumbnail":["https:\/\/vapestornado.com\/wp-content\/uploads\/2025\/01\/Bood-Twins-46000-Puffs-Top-Sale-Vape-In-Poland-300x300.webp",300,300,true],"woocommerce_single":["https:\/\/vapestornado.com\/wp-content\/uploads\/2025\/01\/Bood-Twins-46000-Puffs-Top-Sale-Vape-In-Poland-600x600.webp",600,600,true],"woocommerce_gallery_thumbnail":["https:\/\/vapestornado.com\/wp-content\/uploads\/2025\/01\/Bood-Twins-46000-Puffs-Top-Sale-Vape-In-Poland-100x100.webp",100,100,true]},"uagb_author_info":{"display_name":"ESMANDY","author_link":"https:\/\/vapestornado.com\/ro\/author\/"},"uagb_comment_info":0,"uagb_excerpt":"Bood Twins 46000 Puffs LED Display Disposable Vape at unbeatable prices. Enjoy dual flavors, a sleek full-screen display, and advanced mesh coil technology for a premium vaping experience. [caption id=\"attachment_2951\" align=\"alignnone\" width=\"265\"] Pls Contact Mandy's WhatsApp For Discount Price\u00a0 +8618077105796[\/caption] &nbsp;","_links":{"self":[{"href":"https:\/\/vapestornado.com\/ro\/wp-json\/wp\/v2\/product\/3716","targetHints":{"allow":["GET"]}}],"collection":[{"href":"https:\/\/vapestornado.com\/ro\/wp-json\/wp\/v2\/product"}],"about":[{"href":"https:\/\/vapestornado.com\/ro\/wp-json\/wp\/v2\/types\/product"}],"replies":[{"embeddable":true,"href":"https:\/\/vapestornado.com\/ro\/wp-json\/wp\/v2\/comments?post=3716"}],"wp:featuredmedia":[{"embeddable":true,"href":"https:\/\/vapestornado.com\/ro\/wp-json\/wp\/v2\/media\/3713"}],"wp:attachment":[{"href":"https:\/\/vapestornado.com\/ro\/wp-json\/wp\/v2\/media?parent=3716"}],"wp:term":[{"taxonomy":"product_brand","embeddable":true,"href":"https:\/\/vapestornado.com\/ro\/wp-json\/wp\/v2\/product_brand?post=3716"},{"taxonomy":"product_cat","embeddable":true,"href":"https:\/\/vapestornado.com\/ro\/wp-json\/wp\/v2\/product_cat?post=3716"},{"taxonomy":"product_tag","embeddable":true,"href":"https:\/\/vapestornado.com\/ro\/wp-json\/wp\/v2\/product_tag?post=3716"}],"curies":[{"name":"wp","href":"https:\/\/api.w.org\/{rel}","templated":true}]}}