{"id":3700,"date":"2025-01-07T09:47:56","date_gmt":"2025-01-07T09:47:56","guid":{"rendered":"https:\/\/vapestornado.com\/?post_type=product&#038;p=3700"},"modified":"2025-08-23T09:34:23","modified_gmt":"2025-08-23T09:34:23","slug":"wholesale-price-bang-king-35000-puffs-tornado-vape","status":"publish","type":"product","link":"https:\/\/vapestornado.com\/ro\/product\/wholesale-price-bang-king-35000-puffs-tornado-vape\/","title":{"rendered":"Pre\u021b en-gros Bang King 35000 Pufuri Tornado Vape"},"content":{"rendered":"<h1>Pre\u021b en-gros Bang King 35000 Pufuri Tornado Vape<\/h1>\n<p>&nbsp;<\/p>\n<div role=\"article\" data-tabster=\"{&quot;groupper&quot;:{&quot;tabbability&quot;:2},&quot;focusable&quot;:{}}\" data-content=\"ai-message\" aria-labelledby=\"64JRvXrTnY7mRmPkEQLLT-author 64JRvXrTnY7mRmPkEQLLT-content\">\n<div id=\"64JRvXrTnY7mRmPkEQLLT-content\">\n<p data-start=\"302\" data-end=\"548\">Sistemul <strong data-start=\"306\" data-end=\"347\">\u021aigara electronic\u0103 de unic\u0103 folosin\u021b\u0103 Bang King 35000 Puffs<\/strong> ofer\u0103 capacitate, performan\u021b\u0103 \u0219i arom\u0103 fin\u0103 \u00eentr-un singur dispozitiv. Cu p\u00e2n\u0103 la <strong data-start=\"424\" data-end=\"440\">35.000 de pufuri<\/strong> \u0219i o <strong data-start=\"447\" data-end=\"480\">23 ml de e-lichid pre-umplut<\/strong>, ofer\u0103 o utilizare de lung\u0103 durat\u0103, men\u021bin\u00e2nd \u00een acela\u0219i timp un gust consistent.<\/p>\n<p data-start=\"550\" data-end=\"829\">Echipat cu un <strong data-start=\"566\" data-end=\"584\">Rezisten\u021b\u0103 mesh de 0.6\u03a9<\/strong>, Bang King 35K asigur\u0103 vapori boga\u021bi \u0219i un flux de aer constant. Un <strong data-start=\"645\" data-end=\"677\">Baterie re\u00eenc\u0103rcabil\u0103 de 1000 mAh<\/strong> cu <strong data-start=\"683\" data-end=\"707\">\u00eenc\u0103rcare rapid\u0103 de tip C<\/strong> sprijin\u0103 sesiuni ne\u00eentrerupte, \u00een timp ce <strong data-start=\"747\" data-end=\"775\">anti-ardere uscat\u0103<\/strong> previne loviturile uscate pentru o experien\u021b\u0103 de vaping fiabil\u0103.<\/p>\n<p data-start=\"831\" data-end=\"1092\">Disponibil \u00een <strong data-start=\"844\" data-end=\"885\">concentra\u021bii de nicotin\u0103 de 0%, 2%, 3% \u0219i 5%<\/strong>, se potrive\u0219te at\u00e2t utilizatorilor ocazionali, c\u00e2t \u0219i celor frecven\u021bi. Ambalat <strong data-start=\"933\" data-end=\"972\">10 buc\u0103\u021bi pe cutie \u0219i 200 de buc\u0103\u021bi pe carton<\/strong>, Bang King 35000 este ideal pentru distribu\u021bia en-gros \u0219i cump\u0103r\u0103torii \u00een vrac care caut\u0103 un produs cu cerere mare <strong data-start=\"1068\" data-end=\"1089\">Vape cu 35.000 de pufuri<\/strong><\/p>\n<p>Cump\u0103r\u0103 acum de la <strong>Vapebulkp.com<\/strong> pentru a experimenta performan\u021ba \u0219i calitatea inegalabil\u0103 a Bang King 35.000 Puffs.<\/p>\n<\/div>\n<\/div>\n<p><img fetchpriority=\"high\" decoding=\"async\" class=\"alignleft wp-image-2951 size-medium\" src=\"https:\/\/vapestornado.com\/wp-content\/uploads\/2024\/12\/Wholesale-Disposable-Vape-265x300.jpg\" alt=\"Vape de unic\u0103 folosin\u021b\u0103 en-gros\" width=\"265\" height=\"300\" srcset=\"https:\/\/vapestornado.com\/wp-content\/uploads\/2024\/12\/Wholesale-Disposable-Vape-265x300.jpg 265w, https:\/\/vapestornado.com\/wp-content\/uploads\/2024\/12\/Wholesale-Disposable-Vape-768x871.jpg 768w, https:\/\/vapestornado.com\/wp-content\/uploads\/2024\/12\/Wholesale-Disposable-Vape-600x680.jpg 600w, https:\/\/vapestornado.com\/wp-content\/uploads\/2024\/12\/Wholesale-Disposable-Vape.jpg 823w\" sizes=\"(max-width: 265px) 100vw, 265px\" \/><\/p>\n<h5>Contacta\u021bi-o pe Mandy pe WhatsApp pentru pre\u021b redus:<a href=\"https:\/\/wa.me\/8618077105796\" target=\"_blank\" rel=\"noopener\">+8618077105796<\/a><\/h5>\n<div class=\"flex max-w-full flex-col flex-grow\">\n<div class=\"min-h-8 text-message flex w-full flex-col items-end gap-2 whitespace-normal break-words text-start [.text-message+&amp;]:mt-5\" dir=\"auto\" data-message-author-role=\"assistant\" data-message-id=\"cdb991c0-f594-4bff-b2d5-fbbdd7ce9e54\" data-message-model-slug=\"gpt-4o-mini\">\n<div class=\"flex w-full flex-col gap-1 empty:hidden first:pt-[3px]\">\n<div class=\"markdown prose w-full break-words dark:prose-invert light\"><\/div>\n<\/div>\n<\/div>\n<\/div>\n<div class=\"mb-2 flex gap-3 empty:hidden -ml-2\">\n<h2 class=\"sr-proMainInfo-baseInfoH1 J-baseInfo-name\">Caracteristici cheie ale \u021big\u0103rii electronice inteligente Bang King 35k Puffs pentru en-gros:<\/h2>\n<ul>\n<li><strong>Capacitate de pufuri inegalabil\u0103<\/strong>: Bucura\u021bi-v\u0103 de <strong>35.000 de pufuri<\/strong>, perfect pentru utilizare extins\u0103 f\u0103r\u0103 \u00eenlocuiri frecvente.<\/li>\n<li><strong>Volum generos de E-Lichid<\/strong>: Pre-umplut cu <strong>23 ml de lichid de vapat premium<\/strong> pentru o arom\u0103 constant\u0103.<\/li>\n<li><strong>Baterie Re\u00eenc\u0103rcabil\u0103<\/strong>: Alimentat de o <strong>Baterie de 1000 mAh<\/strong> cu <strong>\u00eenc\u0103rcare rapid\u0103 de tip C<\/strong>.<\/li>\n<li><strong>Tehnologie cu bobin\u0103 tip plas\u0103<\/strong>: Avansat <strong>Rezisten\u021b\u0103 mesh de 0.6\u03a9<\/strong> asigur\u0103 vapori boga\u021bi, fini \u0219i den\u0219i.<\/li>\n<li><strong>Concentra\u021bii de Nicotin\u0103 Personalizabile<\/strong>: Disponibil \u00een concentra\u021bii de <strong>sare de nicotin\u0103 de 0%, 2%, 3% \u0219i 5%<\/strong> pentru a se potrivi oric\u0103rei preferin\u021be.<\/li>\n<li><strong>Protec\u021bie \u00eempotriva arderii la uscat<\/strong>: Previne supra\u00eenc\u0103lzirea \u0219i gustul de ars pentru o experien\u021b\u0103 de vapat mai sigur\u0103 \u0219i mai fin\u0103.<\/li>\n<li><strong>Ambalare en-gros<\/strong>: Ambalat convenabil ca <strong>10 buc\u0103\u021bi pe cutie \u0219i 200 de buc\u0103\u021bi pe carton<\/strong>, ideal pentru cump\u0103r\u0103torii individuali \u0219i en-gros.<\/li>\n<\/ul>\n<\/div>\n<h2 class=\"sr-proMainInfo-baseInfoH1 J-baseInfo-name\">Arom\u0103 BANGKING 35000PUFF VAPOR:<\/h2>\n<p>1.c\u0103p\u0219uni \u0219i mango<br \/>\n2.love66<br \/>\n3.ghea\u021b\u0103 de zmeur\u0103 albastr\u0103<br \/>\n4.c\u0103p\u0219uni \u0219i pepene verde<br \/>\n5.l\u0103m\u00e2ie \u0219i ment\u0103<br \/>\n6.m\u0103r dublu<br \/>\n7.b\u0103utur\u0103 energizant\u0103<br \/>\n8.ghea\u021b\u0103 de piersic\u0103<br \/>\n9.c\u0103p\u0219uni kiwi<br \/>\n10.ghea\u021b\u0103 de struguri<br \/>\n11.ghea\u021b\u0103 de afine<br \/>\n12.pepene verde<\/p>\n<div role=\"article\" data-tabster=\"{&quot;groupper&quot;:{&quot;tabbability&quot;:2},&quot;focusable&quot;:{}}\" data-content=\"ai-message\" aria-labelledby=\"dARUyEWDoEYhnSPXFwx5A-author dARUyEWDoEYhnSPXFwx5A-content\">\n<div id=\"dARUyEWDoEYhnSPXFwx5A-content\">\n<h2><strong>De ce s\u0103 cump\u0103ra\u021bi \u021big\u0103ri electronice Bang King 35000puff de la vapestornado?<\/strong><\/h2>\n<ul>\n<li><strong>Calitate de \u00eencredere<\/strong>: vapestornado este un distribuitor important de <strong>\u021big\u0103ri electronice de unic\u0103 folosin\u021b\u0103 premium<\/strong>, asigur\u00e2ndu-v\u0103 c\u0103 primi\u021bi produse autentice, de \u00eenalt\u0103 calitate.<\/li>\n<li><strong>Pre\u021buri Competitive<\/strong>: Ob\u021bine\u021bi cele mai bune oferte en-gros \u0219i pre\u021buri la vrac pentru Bang King 35.000 Puffs.<\/li>\n<li><strong>Livrare rapid\u0103<\/strong>: Livr\u0103m rapid \u00een toat\u0103 Europa, asigur\u00e2ndu-v\u0103 c\u0103 produsele dumneavoastr\u0103 ajung la timp.<\/li>\n<li><strong>Asisten\u021b\u0103 Excep\u021bional\u0103 pentru Clien\u021bi<\/strong>: Echipa noastr\u0103 este disponibil\u0103 pentru a v\u0103 ajuta cu \u00eentreb\u0103ri, asigur\u00e2nd o experien\u021b\u0103 de achizi\u021bie lin\u0103.<\/li>\n<li><strong>Selec\u021bie Cuprinz\u0103toare<\/strong>: Explora\u021bi o gam\u0103 larg\u0103 de <strong>\u021big\u0103ri electronice de unic\u0103 folosin\u021b\u0103 de \u00eenalt\u0103 calitate<\/strong> pentru a se potrivi fiec\u0103rei preferin\u021be de vapat.<\/li>\n<\/ul>\n<\/div>\n<\/div>\n<h2>\u00centreb\u0103ri frecvente despre \u021big\u0103rile electronice de unic\u0103 folosin\u021b\u0103 cu durat\u0103 lung\u0103 de via\u021b\u0103 Bang Vape 35000 Puff<\/h2>\n<h4><strong>1. C\u00e2t dureaz\u0103 Bang Vape King 35000 Puffs?<\/strong><\/h4>\n<p>Bang King este proiectat s\u0103 ofere p\u00e2n\u0103 la <strong>35.000 de pufuri<\/strong>, ceea ce \u00eel face unul dintre cele mai durabile vape-uri de unic\u0103 folosin\u021b\u0103 de pe pia\u021b\u0103. Durata de utilizare va depinde de frecven\u021ba vapatului \u0219i de durata pufurilor.<\/p>\n<h4><strong>2. Pot re\u00eenc\u0103rca Bang King 35000 Puffs?<\/strong><\/h4>\n<p>Da, acest dispozitiv dispune de o <strong>Port de \u00eenc\u0103rcare Type-C<\/strong> \u0219i o <strong>Baterie re\u00eenc\u0103rcabil\u0103 de 1000 mAh<\/strong>, asigur\u00e2ndu-v\u0103 c\u0103 v\u0103 pute\u021bi bucura de toate cele 35.000 de pufuri f\u0103r\u0103 \u00eentreruperi.<\/p>\n<h4><strong>3. Ce face ca vapa Bang 35000 de pufuri s\u0103 fie diferit\u0103 de alte vape-uri de unic\u0103 folosin\u021b\u0103?<\/strong><\/h4>\n<p>Combina\u021bia sa de <strong>capacitate de 35.000 de pufuri<\/strong>, <strong>23 ml volum de e-lichid<\/strong>, <strong>tehnologie mesh coil<\/strong>\u0219i <strong>anti-ardere uscat\u0103<\/strong> o deosebe\u0219te ca fiind o \u021bigar\u0103 electronic\u0103 de unic\u0103 folosin\u021b\u0103 de top.<\/p>","protected":false},"excerpt":{"rendered":"<p>Explora\u021bi pre\u021burile de en-gros pentru Bang King 35000 Puffs Tornado Vape pe Vapebulkp.com. Cu 35.000 de pufuri, 23 ml de lichid, baterie de 1000mAh, \u00eenc\u0103rcare Type-C \u0219i tehnologie anti-ardere uscat\u0103. Ideal pentru comenzi \u00een vrac cu op\u021biuni personalizabile de nicotin\u0103 (0%, 2%, 3%, 5%). Cump\u0103r\u0103 \u021big\u0103ri electronice de unic\u0103 folosin\u021b\u0103 premium azi!<\/p>\n<figure id=\"attachment_2951\" aria-describedby=\"caption-attachment-2951\" style=\"width: 265px\" class=\"wp-caption alignnone\"><img decoding=\"async\" class=\"size-medium wp-image-2951\" src=\"https:\/\/vapestornado.com\/wp-content\/uploads\/2024\/12\/Wholesale-Disposable-Vape-265x300.jpg\" alt=\"Vape de unic\u0103 folosin\u021b\u0103 en-gros\" width=\"265\" height=\"300\" srcset=\"https:\/\/vapestornado.com\/wp-content\/uploads\/2024\/12\/Wholesale-Disposable-Vape-265x300.jpg 265w, https:\/\/vapestornado.com\/wp-content\/uploads\/2024\/12\/Wholesale-Disposable-Vape-768x871.jpg 768w, https:\/\/vapestornado.com\/wp-content\/uploads\/2024\/12\/Wholesale-Disposable-Vape-600x680.jpg 600w, https:\/\/vapestornado.com\/wp-content\/uploads\/2024\/12\/Wholesale-Disposable-Vape.jpg 823w\" sizes=\"(max-width: 265px) 100vw, 265px\" \/><figcaption id=\"caption-attachment-2951\" class=\"wp-caption-text\">V\u0103 rug\u0103m s\u0103 contacta\u021bi WhatsApp-ul lui Mandy pentru pre\u021b redus\u00a0 <a href=\"https:\/\/wa.me\/8618077105796\">+8618077105796<\/a><\/figcaption><\/figure>\n<p>&nbsp;<\/p>","protected":false},"featured_media":3702,"comment_status":"open","ping_status":"closed","template":"","meta":{"_acf_changed":false,"_uag_custom_page_level_css":"","_lmt_disableupdate":"no","_lmt_disable":"","_monsterinsights_skip_tracking":false,"_monsterinsights_sitenote_active":false,"_monsterinsights_sitenote_note":"","_monsterinsights_sitenote_category":0,"site-sidebar-layout":"default","site-content-layout":"","ast-site-content-layout":"default","site-content-style":"default","site-sidebar-style":"default","ast-global-header-display":"","ast-banner-title-visibility":"","ast-main-header-display":"","ast-hfb-above-header-display":"","ast-hfb-below-header-display":"","ast-hfb-mobile-header-display":"","site-post-title":"","ast-breadcrumbs-content":"","ast-featured-img":"","footer-sml-layout":"","ast-disable-related-posts":"","theme-transparent-header-meta":"default","adv-header-id-meta":"","stick-header-meta":"","header-above-stick-meta":"","header-main-stick-meta":"","header-below-stick-meta":"","astra-migrate-meta-layouts":"set","ast-page-background-enabled":"default","ast-page-background-meta":{"desktop":{"background-color":"","background-image":"","background-repeat":"repeat","background-position":"center center","background-size":"auto","background-attachment":"scroll","background-type":"","background-media":"","overlay-type":"","overlay-color":"","overlay-opacity":"","overlay-gradient":""},"tablet":{"background-color":"","background-image":"","background-repeat":"repeat","background-position":"center center","background-size":"auto","background-attachment":"scroll","background-type":"","background-media":"","overlay-type":"","overlay-color":"","overlay-opacity":"","overlay-gradient":""},"mobile":{"background-color":"","background-image":"","background-repeat":"repeat","background-position":"center center","background-size":"auto","background-attachment":"scroll","background-type":"","background-media":"","overlay-type":"","overlay-color":"","overlay-opacity":"","overlay-gradient":""}},"ast-content-background-meta":{"desktop":{"background-color":"var(--ast-global-color-5)","background-image":"","background-repeat":"repeat","background-position":"center center","background-size":"auto","background-attachment":"scroll","background-type":"","background-media":"","overlay-type":"","overlay-color":"","overlay-opacity":"","overlay-gradient":""},"tablet":{"background-color":"var(--ast-global-color-5)","background-image":"","background-repeat":"repeat","background-position":"center center","background-size":"auto","background-attachment":"scroll","background-type":"","background-media":"","overlay-type":"","overlay-color":"","overlay-opacity":"","overlay-gradient":""},"mobile":{"background-color":"var(--ast-global-color-5)","background-image":"","background-repeat":"repeat","background-position":"center center","background-size":"auto","background-attachment":"scroll","background-type":"","background-media":"","overlay-type":"","overlay-color":"","overlay-opacity":"","overlay-gradient":""}},"_joinchat":{"telephone":"+8618077105796"}},"product_brand":[],"product_cat":[175,63,140,158,159],"product_tag":[223,97,98],"class_list":{"0":"post-3700","1":"product","2":"type-product","3":"status-publish","4":"has-post-thumbnail","6":"product_cat-35000-puff","7":"product_cat-bangking","8":"product_cat-big-puffs-disposable-vapes","9":"product_cat-buy-disposable-vapes-in-spain","10":"product_cat-buy-disposable-vapes-in-sweden","11":"product_tag-bang-king-vape-35000","12":"product_tag-hot-sale-disposable-vape","13":"product_tag-wholesale-price-disposable-vape","14":"desktop-align-left","15":"tablet-align-left","16":"mobile-align-left","18":"first","19":"instock","20":"sale","21":"shipping-taxable","22":"purchasable","23":"product-type-simple"},"acf":[],"uagb_featured_image_src":{"full":["https:\/\/vapestornado.com\/wp-content\/uploads\/2025\/01\/Bang-Vape-35000-Puffs-Disposable-Vape-Hot-Sale-In-Germany.webp",800,800,false],"thumbnail":["https:\/\/vapestornado.com\/wp-content\/uploads\/2025\/01\/Bang-Vape-35000-Puffs-Disposable-Vape-Hot-Sale-In-Germany-150x150.webp",150,150,true],"medium":["https:\/\/vapestornado.com\/wp-content\/uploads\/2025\/01\/Bang-Vape-35000-Puffs-Disposable-Vape-Hot-Sale-In-Germany-300x300.webp",300,300,true],"medium_large":["https:\/\/vapestornado.com\/wp-content\/uploads\/2025\/01\/Bang-Vape-35000-Puffs-Disposable-Vape-Hot-Sale-In-Germany-768x768.webp",768,768,true],"large":["https:\/\/vapestornado.com\/wp-content\/uploads\/2025\/01\/Bang-Vape-35000-Puffs-Disposable-Vape-Hot-Sale-In-Germany.webp",800,800,false],"1536x1536":["https:\/\/vapestornado.com\/wp-content\/uploads\/2025\/01\/Bang-Vape-35000-Puffs-Disposable-Vape-Hot-Sale-In-Germany.webp",800,800,false],"2048x2048":["https:\/\/vapestornado.com\/wp-content\/uploads\/2025\/01\/Bang-Vape-35000-Puffs-Disposable-Vape-Hot-Sale-In-Germany.webp",800,800,false],"trp-custom-language-flag":["https:\/\/vapestornado.com\/wp-content\/uploads\/2025\/01\/Bang-Vape-35000-Puffs-Disposable-Vape-Hot-Sale-In-Germany.webp",12,12,false],"woocommerce_thumbnail":["https:\/\/vapestornado.com\/wp-content\/uploads\/2025\/01\/Bang-Vape-35000-Puffs-Disposable-Vape-Hot-Sale-In-Germany-300x300.webp",300,300,true],"woocommerce_single":["https:\/\/vapestornado.com\/wp-content\/uploads\/2025\/01\/Bang-Vape-35000-Puffs-Disposable-Vape-Hot-Sale-In-Germany-600x600.webp",600,600,true],"woocommerce_gallery_thumbnail":["https:\/\/vapestornado.com\/wp-content\/uploads\/2025\/01\/Bang-Vape-35000-Puffs-Disposable-Vape-Hot-Sale-In-Germany-100x100.webp",100,100,true]},"uagb_author_info":{"display_name":"ESMANDY","author_link":"https:\/\/vapestornado.com\/ro\/author\/"},"uagb_comment_info":0,"uagb_excerpt":"Explore wholesale prices for Bang King 35000 Puffs Tornado Vape at Vapebulkp.com. Featuring 35,000 puffs, 23ml e-liquid, 1000mAh battery, Type-C charging, and anti-dry burn technology. Ideal for bulk orders with customizable nicotine options (0%, 2%, 3%, 5%). Shop premium disposable vapes today! [caption id=\"attachment_2951\" align=\"alignnone\" width=\"265\"] Pls Contact Mandy's WhatsApp For Discount Price\u00a0 +8618077105796[\/caption] &nbsp;","_links":{"self":[{"href":"https:\/\/vapestornado.com\/ro\/wp-json\/wp\/v2\/product\/3700","targetHints":{"allow":["GET"]}}],"collection":[{"href":"https:\/\/vapestornado.com\/ro\/wp-json\/wp\/v2\/product"}],"about":[{"href":"https:\/\/vapestornado.com\/ro\/wp-json\/wp\/v2\/types\/product"}],"replies":[{"embeddable":true,"href":"https:\/\/vapestornado.com\/ro\/wp-json\/wp\/v2\/comments?post=3700"}],"wp:featuredmedia":[{"embeddable":true,"href":"https:\/\/vapestornado.com\/ro\/wp-json\/wp\/v2\/media\/3702"}],"wp:attachment":[{"href":"https:\/\/vapestornado.com\/ro\/wp-json\/wp\/v2\/media?parent=3700"}],"wp:term":[{"taxonomy":"product_brand","embeddable":true,"href":"https:\/\/vapestornado.com\/ro\/wp-json\/wp\/v2\/product_brand?post=3700"},{"taxonomy":"product_cat","embeddable":true,"href":"https:\/\/vapestornado.com\/ro\/wp-json\/wp\/v2\/product_cat?post=3700"},{"taxonomy":"product_tag","embeddable":true,"href":"https:\/\/vapestornado.com\/ro\/wp-json\/wp\/v2\/product_tag?post=3700"}],"curies":[{"name":"wp","href":"https:\/\/api.w.org\/{rel}","templated":true}]}}