{"id":3690,"date":"2025-01-06T09:55:58","date_gmt":"2025-01-06T09:55:58","guid":{"rendered":"https:\/\/vapestornado.com\/?post_type=product&#038;p=3690"},"modified":"2025-08-23T09:35:59","modified_gmt":"2025-08-23T09:35:59","slug":"wholesale-price-bang-beach-20000-puffs-high-quality-vape-pods","status":"publish","type":"product","link":"https:\/\/vapestornado.com\/ro\/product\/wholesale-price-bang-beach-20000-puffs-high-quality-vape-pods\/","title":{"rendered":"Pre\u021b en-gros Bang Beach 20000 Puffs Pod-uri Vape de \u00cenalt\u0103 Calitate"},"content":{"rendered":"<h1>Pre\u021b en-gros Bang Beach 20000 Puffs Pod-uri Vape de \u00cenalt\u0103 Calitate<\/h1>\n<p>&nbsp;<\/p>\n<div role=\"article\" data-tabster=\"{&quot;groupper&quot;:{&quot;tabbability&quot;:2},&quot;focusable&quot;:{}}\" data-content=\"ai-message\" aria-labelledby=\"64JRvXrTnY7mRmPkEQLLT-author 64JRvXrTnY7mRmPkEQLLT-content\">\n<div id=\"64JRvXrTnY7mRmPkEQLLT-content\">\n<p data-start=\"323\" data-end=\"588\">Sistemul <strong data-start=\"327\" data-end=\"369\">Bang Beach 20000 Puffs Vape de unic\u0103 folosin\u021b\u0103<\/strong> combin\u0103 capacitatea mare, tehnologia inteligent\u0103 \u0219i designul elegant pentru o op\u021biune de vaping fiabil\u0103. Cu p\u00e2n\u0103 la <strong data-start=\"473\" data-end=\"489\">20.000 de pufuri<\/strong> \u0219i o <strong data-start=\"496\" data-end=\"529\">35 ml rezervor de e-lichid pre-umplut<\/strong>, ofer\u0103 o utilizare extins\u0103 f\u0103r\u0103 \u00eenlocuiri frecvente.<\/p>\n<p data-start=\"590\" data-end=\"854\">Alimentat de o <strong data-start=\"603\" data-end=\"634\">baterie re\u00eenc\u0103rcabil\u0103 de 650mAh<\/strong> cu <strong data-start=\"640\" data-end=\"664\">\u00eenc\u0103rcare rapid\u0103 de tip C<\/strong>, Bang Beach 20K asigur\u0103 o performan\u021b\u0103 constant\u0103 pe tot parcursul zilei. Ecranul <strong data-start=\"740\" data-end=\"767\">inteligent integrat<\/strong> ofer\u0103 actualiz\u0103ri \u00een timp real despre durata de via\u021b\u0103 a bateriei \u0219i utilizarea pufurilor, men\u021bin\u00e2nd utilizatorii \u00een control.<\/p>\n<p data-start=\"856\" data-end=\"1041\">Disponibil \u00een <strong data-start=\"869\" data-end=\"910\">concentra\u021bii de nicotin\u0103 de 0%, 2%, 3% \u0219i 5%<\/strong>, se adreseaz\u0103 diferitelor preferin\u021be, \u00een timp ce <strong data-start=\"958\" data-end=\"987\">designul ergonomic gradient<\/strong> \u00eel face at\u00e2t atr\u0103g\u0103tor, c\u00e2t \u0219i confortabil de \u021binut.<\/p>\n<p data-start=\"1043\" data-end=\"1235\">Pentru angrosi\u0219ti \u0219i comercian\u021bi cu am\u0103nuntul, <strong data-start=\"1078\" data-end=\"1109\">Bang Beach Vape cu 20000 Pufuri<\/strong> ofer\u0103 un amestec puternic de capacitate, design \u0219i valoare angro, ceea ce \u00eel face o alegere competitiv\u0103 pe pia\u021ba vape-urilor de unic\u0103 folosin\u021b\u0103.<\/p>\n<figure id=\"attachment_3691\" aria-describedby=\"caption-attachment-3691\" style=\"width: 676px\" class=\"wp-caption alignnone\"><img fetchpriority=\"high\" decoding=\"async\" class=\"wp-image-3691\" src=\"https:\/\/vapestornado.com\/wp-content\/uploads\/2025\/01\/Bang-Beach-20000-puff-vape-best-sale-Germany.jpg\" alt=\"Bang Beach 20000 pufuri \u021bigar\u0103 electronic\u0103 cea mai bine v\u00e2ndut\u0103 \u00een Rom\u00e2nia\" width=\"676\" height=\"676\" srcset=\"https:\/\/vapestornado.com\/wp-content\/uploads\/2025\/01\/Bang-Beach-20000-puff-vape-best-sale-Germany.jpg 800w, https:\/\/vapestornado.com\/wp-content\/uploads\/2025\/01\/Bang-Beach-20000-puff-vape-best-sale-Germany-300x300.jpg 300w, https:\/\/vapestornado.com\/wp-content\/uploads\/2025\/01\/Bang-Beach-20000-puff-vape-best-sale-Germany-150x150.jpg 150w, https:\/\/vapestornado.com\/wp-content\/uploads\/2025\/01\/Bang-Beach-20000-puff-vape-best-sale-Germany-768x768.jpg 768w, https:\/\/vapestornado.com\/wp-content\/uploads\/2025\/01\/Bang-Beach-20000-puff-vape-best-sale-Germany-600x600.jpg 600w, https:\/\/vapestornado.com\/wp-content\/uploads\/2025\/01\/Bang-Beach-20000-puff-vape-best-sale-Germany-100x100.jpg 100w\" sizes=\"(max-width: 676px) 100vw, 676px\" \/><figcaption id=\"caption-attachment-3691\" class=\"wp-caption-text\">Bang Beach 20000 pufuri \u021bigar\u0103 electronic\u0103 cea mai bine v\u00e2ndut\u0103 \u00een Rom\u00e2nia<\/figcaption><\/figure>\n<\/div>\n<\/div>\n<p><img decoding=\"async\" class=\"alignleft wp-image-2951 size-medium\" src=\"https:\/\/vapestornado.com\/wp-content\/uploads\/2024\/12\/Wholesale-Disposable-Vape-265x300.jpg\" alt=\"Vape de unic\u0103 folosin\u021b\u0103 en-gros\" width=\"265\" height=\"300\" srcset=\"https:\/\/vapestornado.com\/wp-content\/uploads\/2024\/12\/Wholesale-Disposable-Vape-265x300.jpg 265w, https:\/\/vapestornado.com\/wp-content\/uploads\/2024\/12\/Wholesale-Disposable-Vape-768x871.jpg 768w, https:\/\/vapestornado.com\/wp-content\/uploads\/2024\/12\/Wholesale-Disposable-Vape-600x680.jpg 600w, https:\/\/vapestornado.com\/wp-content\/uploads\/2024\/12\/Wholesale-Disposable-Vape.jpg 823w\" sizes=\"(max-width: 265px) 100vw, 265px\" \/><\/p>\n<h5>Contacta\u021bi-o pe Mandy pe WhatsApp pentru pre\u021b redus:<a href=\"https:\/\/wa.me\/8618077105796\" target=\"_blank\" rel=\"noopener\">+8618077105796<\/a><\/h5>\n<div class=\"flex max-w-full flex-col flex-grow\">\n<div class=\"min-h-8 text-message flex w-full flex-col items-end gap-2 whitespace-normal break-words text-start [.text-message+&amp;]:mt-5\" dir=\"auto\" data-message-author-role=\"assistant\" data-message-id=\"cdb991c0-f594-4bff-b2d5-fbbdd7ce9e54\" data-message-model-slug=\"gpt-4o-mini\">\n<div class=\"flex w-full flex-col gap-1 empty:hidden first:pt-[3px]\">\n<div class=\"markdown prose w-full break-words dark:prose-invert light\"><\/div>\n<\/div>\n<\/div>\n<\/div>\n<div class=\"mb-2 flex gap-3 empty:hidden -ml-2\">\n<h2>Bang Beach 20000 Puffs Caracteristici Cheie:<\/h2>\n<ul>\n<li>Sesiuni de vapat extinse cu 20.000 de pufuri.<\/li>\n<li>Capacitate ampl\u0103 de e-lichid de 35 ml pentru arome bogate \u0219i de durat\u0103.<\/li>\n<li>Niveluri ajustabile de nicotin\u0103 pentru o satisfac\u021bie personalizat\u0103.<\/li>\n<li>Baterie puternic\u0103 de 650 mAh pentru o utilizare de lung\u0103 durat\u0103.<\/li>\n<li>Ecran inteligent pentru informa\u021bii de utilizare \u00een timp real.<\/li>\n<li>Design elegant, ergonomic, cu culori vibrante \u00een gradient.<\/li>\n<\/ul>\n<\/div>\n<h2>Arome Bang Beach 20000 Puffs:<\/h2>\n<p>1) Ghea\u021b\u0103 de trei fructe de p\u0103dure<br \/>\n2) Limonad\u0103 roz<br \/>\n3) Afine zmeur\u0103<br \/>\n4) Fructe de p\u0103dure asortate<br \/>\n5) C\u0103p\u0219uni pepene ro\u0219u<br \/>\n6) Ghea\u021b\u0103 de c\u0103p\u0219uni<br \/>\n7) Ghea\u021b\u0103 de struguri<br \/>\n8) Piersic\u0103 mango<br \/>\n9) Ghea\u021b\u0103 de zmeur\u0103 albastr\u0103<br \/>\n10) M\u0103r acri\u0219or<br \/>\n11) Ghea\u021b\u0103 de pepene ro\u0219u<br \/>\n12) Ghea\u021b\u0103 de piersici<\/p>\n<h2 data-pm-slice=\"1 1 []\">De ce se remarc\u0103 \u021bigara electronic\u0103 de unic\u0103 folosin\u021b\u0103 Bang Beach Smart Screen 20000 de pufuri?<\/h2>\n<p>Sistemul <strong>Bang Beach Smart Screen 20000<\/strong> este mai mult dec\u00e2t o simpl\u0103 \u021bigar\u0103 electronic\u0103 de unic\u0103 folosin\u021b\u0103; este un dispozitiv de \u00eenalt\u0103 performan\u021b\u0103, conceput pentru vaperii care caut\u0103 calitate \u0219i fiabilitate superioar\u0103. Num\u0103rul s\u0103u extins de pufuri, bateria robust\u0103 \u0219i concentra\u021biile de nicotin\u0103 personalizabile o fac o alegere versatil\u0103 pentru toate preferin\u021bele de vapat. Fie c\u0103 e\u0219ti un utilizator experimentat sau abia la \u00eenceput, func\u021bia de ecran inteligent \u0219i designul prietenos cu utilizatorul \u00ee\u021bi ridic\u0103 experien\u021ba de vapat la un alt nivel.<\/p>\n<div role=\"article\" data-tabster=\"{&quot;groupper&quot;:{&quot;tabbability&quot;:2},&quot;focusable&quot;:{}}\" data-content=\"ai-message\" aria-labelledby=\"dARUyEWDoEYhnSPXFwx5A-author dARUyEWDoEYhnSPXFwx5A-content\">\n<div id=\"dARUyEWDoEYhnSPXFwx5A-content\">\n<h2>De ce s\u0103 alegi Bang Beach Smart Screen 20000 de pufuri? <a href=\"https:\/\/vapestornado.com\/ro\/product\/bang-box-35k-puffs-high-capacity-long-lasting-disposable-vape\/\">vapestornado.com?<\/a><\/h2>\n<p>vapestornado.com este destina\u021bia ta final\u0103 pentru produse de vapat premium, iar <strong>Bang Beach Smart Screen 20000 de pufuri<\/strong> nu face excep\u021bie. Iat\u0103 de ce acest dispozitiv se remarc\u0103 \u0219i de ce vapestornado.com este cel mai bun loc pentru a-l achizi\u021biona:<\/p>\n<h4><strong>*Calitate de neegalat<\/strong><\/h4>\n<p>La vapestornado.com, oferim doar produse de vapat autentice \u0219i de \u00eenalt\u0103 calitate. Bang Beach Smart Screen 20000 de pufuri este proiectat\u0103 av\u00e2nd \u00een vedere durabilitatea \u0219i performan\u021ba, asigur\u00e2nd o experien\u021b\u0103 fiabil\u0103 \u0219i pl\u0103cut\u0103 la fiecare utilizare.<\/p>\n<h4><strong>*Pre\u021buri competitive<\/strong><\/h4>\n<p>vapestornado.com ofer\u0103 \u021bigara electronic\u0103 de unic\u0103 folosin\u021b\u0103 Bang Beach Smart Screen 20000 de pufuri la pre\u021buri extrem de competitive, asigur\u00e2ndu-te c\u0103 prime\u0219ti o valoare excelent\u0103 pentru un produs de top.<\/p>\n<h4><strong>*Livrare rapid\u0103<\/strong><\/h4>\n<p>Bucura\u021bi-v\u0103 de o livrare rapid\u0103 \u0219i fiabil\u0103 \u00een toate regiunile, asigur\u00e2ndu-v\u0103 c\u0103 experien\u021ba dvs. de vapat nu este niciodat\u0103 \u00eent\u00e2rziat\u0103.<\/p>\n<h4><strong>*Asisten\u021b\u0103 orientat\u0103 c\u0103tre client<\/strong><\/h4>\n<p>Echipa noastr\u0103 dedicat\u0103 de asisten\u021b\u0103 este gata s\u0103 v\u0103 ajute cu orice \u00eentreb\u0103ri, asigur\u00e2nd o experien\u021b\u0103 de cump\u0103r\u0103turi fluid\u0103.<\/p>\n<p>\u00cembun\u0103t\u0103\u021bi\u021bi-v\u0103 experien\u021ba de vapat ast\u0103zi cu <strong>Bang Beach Vape 20k Puffs Vapuri Re\u00eenc\u0103rcabile<\/strong>, disponibile exclusiv pe vapestornado.com\u2014partenerul dvs. de \u00eencredere pentru tot ce \u00eenseamn\u0103 vapat!<\/p>\n<p>\u00cembun\u0103t\u0103\u021bi\u021bi-v\u0103 experien\u021ba de vapat ast\u0103zi cu <strong>Bang Beach 20000 de pufuri capsule de vapat<\/strong>, disponibile exclusiv pe vapestornado.com\u2014partenerul dvs. de \u00eencredere pentru tot ce \u00eenseamn\u0103 vapat!<\/p>\n<\/div>\n<\/div>\n<h2>\u00centreb\u0103ri frecvente despre cump\u0103rarea \u00een vrac Bang Beach Vape 20000 de pufuri<\/h2>\n<p><strong>1. Cum pot plasa o comand\u0103 \u00een vrac pentru Bang Beach vape 20000 de pufuri?<\/strong><br \/>\nVizita\u021bi un furnizor de \u00eencredere precum vapestornado.com, naviga\u021bi pe pagina produsului Bang Beach Vape \u0219i selecta\u021bi op\u021biunea pentru cantit\u0103\u021bi \u00een vrac. Alternativ, contacta\u021bi echipa lor de asisten\u021b\u0103 pentru clien\u021bi pentru ajutor cu comenzile mari.<\/p>\n<p><strong>2. Care sunt op\u021biunile de livrare pentru comenzile \u00een vrac pentru bangvape 20000 puff?<\/strong><br \/>\nComenzile \u00een vrac sunt expediate \u00een siguran\u021b\u0103 pentru a proteja produsul \u00een timpul transportului. Mul\u021bi furnizori ofer\u0103 op\u021biuni de livrare expres \u0219i servicii de urm\u0103rire pentru a asigura livrarea la timp.<\/p>\n<p><strong>3. Este Bang Beach Vape 20000 puffs potrivit pentru distribu\u021bia en-gros?<\/strong><br \/>\nAbsolut. Cu caracteristicile sale avansate, performan\u021ba de lung\u0103 durat\u0103 \u0219i designul elegant, Bang Beach Vape 20000 este foarte atractiv pentru consumatori, f\u0103c\u00e2ndu-l o alegere excelent\u0103 pentru distribu\u021bia en-gros.<\/p>\n<p><strong>4. Cum m\u0103 asigur c\u0103 cump\u0103r produse autentice Bang Beach Vape?<\/strong><br \/>\nCump\u0103ra\u021bi \u00eentotdeauna de la furnizori de \u00eencredere sau distribuitori autoriza\u021bi, cum ar fi vapestornado.com, pentru a garanta autenticitatea \u0219i calitatea. Evita\u021bi v\u00e2nz\u0103torii neverifica\u021bi pentru a preveni produsele contraf\u0103cute.<\/p>","protected":false},"excerpt":{"rendered":"<p>Bang Beach 20000 Puffs ofer\u0103 p\u00e2n\u0103 la 20.000 de pufuri, un e-lichid preumplut de 35 ml, niveluri personalizabile de nicotin\u0103 (0%, 2%, 3%, 5%), o baterie re\u00eenc\u0103rcabil\u0103 de 650 mAh \u0219i un ecran inteligent pentru a urm\u0103ri utilizarea. O \u021bigar\u0103 electronic\u0103 elegant\u0103 \u0219i de lung\u0103 durat\u0103, perfect\u0103 pentru fiecare nevoie de vapat.<\/p>\n<figure id=\"attachment_2951\" aria-describedby=\"caption-attachment-2951\" style=\"width: 265px\" class=\"wp-caption alignnone\"><img decoding=\"async\" class=\"size-medium wp-image-2951\" src=\"https:\/\/vapestornado.com\/wp-content\/uploads\/2024\/12\/Wholesale-Disposable-Vape-265x300.jpg\" alt=\"Vape de unic\u0103 folosin\u021b\u0103 en-gros\" width=\"265\" height=\"300\" srcset=\"https:\/\/vapestornado.com\/wp-content\/uploads\/2024\/12\/Wholesale-Disposable-Vape-265x300.jpg 265w, https:\/\/vapestornado.com\/wp-content\/uploads\/2024\/12\/Wholesale-Disposable-Vape-768x871.jpg 768w, https:\/\/vapestornado.com\/wp-content\/uploads\/2024\/12\/Wholesale-Disposable-Vape-600x680.jpg 600w, https:\/\/vapestornado.com\/wp-content\/uploads\/2024\/12\/Wholesale-Disposable-Vape.jpg 823w\" sizes=\"(max-width: 265px) 100vw, 265px\" \/><figcaption id=\"caption-attachment-2951\" class=\"wp-caption-text\">V\u0103 rug\u0103m s\u0103 contacta\u021bi WhatsApp-ul lui Mandy pentru pre\u021b redus\u00a0 <a href=\"https:\/\/wa.me\/8618077105796\">+8618077105796<\/a><\/figcaption><\/figure>\n<p>&nbsp;<\/p>","protected":false},"featured_media":3693,"comment_status":"open","ping_status":"closed","template":"","meta":{"_acf_changed":false,"_uag_custom_page_level_css":"","_lmt_disableupdate":"no","_lmt_disable":"","_monsterinsights_skip_tracking":false,"_monsterinsights_sitenote_active":false,"_monsterinsights_sitenote_note":"","_monsterinsights_sitenote_category":0,"site-sidebar-layout":"default","site-content-layout":"","ast-site-content-layout":"default","site-content-style":"default","site-sidebar-style":"default","ast-global-header-display":"","ast-banner-title-visibility":"","ast-main-header-display":"","ast-hfb-above-header-display":"","ast-hfb-below-header-display":"","ast-hfb-mobile-header-display":"","site-post-title":"","ast-breadcrumbs-content":"","ast-featured-img":"","footer-sml-layout":"","ast-disable-related-posts":"","theme-transparent-header-meta":"default","adv-header-id-meta":"","stick-header-meta":"","header-above-stick-meta":"","header-main-stick-meta":"","header-below-stick-meta":"","astra-migrate-meta-layouts":"set","ast-page-background-enabled":"default","ast-page-background-meta":{"desktop":{"background-color":"","background-image":"","background-repeat":"repeat","background-position":"center center","background-size":"auto","background-attachment":"scroll","background-type":"","background-media":"","overlay-type":"","overlay-color":"","overlay-opacity":"","overlay-gradient":""},"tablet":{"background-color":"","background-image":"","background-repeat":"repeat","background-position":"center center","background-size":"auto","background-attachment":"scroll","background-type":"","background-media":"","overlay-type":"","overlay-color":"","overlay-opacity":"","overlay-gradient":""},"mobile":{"background-color":"","background-image":"","background-repeat":"repeat","background-position":"center center","background-size":"auto","background-attachment":"scroll","background-type":"","background-media":"","overlay-type":"","overlay-color":"","overlay-opacity":"","overlay-gradient":""}},"ast-content-background-meta":{"desktop":{"background-color":"var(--ast-global-color-5)","background-image":"","background-repeat":"repeat","background-position":"center center","background-size":"auto","background-attachment":"scroll","background-type":"","background-media":"","overlay-type":"","overlay-color":"","overlay-opacity":"","overlay-gradient":""},"tablet":{"background-color":"var(--ast-global-color-5)","background-image":"","background-repeat":"repeat","background-position":"center center","background-size":"auto","background-attachment":"scroll","background-type":"","background-media":"","overlay-type":"","overlay-color":"","overlay-opacity":"","overlay-gradient":""},"mobile":{"background-color":"var(--ast-global-color-5)","background-image":"","background-repeat":"repeat","background-position":"center center","background-size":"auto","background-attachment":"scroll","background-type":"","background-media":"","overlay-type":"","overlay-color":"","overlay-opacity":"","overlay-gradient":""}},"_joinchat":{"telephone":"+8618077105796"}},"product_brand":[],"product_cat":[69,62,151,157],"product_tag":[229,97,98],"class_list":{"0":"post-3690","1":"product","2":"type-product","3":"status-publish","4":"has-post-thumbnail","6":"product_cat-20000-puff","7":"product_cat-bang-vape","8":"product_cat-buy-disposable-vapes-in-france","9":"product_cat-buy-disposable-vapes-in-portugal","10":"product_tag-bang-beach-20000-puffs","11":"product_tag-hot-sale-disposable-vape","12":"product_tag-wholesale-price-disposable-vape","13":"desktop-align-left","14":"tablet-align-left","15":"mobile-align-left","17":"first","18":"instock","19":"sale","20":"shipping-taxable","21":"purchasable","22":"product-type-simple"},"acf":[],"uagb_featured_image_src":{"full":["https:\/\/vapestornado.com\/wp-content\/uploads\/2025\/01\/Bang-Beach-20000-puff-vape-good-sale-Germany.webp",800,800,false],"thumbnail":["https:\/\/vapestornado.com\/wp-content\/uploads\/2025\/01\/Bang-Beach-20000-puff-vape-good-sale-Germany-150x150.webp",150,150,true],"medium":["https:\/\/vapestornado.com\/wp-content\/uploads\/2025\/01\/Bang-Beach-20000-puff-vape-good-sale-Germany-300x300.webp",300,300,true],"medium_large":["https:\/\/vapestornado.com\/wp-content\/uploads\/2025\/01\/Bang-Beach-20000-puff-vape-good-sale-Germany-768x768.webp",768,768,true],"large":["https:\/\/vapestornado.com\/wp-content\/uploads\/2025\/01\/Bang-Beach-20000-puff-vape-good-sale-Germany.webp",800,800,false],"1536x1536":["https:\/\/vapestornado.com\/wp-content\/uploads\/2025\/01\/Bang-Beach-20000-puff-vape-good-sale-Germany.webp",800,800,false],"2048x2048":["https:\/\/vapestornado.com\/wp-content\/uploads\/2025\/01\/Bang-Beach-20000-puff-vape-good-sale-Germany.webp",800,800,false],"trp-custom-language-flag":["https:\/\/vapestornado.com\/wp-content\/uploads\/2025\/01\/Bang-Beach-20000-puff-vape-good-sale-Germany.webp",12,12,false],"woocommerce_thumbnail":["https:\/\/vapestornado.com\/wp-content\/uploads\/2025\/01\/Bang-Beach-20000-puff-vape-good-sale-Germany-300x300.webp",300,300,true],"woocommerce_single":["https:\/\/vapestornado.com\/wp-content\/uploads\/2025\/01\/Bang-Beach-20000-puff-vape-good-sale-Germany-600x600.webp",600,600,true],"woocommerce_gallery_thumbnail":["https:\/\/vapestornado.com\/wp-content\/uploads\/2025\/01\/Bang-Beach-20000-puff-vape-good-sale-Germany-100x100.webp",100,100,true]},"uagb_author_info":{"display_name":"ESMANDY","author_link":"https:\/\/vapestornado.com\/ro\/author\/"},"uagb_comment_info":0,"uagb_excerpt":"Bang Beach 20000 Puffs offers up to 20,000 puffs, a 35ml pre-filled e-liquid, customizable nicotine levels (0%, 2%, 3%, 5%), a 650mAh rechargeable battery, and a smart screen for tracking usage. Stylish and long-lasting vape, perfect for every vaping need. [caption id=\"attachment_2951\" align=\"alignnone\" width=\"265\"] Pls Contact Mandy's WhatsApp For Discount Price\u00a0 +8618077105796[\/caption] &nbsp;","_links":{"self":[{"href":"https:\/\/vapestornado.com\/ro\/wp-json\/wp\/v2\/product\/3690","targetHints":{"allow":["GET"]}}],"collection":[{"href":"https:\/\/vapestornado.com\/ro\/wp-json\/wp\/v2\/product"}],"about":[{"href":"https:\/\/vapestornado.com\/ro\/wp-json\/wp\/v2\/types\/product"}],"replies":[{"embeddable":true,"href":"https:\/\/vapestornado.com\/ro\/wp-json\/wp\/v2\/comments?post=3690"}],"wp:featuredmedia":[{"embeddable":true,"href":"https:\/\/vapestornado.com\/ro\/wp-json\/wp\/v2\/media\/3693"}],"wp:attachment":[{"href":"https:\/\/vapestornado.com\/ro\/wp-json\/wp\/v2\/media?parent=3690"}],"wp:term":[{"taxonomy":"product_brand","embeddable":true,"href":"https:\/\/vapestornado.com\/ro\/wp-json\/wp\/v2\/product_brand?post=3690"},{"taxonomy":"product_cat","embeddable":true,"href":"https:\/\/vapestornado.com\/ro\/wp-json\/wp\/v2\/product_cat?post=3690"},{"taxonomy":"product_tag","embeddable":true,"href":"https:\/\/vapestornado.com\/ro\/wp-json\/wp\/v2\/product_tag?post=3690"}],"curies":[{"name":"wp","href":"https:\/\/api.w.org\/{rel}","templated":true}]}}