{"id":3683,"date":"2025-01-06T07:58:56","date_gmt":"2025-01-06T07:58:56","guid":{"rendered":"https:\/\/vapestornado.com\/?post_type=product&#038;p=3683"},"modified":"2025-12-05T07:32:09","modified_gmt":"2025-12-05T07:32:09","slug":"uwin-crystal-10000-puffs-wholesale-disposable-vape-puff-10k-low-nicotine-rechargeable-vapes-pen-bulk-buy-wholesalepuffs-disposable-vape-wholesale-price-copy","status":"publish","type":"product","link":"https:\/\/vapestornado.com\/ro\/product\/uwin-crystal-10000-puffs-wholesale-disposable-vape-puff-10k-low-nicotine-rechargeable-vapes-pen-bulk-buy-wholesalepuffs-disposable-vape-wholesale-price-copy\/","title":{"rendered":"Uwin Crystal 10000 Puffs Vap\u0103 de unic\u0103 folosin\u021b\u0103 cu ridicata Puff 10k Nicotin\u0103 sc\u0103zut\u0103 Vapouri re\u00eenc\u0103rcabile Pen Cump\u0103rare \u00een vrac cu ridicata"},"content":{"rendered":"<h1 class=\"product-title\">Uwin Crystal 10000 Puffs Vap\u0103 de unic\u0103 folosin\u021b\u0103 cu ridicata Puff 10k Nicotin\u0103 sc\u0103zut\u0103 Vapouri re\u00eenc\u0103rcabile Pen Cump\u0103rare \u00een vrac cu ridicata<\/h1>\n<p data-start=\"1245\" data-end=\"1398\">Uwin Crystal 10000 Pufuri este o vape de unic\u0103 folosin\u021b\u0103 re\u00eenc\u0103rcabil\u0103 compact\u0103, care ofer\u0103 p\u00e2n\u0103 la 10.000 de pufuri pe dispozitiv, op\u021biuni low-nic de la 0.2% p\u00e2n\u0103 la 3.5%, \u0219i vine cu multiple arome pentru o trecere u\u0219oar\u0103 zilnic de la \u021big\u0103ri.<\/p>\n<p data-start=\"603\" data-end=\"949\"><strong data-start=\"603\" data-end=\"643\">10.000 de pufuri pentru o autonomie zilnic\u0103 real\u0103.<\/strong><br data-start=\"643\" data-end=\"646\" \/>Cu o <strong data-start=\"653\" data-end=\"672\">Rating de 10K pufuri<\/strong>, Uwin Crystal se \u00eencadreaz\u0103 \u00een gama \u201efolose\u0219te-l pentru o vreme, nu pentru un weekend\u201d. Se potrive\u0219te persoanelor care doresc un dispozitiv care s\u0103 dureze pe parcursul zilelor de munc\u0103, navetelor \u0219i serilor petrecute afar\u0103, f\u0103r\u0103 a fi nevoie s\u0103-l re\u00eencarci constant. \u00cen <strong data-start=\"870\" data-end=\"900\">vape de unic\u0103 folosin\u021b\u0103 de 10.000 pufuri<\/strong> clasa, acesta este scopul: mai pu\u021bine schimb\u0103ri, mai pu\u021bin\u0103 b\u0103taie de cap.<\/p>\n<p data-start=\"951\" data-end=\"1264\"><strong data-start=\"951\" data-end=\"994\">Puternic de nicotin\u0103 sc\u0103zut\u0103 care nu cople\u0219e\u0219te.<\/strong><br data-start=\"994\" data-end=\"997\" \/>Uwin Crystal ofer\u0103 <strong data-start=\"1017\" data-end=\"1039\">niveluri de nicotin\u0103 de 0.2%\u20133.5%<\/strong> , oferind fum\u0103torilor posibilitatea de a alege ceea ce li se potrive\u0219te. Nicotina u\u0219oar\u0103 func\u021bioneaz\u0103 pentru utilizatorii ocazionali sau cei care reduc consumul, \u00een timp ce nivelurile mai ridicate sunt potrivite pentru oricine dore\u0219te o senza\u021bie vizibil\u0103 f\u0103r\u0103 a trece la concentra\u021bii mari de sare.<\/p>\n<p data-start=\"1266\" data-end=\"1564\"><strong data-start=\"1266\" data-end=\"1329\">Design re\u00eenc\u0103rcabil care prelunge\u0219te durata de via\u021b\u0103 a dispozitivului.<\/strong><br data-start=\"1329\" data-end=\"1332\" \/>Aceasta este o <strong data-start=\"1342\" data-end=\"1399\">Uwin Crystal 10000 Pufuri vape de unic\u0103 folosin\u021b\u0103 re\u00eenc\u0103rcabil\u0103<\/strong>. Re\u00eenc\u0103rcarea \u00eenseamn\u0103 c\u0103 nu e\u0219ti for\u021bat s\u0103-l arunci doar pentru c\u0103 bateria se descarc\u0103 \u00eenainte ca lichidul s\u0103 se termine. Este o configura\u021bie practic\u0103 pentru dispozitive cu mul\u021bi pufuri.<\/p>\n<p data-start=\"1566\" data-end=\"1794\"><strong data-start=\"1566\" data-end=\"1599\">Corp de cristal compatibil cu buzunarul.<\/strong><br data-start=\"1599\" data-end=\"1602\" \/>Construc\u021bia este compact\u0103 \u0219i arat\u0103 curat, u\u0219or de purtat f\u0103r\u0103 a fi voluminoas\u0103. Este forma care se potrive\u0219te \u00eentr-un buzunar de jachet\u0103, \u00een suportul ma\u0219inii sau \u00een sertarul de birou \u0219i r\u0103m\u00e2ne preg\u0103tit\u0103 pentru pauze rapide.<\/p>\n<p data-start=\"1796\" data-end=\"2073\"><strong data-start=\"1796\" data-end=\"1834\">Gama de arome care p\u0103streaz\u0103 simplitatea.<\/strong><br data-start=\"1834\" data-end=\"1837\" \/>Sunt disponibile multiple op\u021biuni de arome pentru ca utilizatorii s\u0103 se poat\u0103 men\u021bine la ceea ce le place \u2014 fructe, amestecuri r\u0103coroase sau profile mai dulci \u2014 f\u0103r\u0103 a fi nevoie s\u0103 schimbe dispozitivul pentru varietate. Pentru magazine, asta face ca Uwin Crystal 10K s\u0103 fie u\u0219or de adaptat la tendin\u021bele locale de gust.<\/p>\n<h3><strong>De ce s\u0103 deveni\u021bi partener cu vapestornado?<\/strong><\/h3>\n<p>vapestornado este furnizorul dvs. de referin\u021b\u0103 pentru cele mai bune oferte \u00een vrac de \u021big\u0103ri electronice de unic\u0103 folosin\u021b\u0103, precum Uwin Crystal 10000 puffs. Cu pre\u021buri competitive, servicii excep\u021bionale de transport \u0219i un angajament fa\u021b\u0103 de calitate, asigur\u0103m o experien\u021b\u0103 de cump\u0103rare f\u0103r\u0103 probleme pentru cump\u0103r\u0103torii engros din \u00eentreaga Europ\u0103.<\/p>\n<p>&nbsp;<\/p>\n<p><span style=\"color: #ff0000;\"><strong>Adaug\u0103 r\u0103spunsul corect de pe Whatsapp al lui Amy \u0219i cuponul de vape!<\/strong><\/span><\/p>\n<p><img fetchpriority=\"high\" decoding=\"async\" class=\"size-full wp-image-2932\" src=\"https:\/\/vapestornado.com\/wp-content\/uploads\/2024\/12\/Vape-Wholesale.jpg\" alt=\"\u021aig\u0103ri electronice cu ridicata\" width=\"229\" height=\"300\" \/><\/p>\n<h3><a href=\"https:\/\/wa.me\/8617776015835\" target=\"_blank\" rel=\"noopener\"><span style=\"color: #ff0000;\"><strong>WhatsApp: +86 17776015835<\/strong><\/span><\/a><\/h3>\n<p>&nbsp;<\/p>\n<h2 class=\"product-title\"><strong>Caracteristicile produsului Uwin Crystal 10000<\/strong><\/h2>\n<div role=\"article\" data-tabster=\"{&quot;groupper&quot;:{&quot;tabbability&quot;:2},&quot;focusable&quot;:{}}\" data-content=\"ai-message\" aria-labelledby=\"juhNTJ6o7Gk1cgwZMJgv2-author juhNTJ6o7Gk1cgwZMJgv2-content\">\n<div id=\"juhNTJ6o7Gk1cgwZMJgv2-content\">\n<div role=\"article\" data-tabster=\"{&quot;groupper&quot;:{&quot;tabbability&quot;:2},&quot;focusable&quot;:{}}\" data-content=\"ai-message\" aria-labelledby=\"x4EZuCZWrTbh3weWUt7CU-author x4EZuCZWrTbh3weWUt7CU-content\">\n<div id=\"x4EZuCZWrTbh3weWUt7CU-content\">\n<div class=\"flex max-w-full flex-col flex-grow\">\n<div class=\"min-h-8 text-message flex w-full flex-col items-end gap-2 whitespace-normal break-words text-start [.text-message+&amp;]:mt-5\" dir=\"auto\" data-message-author-role=\"assistant\" data-message-id=\"52c6e00a-252f-4104-805d-2f1a84739c71\" data-message-model-slug=\"gpt-4o\">\n<div class=\"flex w-full flex-col gap-1 empty:hidden first:pt-[3px]\">\n<div class=\"markdown prose w-full break-words dark:prose-invert light\">\n<h3><\/h3>\n<table>\n<thead>\n<tr>\n<th>Caracteristic\u0103 \/ Parametru<\/th>\n<th align=\"right\">Spec<\/th>\n<th>Explica\u021bie<\/th>\n<\/tr>\n<\/thead>\n<tbody>\n<tr>\n<td>Numele produsului<\/td>\n<td align=\"right\">Uwin Crystal 10000 Puffs Vape de unic\u0103 folosin\u021b\u0103<\/td>\n<td>Nume clar pentru comenzi repetate \u0219i c\u0103ut\u0103ri.<\/td>\n<\/tr>\n<tr>\n<td>Capacitate Pufuri<\/td>\n<td align=\"right\">P\u00e2n\u0103 la 10.000 pufuri<\/td>\n<td>Utilizare mai lung\u0103 dec\u00e2t dispozitivele standard de unic\u0103 folosin\u021b\u0103; mai pu\u021bine \u00eenlocuiri.<\/td>\n<\/tr>\n<tr>\n<td>Niveluri de nicotin\u0103<\/td>\n<td align=\"right\">0.2% \u2013 3.5%<\/td>\n<td>Gama cu nicotin\u0103 sc\u0103zut\u0103 pentru utilizare zilnic\u0103 mai u\u0219oar\u0103 sau reducere treptat\u0103.<\/td>\n<\/tr>\n<tr>\n<td>Baterie<\/td>\n<td align=\"right\">Re\u00eenc\u0103rcabil<\/td>\n<td>Te ajut\u0103 s\u0103 termini lichidul \u00een loc s\u0103 pierzi pufuri din cauza unei baterii desc\u0103rcate.<\/td>\n<\/tr>\n<tr>\n<td>Design<\/td>\n<td align=\"right\">Corp compact \u00een stil cristal<\/td>\n<td>U\u0219or de purtat, aspect curat, se potrive\u0219te rutinei zilnice.<\/td>\n<\/tr>\n<tr>\n<td>Op\u021biuni de arom\u0103<\/td>\n<td align=\"right\">Multiple arome<\/td>\n<td>Permite utilizatorilor s\u0103 aleag\u0103 gustul lor obi\u0219nuit f\u0103r\u0103 dispozitive suplimentare.<\/td>\n<\/tr>\n<tr>\n<td>Utilizare<\/td>\n<td align=\"right\">Activare prin tragere<\/td>\n<td>F\u0103r\u0103 butoane; inhaleaz\u0103 pentru a vapora.<\/td>\n<\/tr>\n<\/tbody>\n<\/table>\n<\/div>\n<\/div>\n<\/div>\n<\/div>\n<div class=\"mb-2 flex gap-3 empty:hidden -ml-2\">\n<figure id=\"attachment_3662\" aria-describedby=\"caption-attachment-3662\" style=\"width: 800px\" class=\"wp-caption alignnone\"><img decoding=\"async\" class=\"wp-image-3662 size-full\" src=\"https:\/\/vapestornado.com\/wp-content\/uploads\/2025\/01\/UWIN-Crystal-10000-Puff-Disposable-Vape-Wholesale-Cheap-Price.webp\" alt=\"UWIN Crystal 10000 Pufuri Vape de unic\u0103 folosin\u021b\u0103 Pre\u021b ieftin en-gros\" width=\"800\" height=\"880\" srcset=\"https:\/\/vapestornado.com\/wp-content\/uploads\/2025\/01\/UWIN-Crystal-10000-Puff-Disposable-Vape-Wholesale-Cheap-Price.webp 800w, https:\/\/vapestornado.com\/wp-content\/uploads\/2025\/01\/UWIN-Crystal-10000-Puff-Disposable-Vape-Wholesale-Cheap-Price-273x300.webp 273w, https:\/\/vapestornado.com\/wp-content\/uploads\/2025\/01\/UWIN-Crystal-10000-Puff-Disposable-Vape-Wholesale-Cheap-Price-768x845.webp 768w, https:\/\/vapestornado.com\/wp-content\/uploads\/2025\/01\/UWIN-Crystal-10000-Puff-Disposable-Vape-Wholesale-Cheap-Price-600x660.webp 600w\" sizes=\"(max-width: 800px) 100vw, 800px\" \/><figcaption id=\"caption-attachment-3662\" class=\"wp-caption-text\">UWIN Crystal 10000 Pufuri Vape de unic\u0103 folosin\u021b\u0103 Pre\u021b ieftin en-gros<\/figcaption><\/figure>\n<\/div>\n<\/div>\n<\/div>\n<\/div>\n<\/div>\n<h2 class=\"product-title\"><strong>Arom\u0103 popular\u0103 pentru Uwin Crystal 10000<\/strong><strong>\u00a0<\/strong><strong>Vape-uri de unic\u0103 folosin\u021b\u0103<\/strong><\/h2>\n<h2 class=\"product-title\"><\/h2>\n<p>Descoperi\u021bi o lume de arome cu Uwin Crystal 10000 Puffs. De la ment\u0103 revigorant\u0103 la delicii fructate, gama larg\u0103 de op\u021biuni asigur\u0103 o potrivire perfect\u0103 pentru fiecare dispozi\u021bie \u0219i preferin\u021b\u0103 de gust. V\u0103 rug\u0103m s\u0103 g\u0103si\u021bi aroma popular\u0103 conform datelor noastre de v\u00e2nz\u0103ri \u0219i feedback-ului clien\u021bilor.<\/p>\n<p>1.Afine Zmeur\u0103 <span style=\"color: #ff0000;\"><strong>&gt;&gt;&gt;&gt; Fierbinte!<\/strong><\/span><br \/>\n2. Struguri cu ghea\u021b\u0103<br \/>\n3.C\u0103p\u0219uni Pepene Ro\u0219u<br \/>\n4. Afine cu ghea\u021b\u0103<br \/>\n5. Pepene verde cu ghea\u021b\u0103 <span style=\"color: #ff0000;\"><strong>&gt;&gt;&gt;&gt; Fierbinte!<\/strong><\/span><br \/>\n6. Cire\u0219e cu ghea\u021b\u0103<br \/>\n7. C\u0103p\u0219uni, zmeur\u0103, cire\u0219e <span style=\"color: #ff0000;\"><strong>&gt;&gt;&gt;&gt; Fierbinte!<\/strong><\/span><br \/>\n8. Kiwi, fructul pasiunii, guava<br \/>\n9. C\u0103p\u0219uni cu ghea\u021b\u0103<br \/>\n10. Piersici cu ghea\u021b\u0103<br \/>\n11. C\u0103p\u0219uni kiwi<br \/>\n12. Piersici \u0219i fructe de p\u0103dure<br \/>\n13. Cola cu cire\u0219e <span style=\"color: #ff0000;\"><strong>&gt;&gt;&gt;&gt; Fierbinte!<\/strong><\/span><br \/>\n14. Fructe de p\u0103dure amestecate<br \/>\n15. Mr. Blue<br \/>\n16.Piersic\u0103, mango, ananas<br \/>\n17.Dou\u0103 mere<br \/>\n18.C\u0103p\u0219uni, afine, cire\u0219e <span style=\"color: #ff0000;\"><strong>&gt;&gt;&gt;&gt; Cel mai bun!<\/strong><\/span><br \/>\n19.C\u0103p\u0219uni, banane<br \/>\n20.Lady Killa<br \/>\n21.Limonad\u0103 de zmeur\u0103 albastr\u0103<br \/>\n22.Red Bull <span style=\"color: #ff0000;\"><strong>&gt;&gt;&gt;&gt; Fierbinte!<\/strong><\/span><br \/>\n23.Strugure c\u0103p\u0219un\u0103<br \/>\n24.Cirea\u0219\u0103 de p\u0103dure<br \/>\n25.Love 66<br \/>\n26.Fructul pasiunii cu ghea\u021b\u0103<br \/>\n27.Cola cu ghea\u021b\u0103<br \/>\n28.Miami Mint <span style=\"color: #ff0000;\"><strong>&gt;&gt;&gt;&gt; Fierbinte!<\/strong><\/span><br \/>\n29.Vanilie cu ghea\u021b\u0103<br \/>\n30.L\u0103m\u00e2ie \u0219i limet\u0103<\/p>\n<div class=\"flex-shrink-0 flex flex-col relative items-end\">\n<div class=\"pt-0\">\n<div class=\"gizmo-bot-avatar flex h-8 w-8 items-center justify-center overflow-hidden rounded-full\">\n<div class=\"relative p-1 rounded-sm flex items-center justify-center bg-token-main-surface-primary text-token-text-primary h-8 w-8\">\n<h3>\u00centreb\u0103ri frecvente pentru Uwin Crystal 10000 re\u00eenc\u0103rcabil<strong>\u00a0<\/strong>Vape de Unic\u0103 Folosin\u021b\u0103<\/h3>\n<h3><\/h3>\n<p data-start=\"2904\" data-end=\"3222\"><strong data-start=\"2904\" data-end=\"3008\">1. Este vape-ul de unic\u0103 folosin\u021b\u0103 Uwin Crystal 10000 Pufuri potrivit pentru cineva care face trecerea de la \u021big\u0103ri?<\/strong><br data-start=\"3008\" data-end=\"3011\" \/>Da. <strong data-start=\"3020\" data-end=\"3064\">Vape de unic\u0103 folosin\u021b\u0103 Uwin Crystal 10000 Pufuri<\/strong> ofer\u0103 o durat\u0103 lung\u0103 de func\u021bionare \u0219i o gam\u0103 cu nicotin\u0103 sc\u0103zut\u0103 ajustabil\u0103, astfel \u00eenc\u00e2t fum\u0103torii pot alege o intensitate apropiat\u0103 de obiceiul lor obi\u0219nuit \u0219i pot evita schimb\u0103rile frecvente de dispozitive.<\/p>\n<p data-start=\"3224\" data-end=\"3539\"><strong data-start=\"3224\" data-end=\"3311\">2. C\u00e2t timp dureaz\u0103 \u00een mod normal un vape de unic\u0103 folosin\u021b\u0103 re\u00eenc\u0103rcabil Uwin Crystal 10000 Pufuri?<\/strong><br data-start=\"3311\" data-end=\"3314\" \/>Durata de via\u021b\u0103 depinde de frecven\u021ba utiliz\u0103rii, dar \u00een utilizarea zilnic\u0103 normal\u0103, <strong data-start=\"3382\" data-end=\"3434\">Vape de unic\u0103 folosin\u021b\u0103 re\u00eenc\u0103rcabil Uwin Crystal 10000 Pufuri<\/strong> dureaz\u0103 de obicei mult mai mult dec\u00e2t modelele de 3k\u20135k pufuri datorit\u0103 ratingului mai mare de pufuri \u0219i bateriei re\u00eenc\u0103rcabile.<\/p>\n<p data-start=\"3541\" data-end=\"3817\"><strong data-start=\"3541\" data-end=\"3619\">3. Ce nivel de nicotin\u0103 ar trebui s\u0103 aleg pentru Uwin Crystal 10000 Pufuri?<\/strong><br data-start=\"3619\" data-end=\"3622\" \/>Dac\u0103 fumezi u\u0219or sau vrei mai pu\u021bin\u0103 nicotin\u0103, \u00eencepe aproape de <strong data-start=\"3677\" data-end=\"3688\">0.2%\u20131%<\/strong>. Dac\u0103 ai fost un fum\u0103tor mai greu, dar vrei totu\u0219i o doz\u0103 moderat\u0103, <strong data-start=\"3750\" data-end=\"3761\">2%\u20133.5%<\/strong> este intervalul obi\u0219nuit. Problema este controlul, nu supra\u00eenc\u0103rcarea.<\/p>\n<p data-start=\"3819\" data-end=\"4073\"><strong data-start=\"3819\" data-end=\"3892\">4. Uwin Crystal 10000 Puffs p\u0103streaz\u0103 acela\u0219i gust pe m\u0103sur\u0103 ce timpul trece?<\/strong><br data-start=\"3892\" data-end=\"3895\" \/>Dispozitivele cu multe pufuri pot estompa dac\u0103 bobina nu poate face fa\u021b\u0103 \u00eenc\u0103rc\u0103turii. Uwin Crystal este fabricat pentru utilizare zilnic\u0103 constant\u0103, iar re\u00eenc\u0103rcarea ajut\u0103 la men\u021binerea unui randament constant p\u00e2n\u0103 c\u00e2nd lichidul se termin\u0103.<\/p>\n<p data-start=\"4075\" data-end=\"4309\"><strong data-start=\"4075\" data-end=\"4149\">5. Este Uwin Crystal 10000 Puffs u\u0219or de purtat pentru munc\u0103 sau c\u0103l\u0103torii?<\/strong><br data-start=\"4149\" data-end=\"4152\" \/>Da. Corpul compact este construit pentru buzunare \u0219i gen\u021bi de zi. Este simplu pentru persoanele care doresc ceva simplu \u00een timpul pauzelor, f\u0103r\u0103 a purta echipament de rezerv\u0103.<\/p>\n<p data-start=\"4075\" data-end=\"4309\">\n<\/div>\n<\/div>\n<\/div>\n<\/div>\n<div class=\"flex-shrink-0 flex flex-col relative items-end\">\n<div class=\"pt-0\">\n<div class=\"gizmo-bot-avatar flex h-8 w-8 items-center justify-center overflow-hidden rounded-full\">\n<div class=\"relative p-1 rounded-sm flex items-center justify-center bg-token-main-surface-primary text-token-text-primary h-8 w-8\">\n<div class=\"mb-2 flex gap-3 empty:hidden -ml-2\">\n<div role=\"article\" data-tabster=\"{&quot;groupper&quot;:{&quot;tabbability&quot;:2},&quot;focusable&quot;:{}}\" data-content=\"ai-message\" aria-labelledby=\"Vdt5ez4X7Tg813x6rFVha-author Vdt5ez4X7Tg813x6rFVha-content\">\n<div id=\"Vdt5ez4X7Tg813x6rFVha-content\">\n<div role=\"article\" data-tabster=\"{&quot;groupper&quot;:{&quot;tabbability&quot;:2},&quot;focusable&quot;:{}}\" data-content=\"ai-message\" aria-labelledby=\"o968oC7CEo2fGHsGdsRYC-author o968oC7CEo2fGHsGdsRYC-content\">\n<div id=\"o968oC7CEo2fGHsGdsRYC-content\">\n<h3>De ce s\u0103 alegi vapestornado pentru distribu\u021bia en gros a dispozitivelor Uwin Crystal 10000 Puffs?<\/h3>\n<div class=\"flex-shrink-0 flex flex-col relative items-end\">\n<div class=\"pt-0\">\n<div class=\"gizmo-bot-avatar flex h-8 w-8 items-center justify-center overflow-hidden rounded-full\">\n<div class=\"relative p-1 rounded-sm flex items-center justify-center bg-token-main-surface-primary text-token-text-primary h-8 w-8\">\n<p>Bine a\u021bi venit la vapestornado, magazinul dvs. online de \u00eencredere pentru vape-uri de unic\u0103 folosin\u021b\u0103 premium. Cu o experien\u021b\u0103 de peste 5 ani, v\u0103 aducem m\u0103rci populare de vape-uri de unic\u0103 folosin\u021b\u0103, cum ar fi Fumot RandM Vape, Vapme, Bang Vape, Waspe Vape \u0219i WGA Vape, etc.<\/p>\n<p>Gama noastr\u0103 include vape-uri populare precum <a href=\"https:\/\/vapestornado.com\/ro\/product\/randm-12000-puffs-fumot-digital-disposable-vape-wholesale-price\/\">RandM Tornado 12000<\/a>, \u0219i op\u021biuni bogate \u00een arome, precum <a href=\"https:\/\/vapestornado.com\/ro\/product\/wga-crystal-pro-max-extra-15000-puffs-rechargeable-disposable-vape-wholesale-bulk-buy\/\">\u00a0WGA Crystal 15k Pufuri<\/a> . Fiecare produs este ales cu accent pe calitate, valoare \u0219i varietate, asigur\u00e2ndu-ne c\u0103 g\u0103se\u0219ti potrivirea perfect\u0103 pentru nevoile tale. Descoper\u0103 servicii excep\u021bionale \u0219i o gam\u0103 larg\u0103 de produse de top cu pre\u021buri de gros la vapestornado.<\/p>\n<\/div>\n<p>&nbsp;<\/p>\n<p><strong>Alte Vape-uri de Unic\u0103 Folosin\u021b\u0103 Populare<\/strong><\/p>\n<p><a href=\"https:\/\/vapestornado.com\/ro\/product\/vapsolo-tornado-pro-12000-puffs-2-5-low-nicotine-bulk-buy-rechargeable-disposable-vapes-pen-wholesale-price\/\">VapSolo Tornado Pro 12000 Pufuri <span style=\"color: #ff0000;\"><strong>&gt;&gt;&gt;&gt; Du-te !<\/strong><\/span><\/a><\/p>\n<p><a href=\"https:\/\/vapestornado.com\/ro\/product\/jnr-mega-shisha-hookah-100000-puffs-disposable-vape-wholesale-price\/\">JNR Mega Shisha Narghilea 100 Puffs<span style=\"color: #ff0000;\"><strong>&gt;&gt;&gt;&gt; Du-te !<\/strong><\/span><\/a><\/p>\n<p><a href=\"https:\/\/vapestornado.com\/ro\/product\/tornado-vape-fihp-15000-puffs-2-low-nicotine-disposable-vape-wholesale\/\">Tornado Vape FIHP 15000 <span style=\"color: #ff0000;\"><strong>&gt;&gt;&gt;&gt; Du-te !<\/strong><\/span><\/a><\/p>\n<\/div>\n<\/div>\n<\/div>\n<p>&nbsp;<\/p>\n<\/div>\n<\/div>\n<\/div>\n<\/div>\n<\/div>\n<\/div>\n<\/div>\n<\/div>\n<\/div>","protected":false},"excerpt":{"rendered":"<p>Uwin Crystal 10000 Pufuri Vape de unic\u0103 folosin\u021b\u0103 pentru utilizare zilnic\u0103 constant\u0103<br \/>\nUwin Crystal 10K Re\u00eenc\u0103rcabil\u0103 de unic\u0103 folosin\u021b\u0103 cu op\u021biuni Low-Nicitube<br \/>\nUwin Crystal 10000 Puff Bar arome bogate \u00eentr-un corp de cristal compact<\/p>\n<p><strong>Adaug\u0103 whatsapp-ul lui Amy pentru a primi r\u0103spuns imediat \u0219i un cupon de vape!<\/strong><\/p>\n<p><img fetchpriority=\"high\" decoding=\"async\" class=\"size-full wp-image-2932\" src=\"https:\/\/vapestornado.com\/wp-content\/uploads\/2024\/12\/Vape-Wholesale.jpg\" alt=\"\u021aig\u0103ri electronice cu ridicata\" width=\"229\" height=\"300\" \/><\/p>\n<h3><a href=\"https:\/\/wa.me\/8617776015835\"><span style=\"color: #ff0000;\"><strong>WhatsApp: +86 17776015835<\/strong><\/span><\/a><\/h3>\n<p>&nbsp;<\/p>","protected":false},"featured_media":3664,"comment_status":"open","ping_status":"closed","template":"","meta":{"_acf_changed":false,"_uag_custom_page_level_css":"","_lmt_disableupdate":"no","_lmt_disable":"","_monsterinsights_skip_tracking":false,"_monsterinsights_sitenote_active":false,"_monsterinsights_sitenote_note":"","_monsterinsights_sitenote_category":0,"site-sidebar-layout":"default","site-content-layout":"","ast-site-content-layout":"default","site-content-style":"default","site-sidebar-style":"default","ast-global-header-display":"","ast-banner-title-visibility":"","ast-main-header-display":"","ast-hfb-above-header-display":"","ast-hfb-below-header-display":"","ast-hfb-mobile-header-display":"","site-post-title":"","ast-breadcrumbs-content":"","ast-featured-img":"","footer-sml-layout":"","ast-disable-related-posts":"","theme-transparent-header-meta":"default","adv-header-id-meta":"","stick-header-meta":"","header-above-stick-meta":"","header-main-stick-meta":"","header-below-stick-meta":"","astra-migrate-meta-layouts":"set","ast-page-background-enabled":"default","ast-page-background-meta":{"desktop":{"background-color":"","background-image":"","background-repeat":"repeat","background-position":"center center","background-size":"auto","background-attachment":"scroll","background-type":"","background-media":"","overlay-type":"","overlay-color":"","overlay-opacity":"","overlay-gradient":""},"tablet":{"background-color":"","background-image":"","background-repeat":"repeat","background-position":"center center","background-size":"auto","background-attachment":"scroll","background-type":"","background-media":"","overlay-type":"","overlay-color":"","overlay-opacity":"","overlay-gradient":""},"mobile":{"background-color":"","background-image":"","background-repeat":"repeat","background-position":"center center","background-size":"auto","background-attachment":"scroll","background-type":"","background-media":"","overlay-type":"","overlay-color":"","overlay-opacity":"","overlay-gradient":""}},"ast-content-background-meta":{"desktop":{"background-color":"var(--ast-global-color-5)","background-image":"","background-repeat":"repeat","background-position":"center center","background-size":"auto","background-attachment":"scroll","background-type":"","background-media":"","overlay-type":"","overlay-color":"","overlay-opacity":"","overlay-gradient":""},"tablet":{"background-color":"var(--ast-global-color-5)","background-image":"","background-repeat":"repeat","background-position":"center center","background-size":"auto","background-attachment":"scroll","background-type":"","background-media":"","overlay-type":"","overlay-color":"","overlay-opacity":"","overlay-gradient":""},"mobile":{"background-color":"var(--ast-global-color-5)","background-image":"","background-repeat":"repeat","background-position":"center center","background-size":"auto","background-attachment":"scroll","background-type":"","background-media":"","overlay-type":"","overlay-color":"","overlay-opacity":"","overlay-gradient":""}},"_joinchat":{"telephone":"+8617776015835"}},"product_brand":[],"product_cat":[106,153,160,143,146,233],"product_tag":[165,120,97,166,94,227,477],"class_list":{"0":"post-3683","1":"product","2":"type-product","3":"status-publish","4":"has-post-thumbnail","6":"product_cat-10000-puff","7":"product_cat-buy-disposable-vapes-in-italy","8":"product_cat-buy-disposable-vapes-in-switzerland","9":"product_cat-dual-mesh-disposable-vapes","10":"product_cat-rechargeable-disposable-vapes","11":"product_cat-uwin-vape","12":"product_tag-cheap-vapes","13":"product_tag-crystal-vape","14":"product_tag-hot-sale-disposable-vape","15":"product_tag-low-nicotine-vape","16":"product_tag-rechargeable-disposable-vape","17":"product_tag-uwin-crystal-10000","18":"product_tag-vape-with-rgb-light","19":"desktop-align-left","20":"tablet-align-left","21":"mobile-align-left","23":"first","24":"instock","25":"sale","26":"shipping-taxable","27":"purchasable","28":"product-type-simple"},"acf":[],"uagb_featured_image_src":{"full":["https:\/\/vapestornado.com\/wp-content\/uploads\/2025\/01\/UWIN-Crystal-10000-Puffs-Disposable-Vape-Wholesale.webp",800,870,false],"thumbnail":["https:\/\/vapestornado.com\/wp-content\/uploads\/2025\/01\/UWIN-Crystal-10000-Puffs-Disposable-Vape-Wholesale-150x150.webp",150,150,true],"medium":["https:\/\/vapestornado.com\/wp-content\/uploads\/2025\/01\/UWIN-Crystal-10000-Puffs-Disposable-Vape-Wholesale-276x300.webp",276,300,true],"medium_large":["https:\/\/vapestornado.com\/wp-content\/uploads\/2025\/01\/UWIN-Crystal-10000-Puffs-Disposable-Vape-Wholesale-768x835.webp",768,835,true],"large":["https:\/\/vapestornado.com\/wp-content\/uploads\/2025\/01\/UWIN-Crystal-10000-Puffs-Disposable-Vape-Wholesale.webp",800,870,false],"1536x1536":["https:\/\/vapestornado.com\/wp-content\/uploads\/2025\/01\/UWIN-Crystal-10000-Puffs-Disposable-Vape-Wholesale.webp",800,870,false],"2048x2048":["https:\/\/vapestornado.com\/wp-content\/uploads\/2025\/01\/UWIN-Crystal-10000-Puffs-Disposable-Vape-Wholesale.webp",800,870,false],"trp-custom-language-flag":["https:\/\/vapestornado.com\/wp-content\/uploads\/2025\/01\/UWIN-Crystal-10000-Puffs-Disposable-Vape-Wholesale.webp",11,12,false],"woocommerce_thumbnail":["https:\/\/vapestornado.com\/wp-content\/uploads\/2025\/01\/UWIN-Crystal-10000-Puffs-Disposable-Vape-Wholesale-300x300.webp",300,300,true],"woocommerce_single":["https:\/\/vapestornado.com\/wp-content\/uploads\/2025\/01\/UWIN-Crystal-10000-Puffs-Disposable-Vape-Wholesale-600x653.webp",600,653,true],"woocommerce_gallery_thumbnail":["https:\/\/vapestornado.com\/wp-content\/uploads\/2025\/01\/UWIN-Crystal-10000-Puffs-Disposable-Vape-Wholesale-100x100.webp",100,100,true]},"uagb_author_info":{"display_name":"ESAMY","author_link":"https:\/\/vapestornado.com\/ro\/author\/"},"uagb_comment_info":0,"uagb_excerpt":"Uwin Crystal 10000 Puffs Disposable Vape for Steady Daily Use Uwin Crystal 10K Rechargeable Disposable with Low-Nicitube Options Uwin Crystal 10000 Puff Bar Rich Flavors in a Compact Crystal Body Add Amy's whatsapp get right reply and vape coupon! WhatsApp: +86 17776015835 &nbsp;","_links":{"self":[{"href":"https:\/\/vapestornado.com\/ro\/wp-json\/wp\/v2\/product\/3683","targetHints":{"allow":["GET"]}}],"collection":[{"href":"https:\/\/vapestornado.com\/ro\/wp-json\/wp\/v2\/product"}],"about":[{"href":"https:\/\/vapestornado.com\/ro\/wp-json\/wp\/v2\/types\/product"}],"replies":[{"embeddable":true,"href":"https:\/\/vapestornado.com\/ro\/wp-json\/wp\/v2\/comments?post=3683"}],"wp:featuredmedia":[{"embeddable":true,"href":"https:\/\/vapestornado.com\/ro\/wp-json\/wp\/v2\/media\/3664"}],"wp:attachment":[{"href":"https:\/\/vapestornado.com\/ro\/wp-json\/wp\/v2\/media?parent=3683"}],"wp:term":[{"taxonomy":"product_brand","embeddable":true,"href":"https:\/\/vapestornado.com\/ro\/wp-json\/wp\/v2\/product_brand?post=3683"},{"taxonomy":"product_cat","embeddable":true,"href":"https:\/\/vapestornado.com\/ro\/wp-json\/wp\/v2\/product_cat?post=3683"},{"taxonomy":"product_tag","embeddable":true,"href":"https:\/\/vapestornado.com\/ro\/wp-json\/wp\/v2\/product_tag?post=3683"}],"curies":[{"name":"wp","href":"https:\/\/api.w.org\/{rel}","templated":true}]}}