{"id":3668,"date":"2025-01-03T09:09:38","date_gmt":"2025-01-03T09:09:38","guid":{"rendered":"https:\/\/vapestornado.com\/?post_type=product&#038;p=3668"},"modified":"2025-08-23T10:46:05","modified_gmt":"2025-08-23T10:46:05","slug":"wholesale-waspe-40000-puffs-dual-flavor-disposable-vape","status":"publish","type":"product","link":"https:\/\/vapestornado.com\/ro\/product\/wholesale-waspe-40000-puffs-dual-flavor-disposable-vape\/","title":{"rendered":"Vape de unic\u0103 folosin\u021b\u0103 Waspe 40000 Puffs cu arom\u0103 dubl\u0103 en-gros"},"content":{"rendered":"<h1>Vape de unic\u0103 folosin\u021b\u0103 Waspe 40000 Puffs cu arom\u0103 dubl\u0103 en-gros<\/h1>\n<p data-start=\"276\" data-end=\"565\">Sistemul <strong data-start=\"280\" data-end=\"329\">Waspe 40000 Puffs Vape de unic\u0103 folosin\u021b\u0103 cu arom\u0103 dual\u0103<\/strong> este construit pentru angrosi\u0219ti \u0219i comercian\u021bi cu am\u0103nuntul care caut\u0103 un dispozitiv de mare capacitate cu caracteristici unice. Oferind p\u00e2n\u0103 la <strong data-start=\"437\" data-end=\"453\">40.000 de pufuri<\/strong> \u0219i o <strong data-start=\"460\" data-end=\"482\">rezervor de e-lichid de 36 ml<\/strong>, acest vape ofer\u0103 o utilizare extins\u0103, reduc\u00e2nd nevoia de \u00eenlocuiri frecvente.<\/p>\n<p data-start=\"567\" data-end=\"847\">Al s\u0103u <strong data-start=\"571\" data-end=\"593\">sistem cu arom\u0103 dubl\u0103<\/strong> permite utilizatorilor s\u0103 comute \u00eentre dou\u0103 profiluri de arom\u0103 \u00eentr-un singur dispozitiv, sporind varietatea \u0219i atractivitatea pentru clien\u021bi. Echipat cu un <strong data-start=\"721\" data-end=\"752\">baterie re\u00eenc\u0103rcabil\u0103 de 850mAh<\/strong> si <strong data-start=\"757\" data-end=\"781\">\u00eenc\u0103rcare rapid\u0103 de tip C<\/strong>, Waspe 40K asigur\u0103 o performan\u021b\u0103 fiabil\u0103 pe tot parcursul zilei.<\/p>\n<p data-start=\"849\" data-end=\"1132\">Sistemul <strong data-start=\"853\" data-end=\"874\">afi\u0219aj inteligent LED<\/strong> \u021bine utilizatorii informa\u021bi despre durata de via\u021b\u0103 a bateriei \u0219i nivelurile de e-lichid, \u00een timp ce <strong data-start=\"946\" data-end=\"965\">rezisten\u021bele mesh de 0,9\u03a9<\/strong> ofer\u0103 o produc\u021bie lin\u0103 de vapori \u0219i o arom\u0103 \u00eendr\u0103znea\u021b\u0103. Disponibil \u00een <strong data-start=\"1028\" data-end=\"1060\">Concentra\u021bii de nicotin\u0103 2% \u0219i 5%<\/strong>, se adreseaz\u0103 at\u00e2t utilizatorilor mai u\u0219ori, c\u00e2t \u0219i celor care prefer\u0103 un impact mai puternic.<\/p>\n<p data-start=\"1134\" data-end=\"1325\">Pentru distribuitorii europeni, <strong data-start=\"1165\" data-end=\"1197\">Waspe 40000 Vape cu arom\u0103 dual\u0103<\/strong> combin\u0103 capacitatea mare, designul modern \u0219i <strong data-start=\"1242\" data-end=\"1275\">pre\u021buri competitive de v\u00e2nzare cu ridicata<\/strong>, ceea ce \u00eel face o alegere profitabil\u0103 pentru comenzile \u00een vrac.<\/p>\n<p><img fetchpriority=\"high\" decoding=\"async\" class=\"alignnone size-medium wp-image-4246\" src=\"https:\/\/vapestornado.com\/wp-content\/uploads\/2024\/12\/Waspe-DOUBLE-FLAVOUR-40k-Vape-Discount-Price-300x234.jpg\" alt=\"Waspe DOUBLE FLAVOUR 40k Vape Pre\u021b Redus\" width=\"300\" height=\"234\" srcset=\"https:\/\/vapestornado.com\/wp-content\/uploads\/2024\/12\/Waspe-DOUBLE-FLAVOUR-40k-Vape-Discount-Price-300x234.jpg 300w, https:\/\/vapestornado.com\/wp-content\/uploads\/2024\/12\/Waspe-DOUBLE-FLAVOUR-40k-Vape-Discount-Price-1024x799.jpg 1024w, https:\/\/vapestornado.com\/wp-content\/uploads\/2024\/12\/Waspe-DOUBLE-FLAVOUR-40k-Vape-Discount-Price-768x600.jpg 768w, https:\/\/vapestornado.com\/wp-content\/uploads\/2024\/12\/Waspe-DOUBLE-FLAVOUR-40k-Vape-Discount-Price-15x12.jpg 15w, https:\/\/vapestornado.com\/wp-content\/uploads\/2024\/12\/Waspe-DOUBLE-FLAVOUR-40k-Vape-Discount-Price-600x468.jpg 600w, https:\/\/vapestornado.com\/wp-content\/uploads\/2024\/12\/Waspe-DOUBLE-FLAVOUR-40k-Vape-Discount-Price.jpg 1500w\" sizes=\"(max-width: 300px) 100vw, 300px\" \/><\/p>\n<h3>Detalii produs<\/h3>\n<p>Pufuri: 40.000 de pufuri<br \/>\nArom\u0103 dubl\u0103<br \/>\nRezisten\u021b\u0103 tip mesh: 0,9ohm+0,9ohm<br \/>\nE-lichid: 36ml<br \/>\nNicotin\u0103: 0%\/2%\/5%<br \/>\nBaterie: 850mah<br \/>\nRe\u00eenc\u0103rcabil: Type-C<br \/>\nAfi\u0219aj LED<br \/>\nGreutate produs: 120g\/buc. Dimensiune produs: 61*31*115mm<br \/>\nCANTITATE: 160 buc.\/cutie, 10 buc.\/cutie<br \/>\nGreutate brut\u0103: 20 kg<\/p>\n<h3><strong>Waspe 40000 Puffs cu arom\u0103 dubl\u0103<\/strong> Caracteristici<\/h3>\n<ol>\n<li><strong>Sistem de arome duale:<\/strong> Bucura\u021bi-v\u0103 de dou\u0103 arome distincte \u00eentr-un singur dispozitiv pentru o experien\u021b\u0103 de vaping unic\u0103.<\/li>\n<li><strong>Num\u0103r Masiv de Pufuri:<\/strong> Ofer\u0103 p\u00e2n\u0103 la 40.000 de pufuri per dispozitiv pentru o utilizare prelungit\u0103.<\/li>\n<li><strong>Baterie re\u00eenc\u0103rcabil\u0103:<\/strong> Capacitate de 850 mAh cu \u00eenc\u0103rcare rapid\u0103 de tip C.<\/li>\n<li><strong>Capacitate mare de e-lichid:<\/strong> 36 ml de e-lichid asigur\u0103 sesiuni de vaping ne\u00eentrerupte.<\/li>\n<li><strong>Tehnologie Mesh Coil:<\/strong> Rezisten\u021be de 0,9-ohm pentru o arom\u0103 \u00eembun\u0103t\u0103\u021bit\u0103 \u0219i o produc\u021bie de vapori fini.<\/li>\n<\/ol>\n<h3>Lista de arome<\/h3>\n<ol start=\"1\" data-spread=\"false\" data-pm-slice=\"3 3 []\">\n<li>Pepene ro\u0219u ghea\u021b\u0103 \/ L\u0103m\u00e2ie cu limet\u0103<\/li>\n<li>Cirea\u0219\u0103 spumoas\u0103 ghea\u021b\u0103 \/ Vat\u0103 de zah\u0103r cu afine<\/li>\n<li>C\u0103p\u0219un\u0103 pepene ro\u0219u \/ Afine zmeur\u0103<\/li>\n<li>Red Bull ghea\u021b\u0103 \/ C\u0103p\u0219un\u0103 mango<\/li>\n<li>Piersic\u0103 ghea\u021b\u0103 \/ Ananas mango piersic\u0103<\/li>\n<li>Strugure ghea\u021b\u0103 \/ C\u0103p\u0219un\u0103 kiwi<\/li>\n<li>Fructe de p\u0103dure mixte \/ M\u0103r dublu ghea\u021b\u0103<\/li>\n<li>Limonad\u0103 cu afine albastre \/ Gum\u0103 de mestecat cu pepene ro\u0219u<\/li>\n<li>C\u0103p\u0219un\u0103 zmeur\u0103 cirea\u0219\u0103 \/ Love 666<\/li>\n<li>C\u0103p\u0219un\u0103 banan\u0103 \/ Ananas nuc\u0103 de cocos ghea\u021b\u0103<\/li>\n<li>Gum\u0103 de mestecat cu c\u0103p\u0219un\u0103 pepene ro\u0219u \/ Fructe mixte<\/li>\n<li>Cirea\u0219\u0103 cola ghea\u021b\u0103 \/ C\u0103p\u0219un\u0103 zmeur\u0103 bomboane<\/li>\n<li>M\u0103r acru zmeur\u0103 \/ C\u0103p\u0219un\u0103 Big Bang<\/li>\n<li>Piersic\u0103 fructe de p\u0103dure \/ Pepene ro\u0219u mango piersic\u0103<\/li>\n<li>Afine ghea\u021b\u0103 \/ Dragon negru ghea\u021b\u0103<\/li>\n<li>C\u0103p\u0219un\u0103 cirea\u0219\u0103 \/ Kiwi fructul pasiunii guava<\/li>\n<\/ol>\n<h4><strong>Top 5 Arome<\/strong><\/h4>\n<ol start=\"1\" data-spread=\"false\">\n<li><strong>Pepene ro\u0219u ghea\u021b\u0103 \/ L\u0103m\u00e2ie cu limet\u0103:<\/strong> O explozie r\u0103coritoare de fructe de var\u0103 cu o not\u0103 citric\u0103.<\/li>\n<li><strong>Cirea\u0219\u0103 spumoas\u0103 ghea\u021b\u0103 \/ Vat\u0103 de zah\u0103r cu afine:<\/strong> Dulcea\u021b\u0103 \u0219i efervescen\u021b\u0103 perfect\u0103 pentru iubitorii de deserturi.<\/li>\n<li><strong>C\u0103p\u0219un\u0103 Pepene ro\u0219u \/ Afin\u0103 Zmeur\u0103:<\/strong> Un amestec fructat care este at\u00e2t dulce, c\u00e2t \u0219i acri\u0219or.<\/li>\n<li><strong>Ghea\u021b\u0103 Red Bull \/ C\u0103p\u0219un\u0103 Mango:<\/strong> Energizant \u0219i tropical, perfect pentru a-\u021bi da un impuls.<\/li>\n<li><strong>Ghea\u021b\u0103 de Piersic\u0103 \/ Ananas Mango Piersic\u0103:<\/strong> Un trio tropical cu un final r\u0103coros \u0219i \u00eenghe\u021bat.<\/li>\n<\/ol>\n<h2 data-start=\"135\" data-end=\"179\">Compara\u021bie Seria WASPE (Ghid pentru angrosi\u0219ti)<\/h2>\n<p data-start=\"181\" data-end=\"206\"><strong data-start=\"181\" data-end=\"204\">WASPE Tornado 15000<\/strong><\/p>\n<ul data-start=\"207\" data-end=\"569\">\n<li data-start=\"207\" data-end=\"224\">\n<p data-start=\"209\" data-end=\"224\">Puffs: 15.000<\/p>\n<\/li>\n<li data-start=\"225\" data-end=\"257\">\n<p data-start=\"227\" data-end=\"257\">Baterie: 850mAh re\u00eenc\u0103rcabil\u0103<\/p>\n<\/li>\n<li data-start=\"258\" data-end=\"285\">\n<p data-start=\"260\" data-end=\"285\">Capacitate E-lichid: 25ml<\/p>\n<\/li>\n<li data-start=\"286\" data-end=\"310\">\n<p data-start=\"288\" data-end=\"310\">Tip Rezisten\u021b\u0103: Mesh 0.8\u03a9<\/p>\n<\/li>\n<li data-start=\"311\" data-end=\"382\">\n<p data-start=\"313\" data-end=\"382\">Caracteristici cheie: Afi\u0219aj digital, design compact, \u00eenc\u0103rcare rapid\u0103 Type-C<\/p>\n<\/li>\n<li data-start=\"383\" data-end=\"419\">\n<p data-start=\"385\" data-end=\"419\">Op\u021biuni de nicotin\u0103: 0%, 2%, 3%, 5%<\/p>\n<\/li>\n<li data-start=\"420\" data-end=\"499\">\n<p data-start=\"422\" data-end=\"499\">Clien\u021bi \u021bint\u0103: Utilizatori \u00eencep\u0103tori, comercian\u021bi cu am\u0103nuntul care caut\u0103 stocuri accesibile<\/p>\n<\/li>\n<li data-start=\"500\" data-end=\"569\">\n<p data-start=\"502\" data-end=\"569\">Cuvinte cheie pentru v\u00e2nz\u0103ri en gros: Vape de unic\u0103 folosin\u021b\u0103 Waspe 15K, stilou vape en gros<\/p>\n<\/li>\n<\/ul>\n<hr data-start=\"571\" data-end=\"574\" \/>\n<p data-start=\"576\" data-end=\"601\"><strong data-start=\"576\" data-end=\"599\">WASPE 25000 Digital<\/strong><\/p>\n<ul data-start=\"602\" data-end=\"1000\">\n<li data-start=\"602\" data-end=\"619\">\n<p data-start=\"604\" data-end=\"619\">Pufuri: 25.000<\/p>\n<\/li>\n<li data-start=\"620\" data-end=\"652\">\n<p data-start=\"622\" data-end=\"652\">Baterie: 850mAh re\u00eenc\u0103rcabil\u0103<\/p>\n<\/li>\n<li data-start=\"653\" data-end=\"680\">\n<p data-start=\"655\" data-end=\"680\">Capacitate e-lichid: 28ml<\/p>\n<\/li>\n<li data-start=\"681\" data-end=\"705\">\n<p data-start=\"683\" data-end=\"705\">Tip bobin\u0103: Mesh 1.0\u03a9<\/p>\n<\/li>\n<li data-start=\"706\" data-end=\"794\">\n<p data-start=\"708\" data-end=\"794\">Caracteristici cheie: Ecran LED inteligent, comutator cu arom\u0103 dubl\u0103, design re\u00eenc\u0103rcabil ecologic<\/p>\n<\/li>\n<li data-start=\"795\" data-end=\"831\">\n<p data-start=\"797\" data-end=\"831\">Op\u021biuni de nicotin\u0103: 0%, 2%, 3%, 5%<\/p>\n<\/li>\n<li data-start=\"832\" data-end=\"919\">\n<p data-start=\"834\" data-end=\"919\">Clien\u021bi \u021bint\u0103: Comercian\u021bi cu am\u0103nuntul care vizeaz\u0103 cump\u0103r\u0103tori de gam\u0103 medie, distribuitori \u00een Rom\u00e2nia<\/p>\n<\/li>\n<li data-start=\"920\" data-end=\"1000\">\n<p data-start=\"922\" data-end=\"1000\">Cuvinte cheie pentru v\u00e2nz\u0103ri en gros: Vape digital Waspe 25K, v\u00e2nzare en gros de unic\u0103 folosin\u021b\u0103 cu arom\u0103 dubl\u0103<\/p>\n<\/li>\n<\/ul>\n<hr data-start=\"1002\" data-end=\"1005\" \/>\n<p data-start=\"1007\" data-end=\"1042\"><strong data-start=\"1007\" data-end=\"1040\">WASPE FIHP 30000 Ecran Inteligent<\/strong><\/p>\n<ul data-start=\"1043\" data-end=\"1431\">\n<li data-start=\"1043\" data-end=\"1060\">\n<p data-start=\"1045\" data-end=\"1060\">Pufuri: 30.000<\/p>\n<\/li>\n<li data-start=\"1061\" data-end=\"1093\">\n<p data-start=\"1063\" data-end=\"1093\">Baterie: 850mAh re\u00eenc\u0103rcabil\u0103<\/p>\n<\/li>\n<li data-start=\"1094\" data-end=\"1121\">\n<p data-start=\"1096\" data-end=\"1121\">Capacitate e-lichid: 28ml<\/p>\n<\/li>\n<li data-start=\"1122\" data-end=\"1158\">\n<p data-start=\"1124\" data-end=\"1158\">Tip bobin\u0103: Dual Mesh 1.0\u03a9 + 1.0\u03a9<\/p>\n<\/li>\n<li data-start=\"1159\" data-end=\"1246\">\n<p data-start=\"1161\" data-end=\"1246\">Caracteristici cheie: Afi\u0219aj inteligent, dou\u0103 moduri de vapat (Normal<\/p>\n<\/li>\n<li data-start=\"1247\" data-end=\"1275\">\n<p data-start=\"1249\" data-end=\"1275\">Op\u021biuni de nicotin\u0103: 2% , 5%<\/p>\n<\/li>\n<li data-start=\"1276\" data-end=\"1352\">\n<p data-start=\"1278\" data-end=\"1352\">Clien\u021bi \u021bint\u0103: Magazine care se concentreaz\u0103 pe produse premium, pasiona\u021bi de arome<\/p>\n<\/li>\n<li data-start=\"1353\" data-end=\"1431\">\n<p data-start=\"1355\" data-end=\"1431\">Cuvinte cheie pentru v\u00e2nz\u0103ri en gros: Vape Waspe FIHP 30K, v\u00e2nzare en gros de unic\u0103 folosin\u021b\u0103 cu ecran inteligent<\/p>\n<\/li>\n<\/ul>\n<hr data-start=\"1433\" data-end=\"1436\" \/>\n<p data-start=\"1438\" data-end=\"1467\"><strong data-start=\"1438\" data-end=\"1465\">WASPE 40000 Arom\u0103 Dubl\u0103<\/strong><\/p>\n<ul data-start=\"1468\" data-end=\"1847\">\n<li data-start=\"1468\" data-end=\"1485\">\n<p data-start=\"1470\" data-end=\"1485\">Pufuri: 40.000<\/p>\n<\/li>\n<li data-start=\"1486\" data-end=\"1518\">\n<p data-start=\"1488\" data-end=\"1518\">Baterie: 850mAh re\u00eenc\u0103rcabil\u0103<\/p>\n<\/li>\n<li data-start=\"1519\" data-end=\"1546\">\n<p data-start=\"1521\" data-end=\"1546\">Capacitate e-lichid: 36ml<\/p>\n<\/li>\n<li data-start=\"1547\" data-end=\"1576\">\n<p data-start=\"1549\" data-end=\"1576\">Tip bobin\u0103: Dual Mesh 0.9\u03a9<\/p>\n<\/li>\n<li data-start=\"1577\" data-end=\"1655\">\n<p data-start=\"1579\" data-end=\"1655\">Caracteristici cheie: Sistem cu arom\u0103 dubl\u0103, afi\u0219aj inteligent LED, capacitate de lung\u0103 durat\u0103<\/p>\n<\/li>\n<li data-start=\"1656\" data-end=\"1684\">\n<p data-start=\"1658\" data-end=\"1684\">Op\u021biuni de nicotin\u0103: 2% , 5%<\/p>\n<\/li>\n<li data-start=\"1685\" data-end=\"1762\">\n<p data-start=\"1687\" data-end=\"1762\">Clien\u021bi \u021bint\u0103: Utilizatori intensivi, distribuitori care caut\u0103 dispozitive cu durat\u0103 lung\u0103 de via\u021b\u0103<\/p>\n<\/li>\n<li data-start=\"1763\" data-end=\"1847\">\n<p data-start=\"1765\" data-end=\"1847\">Cuvinte cheie pentru v\u00e2nzarea cu ridicata: Waspe 40K vape cu arom\u0103 dual\u0103, vape de unic\u0103 folosin\u021b\u0103 cu ridicata Europa<\/p>\n<\/li>\n<\/ul>\n<h3 data-pm-slice=\"1 3 []\"><strong>\u00centreb\u0103ri frecvente<\/strong><\/h3>\n<ol start=\"1\" data-spread=\"true\">\n<li><strong>C\u00e2t dureaz\u0103 vaporizatorul de unic\u0103 folosin\u021b\u0103 Waspe 40000 Puffs?<\/strong> Cu p\u00e2n\u0103 la 40.000 de pufuri, poate dura s\u0103pt\u0103m\u00e2ni sau chiar luni, \u00een func\u021bie de utilizare.<\/li>\n<li><strong>Este re\u00eenc\u0103rcabil vaporizatorul de unic\u0103 folosin\u021b\u0103 Waspe 40000 Puffs?<\/strong> Da, dispune de o baterie re\u00eenc\u0103rcabil\u0103 de 850mAh cu un port de \u00eenc\u0103rcare de tip C.<\/li>\n<li><strong>Ce niveluri de nicotin\u0103 sunt disponibile?<\/strong> Alege\u021bi \u00eentre 0%, 2% sau 5% nicotin\u0103 pentru a se potrivi nevoilor dumneavoastr\u0103.<\/li>\n<li><strong>Dispozitivul suport\u0103 arome duale?<\/strong> Da, vine cu un sistem cu arom\u0103 dual\u0103 pentru o experien\u021b\u0103 de vapat \u00eembun\u0103t\u0103\u021bit\u0103.<\/li>\n<li><strong>Ce face ca Waspe 40000 Puffs s\u0103 ias\u0103 \u00een eviden\u021b\u0103?<\/strong> Num\u0103rul s\u0103u masiv de pufuri, aromele duale, bateria re\u00eenc\u0103rcabil\u0103 \u0219i calitatea superioar\u0103 a construc\u021biei \u00eel diferen\u021biaz\u0103.<\/li>\n<\/ol>\n<h4>WASPE 40000 Vape-uri cu arom\u0103 dual\u0103 cu ridicata Contacta\u021bi-ne \u0219i ob\u021bine\u021bi o reducere acum!<a href=\"https:\/\/wa.me\/8618077105750\" target=\"_blank\" rel=\"noopener\">+8618077105750<\/a><\/h4>\n<p><img decoding=\"async\" class=\"size-large wp-image-2921\" src=\"https:\/\/vapestornado.com\/wp-content\/uploads\/2024\/11\/20062b3a285f900e79520aad496b94d-887x1024.jpg\" alt=\"vapestornado Vicky\" width=\"887\" height=\"1024\" srcset=\"https:\/\/vapestornado.com\/wp-content\/uploads\/2024\/11\/20062b3a285f900e79520aad496b94d-887x1024.jpg 887w, https:\/\/vapestornado.com\/wp-content\/uploads\/2024\/11\/20062b3a285f900e79520aad496b94d-260x300.jpg 260w, https:\/\/vapestornado.com\/wp-content\/uploads\/2024\/11\/20062b3a285f900e79520aad496b94d-768x887.jpg 768w, https:\/\/vapestornado.com\/wp-content\/uploads\/2024\/11\/20062b3a285f900e79520aad496b94d-600x693.jpg 600w, https:\/\/vapestornado.com\/wp-content\/uploads\/2024\/11\/20062b3a285f900e79520aad496b94d.jpg 1080w\" sizes=\"(max-width: 887px) 100vw, 887px\" \/><\/p>","protected":false},"excerpt":{"rendered":"<p data-start=\"1365\" data-end=\"1535\">Sistemul <strong data-start=\"1369\" data-end=\"1395\">Vape Waspe 40000 Puffs<\/strong> ofer\u0103 arome duale, capacitate de 36 ml \u0219i un ecran LED inteligent. O alegere re\u00eenc\u0103rcabil\u0103, de lung\u0103 durat\u0103 pentru <strong data-start=\"1496\" data-end=\"1532\">pie\u021bele angro de vape din Europa<\/strong>.<\/p>\n<p><strong><span style=\"color: #ff0000;\">(pre\u021bul de pe site-ul nostru nu include costul de transport, v\u0103 rug\u0103m s\u0103 m\u0103 contacta\u021bi pentru a ob\u021bine pre\u021bul complet \u0219i reducerea dumneavoastr\u0103!)<\/span><\/strong><\/p>\n<p><img decoding=\"async\" class=\"size-medium wp-image-2921\" src=\"https:\/\/vapestornado.com\/wp-content\/uploads\/2024\/11\/20062b3a285f900e79520aad496b94d-260x300.jpg\" alt=\"vapestornado Vicky\" width=\"260\" height=\"300\" srcset=\"https:\/\/vapestornado.com\/wp-content\/uploads\/2024\/11\/20062b3a285f900e79520aad496b94d-260x300.jpg 260w, https:\/\/vapestornado.com\/wp-content\/uploads\/2024\/11\/20062b3a285f900e79520aad496b94d-887x1024.jpg 887w, https:\/\/vapestornado.com\/wp-content\/uploads\/2024\/11\/20062b3a285f900e79520aad496b94d-768x887.jpg 768w, https:\/\/vapestornado.com\/wp-content\/uploads\/2024\/11\/20062b3a285f900e79520aad496b94d-600x693.jpg 600w, https:\/\/vapestornado.com\/wp-content\/uploads\/2024\/11\/20062b3a285f900e79520aad496b94d.jpg 1080w\" sizes=\"(max-width: 260px) 100vw, 260px\" \/><\/p>","protected":false},"featured_media":4245,"comment_status":"open","ping_status":"closed","template":"","meta":{"_acf_changed":false,"_uag_custom_page_level_css":"","_lmt_disableupdate":"no","_lmt_disable":"","_monsterinsights_skip_tracking":false,"_monsterinsights_sitenote_active":false,"_monsterinsights_sitenote_note":"","_monsterinsights_sitenote_category":0,"site-sidebar-layout":"default","site-content-layout":"","ast-site-content-layout":"default","site-content-style":"default","site-sidebar-style":"default","ast-global-header-display":"","ast-banner-title-visibility":"","ast-main-header-display":"","ast-hfb-above-header-display":"","ast-hfb-below-header-display":"","ast-hfb-mobile-header-display":"","site-post-title":"","ast-breadcrumbs-content":"","ast-featured-img":"","footer-sml-layout":"","ast-disable-related-posts":"","theme-transparent-header-meta":"default","adv-header-id-meta":"","stick-header-meta":"","header-above-stick-meta":"","header-main-stick-meta":"","header-below-stick-meta":"","astra-migrate-meta-layouts":"set","ast-page-background-enabled":"default","ast-page-background-meta":{"desktop":{"background-color":"","background-image":"","background-repeat":"repeat","background-position":"center center","background-size":"auto","background-attachment":"scroll","background-type":"","background-media":"","overlay-type":"","overlay-color":"","overlay-opacity":"","overlay-gradient":""},"tablet":{"background-color":"","background-image":"","background-repeat":"repeat","background-position":"center center","background-size":"auto","background-attachment":"scroll","background-type":"","background-media":"","overlay-type":"","overlay-color":"","overlay-opacity":"","overlay-gradient":""},"mobile":{"background-color":"","background-image":"","background-repeat":"repeat","background-position":"center center","background-size":"auto","background-attachment":"scroll","background-type":"","background-media":"","overlay-type":"","overlay-color":"","overlay-opacity":"","overlay-gradient":""}},"ast-content-background-meta":{"desktop":{"background-color":"var(--ast-global-color-5)","background-image":"","background-repeat":"repeat","background-position":"center center","background-size":"auto","background-attachment":"scroll","background-type":"","background-media":"","overlay-type":"","overlay-color":"","overlay-opacity":"","overlay-gradient":""},"tablet":{"background-color":"var(--ast-global-color-5)","background-image":"","background-repeat":"repeat","background-position":"center center","background-size":"auto","background-attachment":"scroll","background-type":"","background-media":"","overlay-type":"","overlay-color":"","overlay-opacity":"","overlay-gradient":""},"mobile":{"background-color":"var(--ast-global-color-5)","background-image":"","background-repeat":"repeat","background-position":"center center","background-size":"auto","background-attachment":"scroll","background-type":"","background-media":"","overlay-type":"","overlay-color":"","overlay-opacity":"","overlay-gradient":""}},"_joinchat":{"telephone":"+8618077105750"}},"product_brand":[],"product_cat":[140,65,152,154,155,158,160,143,60],"product_tag":[],"class_list":{"0":"post-3668","1":"product","2":"type-product","3":"status-publish","4":"has-post-thumbnail","6":"product_cat-big-puffs-disposable-vapes","7":"product_cat-40000-puff","8":"product_cat-buy-disposable-vapes-in-cermany","9":"product_cat-buy-disposable-vapes-in-netherlands","10":"product_cat-buy-disposable-vapes-in-norway","11":"product_cat-buy-disposable-vapes-in-spain","12":"product_cat-buy-disposable-vapes-in-switzerland","13":"product_cat-dual-mesh-disposable-vapes","14":"product_cat-waspe-fihp-vape","15":"desktop-align-left","16":"tablet-align-left","17":"mobile-align-left","19":"first","20":"instock","21":"sale","22":"shipping-taxable","23":"purchasable","24":"product-type-simple"},"acf":[],"uagb_featured_image_src":{"full":["https:\/\/vapestornado.com\/wp-content\/uploads\/2024\/12\/Waspe-DOUBLE-FLAVOUR-40k-Vape-Cheap-Price.jpg",1500,1500,false],"thumbnail":["https:\/\/vapestornado.com\/wp-content\/uploads\/2024\/12\/Waspe-DOUBLE-FLAVOUR-40k-Vape-Cheap-Price-150x150.jpg",150,150,true],"medium":["https:\/\/vapestornado.com\/wp-content\/uploads\/2024\/12\/Waspe-DOUBLE-FLAVOUR-40k-Vape-Cheap-Price-300x300.jpg",300,300,true],"medium_large":["https:\/\/vapestornado.com\/wp-content\/uploads\/2024\/12\/Waspe-DOUBLE-FLAVOUR-40k-Vape-Cheap-Price-768x768.jpg",768,768,true],"large":["https:\/\/vapestornado.com\/wp-content\/uploads\/2024\/12\/Waspe-DOUBLE-FLAVOUR-40k-Vape-Cheap-Price-1024x1024.jpg",1024,1024,true],"1536x1536":["https:\/\/vapestornado.com\/wp-content\/uploads\/2024\/12\/Waspe-DOUBLE-FLAVOUR-40k-Vape-Cheap-Price.jpg",1500,1500,false],"2048x2048":["https:\/\/vapestornado.com\/wp-content\/uploads\/2024\/12\/Waspe-DOUBLE-FLAVOUR-40k-Vape-Cheap-Price.jpg",1500,1500,false],"trp-custom-language-flag":["https:\/\/vapestornado.com\/wp-content\/uploads\/2024\/12\/Waspe-DOUBLE-FLAVOUR-40k-Vape-Cheap-Price-12x12.jpg",12,12,true],"woocommerce_thumbnail":["https:\/\/vapestornado.com\/wp-content\/uploads\/2024\/12\/Waspe-DOUBLE-FLAVOUR-40k-Vape-Cheap-Price-300x300.jpg",300,300,true],"woocommerce_single":["https:\/\/vapestornado.com\/wp-content\/uploads\/2024\/12\/Waspe-DOUBLE-FLAVOUR-40k-Vape-Cheap-Price-600x600.jpg",600,600,true],"woocommerce_gallery_thumbnail":["https:\/\/vapestornado.com\/wp-content\/uploads\/2024\/12\/Waspe-DOUBLE-FLAVOUR-40k-Vape-Cheap-Price-100x100.jpg",100,100,true]},"uagb_author_info":{"display_name":"ESvicky","author_link":"https:\/\/vapestornado.com\/ro\/author\/"},"uagb_comment_info":0,"uagb_excerpt":"The Waspe 40000 Puffs Vape offers dual flavors, 36ml capacity, and a smart LED screen. A long-lasting, rechargeable choice for wholesale vape markets in Europe. (our website price not include shipping cost, please contact me to get whole price and your disccount!)","_links":{"self":[{"href":"https:\/\/vapestornado.com\/ro\/wp-json\/wp\/v2\/product\/3668","targetHints":{"allow":["GET"]}}],"collection":[{"href":"https:\/\/vapestornado.com\/ro\/wp-json\/wp\/v2\/product"}],"about":[{"href":"https:\/\/vapestornado.com\/ro\/wp-json\/wp\/v2\/types\/product"}],"replies":[{"embeddable":true,"href":"https:\/\/vapestornado.com\/ro\/wp-json\/wp\/v2\/comments?post=3668"}],"wp:featuredmedia":[{"embeddable":true,"href":"https:\/\/vapestornado.com\/ro\/wp-json\/wp\/v2\/media\/4245"}],"wp:attachment":[{"href":"https:\/\/vapestornado.com\/ro\/wp-json\/wp\/v2\/media?parent=3668"}],"wp:term":[{"taxonomy":"product_brand","embeddable":true,"href":"https:\/\/vapestornado.com\/ro\/wp-json\/wp\/v2\/product_brand?post=3668"},{"taxonomy":"product_cat","embeddable":true,"href":"https:\/\/vapestornado.com\/ro\/wp-json\/wp\/v2\/product_cat?post=3668"},{"taxonomy":"product_tag","embeddable":true,"href":"https:\/\/vapestornado.com\/ro\/wp-json\/wp\/v2\/product_tag?post=3668"}],"curies":[{"name":"wp","href":"https:\/\/api.w.org\/{rel}","templated":true}]}}