{"id":3661,"date":"2025-01-03T08:52:12","date_gmt":"2025-01-03T08:52:12","guid":{"rendered":"https:\/\/vapestornado.com\/?post_type=product&#038;p=3661"},"modified":"2025-08-23T09:37:36","modified_gmt":"2025-08-23T09:37:36","slug":"cheap-price-razz-bar-25000-puffs-wholesale-vape","status":"publish","type":"product","link":"https:\/\/vapestornado.com\/ro\/product\/cheap-price-razz-bar-25000-puffs-wholesale-vape\/","title":{"rendered":"Pre\u021b Mic RAZZ BAR 25000 Puff-uri Vape en Gros"},"content":{"rendered":"<h1>Pre\u021b Mic RAZZ BAR 25000 Puff-uri Vape en Gros<\/h1>\n<div role=\"article\" data-tabster=\"{&quot;groupper&quot;:{&quot;tabbability&quot;:2},&quot;focusable&quot;:{}}\" data-content=\"ai-message\" aria-labelledby=\"64JRvXrTnY7mRmPkEQLLT-author 64JRvXrTnY7mRmPkEQLLT-content\">\n<div id=\"64JRvXrTnY7mRmPkEQLLT-content\">\n<div role=\"article\" data-tabster=\"{&quot;groupper&quot;:{&quot;tabbability&quot;:2},&quot;focusable&quot;:{}}\" data-content=\"ai-message\" aria-labelledby=\"64JRvXrTnY7mRmPkEQLLT-author 64JRvXrTnY7mRmPkEQLLT-content\">\n<div id=\"64JRvXrTnY7mRmPkEQLLT-content\">\n<p>Sistemul <strong>RAZZ BAR 25000 Puff-uri Vape de Unic\u0103 Folosin\u021b\u0103<\/strong> este un punct de cotitur\u0103 at\u00e2t pentru entuzia\u0219tii vaping-ului, c\u00e2t \u0219i pentru angrosi\u0219ti. Proiectat cu inova\u021bia \u00een centrul s\u0103u, acest dispozitiv de mare capacitate ofer\u0103 o combina\u021bie perfect\u0103 de calitate, stil \u0219i accesibilitate. Cu un impresionant <strong>num\u0103r de 25.000 de puff-uri<\/strong>, garanteaz\u0103 o pl\u0103cere extins\u0103, f\u0103c\u00e2ndu-l perfect pentru cei care caut\u0103 valoare pe termen lung.<\/p>\n<p>Fiecare unitate dispune de o <strong>baterie re\u00eenc\u0103rcabil\u0103 de 650mAh<\/strong>, completat\u0103 de o tehnologie de \u00eenc\u0103rcare <strong>Type-C rapid\u0103 \u0219i fiabil\u0103<\/strong>, asigur\u00e2ndu-v\u0103 c\u0103 r\u0103m\u00e2ne\u021bi alimentat oriunde a\u021bi merge. A sa <strong>tehnologie mesh coil<\/strong> amplific\u0103 fiecare arom\u0103, oferind nori den\u0219i \u0219i fini care v\u0103 sporesc satisfac\u021bia vaping-ului.<\/p>\n<p>Disponibil \u00een <strong>16 arome irezistibile<\/strong> \u0219i infuzat cu <strong>nicotin\u0103 salin\u0103 de 2% sau 5%<\/strong>, RAZZ BAR se adreseaz\u0103 preferin\u021belor gustative diverse. Designul s\u0103u u\u0219or \u0219i portabil \u00eel face ideal at\u00e2t pentru utilizatorii ocazionali, c\u00e2t \u0219i pentru vaperii dedica\u021bi.<\/p>\n<p>Pentru companii, RAZZ BAR este un vis en-gros, ambalat \u00een <strong>200 de buc\u0103\u021bi per carton<\/strong> pentru o distribu\u021bie eficient\u0103 \u00een vrac. Cu pre\u021burile sale competitive \u0219i caracteristicile premium, acest produs este un must-have pentru extinderea inventarului dumneavoastr\u0103.<\/p>\n<p>\u00cembun\u0103t\u0103\u021bi\u021bi-v\u0103 experien\u021ba de vaping sau aproviziona\u021bi-v\u0103 rafturile cu <strong>RAZZ BAR 25000 Puff-uri<\/strong>, echilibrul perfect \u00eentre performan\u021b\u0103 \u0219i accesibilitate. Nu rata\u021bi ocazia de a oferi un produs care redefine\u0219te pia\u021ba vape-urilor de unic\u0103 folosin\u021b\u0103!<\/p>\n<\/div>\n<\/div>\n<figure id=\"attachment_3686\" aria-describedby=\"caption-attachment-3686\" style=\"width: 531px\" class=\"wp-caption alignnone\"><img fetchpriority=\"high\" decoding=\"async\" class=\"wp-image-3686\" src=\"https:\/\/vapestornado.com\/wp-content\/uploads\/2025\/01\/RAZZ-BAR-25000-Puffs-Lemon-Lime.webp\" alt=\"RAZZ BAR 25000 Pufuri L\u0103m\u00e2ie Verde\" width=\"531\" height=\"531\" srcset=\"https:\/\/vapestornado.com\/wp-content\/uploads\/2025\/01\/RAZZ-BAR-25000-Puffs-Lemon-Lime.webp 800w, https:\/\/vapestornado.com\/wp-content\/uploads\/2025\/01\/RAZZ-BAR-25000-Puffs-Lemon-Lime-300x300.webp 300w, https:\/\/vapestornado.com\/wp-content\/uploads\/2025\/01\/RAZZ-BAR-25000-Puffs-Lemon-Lime-150x150.webp 150w, https:\/\/vapestornado.com\/wp-content\/uploads\/2025\/01\/RAZZ-BAR-25000-Puffs-Lemon-Lime-768x768.webp 768w, https:\/\/vapestornado.com\/wp-content\/uploads\/2025\/01\/RAZZ-BAR-25000-Puffs-Lemon-Lime-600x600.webp 600w, https:\/\/vapestornado.com\/wp-content\/uploads\/2025\/01\/RAZZ-BAR-25000-Puffs-Lemon-Lime-100x100.webp 100w\" sizes=\"(max-width: 531px) 100vw, 531px\" \/><figcaption id=\"caption-attachment-3686\" class=\"wp-caption-text\">RAZZ BAR 25000 Pufuri L\u0103m\u00e2ie Verde<\/figcaption><\/figure>\n<\/div>\n<\/div>\n<p><img decoding=\"async\" class=\"alignleft wp-image-2951 size-medium\" src=\"https:\/\/vapestornado.com\/wp-content\/uploads\/2024\/12\/Wholesale-Disposable-Vape-265x300.jpg\" alt=\"Vape de unic\u0103 folosin\u021b\u0103 en-gros\" width=\"265\" height=\"300\" srcset=\"https:\/\/vapestornado.com\/wp-content\/uploads\/2024\/12\/Wholesale-Disposable-Vape-265x300.jpg 265w, https:\/\/vapestornado.com\/wp-content\/uploads\/2024\/12\/Wholesale-Disposable-Vape-768x871.jpg 768w, https:\/\/vapestornado.com\/wp-content\/uploads\/2024\/12\/Wholesale-Disposable-Vape-600x680.jpg 600w, https:\/\/vapestornado.com\/wp-content\/uploads\/2024\/12\/Wholesale-Disposable-Vape.jpg 823w\" sizes=\"(max-width: 265px) 100vw, 265px\" \/><\/p>\n<h5>Contacta\u021bi-o pe Mandy pe WhatsApp pentru pre\u021b redus:<a href=\"https:\/\/wa.me\/8618077105796\" target=\"_blank\" rel=\"noopener\">+8618077105796<\/a><\/h5>\n<div class=\"flex max-w-full flex-col flex-grow\">\n<div class=\"min-h-8 text-message flex w-full flex-col items-end gap-2 whitespace-normal break-words text-start [.text-message+&amp;]:mt-5\" dir=\"auto\" data-message-author-role=\"assistant\" data-message-id=\"cdb991c0-f594-4bff-b2d5-fbbdd7ce9e54\" data-message-model-slug=\"gpt-4o-mini\">\n<div class=\"flex w-full flex-col gap-1 empty:hidden first:pt-[3px]\">\n<div class=\"markdown prose w-full break-words dark:prose-invert light\"><\/div>\n<\/div>\n<\/div>\n<\/div>\n<div class=\"mb-2 flex gap-3 empty:hidden -ml-2\">\n<h2>Razz bar 25000pufuri vape Caracteristici cheie:<\/h2>\n<ul>\n<li><strong>Concentra\u021bie de Nicotin\u0103:<\/strong> Disponibil \u00een nicotin\u0103 salin\u0103 de 2% \u0219i 5% pentru o experien\u021b\u0103 de vaping personalizat\u0103.<\/li>\n<li><strong>Num\u0103r de pufuri:<\/strong> P\u00e2n\u0103 la <strong>25.000 de pufuri<\/strong>, asigur\u00e2nd o longevitate de neegalat.<\/li>\n<li><strong>Arome:<\/strong> Alege\u021bi dintre <strong>16 arome premium<\/strong>, fiecare creat pentru satisfac\u021bie maxim\u0103.<\/li>\n<li><strong>Baterie:<\/strong> <strong>baterie re\u00eenc\u0103rcabil\u0103 de 650mAh<\/strong> cu eficient <strong>\u00eenc\u0103rcare rapid\u0103 de tip C<\/strong> pentru utilizare ne\u00eentrerupt\u0103.<\/li>\n<li><strong>Tehnologie:<\/strong> Integrat <strong>tehnologie mesh coil<\/strong> ofer\u0103 vapori consisten\u021bi, fini \u0219i o arom\u0103 intensificat\u0103.<\/li>\n<li><strong>Ambalare:<\/strong> Ambalat convenabil cu <strong>200 de buc\u0103\u021bi per carton<\/strong> pentru comenzi en-gros.<\/li>\n<\/ul>\n<\/div>\n<h2>RAZZBAR 25000 Pufuri Vape Pods Arome la Cald:<\/h2>\n<p>1.Ghea\u021b\u0103 de piersici suculente<br \/>\n2.Banana cu c\u0103p\u0219uni<br \/>\n3.Struguri Red Bull<br \/>\n4.Ghea\u021b\u0103 de afine<br \/>\n5. Ghea\u021b\u0103 de pepene verde<br \/>\n6. Ghea\u021b\u0103 luxuriant\u0103<br \/>\n7. Fructe tropicale<br \/>\n8. C\u0103p\u0219uni kiwi<br \/>\n9. Ghea\u021b\u0103 de c\u0103p\u0219uni<br \/>\n10. Fructe de p\u0103dure amestecate<br \/>\n11. Ghea\u021b\u0103 de c\u0103p\u0219uni, zmeur\u0103 \u0219i cire\u0219e<br \/>\n12. Love 66<br \/>\n13. Ghea\u021b\u0103 de dragon negru<br \/>\n14. L\u0103m\u00e2ie verde<br \/>\n15. Zmeur\u0103 acri\u0219oar\u0103 cu afine<br \/>\n16. Gum\u0103 de mestecat cu c\u0103p\u0219uni \u0219i pepene verde<\/p>\n<div role=\"article\" data-tabster=\"{&quot;groupper&quot;:{&quot;tabbability&quot;:2},&quot;focusable&quot;:{}}\" data-content=\"ai-message\" aria-labelledby=\"dARUyEWDoEYhnSPXFwx5A-author dARUyEWDoEYhnSPXFwx5A-content\">\n<div id=\"dARUyEWDoEYhnSPXFwx5A-content\">\n<h2>De ce s\u0103 alege\u021bi RAZZ BAR 25000 Puffs <strong>\u00a0<\/strong>at <a href=\"https:\/\/vapestornado.com\/ro\/product\/bang-box-35k-puffs-high-capacity-long-lasting-disposable-vape\/\">vapestornado.com?<\/a><\/h2>\n<h4><strong>*Longevitate de neegalat<\/strong><\/h4>\n<p>Sistemul <strong>RAZZ BAR 25000 Puff-uri<\/strong> este proiectat pentru rezisten\u021b\u0103, oferind p\u00e2n\u0103 la <strong>25.000 de pufuri<\/strong> pufuri per dispozitiv. Acest lucru \u00eel face alegerea ideal\u0103 pentru vaperii care prioritizeaz\u0103 performan\u021ba de lung\u0103 durat\u0103 f\u0103r\u0103 \u00eenlocuiri constante.<\/p>\n<h4><strong>*Calitate superioar\u0103 la pre\u021buri competitive<\/strong><\/h4>\n<p>At <strong>vapestornado.ro<\/strong>, oferim RAZZ BAR la pre\u021buri de gros imbatabile, ceea ce \u00eel face o op\u021biune rentabil\u0103 at\u00e2t pentru comercian\u021bii cu am\u0103nuntul, c\u00e2t \u0219i pentru cump\u0103r\u0103torii individuali. Bucura\u021bi-v\u0103 de tehnologia premium de vaping f\u0103r\u0103 a v\u0103 sparge bugetul.<\/p>\n<h4><strong>*Op\u021biuni diverse de arome<\/strong><\/h4>\n<p>Cu <strong>16 arome vibrante<\/strong> disponibile, exist\u0103 ceva pentru fiecare. De la amestecuri fructate la mentol r\u0103coritor, fiecare arom\u0103 este creat\u0103 pentru a oferi o experien\u021b\u0103 bogat\u0103 \u0219i satisf\u0103c\u0103toare.<\/p>\n<h4><strong>*Caracteristici avansate<\/strong><\/h4>\n<p>Sistemul <strong>baterie re\u00eenc\u0103rcabil\u0103 de 650mAh<\/strong>, combinat cu <strong>\u00eenc\u0103rcare rapid\u0103 de tip C<\/strong> si <strong>tehnologie mesh coil<\/strong>, asigur\u0103 performan\u021be consistente, produc\u021bie lin\u0103 de vapori \u0219i intensitate \u00eendr\u0103znea\u021b\u0103 a aromei la fiecare puf.<\/p>\n<h4><strong>*Partener de \u00eencredere pentru v\u00e2nz\u0103ri en-gros<\/strong><\/h4>\n<p>vapestornado.com este un furnizor de \u00eencredere \u00een industria vapingului, oferind <strong>tranzac\u021bii securizate<\/strong>, <strong>preturi competitive<\/strong>, \u0219i asisten\u021b\u0103 dedicat\u0103 pentru clien\u021bi. Cu ambalare \u00een vrac de <strong>200 de buc\u0103\u021bi per carton<\/strong>, aprovizionarea inventarului dvs. nu a fost niciodat\u0103 mai u\u0219oar\u0103.<\/p>\n<h4><strong>*Design ecologic<\/strong><\/h4>\n<p>RAZZ BAR dispune de tehnologie re\u00eenc\u0103rcabil\u0103, reduc\u00e2nd de\u0219eurile \u0219i sus\u021bin\u00e2nd un stil de via\u021b\u0103 de vaping mai durabil.<\/p>\n<p>Alege\u021bi <strong>RAZZ BAR 25000 Puff-uri<\/strong> at <strong>vapestornado.ro<\/strong> pentru o solu\u021bie premium de vaping care ofer\u0103 valoare excep\u021bional\u0103, inova\u021bie \u0219i arom\u0103 \u00een fiecare puf!<\/p>\n<\/div>\n<\/div>\n<h2>\u00centreb\u0103ri frecvente despre RAZZ BAR VAPE 25000 Puffs<\/h2>\n<p><strong>1. C\u00e2t timp rezist\u0103 RAZZ BAR 25000 Puffs?<\/strong><br \/>\nRAZZ BAR 25000 Puffs ofer\u0103 p\u00e2n\u0103 la 25.000 de pufuri, fiind una dintre cele mai durabile vape-uri de unic\u0103 folosin\u021b\u0103 disponibile. Longevitatea sa depinde de obiceiurile individuale de utilizare, dar de obicei dureaz\u0103 c\u00e2teva s\u0103pt\u0103m\u00e2ni sau chiar luni pentru utilizatorii modera\u021bi.<\/p>\n<p><strong>2. Pot re\u00eenc\u0103rca RAZZ BAR 25000 puffvape de mai multe ori?<\/strong><br \/>\nDa, RAZZ BAR este echipat cu o baterie re\u00eenc\u0103rcabil\u0103 de 650mAh care poate fi re\u00eenc\u0103rcat\u0103 de mai multe ori. Este proiectat pentru a asigura o performan\u021b\u0103 consistent\u0103 pe toat\u0103 durata sa de via\u021b\u0103, astfel \u00eenc\u00e2t s\u0103 \u00eel pute\u021bi utiliza p\u00e2n\u0103 c\u00e2nd e-lichidul este complet terminat.<\/p>\n<p><strong>3. Portul de \u00eenc\u0103rcare Type-C este inclus cu RAZZ BAR 25k puff?<\/strong><br \/>\nRAZZ BAR vine cu un port de \u00eenc\u0103rcare Type-C integrat, permi\u021b\u00e2nd o re\u00eenc\u0103rcare convenabil\u0103 \u0219i rapid\u0103. Cu toate acestea, pachetul nu include un cablu de \u00eenc\u0103rcare, deci va trebui s\u0103 utiliza\u021bi un cablu Type-C standard pentru re\u00eenc\u0103rcare.<\/p>\n<p><strong>4. Care este cea mai bun\u0103 modalitate de a men\u021bine performan\u021ba optim\u0103 pentru 25000 Puffs Vape Pentru RAZZ BAR?<\/strong><br \/>\nPentru a men\u021bine RAZZ BAR s\u0103 func\u021bioneze la capacitate maxim\u0103, \u00eenc\u0103rca\u021bi-l \u00een mod regulat folosind un cablu Type-C \u0219i evita\u021bi supra\u00eenc\u0103rcarea bateriei. Depozita\u021bi dispozitivul \u00eentr-un loc r\u0103coros \u0219i uscat, departe de c\u0103ldur\u0103 sau de lumina direct\u0103 a soarelui. Asigura\u021bi-v\u0103 c\u0103 portul de \u00eenc\u0103rcare r\u0103m\u00e2ne curat \u0219i f\u0103r\u0103 praf. \u00cen plus, permite\u021bi dispozitivului s\u0103 se odihneasc\u0103 \u00eentre sesiunile lungi de vaping pentru a preveni supra\u00eenc\u0103lzirea.<\/p>","protected":false},"excerpt":{"rendered":"<p><strong>RAZZ BAR 25000 Puff-uri Vape en Gros<\/strong> la pre\u021buri imbatabile. Ofer\u0103 16 arome premium, baterie re\u00eenc\u0103rcabil\u0103 de 650mAh \u0219i 25.000 de puff-uri pentru o satisfac\u021bie de lung\u0103 durat\u0103!<\/p>\n<figure id=\"attachment_2951\" aria-describedby=\"caption-attachment-2951\" style=\"width: 265px\" class=\"wp-caption alignnone\"><img decoding=\"async\" class=\"size-medium wp-image-2951\" src=\"https:\/\/vapestornado.com\/wp-content\/uploads\/2024\/12\/Wholesale-Disposable-Vape-265x300.jpg\" alt=\"Vape de unic\u0103 folosin\u021b\u0103 en-gros\" width=\"265\" height=\"300\" srcset=\"https:\/\/vapestornado.com\/wp-content\/uploads\/2024\/12\/Wholesale-Disposable-Vape-265x300.jpg 265w, https:\/\/vapestornado.com\/wp-content\/uploads\/2024\/12\/Wholesale-Disposable-Vape-768x871.jpg 768w, https:\/\/vapestornado.com\/wp-content\/uploads\/2024\/12\/Wholesale-Disposable-Vape-600x680.jpg 600w, https:\/\/vapestornado.com\/wp-content\/uploads\/2024\/12\/Wholesale-Disposable-Vape.jpg 823w\" sizes=\"(max-width: 265px) 100vw, 265px\" \/><figcaption id=\"caption-attachment-2951\" class=\"wp-caption-text\">V\u0103 rug\u0103m s\u0103 contacta\u021bi WhatsApp-ul lui Mandy pentru pre\u021b redus\u00a0 <a href=\"https:\/\/wa.me\/8618077105796\">+8618077105796<\/a><\/figcaption><\/figure>\n<p>&nbsp;<\/p>","protected":false},"featured_media":3687,"comment_status":"open","ping_status":"closed","template":"","meta":{"_acf_changed":false,"_uag_custom_page_level_css":"","_lmt_disableupdate":"no","_lmt_disable":"","_monsterinsights_skip_tracking":false,"_monsterinsights_sitenote_active":false,"_monsterinsights_sitenote_note":"","_monsterinsights_sitenote_category":0,"site-sidebar-layout":"default","site-content-layout":"","ast-site-content-layout":"default","site-content-style":"default","site-sidebar-style":"default","ast-global-header-display":"","ast-banner-title-visibility":"","ast-main-header-display":"","ast-hfb-above-header-display":"","ast-hfb-below-header-display":"","ast-hfb-mobile-header-display":"","site-post-title":"","ast-breadcrumbs-content":"","ast-featured-img":"","footer-sml-layout":"","ast-disable-related-posts":"","theme-transparent-header-meta":"default","adv-header-id-meta":"","stick-header-meta":"","header-above-stick-meta":"","header-main-stick-meta":"","header-below-stick-meta":"","astra-migrate-meta-layouts":"set","ast-page-background-enabled":"default","ast-page-background-meta":{"desktop":{"background-color":"","background-image":"","background-repeat":"repeat","background-position":"center center","background-size":"auto","background-attachment":"scroll","background-type":"","background-media":"","overlay-type":"","overlay-color":"","overlay-opacity":"","overlay-gradient":""},"tablet":{"background-color":"","background-image":"","background-repeat":"repeat","background-position":"center center","background-size":"auto","background-attachment":"scroll","background-type":"","background-media":"","overlay-type":"","overlay-color":"","overlay-opacity":"","overlay-gradient":""},"mobile":{"background-color":"","background-image":"","background-repeat":"repeat","background-position":"center center","background-size":"auto","background-attachment":"scroll","background-type":"","background-media":"","overlay-type":"","overlay-color":"","overlay-opacity":"","overlay-gradient":""}},"ast-content-background-meta":{"desktop":{"background-color":"var(--ast-global-color-5)","background-image":"","background-repeat":"repeat","background-position":"center center","background-size":"auto","background-attachment":"scroll","background-type":"","background-media":"","overlay-type":"","overlay-color":"","overlay-opacity":"","overlay-gradient":""},"tablet":{"background-color":"var(--ast-global-color-5)","background-image":"","background-repeat":"repeat","background-position":"center center","background-size":"auto","background-attachment":"scroll","background-type":"","background-media":"","overlay-type":"","overlay-color":"","overlay-opacity":"","overlay-gradient":""},"mobile":{"background-color":"var(--ast-global-color-5)","background-image":"","background-repeat":"repeat","background-position":"center center","background-size":"auto","background-attachment":"scroll","background-type":"","background-media":"","overlay-type":"","overlay-color":"","overlay-opacity":"","overlay-gradient":""}},"_joinchat":{"telephone":"+8618077105796"}},"product_brand":[],"product_cat":[68,149,153,158,146],"product_tag":[97,228],"class_list":{"0":"post-3661","1":"product","2":"type-product","3":"status-publish","4":"has-post-thumbnail","6":"product_cat-25000-puff","7":"product_cat-buy-disposable-vapes-in-austria","8":"product_cat-buy-disposable-vapes-in-italy","9":"product_cat-buy-disposable-vapes-in-spain","10":"product_cat-rechargeable-disposable-vapes","11":"product_tag-hot-sale-disposable-vape","12":"product_tag-razz-bar-25000-puffs","13":"desktop-align-left","14":"tablet-align-left","15":"mobile-align-left","17":"first","18":"instock","19":"sale","20":"shipping-taxable","21":"purchasable","22":"product-type-simple"},"acf":[],"uagb_featured_image_src":{"full":["https:\/\/vapestornado.com\/wp-content\/uploads\/2025\/01\/RAZZ-BAR-25000-Puffs-Black-Dragon-ice-GEEK-BAR.webp",800,800,false],"thumbnail":["https:\/\/vapestornado.com\/wp-content\/uploads\/2025\/01\/RAZZ-BAR-25000-Puffs-Black-Dragon-ice-GEEK-BAR-150x150.webp",150,150,true],"medium":["https:\/\/vapestornado.com\/wp-content\/uploads\/2025\/01\/RAZZ-BAR-25000-Puffs-Black-Dragon-ice-GEEK-BAR-300x300.webp",300,300,true],"medium_large":["https:\/\/vapestornado.com\/wp-content\/uploads\/2025\/01\/RAZZ-BAR-25000-Puffs-Black-Dragon-ice-GEEK-BAR-768x768.webp",768,768,true],"large":["https:\/\/vapestornado.com\/wp-content\/uploads\/2025\/01\/RAZZ-BAR-25000-Puffs-Black-Dragon-ice-GEEK-BAR.webp",800,800,false],"1536x1536":["https:\/\/vapestornado.com\/wp-content\/uploads\/2025\/01\/RAZZ-BAR-25000-Puffs-Black-Dragon-ice-GEEK-BAR.webp",800,800,false],"2048x2048":["https:\/\/vapestornado.com\/wp-content\/uploads\/2025\/01\/RAZZ-BAR-25000-Puffs-Black-Dragon-ice-GEEK-BAR.webp",800,800,false],"trp-custom-language-flag":["https:\/\/vapestornado.com\/wp-content\/uploads\/2025\/01\/RAZZ-BAR-25000-Puffs-Black-Dragon-ice-GEEK-BAR.webp",12,12,false],"woocommerce_thumbnail":["https:\/\/vapestornado.com\/wp-content\/uploads\/2025\/01\/RAZZ-BAR-25000-Puffs-Black-Dragon-ice-GEEK-BAR-300x300.webp",300,300,true],"woocommerce_single":["https:\/\/vapestornado.com\/wp-content\/uploads\/2025\/01\/RAZZ-BAR-25000-Puffs-Black-Dragon-ice-GEEK-BAR-600x600.webp",600,600,true],"woocommerce_gallery_thumbnail":["https:\/\/vapestornado.com\/wp-content\/uploads\/2025\/01\/RAZZ-BAR-25000-Puffs-Black-Dragon-ice-GEEK-BAR-100x100.webp",100,100,true]},"uagb_author_info":{"display_name":"ESMANDY","author_link":"https:\/\/vapestornado.com\/ro\/author\/"},"uagb_comment_info":0,"uagb_excerpt":"RAZZ BAR 25000 Puffs Wholesale Vape at unbeatable prices. Offering 16 premium flavors, 650mAh rechargeable battery, and 25,000 puffs for long-lasting satisfaction! [caption id=\"attachment_2951\" align=\"alignnone\" width=\"265\"] Pls Contact Mandy's WhatsApp For Discount Price\u00a0 +8618077105796[\/caption] &nbsp;","_links":{"self":[{"href":"https:\/\/vapestornado.com\/ro\/wp-json\/wp\/v2\/product\/3661","targetHints":{"allow":["GET"]}}],"collection":[{"href":"https:\/\/vapestornado.com\/ro\/wp-json\/wp\/v2\/product"}],"about":[{"href":"https:\/\/vapestornado.com\/ro\/wp-json\/wp\/v2\/types\/product"}],"replies":[{"embeddable":true,"href":"https:\/\/vapestornado.com\/ro\/wp-json\/wp\/v2\/comments?post=3661"}],"wp:featuredmedia":[{"embeddable":true,"href":"https:\/\/vapestornado.com\/ro\/wp-json\/wp\/v2\/media\/3687"}],"wp:attachment":[{"href":"https:\/\/vapestornado.com\/ro\/wp-json\/wp\/v2\/media?parent=3661"}],"wp:term":[{"taxonomy":"product_brand","embeddable":true,"href":"https:\/\/vapestornado.com\/ro\/wp-json\/wp\/v2\/product_brand?post=3661"},{"taxonomy":"product_cat","embeddable":true,"href":"https:\/\/vapestornado.com\/ro\/wp-json\/wp\/v2\/product_cat?post=3661"},{"taxonomy":"product_tag","embeddable":true,"href":"https:\/\/vapestornado.com\/ro\/wp-json\/wp\/v2\/product_tag?post=3661"}],"curies":[{"name":"wp","href":"https:\/\/api.w.org\/{rel}","templated":true}]}}