{"id":3649,"date":"2025-01-03T07:00:39","date_gmt":"2025-01-03T07:00:39","guid":{"rendered":"https:\/\/vapestornado.com\/?post_type=product&#038;p=3649"},"modified":"2025-08-23T11:20:23","modified_gmt":"2025-08-23T11:20:23","slug":"jnr-mega-shisha-hookah-100000-puffs-disposable-vape-wholesale-price","status":"publish","type":"product","link":"https:\/\/vapestornado.com\/ro\/product\/jnr-mega-shisha-hookah-100000-puffs-disposable-vape-wholesale-price\/","title":{"rendered":"JNR Mega Shisha Hookah 100000 Pufuri Vape de unic\u0103 folosin\u021b\u0103 Pre\u021b en-gros"},"content":{"rendered":"<h1 class=\"product-title\">JNR Mega Shisha Hookah 100000 Pufuri Vape de unic\u0103 folosin\u021b\u0103 Pre\u021b en-gros<\/h1>\n<p data-start=\"194\" data-end=\"561\">Sistemul <strong data-start=\"198\" data-end=\"253\">Narghilea JNR Mega Shisha de unic\u0103 folosin\u021b\u0103 100000 Pufuri<\/strong> stabile\u0219te un nou standard pentru dispozitivele de unic\u0103 folosin\u021b\u0103 de mare capacitate, fiind o alegere de top pentru <strong data-start=\"331\" data-end=\"371\">distribuitori \u0219i comercian\u021bi cu am\u0103nuntul din Rom\u00e2nia<\/strong> care caut\u0103 produse remarcabile \u00een Europa. Cu un incredibil <strong data-start=\"428\" data-end=\"453\">capacitate de 100.000 de inhal\u0103ri<\/strong>, acest model ofer\u0103 o rezisten\u021b\u0103 de neegalat, perfect pentru magazinele care vizeaz\u0103 utilizatorii frecven\u021bi \u0219i pasiona\u021bii de narghilea.<\/p>\n<p data-start=\"563\" data-end=\"850\">Alimentat de o <strong data-start=\"576\" data-end=\"608\">Baterie re\u00eenc\u0103rcabil\u0103 de 2200mAh<\/strong> \u0219i echipat cu <strong data-start=\"627\" data-end=\"655\">\u00eenc\u0103rcare rapid\u0103 USB Type-C<\/strong>, JNR 100K asigur\u0103 un timp de nefunc\u021bionare minim \u0219i o utilizare maxim\u0103. Un <strong data-start=\"716\" data-end=\"743\">rezervor de e-lichid de 60 ml<\/strong> \u00eempreun\u0103 cu <strong data-start=\"756\" data-end=\"780\">2% concentra\u021bie de nicotin\u0103<\/strong> ofer\u0103 sesiuni lungi \u0219i satisf\u0103c\u0103toare, care \u00eei fac pe clien\u021bi s\u0103 revin\u0103.<\/p>\n<p data-start=\"852\" data-end=\"1168\">Integratul <strong data-start=\"867\" data-end=\"883\">Ecran Inteligent<\/strong> afi\u0219eaz\u0103 num\u0103rul de inhal\u0103ri, nivelul bateriei \u0219i al lichidului, \u00een timp ce <strong data-start=\"942\" data-end=\"968\">Designul cu lumin\u0103 de respira\u021bie<\/strong> adaug\u0103 un element elegant, atr\u0103g\u0103tor pentru tinerii. Cu <strong data-start=\"1037\" data-end=\"1063\">Flux de aer Direct-to-Lung<\/strong> \u0219i set\u0103ri reglabile, ofer\u0103 vapori den\u0219i, o livrare puternic\u0103 a aromei \u0219i o experien\u021b\u0103 personalizabil\u0103.<\/p>\n<p data-start=\"1170\" data-end=\"1361\">Pentru angrosi\u0219ti, modelul <strong data-start=\"1191\" data-end=\"1215\">JNR Mega Shisha 100K<\/strong> combin\u0103 <strong data-start=\"1225\" data-end=\"1302\">num\u0103rul record de inhal\u0103ri, caracteristicile premium \u0219i pre\u021burile atractive pentru achizi\u021biile en-gros<\/strong>, f\u0103c\u00e2ndu-l o adi\u021bie extrem de profitabil\u0103 pentru orice inventar de vape-uri.<\/p>\n<p><span style=\"color: #ff0000;\"><strong>Adaug\u0103 r\u0103spunsul corect de pe Whatsapp al lui Amy \u0219i cuponul de vape!<\/strong><\/span><\/p>\n<p><img fetchpriority=\"high\" decoding=\"async\" class=\"size-full wp-image-2932\" src=\"https:\/\/vapestornado.com\/wp-content\/uploads\/2024\/12\/Vape-Wholesale.jpg\" alt=\"\u021aig\u0103ri electronice cu ridicata\" width=\"229\" height=\"300\" \/><\/p>\n<h3><a href=\"https:\/\/wa.me\/8617776015835\" target=\"_blank\" rel=\"noopener\"><span style=\"color: #ff0000;\"><strong>WhatsApp: +86 17776015835<\/strong><\/span><\/a><\/h3>\n<p>&nbsp;<\/p>\n<h2 class=\"product-title\"><strong>JNR Shisha Hookah 100000 Caracteristici Produs<\/strong><\/h2>\n<div role=\"article\" data-tabster=\"{&quot;groupper&quot;:{&quot;tabbability&quot;:2},&quot;focusable&quot;:{}}\" data-content=\"ai-message\" aria-labelledby=\"juhNTJ6o7Gk1cgwZMJgv2-author juhNTJ6o7Gk1cgwZMJgv2-content\">\n<div id=\"juhNTJ6o7Gk1cgwZMJgv2-content\">\n<div role=\"article\" data-tabster=\"{&quot;groupper&quot;:{&quot;tabbability&quot;:2},&quot;focusable&quot;:{}}\" data-content=\"ai-message\" aria-labelledby=\"x4EZuCZWrTbh3weWUt7CU-author x4EZuCZWrTbh3weWUt7CU-content\">\n<div id=\"x4EZuCZWrTbh3weWUt7CU-content\">\n<div class=\"flex max-w-full flex-col flex-grow\">\n<div class=\"min-h-8 text-message flex w-full flex-col items-end gap-2 whitespace-normal break-words text-start [.text-message+&amp;]:mt-5\" dir=\"auto\" data-message-author-role=\"assistant\" data-message-id=\"52c6e00a-252f-4104-805d-2f1a84739c71\" data-message-model-slug=\"gpt-4o\">\n<div class=\"flex w-full flex-col gap-1 empty:hidden first:pt-[3px]\">\n<div class=\"markdown prose w-full break-words dark:prose-invert light\">\n<h4><\/h4>\n<ol>\n<li><strong>Longevitate Excep\u021bional\u0103<\/strong>: Bucur\u0103-te de p\u00e2n\u0103 la 100.000 de pufuri per dispozitiv.<\/li>\n<li><strong>Ecran Inteligent<\/strong>: Fii informat cu date \u00een timp real \u0219i bucur\u0103-te de un spectacol de lumini vibrant \u0219i dinamic.<\/li>\n<li><strong>Capacitate masiv\u0103 de e-lichid<\/strong>: Pre-umplut cu 60ml pentru utilizare extins\u0103.<\/li>\n<li><strong>Baterie puternic\u0103<\/strong>: Baterie re\u00eenc\u0103rcabil\u0103 de 2200mAh cu suport USB Type-C.<\/li>\n<li><strong>Flux de aer reglabil<\/strong>: Personalizeaz\u0103-\u021bi tragerea pentru vapat DTL (Direct-To-Lung) perfect.<\/li>\n<\/ol>\n<\/div>\n<\/div>\n<\/div>\n<\/div>\n<div class=\"mb-2 flex gap-3 empty:hidden -ml-2\"><\/div>\n<\/div>\n<\/div>\n<\/div>\n<\/div>\n<h2 class=\"product-title\"><strong>Arom\u0103 Popular\u0103 pentru <\/strong><strong>narghilelei<\/strong><strong> 100k <\/strong><strong>Vape-uri de unic\u0103 folosin\u021b\u0103<\/strong><\/h2>\n<h2 class=\"product-title\"><\/h2>\n<p>Descoper\u0103 o lume a aromelor cu JNR Mega Shisha Hookah. De la ment\u0103 r\u0103coritoare la delicii fructate, gama larg\u0103 de op\u021biuni asigur\u0103 o potrivire perfect\u0103 pentru fiecare dispozi\u021bie \u0219i preferin\u021b\u0103 de gust. Te rug\u0103m s\u0103 g\u0103se\u0219ti aromele populare conform datelor noastre de v\u00e2nz\u0103ri \u0219i feedback-ului clien\u021bilor.<\/p>\n<p>1. Dou\u0103 mere<span style=\"color: #ff0000;\"><strong> &gt;&gt;&gt;&gt; Fierbinte!<\/strong><\/span><br \/>\n2. Ghea\u021b\u0103 de afine <span style=\"color: #ff0000;\"><strong>&gt;&gt;&gt;&gt; Fierbinte!<\/strong><\/span><br \/>\n3. Ment\u0103 de struguri<br \/>\n4. Hawaii<br \/>\n5. Kiwi Fructul pasiunii Guava<br \/>\n6. Lady Killa <span style=\"color: #ff0000;\"><strong>&gt;&gt;&gt;&gt; Cel mai bun!<\/strong><\/span><br \/>\n7. Love 66<br \/>\n8. Ghea\u021b\u0103 luxuriant\u0103<br \/>\n9. Dragoste magic\u0103<br \/>\n10. Mi Amor <span style=\"color: #ff0000;\"><strong>&gt;&gt;&gt;&gt; Fierbinte!<\/strong><\/span><br \/>\n11. Ghea\u021b\u0103 de piersici<br \/>\n12. Punch de c\u0103p\u0219uni<\/p>\n<p><img decoding=\"async\" class=\"wp-image-3647 size-full\" src=\"https:\/\/vapestornado.com\/wp-content\/uploads\/2025\/01\/Shisha-Hookah-100000-Puffs-Disposable-Vape-JNR.webp\" alt=\"Narghilea 100000 Pufuri \u021aigar\u0103 electronic\u0103 de unic\u0103 folosin\u021b\u0103 JNR\" width=\"800\" height=\"476\" srcset=\"https:\/\/vapestornado.com\/wp-content\/uploads\/2025\/01\/Shisha-Hookah-100000-Puffs-Disposable-Vape-JNR.webp 800w, https:\/\/vapestornado.com\/wp-content\/uploads\/2025\/01\/Shisha-Hookah-100000-Puffs-Disposable-Vape-JNR-300x179.webp 300w, https:\/\/vapestornado.com\/wp-content\/uploads\/2025\/01\/Shisha-Hookah-100000-Puffs-Disposable-Vape-JNR-768x457.webp 768w, https:\/\/vapestornado.com\/wp-content\/uploads\/2025\/01\/Shisha-Hookah-100000-Puffs-Disposable-Vape-JNR-600x357.webp 600w\" sizes=\"(max-width: 800px) 100vw, 800px\" \/><\/p>\n<div class=\"flex-shrink-0 flex flex-col relative items-end\">\n<div class=\"pt-0\">\n<div class=\"gizmo-bot-avatar flex h-8 w-8 items-center justify-center overflow-hidden rounded-full\">\n<div class=\"relative p-1 rounded-sm flex items-center justify-center bg-token-main-surface-primary text-token-text-primary h-8 w-8\">\n<h2>\u00centreb\u0103ri frecvente pentru JNR Shisha Hookah 100000 Smart<strong>\u00a0<\/strong>Vape de Unic\u0103 Folosin\u021b\u0103<\/h2>\n<h4><\/h4>\n<ol>\n<li><strong>C\u00e2t dureaz\u0103 JNR Mega Shisha Hookah 100k?<\/strong><br \/>\nFiecare dispozitiv ofer\u0103 100.000 de pufuri impresionante, ceea ce \u00eel face perfect pentru utilizare pe termen lung.<\/li>\n<li><strong>Cum re\u00eencarc dispozitivul JNR Mega Shisha Hookah?<\/strong><br \/>\nVine cu o baterie \u00eencorporat\u0103 de 2200 mAh care accept\u0103 \u00eenc\u0103rcare rapid\u0103 prin USB de tip C.<\/li>\n<li><strong>Care este func\u021bia ecranului inteligent?<\/strong><br \/>\nEcranul inteligent afi\u0219eaz\u0103 date esen\u021biale, cum ar fi durata de via\u021b\u0103 a bateriei \u0219i nivelul de lichid, \u00eempreun\u0103 cu lumina de respira\u021bie elegant\u0103 pentru o experien\u021b\u0103 unic\u0103 de vaping.<\/li>\n<li><strong>\u00cel pot folosi cu o narghilea de birou?<\/strong><br \/>\nAbsolut! Narghileaua JNR Mega Shisha este pe deplin compatibil\u0103 cu sistemele de narghilea de birou pentru o experien\u021b\u0103 versatil\u0103.<\/li>\n<li><strong>De unde pot cump\u0103ra la pre\u021b de en-gros?<\/strong><br \/>\nPute\u021bi achizi\u021biona narghileaua JNR Mega Shisha la cel mai bun pre\u021b de en-gros de la <strong>magazinul online de vape vapestornado<\/strong>.<\/li>\n<\/ol>\n<div class=\"flex max-w-full flex-col flex-grow\">\n<div class=\"min-h-8 text-message flex w-full flex-col items-end gap-2 whitespace-normal break-words text-start [.text-message+&amp;]:mt-5\" dir=\"auto\" data-message-author-role=\"assistant\" data-message-id=\"4dc48248-df95-45bd-b800-6dedb43cf7f1\" data-message-model-slug=\"gpt-4o\">\n<div class=\"flex w-full flex-col gap-1 empty:hidden first:pt-[3px]\"><\/div>\n<\/div>\n<\/div>\n<\/div>\n<\/div>\n<\/div>\n<\/div>\n<div class=\"flex-shrink-0 flex flex-col relative items-end\">\n<div class=\"pt-0\">\n<div class=\"gizmo-bot-avatar flex h-8 w-8 items-center justify-center overflow-hidden rounded-full\">\n<div class=\"relative p-1 rounded-sm flex items-center justify-center bg-token-main-surface-primary text-token-text-primary h-8 w-8\">\n<div class=\"mb-2 flex gap-3 empty:hidden -ml-2\">\n<div role=\"article\" data-tabster=\"{&quot;groupper&quot;:{&quot;tabbability&quot;:2},&quot;focusable&quot;:{}}\" data-content=\"ai-message\" aria-labelledby=\"Vdt5ez4X7Tg813x6rFVha-author Vdt5ez4X7Tg813x6rFVha-content\">\n<div id=\"Vdt5ez4X7Tg813x6rFVha-content\">\n<div role=\"article\" data-tabster=\"{&quot;groupper&quot;:{&quot;tabbability&quot;:2},&quot;focusable&quot;:{}}\" data-content=\"ai-message\" aria-labelledby=\"o968oC7CEo2fGHsGdsRYC-author o968oC7CEo2fGHsGdsRYC-content\">\n<div id=\"o968oC7CEo2fGHsGdsRYC-content\">\n<h2>De ce s\u0103 alege\u021bi vapestornado pentru Narghilea JNR de unic\u0103 folosin\u021b\u0103 100000 Pufuri, en-gros?<\/h2>\n<div class=\"flex-shrink-0 flex flex-col relative items-end\">\n<div class=\"pt-0\">\n<div class=\"gizmo-bot-avatar flex h-8 w-8 items-center justify-center overflow-hidden rounded-full\">\n<div class=\"relative p-1 rounded-sm flex items-center justify-center bg-token-main-surface-primary text-token-text-primary h-8 w-8\">\n<p>Bun venit la vapestornado, magazinul t\u0103u online de \u00eencredere pentru vape-uri de unic\u0103 folosin\u021b\u0103 premium. Cu o experien\u021b\u0103 de peste 5 ani, \u00ee\u021bi aducem branduri populare de vape-uri de unic\u0103 folosin\u021b\u0103, precum Fumot RandM Vape, <a href=\"https:\/\/vapestornado.com\/ro\/product-category\/vapme-shisha\/\">Vapme<\/a>, Bang Vape, Waspe Vape \u0219i WGA Vape, etc.<\/p>\n<p>Gama noastr\u0103 include vape-uri populare precum <a href=\"https:\/\/vapestornado.com\/ro\/product\/randm-12000-puffs-fumot-digital-disposable-vape-wholesale-price\/\">RandM Tornado 12000<\/a>, \u0219i op\u021biuni bogate \u00een arome, precum <a href=\"https:\/\/vapestornado.com\/ro\/product\/wga-crystal-pro-max-extra-15000-puffs-rechargeable-disposable-vape-wholesale-bulk-buy\/\">\u00a0WGA Crystal 15k Pufuri<\/a> . Fiecare produs este ales cu accent pe calitate, valoare \u0219i varietate, asigur\u00e2ndu-ne c\u0103 g\u0103se\u0219ti potrivirea perfect\u0103 pentru nevoile tale. Descoper\u0103 servicii excep\u021bionale \u0219i o gam\u0103 larg\u0103 de produse de top cu pre\u021buri de gros la vapestornado.<\/p>\n<\/div>\n<p>&nbsp;<\/p>\n<p><strong>Alte Vape-uri de Unic\u0103 Folosin\u021b\u0103 Populare<\/strong><\/p>\n<p><a href=\"https:\/\/vapestornado.com\/ro\/product\/vozol-star-20000-puffs-disposable-vape-2-low-nicotine-bulk-buy-wholesale-cheap-price\/\">VOZOL Star 20000 Pufuri <span style=\"color: #ff0000;\"><strong>&gt;&gt;&gt;&gt; Du-te !<\/strong><\/span><\/a><\/p>\n<p><a href=\"https:\/\/vapestornado.com\/ro\/product\/refillable-disposable-vape-bang-40000-puffs-with-smart-screen-display-wholesale\/\">Bang 40000 Pufuri<span style=\"color: #ff0000;\"><strong>&gt;&gt;&gt;&gt; Du-te !<\/strong><\/span><\/a><\/p>\n<p><a href=\"https:\/\/vapestornado.com\/ro\/product\/bang-king-vape-35000-puff-smart-digital-display-wholesale-disposable-electronic-cigarette-wholesale\/\">Bang King 35000 <span style=\"color: #ff0000;\"><strong>&gt;&gt;&gt;&gt; Du-te !<\/strong><\/span><\/a><\/p>\n<\/div>\n<\/div>\n<\/div>\n<p>&nbsp;<\/p>\n<\/div>\n<\/div>\n<\/div>\n<\/div>\n<\/div>\n<\/div>\n<\/div>\n<\/div>\n<\/div>","protected":false},"excerpt":{"rendered":"<p>Sistemul <strong data-start=\"1405\" data-end=\"1436\">JNR Mega Shisha Narghilea 100K<\/strong> ofer\u0103 un num\u0103r de 100.000 de inhal\u0103ri de neegalat, ecran inteligent \u0219i un rezervor de e-lichid de 60 ml. Un dispozitiv re\u00eenc\u0103rcabil de unic\u0103 folosin\u021b\u0103, construit pentru <strong data-start=\"1548\" data-end=\"1583\">cump\u0103r\u0103tori angro \u00een Europa<\/strong>.<\/p>\n<p><strong>Adaug\u0103 whatsapp-ul lui Amy pentru a primi r\u0103spuns imediat \u0219i un cupon de vape!<\/strong><\/p>\n<p><img fetchpriority=\"high\" decoding=\"async\" class=\"size-full wp-image-2932\" src=\"https:\/\/vapestornado.com\/wp-content\/uploads\/2024\/12\/Vape-Wholesale.jpg\" alt=\"\u021aig\u0103ri electronice cu ridicata\" width=\"229\" height=\"300\" \/><\/p>\n<h3><a href=\"https:\/\/wa.me\/8617776015835\"><span style=\"color: #ff0000;\"><strong>WhatsApp: +86 17776015835<\/strong><\/span><\/a><\/h3>\n<p>&nbsp;<\/p>","protected":false},"featured_media":3648,"comment_status":"open","ping_status":"closed","template":"","meta":{"_acf_changed":false,"_uag_custom_page_level_css":"","_lmt_disableupdate":"no","_lmt_disable":"","_monsterinsights_skip_tracking":false,"_monsterinsights_sitenote_active":false,"_monsterinsights_sitenote_note":"","_monsterinsights_sitenote_category":0,"site-sidebar-layout":"default","site-content-layout":"","ast-site-content-layout":"default","site-content-style":"default","site-sidebar-style":"default","ast-global-header-display":"","ast-banner-title-visibility":"","ast-main-header-display":"","ast-hfb-above-header-display":"","ast-hfb-below-header-display":"","ast-hfb-mobile-header-display":"","site-post-title":"","ast-breadcrumbs-content":"","ast-featured-img":"","footer-sml-layout":"","ast-disable-related-posts":"","theme-transparent-header-meta":"default","adv-header-id-meta":"","stick-header-meta":"","header-above-stick-meta":"","header-main-stick-meta":"","header-below-stick-meta":"","astra-migrate-meta-layouts":"set","ast-page-background-enabled":"default","ast-page-background-meta":{"desktop":{"background-color":"","background-image":"","background-repeat":"repeat","background-position":"center center","background-size":"auto","background-attachment":"scroll","background-type":"","background-media":"","overlay-type":"","overlay-color":"","overlay-opacity":"","overlay-gradient":""},"tablet":{"background-color":"","background-image":"","background-repeat":"repeat","background-position":"center center","background-size":"auto","background-attachment":"scroll","background-type":"","background-media":"","overlay-type":"","overlay-color":"","overlay-opacity":"","overlay-gradient":""},"mobile":{"background-color":"","background-image":"","background-repeat":"repeat","background-position":"center center","background-size":"auto","background-attachment":"scroll","background-type":"","background-media":"","overlay-type":"","overlay-color":"","overlay-opacity":"","overlay-gradient":""}},"ast-content-background-meta":{"desktop":{"background-color":"var(--ast-global-color-5)","background-image":"","background-repeat":"repeat","background-position":"center center","background-size":"auto","background-attachment":"scroll","background-type":"","background-media":"","overlay-type":"","overlay-color":"","overlay-opacity":"","overlay-gradient":""},"tablet":{"background-color":"var(--ast-global-color-5)","background-image":"","background-repeat":"repeat","background-position":"center center","background-size":"auto","background-attachment":"scroll","background-type":"","background-media":"","overlay-type":"","overlay-color":"","overlay-opacity":"","overlay-gradient":""},"mobile":{"background-color":"var(--ast-global-color-5)","background-image":"","background-repeat":"repeat","background-position":"center center","background-size":"auto","background-attachment":"scroll","background-type":"","background-media":"","overlay-type":"","overlay-color":"","overlay-opacity":"","overlay-gradient":""}},"_joinchat":{"telephone":"+8617776015835"}},"product_brand":[],"product_cat":[140,154,142,76,147],"product_tag":[165,105,97,225,166,94,131,226],"class_list":{"0":"post-3649","1":"product","2":"type-product","3":"status-publish","4":"has-post-thumbnail","6":"product_cat-big-puffs-disposable-vapes","7":"product_cat-buy-disposable-vapes-in-netherlands","8":"product_cat-digital-box-disposable-vapes","9":"product_cat-jnr-vape","10":"product_cat-shisha-hookah-disposable-vapes","11":"product_tag-cheap-vapes","12":"product_tag-digital-disposable-vape","13":"product_tag-hot-sale-disposable-vape","14":"product_tag-jnr-shisha-hookah-100000","15":"product_tag-low-nicotine-vape","16":"product_tag-rechargeable-disposable-vape","17":"product_tag-shisha-hookah","18":"product_tag-shisha-hookah-disposable-vapes","19":"desktop-align-left","20":"tablet-align-left","21":"mobile-align-left","23":"first","24":"instock","25":"sale","26":"shipping-taxable","27":"purchasable","28":"product-type-simple"},"acf":[],"uagb_featured_image_src":{"full":["https:\/\/vapestornado.com\/wp-content\/uploads\/2025\/01\/Shisha-Hookah-Disposable-Vape-100000-JNR.jpg",800,800,false],"thumbnail":["https:\/\/vapestornado.com\/wp-content\/uploads\/2025\/01\/Shisha-Hookah-Disposable-Vape-100000-JNR-150x150.jpg",150,150,true],"medium":["https:\/\/vapestornado.com\/wp-content\/uploads\/2025\/01\/Shisha-Hookah-Disposable-Vape-100000-JNR-300x300.jpg",300,300,true],"medium_large":["https:\/\/vapestornado.com\/wp-content\/uploads\/2025\/01\/Shisha-Hookah-Disposable-Vape-100000-JNR-768x768.jpg",768,768,true],"large":["https:\/\/vapestornado.com\/wp-content\/uploads\/2025\/01\/Shisha-Hookah-Disposable-Vape-100000-JNR.jpg",800,800,false],"1536x1536":["https:\/\/vapestornado.com\/wp-content\/uploads\/2025\/01\/Shisha-Hookah-Disposable-Vape-100000-JNR.jpg",800,800,false],"2048x2048":["https:\/\/vapestornado.com\/wp-content\/uploads\/2025\/01\/Shisha-Hookah-Disposable-Vape-100000-JNR.jpg",800,800,false],"trp-custom-language-flag":["https:\/\/vapestornado.com\/wp-content\/uploads\/2025\/01\/Shisha-Hookah-Disposable-Vape-100000-JNR.jpg",12,12,false],"woocommerce_thumbnail":["https:\/\/vapestornado.com\/wp-content\/uploads\/2025\/01\/Shisha-Hookah-Disposable-Vape-100000-JNR-300x300.jpg",300,300,true],"woocommerce_single":["https:\/\/vapestornado.com\/wp-content\/uploads\/2025\/01\/Shisha-Hookah-Disposable-Vape-100000-JNR-600x600.jpg",600,600,true],"woocommerce_gallery_thumbnail":["https:\/\/vapestornado.com\/wp-content\/uploads\/2025\/01\/Shisha-Hookah-Disposable-Vape-100000-JNR-100x100.jpg",100,100,true]},"uagb_author_info":{"display_name":"ESAMY","author_link":"https:\/\/vapestornado.com\/ro\/author\/"},"uagb_comment_info":0,"uagb_excerpt":"The JNR Mega Shisha Hookah 100K delivers an unmatched 100,000 puffs, smart screen, and 60ml e-liquid tank. A rechargeable disposable built for wholesale bulk buyers in Europe. Add Amy's whatsapp get right reply and vape coupon! WhatsApp: +86 17776015835 &nbsp;","_links":{"self":[{"href":"https:\/\/vapestornado.com\/ro\/wp-json\/wp\/v2\/product\/3649","targetHints":{"allow":["GET"]}}],"collection":[{"href":"https:\/\/vapestornado.com\/ro\/wp-json\/wp\/v2\/product"}],"about":[{"href":"https:\/\/vapestornado.com\/ro\/wp-json\/wp\/v2\/types\/product"}],"replies":[{"embeddable":true,"href":"https:\/\/vapestornado.com\/ro\/wp-json\/wp\/v2\/comments?post=3649"}],"wp:featuredmedia":[{"embeddable":true,"href":"https:\/\/vapestornado.com\/ro\/wp-json\/wp\/v2\/media\/3648"}],"wp:attachment":[{"href":"https:\/\/vapestornado.com\/ro\/wp-json\/wp\/v2\/media?parent=3649"}],"wp:term":[{"taxonomy":"product_brand","embeddable":true,"href":"https:\/\/vapestornado.com\/ro\/wp-json\/wp\/v2\/product_brand?post=3649"},{"taxonomy":"product_cat","embeddable":true,"href":"https:\/\/vapestornado.com\/ro\/wp-json\/wp\/v2\/product_cat?post=3649"},{"taxonomy":"product_tag","embeddable":true,"href":"https:\/\/vapestornado.com\/ro\/wp-json\/wp\/v2\/product_tag?post=3649"}],"curies":[{"name":"wp","href":"https:\/\/api.w.org\/{rel}","templated":true}]}}