{"id":3639,"date":"2025-01-03T01:54:34","date_gmt":"2025-01-03T01:54:34","guid":{"rendered":"https:\/\/vapestornado.com\/?post_type=product&#038;p=3639"},"modified":"2025-08-28T07:39:36","modified_gmt":"2025-08-28T07:39:36","slug":"bang-king-vape-35000-puff-smart-digital-display-wholesale-disposable-electronic-cigarette-wholesale","status":"publish","type":"product","link":"https:\/\/vapestornado.com\/ro\/product\/bang-king-vape-35000-puff-smart-digital-display-wholesale-disposable-electronic-cigarette-wholesale\/","title":{"rendered":"Bang King Vape 35000 Pufuri Afi\u0219aj Digital Inteligent \u021aigar\u0103 Electronic\u0103 de Unic\u0103 Folosin\u021b\u0103 cu Ridicata"},"content":{"rendered":"<h1 class=\"product-title\">Bang King Vape 35000 Pufuri Afi\u0219aj Digital Inteligent \u021aigar\u0103 Electronic\u0103 de Unic\u0103 Folosin\u021b\u0103 cu Ridicata<\/h1>\n<p data-start=\"389\" data-end=\"758\">Dac\u0103 sunte\u021bi \u00een c\u0103utarea unui vape de unic\u0103 folosin\u021b\u0103 care echilibreaz\u0103 performan\u021ba de lung\u0103 durat\u0103, caracteristicile moderne \u0219i alegerile \u00eendr\u0103zne\u021be de arome, <strong data-start=\"517\" data-end=\"546\">Bang King Vape 35000 Pufuri<\/strong> este construit pentru a impresiona. Proiectat cu un <strong data-start=\"584\" data-end=\"609\">afisajul digital inteligent<\/strong> \u0219i alimentat de un <strong data-start=\"627\" data-end=\"659\">Baterie re\u00eenc\u0103rcabil\u0103 de 1000 mAh<\/strong>, acest dispozitiv duce confortul vaping-ului la nivelul urm\u0103tor, r\u0103m\u00e2n\u00e2nd \u00een acela\u0219i timp elegant \u0219i u\u0219or de buzunar.<\/p>\n<h4 data-start=\"760\" data-end=\"797\">35.000 de Pufuri de Pur\u0103 Pl\u0103cere<\/h4>\n<p data-start=\"798\" data-end=\"1171\">Cu <strong data-start=\"807\" data-end=\"829\">rezervor de e-lichid de 23 ml<\/strong> \u0219i avansat <strong data-start=\"843\" data-end=\"863\">sistem de bobin\u0103 tip plas\u0103<\/strong>, Bang King Vape garanteaz\u0103 consisten\u021b\u0103 de la primul puf p\u00e2n\u0103 la ultimul. Fiecare tragere ofer\u0103 vapori fini \u0219i gust bogat, f\u0103r\u0103 loviturile uscate de care sufer\u0103 multe alte produse de unic\u0103 folosin\u021b\u0103. Oferind p\u00e2n\u0103 la <strong data-start=\"1060\" data-end=\"1076\">35.000 de pufuri<\/strong>, este alegerea perfect\u0103 pentru b\u0103rba\u021bii care apreciaz\u0103 durabilitatea \u0219i performan\u021ba premium \u00eentr-un singur dispozitiv.<\/p>\n<h4 data-start=\"1173\" data-end=\"1204\">Op\u021biuni flexibile de nicotin\u0103<\/h4>\n<p data-start=\"1205\" data-end=\"1495\">Adaptat diferitelor preferin\u021be, acest vape de unic\u0103 folosin\u021b\u0103 vine cu <strong data-start=\"1272\" data-end=\"1312\">concentra\u021bii de nicotin\u0103 de 0%, 2%, 3% \u0219i 5%<\/strong>. Fie c\u0103 reduce\u021bi treptat sau prefera\u021bi un impact mai puternic, Bang King Vape se adapteaz\u0103 nevoilor dumneavoastr\u0103, ceea ce \u00eel face o op\u021biune excelent\u0103 de v\u00e2nzare cu ridicata pentru diverse pie\u021be din Rom\u00e2nia.<\/p>\n<h4 data-start=\"1497\" data-end=\"1542\">Afi\u0219aj Digital Inteligent pentru Control Total<\/h4>\n<p data-start=\"1543\" data-end=\"1881\">Gata cu presupunerile. Ecranul \u00eencorporat arat\u0103 <strong data-start=\"1593\" data-end=\"1632\">nivelul bateriei \u0219i capacitatea e-lichidului<\/strong> \u00een timp real, astfel \u00eenc\u00e2t s\u0103 \u0219ti\u021bi \u00eentotdeauna c\u00e2nd este timpul s\u0103 re\u00eenc\u0103rca\u021bi sau s\u0103 schimba\u021bi. Aceast\u0103 caracteristic\u0103 \u00eel deosebe\u0219te de vape-urile tradi\u021bionale de unic\u0103 folosin\u021b\u0103 \u0219i \u00eel plaseaz\u0103 \u00een aceea\u0219i clas\u0103 premium ca \u0219i modelele populare precum <strong data-start=\"1830\" data-end=\"1878\">Elf Bar GH23000 \u021aigar\u0103 electronic\u0103 de unic\u0103 folosin\u021b\u0103 cu Nicotin\u0103<\/strong>.<\/p>\n<h4 data-start=\"1883\" data-end=\"1915\">Re\u00eenc\u0103rcare Rapid\u0103 cu Type-C<\/h4>\n<p data-start=\"1916\" data-end=\"2180\">Echipat cu <strong data-start=\"1930\" data-end=\"1953\">\u00eenc\u0103rcare rapid\u0103 USB-C<\/strong>, bateria de 1000 mAh este gata de utilizare \u00eentr-un timp scurt. Acest lucru \u00eel face deosebit de atractiv pentru cump\u0103r\u0103torii angro care caut\u0103 un vape de unic\u0103 folosin\u021b\u0103 care s\u0103 \u00eembine confortul reutiliz\u0103rii cu simplitatea capsulelor preumplute.<\/p>\n<p>&nbsp;<\/p>\n<p><span style=\"color: #ff0000;\"><strong>Adaug\u0103 r\u0103spunsul corect de pe Whatsapp al lui Amy \u0219i cuponul de vape!<\/strong><\/span><\/p>\n<p><img fetchpriority=\"high\" decoding=\"async\" class=\"size-full wp-image-2932\" src=\"https:\/\/vapestornado.com\/wp-content\/uploads\/2024\/12\/Vape-Wholesale.jpg\" alt=\"\u021aig\u0103ri electronice cu ridicata\" width=\"229\" height=\"300\" \/><\/p>\n<h3><a href=\"https:\/\/wa.me\/8617776015835\" target=\"_blank\" rel=\"noopener\"><span style=\"color: #ff0000;\"><strong>WhatsApp: +86 17776015835<\/strong><\/span><\/a><\/h3>\n<p>&nbsp;<\/p>\n<h2 class=\"product-title\"><strong>Caracteristicile produsului Bang King Vape 35000<\/strong><\/h2>\n<div role=\"article\" data-tabster=\"{&quot;groupper&quot;:{&quot;tabbability&quot;:2},&quot;focusable&quot;:{}}\" data-content=\"ai-message\" aria-labelledby=\"juhNTJ6o7Gk1cgwZMJgv2-author juhNTJ6o7Gk1cgwZMJgv2-content\">\n<div id=\"juhNTJ6o7Gk1cgwZMJgv2-content\">\n<div role=\"article\" data-tabster=\"{&quot;groupper&quot;:{&quot;tabbability&quot;:2},&quot;focusable&quot;:{}}\" data-content=\"ai-message\" aria-labelledby=\"x4EZuCZWrTbh3weWUt7CU-author x4EZuCZWrTbh3weWUt7CU-content\">\n<div id=\"x4EZuCZWrTbh3weWUt7CU-content\">\n<div class=\"flex max-w-full flex-col flex-grow\">\n<div class=\"min-h-8 text-message flex w-full flex-col items-end gap-2 whitespace-normal break-words text-start [.text-message+&amp;]:mt-5\" dir=\"auto\" data-message-author-role=\"assistant\" data-message-id=\"52c6e00a-252f-4104-805d-2f1a84739c71\" data-message-model-slug=\"gpt-4o\">\n<div class=\"flex w-full flex-col gap-1 empty:hidden first:pt-[3px]\">\n<div class=\"markdown prose w-full break-words dark:prose-invert light\">\n<ol>\n<li><strong>35.000 Pufuri<\/strong>: Num\u0103r excep\u021bional de pufuri pentru o satisfac\u021bie de lung\u0103 durat\u0103.<\/li>\n<li><strong>Afi\u0219aj Digital Inteligent<\/strong>: Afi\u0219eaz\u0103 nivelurile bateriei \u0219i ale e-lichidului pentru o utilizare u\u0219oar\u0103.<\/li>\n<li><strong>Capacitate E-lichid de 23 ml<\/strong>: Capacitate generoas\u0103 pentru sesiuni de vapat extinse.<\/li>\n<li><strong>Tehnologie cu bobin\u0103 tip plas\u0103<\/strong>: \u00cembun\u0103t\u0103\u021be\u0219te aroma \u0219i asigur\u0103 o performan\u021b\u0103 constant\u0103.<\/li>\n<li><strong>Baterie Re\u00eenc\u0103rcabil\u0103 de 1000mAh<\/strong>: Putere fiabil\u0103 cu \u00eenc\u0103rcare rapid\u0103 USB-C.<\/li>\n<li><strong>Protec\u021bie Anti-Ardere Uscat\u0103<\/strong>: Garanteaz\u0103 lovituri fine \u0219i satisf\u0103c\u0103toare.<\/li>\n<\/ol>\n<\/div>\n<\/div>\n<\/div>\n<\/div>\n<div class=\"mb-2 flex gap-3 empty:hidden -ml-2\"><img decoding=\"async\" class=\"wp-image-3635 size-full\" src=\"https:\/\/vapestornado.com\/wp-content\/uploads\/2025\/01\/Bang-King-35000-Puffs-Disposable-Vapes-Wholesale.jpg\" alt=\"Bang King 35000 Puffs Vape-uri de Unic\u0103 Folosin\u021b\u0103 En-gros\" width=\"800\" height=\"800\" srcset=\"https:\/\/vapestornado.com\/wp-content\/uploads\/2025\/01\/Bang-King-35000-Puffs-Disposable-Vapes-Wholesale.jpg 800w, https:\/\/vapestornado.com\/wp-content\/uploads\/2025\/01\/Bang-King-35000-Puffs-Disposable-Vapes-Wholesale-300x300.jpg 300w, https:\/\/vapestornado.com\/wp-content\/uploads\/2025\/01\/Bang-King-35000-Puffs-Disposable-Vapes-Wholesale-150x150.jpg 150w, https:\/\/vapestornado.com\/wp-content\/uploads\/2025\/01\/Bang-King-35000-Puffs-Disposable-Vapes-Wholesale-768x768.jpg 768w, https:\/\/vapestornado.com\/wp-content\/uploads\/2025\/01\/Bang-King-35000-Puffs-Disposable-Vapes-Wholesale-600x600.jpg 600w, https:\/\/vapestornado.com\/wp-content\/uploads\/2025\/01\/Bang-King-35000-Puffs-Disposable-Vapes-Wholesale-100x100.jpg 100w\" sizes=\"(max-width: 800px) 100vw, 800px\" \/><\/div>\n<\/div>\n<\/div>\n<\/div>\n<\/div>\n<h2 class=\"product-title\"><strong>Arom\u0103 Popular\u0103 pentru Bang King Vape 35000<\/strong><strong>\u00a0<\/strong><strong>Vape-uri de unic\u0103 folosin\u021b\u0103<\/strong><\/h2>\n<p>Bang King Vape 35000 ofer\u0103 o gam\u0103 divers\u0103 \u0219i captivant\u0103 de op\u021biuni pentru linia dvs. de produse, r\u0103spunz\u00e2nd diferitelor preferin\u021be gustative! V\u0103 rug\u0103m s\u0103 g\u0103si\u021bi aroma popular\u0103 conform datelor noastre de v\u00e2nz\u0103ri \u0219i feedback-ului clien\u021bilor.<\/p>\n<p>1. Mango cu C\u0103p\u0219uni <strong><span style=\"color: #ff0000;\">&gt;&gt;&gt; Fierbinte!<\/span><\/strong><br \/>\n2.Love66<br \/>\n3.Ghea\u021b\u0103 de Zmeur\u0103 Albastr\u0103 <strong><span style=\"color: #ff0000;\">&gt;&gt;&gt; Fierbinte!<\/span><\/strong><br \/>\n4.Pepene Verde cu C\u0103p\u0219uni<br \/>\n5.Ment\u0103 cu L\u0103m\u00e2ie<br \/>\n6.M\u0103r Dublu<br \/>\n7.B\u0103utur\u0103 Energizant\u0103<br \/>\n8.Ghea\u021b\u0103 de Piersici<br \/>\n9.C\u0103p\u0219uni Kiwi <strong><span style=\"color: #ff0000;\">&gt;&gt;&gt; Cel mai bun!<\/span><\/strong><br \/>\n10.Ghea\u021b\u0103 de Struguri<br \/>\n11. Ghea\u021b\u0103 de afine <strong><span style=\"color: #ff0000;\">&gt;&gt;&gt; Fierbinte!<\/span><\/strong><br \/>\n12.Pepene Verde<\/p>\n<div class=\"flex-shrink-0 flex flex-col relative items-end\">\n<div class=\"pt-0\">\n<div class=\"gizmo-bot-avatar flex h-8 w-8 items-center justify-center overflow-hidden rounded-full\">\n<div class=\"relative p-1 rounded-sm flex items-center justify-center bg-token-main-surface-primary text-token-text-primary h-8 w-8\">\n<h2>\u00ceNTREB\u0102RI FRECVENTE pentru BangKing Vape 35000 Smart<strong>\u00a0<\/strong>Vape de Unic\u0103 Folosin\u021b\u0103<\/h2>\n<h3><\/h3>\n<ol>\n<li><strong>C\u00e2te pufuri ofer\u0103 Bang King 35000?<\/strong><br \/>\nSistemul <strong>Bang King 35000<\/strong> ofer\u0103 un num\u0103r uimitor de <strong>35.000 de pufuri<\/strong>, f\u0103c\u00e2ndu-l una dintre cele mai longevive vapoare de unic\u0103 folosin\u021b\u0103 disponibile.<\/li>\n<li><strong>Care este capacitatea de e-lichid a Bang King 35000 Vape?<\/strong><br \/>\nDispune de un <strong>Capacitate de e-lichid de 23 ml<\/strong>, asigur\u00e2nd o utilizare extins\u0103 f\u0103r\u0103 reumpleri frecvente.<\/li>\n<li><strong>BangKing 35000 are o baterie re\u00eenc\u0103rcabil\u0103?<\/strong><br \/>\nDa, include un <strong>Baterie re\u00eenc\u0103rcabil\u0103 de 1000 mAh<\/strong> cu <strong>\u00eenc\u0103rcare USB-C<\/strong>, oferind o utilizare durabil\u0103 \u0219i convenabil\u0103.<\/li>\n<li><strong>Ce face ca afi\u0219ajul digital inteligent s\u0103 fie unic?<\/strong><br \/>\nSistemul <strong>afi\u0219aj digital<\/strong> afi\u0219eaz\u0103 detalii vitale precum <strong>procentajul bateriei<\/strong> si <strong>nivelurile de e-lichid<\/strong>, facilit\u00e2nd urm\u0103rirea utiliz\u0103rii.<\/li>\n<li><strong>Unde pot cump\u0103ra Bang King Vape 35000 Puff la pre\u021buri de en-gros?<\/strong><br \/>\nPentru cele mai bune <strong>pre\u021buri en-gros<\/strong>, vizita\u021bi <strong>vapestornado Magazin Online de Vape-uri<\/strong>, oferind oferte excelente \u0219i o gam\u0103 larg\u0103 de produse.<\/li>\n<\/ol>\n<div class=\"flex max-w-full flex-col flex-grow\">\n<div class=\"min-h-8 text-message flex w-full flex-col items-end gap-2 whitespace-normal break-words text-start [.text-message+&amp;]:mt-5\" dir=\"auto\" data-message-author-role=\"assistant\" data-message-id=\"4dc48248-df95-45bd-b800-6dedb43cf7f1\" data-message-model-slug=\"gpt-4o\">\n<div class=\"flex w-full flex-col gap-1 empty:hidden first:pt-[3px]\"><\/div>\n<\/div>\n<\/div>\n<\/div>\n<\/div>\n<\/div>\n<\/div>\n<div class=\"flex-shrink-0 flex flex-col relative items-end\">\n<div class=\"pt-0\">\n<div class=\"gizmo-bot-avatar flex h-8 w-8 items-center justify-center overflow-hidden rounded-full\">\n<div class=\"relative p-1 rounded-sm flex items-center justify-center bg-token-main-surface-primary text-token-text-primary h-8 w-8\">\n<div class=\"mb-2 flex gap-3 empty:hidden -ml-2\">\n<div role=\"article\" data-tabster=\"{&quot;groupper&quot;:{&quot;tabbability&quot;:2},&quot;focusable&quot;:{}}\" data-content=\"ai-message\" aria-labelledby=\"Vdt5ez4X7Tg813x6rFVha-author Vdt5ez4X7Tg813x6rFVha-content\">\n<div id=\"Vdt5ez4X7Tg813x6rFVha-content\">\n<div role=\"article\" data-tabster=\"{&quot;groupper&quot;:{&quot;tabbability&quot;:2},&quot;focusable&quot;:{}}\" data-content=\"ai-message\" aria-labelledby=\"o968oC7CEo2fGHsGdsRYC-author o968oC7CEo2fGHsGdsRYC-content\">\n<div id=\"o968oC7CEo2fGHsGdsRYC-content\">\n<h2>De ce s\u0103 alege\u021bi vapestornado pentru Bang King Vape 35k Puff Vape En-gros?<\/h2>\n<div class=\"flex-shrink-0 flex flex-col relative items-end\">\n<div class=\"pt-0\">\n<div class=\"gizmo-bot-avatar flex h-8 w-8 items-center justify-center overflow-hidden rounded-full\">\n<div class=\"relative p-1 rounded-sm flex items-center justify-center bg-token-main-surface-primary text-token-text-primary h-8 w-8\">\n<p>Bun venit la vapestornado, magazinul t\u0103u online de \u00eencredere pentru vape-uri de unic\u0103 folosin\u021b\u0103 premium. Cu o experien\u021b\u0103 de peste 5 ani, \u00ee\u021bi aducem branduri populare de vape-uri de unic\u0103 folosin\u021b\u0103, precum Fumot RandM Vape, <a href=\"https:\/\/vapestornado.com\/ro\/product-category\/vapme-shisha\/\">Vapme<\/a>, Bang Vape, Waspe Vape \u0219i WGA Vape, etc.<\/p>\n<p>Gama noastr\u0103 include vape-uri populare precum <a href=\"https:\/\/vapestornado.com\/ro\/product\/randm-12000-puffs-fumot-digital-disposable-vape-wholesale-price\/\">RandM Tornado 12000<\/a>, \u0219i op\u021biuni bogate \u00een arome, precum <a href=\"https:\/\/vapestornado.com\/ro\/product\/wga-crystal-pro-max-extra-15000-puffs-rechargeable-disposable-vape-wholesale-bulk-buy\/\">\u00a0WGA Crystal 15k Pufuri<\/a> . Fiecare produs este ales cu accent pe calitate, valoare \u0219i varietate, asigur\u00e2ndu-ne c\u0103 g\u0103se\u0219ti potrivirea perfect\u0103 pentru nevoile tale. Descoper\u0103 servicii excep\u021bionale \u0219i o gam\u0103 larg\u0103 de produse de top cu pre\u021buri de gros la vapestornado.<\/p>\n<\/div>\n<p>&nbsp;<\/p>\n<p><strong>Alte Vape-uri de Unic\u0103 Folosin\u021b\u0103 Populare<\/strong><\/p>\n<p><a href=\"https:\/\/vapestornado.com\/ro\/product\/vozol-star-20000-puffs-disposable-vape-2-low-nicotine-bulk-buy-wholesale-cheap-price\/\">VOZOL Star 20000 Pufuri <span style=\"color: #ff0000;\"><strong>&gt;&gt;&gt;&gt; Du-te !<\/strong><\/span><\/a><\/p>\n<p><a href=\"https:\/\/vapestornado.com\/ro\/product\/refillable-disposable-vape-bang-40000-puffs-with-smart-screen-display-wholesale\/\">Bang 40000 Pufuri<span style=\"color: #ff0000;\"><strong>&gt;&gt;&gt;&gt; Du-te !<\/strong><\/span><\/a><\/p>\n<p><a href=\"https:\/\/vapestornado.com\/ro\/product\/puff-25k-bang-king-25000-puffs-rechargeable-disposable-vape-wholesale-bulk-buy\/\">Bang King 25000 <span style=\"color: #ff0000;\"><strong>&gt;&gt;&gt;&gt; Du-te !<\/strong><\/span><\/a><\/p>\n<\/div>\n<\/div>\n<\/div>\n<p>&nbsp;<\/p>\n<\/div>\n<\/div>\n<\/div>\n<\/div>\n<\/div>\n<\/div>\n<\/div>\n<\/div>\n<\/div>","protected":false},"excerpt":{"rendered":"<p>BangKing Vape 35000 Pufuri 2% Vape de unic\u0103 folosin\u021b\u0103 cu nicotin\u0103 sc\u0103zut\u0103, en-gros<br \/>\nBang King 35000 Pufuri Vape de unic\u0103 folosin\u021b\u0103 cu afi\u0219aj digital, cump\u0103rare \u00een vrac<br \/>\nBang King Vape 35k Vape re\u00eenc\u0103rcabil\u0103 de unic\u0103 folosin\u021b\u0103, pre\u021b ieftin<\/p>\n<p><strong>Adaug\u0103 whatsapp-ul lui Amy pentru a primi r\u0103spuns imediat \u0219i un cupon de vape!<\/strong><\/p>\n<p><img fetchpriority=\"high\" decoding=\"async\" class=\"size-full wp-image-2932\" src=\"https:\/\/vapestornado.com\/wp-content\/uploads\/2024\/12\/Vape-Wholesale.jpg\" alt=\"\u021aig\u0103ri electronice cu ridicata\" width=\"229\" height=\"300\" \/><\/p>\n<h3><a href=\"https:\/\/wa.me\/8617776015835\"><span style=\"color: #ff0000;\"><strong>WhatsApp: +86 17776015835<\/strong><\/span><\/a><\/h3>\n<p>&nbsp;<\/p>","protected":false},"featured_media":3636,"comment_status":"open","ping_status":"closed","template":"","meta":{"_acf_changed":false,"_uag_custom_page_level_css":"","_lmt_disableupdate":"no","_lmt_disable":"","_monsterinsights_skip_tracking":false,"_monsterinsights_sitenote_active":false,"_monsterinsights_sitenote_note":"","_monsterinsights_sitenote_category":0,"site-sidebar-layout":"default","site-content-layout":"","ast-site-content-layout":"default","site-content-style":"default","site-sidebar-style":"default","ast-global-header-display":"","ast-banner-title-visibility":"","ast-main-header-display":"","ast-hfb-above-header-display":"","ast-hfb-below-header-display":"","ast-hfb-mobile-header-display":"","site-post-title":"","ast-breadcrumbs-content":"","ast-featured-img":"","footer-sml-layout":"","ast-disable-related-posts":"","theme-transparent-header-meta":"default","adv-header-id-meta":"","stick-header-meta":"","header-above-stick-meta":"","header-main-stick-meta":"","header-below-stick-meta":"","astra-migrate-meta-layouts":"set","ast-page-background-enabled":"default","ast-page-background-meta":{"desktop":{"background-color":"","background-image":"","background-repeat":"repeat","background-position":"center center","background-size":"auto","background-attachment":"scroll","background-type":"","background-media":"","overlay-type":"","overlay-color":"","overlay-opacity":"","overlay-gradient":""},"tablet":{"background-color":"","background-image":"","background-repeat":"repeat","background-position":"center center","background-size":"auto","background-attachment":"scroll","background-type":"","background-media":"","overlay-type":"","overlay-color":"","overlay-opacity":"","overlay-gradient":""},"mobile":{"background-color":"","background-image":"","background-repeat":"repeat","background-position":"center center","background-size":"auto","background-attachment":"scroll","background-type":"","background-media":"","overlay-type":"","overlay-color":"","overlay-opacity":"","overlay-gradient":""}},"ast-content-background-meta":{"desktop":{"background-color":"var(--ast-global-color-5)","background-image":"","background-repeat":"repeat","background-position":"center center","background-size":"auto","background-attachment":"scroll","background-type":"","background-media":"","overlay-type":"","overlay-color":"","overlay-opacity":"","overlay-gradient":""},"tablet":{"background-color":"var(--ast-global-color-5)","background-image":"","background-repeat":"repeat","background-position":"center center","background-size":"auto","background-attachment":"scroll","background-type":"","background-media":"","overlay-type":"","overlay-color":"","overlay-opacity":"","overlay-gradient":""},"mobile":{"background-color":"var(--ast-global-color-5)","background-image":"","background-repeat":"repeat","background-position":"center center","background-size":"auto","background-attachment":"scroll","background-type":"","background-media":"","overlay-type":"","overlay-color":"","overlay-opacity":"","overlay-gradient":""}},"_joinchat":{"telephone":"+8617776015835"}},"product_brand":[],"product_cat":[175,63,152,157,160,143,144],"product_tag":[224,223,165,105,97,166,94],"class_list":{"0":"post-3639","1":"product","2":"type-product","3":"status-publish","4":"has-post-thumbnail","6":"product_cat-35000-puff","7":"product_cat-bangking","8":"product_cat-buy-disposable-vapes-in-cermany","9":"product_cat-buy-disposable-vapes-in-portugal","10":"product_cat-buy-disposable-vapes-in-switzerland","11":"product_cat-dual-mesh-disposable-vapes","12":"product_cat-low-nicotine-disposable-vapes","13":"product_tag-bang-king-35000","14":"product_tag-bang-king-vape-35000","15":"product_tag-cheap-vapes","16":"product_tag-digital-disposable-vape","17":"product_tag-hot-sale-disposable-vape","18":"product_tag-low-nicotine-vape","19":"product_tag-rechargeable-disposable-vape","20":"desktop-align-left","21":"tablet-align-left","22":"mobile-align-left","24":"first","25":"instock","26":"sale","27":"shipping-taxable","28":"purchasable","29":"product-type-simple"},"acf":[],"uagb_featured_image_src":{"full":["https:\/\/vapestornado.com\/wp-content\/uploads\/2025\/01\/Bang-King-Vape-35000-Puffs-Wholesale.webp",800,800,false],"thumbnail":["https:\/\/vapestornado.com\/wp-content\/uploads\/2025\/01\/Bang-King-Vape-35000-Puffs-Wholesale-150x150.webp",150,150,true],"medium":["https:\/\/vapestornado.com\/wp-content\/uploads\/2025\/01\/Bang-King-Vape-35000-Puffs-Wholesale-300x300.webp",300,300,true],"medium_large":["https:\/\/vapestornado.com\/wp-content\/uploads\/2025\/01\/Bang-King-Vape-35000-Puffs-Wholesale-768x768.webp",768,768,true],"large":["https:\/\/vapestornado.com\/wp-content\/uploads\/2025\/01\/Bang-King-Vape-35000-Puffs-Wholesale.webp",800,800,false],"1536x1536":["https:\/\/vapestornado.com\/wp-content\/uploads\/2025\/01\/Bang-King-Vape-35000-Puffs-Wholesale.webp",800,800,false],"2048x2048":["https:\/\/vapestornado.com\/wp-content\/uploads\/2025\/01\/Bang-King-Vape-35000-Puffs-Wholesale.webp",800,800,false],"trp-custom-language-flag":["https:\/\/vapestornado.com\/wp-content\/uploads\/2025\/01\/Bang-King-Vape-35000-Puffs-Wholesale.webp",12,12,false],"woocommerce_thumbnail":["https:\/\/vapestornado.com\/wp-content\/uploads\/2025\/01\/Bang-King-Vape-35000-Puffs-Wholesale-300x300.webp",300,300,true],"woocommerce_single":["https:\/\/vapestornado.com\/wp-content\/uploads\/2025\/01\/Bang-King-Vape-35000-Puffs-Wholesale-600x600.webp",600,600,true],"woocommerce_gallery_thumbnail":["https:\/\/vapestornado.com\/wp-content\/uploads\/2025\/01\/Bang-King-Vape-35000-Puffs-Wholesale-100x100.webp",100,100,true]},"uagb_author_info":{"display_name":"ESAMY","author_link":"https:\/\/vapestornado.com\/ro\/author\/"},"uagb_comment_info":0,"uagb_excerpt":"BangKing Vape 35000 Puffs 2% Low Nicotine Disposable Vape Wholesale Bang King 35000 Puff \u00a0Digital Display Disposable Vape Bulk Buy Bang King Vape 35k Rechargeable Disposable Vape Cheap Price Add Amy's whatsapp get right reply and vape coupon! WhatsApp: +86 17776015835 &nbsp;","_links":{"self":[{"href":"https:\/\/vapestornado.com\/ro\/wp-json\/wp\/v2\/product\/3639","targetHints":{"allow":["GET"]}}],"collection":[{"href":"https:\/\/vapestornado.com\/ro\/wp-json\/wp\/v2\/product"}],"about":[{"href":"https:\/\/vapestornado.com\/ro\/wp-json\/wp\/v2\/types\/product"}],"replies":[{"embeddable":true,"href":"https:\/\/vapestornado.com\/ro\/wp-json\/wp\/v2\/comments?post=3639"}],"wp:featuredmedia":[{"embeddable":true,"href":"https:\/\/vapestornado.com\/ro\/wp-json\/wp\/v2\/media\/3636"}],"wp:attachment":[{"href":"https:\/\/vapestornado.com\/ro\/wp-json\/wp\/v2\/media?parent=3639"}],"wp:term":[{"taxonomy":"product_brand","embeddable":true,"href":"https:\/\/vapestornado.com\/ro\/wp-json\/wp\/v2\/product_brand?post=3639"},{"taxonomy":"product_cat","embeddable":true,"href":"https:\/\/vapestornado.com\/ro\/wp-json\/wp\/v2\/product_cat?post=3639"},{"taxonomy":"product_tag","embeddable":true,"href":"https:\/\/vapestornado.com\/ro\/wp-json\/wp\/v2\/product_tag?post=3639"}],"curies":[{"name":"wp","href":"https:\/\/api.w.org\/{rel}","templated":true}]}}