{"id":3631,"date":"2025-01-02T09:26:09","date_gmt":"2025-01-02T09:26:09","guid":{"rendered":"https:\/\/vapestornado.com\/?post_type=product&#038;p=3631"},"modified":"2025-08-23T09:38:46","modified_gmt":"2025-08-23T09:38:46","slug":"uwin-tornado-vape-music-35000-puffs-wholesale-price","status":"publish","type":"product","link":"https:\/\/vapestornado.com\/ro\/product\/uwin-tornado-vape-music-35000-puffs-wholesale-price\/","title":{"rendered":"UWIN Tornado Vape Music 35000 Puffs Pre\u021b de en-gros"},"content":{"rendered":"<h1>UWIN Tornado Vape Music 35000 Puffs Pre\u021b de en-gros<\/h1>\n<p>&nbsp;<\/p>\n<div role=\"article\" data-tabster=\"{&quot;groupper&quot;:{&quot;tabbability&quot;:2},&quot;focusable&quot;:{}}\" data-content=\"ai-message\" aria-labelledby=\"64JRvXrTnY7mRmPkEQLLT-author 64JRvXrTnY7mRmPkEQLLT-content\">\n<div id=\"64JRvXrTnY7mRmPkEQLLT-content\">\n<p data-start=\"318\" data-end=\"611\">Sistemul <strong data-start=\"322\" data-end=\"377\">UWIN Tornado Vape Music 35000 Puffs Vape de unic\u0103 folosin\u021b\u0103<\/strong> combin\u0103 capacitatea mare, performan\u021ba \u0219i designul unic at\u00e2t pentru utilizatorii individuali, c\u00e2t \u0219i pentru cump\u0103r\u0103torii angro. Cu p\u00e2n\u0103 la <strong data-start=\"492\" data-end=\"508\">35.000 de pufuri<\/strong> si <strong data-start=\"513\" data-end=\"535\">16 arome premium<\/strong>, ofer\u0103 utilizare de lung\u0103 durat\u0103 \u0219i varietate pentru a se potrivi diferitelor preferin\u021be.<\/p>\n<p data-start=\"613\" data-end=\"882\">Disponibil \u00een <strong data-start=\"626\" data-end=\"667\">concentra\u021bii de nicotin\u0103 de 0%, 2%, 3% \u0219i 5%<\/strong>, acest vape se adreseaz\u0103 unui public larg. Dispozitivul de <strong data-start=\"710\" data-end=\"728\">de tip mesh de 1.0\u03a9<\/strong> asigur\u0103 o produc\u021bie lin\u0103 de vapori, \u00een timp ce <strong data-start=\"772\" data-end=\"803\">baterie re\u00eenc\u0103rcabil\u0103 de 650mAh<\/strong> cu <strong data-start=\"809\" data-end=\"833\">\u00eenc\u0103rcare rapid\u0103 de tip C<\/strong> ofer\u0103 o putere fiabil\u0103 pentru sesiuni extinse.<\/p>\n<p data-start=\"884\" data-end=\"1179\">Remarcabilul s\u0103u <strong data-start=\"897\" data-end=\"920\">Sistemul de iluminare RGB<\/strong> se sincronizeaz\u0103 cu ritmurile muzicii, oferind o experien\u021b\u0103 interactiv\u0103 al\u0103turi de aroma \u0219i performan\u021ba consistent\u0103. Ambalat \u00een <strong data-start=\"1037\" data-end=\"1058\">cartoane de 160 de buc\u0103\u021bi<\/strong> (21 kg per carton), <strong data-start=\"1082\" data-end=\"1102\">UWIN Tornado 35K<\/strong> este proiectat pentru o distribu\u021bie eficient\u0103 en-gros \u0219i o cerere puternic\u0103 cu am\u0103nuntul.<\/p>\n<figure id=\"attachment_3652\" aria-describedby=\"caption-attachment-3652\" style=\"width: 669px\" class=\"wp-caption alignnone\"><img fetchpriority=\"high\" decoding=\"async\" class=\"wp-image-3652\" src=\"https:\/\/vapestornado.com\/wp-content\/uploads\/2025\/01\/Cheap-Price-Uwin-Tornado-35k-Puffs-Vape.jpg\" alt=\"Pre\u021b avantajos Uwin Tornado 35k Puffs Vape\" width=\"669\" height=\"669\" srcset=\"https:\/\/vapestornado.com\/wp-content\/uploads\/2025\/01\/Cheap-Price-Uwin-Tornado-35k-Puffs-Vape.jpg 800w, https:\/\/vapestornado.com\/wp-content\/uploads\/2025\/01\/Cheap-Price-Uwin-Tornado-35k-Puffs-Vape-300x300.jpg 300w, https:\/\/vapestornado.com\/wp-content\/uploads\/2025\/01\/Cheap-Price-Uwin-Tornado-35k-Puffs-Vape-150x150.jpg 150w, https:\/\/vapestornado.com\/wp-content\/uploads\/2025\/01\/Cheap-Price-Uwin-Tornado-35k-Puffs-Vape-768x768.jpg 768w, https:\/\/vapestornado.com\/wp-content\/uploads\/2025\/01\/Cheap-Price-Uwin-Tornado-35k-Puffs-Vape-600x600.jpg 600w, https:\/\/vapestornado.com\/wp-content\/uploads\/2025\/01\/Cheap-Price-Uwin-Tornado-35k-Puffs-Vape-100x100.jpg 100w\" sizes=\"(max-width: 669px) 100vw, 669px\" \/><figcaption id=\"caption-attachment-3652\" class=\"wp-caption-text\">Pre\u021b avantajos Uwin Tornado 35k Puffs Vape<\/figcaption><\/figure>\n<\/div>\n<\/div>\n<p><img decoding=\"async\" class=\"alignleft wp-image-2951 size-medium\" src=\"https:\/\/vapestornado.com\/wp-content\/uploads\/2024\/12\/Wholesale-Disposable-Vape-265x300.jpg\" alt=\"Vape de unic\u0103 folosin\u021b\u0103 en-gros\" width=\"265\" height=\"300\" srcset=\"https:\/\/vapestornado.com\/wp-content\/uploads\/2024\/12\/Wholesale-Disposable-Vape-265x300.jpg 265w, https:\/\/vapestornado.com\/wp-content\/uploads\/2024\/12\/Wholesale-Disposable-Vape-768x871.jpg 768w, https:\/\/vapestornado.com\/wp-content\/uploads\/2024\/12\/Wholesale-Disposable-Vape-600x680.jpg 600w, https:\/\/vapestornado.com\/wp-content\/uploads\/2024\/12\/Wholesale-Disposable-Vape.jpg 823w\" sizes=\"(max-width: 265px) 100vw, 265px\" \/><\/p>\n<h5>Contacta\u021bi-o pe Mandy pe WhatsApp pentru pre\u021b redus:<a href=\"https:\/\/wa.me\/8618077105796\" target=\"_blank\" rel=\"noopener\">+8618077105796<\/a><\/h5>\n<div class=\"flex max-w-full flex-col flex-grow\">\n<div class=\"min-h-8 text-message flex w-full flex-col items-end gap-2 whitespace-normal break-words text-start [.text-message+&amp;]:mt-5\" dir=\"auto\" data-message-author-role=\"assistant\" data-message-id=\"cdb991c0-f594-4bff-b2d5-fbbdd7ce9e54\" data-message-model-slug=\"gpt-4o-mini\">\n<div class=\"flex w-full flex-col gap-1 empty:hidden first:pt-[3px]\">\n<div class=\"markdown prose w-full break-words dark:prose-invert light\"><\/div>\n<\/div>\n<\/div>\n<\/div>\n<div class=\"mb-2 flex gap-3 empty:hidden -ml-2\">\n<h2>Caracteristici cheie ale UWIN Tornado Vape Music 35000 Puffs:<\/h2>\n<ul>\n<li><strong>Op\u021biuni de nicotin\u0103<\/strong>: 0%, 2%, 3%, 5% \u2013 Adaptate pentru a satisface diverse preferin\u021be.<\/li>\n<li><strong>Pufuri<\/strong>: 35.000 \u2013 O longevitate excep\u021bional\u0103 pentru o experien\u021b\u0103 de vapat ne\u00eentrerupt\u0103.<\/li>\n<li><strong>Cantitate pe cutie<\/strong>: 160 buc. \u2013 Ideal pentru v\u00e2nz\u0103ri en-gros \u0219i distribu\u021bie la scar\u0103 larg\u0103.<\/li>\n<li><strong>Arome<\/strong>: 16 \u2013 O selec\u021bie larg\u0103 pentru a se potrivi fiec\u0103rui profil de gust.<\/li>\n<li><strong>Baterie<\/strong>: 650mAh re\u00eenc\u0103rcabil\u0103 cu port Type-C \u2013 Putere fiabil\u0103 cu \u00eenc\u0103rcare rapid\u0103.<\/li>\n<li><strong>Rezisten\u021b\u0103<\/strong>: 1.0-ohm Mesh Coil \u2013 Asigur\u0103 o produc\u021bie de vapori fin\u0103 \u0219i consistent\u0103.<\/li>\n<li><strong>Greutate pe cutie<\/strong>: 21 kg \u2013 Ambalaj robust pentru o manipulare u\u0219oar\u0103.<\/li>\n<li><strong>Dimensiuni carton<\/strong>: Compact \u0219i optimizat pentru depozitare \u0219i transport eficiente.<\/li>\n<li><strong>Lumini RGB<\/strong>: Iluminare vibrant\u0103 pentru o estetic\u0103 modern\u0103.<\/li>\n<li><strong>Iluminare dinamic\u0103<\/strong>: Luminile pulseaz\u0103 pe ritmul muzicii, cre\u00e2nd o experien\u021b\u0103 de vapat imersiv\u0103.<\/li>\n<\/ul>\n<\/div>\n<h2>Arom\u0103 de \u021bigar\u0103 electronic\u0103 de unic\u0103 folosin\u021b\u0103 UWIN Tornado Music 35000 Puffs:<\/h2>\n<p>1.Afine Zmeur\u0103<br \/>\n2.Struguri Ghea\u021b\u0103<br \/>\n3.C\u0103p\u0219uni Pepene Ro\u0219u<br \/>\n4.Afine cu Ghea\u021b\u0103<br \/>\n5.Pepene Ro\u0219u Ghea\u021b\u0103<br \/>\n6.Cire\u0219e Ghea\u021b\u0103<br \/>\n7.C\u0103p\u0219uni Zmeur\u0103 Cire\u0219e Ghea\u021b\u0103<br \/>\n8.Kiwi Fructul Pasiunii Guava<br \/>\n9.C\u0103p\u0219uni Ghea\u021b\u0103<br \/>\n10.Piersici Mango Ananas<br \/>\n11.Afine Cire\u0219e Meri\u0219oare<br \/>\n12.Piersici Fructe de P\u0103dure<br \/>\n13.Cire\u0219e Cola<br \/>\n14.Fructe de P\u0103dure Mixte<br \/>\n15.Domnul Blue<br \/>\n16.Piersic\u0103 de Var\u0103 cu Ghea\u021b\u0103<\/p>\n<div role=\"article\" data-tabster=\"{&quot;groupper&quot;:{&quot;tabbability&quot;:2},&quot;focusable&quot;:{}}\" data-content=\"ai-message\" aria-labelledby=\"dARUyEWDoEYhnSPXFwx5A-author dARUyEWDoEYhnSPXFwx5A-content\">\n<div id=\"dARUyEWDoEYhnSPXFwx5A-content\">\n<h2>De Ce S\u0103 Alegi \u021aigaretele Electronice UWIN Tornado Vapes Music 35000 Puff <strong>\u00a0<\/strong>at <a href=\"https:\/\/vapestornado.com\/ro\/product\/bang-box-35k-puffs-high-capacity-long-lasting-disposable-vape\/\">vapestornado.com?<\/a><\/h2>\n<ul>\n<li><strong>Capacitate Excep\u021bional\u0103 de Pufuri<\/strong>: 35.000 de pufuri per dispozitiv asigur\u0103 o valoare excep\u021bional\u0103 \u0219i o durat\u0103 de via\u021b\u0103 lung\u0103, atr\u0103g\u00e2nd mai mul\u021bi clien\u021bi.<\/li>\n<li><strong>Design Inovator<\/strong>: Echipat cu lumini RGB care se sincronizeaz\u0103 cu muzica, oferind o experien\u021b\u0103 unic\u0103 \u0219i captivant\u0103 de vapat, care se remarc\u0103 pe pia\u021b\u0103.<\/li>\n<li><strong>Componente de \u00cenalt\u0103 Calitate<\/strong>: Dispune de o baterie re\u00eenc\u0103rcabil\u0103 de 650mAh, port Type-C \u0219i o rezisten\u021b\u0103 mesh de 1.0-ohm pentru o performan\u021b\u0103 consistent\u0103 \u0219i fiabil\u0103.<\/li>\n<li><strong>Varietate de Arome<\/strong>: Cu 16 arome distincte, clien\u021bii pot explora o gam\u0103 larg\u0103 de gusturi, asigur\u00e2nd revenirea lor.<\/li>\n<li><strong>Ambalaj Optim pentru Volum<\/strong>: Fiecare cutie con\u021bine 160 de buc\u0103\u021bi, fiind perfect\u0103 pentru opera\u021biunile de v\u00e2nzare angro \u0219i cu am\u0103nuntul.<\/li>\n<li><strong>Pre\u021buri Competitive<\/strong>: vapestornado.com ofer\u0103 pre\u021buri angro de top \u00een industrie pentru a-\u021bi maximiza marjele de profit.<\/li>\n<li><strong>Furnizor de \u00cencredere<\/strong>: Cu un angajament pentru calitate \u0219i livrare fiabil\u0103, vapestornado.com este un partener \u00een care po\u021bi avea \u00eencredere pentru a-\u021bi dezvolta afacerea.<\/li>\n<\/ul>\n<\/div>\n<\/div>\n<h2>\u00centreb\u0103ri frecvente despre UWIN Tornado Vape Music 35000 de pufuri Vape Pods<\/h2>\n<ul>\n<li><strong>Ce face UWIN 35k pufuri Tornado Vape Music unic?<\/strong><br \/>\nUWIN Tornado se remarc\u0103 prin <strong>capacitate de 35.000 de pufuri<\/strong>, lumini RGB care se sincronizeaz\u0103 cu muzica \u0219i o gam\u0103 larg\u0103 de <strong>16 arome premium<\/strong>, oferind o experien\u021b\u0103 de vapat elegant\u0103 \u0219i imersiv\u0103.<\/li>\n<li><strong>Ce tip de bobin\u0103 folose\u0219te UWIN Tornado Vape Music 35k pufuri?<\/strong><br \/>\nUWIN Tornado dispune de un <strong>mesh de 1.0-ohm<\/strong>, asigur\u00e2nd o produc\u021bie de vapori neted\u0103, aromat\u0103 \u0219i consistent\u0103 la fiecare puf.<\/li>\n<li><strong>Cum func\u021bioneaz\u0103 luminile RGB?<\/strong><br \/>\nLuminile RGB ale dispozitivului sunt dinamice \u0219i pulseaz\u0103 pe ritmul muzicii, cre\u00e2nd o experien\u021b\u0103 vizual\u0103 captivant\u0103 care completeaz\u0103 designul s\u0103u modern.<\/li>\n<li><strong>De ce ar trebui s\u0103 aleg UWIN Tornado Vapes 35000 Puffs \u00een detrimentul altor vape-uri de unic\u0103 folosin\u021b\u0103?<\/strong><br \/>\nUWIN Tornado combin\u0103 calitatea premium, caracteristicile inovatoare \u0219i o capacitate de puff-uri de neegalat, f\u0103c\u00e2ndu-l o alegere de top pe pia\u021ba de vaping high-end.<\/li>\n<\/ul>","protected":false},"excerpt":{"rendered":"<p><strong>UWIN Tornado Vape Music 35000 Pufuri<\/strong>, un produs revolu\u021bionar \u00een vapatul de unic\u0103 folosin\u021b\u0103. Cu luminile LED dinamice sincronizate cu muzica, capacitatea masiv\u0103 de 35.000 de pufuri \u0219i designul re\u00eenc\u0103rcabil Type-C, aceast\u0103 \u021bigar\u0103 electronic\u0103 \u00eembin\u0103 inova\u021bia cu stilul. Perfect\u0103 pentru angrosi\u0219tii care caut\u0103 dispozitive premium, de \u00eenalt\u0103 performan\u021b\u0103, la pre\u021buri competitive.<\/p>\n<figure id=\"attachment_2951\" aria-describedby=\"caption-attachment-2951\" style=\"width: 265px\" class=\"wp-caption alignnone\"><img decoding=\"async\" class=\"size-medium wp-image-2951\" src=\"https:\/\/vapestornado.com\/wp-content\/uploads\/2024\/12\/Wholesale-Disposable-Vape-265x300.jpg\" alt=\"Vape de unic\u0103 folosin\u021b\u0103 en-gros\" width=\"265\" height=\"300\" srcset=\"https:\/\/vapestornado.com\/wp-content\/uploads\/2024\/12\/Wholesale-Disposable-Vape-265x300.jpg 265w, https:\/\/vapestornado.com\/wp-content\/uploads\/2024\/12\/Wholesale-Disposable-Vape-768x871.jpg 768w, https:\/\/vapestornado.com\/wp-content\/uploads\/2024\/12\/Wholesale-Disposable-Vape-600x680.jpg 600w, https:\/\/vapestornado.com\/wp-content\/uploads\/2024\/12\/Wholesale-Disposable-Vape.jpg 823w\" sizes=\"(max-width: 265px) 100vw, 265px\" \/><figcaption id=\"caption-attachment-2951\" class=\"wp-caption-text\">V\u0103 rug\u0103m s\u0103 contacta\u021bi WhatsApp-ul lui Mandy pentru pre\u021b redus\u00a0 <a href=\"https:\/\/wa.me\/8618077105796\">+8618077105796<\/a><\/figcaption><\/figure>\n<p>&nbsp;<\/p>","protected":false},"featured_media":3654,"comment_status":"open","ping_status":"closed","template":"","meta":{"_acf_changed":false,"_uag_custom_page_level_css":"","_lmt_disableupdate":"no","_lmt_disable":"","_monsterinsights_skip_tracking":false,"_monsterinsights_sitenote_active":false,"_monsterinsights_sitenote_note":"","_monsterinsights_sitenote_category":0,"site-sidebar-layout":"default","site-content-layout":"","ast-site-content-layout":"default","site-content-style":"default","site-sidebar-style":"default","ast-global-header-display":"","ast-banner-title-visibility":"","ast-main-header-display":"","ast-hfb-above-header-display":"","ast-hfb-below-header-display":"","ast-hfb-mobile-header-display":"","site-post-title":"","ast-breadcrumbs-content":"","ast-featured-img":"","footer-sml-layout":"","ast-disable-related-posts":"","theme-transparent-header-meta":"default","adv-header-id-meta":"","stick-header-meta":"","header-above-stick-meta":"","header-main-stick-meta":"","header-below-stick-meta":"","astra-migrate-meta-layouts":"set","ast-page-background-enabled":"default","ast-page-background-meta":{"desktop":{"background-color":"","background-image":"","background-repeat":"repeat","background-position":"center center","background-size":"auto","background-attachment":"scroll","background-type":"","background-media":"","overlay-type":"","overlay-color":"","overlay-opacity":"","overlay-gradient":""},"tablet":{"background-color":"","background-image":"","background-repeat":"repeat","background-position":"center center","background-size":"auto","background-attachment":"scroll","background-type":"","background-media":"","overlay-type":"","overlay-color":"","overlay-opacity":"","overlay-gradient":""},"mobile":{"background-color":"","background-image":"","background-repeat":"repeat","background-position":"center center","background-size":"auto","background-attachment":"scroll","background-type":"","background-media":"","overlay-type":"","overlay-color":"","overlay-opacity":"","overlay-gradient":""}},"ast-content-background-meta":{"desktop":{"background-color":"var(--ast-global-color-5)","background-image":"","background-repeat":"repeat","background-position":"center center","background-size":"auto","background-attachment":"scroll","background-type":"","background-media":"","overlay-type":"","overlay-color":"","overlay-opacity":"","overlay-gradient":""},"tablet":{"background-color":"var(--ast-global-color-5)","background-image":"","background-repeat":"repeat","background-position":"center center","background-size":"auto","background-attachment":"scroll","background-type":"","background-media":"","overlay-type":"","overlay-color":"","overlay-opacity":"","overlay-gradient":""},"mobile":{"background-color":"var(--ast-global-color-5)","background-image":"","background-repeat":"repeat","background-position":"center center","background-size":"auto","background-attachment":"scroll","background-type":"","background-media":"","overlay-type":"","overlay-color":"","overlay-opacity":"","overlay-gradient":""}},"_joinchat":{"telephone":"+8618077105796"}},"product_brand":[],"product_cat":[175,140,150,157,233],"product_tag":[97,133],"class_list":{"0":"post-3631","1":"product","2":"type-product","3":"status-publish","4":"has-post-thumbnail","6":"product_cat-35000-puff","7":"product_cat-big-puffs-disposable-vapes","8":"product_cat-buy-disposable-vapes-in-belgium","9":"product_cat-buy-disposable-vapes-in-portugal","10":"product_cat-uwin-vape","11":"product_tag-hot-sale-disposable-vape","12":"product_tag-uwin-tornado-35000","13":"desktop-align-left","14":"tablet-align-left","15":"mobile-align-left","17":"first","18":"instock","19":"sale","20":"shipping-taxable","21":"purchasable","22":"product-type-simple"},"acf":[],"uagb_featured_image_src":{"full":["https:\/\/vapestornado.com\/wp-content\/uploads\/2025\/01\/Good-Sale-Uwin-Tornado-35k-Puffs-Disposable-Vape.jpg",800,800,false],"thumbnail":["https:\/\/vapestornado.com\/wp-content\/uploads\/2025\/01\/Good-Sale-Uwin-Tornado-35k-Puffs-Disposable-Vape-150x150.jpg",150,150,true],"medium":["https:\/\/vapestornado.com\/wp-content\/uploads\/2025\/01\/Good-Sale-Uwin-Tornado-35k-Puffs-Disposable-Vape-300x300.jpg",300,300,true],"medium_large":["https:\/\/vapestornado.com\/wp-content\/uploads\/2025\/01\/Good-Sale-Uwin-Tornado-35k-Puffs-Disposable-Vape-768x768.jpg",768,768,true],"large":["https:\/\/vapestornado.com\/wp-content\/uploads\/2025\/01\/Good-Sale-Uwin-Tornado-35k-Puffs-Disposable-Vape.jpg",800,800,false],"1536x1536":["https:\/\/vapestornado.com\/wp-content\/uploads\/2025\/01\/Good-Sale-Uwin-Tornado-35k-Puffs-Disposable-Vape.jpg",800,800,false],"2048x2048":["https:\/\/vapestornado.com\/wp-content\/uploads\/2025\/01\/Good-Sale-Uwin-Tornado-35k-Puffs-Disposable-Vape.jpg",800,800,false],"trp-custom-language-flag":["https:\/\/vapestornado.com\/wp-content\/uploads\/2025\/01\/Good-Sale-Uwin-Tornado-35k-Puffs-Disposable-Vape.jpg",12,12,false],"woocommerce_thumbnail":["https:\/\/vapestornado.com\/wp-content\/uploads\/2025\/01\/Good-Sale-Uwin-Tornado-35k-Puffs-Disposable-Vape-300x300.jpg",300,300,true],"woocommerce_single":["https:\/\/vapestornado.com\/wp-content\/uploads\/2025\/01\/Good-Sale-Uwin-Tornado-35k-Puffs-Disposable-Vape-600x600.jpg",600,600,true],"woocommerce_gallery_thumbnail":["https:\/\/vapestornado.com\/wp-content\/uploads\/2025\/01\/Good-Sale-Uwin-Tornado-35k-Puffs-Disposable-Vape-100x100.jpg",100,100,true]},"uagb_author_info":{"display_name":"ESMANDY","author_link":"https:\/\/vapestornado.com\/ro\/author\/"},"uagb_comment_info":0,"uagb_excerpt":"UWIN Tornado Vape Music 35000 Puffs, a game-changer in disposable vaping. With its dynamic music-synced LED lights, massive 35,000 puffs capacity, and rechargeable Type-C design, this vape blends innovation with style. Perfect for wholesalers seeking premium, high-performance devices at competitive prices. [caption id=\"attachment_2951\" align=\"alignnone\" width=\"265\"] Pls Contact Mandy's WhatsApp For Discount Price\u00a0 +8618077105796[\/caption] &nbsp;","_links":{"self":[{"href":"https:\/\/vapestornado.com\/ro\/wp-json\/wp\/v2\/product\/3631","targetHints":{"allow":["GET"]}}],"collection":[{"href":"https:\/\/vapestornado.com\/ro\/wp-json\/wp\/v2\/product"}],"about":[{"href":"https:\/\/vapestornado.com\/ro\/wp-json\/wp\/v2\/types\/product"}],"replies":[{"embeddable":true,"href":"https:\/\/vapestornado.com\/ro\/wp-json\/wp\/v2\/comments?post=3631"}],"wp:featuredmedia":[{"embeddable":true,"href":"https:\/\/vapestornado.com\/ro\/wp-json\/wp\/v2\/media\/3654"}],"wp:attachment":[{"href":"https:\/\/vapestornado.com\/ro\/wp-json\/wp\/v2\/media?parent=3631"}],"wp:term":[{"taxonomy":"product_brand","embeddable":true,"href":"https:\/\/vapestornado.com\/ro\/wp-json\/wp\/v2\/product_brand?post=3631"},{"taxonomy":"product_cat","embeddable":true,"href":"https:\/\/vapestornado.com\/ro\/wp-json\/wp\/v2\/product_cat?post=3631"},{"taxonomy":"product_tag","embeddable":true,"href":"https:\/\/vapestornado.com\/ro\/wp-json\/wp\/v2\/product_tag?post=3631"}],"curies":[{"name":"wp","href":"https:\/\/api.w.org\/{rel}","templated":true}]}}