{"id":3624,"date":"2025-01-02T07:15:34","date_gmt":"2025-01-02T07:15:34","guid":{"rendered":"https:\/\/vapestornado.com\/?post_type=product&#038;p=3624"},"modified":"2025-08-23T11:39:50","modified_gmt":"2025-08-23T11:39:50","slug":"vozol-star-20000-puffs-disposable-vape-2-low-nicotine-bulk-buy-wholesale-cheap-price","status":"publish","type":"product","link":"https:\/\/vapestornado.com\/ro\/product\/vozol-star-20000-puffs-disposable-vape-2-low-nicotine-bulk-buy-wholesale-cheap-price\/","title":{"rendered":"VOZOL Star 20000 Puff-uri Vape de Unic\u0103 Folosin\u021b\u0103 2% Nicotin\u0103 Sc\u0103zut\u0103 Cump\u0103rare \u00een Vrac Pre\u021b Ieftin V\u00e2nzare cu Ridicata"},"content":{"rendered":"<h1 class=\"product-title\">VOZOL Star 20000 Puff-uri Vape de Unic\u0103 Folosin\u021b\u0103 2% Nicotin\u0103 Sc\u0103zut\u0103 Cump\u0103rare \u00een Vrac Pre\u021b Ieftin V\u00e2nzare cu Ridicata<\/h1>\n<p data-start=\"197\" data-end=\"530\">Sistemul <strong data-start=\"201\" data-end=\"243\">VOZOL Star 20000 Puffs \u021aig\u0103ri Electronice de Unic\u0103 Folosin\u021b\u0103<\/strong> este un dispozitiv inovator construit pentru vaperi \u0219i <strong data-start=\"289\" data-end=\"315\">distribuitori angro<\/strong> care doresc ceva unic pe raft. Fiind primul dispozitiv de unic\u0103 folosin\u021b\u0103 din lume cu un <strong data-start=\"395\" data-end=\"421\">ecran oglind\u0103 HD de 2,2\u201d<\/strong>, ofer\u0103 at\u00e2t un design futurist, c\u00e2t \u0219i func\u021bionalitate practic\u0103, f\u0103c\u00e2ndu-l s\u0103 ias\u0103 \u00een eviden\u021b\u0103 \u00een orice gam\u0103 de v\u00e2nzare cu am\u0103nuntul.<\/p>\n<p data-start=\"532\" data-end=\"840\">Cu p\u00e2n\u0103 la <strong data-start=\"543\" data-end=\"559\">20.000 de pufuri<\/strong>, Star este alimentat de un <strong data-start=\"586\" data-end=\"617\">baterie re\u00eenc\u0103rcabil\u0103 de 650mAh<\/strong> \u0219i o <strong data-start=\"624\" data-end=\"657\">rezervor de e-lichid pre-umplut de 24 ml<\/strong>, asigur\u00e2nd o performan\u021b\u0103 extins\u0103. Dispozitivul <strong data-start=\"694\" data-end=\"719\">sistem cu bobin\u0103 dubl\u0103 de plas\u0103<\/strong> produce o arom\u0103 bogat\u0103 \u0219i nori den\u0219i, \u00een timp ce set\u0103rile reglabile permit utilizatorilor s\u0103 \u00ee\u0219i personalizeze sesiunile de vaping.<\/p>\n<p data-start=\"842\" data-end=\"1136\">Sistemul <strong data-start=\"846\" data-end=\"874\">Ecranul color interactiv<\/strong> arat\u0103 num\u0103rul de pufuri, nivelul bateriei \u0219i e-lichidul r\u0103mas \u00een timp real, oferind clien\u021bilor control deplin asupra experien\u021bei lor. Finisajul s\u0103u elegant \u0219i modern \u00eel face deosebit de atractiv pentru tinerii din Germania, Fran\u021ba, Spania \u0219i alte pie\u021be din UE.<\/p>\n<p data-start=\"1138\" data-end=\"1324\">Pentru angrosi\u0219ti, modelul <strong data-start=\"1159\" data-end=\"1177\">VOZOL Star 20K<\/strong> combin\u0103 caracteristici avansate, utilizare de lung\u0103 durat\u0103 \u0219i pre\u021buri competitive la v\u00e2nzare \u00een vrac, ceea ce \u00eel face un vape de unic\u0103 folosin\u021b\u0103 cu v\u00e2nzare puternic\u0103 pentru distribu\u021bia european\u0103.<\/p>\n<p><strong>Comand\u0103 VOZOL Star 20000 \u021aigar\u0103 Electronic\u0103 de Unic\u0103 Folosin\u021b\u0103<\/strong> online de la <strong>vapestornado magazin online de vape-uri<\/strong>\u00a0\u0219i bucur\u0103-te de servicii unice de livrare \u00een toat\u0103 <strong>Germania<\/strong>, <strong>Olanda<\/strong>, <strong>Fran\u021ba<\/strong>, <strong>Italia<\/strong>, <strong>Spania<\/strong>, <strong>Rom\u00e2nia<\/strong>, <strong>Rom\u00e2nia<\/strong>, <strong>Polonia<\/strong>, <strong>Belgia<\/strong>, <strong>Austria<\/strong>, <strong>Norvegia<\/strong>, <strong>Danemarca<\/strong>, <strong>Finlanda<\/strong>, <strong>Portugalia<\/strong>, <strong>Ungaria<\/strong>, \u0219i altele.<\/p>\n<p>&nbsp;<\/p>\n<p><span style=\"color: #ff0000;\"><strong>Adaug\u0103 r\u0103spunsul corect de pe Whatsapp al lui Amy \u0219i cuponul de vape!<\/strong><\/span><\/p>\n<p><img fetchpriority=\"high\" decoding=\"async\" class=\"size-full wp-image-2932\" src=\"https:\/\/vapestornado.com\/wp-content\/uploads\/2024\/12\/Vape-Wholesale.jpg\" alt=\"\u021aig\u0103ri electronice cu ridicata\" width=\"229\" height=\"300\" \/><\/p>\n<h3><a href=\"https:\/\/wa.me\/8617776015835\" target=\"_blank\" rel=\"noopener\"><span style=\"color: #ff0000;\"><strong>WhatsApp: +86 17776015835<\/strong><\/span><\/a><\/h3>\n<p>&nbsp;<\/p>\n<h2 class=\"product-title\"><strong>VOZOL Star 20000 Caracteristici Produs<\/strong><\/h2>\n<div role=\"article\" data-tabster=\"{&quot;groupper&quot;:{&quot;tabbability&quot;:2},&quot;focusable&quot;:{}}\" data-content=\"ai-message\" aria-labelledby=\"juhNTJ6o7Gk1cgwZMJgv2-author juhNTJ6o7Gk1cgwZMJgv2-content\">\n<div id=\"juhNTJ6o7Gk1cgwZMJgv2-content\">\n<div role=\"article\" data-tabster=\"{&quot;groupper&quot;:{&quot;tabbability&quot;:2},&quot;focusable&quot;:{}}\" data-content=\"ai-message\" aria-labelledby=\"x4EZuCZWrTbh3weWUt7CU-author x4EZuCZWrTbh3weWUt7CU-content\">\n<div id=\"x4EZuCZWrTbh3weWUt7CU-content\">\n<div class=\"flex max-w-full flex-col flex-grow\">\n<div class=\"min-h-8 text-message flex w-full flex-col items-end gap-2 whitespace-normal break-words text-start [.text-message+&amp;]:mt-5\" dir=\"auto\" data-message-author-role=\"assistant\" data-message-id=\"52c6e00a-252f-4104-805d-2f1a84739c71\" data-message-model-slug=\"gpt-4o\">\n<div class=\"flex w-full flex-col gap-1 empty:hidden first:pt-[3px]\">\n<div class=\"markdown prose w-full break-words dark:prose-invert light\">\n<p>&nbsp;<\/p>\n<ol>\n<li><strong>Ecran HD Oglind\u0103 de 2.2\u2033<\/strong>: Afi\u0219aj clar, interactiv pentru o urm\u0103rire u\u0219oar\u0103 a statisticilor de vapat.<\/li>\n<li><strong>Tehnologie Twin Mesh Coil<\/strong>: \u00cembun\u0103t\u0103\u021be\u0219te intensitatea aromei \u0219i asigur\u0103 o produc\u021bie constant\u0103 de vapori.<\/li>\n<li><strong>P\u00e2n\u0103 la 20,000 de Pufuri<\/strong>: Experien\u021b\u0103 de vapat de lung\u0103 durat\u0103 cu performan\u021be personalizabile.<\/li>\n<li><strong>Baterie re\u00eenc\u0103rcabil\u0103 de 650 mAh<\/strong>: \u00cenc\u0103rcare rapid\u0103 pentru utilizare extins\u0103 cu timp de inactivitate minim.<\/li>\n<li><strong>Capacitate E-lichid de 24mL<\/strong>: Asigur\u0103 suficient e-lichid pentru sesiuni extinse f\u0103r\u0103 reumpleri frecvente.<\/li>\n<li><strong>Design Transparent<\/strong>: Vizualizeaz\u0103 e-lichidul r\u0103mas pentru un plus de confort \u0219i u\u0219urin\u021b\u0103 \u00een utilizare.<\/li>\n<\/ol>\n<figure id=\"attachment_3630\" aria-describedby=\"caption-attachment-3630\" style=\"width: 800px\" class=\"wp-caption alignnone\"><img decoding=\"async\" class=\"wp-image-3630 size-full\" src=\"https:\/\/vapestornado.com\/wp-content\/uploads\/2025\/01\/Vozol-Star-20000-Puff-Rechargeable-Disposable-Vape.webp\" alt=\"Vozol Star 20000 Puf \u021aigar\u0103 Electronic\u0103 de Unic\u0103 Folosin\u021b\u0103 Re\u00eenc\u0103rcabil\u0103\" width=\"800\" height=\"800\" srcset=\"https:\/\/vapestornado.com\/wp-content\/uploads\/2025\/01\/Vozol-Star-20000-Puff-Rechargeable-Disposable-Vape.webp 800w, https:\/\/vapestornado.com\/wp-content\/uploads\/2025\/01\/Vozol-Star-20000-Puff-Rechargeable-Disposable-Vape-300x300.webp 300w, https:\/\/vapestornado.com\/wp-content\/uploads\/2025\/01\/Vozol-Star-20000-Puff-Rechargeable-Disposable-Vape-150x150.webp 150w, https:\/\/vapestornado.com\/wp-content\/uploads\/2025\/01\/Vozol-Star-20000-Puff-Rechargeable-Disposable-Vape-768x768.webp 768w, https:\/\/vapestornado.com\/wp-content\/uploads\/2025\/01\/Vozol-Star-20000-Puff-Rechargeable-Disposable-Vape-600x600.webp 600w, https:\/\/vapestornado.com\/wp-content\/uploads\/2025\/01\/Vozol-Star-20000-Puff-Rechargeable-Disposable-Vape-100x100.webp 100w\" sizes=\"(max-width: 800px) 100vw, 800px\" \/><figcaption id=\"caption-attachment-3630\" class=\"wp-caption-text\">Vozol Star 20000 Puf \u021aigar\u0103 Electronic\u0103 de Unic\u0103 Folosin\u021b\u0103 Re\u00eenc\u0103rcabil\u0103<\/figcaption><\/figure>\n<\/div>\n<\/div>\n<\/div>\n<\/div>\n<div class=\"mb-2 flex gap-3 empty:hidden -ml-2\"><\/div>\n<\/div>\n<\/div>\n<\/div>\n<\/div>\n<h2 class=\"product-title\"><strong>Arom\u0103 popular\u0103 pentru VOZOL Star 20000<\/strong><strong>\u00a0<\/strong><strong>Vape-uri de unic\u0103 folosin\u021b\u0103<\/strong><\/h2>\n<p>Vozol Vista 20000 ofer\u0103 o gam\u0103 divers\u0103 \u0219i interesant\u0103 de op\u021biuni pentru linia dvs. de produse, r\u0103spunz\u00e2nd diferitelor preferin\u021be gustative! V\u0103 rug\u0103m s\u0103 g\u0103si\u021bi aroma popular\u0103 conform datei noastre de v\u00e2nz\u0103ri \u0219i feedback-ului clien\u021bilor.<\/p>\n<p>1. L\u0103m\u00e2ie Ment\u0103<br \/>\n2. Fructe de P\u0103dure Mixte<span style=\"color: #ff0000;\"> <strong>&gt;&gt;&gt; Fierbinte !<\/strong><\/span><br \/>\n3. Mango cu c\u0103p\u0219uni<br \/>\n4. Ghea\u021b\u0103 de mango<br \/>\n5. Mango, ananas \u0219i grepfrut<br \/>\n6. Ghea\u021b\u0103 de struguri<span style=\"color: #ff0000;\"><strong>&gt;&gt;&gt; Fierbinte !<\/strong><\/span><br \/>\n7. Ghea\u021b\u0103 de piersici<br \/>\n8. L\u0103m\u00e2ie \u0219i lime<br \/>\n9. Ghea\u021b\u0103 de pepene verde <span style=\"color: #ff0000;\"><strong>&gt;&gt;&gt; Fierbinte !<\/strong><\/span><br \/>\n10. Fructul dragonului, banane \u0219i cire\u0219e<br \/>\n11. Ghea\u021b\u0103 de mere duble<br \/>\n12. Limonad\u0103 de cire\u0219e<br \/>\n13. C\u0103p\u0219uni \u0219i pepene verde<br \/>\n14. Ghea\u021b\u0103 Blue Razz <span style=\"color: #ff0000;\"><strong>&gt;&gt;&gt; Fierbinte !<\/strong><\/span><br \/>\n15. Furtun\u0103 de afine<br \/>\n16. Mojito albastru <span style=\"color: #ff0000;\"><strong>&gt;&gt;&gt; Cel mai bun!<\/strong><\/span><br \/>\n17. Zmeur\u0103 \u0219i pepene verde<br \/>\n18. Lavafire<\/p>\n<p>&nbsp;<\/p>\n<div class=\"flex-shrink-0 flex flex-col relative items-end\">\n<div class=\"pt-0\">\n<div class=\"gizmo-bot-avatar flex h-8 w-8 items-center justify-center overflow-hidden rounded-full\">\n<div class=\"relative p-1 rounded-sm flex items-center justify-center bg-token-main-surface-primary text-token-text-primary h-8 w-8\">\n<h2>\u00centreb\u0103ri frecvente pentru VOZOL Star 20k<strong>\u00a0<\/strong>Vape de Unic\u0103 Folosin\u021b\u0103<\/h2>\n<p>&nbsp;<\/p>\n<ol>\n<li><strong>C\u00e2t dureaz\u0103 un VOZOL Star 20000?<\/strong><br \/>\nVOZOL Star ofer\u0103 p\u00e2n\u0103 la <strong>20.000 de pufuri<\/strong>, oferind o experien\u021b\u0103 de lung\u0103 durat\u0103 pentru vaperii \u00eenr\u0103i\u021bi.<\/li>\n<li><strong>Care este scopul ecranului HD cu oglind\u0103 de 2.2\u2033?<\/strong><br \/>\nSistemul <strong>afi\u0219aj cu oglind\u0103 HD de 2.2\"<\/strong> afi\u015feaz\u0103 informa\u021bii importante precum num\u0103rul de pufuri, durata de via\u021b\u0103 a bateriei \u0219i nivelurile de lichid, pentru o experien\u021b\u0103 interactiv\u0103 \u0219i u\u0219or de utilizat.<\/li>\n<li><strong>Cum \u00eembun\u0103t\u0103\u021be\u0219te tehnologia cu dubl\u0103 rezisten\u021b\u0103 tip mesh experien\u021ba de vapat?<\/strong><br \/>\nSistemul <strong>tehnologia sa cu dou\u0103 rezisten\u021be mesh<\/strong> intensific\u0103 aroma \u0219i asigur\u0103 o produc\u021bie consistent\u0103 de vapori, oferind utilizatorilor o experien\u021b\u0103 mai fin\u0103 \u0219i mai bogat\u0103.<\/li>\n<li><strong>Este VOZOL Star re\u00eenc\u0103rcabil?<\/strong><br \/>\nDa, dispozitivul vine cu un <strong>baterie re\u00eenc\u0103rcabil\u0103 de 650mAh<\/strong> \u0219i poate fi re\u00eenc\u0103rcat rapid pentru a minimiza timpul de nefunc\u021bionare.<\/li>\n<li><strong>C\u00e2t lichid electronic re\u021bine VOZOL Star?<\/strong><br \/>\nSistemul <strong>VOZOL Star<\/strong> are un <strong>24 ml de lichid electronic<\/strong>, ceea ce este ideal pentru sesiuni de vaping prelungite.<\/li>\n<li><strong>De unde pot cump\u0103ra VOZOL Star 20000 Puffs?<\/strong><br \/>\nSistemul <strong>VOZOL Star 20000 Pufuri<\/strong> este disponibil pentru cump\u0103rare online la <strong>vapestornad\u0103<\/strong>, cu servicii de livrare \u00een diverse \u021b\u0103ri europene, inclusiv <strong>Germania<\/strong>, <strong>Fran\u021ba<\/strong>, <strong>Italia<\/strong>, \u0219i altele.<\/li>\n<\/ol>\n<div class=\"flex max-w-full flex-col flex-grow\"><\/div>\n<\/div>\n<\/div>\n<\/div>\n<\/div>\n<div class=\"flex-shrink-0 flex flex-col relative items-end\">\n<div class=\"pt-0\">\n<div class=\"gizmo-bot-avatar flex h-8 w-8 items-center justify-center overflow-hidden rounded-full\">\n<div class=\"relative p-1 rounded-sm flex items-center justify-center bg-token-main-surface-primary text-token-text-primary h-8 w-8\">\n<div class=\"mb-2 flex gap-3 empty:hidden -ml-2\">\n<div role=\"article\" data-tabster=\"{&quot;groupper&quot;:{&quot;tabbability&quot;:2},&quot;focusable&quot;:{}}\" data-content=\"ai-message\" aria-labelledby=\"Vdt5ez4X7Tg813x6rFVha-author Vdt5ez4X7Tg813x6rFVha-content\">\n<div id=\"Vdt5ez4X7Tg813x6rFVha-content\">\n<div role=\"article\" data-tabster=\"{&quot;groupper&quot;:{&quot;tabbability&quot;:2},&quot;focusable&quot;:{}}\" data-content=\"ai-message\" aria-labelledby=\"o968oC7CEo2fGHsGdsRYC-author o968oC7CEo2fGHsGdsRYC-content\">\n<div id=\"o968oC7CEo2fGHsGdsRYC-content\">\n<h2>De ce s\u0103 alege\u021bi vapestornado pentru v\u00e2nzarea cu ridicata a \u021big\u0103rilor electronice VOZOL Star 20k Puffs?<\/h2>\n<div class=\"flex-shrink-0 flex flex-col relative items-end\">\n<div class=\"pt-0\">\n<div class=\"gizmo-bot-avatar flex h-8 w-8 items-center justify-center overflow-hidden rounded-full\">\n<div class=\"relative p-1 rounded-sm flex items-center justify-center bg-token-main-surface-primary text-token-text-primary h-8 w-8\">\n<p>Bun venit la vapestornado, magazinul t\u0103u online de \u00eencredere pentru vape-uri de unic\u0103 folosin\u021b\u0103 premium. Cu o experien\u021b\u0103 de peste 5 ani, \u00ee\u021bi aducem branduri populare de vape-uri de unic\u0103 folosin\u021b\u0103, precum Fumot RandM Vape, <a href=\"https:\/\/vapestornado.com\/ro\/product-category\/vapme-shisha\/\">Vapme<\/a>, Bang Vape, Waspe Vape \u0219i WGA Vape, etc.<\/p>\n<p>Gama noastr\u0103 include vape-uri populare precum <a href=\"https:\/\/vapestornado.com\/ro\/product\/randm-12000-puffs-fumot-digital-disposable-vape-wholesale-price\/\">RandM Tornado 12000<\/a>, \u0219i op\u021biuni bogate \u00een arome, precum <a href=\"https:\/\/vapestornado.com\/ro\/product\/wga-crystal-pro-max-extra-15000-puffs-rechargeable-disposable-vape-wholesale-bulk-buy\/\">\u00a0WGA Crystal 15k Pufuri<\/a> . Fiecare produs este ales cu accent pe calitate, valoare \u0219i varietate, asigur\u00e2ndu-ne c\u0103 g\u0103se\u0219ti potrivirea perfect\u0103 pentru nevoile tale. Descoper\u0103 servicii excep\u021bionale \u0219i o gam\u0103 larg\u0103 de produse de top cu pre\u021buri de gros la vapestornado.<\/p>\n<\/div>\n<p>&nbsp;<\/p>\n<p><strong>Alte Vape-uri de Unic\u0103 Folosin\u021b\u0103 Populare<\/strong><\/p>\n<p><a href=\"https:\/\/vapestornado.com\/ro\/product\/vozol-vista-20000-vape-rechargeable-disposable-vape-wholesale-cheap-price\/\">VOZOL VISTA 20000 Pufuri <span style=\"color: #ff0000;\"><strong>&gt;&gt;&gt;&gt; Du-te !<\/strong><\/span><\/a><\/p>\n<p><a href=\"https:\/\/vapestornado.com\/ro\/product\/vozol-gear-power-20k-20000-puffs-vape-rechargeable-disposable-box-bulk-buy-cheap-price\/\">VOZOL Star 20000<span style=\"color: #ff0000;\"><strong>&gt;&gt;&gt;&gt; Du-te !<\/strong><\/span><\/a><\/p>\n<p><a href=\"https:\/\/vapestornado.com\/ro\/product\/puff-25k-bang-king-25000-puffs-rechargeable-disposable-vape-wholesale-bulk-buy\/\">Bang King 25000 <span style=\"color: #ff0000;\"><strong>&gt;&gt;&gt;&gt; Du-te !<\/strong><\/span><\/a><\/p>\n<\/div>\n<\/div>\n<\/div>\n<p>&nbsp;<\/p>\n<\/div>\n<\/div>\n<\/div>\n<\/div>\n<\/div>\n<\/div>\n<\/div>\n<\/div>\n<\/div>","protected":false},"excerpt":{"rendered":"<p>VOZOL Star 20000 Puffs 21% Nicotin\u0103 Redus\u0103 \u021aig\u0103ri Electronice de Unic\u0103 Folosin\u021b\u0103 en-gros<br \/>\nVOZOL Star 20000 Puffs \u021aig\u0103ri Electronice de Unic\u0103 Folosin\u021b\u0103 cu Afi\u0219aj Digital Cump\u0103rare \u00een vrac<br \/>\nVOZOL Star 20k \u021aig\u0103ri Electronice de Unic\u0103 Folosin\u021b\u0103 Re\u00eenc\u0103rcabile Pre\u021b Mic<\/p>\n<p><strong>Adaug\u0103 whatsapp-ul lui Amy pentru a primi r\u0103spuns imediat \u0219i un cupon de vape!<\/strong><\/p>\n<p><img fetchpriority=\"high\" decoding=\"async\" class=\"size-full wp-image-2932\" src=\"https:\/\/vapestornado.com\/wp-content\/uploads\/2024\/12\/Vape-Wholesale.jpg\" alt=\"\u021aig\u0103ri electronice cu ridicata\" width=\"229\" height=\"300\" \/><\/p>\n<h3><a href=\"https:\/\/wa.me\/8617776015835\"><span style=\"color: #ff0000;\"><strong>WhatsApp: +86 17776015835<\/strong><\/span><\/a><\/h3>\n<p>&nbsp;<\/p>","protected":false},"featured_media":3625,"comment_status":"open","ping_status":"closed","template":"","meta":{"_acf_changed":false,"_uag_custom_page_level_css":"","_lmt_disableupdate":"no","_lmt_disable":"","_monsterinsights_skip_tracking":false,"_monsterinsights_sitenote_active":false,"_monsterinsights_sitenote_note":"","_monsterinsights_sitenote_category":0,"site-sidebar-layout":"default","site-content-layout":"","ast-site-content-layout":"default","site-content-style":"default","site-sidebar-style":"default","ast-global-header-display":"","ast-banner-title-visibility":"","ast-main-header-display":"","ast-hfb-above-header-display":"","ast-hfb-below-header-display":"","ast-hfb-mobile-header-display":"","site-post-title":"","ast-breadcrumbs-content":"","ast-featured-img":"","footer-sml-layout":"","ast-disable-related-posts":"","theme-transparent-header-meta":"default","adv-header-id-meta":"","stick-header-meta":"","header-above-stick-meta":"","header-main-stick-meta":"","header-below-stick-meta":"","astra-migrate-meta-layouts":"set","ast-page-background-enabled":"default","ast-page-background-meta":{"desktop":{"background-color":"","background-image":"","background-repeat":"repeat","background-position":"center center","background-size":"auto","background-attachment":"scroll","background-type":"","background-media":"","overlay-type":"","overlay-color":"","overlay-opacity":"","overlay-gradient":""},"tablet":{"background-color":"","background-image":"","background-repeat":"repeat","background-position":"center center","background-size":"auto","background-attachment":"scroll","background-type":"","background-media":"","overlay-type":"","overlay-color":"","overlay-opacity":"","overlay-gradient":""},"mobile":{"background-color":"","background-image":"","background-repeat":"repeat","background-position":"center center","background-size":"auto","background-attachment":"scroll","background-type":"","background-media":"","overlay-type":"","overlay-color":"","overlay-opacity":"","overlay-gradient":""}},"ast-content-background-meta":{"desktop":{"background-color":"var(--ast-global-color-5)","background-image":"","background-repeat":"repeat","background-position":"center center","background-size":"auto","background-attachment":"scroll","background-type":"","background-media":"","overlay-type":"","overlay-color":"","overlay-opacity":"","overlay-gradient":""},"tablet":{"background-color":"var(--ast-global-color-5)","background-image":"","background-repeat":"repeat","background-position":"center center","background-size":"auto","background-attachment":"scroll","background-type":"","background-media":"","overlay-type":"","overlay-color":"","overlay-opacity":"","overlay-gradient":""},"mobile":{"background-color":"var(--ast-global-color-5)","background-image":"","background-repeat":"repeat","background-position":"center center","background-size":"auto","background-attachment":"scroll","background-type":"","background-media":"","overlay-type":"","overlay-color":"","overlay-opacity":"","overlay-gradient":""}},"_joinchat":{"telephone":"+8617776015835"}},"product_brand":[],"product_cat":[69,154,155,157,160,142,146,57],"product_tag":[165,105,97,166,94,222,221,220],"class_list":{"0":"post-3624","1":"product","2":"type-product","3":"status-publish","4":"has-post-thumbnail","6":"product_cat-20000-puff","7":"product_cat-buy-disposable-vapes-in-netherlands","8":"product_cat-buy-disposable-vapes-in-norway","9":"product_cat-buy-disposable-vapes-in-portugal","10":"product_cat-buy-disposable-vapes-in-switzerland","11":"product_cat-digital-box-disposable-vapes","12":"product_cat-rechargeable-disposable-vapes","13":"product_cat-vozol-vape","14":"product_tag-cheap-vapes","15":"product_tag-digital-disposable-vape","16":"product_tag-hot-sale-disposable-vape","17":"product_tag-low-nicotine-vape","18":"product_tag-rechargeable-disposable-vape","19":"product_tag-vozol-gear-power-20000","20":"product_tag-vozol-gear-power-20k","21":"product_tag-vozol-vape","22":"desktop-align-left","23":"tablet-align-left","24":"mobile-align-left","26":"first","27":"instock","28":"sale","29":"shipping-taxable","30":"purchasable","31":"product-type-simple"},"acf":[],"uagb_featured_image_src":{"full":["https:\/\/vapestornado.com\/wp-content\/uploads\/2025\/01\/Vozol-Star-20000-Puff-Disposable-Vape-Love-777-Flavor.webp",800,800,false],"thumbnail":["https:\/\/vapestornado.com\/wp-content\/uploads\/2025\/01\/Vozol-Star-20000-Puff-Disposable-Vape-Love-777-Flavor-150x150.webp",150,150,true],"medium":["https:\/\/vapestornado.com\/wp-content\/uploads\/2025\/01\/Vozol-Star-20000-Puff-Disposable-Vape-Love-777-Flavor-300x300.webp",300,300,true],"medium_large":["https:\/\/vapestornado.com\/wp-content\/uploads\/2025\/01\/Vozol-Star-20000-Puff-Disposable-Vape-Love-777-Flavor-768x768.webp",768,768,true],"large":["https:\/\/vapestornado.com\/wp-content\/uploads\/2025\/01\/Vozol-Star-20000-Puff-Disposable-Vape-Love-777-Flavor.webp",800,800,false],"1536x1536":["https:\/\/vapestornado.com\/wp-content\/uploads\/2025\/01\/Vozol-Star-20000-Puff-Disposable-Vape-Love-777-Flavor.webp",800,800,false],"2048x2048":["https:\/\/vapestornado.com\/wp-content\/uploads\/2025\/01\/Vozol-Star-20000-Puff-Disposable-Vape-Love-777-Flavor.webp",800,800,false],"trp-custom-language-flag":["https:\/\/vapestornado.com\/wp-content\/uploads\/2025\/01\/Vozol-Star-20000-Puff-Disposable-Vape-Love-777-Flavor.webp",12,12,false],"woocommerce_thumbnail":["https:\/\/vapestornado.com\/wp-content\/uploads\/2025\/01\/Vozol-Star-20000-Puff-Disposable-Vape-Love-777-Flavor-300x300.webp",300,300,true],"woocommerce_single":["https:\/\/vapestornado.com\/wp-content\/uploads\/2025\/01\/Vozol-Star-20000-Puff-Disposable-Vape-Love-777-Flavor-600x600.webp",600,600,true],"woocommerce_gallery_thumbnail":["https:\/\/vapestornado.com\/wp-content\/uploads\/2025\/01\/Vozol-Star-20000-Puff-Disposable-Vape-Love-777-Flavor-100x100.webp",100,100,true]},"uagb_author_info":{"display_name":"ESAMY","author_link":"https:\/\/vapestornado.com\/ro\/author\/"},"uagb_comment_info":0,"uagb_excerpt":"VOZOL Star 20000 Puffs 2% Low Nicotine Disposable Vape Wholesale VOZOL Star 20000 Puff \u00a0Digital Display Disposable Vape Bulk Buy VOZOL Star 20k Rechargeable Disposable Vape Cheap Price Add Amy's whatsapp get right reply and vape coupon! WhatsApp: +86 17776015835 &nbsp;","_links":{"self":[{"href":"https:\/\/vapestornado.com\/ro\/wp-json\/wp\/v2\/product\/3624","targetHints":{"allow":["GET"]}}],"collection":[{"href":"https:\/\/vapestornado.com\/ro\/wp-json\/wp\/v2\/product"}],"about":[{"href":"https:\/\/vapestornado.com\/ro\/wp-json\/wp\/v2\/types\/product"}],"replies":[{"embeddable":true,"href":"https:\/\/vapestornado.com\/ro\/wp-json\/wp\/v2\/comments?post=3624"}],"wp:featuredmedia":[{"embeddable":true,"href":"https:\/\/vapestornado.com\/ro\/wp-json\/wp\/v2\/media\/3625"}],"wp:attachment":[{"href":"https:\/\/vapestornado.com\/ro\/wp-json\/wp\/v2\/media?parent=3624"}],"wp:term":[{"taxonomy":"product_brand","embeddable":true,"href":"https:\/\/vapestornado.com\/ro\/wp-json\/wp\/v2\/product_brand?post=3624"},{"taxonomy":"product_cat","embeddable":true,"href":"https:\/\/vapestornado.com\/ro\/wp-json\/wp\/v2\/product_cat?post=3624"},{"taxonomy":"product_tag","embeddable":true,"href":"https:\/\/vapestornado.com\/ro\/wp-json\/wp\/v2\/product_tag?post=3624"}],"curies":[{"name":"wp","href":"https:\/\/api.w.org\/{rel}","templated":true}]}}