{"id":3614,"date":"2025-01-02T03:10:17","date_gmt":"2025-01-02T03:10:17","guid":{"rendered":"https:\/\/vapestornado.com\/?post_type=product&#038;p=3614"},"modified":"2025-08-23T12:23:25","modified_gmt":"2025-08-23T12:23:25","slug":"vozol-gear-power-20k-20000-puffs-vape-rechargeable-disposable-box-bulk-buy-cheap-price","status":"publish","type":"product","link":"https:\/\/vapestornado.com\/ro\/product\/vozol-gear-power-20k-20000-puffs-vape-rechargeable-disposable-box-bulk-buy-cheap-price\/","title":{"rendered":"VOZOL Gear Power 20K 20000 Puff-uri Vape Re\u00eenc\u0103rcabil\u0103 Cutie de Unic\u0103 Folosin\u021b\u0103 Cump\u0103rare \u00een Vrac Pre\u021b Ieftin"},"content":{"rendered":"<h1 class=\"product-title\">VOZOL Gear Power 20K 20000 Puff-uri Vape Re\u00eenc\u0103rcabil\u0103 Cutie de Unic\u0103 Folosin\u021b\u0103 Cump\u0103rare \u00een Vrac Pre\u021b Ieftin<\/h1>\n<p>VOZOL GEAR POWER 20k vine pre-umplut cu un impresionant <strong>20 ml de e-lichid<\/strong>, f\u0103c\u00e2ndu-l ideal chiar \u0219i pentru cei mai mari utilizatori, dur\u00e2nd peste o s\u0103pt\u0103m\u00e2n\u0103. Ofer\u0103 <strong>trei op\u021biuni de concentra\u021bie de nicotin\u0103<\/strong>\u20140 mg, 20 mg \u0219i 50 mg\u2014\u0219i este disponibil \u00een <strong>20 de arome unice<\/strong>, satisf\u0103c\u00e2nd o gam\u0103 larg\u0103 de preferin\u021be.<\/p>\n<p>Dispozitivul dispune de un <strong>Baterie re\u00eenc\u0103rcabil\u0103 de 650 mAh<\/strong>, asigur\u00e2nd o performan\u021b\u0103 consistent\u0103. Se \u00eencarc\u0103 rapid prin USB-C \u0219i include <strong>rezisten\u021be duble mesh cu tehnologia S.i.L.C (Fin, Identic, de Lung\u0103 durat\u0103, Curat)<\/strong>, oferind o experien\u021b\u0103 de vaping fin\u0103 \u0219i consistent\u0103, cu arom\u0103 \u0219i produc\u021bie de vapori \u00eembun\u0103t\u0103\u021bite.<\/p>\n<p>Conceput pentru versatilitate, GEAR POWER ofer\u0103 dou\u0103 moduri de putere. <strong>Modul ECO<\/strong> ofer\u0103 p\u00e2n\u0103 la <strong>20.000 de pufuri<\/strong>, ideal pentru utilizare de lung\u0103 durat\u0103, \u00een timp ce <strong>Modul POWER<\/strong> prioritizeaz\u0103 o arom\u0103 mai bogat\u0103 \u0219i vapori mai den\u0219i, oferind aproximativ <strong>12.000 de pufuri<\/strong>.<\/p>\n<p>Ecranul LED <strong>u\u0219or de utilizat<\/strong> afi\u0219eaz\u0103 modul curent, procentajul r\u0103mas al bateriei \u0219i nivelul e-lichidului, facilit\u00e2nd monitorizarea utiliz\u0103rii. Pentru o igien\u0103 sporit\u0103, dispozitivul vine cu un <strong>capac de silicon<\/strong> pentru a proteja mu\u0219tiucul atunci c\u00e2nd nu este utilizat.<\/p>\n<p>Combin\u00e2nd performan\u021be excep\u021bionale, confort \u0219i design elegant, VOZOL GEAR POWER este alegerea perfect\u0103 pentru vaperii care caut\u0103 un dispozitiv de unic\u0103 folosin\u021b\u0103 fiabil \u0219i de \u00eenalt\u0103 calitate.<\/p>\n<p>&nbsp;<\/p>\n<p><span style=\"color: #ff0000;\"><strong>Adaug\u0103 r\u0103spunsul corect de pe Whatsapp al lui Amy \u0219i cuponul de vape!<\/strong><\/span><\/p>\n<p><img fetchpriority=\"high\" decoding=\"async\" class=\"size-full wp-image-2932\" src=\"https:\/\/vapestornado.com\/wp-content\/uploads\/2024\/12\/Vape-Wholesale.jpg\" alt=\"\u021aig\u0103ri electronice cu ridicata\" width=\"229\" height=\"300\" \/><\/p>\n<h3><a href=\"https:\/\/wa.me\/8617776015835\" target=\"_blank\" rel=\"noopener\"><span style=\"color: #ff0000;\"><strong>WhatsApp: +86 17776015835<\/strong><\/span><\/a><\/h3>\n<p>&nbsp;<\/p>\n<h2 class=\"product-title\"><strong>Caracteristicile produsului VOZOL Gear Power 20K<\/strong><\/h2>\n<div role=\"article\" data-tabster=\"{&quot;groupper&quot;:{&quot;tabbability&quot;:2},&quot;focusable&quot;:{}}\" data-content=\"ai-message\" aria-labelledby=\"juhNTJ6o7Gk1cgwZMJgv2-author juhNTJ6o7Gk1cgwZMJgv2-content\">\n<div id=\"juhNTJ6o7Gk1cgwZMJgv2-content\">\n<div role=\"article\" data-tabster=\"{&quot;groupper&quot;:{&quot;tabbability&quot;:2},&quot;focusable&quot;:{}}\" data-content=\"ai-message\" aria-labelledby=\"x4EZuCZWrTbh3weWUt7CU-author x4EZuCZWrTbh3weWUt7CU-content\">\n<div id=\"x4EZuCZWrTbh3weWUt7CU-content\">\n<div class=\"flex max-w-full flex-col flex-grow\">\n<div class=\"min-h-8 text-message flex w-full flex-col items-end gap-2 whitespace-normal break-words text-start [.text-message+&amp;]:mt-5\" dir=\"auto\" data-message-author-role=\"assistant\" data-message-id=\"52c6e00a-252f-4104-805d-2f1a84739c71\" data-message-model-slug=\"gpt-4o\">\n<div class=\"flex w-full flex-col gap-1 empty:hidden first:pt-[3px]\">\n<div class=\"markdown prose w-full break-words dark:prose-invert light\">\n<p>&nbsp;<\/p>\n<ul>\n<li><strong>Capacitate masiv\u0103 de e-lichid<\/strong>: Pre\u00eenc\u0103rcat cu 20 ml de e-lichid, dureaz\u0103 mai mult de o s\u0103pt\u0103m\u00e2n\u0103, chiar \u0219i pentru utilizatorii intensivi.<\/li>\n<li><strong>Op\u021biuni de nicotin\u0103<\/strong>: Disponibil \u00een concentra\u021bii de <strong>0, 20 \u0219i 50 mg<\/strong> \u00een 20 de arome unice.<\/li>\n<li><strong>Baterie Re\u00eenc\u0103rcabil\u0103<\/strong>: Dispune de o baterie de 650 mAh, re\u00eenc\u0103rcabil\u0103 prin USB-C.<\/li>\n<li><strong>Bobine avansate<\/strong>: Bobine duble mesh cu <strong>tehnologie S.i.L.C<\/strong> asigur\u0103 lovituri fine \u0219i consistente.<\/li>\n<\/ul>\n<p><strong>Moduri de Alimentare Duale pentru Versatilitate<\/strong><\/p>\n<ul>\n<li><strong>Modul ECO<\/strong>: Ofer\u0103 p\u00e2n\u0103 la <strong>20.000 de pufuri<\/strong> pentru utilizare de lung\u0103 durat\u0103.<\/li>\n<li><strong>Modul POWER<\/strong>: Ofer\u0103 o arom\u0103 mai bogat\u0103 \u0219i vapori mai den\u0219i, cu aproximativ <strong>12.000 de pufuri<\/strong>.<\/li>\n<\/ul>\n<\/div>\n<\/div>\n<\/div>\n<\/div>\n<div class=\"mb-2 flex gap-3 empty:hidden -ml-2\">\n<figure id=\"attachment_3610\" aria-describedby=\"caption-attachment-3610\" style=\"width: 1000px\" class=\"wp-caption alignnone\"><img decoding=\"async\" class=\"wp-image-3610 size-full\" src=\"https:\/\/vapestornado.com\/wp-content\/uploads\/2025\/01\/VOZOL-Gear-Power-20000-Disposable-Bulk-Buy.jpg\" alt=\"VOZOL Gear Power 20000 Cump\u0103rare \u00een Vrac de Unic\u0103 Folosin\u021b\u0103\" width=\"1000\" height=\"1000\" srcset=\"https:\/\/vapestornado.com\/wp-content\/uploads\/2025\/01\/VOZOL-Gear-Power-20000-Disposable-Bulk-Buy.jpg 1000w, https:\/\/vapestornado.com\/wp-content\/uploads\/2025\/01\/VOZOL-Gear-Power-20000-Disposable-Bulk-Buy-300x300.jpg 300w, https:\/\/vapestornado.com\/wp-content\/uploads\/2025\/01\/VOZOL-Gear-Power-20000-Disposable-Bulk-Buy-150x150.jpg 150w, https:\/\/vapestornado.com\/wp-content\/uploads\/2025\/01\/VOZOL-Gear-Power-20000-Disposable-Bulk-Buy-768x768.jpg 768w, https:\/\/vapestornado.com\/wp-content\/uploads\/2025\/01\/VOZOL-Gear-Power-20000-Disposable-Bulk-Buy-600x600.jpg 600w, https:\/\/vapestornado.com\/wp-content\/uploads\/2025\/01\/VOZOL-Gear-Power-20000-Disposable-Bulk-Buy-100x100.jpg 100w\" sizes=\"(max-width: 1000px) 100vw, 1000px\" \/><figcaption id=\"caption-attachment-3610\" class=\"wp-caption-text\">VOZOL Gear Power 20000 Cump\u0103rare \u00een Vrac de Unic\u0103 Folosin\u021b\u0103<\/figcaption><\/figure>\n<\/div>\n<\/div>\n<\/div>\n<\/div>\n<\/div>\n<h2 class=\"product-title\"><strong>Arom\u0103 Popular\u0103 pentru VOZOL Gear Power 20000<\/strong><strong>\u00a0<\/strong><strong>Vape-uri de unic\u0103 folosin\u021b\u0103<\/strong><\/h2>\n<p>Vozol Vista 20000 ofer\u0103 o gam\u0103 divers\u0103 \u0219i interesant\u0103 de op\u021biuni pentru linia dvs. de produse, r\u0103spunz\u00e2nd diferitelor preferin\u021be gustative! V\u0103 rug\u0103m s\u0103 g\u0103si\u021bi aroma popular\u0103 conform datei noastre de v\u00e2nz\u0103ri \u0219i feedback-ului clien\u021bilor.<\/p>\n<p>1. L\u0103m\u00e2ie Ment\u0103<br \/>\n2. Fructe de P\u0103dure Mixte <span style=\"color: #ff0000;\"><strong>&gt;&gt;&gt; Fierbinte !<\/strong><\/span><br \/>\n3. Mango cu c\u0103p\u0219uni<br \/>\n4. Ghea\u021b\u0103 de mango<br \/>\n5. Mango, ananas \u0219i grepfrut<br \/>\n6. Ghea\u021b\u0103 de struguri<span style=\"color: #ff0000;\"><strong>&gt;&gt;&gt; Fierbinte !<\/strong><\/span><br \/>\n7. Ghea\u021b\u0103 de piersici<br \/>\n8. L\u0103m\u00e2ie \u0219i lime<br \/>\n9. Ghea\u021b\u0103 de pepene verde<br \/>\n10. Fructul dragonului, banane \u0219i cire\u0219e <span style=\"color: #ff0000;\"><strong>&gt;&gt;&gt; Fierbinte !<\/strong><\/span><br \/>\n11. Ghea\u021b\u0103 de mere duble<br \/>\n12. Limonad\u0103 de cire\u0219e<br \/>\n13. C\u0103p\u0219uni \u0219i pepene verde<br \/>\n14. Ghea\u021b\u0103 Blue Razz <span style=\"color: #ff0000;\"><strong>&gt;&gt;&gt; Cel mai bun!<\/strong><\/span><br \/>\n15. Furtun\u0103 de afine<br \/>\n16. Mojito albastru <span style=\"color: #ff0000;\"><strong>&gt;&gt;&gt; Fierbinte !<\/strong><\/span><br \/>\n17. Zmeur\u0103 \u0219i pepene verde<br \/>\n18. Lavafire<\/p>\n<div class=\"flex-shrink-0 flex flex-col relative items-end\">\n<div class=\"pt-0\">\n<div class=\"gizmo-bot-avatar flex h-8 w-8 items-center justify-center overflow-hidden rounded-full\">\n<div class=\"relative p-1 rounded-sm flex items-center justify-center bg-token-main-surface-primary text-token-text-primary h-8 w-8\">\n<h2>\u00centreb\u0103ri frecvente pentru VOZOL Gear Power 20K<strong>\u00a0<\/strong>Vape de Unic\u0103 Folosin\u021b\u0103<\/h2>\n<p>&nbsp;<\/p>\n<div class=\"flex max-w-full flex-col flex-grow\">\n<div class=\"min-h-8 text-message flex w-full flex-col items-end gap-2 whitespace-normal break-words text-start [.text-message+&amp;]:mt-5\" dir=\"auto\" data-message-author-role=\"assistant\" data-message-id=\"4dc48248-df95-45bd-b800-6dedb43cf7f1\" data-message-model-slug=\"gpt-4o\">\n<div class=\"flex w-full flex-col gap-1 empty:hidden first:pt-[3px]\">\n<div class=\"markdown prose w-full break-words dark:prose-invert light\">\n<ol>\n<li><strong>C\u00e2t dureaz\u0103 VOZOL GEAR POWER?<\/strong><br \/>\nVOZOL GEAR POWER ofer\u0103 p\u00e2n\u0103 la <strong>20.000 de pufuri<\/strong> \u00een modul ECO \u0219i \u00een jur de <strong>12.000 de pufuri<\/strong> \u00een modul POWER, \u00een func\u021bie de obiceiurile de utilizare. Cu o capacitate de 20 ml de e-lichid, poate dura peste o s\u0103pt\u0103m\u00e2n\u0103 pentru utilizatorii intensivi.<\/li>\n<li><strong>Ce concentra\u021bii de nicotin\u0103 sunt disponibile pentru VOZOL GEAR POWER 20k?<\/strong><br \/>\nGEAR POWER 20k este disponibil \u00een <strong>concentra\u021bii de nicotin\u0103 de 0 mg, 20 mg \u0219i 50 mg<\/strong>, f\u0103c\u00e2ndu-l potrivit pentru diverse preferin\u021be \u0219i nevoi de nicotin\u0103.<\/li>\n<li><strong>Pot re\u00eenc\u0103rca GEAR POWER \u0219i cum o fac?<\/strong><br \/>\nDa, dispozitivul dispune de un <strong>Baterie re\u00eenc\u0103rcabil\u0103 de 650 mAh<\/strong>. Poate fi re\u00eenc\u0103rcat cu u\u0219urin\u021b\u0103 folosind un <strong>cablu USB-C<\/strong>, asigur\u00e2nd o utilizare ne\u00eentrerupt\u0103.<\/li>\n<li><strong>Ce arome sunt disponibile pentru VOZOL GEAR POWER 20000?<\/strong><br \/>\nGEAR POWER vine \u00een <strong>20 de arome unice<\/strong>diverse arome, de la fructate \u0219i dulci p\u00e2n\u0103 la clasice \u0219i \u00eendr\u0103zne\u021be, satisf\u0103c\u00e2nd o gam\u0103 larg\u0103 de preferin\u021be gustative.<\/li>\n<li><strong>Cum asigur\u0103 VOZL 20000 o arom\u0103 consistent\u0103 \u0219i o produc\u021bie de vapori?<\/strong><br \/>\nDispozitivul este echipat cu <strong>rezisten\u021be duale mesh \u0219i tehnologia S.i.L.C (Smooth, Identical, Long-lasting, Clean)<\/strong>, asigur\u00e2nd pufuri fine \u0219i consistente, cu arom\u0103 \u0219i produc\u021bie de vapori \u00eembun\u0103t\u0103\u021bite.<\/li>\n<li><strong>Ce caracteristici fac GEAR POWER u\u0219or de utilizat?<\/strong><br \/>\nGEAR POWER include un <strong>afi\u0219aj LED luminos<\/strong> indic\u00e2nd modul de alimentare, procentajul bateriei \u0219i nivelul e-lichidului. De asemenea, vine cu un <strong>capac de silicon<\/strong> pentru a men\u021bine mu\u0219tiucul curat atunci c\u00e2nd nu este utilizat, ad\u0103ug\u00e2nd confort \u0219i igien\u0103.<\/li>\n<\/ol>\n<\/div>\n<\/div>\n<\/div>\n<\/div>\n<\/div>\n<\/div>\n<\/div>\n<\/div>\n<div class=\"flex-shrink-0 flex flex-col relative items-end\">\n<div class=\"pt-0\">\n<div class=\"gizmo-bot-avatar flex h-8 w-8 items-center justify-center overflow-hidden rounded-full\">\n<div class=\"relative p-1 rounded-sm flex items-center justify-center bg-token-main-surface-primary text-token-text-primary h-8 w-8\">\n<div class=\"mb-2 flex gap-3 empty:hidden -ml-2\">\n<div role=\"article\" data-tabster=\"{&quot;groupper&quot;:{&quot;tabbability&quot;:2},&quot;focusable&quot;:{}}\" data-content=\"ai-message\" aria-labelledby=\"Vdt5ez4X7Tg813x6rFVha-author Vdt5ez4X7Tg813x6rFVha-content\">\n<div id=\"Vdt5ez4X7Tg813x6rFVha-content\">\n<div role=\"article\" data-tabster=\"{&quot;groupper&quot;:{&quot;tabbability&quot;:2},&quot;focusable&quot;:{}}\" data-content=\"ai-message\" aria-labelledby=\"o968oC7CEo2fGHsGdsRYC-author o968oC7CEo2fGHsGdsRYC-content\">\n<div id=\"o968oC7CEo2fGHsGdsRYC-content\">\n<h2>De ce s\u0103 alege\u021bi vapestornado pentru v\u00e2nzarea cu ridicata de vape VOZOL 20K Puffs?<\/h2>\n<div class=\"flex-shrink-0 flex flex-col relative items-end\">\n<div class=\"pt-0\">\n<div class=\"gizmo-bot-avatar flex h-8 w-8 items-center justify-center overflow-hidden rounded-full\">\n<div class=\"relative p-1 rounded-sm flex items-center justify-center bg-token-main-surface-primary text-token-text-primary h-8 w-8\">\n<p>Bun venit la vapestornado, magazinul t\u0103u online de \u00eencredere pentru vape-uri de unic\u0103 folosin\u021b\u0103 premium. Cu o experien\u021b\u0103 de peste 5 ani, \u00ee\u021bi aducem branduri populare de vape-uri de unic\u0103 folosin\u021b\u0103, precum Fumot RandM Vape, <a href=\"https:\/\/vapestornado.com\/ro\/product-category\/vapme-shisha\/\">Vapme<\/a>, Bang Vape, Waspe Vape \u0219i WGA Vape, etc.<\/p>\n<p>Gama noastr\u0103 include vape-uri populare precum <a href=\"https:\/\/vapestornado.com\/ro\/product\/randm-12000-puffs-fumot-digital-disposable-vape-wholesale-price\/\">RandM Tornado 12000<\/a>, \u0219i op\u021biuni bogate \u00een arome, precum <a href=\"https:\/\/vapestornado.com\/ro\/product\/wga-crystal-pro-max-extra-15000-puffs-rechargeable-disposable-vape-wholesale-bulk-buy\/\">\u00a0WGA Crystal 15k Pufuri<\/a> . Fiecare produs este ales cu accent pe calitate, valoare \u0219i varietate, asigur\u00e2ndu-ne c\u0103 g\u0103se\u0219ti potrivirea perfect\u0103 pentru nevoile tale. Descoper\u0103 servicii excep\u021bionale \u0219i o gam\u0103 larg\u0103 de produse de top cu pre\u021buri de gros la vapestornado.<\/p>\n<\/div>\n<p>&nbsp;<\/p>\n<p><strong>Alte Vape-uri de Unic\u0103 Folosin\u021b\u0103 Populare<\/strong><\/p>\n<p><a href=\"https:\/\/vapestornado.com\/ro\/product\/vozol-vista-20000-vape-rechargeable-disposable-vape-wholesale-cheap-price\/\">VOZOL VISTA 20000 Pufuri <span style=\"color: #ff0000;\"><strong>&gt;&gt;&gt;&gt; Du-te !<\/strong><\/span><\/a><\/p>\n<p><a href=\"https:\/\/vapestornado.com\/ro\/product\/vopk-ultra-40000-puffs-2-in-1-digital-screen-rechargeable-disposable-vape\/\">VOPK 40000 Gust Dublu<span style=\"color: #ff0000;\"><strong>&gt;&gt;&gt;&gt; Du-te !<\/strong><\/span><\/a><\/p>\n<p><a href=\"https:\/\/vapestornado.com\/ro\/product\/puff-25k-bang-king-25000-puffs-rechargeable-disposable-vape-wholesale-bulk-buy\/\">Bang King 25000 <span style=\"color: #ff0000;\"><strong>&gt;&gt;&gt;&gt; Du-te !<\/strong><\/span><\/a><\/p>\n<\/div>\n<\/div>\n<\/div>\n<p>&nbsp;<\/p>\n<\/div>\n<\/div>\n<\/div>\n<\/div>\n<\/div>\n<\/div>\n<\/div>\n<\/div>\n<\/div>","protected":false},"excerpt":{"rendered":"<p>VOZOL Gear Power 20K Puffs 2% Vape de unic\u0103 folosin\u021b\u0103 cu nicotin\u0103 sc\u0103zut\u0103, en-gros<br \/>\nVOZOL Gear Power 20000 Puff Vape de unic\u0103 folosin\u021b\u0103 cu afi\u0219aj digital, cump\u0103rare \u00een vrac<br \/>\nVOZOL Gear Power 20k Vape re\u00eenc\u0103rcabil de unic\u0103 folosin\u021b\u0103, pre\u021b ieftin<\/p>\n<p><strong>Adaug\u0103 whatsapp-ul lui Amy pentru a primi r\u0103spuns imediat \u0219i un cupon de vape!<\/strong><\/p>\n<p><img fetchpriority=\"high\" decoding=\"async\" class=\"size-full wp-image-2932\" src=\"https:\/\/vapestornado.com\/wp-content\/uploads\/2024\/12\/Vape-Wholesale.jpg\" alt=\"\u021aig\u0103ri electronice cu ridicata\" width=\"229\" height=\"300\" \/><\/p>\n<h3><a href=\"https:\/\/wa.me\/8617776015835\"><span style=\"color: #ff0000;\"><strong>WhatsApp: +86 17776015835<\/strong><\/span><\/a><\/h3>\n<p>&nbsp;<\/p>","protected":false},"featured_media":3611,"comment_status":"open","ping_status":"closed","template":"","meta":{"_acf_changed":false,"_uag_custom_page_level_css":"","_lmt_disableupdate":"no","_lmt_disable":"","_monsterinsights_skip_tracking":false,"_monsterinsights_sitenote_active":false,"_monsterinsights_sitenote_note":"","_monsterinsights_sitenote_category":0,"site-sidebar-layout":"default","site-content-layout":"","ast-site-content-layout":"default","site-content-style":"default","site-sidebar-style":"default","ast-global-header-display":"","ast-banner-title-visibility":"","ast-main-header-display":"","ast-hfb-above-header-display":"","ast-hfb-below-header-display":"","ast-hfb-mobile-header-display":"","site-post-title":"","ast-breadcrumbs-content":"","ast-featured-img":"","footer-sml-layout":"","ast-disable-related-posts":"","theme-transparent-header-meta":"default","adv-header-id-meta":"","stick-header-meta":"","header-above-stick-meta":"","header-main-stick-meta":"","header-below-stick-meta":"","astra-migrate-meta-layouts":"set","ast-page-background-enabled":"default","ast-page-background-meta":{"desktop":{"background-color":"","background-image":"","background-repeat":"repeat","background-position":"center center","background-size":"auto","background-attachment":"scroll","background-type":"","background-media":"","overlay-type":"","overlay-color":"","overlay-opacity":"","overlay-gradient":""},"tablet":{"background-color":"","background-image":"","background-repeat":"repeat","background-position":"center center","background-size":"auto","background-attachment":"scroll","background-type":"","background-media":"","overlay-type":"","overlay-color":"","overlay-opacity":"","overlay-gradient":""},"mobile":{"background-color":"","background-image":"","background-repeat":"repeat","background-position":"center center","background-size":"auto","background-attachment":"scroll","background-type":"","background-media":"","overlay-type":"","overlay-color":"","overlay-opacity":"","overlay-gradient":""}},"ast-content-background-meta":{"desktop":{"background-color":"var(--ast-global-color-5)","background-image":"","background-repeat":"repeat","background-position":"center center","background-size":"auto","background-attachment":"scroll","background-type":"","background-media":"","overlay-type":"","overlay-color":"","overlay-opacity":"","overlay-gradient":""},"tablet":{"background-color":"var(--ast-global-color-5)","background-image":"","background-repeat":"repeat","background-position":"center center","background-size":"auto","background-attachment":"scroll","background-type":"","background-media":"","overlay-type":"","overlay-color":"","overlay-opacity":"","overlay-gradient":""},"mobile":{"background-color":"var(--ast-global-color-5)","background-image":"","background-repeat":"repeat","background-position":"center center","background-size":"auto","background-attachment":"scroll","background-type":"","background-media":"","overlay-type":"","overlay-color":"","overlay-opacity":"","overlay-gradient":""}},"_joinchat":{"telephone":"+8617776015835"}},"product_brand":[],"product_cat":[69,140,150,154,158,143,144,146,57],"product_tag":[165,105,97,166,94,222,221,220],"class_list":{"0":"post-3614","1":"product","2":"type-product","3":"status-publish","4":"has-post-thumbnail","6":"product_cat-20000-puff","7":"product_cat-big-puffs-disposable-vapes","8":"product_cat-buy-disposable-vapes-in-belgium","9":"product_cat-buy-disposable-vapes-in-netherlands","10":"product_cat-buy-disposable-vapes-in-spain","11":"product_cat-dual-mesh-disposable-vapes","12":"product_cat-low-nicotine-disposable-vapes","13":"product_cat-rechargeable-disposable-vapes","14":"product_cat-vozol-vape","15":"product_tag-cheap-vapes","16":"product_tag-digital-disposable-vape","17":"product_tag-hot-sale-disposable-vape","18":"product_tag-low-nicotine-vape","19":"product_tag-rechargeable-disposable-vape","20":"product_tag-vozol-gear-power-20000","21":"product_tag-vozol-gear-power-20k","22":"product_tag-vozol-vape","23":"desktop-align-left","24":"tablet-align-left","25":"mobile-align-left","27":"first","28":"instock","29":"sale","30":"shipping-taxable","31":"purchasable","32":"product-type-simple"},"acf":[],"uagb_featured_image_src":{"full":["https:\/\/vapestornado.com\/wp-content\/uploads\/2025\/01\/VOZOL-Gear-Power-20000-Disposable-Wholesale-Price.jpg",1000,1000,false],"thumbnail":["https:\/\/vapestornado.com\/wp-content\/uploads\/2025\/01\/VOZOL-Gear-Power-20000-Disposable-Wholesale-Price-150x150.jpg",150,150,true],"medium":["https:\/\/vapestornado.com\/wp-content\/uploads\/2025\/01\/VOZOL-Gear-Power-20000-Disposable-Wholesale-Price-300x300.jpg",300,300,true],"medium_large":["https:\/\/vapestornado.com\/wp-content\/uploads\/2025\/01\/VOZOL-Gear-Power-20000-Disposable-Wholesale-Price-768x768.jpg",768,768,true],"large":["https:\/\/vapestornado.com\/wp-content\/uploads\/2025\/01\/VOZOL-Gear-Power-20000-Disposable-Wholesale-Price.jpg",1000,1000,false],"1536x1536":["https:\/\/vapestornado.com\/wp-content\/uploads\/2025\/01\/VOZOL-Gear-Power-20000-Disposable-Wholesale-Price.jpg",1000,1000,false],"2048x2048":["https:\/\/vapestornado.com\/wp-content\/uploads\/2025\/01\/VOZOL-Gear-Power-20000-Disposable-Wholesale-Price.jpg",1000,1000,false],"trp-custom-language-flag":["https:\/\/vapestornado.com\/wp-content\/uploads\/2025\/01\/VOZOL-Gear-Power-20000-Disposable-Wholesale-Price.jpg",12,12,false],"woocommerce_thumbnail":["https:\/\/vapestornado.com\/wp-content\/uploads\/2025\/01\/VOZOL-Gear-Power-20000-Disposable-Wholesale-Price-300x300.jpg",300,300,true],"woocommerce_single":["https:\/\/vapestornado.com\/wp-content\/uploads\/2025\/01\/VOZOL-Gear-Power-20000-Disposable-Wholesale-Price-600x600.jpg",600,600,true],"woocommerce_gallery_thumbnail":["https:\/\/vapestornado.com\/wp-content\/uploads\/2025\/01\/VOZOL-Gear-Power-20000-Disposable-Wholesale-Price-100x100.jpg",100,100,true]},"uagb_author_info":{"display_name":"ESAMY","author_link":"https:\/\/vapestornado.com\/ro\/author\/"},"uagb_comment_info":0,"uagb_excerpt":"VOZOL Gear Power 20K\u00a0 Puffs 2% Low Nicotine Disposable Vape Wholesale VOZOL Gear Power 20000 Puff \u00a0Digital Display Disposable Vape Bulk Buy VOZOL Gear Power 20k Rechargeable Disposable Vape Cheap Price Add Amy's whatsapp get right reply and vape coupon! WhatsApp: +86 17776015835 &nbsp;","_links":{"self":[{"href":"https:\/\/vapestornado.com\/ro\/wp-json\/wp\/v2\/product\/3614","targetHints":{"allow":["GET"]}}],"collection":[{"href":"https:\/\/vapestornado.com\/ro\/wp-json\/wp\/v2\/product"}],"about":[{"href":"https:\/\/vapestornado.com\/ro\/wp-json\/wp\/v2\/types\/product"}],"replies":[{"embeddable":true,"href":"https:\/\/vapestornado.com\/ro\/wp-json\/wp\/v2\/comments?post=3614"}],"wp:featuredmedia":[{"embeddable":true,"href":"https:\/\/vapestornado.com\/ro\/wp-json\/wp\/v2\/media\/3611"}],"wp:attachment":[{"href":"https:\/\/vapestornado.com\/ro\/wp-json\/wp\/v2\/media?parent=3614"}],"wp:term":[{"taxonomy":"product_brand","embeddable":true,"href":"https:\/\/vapestornado.com\/ro\/wp-json\/wp\/v2\/product_brand?post=3614"},{"taxonomy":"product_cat","embeddable":true,"href":"https:\/\/vapestornado.com\/ro\/wp-json\/wp\/v2\/product_cat?post=3614"},{"taxonomy":"product_tag","embeddable":true,"href":"https:\/\/vapestornado.com\/ro\/wp-json\/wp\/v2\/product_tag?post=3614"}],"curies":[{"name":"wp","href":"https:\/\/api.w.org\/{rel}","templated":true}]}}