{"id":3515,"date":"2024-12-28T08:19:21","date_gmt":"2024-12-28T08:19:21","guid":{"rendered":"https:\/\/vapestornado.com\/?post_type=product&#038;p=3515"},"modified":"2025-08-23T12:19:13","modified_gmt":"2025-08-23T12:19:13","slug":"uwin-shisha-hookah-crystal-20000-puffs-new-vape-bulk-price","status":"publish","type":"product","link":"https:\/\/vapestornado.com\/ro\/product\/uwin-shisha-hookah-crystal-20000-puffs-new-vape-bulk-price\/","title":{"rendered":"Uwin SHISHA Narghilea Crystal 20000 Puffs Vap\u0103 nou\u0103 Pre\u021b \u00een vrac"},"content":{"rendered":"<h1>Uwin SHISHA Narghilea Crystal 20000 Puffs Vap\u0103 nou\u0103 Pre\u021b \u00een vrac<\/h1>\n<p>Sistemul <strong data-start=\"291\" data-end=\"333\">Uwin Shisha Hookah Crystal 20000 Pufuri<\/strong> este un vape de unic\u0103 folosin\u021b\u0103 premium, conceput pentru comercian\u021bii cu am\u0103nuntul \u0219i distribuitorii care caut\u0103 <strong data-start=\"415\" data-end=\"438\">solu\u021bii de vape \u00een vrac<\/strong> cu o cerere puternic\u0103 \u00een Europa. Fiecare dispozitiv ofer\u0103 p\u00e2n\u0103 la <strong data-start=\"500\" data-end=\"523\">20.000 de pufuri fine<\/strong>, pre-umplut cu <strong data-start=\"541\" data-end=\"561\">25ml de e-lichid<\/strong> \u0219i alimentat de un <strong data-start=\"580\" data-end=\"618\">bateria re\u00eenc\u0103rcabil\u0103 de cobalt de 850mAh<\/strong> cu \u00eenc\u0103rcare rapid\u0103 <strong data-start=\"629\" data-end=\"648\">\u00eenc\u0103rcare de tip C<\/strong>.<\/p>\n<p>Disponibil \u00een <strong data-start=\"672\" data-end=\"713\">concentra\u021bii de nicotin\u0103 de 0%, 2%, 3% \u0219i 5%<\/strong>, ofer\u0103 flexibilitate pentru fiecare tip de client. Sistemul <strong data-start=\"769\" data-end=\"793\">tehnologie mesh coil<\/strong> asigur\u0103 o arom\u0103 bogat\u0103 \u0219i nori den\u0219i, \u00een timp ce <strong data-start=\"842\" data-end=\"867\">designul shisha de cristal<\/strong> adaug\u0103 un aspect modern \u0219i elegant.<\/p>\n<p>Cu <strong data-start=\"913\" data-end=\"940\">12 arome de top<\/strong> \u0219i ambalare practic\u0103 pentru v\u00e2nzarea cu ridicata (<strong data-start=\"976\" data-end=\"1019\">10 buc\/cutie, 200 buc\/carton, 20,3 kg\/carton<\/strong>), Uwin Crystal 20K este construit at\u00e2t pentru <strong data-start=\"1061\" data-end=\"1109\">rafturile de v\u00e2nzare cu am\u0103nuntul, c\u00e2t \u0219i pentru comenzile mari de distribu\u021bie<\/strong>. Compact, dar puternic, combin\u0103 <strong data-start=\"1145\" data-end=\"1192\">fiabilitatea, performan\u021ba \u0219i accesibilitatea<\/strong>, f\u0103c\u00e2ndu-l unul dintre cele mai competitive vape-uri en-gros din categoria de 20k pufuri.<img fetchpriority=\"high\" decoding=\"async\" class=\"wp-image-3531\" style=\"font-style: inherit; font-weight: 600;\" src=\"https:\/\/vapestornado.com\/wp-content\/uploads\/2024\/12\/UWIN-VAPES-HOOKAH-Crystal-20000-Puffs-Grape-ice.jpg\" alt=\"UWIN VAPES HOOKAH Crystal 20000 Pufuri Strugure Ghea\u021b\u0103\" width=\"473\" height=\"473\" srcset=\"https:\/\/vapestornado.com\/wp-content\/uploads\/2024\/12\/UWIN-VAPES-HOOKAH-Crystal-20000-Puffs-Grape-ice.jpg 800w, https:\/\/vapestornado.com\/wp-content\/uploads\/2024\/12\/UWIN-VAPES-HOOKAH-Crystal-20000-Puffs-Grape-ice-300x300.jpg 300w, https:\/\/vapestornado.com\/wp-content\/uploads\/2024\/12\/UWIN-VAPES-HOOKAH-Crystal-20000-Puffs-Grape-ice-150x150.jpg 150w, https:\/\/vapestornado.com\/wp-content\/uploads\/2024\/12\/UWIN-VAPES-HOOKAH-Crystal-20000-Puffs-Grape-ice-768x768.jpg 768w, https:\/\/vapestornado.com\/wp-content\/uploads\/2024\/12\/UWIN-VAPES-HOOKAH-Crystal-20000-Puffs-Grape-ice-600x600.jpg 600w, https:\/\/vapestornado.com\/wp-content\/uploads\/2024\/12\/UWIN-VAPES-HOOKAH-Crystal-20000-Puffs-Grape-ice-100x100.jpg 100w\" sizes=\"(max-width: 473px) 100vw, 473px\" \/><\/p>\n<div role=\"article\" data-tabster=\"{&quot;groupper&quot;:{&quot;tabbability&quot;:2},&quot;focusable&quot;:{}}\" data-content=\"ai-message\" aria-labelledby=\"64JRvXrTnY7mRmPkEQLLT-author 64JRvXrTnY7mRmPkEQLLT-content\">\n<div id=\"64JRvXrTnY7mRmPkEQLLT-content\">UWIN VAPES HOOKAH Crystal 20000 Pufuri Strugure Ghea\u021b\u0103<\/div>\n<\/div>\n<p><img decoding=\"async\" class=\"alignleft wp-image-2951 size-medium\" src=\"https:\/\/vapestornado.com\/wp-content\/uploads\/2024\/12\/Wholesale-Disposable-Vape-265x300.jpg\" alt=\"Vape de unic\u0103 folosin\u021b\u0103 en-gros\" width=\"265\" height=\"300\" srcset=\"https:\/\/vapestornado.com\/wp-content\/uploads\/2024\/12\/Wholesale-Disposable-Vape-265x300.jpg 265w, https:\/\/vapestornado.com\/wp-content\/uploads\/2024\/12\/Wholesale-Disposable-Vape-768x871.jpg 768w, https:\/\/vapestornado.com\/wp-content\/uploads\/2024\/12\/Wholesale-Disposable-Vape-600x680.jpg 600w, https:\/\/vapestornado.com\/wp-content\/uploads\/2024\/12\/Wholesale-Disposable-Vape.jpg 823w\" sizes=\"(max-width: 265px) 100vw, 265px\" \/><\/p>\n<h6>Contacta\u021bi-o pe Mandy pe WhatsApp pentru pre\u021b redus:<a href=\"https:\/\/wa.me\/8618077105796\" target=\"_blank\" rel=\"noopener\">+8618077105796<\/a><\/h6>\n<div class=\"flex max-w-full flex-col flex-grow\">\n<div class=\"min-h-8 text-message flex w-full flex-col items-end gap-2 whitespace-normal break-words text-start [.text-message+&amp;]:mt-5\" dir=\"auto\" data-message-author-role=\"assistant\" data-message-id=\"cdb991c0-f594-4bff-b2d5-fbbdd7ce9e54\" data-message-model-slug=\"gpt-4o-mini\">\n<div class=\"flex w-full flex-col gap-1 empty:hidden first:pt-[3px]\">\n<div class=\"markdown prose w-full break-words dark:prose-invert light\"><\/div>\n<\/div>\n<\/div>\n<\/div>\n<div class=\"mb-2 flex gap-3 empty:hidden -ml-2\">\n<h2><strong>Uwin SHISHA VAPE Crystal 20000 Pufuri <\/strong>Caracteristici Remarcabile:<\/h2>\n<ul>\n<li><strong>Niveluri de nicotin\u0103<\/strong>: 0%, 2%, 3%, 5%<\/li>\n<li><strong>Pufuri<\/strong>: P\u00e2n\u0103 la 20.000<\/li>\n<li><strong>E-Lichid<\/strong>: Capacitate 25ml<\/li>\n<li><strong>Baterie<\/strong>: 850mAh re\u00eenc\u0103rcabil\u0103, port Type-C<\/li>\n<li><strong>Rezisten\u021b\u0103<\/strong>: Rezisten\u021b\u0103 mesh pentru arom\u0103 bogat\u0103<\/li>\n<li><strong>Arome<\/strong>: 12 op\u021biuni<\/li>\n<li><strong>Ambalaj<\/strong>: 10 buc\/cutie, 200 buc\/carton<\/li>\n<li><strong>Specifica\u021bii cutie<\/strong>20,3 kg, 39,5 \u00d7 39 \u00d7 30,5 cm<\/li>\n<li><strong>Stil de Vapat<\/strong>: Direct-la-pl\u0103m\u00e2ni (DTL)<\/li>\n<\/ul>\n<\/div>\n<h2><strong>Uwin NARGHILEA Cristal VAPES 20k Puffs<\/strong> Lista de arome:<\/h2>\n<p>1.Afine cu ghea\u021b\u0103<br \/>\n2.Kiwi, fructul pasiunii, guava<br \/>\n3.C\u0103p\u0219uni, kiwi<br \/>\n4.Fructe de p\u0103dure mixte<br \/>\n5.C\u0103p\u0219uni, pepene ro\u0219u<br \/>\n6.Struguri ghea\u021b\u0103<br \/>\n7. Ghea\u021b\u0103 de pepene verde<br \/>\n8.Cire\u0219e ghea\u021b\u0103<br \/>\n9. C\u0103p\u0219uni cu ghea\u021b\u0103<br \/>\n10.Piersici ghea\u021b\u0103<br \/>\n11. Afine, zmeur\u0103<br \/>\n12. Love 66<\/p>\n<div role=\"article\" data-tabster=\"{&quot;groupper&quot;:{&quot;tabbability&quot;:2},&quot;focusable&quot;:{}}\" data-content=\"ai-message\" aria-labelledby=\"dARUyEWDoEYhnSPXFwx5A-author dARUyEWDoEYhnSPXFwx5A-content\">\n<div id=\"dARUyEWDoEYhnSPXFwx5A-content\">\n<h2>De ce s\u0103 alege\u021bi <strong>Uwin NARGHILEA SHISHA Cristal 20000 Pufuri <\/strong>at <a href=\"https:\/\/vapestornado.com\/ro\/product\/bang-box-35k-puffs-high-capacity-long-lasting-disposable-vape\/\">vapestornado.com?<\/a><\/h2>\n<p>Dac\u0103 sunte\u021bi \u00een c\u0103utare de vape-uri de unic\u0103 folosin\u021b\u0103 premium la pre\u021buri competitive, vapestornado.com este sursa dumneavoastr\u0103 de \u00eencredere pentru <strong>Uwin Shisha Crystal 20000 Pufuri<\/strong>. Iat\u0103 de ce acest produs \u0219i aceast\u0103 platform\u0103 se remarc\u0103:<\/p>\n<ul>\n<li><strong>Longevitate Excep\u021bional\u0103<\/strong><br \/>\nUwin Shisha Hookah Crystal ofer\u0103 p\u00e2n\u0103 la <strong>20.000 de pufuri<\/strong>, ceea ce \u00eel face unul dintre cele mai durabile vape-uri de unic\u0103 folosin\u021b\u0103 de pe pia\u021b\u0103. Perfect pentru vaperii pasiona\u021bi \u0219i pentru cei care caut\u0103 o utilizare extins\u0103.<\/li>\n<li><strong>Op\u021biuni diversificate de nicotin\u0103<\/strong><br \/>\nR\u0103spunz\u00e2nd tuturor preferin\u021belor, acest vape este disponibil \u00een <strong>concentra\u021bii de nicotin\u0103 de 0%, 2%, 3% \u0219i 5%<\/strong>, fiind ideal at\u00e2t pentru utilizatorii ocazionali, c\u00e2t \u0219i pentru cei obi\u0219nui\u021bi.<\/li>\n<li><strong>Varietate de Arome<\/strong><br \/>\nAlege\u021bi dintre <strong>12 arome premium<\/strong>, atent concepute pentru a satisface o gam\u0103 larg\u0103 de gusturi, de la arome de fructe preferate la amestecuri r\u0103coritoare de mentol.<\/li>\n<li><strong>Tehnologie avansat\u0103<\/strong><br \/>\nEchipat cu un <strong>rezisten\u021b\u0103 tip mesh<\/strong> si <strong>bateria re\u00eenc\u0103rcabil\u0103 de cobalt de 850mAh<\/strong>, dispozitivul ofer\u0103 vapori fini, o arom\u0103 bogat\u0103 \u0219i o \u00eenc\u0103rcare rapid\u0103 \u0219i convenabil\u0103 prin intermediul unui <strong>portul Type-C<\/strong>.<\/li>\n<li><strong>Comoditate la nivel de wholesale<\/strong><br \/>\nLa vapestornado.com, bucura\u021bi-v\u0103 de op\u021biunile de ambalare \u00een vrac cu <strong>10 buc\u0103\u021bi pe cutie<\/strong> si <strong>200 de buc\u0103\u021bi per carton<\/strong>, perfecte pentru comercian\u021bi \u0219i distribuitori.<\/li>\n<li><strong>Furnizor de \u00cencredere<\/strong><br \/>\nvapestornado.com este cunoscut pentru serviciile sale de \u00eencredere, produsele sale autentice \u0219i pre\u021burile competitive, fiind platforma ideal\u0103 pentru vapoare de \u00eenalt\u0103 calitate.<\/li>\n<\/ul>\n<\/div>\n<\/div>\n<h2>\u00centreb\u0103ri frecvente despre <strong>Uwin NARGHILEA SHISHA Cristal 20000 Pufuri <\/strong>Pachetele de vapoare<\/h2>\n<p>&nbsp;<\/p>\n<p><strong>1. C\u00e2te pufuri pot ob\u021bine de la Uwin Shisha Hookah Vapes 20k pufuri?<\/strong><br \/>\nFiecare pachet ofer\u0103 p\u00e2n\u0103 la <strong>20.000 de pufuri<\/strong>, fiind o op\u021biune de lung\u0103 durat\u0103 pentru vapatul obi\u0219nuit.<\/p>\n<p><strong>2. Ce concentra\u021bii de nicotin\u0103 sunt disponibile pentru Uwin Crystal 20000 Puffs?<\/strong><br \/>\nUwin Shisha Hookah Crystal este disponibil \u00een <strong>0%, 2%, 3% \u0219i 5% nicotin\u0103<\/strong> op\u021biuni pentru a se potrivi diferitelor preferin\u021be.<\/p>\n<p><strong>3. C\u00e2t e-lichid con\u021bin vapoarele Uwin Crystal Vapes 20k Puffs?<\/strong><br \/>\nFiecare pachet este pre-umplut cu <strong>25ml de e-lichid premium<\/strong> pentru utilizare extins\u0103.<\/p>\n<p><strong>4. C\u00e2t dureaz\u0103 livrarea pachetelor de vapoare Uwin Shisha Hookah Crystal 20000 Puffs \u00een \u021bara mea?<\/strong><br \/>\nDuratele de livrare variaz\u0103 \u00een func\u021bie de loca\u021bia dumneavoastr\u0103 \u0219i de metoda de transport selectat\u0103. Pentru \u021b\u0103rile europene, transportul standard dureaz\u0103 de obicei 10<strong>\u201315 zile lucr\u0103toare.<\/strong> Dac\u0103 sunt s\u0103rb\u0103tori, timpul de livrare al pachetului va fi \u00eent\u00e2rziat.<\/p>\n<p><strong>5. Cum \u00eemi urm\u0103resc comanda?<\/strong><br \/>\nOdat\u0103 ce comanda dumneavoastr\u0103 a fost expediat\u0103, ve\u021bi primi un num\u0103r de urm\u0103rire de la furnizor sau comerciant. Folosi\u021bi-l pentru a monitoriza progresul livr\u0103rii.<\/p>","protected":false},"excerpt":{"rendered":"<p>Uwin Shisha Hookah Crystal 20000 Puffs Vape, pre\u021buri de en-gros, arome premium, re\u00eenc\u0103rcabil, 2% sau 5% nicotin\u0103, ecologic. Perfect pentru cump\u0103r\u0103torii angro din Europa.<\/p>\n<figure id=\"attachment_2951\" aria-describedby=\"caption-attachment-2951\" style=\"width: 265px\" class=\"wp-caption alignnone\"><img decoding=\"async\" class=\"size-medium wp-image-2951\" src=\"https:\/\/vapestornado.com\/wp-content\/uploads\/2024\/12\/Wholesale-Disposable-Vape-265x300.jpg\" alt=\"Vape de unic\u0103 folosin\u021b\u0103 en-gros\" width=\"265\" height=\"300\" srcset=\"https:\/\/vapestornado.com\/wp-content\/uploads\/2024\/12\/Wholesale-Disposable-Vape-265x300.jpg 265w, https:\/\/vapestornado.com\/wp-content\/uploads\/2024\/12\/Wholesale-Disposable-Vape-768x871.jpg 768w, https:\/\/vapestornado.com\/wp-content\/uploads\/2024\/12\/Wholesale-Disposable-Vape-600x680.jpg 600w, https:\/\/vapestornado.com\/wp-content\/uploads\/2024\/12\/Wholesale-Disposable-Vape.jpg 823w\" sizes=\"(max-width: 265px) 100vw, 265px\" \/><figcaption id=\"caption-attachment-2951\" class=\"wp-caption-text\">V\u0103 rug\u0103m s\u0103 contacta\u021bi WhatsApp-ul lui Mandy pentru pre\u021b redus\u00a0 <a href=\"https:\/\/wa.me\/8618077105796\">+8618077105796<\/a><\/figcaption><\/figure>\n<p>&nbsp;<\/p>","protected":false},"featured_media":3520,"comment_status":"open","ping_status":"closed","template":"","meta":{"_acf_changed":false,"_uag_custom_page_level_css":"","_lmt_disableupdate":"no","_lmt_disable":"","_monsterinsights_skip_tracking":false,"_monsterinsights_sitenote_active":false,"_monsterinsights_sitenote_note":"","_monsterinsights_sitenote_category":0,"site-sidebar-layout":"default","site-content-layout":"","ast-site-content-layout":"default","site-content-style":"default","site-sidebar-style":"default","ast-global-header-display":"","ast-banner-title-visibility":"","ast-main-header-display":"","ast-hfb-above-header-display":"","ast-hfb-below-header-display":"","ast-hfb-mobile-header-display":"","site-post-title":"","ast-breadcrumbs-content":"","ast-featured-img":"","footer-sml-layout":"","ast-disable-related-posts":"","theme-transparent-header-meta":"default","adv-header-id-meta":"","stick-header-meta":"","header-above-stick-meta":"","header-main-stick-meta":"","header-below-stick-meta":"","astra-migrate-meta-layouts":"set","ast-page-background-enabled":"default","ast-page-background-meta":{"desktop":{"background-color":"","background-image":"","background-repeat":"repeat","background-position":"center center","background-size":"auto","background-attachment":"scroll","background-type":"","background-media":"","overlay-type":"","overlay-color":"","overlay-opacity":"","overlay-gradient":""},"tablet":{"background-color":"","background-image":"","background-repeat":"repeat","background-position":"center center","background-size":"auto","background-attachment":"scroll","background-type":"","background-media":"","overlay-type":"","overlay-color":"","overlay-opacity":"","overlay-gradient":""},"mobile":{"background-color":"","background-image":"","background-repeat":"repeat","background-position":"center center","background-size":"auto","background-attachment":"scroll","background-type":"","background-media":"","overlay-type":"","overlay-color":"","overlay-opacity":"","overlay-gradient":""}},"ast-content-background-meta":{"desktop":{"background-color":"var(--ast-global-color-5)","background-image":"","background-repeat":"repeat","background-position":"center center","background-size":"auto","background-attachment":"scroll","background-type":"","background-media":"","overlay-type":"","overlay-color":"","overlay-opacity":"","overlay-gradient":""},"tablet":{"background-color":"var(--ast-global-color-5)","background-image":"","background-repeat":"repeat","background-position":"center center","background-size":"auto","background-attachment":"scroll","background-type":"","background-media":"","overlay-type":"","overlay-color":"","overlay-opacity":"","overlay-gradient":""},"mobile":{"background-color":"var(--ast-global-color-5)","background-image":"","background-repeat":"repeat","background-position":"center center","background-size":"auto","background-attachment":"scroll","background-type":"","background-media":"","overlay-type":"","overlay-color":"","overlay-opacity":"","overlay-gradient":""}},"_joinchat":{"telephone":"+8618077105796"}},"product_brand":[],"product_cat":[69,150,151,153,157,141],"product_tag":[97,217],"class_list":{"0":"post-3515","1":"product","2":"type-product","3":"status-publish","4":"has-post-thumbnail","6":"product_cat-20000-puff","7":"product_cat-buy-disposable-vapes-in-belgium","8":"product_cat-buy-disposable-vapes-in-france","9":"product_cat-buy-disposable-vapes-in-italy","10":"product_cat-buy-disposable-vapes-in-portugal","11":"product_cat-crystal-disposable-vapes","12":"product_tag-hot-sale-disposable-vape","13":"product_tag-uwin-shisha-hookah-crystal-20000-puffs","14":"desktop-align-left","15":"tablet-align-left","16":"mobile-align-left","18":"first","19":"instock","20":"sale","21":"shipping-taxable","22":"purchasable","23":"product-type-simple"},"acf":[],"uagb_featured_image_src":{"full":["https:\/\/vapestornado.com\/wp-content\/uploads\/2024\/12\/Good-Sale-UWIN-HOOKAH-Crystal-20000-Puffs-Watermelon-ice.jpg",800,800,false],"thumbnail":["https:\/\/vapestornado.com\/wp-content\/uploads\/2024\/12\/Good-Sale-UWIN-HOOKAH-Crystal-20000-Puffs-Watermelon-ice-150x150.jpg",150,150,true],"medium":["https:\/\/vapestornado.com\/wp-content\/uploads\/2024\/12\/Good-Sale-UWIN-HOOKAH-Crystal-20000-Puffs-Watermelon-ice-300x300.jpg",300,300,true],"medium_large":["https:\/\/vapestornado.com\/wp-content\/uploads\/2024\/12\/Good-Sale-UWIN-HOOKAH-Crystal-20000-Puffs-Watermelon-ice-768x768.jpg",768,768,true],"large":["https:\/\/vapestornado.com\/wp-content\/uploads\/2024\/12\/Good-Sale-UWIN-HOOKAH-Crystal-20000-Puffs-Watermelon-ice.jpg",800,800,false],"1536x1536":["https:\/\/vapestornado.com\/wp-content\/uploads\/2024\/12\/Good-Sale-UWIN-HOOKAH-Crystal-20000-Puffs-Watermelon-ice.jpg",800,800,false],"2048x2048":["https:\/\/vapestornado.com\/wp-content\/uploads\/2024\/12\/Good-Sale-UWIN-HOOKAH-Crystal-20000-Puffs-Watermelon-ice.jpg",800,800,false],"trp-custom-language-flag":["https:\/\/vapestornado.com\/wp-content\/uploads\/2024\/12\/Good-Sale-UWIN-HOOKAH-Crystal-20000-Puffs-Watermelon-ice.jpg",12,12,false],"woocommerce_thumbnail":["https:\/\/vapestornado.com\/wp-content\/uploads\/2024\/12\/Good-Sale-UWIN-HOOKAH-Crystal-20000-Puffs-Watermelon-ice-300x300.jpg",300,300,true],"woocommerce_single":["https:\/\/vapestornado.com\/wp-content\/uploads\/2024\/12\/Good-Sale-UWIN-HOOKAH-Crystal-20000-Puffs-Watermelon-ice-600x600.jpg",600,600,true],"woocommerce_gallery_thumbnail":["https:\/\/vapestornado.com\/wp-content\/uploads\/2024\/12\/Good-Sale-UWIN-HOOKAH-Crystal-20000-Puffs-Watermelon-ice-100x100.jpg",100,100,true]},"uagb_author_info":{"display_name":"ESMANDY","author_link":"https:\/\/vapestornado.com\/ro\/author\/"},"uagb_comment_info":0,"uagb_excerpt":"Uwin Shisha Hookah Crystal 20000 Puffs Vape, bulk prices, premium flavors, rechargeable, 2%5% nicotine, eco-friendly. Perfect for wholesale buyers in Europe. [caption id=\"attachment_2951\" align=\"alignnone\" width=\"265\"] Pls Contact Mandy's WhatsApp For Discount Price\u00a0 +8618077105796[\/caption] &nbsp;","_links":{"self":[{"href":"https:\/\/vapestornado.com\/ro\/wp-json\/wp\/v2\/product\/3515","targetHints":{"allow":["GET"]}}],"collection":[{"href":"https:\/\/vapestornado.com\/ro\/wp-json\/wp\/v2\/product"}],"about":[{"href":"https:\/\/vapestornado.com\/ro\/wp-json\/wp\/v2\/types\/product"}],"replies":[{"embeddable":true,"href":"https:\/\/vapestornado.com\/ro\/wp-json\/wp\/v2\/comments?post=3515"}],"wp:featuredmedia":[{"embeddable":true,"href":"https:\/\/vapestornado.com\/ro\/wp-json\/wp\/v2\/media\/3520"}],"wp:attachment":[{"href":"https:\/\/vapestornado.com\/ro\/wp-json\/wp\/v2\/media?parent=3515"}],"wp:term":[{"taxonomy":"product_brand","embeddable":true,"href":"https:\/\/vapestornado.com\/ro\/wp-json\/wp\/v2\/product_brand?post=3515"},{"taxonomy":"product_cat","embeddable":true,"href":"https:\/\/vapestornado.com\/ro\/wp-json\/wp\/v2\/product_cat?post=3515"},{"taxonomy":"product_tag","embeddable":true,"href":"https:\/\/vapestornado.com\/ro\/wp-json\/wp\/v2\/product_tag?post=3515"}],"curies":[{"name":"wp","href":"https:\/\/api.w.org\/{rel}","templated":true}]}}