{"id":3450,"date":"2024-12-27T09:35:12","date_gmt":"2024-12-27T09:35:12","guid":{"rendered":"https:\/\/vapestornado.com\/?post_type=product&#038;p=3450"},"modified":"2025-08-23T11:18:02","modified_gmt":"2025-08-23T11:18:02","slug":"fumot-randm-tornado-7000-puffs-disposable-vape","status":"publish","type":"product","link":"https:\/\/vapestornado.com\/ro\/product\/fumot-randm-tornado-7000-puffs-disposable-vape\/","title":{"rendered":"Vape de unic\u0103 folosin\u021b\u0103 Fumot RandM Tornado 7000 Puffs"},"content":{"rendered":"<h1>Vape de unic\u0103 folosin\u021b\u0103 Fumot RandM Tornado 7000 Puffs<\/h1>\n<p data-start=\"181\" data-end=\"479\">Sistemul <strong data-start=\"185\" data-end=\"235\">Vape de unic\u0103 folosin\u021b\u0103 Fumot RandM Tornado 7000 Puffs<\/strong> este un dispozitiv compact, dar puternic, conceput pentru comercian\u021bii cu am\u0103nuntul, distribuitorii \u0219i cump\u0103r\u0103torii en-gros care caut\u0103 un model cu cerere mare. Cu p\u00e2n\u0103 la <strong data-start=\"367\" data-end=\"391\">7.000 de pufuri per unitate<\/strong>, ofer\u0103 performan\u021be consistente \u0219i o valoare excelent\u0103 at\u00e2t pentru magazine, c\u00e2t \u0219i pentru utilizatorii finali.<\/p>\n<p data-start=\"481\" data-end=\"761\">Acest model dispune de o <strong data-start=\"503\" data-end=\"540\">capacitate de e-lichid pre-umplut\u0103 de 14 ml<\/strong> \u0219i vine \u00een <strong data-start=\"554\" data-end=\"586\">Concentra\u021bii de nicotin\u0103 2% \u0219i 5%<\/strong>, r\u0103spunz\u00e2nd diferitelor preferin\u021be ale clien\u021bilor. Sistemul <strong data-start=\"636\" data-end=\"667\">baterie re\u00eenc\u0103rcabil\u0103 de 850mAh<\/strong> \u00eempreun\u0103 cu <strong data-start=\"680\" data-end=\"704\">\u00eenc\u0103rcare rapid\u0103 de tip C<\/strong> asigur\u0103 un timp de nefunc\u021bionare minim \u0219i reutilizare ecologic\u0103.<\/p>\n<p data-start=\"763\" data-end=\"1036\">Sistemul <strong data-start=\"767\" data-end=\"796\">sistemul de flux de aer reglabil<\/strong> permite utilizatorilor s\u0103 aleag\u0103 \u00eentre un flux MTL mai str\u00e2ns sau o inhalare mai deschis\u0103, f\u0103c\u00e2ndu-l versatil pentru diferite stiluri de vaping. Designul s\u0103u <strong data-start=\"918\" data-end=\"941\">de iluminare RGB<\/strong> \u00eei ofer\u0103 un aspect modern, atr\u0103g\u0103tor, care atrage segmentele demografice mai tinere de pe pie\u021bele europene.<\/p>\n<p data-start=\"1038\" data-end=\"1262\">Pentru angrosi\u0219ti, modelul <strong data-start=\"1059\" data-end=\"1085\">Fumot RandM Tornado 7K<\/strong> ofer\u0103 un echilibru puternic \u00eentre capacitatea de pufuri, designul elegant \u0219i tehnologia fiabil\u0103, ceea ce \u00eel face o alegere profitabil\u0103 pentru comenzile en-gros \u00een Rom\u00e2nia, Polonia \u0219i regiunile UE mai largi.<\/p>\n<figure id=\"attachment_3451\" aria-describedby=\"caption-attachment-3451\" style=\"width: 1000px\" class=\"wp-caption alignnone\"><img fetchpriority=\"high\" decoding=\"async\" class=\"size-full wp-image-3451\" src=\"https:\/\/vapestornado.com\/wp-content\/uploads\/2024\/12\/All-Flavors-of-Fumot-RandM-Tornado-7000-Puffs-Vape-\u2013-Wholesale-Prices.jpg\" alt=\"Toate aromele de Fumot RandM Tornado 7000 Pufuri Vape \u2013 Pre\u021buri de v\u00e2nzare cu ridicata\" width=\"1000\" height=\"736\" srcset=\"https:\/\/vapestornado.com\/wp-content\/uploads\/2024\/12\/All-Flavors-of-Fumot-RandM-Tornado-7000-Puffs-Vape-\u2013-Wholesale-Prices.jpg 1000w, https:\/\/vapestornado.com\/wp-content\/uploads\/2024\/12\/All-Flavors-of-Fumot-RandM-Tornado-7000-Puffs-Vape-\u2013-Wholesale-Prices-300x221.jpg 300w, https:\/\/vapestornado.com\/wp-content\/uploads\/2024\/12\/All-Flavors-of-Fumot-RandM-Tornado-7000-Puffs-Vape-\u2013-Wholesale-Prices-768x565.jpg 768w, https:\/\/vapestornado.com\/wp-content\/uploads\/2024\/12\/All-Flavors-of-Fumot-RandM-Tornado-7000-Puffs-Vape-\u2013-Wholesale-Prices-600x442.jpg 600w\" sizes=\"(max-width: 1000px) 100vw, 1000px\" \/><figcaption id=\"caption-attachment-3451\" class=\"wp-caption-text\">Toate aromele de Fumot RandM Tornado 7000 Pufuri Vape \u2013 Pre\u021buri de v\u00e2nzare cu ridicata<\/figcaption><\/figure>\n<h2>Caracteristicile produsului<\/h2>\n<ol>\n<li><strong>Capacitate mare de pufuri:<\/strong> P\u00e2n\u0103 la 7000 de pufuri pentru o pl\u0103cere prelungit\u0103.<\/li>\n<li><strong>Flux de aer personalizabil:<\/strong> Set\u0103ri reglabile pentru o experien\u021b\u0103 de vaping personalizat\u0103.<\/li>\n<li><strong>Baterie re\u00eenc\u0103rcabil\u0103:<\/strong> Baterie de 850mAh cu \u00eenc\u0103rcare rapid\u0103 Type-C.<\/li>\n<li><strong>Tehnologie Mesh Coil:<\/strong> Ofer\u0103 vapori fini \u0219i profiluri de arom\u0103 bogate.<\/li>\n<li><strong>Selec\u021bie larg\u0103 de arome:<\/strong> Alege\u021bi dintre 56 de arome unice pentru fiecare preferin\u021b\u0103 gustativ\u0103.<\/li>\n<\/ol>\n<h2>Lista de arome RandM Tornado 7000<\/h2>\n<ol>\n<li>1 Ment\u0103 rece<br \/>\n2 Ghea\u021b\u0103 luxuriant\u0103<br \/>\n3 Ghea\u021b\u0103 de Mandarin\u0103<br \/>\n4 Gogoa\u0219\u0103 cu C\u0103p\u0219uni<br \/>\n5 Ursule\u021b Gum\u0103<br \/>\n6 Afine cu Ghea\u021b\u0103<br \/>\n7 Mango cu Ghea\u021b\u0103<br \/>\n8 Piersic\u0103 cu Ghea\u021b\u0103<br \/>\n9 Banan\u0103 cu Ghea\u021b\u0103<br \/>\n10 Struguri cu Ghea\u021b\u0103<br \/>\n11 Limonad\u0103 Roz<br \/>\n12 Rom Pina Colada<br \/>\n13 Fructe de P\u0103dure Mixte<br \/>\n14 Milkshake de Banane<br \/>\n15 C\u0103p\u0219uni \u0219i Pepene Verde<br \/>\n16 L\u0103m\u00e2ie cu M\u0103r Ro\u0219u<br \/>\n17 Ananas cu Ghea\u021b\u0103<br \/>\n18 Vat\u0103 de Zah\u0103r<br \/>\n19 C\u0103p\u0219uni \u0219i Banane<br \/>\n20 C\u0103p\u0219uni cu Ghea\u021b\u0103<br \/>\n21 C\u0103p\u0219uni \u0219i Kiwi<br \/>\n22 Ghea\u021b\u0103 cu Energie Ro\u0219ie<br \/>\n23. Limonad\u0103 cu Zmeur\u0103 Albastr\u0103<br \/>\n24. Ghea\u021b\u0103 de Mere Ro\u0219ii<br \/>\n25. Limonad\u0103 cu Fructe de P\u0103dure<br \/>\n26. Gum\u0103 de Mestecat cu Afine<br \/>\n27. Zmeur\u0103 Acri\u0219oar\u0103 Albastr\u0103<br \/>\n28. Dr. Blue<br \/>\n29. Par\u0103 cu Mere \u0219i Piersici<br \/>\n30. Rodie cu Afine<br \/>\n31. Vimto<br \/>\n32. Guava cu Kiwi \u0219i Fructul Pasiunii<br \/>\n33. Colaice<br \/>\n34. M\u0103r Acru<br \/>\n35. Mentol de Coac\u0103ze Negre<br \/>\n36. S\u00e2nge de Tigru<br \/>\n37. Bomboane cu Piersici \u0219i Afine<br \/>\n38. Piersic\u0103 Mango<br \/>\n39. Red Bull cu C\u0103p\u0219uni<br \/>\n40. Ghea\u021b\u0103 de Coac\u0103ze Negre<br \/>\n41. Limonad\u0103 de C\u0103p\u0219uni \u0219i Pepene Verde<br \/>\n42. Cire\u0219e<br \/>\n43. Cire\u0219e Albastre Razz<br \/>\n44. Skittles<br \/>\n45. Zmeur\u0103 cu Afine<br \/>\n46. Struguri cu C\u0103p\u0219uni<br \/>\n47. Afine, Cire\u0219e \u0219i Meri\u0219oare<br \/>\n48. Explozie de Fructe de P\u0103dure \u0219i Mere<br \/>\n49. Cola cu Cire\u0219e<br \/>\n50. L\u0103m\u00e2ie<br \/>\n51. Explozie Roz<br \/>\n52. R\u0103coritor Pacific<br \/>\n53. \u00cenghe\u021bat\u0103<br \/>\n54. Bingo Crush<br \/>\n55. Vimto Crush<br \/>\n56. Tutun<\/li>\n<\/ol>\n<h3>RandM Tornado 7000 Top 10 Arome<\/h3>\n<ol>\n<li><strong>Ment\u0103 Rece:<\/strong> O explozie revigorant\u0103 de ment\u0103 \u00eenghe\u021bat\u0103.<\/li>\n<li><strong>Ghea\u021b\u0103 Luxuriant\u0103:<\/strong> Pepene verde dulce cu un finisaj mentolat r\u0103coritor.<\/li>\n<li><strong>Ghea\u021b\u0103 de Mandarin\u0103:<\/strong> Mandarin\u0103 suculent\u0103 asociat\u0103 cu o \u00eentors\u0103tur\u0103 \u00eenghe\u021bat\u0103.<\/li>\n<li><strong>Gogoa\u0219\u0103 cu C\u0103p\u0219uni:<\/strong> C\u0103p\u0219uni dulci cu o not\u0103 de patiserie glazurat\u0103.<\/li>\n<li><strong>Ursule\u021b Gumos:<\/strong> O \u00eenc\u00e2ntare nostalgic\u0103 inspirat\u0103 de bomboane.<\/li>\n<li><strong>Afine pe Ghea\u021b\u0103:<\/strong> Afine coapte cu o margine mentolat\u0103 crocant\u0103.<\/li>\n<li><strong>Mango pe Ghea\u021b\u0103:<\/strong> Mango tropical infuzat cu o briz\u0103 mentolat\u0103 r\u0103coroas\u0103.<\/li>\n<li><strong>Piersic\u0103 cu Ghea\u021b\u0103:<\/strong> Piersic\u0103 dulce cu o senza\u021bie de ghea\u021b\u0103.<\/li>\n<li><strong>Ghea\u021b\u0103 de banane:<\/strong> Arom\u0103 cremoas\u0103 de banane cu o r\u0103coare mentolat\u0103.<\/li>\n<li><strong>Ghea\u021b\u0103 de struguri:<\/strong> Struguri suculen\u021bi asorta\u021bi cu un finisaj revigorant de ghea\u021b\u0103.<\/li>\n<\/ol>\n<h2>De ce s\u0103 alege\u021bi Fumot RandM Tornado 7000 Puffs?<\/h2>\n<p><strong>Fumot RandM Tornado 7000 Pufuri<\/strong> este perfect pentru cei care caut\u0103 un dispozitiv de vapat de \u00eenalt\u0103 performan\u021b\u0103, f\u0103r\u0103 probleme. Se remarc\u0103 prin num\u0103rul mare de pufuri, op\u021biunile bogate de arom\u0103 \u0219i bateria re\u00eenc\u0103rcabil\u0103. Cu un sistem de flux de aer reglabil \u0219i iluminare RGB elegant\u0103, ofer\u0103 o experien\u021b\u0103 premium adaptat\u0103 preferin\u021belor dumneavoastr\u0103.<\/p>\n<h2>\u00centreb\u0103ri frecvente<\/h2>\n<ol>\n<li><strong>C\u00e2t dureaz\u0103 bateria?<\/strong><br \/>\nBateria re\u00eenc\u0103rcabil\u0103 RandM 7k de 850mAh dureaz\u0103 un ciclu \u00eentreg de e-lichid cu \u00eenc\u0103rcare de tip C pentru re\u00eenc\u0103rc\u0103ri rapide.<\/li>\n<li><strong>Ce niveluri de nicotin\u0103 sunt disponibile pentru RandM 7k?<\/strong><br \/>\nAlege\u021bi \u00eentre sare de nicotin\u0103 de 2% sau 5% pentru o t\u0103rie personalizat\u0103.<\/li>\n<li><strong>C\u00e2te arome sunt disponibile pentru vape RandM 7k?<\/strong><br \/>\nDispozitivul ofer\u0103 56 de arome unice, satisf\u0103c\u00e2nd fiecare preferin\u021b\u0103.<\/li>\n<li><strong>Este fluxul de aer al vape-urilor Fumot 7k reglabil?<\/strong><br \/>\nDa, func\u021bia de reglare a aerului v\u0103 permite s\u0103 controla\u021bi intensitatea vapingului.<\/li>\n<li><strong>Care este capacitatea de e-lichid a vape-ului 7k RandM?<\/strong><br \/>\nFiecare vape RandM 7k con\u021bine 14 ml de e-lichid, asigur\u00e2nd o utilizare de lung\u0103 durat\u0103.<\/li>\n<\/ol>\n<h4>Fumot Vape 7k en-gros Contacta\u021bi \u0219i ob\u021bine\u021bi reducere acum!<\/h4>\n<p><img decoding=\"async\" class=\"size-large wp-image-2921\" src=\"https:\/\/vapestornado.com\/wp-content\/uploads\/2024\/11\/20062b3a285f900e79520aad496b94d-887x1024.jpg\" alt=\"vapestornado Vicky\" width=\"887\" height=\"1024\" srcset=\"https:\/\/vapestornado.com\/wp-content\/uploads\/2024\/11\/20062b3a285f900e79520aad496b94d-887x1024.jpg 887w, https:\/\/vapestornado.com\/wp-content\/uploads\/2024\/11\/20062b3a285f900e79520aad496b94d-260x300.jpg 260w, https:\/\/vapestornado.com\/wp-content\/uploads\/2024\/11\/20062b3a285f900e79520aad496b94d-768x887.jpg 768w, https:\/\/vapestornado.com\/wp-content\/uploads\/2024\/11\/20062b3a285f900e79520aad496b94d-600x693.jpg 600w, https:\/\/vapestornado.com\/wp-content\/uploads\/2024\/11\/20062b3a285f900e79520aad496b94d.jpg 1080w\" sizes=\"(max-width: 887px) 100vw, 887px\" \/><\/p>","protected":false},"excerpt":{"rendered":"<p>Sistemul <strong data-start=\"1306\" data-end=\"1344\">Fumot RandM Tornado 7000 Pufuri Vape<\/strong> combin\u0103 designul RGB, bateria re\u00eenc\u0103rcabil\u0103 \u0219i fluxul de aer reglabil. Un dispozitiv compact de unic\u0103 folosin\u021b\u0103 de 7K pufuri, construit pentru <strong data-start=\"1451\" data-end=\"1486\">comenzi en-gros \u00een Europa<\/strong>.<\/p>\n<p><strong><span style=\"color: #ff0000;\">(pre\u021bul de pe site-ul nostru nu include costul de transport, v\u0103 rug\u0103m s\u0103 m\u0103 contacta\u021bi pentru a ob\u021bine pre\u021bul complet \u0219i reducerea dumneavoastr\u0103!)<\/span><\/strong><\/p>\n<p><img decoding=\"async\" class=\"size-medium wp-image-2921\" src=\"https:\/\/vapestornado.com\/wp-content\/uploads\/2024\/11\/20062b3a285f900e79520aad496b94d-260x300.jpg\" alt=\"vapestornado Vicky\" width=\"260\" height=\"300\" srcset=\"https:\/\/vapestornado.com\/wp-content\/uploads\/2024\/11\/20062b3a285f900e79520aad496b94d-260x300.jpg 260w, https:\/\/vapestornado.com\/wp-content\/uploads\/2024\/11\/20062b3a285f900e79520aad496b94d-887x1024.jpg 887w, https:\/\/vapestornado.com\/wp-content\/uploads\/2024\/11\/20062b3a285f900e79520aad496b94d-768x887.jpg 768w, https:\/\/vapestornado.com\/wp-content\/uploads\/2024\/11\/20062b3a285f900e79520aad496b94d-600x693.jpg 600w, https:\/\/vapestornado.com\/wp-content\/uploads\/2024\/11\/20062b3a285f900e79520aad496b94d.jpg 1080w\" sizes=\"(max-width: 260px) 100vw, 260px\" \/><\/p>","protected":false},"featured_media":3457,"comment_status":"open","ping_status":"closed","template":"","meta":{"_acf_changed":false,"_uag_custom_page_level_css":"","_lmt_disableupdate":"no","_lmt_disable":"","_monsterinsights_skip_tracking":false,"_monsterinsights_sitenote_active":false,"_monsterinsights_sitenote_note":"","_monsterinsights_sitenote_category":0,"site-sidebar-layout":"default","site-content-layout":"","ast-site-content-layout":"default","site-content-style":"default","site-sidebar-style":"default","ast-global-header-display":"","ast-banner-title-visibility":"","ast-main-header-display":"","ast-hfb-above-header-display":"","ast-hfb-below-header-display":"","ast-hfb-mobile-header-display":"","site-post-title":"","ast-breadcrumbs-content":"","ast-featured-img":"","footer-sml-layout":"","ast-disable-related-posts":"","theme-transparent-header-meta":"default","adv-header-id-meta":"","stick-header-meta":"","header-above-stick-meta":"","header-main-stick-meta":"","header-below-stick-meta":"","astra-migrate-meta-layouts":"set","ast-page-background-enabled":"default","ast-page-background-meta":{"desktop":{"background-color":"","background-image":"","background-repeat":"repeat","background-position":"center center","background-size":"auto","background-attachment":"scroll","background-type":"","background-media":"","overlay-type":"","overlay-color":"","overlay-opacity":"","overlay-gradient":""},"tablet":{"background-color":"","background-image":"","background-repeat":"repeat","background-position":"center center","background-size":"auto","background-attachment":"scroll","background-type":"","background-media":"","overlay-type":"","overlay-color":"","overlay-opacity":"","overlay-gradient":""},"mobile":{"background-color":"","background-image":"","background-repeat":"repeat","background-position":"center center","background-size":"auto","background-attachment":"scroll","background-type":"","background-media":"","overlay-type":"","overlay-color":"","overlay-opacity":"","overlay-gradient":""}},"ast-content-background-meta":{"desktop":{"background-color":"var(--ast-global-color-5)","background-image":"","background-repeat":"repeat","background-position":"center center","background-size":"auto","background-attachment":"scroll","background-type":"","background-media":"","overlay-type":"","overlay-color":"","overlay-opacity":"","overlay-gradient":""},"tablet":{"background-color":"var(--ast-global-color-5)","background-image":"","background-repeat":"repeat","background-position":"center center","background-size":"auto","background-attachment":"scroll","background-type":"","background-media":"","overlay-type":"","overlay-color":"","overlay-opacity":"","overlay-gradient":""},"mobile":{"background-color":"var(--ast-global-color-5)","background-image":"","background-repeat":"repeat","background-position":"center center","background-size":"auto","background-attachment":"scroll","background-type":"","background-media":"","overlay-type":"","overlay-color":"","overlay-opacity":"","overlay-gradient":""}},"_joinchat":{"telephone":"+8618077105750"}},"product_brand":[],"product_cat":[74,149,156,157,143,58,148],"product_tag":[],"class_list":{"0":"post-3450","1":"product","2":"type-product","3":"status-publish","4":"has-post-thumbnail","6":"product_cat-7000-puff","7":"product_cat-buy-disposable-vapes-in-austria","8":"product_cat-buy-disposable-vapes-in-poland","9":"product_cat-buy-disposable-vapes-in-portugal","10":"product_cat-dual-mesh-disposable-vapes","11":"product_cat-fumot-vape","12":"product_cat-tornado-disposable-vapes","13":"desktop-align-left","14":"tablet-align-left","15":"mobile-align-left","17":"first","18":"instock","19":"sale","20":"shipping-taxable","21":"purchasable","22":"product-type-simple"},"acf":[],"uagb_featured_image_src":{"full":["https:\/\/vapestornado.com\/wp-content\/uploads\/2024\/12\/Fumot-RandM-Tornado-7000-Puffs-Review-with-Real-Pictures.png",1000,678,false],"thumbnail":["https:\/\/vapestornado.com\/wp-content\/uploads\/2024\/12\/Fumot-RandM-Tornado-7000-Puffs-Review-with-Real-Pictures-150x150.png",150,150,true],"medium":["https:\/\/vapestornado.com\/wp-content\/uploads\/2024\/12\/Fumot-RandM-Tornado-7000-Puffs-Review-with-Real-Pictures-300x203.png",300,203,true],"medium_large":["https:\/\/vapestornado.com\/wp-content\/uploads\/2024\/12\/Fumot-RandM-Tornado-7000-Puffs-Review-with-Real-Pictures-768x521.png",768,521,true],"large":["https:\/\/vapestornado.com\/wp-content\/uploads\/2024\/12\/Fumot-RandM-Tornado-7000-Puffs-Review-with-Real-Pictures.png",1000,678,false],"1536x1536":["https:\/\/vapestornado.com\/wp-content\/uploads\/2024\/12\/Fumot-RandM-Tornado-7000-Puffs-Review-with-Real-Pictures.png",1000,678,false],"2048x2048":["https:\/\/vapestornado.com\/wp-content\/uploads\/2024\/12\/Fumot-RandM-Tornado-7000-Puffs-Review-with-Real-Pictures.png",1000,678,false],"trp-custom-language-flag":["https:\/\/vapestornado.com\/wp-content\/uploads\/2024\/12\/Fumot-RandM-Tornado-7000-Puffs-Review-with-Real-Pictures.png",18,12,false],"woocommerce_thumbnail":["https:\/\/vapestornado.com\/wp-content\/uploads\/2024\/12\/Fumot-RandM-Tornado-7000-Puffs-Review-with-Real-Pictures-300x300.png",300,300,true],"woocommerce_single":["https:\/\/vapestornado.com\/wp-content\/uploads\/2024\/12\/Fumot-RandM-Tornado-7000-Puffs-Review-with-Real-Pictures-600x407.png",600,407,true],"woocommerce_gallery_thumbnail":["https:\/\/vapestornado.com\/wp-content\/uploads\/2024\/12\/Fumot-RandM-Tornado-7000-Puffs-Review-with-Real-Pictures-100x100.png",100,100,true]},"uagb_author_info":{"display_name":"ESvicky","author_link":"https:\/\/vapestornado.com\/ro\/author\/"},"uagb_comment_info":0,"uagb_excerpt":"The Fumot RandM Tornado 7000 Puff Vape combines RGB design, rechargeable battery, and adjustable airflow. A compact 7K puff disposable built for wholesale bulk orders in Europe. (our website price not include shipping cost, please contact me to get whole price and your disccount!)","_links":{"self":[{"href":"https:\/\/vapestornado.com\/ro\/wp-json\/wp\/v2\/product\/3450","targetHints":{"allow":["GET"]}}],"collection":[{"href":"https:\/\/vapestornado.com\/ro\/wp-json\/wp\/v2\/product"}],"about":[{"href":"https:\/\/vapestornado.com\/ro\/wp-json\/wp\/v2\/types\/product"}],"replies":[{"embeddable":true,"href":"https:\/\/vapestornado.com\/ro\/wp-json\/wp\/v2\/comments?post=3450"}],"wp:featuredmedia":[{"embeddable":true,"href":"https:\/\/vapestornado.com\/ro\/wp-json\/wp\/v2\/media\/3457"}],"wp:attachment":[{"href":"https:\/\/vapestornado.com\/ro\/wp-json\/wp\/v2\/media?parent=3450"}],"wp:term":[{"taxonomy":"product_brand","embeddable":true,"href":"https:\/\/vapestornado.com\/ro\/wp-json\/wp\/v2\/product_brand?post=3450"},{"taxonomy":"product_cat","embeddable":true,"href":"https:\/\/vapestornado.com\/ro\/wp-json\/wp\/v2\/product_cat?post=3450"},{"taxonomy":"product_tag","embeddable":true,"href":"https:\/\/vapestornado.com\/ro\/wp-json\/wp\/v2\/product_tag?post=3450"}],"curies":[{"name":"wp","href":"https:\/\/api.w.org\/{rel}","templated":true}]}}