{"id":3445,"date":"2024-12-27T09:09:56","date_gmt":"2024-12-27T09:09:56","guid":{"rendered":"https:\/\/vapestornado.com\/?post_type=product&#038;p=3445"},"modified":"2025-08-23T10:50:44","modified_gmt":"2025-08-23T10:50:44","slug":"bood-pulse-pro-25k-50k-puffs-geek-bar-new-vape-bulk-price","status":"publish","type":"product","link":"https:\/\/vapestornado.com\/ro\/product\/bood-pulse-pro-25k-50k-puffs-geek-bar-new-vape-bulk-price\/","title":{"rendered":"Bood Pulse Pro 25k 50k Puffs Geek Bar Vape nou Pre\u021b en-gros"},"content":{"rendered":"<h1>Bood Pulse Pro 25k 50k Puffs Geek Bar Vape nou Pre\u021b en-gros<\/h1>\n<p>&nbsp;<\/p>\n<div role=\"article\" data-tabster=\"{&quot;groupper&quot;:{&quot;tabbability&quot;:2},&quot;focusable&quot;:{}}\" data-content=\"ai-message\" aria-labelledby=\"64JRvXrTnY7mRmPkEQLLT-author 64JRvXrTnY7mRmPkEQLLT-content\">\n<div id=\"64JRvXrTnY7mRmPkEQLLT-content\">\n<p data-start=\"210\" data-end=\"488\">Sistemul <strong data-start=\"214\" data-end=\"268\">Bood Pulse Pro 25K \/ 50K Puffs Vape Bar de unic\u0103 folosin\u021b\u0103<\/strong> este conceput pentru angrosi\u0219ti \u0219i comercian\u021bi cu am\u0103nuntul care doresc s\u0103 ofere clien\u021bilor o alegere \u00eentre dispozitive cu capacitate medie \u0219i ultra-\u00eenalt\u0103. Cu <strong data-start=\"404\" data-end=\"437\">op\u021biuni de 25.000 sau 50.000 de pufuri<\/strong>, acest vape se adreseaz\u0103 at\u00e2t utilizatorilor ocazionali, c\u00e2t \u0219i celor frecven\u021bi.<\/p>\n<p data-start=\"490\" data-end=\"798\">Fiecare unitate este alimentat\u0103 de un <strong data-start=\"517\" data-end=\"548\">baterie re\u00eenc\u0103rcabil\u0103 de 850mAh<\/strong> cu <strong data-start=\"554\" data-end=\"578\">\u00eenc\u0103rcare rapid\u0103 de tip C<\/strong>baterie re\u00eenc\u0103rcabil\u0103 <strong data-start=\"636\" data-end=\"669\">, asigur\u00e2nd performan\u021be fiabile \u0219i timp de nefunc\u021bionare minim. Rezervorul de<\/strong> 38 ml de e-lichid pre-umplut <strong data-start=\"701\" data-end=\"734\">tehnologie avansat\u0103 a bobinei mesh<\/strong> ofer\u0103 o utilizare extins\u0103, \u00een timp ce<\/p>\n<p data-start=\"800\" data-end=\"1124\">Disponibil \u00een <strong data-start=\"813\" data-end=\"835\">bobina tip mesh<\/strong>garanteaz\u0103 o arom\u0103 bogat\u0103 \u0219i vapori fini de la \u00eenceput p\u00e2n\u0103 la sf\u00e2r\u0219it. <strong data-start=\"848\" data-end=\"880\">Concentra\u021bii de nicotin\u0103 2% \u0219i 5%<\/strong>, modelul <strong data-start=\"886\" data-end=\"912\">f\u0103r\u0103 nicotin\u0103 (0%)<\/strong> , precum \u0219i <strong data-start=\"959\" data-end=\"1027\">Bood Pulse Pro 25K\/50K<\/strong> se potrive\u0219te unei game largi de clien\u021bi europeni. Designul s\u0103u<\/p>\n<p>&nbsp;<\/p>\n<\/div>\n<\/div>\n<p><img fetchpriority=\"high\" decoding=\"async\" class=\"alignleft wp-image-2951 size-medium\" src=\"https:\/\/vapestornado.com\/wp-content\/uploads\/2024\/12\/Wholesale-Disposable-Vape-265x300.jpg\" alt=\"Vape de unic\u0103 folosin\u021b\u0103 en-gros\" width=\"265\" height=\"300\" srcset=\"https:\/\/vapestornado.com\/wp-content\/uploads\/2024\/12\/Wholesale-Disposable-Vape-265x300.jpg 265w, https:\/\/vapestornado.com\/wp-content\/uploads\/2024\/12\/Wholesale-Disposable-Vape-768x871.jpg 768w, https:\/\/vapestornado.com\/wp-content\/uploads\/2024\/12\/Wholesale-Disposable-Vape-600x680.jpg 600w, https:\/\/vapestornado.com\/wp-content\/uploads\/2024\/12\/Wholesale-Disposable-Vape.jpg 823w\" sizes=\"(max-width: 265px) 100vw, 265px\" \/><\/p>\n<h6>Contacta\u021bi-o pe Mandy pe WhatsApp pentru pre\u021b redus:<a href=\"https:\/\/wa.me\/8618077105796\" target=\"_blank\" rel=\"noopener\">+8618077105796<\/a><\/h6>\n<div class=\"flex max-w-full flex-col flex-grow\">\n<div class=\"min-h-8 text-message flex w-full flex-col items-end gap-2 whitespace-normal break-words text-start [.text-message+&amp;]:mt-5\" dir=\"auto\" data-message-author-role=\"assistant\" data-message-id=\"cdb991c0-f594-4bff-b2d5-fbbdd7ce9e54\" data-message-model-slug=\"gpt-4o-mini\">\n<div class=\"flex w-full flex-col gap-1 empty:hidden first:pt-[3px]\">\n<div class=\"markdown prose w-full break-words dark:prose-invert light\"><\/div>\n<\/div>\n<\/div>\n<\/div>\n<div class=\"mb-2 flex gap-3 empty:hidden -ml-2\">\n<h2><strong>Bood Pulse Pro 50k Pufuri <\/strong>Caracteristici Remarcabile:<\/h2>\n<ul>\n<li><strong>50,000 de pufuri<\/strong>: Longevitate excep\u021bional\u0103 pentru sesiuni de vapat extinse<\/li>\n<li><strong>Capacitate e-lichid<\/strong>: Generoas\u0103 de 38ml pentru mai pu\u021bine re\u00eenc\u0103rc\u0103ri<\/li>\n<li><strong>Durata de via\u021b\u0103 a bateriei<\/strong>: Baterie re\u00eenc\u0103rcabil\u0103 durabil\u0103 de 850mAh pentru performan\u021b\u0103 constant\u0103<\/li>\n<li><strong>Op\u021biuni de nicotin\u0103<\/strong>: Variante de 0%, 2% \u0219i 5% pentru a se potrivi preferin\u021belor individuale<\/li>\n<li><strong>Rezisten\u021b\u0103 tip plas\u0103<\/strong>: Arom\u0103 \u0219i produc\u021bie de vapori \u00eembun\u0103t\u0103\u021bite<\/li>\n<\/ul>\n<\/div>\n<h2>Lista de arome Bood Pulse Pro 50000 Puffs:<\/h2>\n<p>1. PEPENE GALBEN ANANAS PORTOCAL\u0102<br \/>\n2. AFINE ZMEUR\u0102 ACRI\u0218OAR\u0102<br \/>\n3. PEPENE VERDE KIWI<br \/>\n4. AFINE PEPENE VERDE<br \/>\n5. MURE GHEA\u021a\u0102<br \/>\n6. TRIPLU PEPENE GALBEN<br \/>\n7. C\u0102P\u0218UNI GHEA\u021a\u0102<br \/>\n8. C\u0102P\u0218UNI PEPENE VERDE GHEA\u021a\u0102<br \/>\n9. DUBL\u0102 LIMONAD\u0102<br \/>\n10. STRUGURI MERI\u0218OARE AFINE ZMEUR\u0102<\/p>\n<div role=\"article\" data-tabster=\"{&quot;groupper&quot;:{&quot;tabbability&quot;:2},&quot;focusable&quot;:{}}\" data-content=\"ai-message\" aria-labelledby=\"dARUyEWDoEYhnSPXFwx5A-author dARUyEWDoEYhnSPXFwx5A-content\">\n<div id=\"dARUyEWDoEYhnSPXFwx5A-content\">\n<h2>De ce s\u0103 alege\u021bi Bood Pulse Pro 25k\/50k Puffs de la vapestornado.com?<\/h2>\n<p>Sistemul <strong>Vaporizatorul de unic\u0103 folosin\u021b\u0103 Bood Pulse Pro 25k\/50k Puffs<\/strong> este alegerea suprem\u0103 pentru vaperii care caut\u0103 performan\u021b\u0103, comoditate \u0219i calitate. Disponibil exclusiv la <strong>vapestornado.ro<\/strong>, acest dispozitiv ofer\u0103 o gam\u0103 de caracteristici concepute pentru a v\u0103 eleva experien\u021ba de vaping. Iat\u0103 de ce ar trebui s\u0103 alege\u021bi Bood Pulse Pro:<\/p>\n<ul>\n<li><strong>Longevitate Inegalabil\u0103<\/strong><\/li>\n<\/ul>\n<p>Cu un impresionant <strong>25.000 p\u00e2n\u0103 la 50.000 de pufuri<\/strong>, Bood Pulse Pro ofer\u0103 unul dintre cele mai longevive vaporizatoare de unic\u0103 folosin\u021b\u0103 de pe pia\u021b\u0103. Nu va trebui s\u0103 v\u0103 face\u021bi griji cu privire la \u00eenlocuirile frecvente, ceea ce \u00eel face perfect pentru utilizarea zilnic\u0103 \u0219i pentru satisfac\u021bia pe termen lung.<\/p>\n<ul>\n<li><strong>Op\u021biuni versatile de nicotin\u0103<\/strong><\/li>\n<\/ul>\n<p>Bood Pulse Pro vine cu <strong>f\u0103r\u0103 nicotin\u0103<\/strong>, <strong>2%<\/strong>\u0219i <strong>5%<\/strong> op\u021biuni cu nicotin\u0103, oferindu-v\u0103 flexibilitatea de a alege nivelul preferat de nicotin\u0103. Fie c\u0103 dori\u021bi s\u0103 renun\u021ba\u021bi la nicotin\u0103 sau s\u0103 savura\u021bi o lovitur\u0103 puternic\u0103, exist\u0103 o op\u021biune perfect\u0103 pentru dumneavoastr\u0103.<\/p>\n<ul>\n<li><strong>Capacitate mare de e-lichid<\/strong><\/li>\n<\/ul>\n<p>Umplut cu <strong>38 ml de e-lichid<\/strong>, Bood Pulse Pro ofer\u0103 mai mult dec\u00e2t suficient lichid pentru vaping prelungit, f\u0103r\u0103 a fi nevoie de reumpleri frecvente. Acest lucru \u00eel face o alegere convenabil\u0103 \u0219i fiabil\u0103 pentru utilizatorii \u00een mi\u0219care.<\/p>\n<ul>\n<li><strong>Performan\u021b\u0103 puternic\u0103<\/strong><\/li>\n<\/ul>\n<p>Echipat cu un robust <strong>baterie re\u00eenc\u0103rcabil\u0103 de 850mAh<\/strong>, Bood Pulse Pro asigur\u0103 o performan\u021b\u0103 constant\u0103 pe parcursul \u00eentregii sale durate lungi de via\u021b\u0103. Cu o <strong>rezisten\u021b\u0103 tip mesh<\/strong> pentru o arom\u0103 optim\u0103 \u0219i o produc\u021bie lin\u0103 de vapori, fiecare puf este o experien\u021b\u0103 premium.<\/p>\n<ul>\n<li><strong>Calitate \u00een care po\u021bi avea \u00eencredere<\/strong><\/li>\n<\/ul>\n<p>vapestornado.com ofer\u0103 o selec\u021bie atent\u0103 a celor mai bune produse de vaping, iar <strong>Vaporizatorul de unic\u0103 folosin\u021b\u0103 Bood Pulse Pro 25k\/50k Puffs<\/strong> nu face excep\u021bie. C\u00e2nd cumperi de la noi, \u00ee\u021bi garant\u0103m produse autentice, pre\u021buri competitive \u0219i livrare rapid\u0103 \u0219i fiabil\u0103.<\/p>\n<ul>\n<li><strong>Satisfac\u021bia clien\u021bilor<\/strong><\/li>\n<\/ul>\n<p>La vapestornado.com, satisfac\u021bia clien\u021bilor este prioritatea noastr\u0103 principal\u0103. Oferim servicii excelente pentru clien\u021bi pentru a asigura o experien\u021b\u0103 de cump\u0103r\u0103turi fluid\u0103, incluz\u00e2nd retururi u\u0219oare, informa\u021bii detaliate despre produse \u0219i suport personalizat.<\/p>\n<p>&nbsp;<\/p>\n<\/div>\n<\/div>\n<h2>\u00centreb\u0103ri frecvente despre Bood Pulse Pro 25k\/50k Puffs Vape Pods<\/h2>\n<p>Iat\u0103 c\u00e2teva \u00eentreb\u0103ri frecvente pentru a te ajuta s\u0103 \u00een\u021belegi mai multe despre <strong>Poduri pentru Vape Bood Pulse Pro 25k\/50k Pufuri<\/strong>:<\/p>\n<h4>1. <strong>C\u00e2t dureaz\u0103 un vape Bood Pulse Pro 50000 Puff?<\/strong><\/h4>\n<p>Sistemul <strong>Bood Pulse Pro<\/strong> ofer\u0103 o durat\u0103 de via\u021b\u0103 impresionant\u0103 de p\u00e2n\u0103 la <strong>25.000 p\u00e2n\u0103 la 50.000 de pufuri<\/strong>, \u00een func\u021bie de utilizarea ta. Acest design de lung\u0103 durat\u0103 asigur\u0103 c\u0103 nu va trebui s\u0103 \u00eenlocuie\u0219ti dispozitivul frecvent, f\u0103c\u00e2ndu-l o alegere excelent\u0103 pentru utilizarea zilnic\u0103.<\/p>\n<h4>2. <strong>Ce op\u021biuni de concentra\u021bie de nicotin\u0103 sunt disponibile la vapa Bood 50000 de pufuri?<\/strong><\/h4>\n<p>Bood Pulse Pro este disponibil \u00een <strong>f\u0103r\u0103 nicotin\u0103<\/strong>, <strong>2%<\/strong>\u0219i <strong>5%<\/strong> op\u021biuni de nicotin\u0103. Indiferent dac\u0103 dore\u0219ti o doz\u0103 de nicotin\u0103 u\u0219oar\u0103 sau una mai puternic\u0103, exist\u0103 o op\u021biune pentru fiecare. Versiunea f\u0103r\u0103 nicotin\u0103 este perfect\u0103 pentru cei care prefer\u0103 s\u0103 vapeze f\u0103r\u0103 nicotin\u0103.<\/p>\n<h4>3. <strong>Care este capacitatea de e-lichid a vaperului Bood Pulse Pro 50000 puff?<\/strong><\/h4>\n<p>Dispozitivul este pre-umplut cu <strong>38 ml de e-lichid<\/strong>, oferind suficient lichid pentru sesiuni extinse de vapat. Acest lucru \u00eenseamn\u0103 mai pu\u021bine reumpleri \u0219i mai mult\u0103 comoditate pentru vaperi.<\/p>\n<h4>4. <strong>De unde pot cump\u0103ra Bood Pulse Pro 25000 50000 Puffs?<\/strong><\/h4>\n<p>Pute\u021bi achizi\u021biona <strong>Poduri pentru Vape Bood Pulse Pro 25k\/50k Pufuri<\/strong> direct de la <strong>vapestornado.ro<\/strong>. Oferim transport rapid, pre\u021buri competitive \u0219i servicii excep\u021bionale pentru clien\u021bi pentru a asigura o experien\u021b\u0103 de cump\u0103r\u0103turi fluid\u0103.<\/p>\n<p>Pentru mai multe informa\u021bii sau \u00eentreb\u0103ri specifice, nu ezita\u021bi s\u0103 contacta\u021bi echipa noastr\u0103 de asisten\u021b\u0103 pentru clien\u021bi!<\/p>","protected":false},"excerpt":{"rendered":"<p>Sistemul <strong data-start=\"1168\" data-end=\"1205\">Vape Bood Pulse Pro 25K\/50K Pufuri<\/strong> ofer\u0103 op\u021biuni de capacitate dual\u0103, performan\u021b\u0103 cu bobin\u0103 tip mesh \u0219i alimentare re\u00eenc\u0103rcabil\u0103. Un dispozitiv versatil de unic\u0103 folosin\u021b\u0103, conceput pentru <strong data-start=\"1319\" data-end=\"1354\">cump\u0103r\u0103tori angro \u00een Europa<\/strong>.<\/p>\n<figure id=\"attachment_2951\" aria-describedby=\"caption-attachment-2951\" style=\"width: 265px\" class=\"wp-caption alignnone\"><img decoding=\"async\" class=\"size-medium wp-image-2951\" src=\"https:\/\/vapestornado.com\/wp-content\/uploads\/2024\/12\/Wholesale-Disposable-Vape-265x300.jpg\" alt=\"Vape de unic\u0103 folosin\u021b\u0103 en-gros\" width=\"265\" height=\"300\" srcset=\"https:\/\/vapestornado.com\/wp-content\/uploads\/2024\/12\/Wholesale-Disposable-Vape-265x300.jpg 265w, https:\/\/vapestornado.com\/wp-content\/uploads\/2024\/12\/Wholesale-Disposable-Vape-768x871.jpg 768w, https:\/\/vapestornado.com\/wp-content\/uploads\/2024\/12\/Wholesale-Disposable-Vape-600x680.jpg 600w, https:\/\/vapestornado.com\/wp-content\/uploads\/2024\/12\/Wholesale-Disposable-Vape.jpg 823w\" sizes=\"(max-width: 265px) 100vw, 265px\" \/><figcaption id=\"caption-attachment-2951\" class=\"wp-caption-text\">V\u0103 rug\u0103m s\u0103 contacta\u021bi WhatsApp-ul lui Mandy pentru pre\u021b redus\u00a0 <a href=\"https:\/\/wa.me\/8618077105796\">+8618077105796<\/a><\/figcaption><\/figure>\n<p>&nbsp;<\/p>","protected":false},"featured_media":3504,"comment_status":"open","ping_status":"closed","template":"","meta":{"_acf_changed":false,"_uag_custom_page_level_css":"","_lmt_disableupdate":"no","_lmt_disable":"","_monsterinsights_skip_tracking":false,"_monsterinsights_sitenote_active":false,"_monsterinsights_sitenote_note":"","_monsterinsights_sitenote_category":0,"site-sidebar-layout":"default","site-content-layout":"","ast-site-content-layout":"default","site-content-style":"default","site-sidebar-style":"default","ast-global-header-display":"","ast-banner-title-visibility":"","ast-main-header-display":"","ast-hfb-above-header-display":"","ast-hfb-below-header-display":"","ast-hfb-mobile-header-display":"","site-post-title":"","ast-breadcrumbs-content":"","ast-featured-img":"","footer-sml-layout":"","ast-disable-related-posts":"","theme-transparent-header-meta":"default","adv-header-id-meta":"","stick-header-meta":"","header-above-stick-meta":"","header-main-stick-meta":"","header-below-stick-meta":"","astra-migrate-meta-layouts":"set","ast-page-background-enabled":"default","ast-page-background-meta":{"desktop":{"background-color":"","background-image":"","background-repeat":"repeat","background-position":"center center","background-size":"auto","background-attachment":"scroll","background-type":"","background-media":"","overlay-type":"","overlay-color":"","overlay-opacity":"","overlay-gradient":""},"tablet":{"background-color":"","background-image":"","background-repeat":"repeat","background-position":"center center","background-size":"auto","background-attachment":"scroll","background-type":"","background-media":"","overlay-type":"","overlay-color":"","overlay-opacity":"","overlay-gradient":""},"mobile":{"background-color":"","background-image":"","background-repeat":"repeat","background-position":"center center","background-size":"auto","background-attachment":"scroll","background-type":"","background-media":"","overlay-type":"","overlay-color":"","overlay-opacity":"","overlay-gradient":""}},"ast-content-background-meta":{"desktop":{"background-color":"var(--ast-global-color-5)","background-image":"","background-repeat":"repeat","background-position":"center center","background-size":"auto","background-attachment":"scroll","background-type":"","background-media":"","overlay-type":"","overlay-color":"","overlay-opacity":"","overlay-gradient":""},"tablet":{"background-color":"var(--ast-global-color-5)","background-image":"","background-repeat":"repeat","background-position":"center center","background-size":"auto","background-attachment":"scroll","background-type":"","background-media":"","overlay-type":"","overlay-color":"","overlay-opacity":"","overlay-gradient":""},"mobile":{"background-color":"var(--ast-global-color-5)","background-image":"","background-repeat":"repeat","background-position":"center center","background-size":"auto","background-attachment":"scroll","background-type":"","background-media":"","overlay-type":"","overlay-color":"","overlay-opacity":"","overlay-gradient":""}},"_joinchat":{"telephone":"+8618077105796"}},"product_brand":[],"product_cat":[192,140,193,155,156],"product_tag":[190,97],"class_list":{"0":"post-3445","1":"product","2":"type-product","3":"status-publish","4":"has-post-thumbnail","6":"product_cat-50000-puff","7":"product_cat-big-puffs-disposable-vapes","8":"product_cat-bood-disposable-vapes","9":"product_cat-buy-disposable-vapes-in-norway","10":"product_cat-buy-disposable-vapes-in-poland","11":"product_tag-bood-pulse-pro-50000","12":"product_tag-hot-sale-disposable-vape","13":"desktop-align-left","14":"tablet-align-left","15":"mobile-align-left","17":"first","18":"instock","19":"sale","20":"shipping-taxable","21":"purchasable","22":"product-type-simple"},"acf":[],"uagb_featured_image_src":{"full":["https:\/\/vapestornado.com\/wp-content\/uploads\/2024\/12\/Bood-vape-pulse-pro-25000-Puffs-50000-Puffs.jpg",800,800,false],"thumbnail":["https:\/\/vapestornado.com\/wp-content\/uploads\/2024\/12\/Bood-vape-pulse-pro-25000-Puffs-50000-Puffs-150x150.jpg",150,150,true],"medium":["https:\/\/vapestornado.com\/wp-content\/uploads\/2024\/12\/Bood-vape-pulse-pro-25000-Puffs-50000-Puffs-300x300.jpg",300,300,true],"medium_large":["https:\/\/vapestornado.com\/wp-content\/uploads\/2024\/12\/Bood-vape-pulse-pro-25000-Puffs-50000-Puffs-768x768.jpg",768,768,true],"large":["https:\/\/vapestornado.com\/wp-content\/uploads\/2024\/12\/Bood-vape-pulse-pro-25000-Puffs-50000-Puffs.jpg",800,800,false],"1536x1536":["https:\/\/vapestornado.com\/wp-content\/uploads\/2024\/12\/Bood-vape-pulse-pro-25000-Puffs-50000-Puffs.jpg",800,800,false],"2048x2048":["https:\/\/vapestornado.com\/wp-content\/uploads\/2024\/12\/Bood-vape-pulse-pro-25000-Puffs-50000-Puffs.jpg",800,800,false],"trp-custom-language-flag":["https:\/\/vapestornado.com\/wp-content\/uploads\/2024\/12\/Bood-vape-pulse-pro-25000-Puffs-50000-Puffs.jpg",12,12,false],"woocommerce_thumbnail":["https:\/\/vapestornado.com\/wp-content\/uploads\/2024\/12\/Bood-vape-pulse-pro-25000-Puffs-50000-Puffs-300x300.jpg",300,300,true],"woocommerce_single":["https:\/\/vapestornado.com\/wp-content\/uploads\/2024\/12\/Bood-vape-pulse-pro-25000-Puffs-50000-Puffs-600x600.jpg",600,600,true],"woocommerce_gallery_thumbnail":["https:\/\/vapestornado.com\/wp-content\/uploads\/2024\/12\/Bood-vape-pulse-pro-25000-Puffs-50000-Puffs-100x100.jpg",100,100,true]},"uagb_author_info":{"display_name":"ESMANDY","author_link":"https:\/\/vapestornado.com\/ro\/author\/"},"uagb_comment_info":0,"uagb_excerpt":"The Bood Pulse Pro 25K\/50K Puffs Vape offers dual capacity options, mesh coil performance, and rechargeable power. A versatile disposable designed for wholesale bulk buyers in Europe. [caption id=\"attachment_2951\" align=\"alignnone\" width=\"265\"] Pls Contact Mandy's WhatsApp For Discount Price\u00a0 +8618077105796[\/caption] &nbsp;","_links":{"self":[{"href":"https:\/\/vapestornado.com\/ro\/wp-json\/wp\/v2\/product\/3445","targetHints":{"allow":["GET"]}}],"collection":[{"href":"https:\/\/vapestornado.com\/ro\/wp-json\/wp\/v2\/product"}],"about":[{"href":"https:\/\/vapestornado.com\/ro\/wp-json\/wp\/v2\/types\/product"}],"replies":[{"embeddable":true,"href":"https:\/\/vapestornado.com\/ro\/wp-json\/wp\/v2\/comments?post=3445"}],"wp:featuredmedia":[{"embeddable":true,"href":"https:\/\/vapestornado.com\/ro\/wp-json\/wp\/v2\/media\/3504"}],"wp:attachment":[{"href":"https:\/\/vapestornado.com\/ro\/wp-json\/wp\/v2\/media?parent=3445"}],"wp:term":[{"taxonomy":"product_brand","embeddable":true,"href":"https:\/\/vapestornado.com\/ro\/wp-json\/wp\/v2\/product_brand?post=3445"},{"taxonomy":"product_cat","embeddable":true,"href":"https:\/\/vapestornado.com\/ro\/wp-json\/wp\/v2\/product_cat?post=3445"},{"taxonomy":"product_tag","embeddable":true,"href":"https:\/\/vapestornado.com\/ro\/wp-json\/wp\/v2\/product_tag?post=3445"}],"curies":[{"name":"wp","href":"https:\/\/api.w.org\/{rel}","templated":true}]}}