{"id":3429,"date":"2024-12-27T08:28:48","date_gmt":"2024-12-27T08:28:48","guid":{"rendered":"https:\/\/vapestornado.com\/?post_type=product&#038;p=3429"},"modified":"2025-08-23T12:20:11","modified_gmt":"2025-08-23T12:20:11","slug":"fumot-randm-tornado-9000-puffs-disposable-vape","status":"publish","type":"product","link":"https:\/\/vapestornado.com\/ro\/product\/fumot-randm-tornado-9000-puffs-disposable-vape\/","title":{"rendered":"Fumot RandM Tornado 9000 Puff-uri Vape de unic\u0103 folosin\u021b\u0103"},"content":{"rendered":"<h1>Fumot RandM Tornado 9000 Puff-uri Vape de unic\u0103 folosin\u021b\u0103<\/h1>\n<p>Sistemul <strong data-start=\"312\" data-end=\"362\">Fumot RandM Tornado 9000 Puff-uri Vape de unic\u0103 folosin\u021b\u0103<\/strong> este construit pentru vapori care doresc at\u00e2t fiabilitate, c\u00e2t \u0219i arome bogate \u00eentr-un design elegant. Alimentat de un <strong data-start=\"459\" data-end=\"490\">re\u00eenc\u0103rcabil\u0103 de 600mAh<\/strong> cu <strong data-start=\"496\" data-end=\"520\">\u00eenc\u0103rcare rapid\u0103 de tip C<\/strong>, acest dispozitiv suport\u0103 <strong data-start=\"543\" data-end=\"563\">p\u00e2n\u0103 la 9000 de pufuri<\/strong> din capacitatea sa de <strong data-start=\"573\" data-end=\"610\">18ml lichid electronic preumplut<\/strong>.<\/p>\n<p>Echipat cu un <strong data-start=\"637\" data-end=\"655\">rezisten\u021b\u0103 mesh de 0.8\u03a9<\/strong>, oferind tras\u0103ri line, produc\u021bie constant\u0103 de vapori \u0219i intensitate sporit\u0103 a aromelor. Cu <strong data-start=\"748\" data-end=\"786\">op\u021biuni de sare de nicotin\u0103 de 2% \u0219i 5%<\/strong>, se potrive\u0219te at\u00e2t utilizatorilor ocazionali, c\u00e2t \u0219i celor intensivi.<\/p>\n<p>Sistemul <strong data-start=\"838\" data-end=\"861\">Efect de iluminare RGB<\/strong> adaug\u0103 o not\u0103 modern\u0103 \u0219i distractiv\u0103, f\u0103c\u00e2ndu-l o alegere popular\u0103 printre tinerii clien\u021bi europeni. Cu un impresionant <strong data-start=\"968\" data-end=\"982\">43 de arome<\/strong> disponibile \u2014 de la amestecuri fructate p\u00e2n\u0103 la mentol rece \u2014 RandM Tornado 9K asigur\u0103 o atrac\u021bie larg\u0103. Compact, portabil \u0219i vizual atr\u0103g\u0103tor, este un must-have pentru <strong data-start=\"1132\" data-end=\"1182\">furnizorii en gros de vape \u0219i distribuitorii \u00een volum mare<\/strong> \u00een c\u0103utare de produse cu cerere mare.<\/p>\n<figure id=\"attachment_3443\" aria-describedby=\"caption-attachment-3443\" style=\"width: 1000px\" class=\"wp-caption alignnone\"><img fetchpriority=\"high\" decoding=\"async\" class=\"size-full wp-image-3443\" src=\"https:\/\/vapestornado.com\/wp-content\/uploads\/2024\/12\/Mesh-Coil-Disposable-Vape-9000-Puffs.jpg\" alt=\"\u021aigar\u0103 electronic\u0103 de unic\u0103 folosin\u021b\u0103 cu rezisten\u021b\u0103 tip mesh 9000 de pufuri\" width=\"1000\" height=\"520\" srcset=\"https:\/\/vapestornado.com\/wp-content\/uploads\/2024\/12\/Mesh-Coil-Disposable-Vape-9000-Puffs.jpg 1000w, https:\/\/vapestornado.com\/wp-content\/uploads\/2024\/12\/Mesh-Coil-Disposable-Vape-9000-Puffs-300x156.jpg 300w, https:\/\/vapestornado.com\/wp-content\/uploads\/2024\/12\/Mesh-Coil-Disposable-Vape-9000-Puffs-768x399.jpg 768w, https:\/\/vapestornado.com\/wp-content\/uploads\/2024\/12\/Mesh-Coil-Disposable-Vape-9000-Puffs-600x312.jpg 600w\" sizes=\"(max-width: 1000px) 100vw, 1000px\" \/><figcaption id=\"caption-attachment-3443\" class=\"wp-caption-text\">\u021aigar\u0103 electronic\u0103 de unic\u0103 folosin\u021b\u0103 cu rezisten\u021b\u0103 tip mesh 9000 de pufuri<\/figcaption><\/figure>\n<h3>Caracteristicile produsului<\/h3>\n<ol>\n<li><strong>Utilizare Extins\u0103<\/strong>: 9000 de pufuri cu 18ml de e-lichid pentru o performan\u021b\u0103 de lung\u0103 durat\u0103.<\/li>\n<li><strong>Baterie Re\u00eenc\u0103rcabil\u0103<\/strong>: Baterie de 600mAh cu suport pentru \u00eenc\u0103rcare rapid\u0103 de tip C.<\/li>\n<li><strong>Rezisten\u021b\u0103 Mesh<\/strong>: Rezisten\u021b\u0103 de 0.8ohm pentru arom\u0103 consistent\u0103 \u0219i abur dens.<\/li>\n<li><strong>Lumin\u0103 RGB<\/strong>: Iluminare elegant\u0103 care \u00eembun\u0103t\u0103\u021be\u0219te experien\u021ba de vapat.<\/li>\n<li><strong>43 de arome disponibile<\/strong>: O gam\u0103 larg\u0103 de op\u021biuni de arome incitante.<\/li>\n<\/ol>\n<h3>Lista de arome<\/h3>\n<ol>\n<li>Zmeur\u0103 cu Afine<\/li>\n<li>Dl. Blue<\/li>\n<li>C\u0103p\u0219uni \u0219i Pepene Verde<\/li>\n<li>Suc de portocale<\/li>\n<li>Pepene Verde Gum\u0103 de Mestecat<\/li>\n<li>Bomboane curcubeu<\/li>\n<li>Limonad\u0103 Roz<\/li>\n<li>Piersic\u0103 Mango Ananas<\/li>\n<li>C\u0103p\u0219uni Banane<\/li>\n<li>Ghea\u021b\u0103 Lush<\/li>\n<li>Ghea\u021b\u0103 de dragon negru<\/li>\n<li>Struguri de aloe<\/li>\n<li>Ghea\u021b\u0103 de Zmeur\u0103 Albastr\u0103<\/li>\n<li>Kiwi Fructul Pasiunii Guava<\/li>\n<li>Ursule\u021b de jeleu<\/li>\n<li>Fructe de p\u0103dure amestecate<\/li>\n<li>Ment\u0103 Rece<\/li>\n<li>Zmeur\u0103 Pepene Verde<\/li>\n<li>Limonad\u0103 de piersici<\/li>\n<li>Ghea\u021b\u0103 de guava<\/li>\n<li>Limonad\u0103 de c\u0103p\u0219uni<\/li>\n<li>Ghea\u021b\u0103 de pepene ro\u0219u \u0219i zmeur\u0103 albastr\u0103<\/li>\n<li>Crem\u0103 de banane<\/li>\n<li>Piersic\u0103 \u0219i Fructe de P\u0103dure<\/li>\n<li>Crem\u0103 de c\u0103p\u0219uni<\/li>\n<li>Bomboane acri\u0219oare<\/li>\n<li>L\u0103m\u00e2ie<\/li>\n<li>Cire\u0219e<\/li>\n<li>Cire\u0219e Efervescente<\/li>\n<li>Afine, cire\u0219e, meri\u0219oare<\/li>\n<li>Vimto<\/li>\n<li>Skittles<\/li>\n<li>Ghea\u021b\u0103 Neagr\u0103<\/li>\n<li>Strugure<\/li>\n<li>Ghea\u021b\u0103 delicioas\u0103 de afine<\/li>\n<li>C\u0103p\u0219uni Ghea\u021b\u0103<\/li>\n<li>Kush de zmeur\u0103 albastr\u0103<\/li>\n<li>\u00cenghe\u021bat\u0103<\/li>\n<li>Zmeur\u0103 acri\u0219oar\u0103 cu afine<\/li>\n<li>Ananas<\/li>\n<li>Cirea\u0219\u0103, piersic\u0103, limonad\u0103<\/li>\n<li>C\u0103p\u0219uni Zmeur\u0103 Cire\u0219e<\/li>\n<li>Mango Triplu<\/li>\n<\/ol>\n<h3>Top 5 arome RandM Tornado 9000 Puffs<\/h3>\n<ol>\n<li><strong>Ghea\u021b\u0103 de Zmeur\u0103 Albastr\u0103<\/strong>: Zmeur\u0103 albastr\u0103 dulce \u0219i acri\u0219oar\u0103 cu un final r\u0103coros.<\/li>\n<li><strong>Piersic\u0103 Mango Ananas<\/strong>: Un trio tropical plin de dulcea\u021b\u0103 suculent\u0103.<\/li>\n<li><strong>Pepene Verde Gum\u0103 de Mestecat<\/strong>: Aroma clasic\u0103 de gum\u0103 de mestecat cu o not\u0103 r\u0103coritoare de pepene verde.<\/li>\n<li><strong>Bomboane curcubeu<\/strong>: Un amestec de bomboane cu fructe pentru un r\u0103sf\u0103\u021b nostalgic.<\/li>\n<li><strong>Ghea\u021b\u0103 de dragon negru<\/strong>: Coac\u0103ze negre \u00eendr\u0103zne\u021be cu o not\u0103 de mentol r\u0103coritor.<\/li>\n<\/ol>\n<h3>De ce s\u0103 alege\u021bi Fumot RandM Tornado 9000 Puffs?<\/h3>\n<ul>\n<li><strong>Num\u0103r Mare de Pufuri<\/strong>: Bucura\u021bi-v\u0103 de p\u00e2n\u0103 la 9000 de pufuri cu 18 ml de lichid.<\/li>\n<li><strong>Performan\u021b\u0103 Premium<\/strong>: Rezisten\u021ba mesh \u0219i bateria re\u00eenc\u0103rcabil\u0103 asigur\u0103 o arom\u0103 consistent\u0103 \u0219i comoditate.<\/li>\n<li><strong>Design elegant<\/strong>: Iluminarea RGB adaug\u0103 o not\u0103 modern\u0103 \u0219i distractiv\u0103.<\/li>\n<li><strong>Gam\u0103 larg\u0103 de arome<\/strong>: 43 de arome interesante pentru a satisface toate preferin\u021bele.<\/li>\n<li><strong>Portabil \u0219i durabil<\/strong>Compact, dar puternic, perfect pentru vapatul de zi cu zi.<\/li>\n<\/ul>\n<h3>\u00centreb\u0103ri frecvente<\/h3>\n<p><strong>\u00ce1: C\u00e2t dureaz\u0103 o singur\u0103 \u00eenc\u0103rcare a bateriei de 600mAh?<\/strong><br \/>\nBateria re\u00eenc\u0103rcabil\u0103 de 600mAh ofer\u0103 ore de vapat continuu \u0219i poate fi re\u00eenc\u0103rcat\u0103 printr-un cablu Type-C.<\/p>\n<p><strong>\u00ce2: Sunt toate cele 43 de arome disponibile pentru cump\u0103rare \u00een vrac?<\/strong><br \/>\nDa, toate cele 43 de arome sunt disponibile pentru v\u00e2nzarea cu ridicata \u0219i cump\u0103rarea \u00een vrac.<\/p>\n<p><strong>\u00ce3: Ce niveluri de nicotin\u0103 sunt disponibile?<\/strong><br \/>\nFumot RandM Tornado 9000 Puffs este disponibil cu op\u021biuni de sare de nicotin\u0103 de 2% \u0219i 5%.<\/p>\n<p><strong>\u00ce4: Care este beneficiul rezisten\u021bei tip mesh?<\/strong><br \/>\nRezisten\u021ba tip mesh de 0.8ohm asigur\u0103 o produc\u021bie mai fin\u0103 de vapori \u0219i o arom\u0103 \u00eembun\u0103t\u0103\u021bit\u0103.<\/p>\n<p><strong>Q5: RandM Vape 9k include un cablu de \u00eenc\u0103rcare?<\/strong><br \/>\nDa, RandM 9k este compatibil cu cablurile de \u00eenc\u0103rcare Type-C, de\u0219i cablul se vinde separat.<\/p>\n<h4>Fumot Vape 7k en-gros Contacta\u021bi \u0219i ob\u021bine\u021bi reducere acum!<\/h4>\n<p><img decoding=\"async\" class=\"size-large wp-image-2921\" src=\"https:\/\/vapestornado.com\/wp-content\/uploads\/2024\/11\/20062b3a285f900e79520aad496b94d-887x1024.jpg\" alt=\"vapestornado Vicky\" width=\"887\" height=\"1024\" srcset=\"https:\/\/vapestornado.com\/wp-content\/uploads\/2024\/11\/20062b3a285f900e79520aad496b94d-887x1024.jpg 887w, https:\/\/vapestornado.com\/wp-content\/uploads\/2024\/11\/20062b3a285f900e79520aad496b94d-260x300.jpg 260w, https:\/\/vapestornado.com\/wp-content\/uploads\/2024\/11\/20062b3a285f900e79520aad496b94d-768x887.jpg 768w, https:\/\/vapestornado.com\/wp-content\/uploads\/2024\/11\/20062b3a285f900e79520aad496b94d-600x693.jpg 600w, https:\/\/vapestornado.com\/wp-content\/uploads\/2024\/11\/20062b3a285f900e79520aad496b94d.jpg 1080w\" sizes=\"(max-width: 887px) 100vw, 887px\" \/><\/p>","protected":false},"excerpt":{"rendered":"<p><strong>RandM Tornado 9000 Puffs Vape de unic\u0103 folosin\u021b\u0103<\/strong> ofer\u0103 9000 de pufuri, baterie de 600mAh, iluminare RGB, rezisten\u021b\u0103 tip mesh \u0219i 43 de arome vibrante pentru o experien\u021b\u0103 de vapat excep\u021bional\u0103.<\/p>\n<p><strong><span style=\"color: #ff0000;\">(pre\u021bul de pe site-ul nostru nu include costul de transport, v\u0103 rug\u0103m s\u0103 m\u0103 contacta\u021bi pentru a ob\u021bine pre\u021bul complet \u0219i reducerea dumneavoastr\u0103!)<\/span><\/strong><\/p>\n<p><img decoding=\"async\" class=\"size-medium wp-image-2921\" src=\"https:\/\/vapestornado.com\/wp-content\/uploads\/2024\/11\/20062b3a285f900e79520aad496b94d-260x300.jpg\" alt=\"vapestornado Vicky\" width=\"260\" height=\"300\" srcset=\"https:\/\/vapestornado.com\/wp-content\/uploads\/2024\/11\/20062b3a285f900e79520aad496b94d-260x300.jpg 260w, https:\/\/vapestornado.com\/wp-content\/uploads\/2024\/11\/20062b3a285f900e79520aad496b94d-887x1024.jpg 887w, https:\/\/vapestornado.com\/wp-content\/uploads\/2024\/11\/20062b3a285f900e79520aad496b94d-768x887.jpg 768w, https:\/\/vapestornado.com\/wp-content\/uploads\/2024\/11\/20062b3a285f900e79520aad496b94d-600x693.jpg 600w, https:\/\/vapestornado.com\/wp-content\/uploads\/2024\/11\/20062b3a285f900e79520aad496b94d.jpg 1080w\" sizes=\"(max-width: 260px) 100vw, 260px\" \/><\/p>","protected":false},"featured_media":3439,"comment_status":"open","ping_status":"closed","template":"","meta":{"_acf_changed":false,"_uag_custom_page_level_css":"","_lmt_disableupdate":"no","_lmt_disable":"","_monsterinsights_skip_tracking":false,"_monsterinsights_sitenote_active":false,"_monsterinsights_sitenote_note":"","_monsterinsights_sitenote_category":0,"site-sidebar-layout":"default","site-content-layout":"","ast-site-content-layout":"default","site-content-style":"default","site-sidebar-style":"default","ast-global-header-display":"","ast-banner-title-visibility":"","ast-main-header-display":"","ast-hfb-above-header-display":"","ast-hfb-below-header-display":"","ast-hfb-mobile-header-display":"","site-post-title":"","ast-breadcrumbs-content":"","ast-featured-img":"","footer-sml-layout":"","ast-disable-related-posts":"","theme-transparent-header-meta":"default","adv-header-id-meta":"","stick-header-meta":"","header-above-stick-meta":"","header-main-stick-meta":"","header-below-stick-meta":"","astra-migrate-meta-layouts":"set","ast-page-background-enabled":"default","ast-page-background-meta":{"desktop":{"background-color":"","background-image":"","background-repeat":"repeat","background-position":"center center","background-size":"auto","background-attachment":"scroll","background-type":"","background-media":"","overlay-type":"","overlay-color":"","overlay-opacity":"","overlay-gradient":""},"tablet":{"background-color":"","background-image":"","background-repeat":"repeat","background-position":"center center","background-size":"auto","background-attachment":"scroll","background-type":"","background-media":"","overlay-type":"","overlay-color":"","overlay-opacity":"","overlay-gradient":""},"mobile":{"background-color":"","background-image":"","background-repeat":"repeat","background-position":"center center","background-size":"auto","background-attachment":"scroll","background-type":"","background-media":"","overlay-type":"","overlay-color":"","overlay-opacity":"","overlay-gradient":""}},"ast-content-background-meta":{"desktop":{"background-color":"var(--ast-global-color-5)","background-image":"","background-repeat":"repeat","background-position":"center center","background-size":"auto","background-attachment":"scroll","background-type":"","background-media":"","overlay-type":"","overlay-color":"","overlay-opacity":"","overlay-gradient":""},"tablet":{"background-color":"var(--ast-global-color-5)","background-image":"","background-repeat":"repeat","background-position":"center center","background-size":"auto","background-attachment":"scroll","background-type":"","background-media":"","overlay-type":"","overlay-color":"","overlay-opacity":"","overlay-gradient":""},"mobile":{"background-color":"var(--ast-global-color-5)","background-image":"","background-repeat":"repeat","background-position":"center center","background-size":"auto","background-attachment":"scroll","background-type":"","background-media":"","overlay-type":"","overlay-color":"","overlay-opacity":"","overlay-gradient":""}},"_joinchat":{"telephone":"+8618077105750"}},"product_brand":[],"product_cat":[73,151,152,157,58,144,148],"product_tag":[112],"class_list":{"0":"post-3429","1":"product","2":"type-product","3":"status-publish","4":"has-post-thumbnail","6":"product_cat-9000-puff","7":"product_cat-buy-disposable-vapes-in-france","8":"product_cat-buy-disposable-vapes-in-cermany","9":"product_cat-buy-disposable-vapes-in-portugal","10":"product_cat-fumot-vape","11":"product_cat-low-nicotine-disposable-vapes","12":"product_cat-tornado-disposable-vapes","13":"product_tag-randm-tornado-9000","14":"desktop-align-left","15":"tablet-align-left","16":"mobile-align-left","18":"first","19":"instock","20":"sale","21":"shipping-taxable","22":"purchasable","23":"product-type-simple"},"acf":[],"uagb_featured_image_src":{"full":["https:\/\/vapestornado.com\/wp-content\/uploads\/2024\/12\/Fumot-RandM-Tornado-9000-Puffs-Real-Pictures.jpg",1000,1000,false],"thumbnail":["https:\/\/vapestornado.com\/wp-content\/uploads\/2024\/12\/Fumot-RandM-Tornado-9000-Puffs-Real-Pictures-150x150.jpg",150,150,true],"medium":["https:\/\/vapestornado.com\/wp-content\/uploads\/2024\/12\/Fumot-RandM-Tornado-9000-Puffs-Real-Pictures-300x300.jpg",300,300,true],"medium_large":["https:\/\/vapestornado.com\/wp-content\/uploads\/2024\/12\/Fumot-RandM-Tornado-9000-Puffs-Real-Pictures-768x768.jpg",768,768,true],"large":["https:\/\/vapestornado.com\/wp-content\/uploads\/2024\/12\/Fumot-RandM-Tornado-9000-Puffs-Real-Pictures.jpg",1000,1000,false],"1536x1536":["https:\/\/vapestornado.com\/wp-content\/uploads\/2024\/12\/Fumot-RandM-Tornado-9000-Puffs-Real-Pictures.jpg",1000,1000,false],"2048x2048":["https:\/\/vapestornado.com\/wp-content\/uploads\/2024\/12\/Fumot-RandM-Tornado-9000-Puffs-Real-Pictures.jpg",1000,1000,false],"trp-custom-language-flag":["https:\/\/vapestornado.com\/wp-content\/uploads\/2024\/12\/Fumot-RandM-Tornado-9000-Puffs-Real-Pictures.jpg",12,12,false],"woocommerce_thumbnail":["https:\/\/vapestornado.com\/wp-content\/uploads\/2024\/12\/Fumot-RandM-Tornado-9000-Puffs-Real-Pictures-300x300.jpg",300,300,true],"woocommerce_single":["https:\/\/vapestornado.com\/wp-content\/uploads\/2024\/12\/Fumot-RandM-Tornado-9000-Puffs-Real-Pictures-600x600.jpg",600,600,true],"woocommerce_gallery_thumbnail":["https:\/\/vapestornado.com\/wp-content\/uploads\/2024\/12\/Fumot-RandM-Tornado-9000-Puffs-Real-Pictures-100x100.jpg",100,100,true]},"uagb_author_info":{"display_name":"ESvicky","author_link":"https:\/\/vapestornado.com\/ro\/author\/"},"uagb_comment_info":0,"uagb_excerpt":"RandM Tornado 9000 Puffs Disposable Vape offers 9000 puffs, 600mAh battery, RGB lighting, mesh coil, and 43 vibrant flavors for an exceptional vaping experience. (our website price not include shipping cost, please contact me to get whole price and your disccount!)","_links":{"self":[{"href":"https:\/\/vapestornado.com\/ro\/wp-json\/wp\/v2\/product\/3429","targetHints":{"allow":["GET"]}}],"collection":[{"href":"https:\/\/vapestornado.com\/ro\/wp-json\/wp\/v2\/product"}],"about":[{"href":"https:\/\/vapestornado.com\/ro\/wp-json\/wp\/v2\/types\/product"}],"replies":[{"embeddable":true,"href":"https:\/\/vapestornado.com\/ro\/wp-json\/wp\/v2\/comments?post=3429"}],"wp:featuredmedia":[{"embeddable":true,"href":"https:\/\/vapestornado.com\/ro\/wp-json\/wp\/v2\/media\/3439"}],"wp:attachment":[{"href":"https:\/\/vapestornado.com\/ro\/wp-json\/wp\/v2\/media?parent=3429"}],"wp:term":[{"taxonomy":"product_brand","embeddable":true,"href":"https:\/\/vapestornado.com\/ro\/wp-json\/wp\/v2\/product_brand?post=3429"},{"taxonomy":"product_cat","embeddable":true,"href":"https:\/\/vapestornado.com\/ro\/wp-json\/wp\/v2\/product_cat?post=3429"},{"taxonomy":"product_tag","embeddable":true,"href":"https:\/\/vapestornado.com\/ro\/wp-json\/wp\/v2\/product_tag?post=3429"}],"curies":[{"name":"wp","href":"https:\/\/api.w.org\/{rel}","templated":true}]}}