{"id":3394,"date":"2024-12-26T07:40:36","date_gmt":"2024-12-26T07:40:36","guid":{"rendered":"https:\/\/vapestornado.com\/?post_type=product&#038;p=3394"},"modified":"2025-08-23T12:25:34","modified_gmt":"2025-08-23T12:25:34","slug":"vookbar-cyber-pro-30000-puffs-touch-screen-2-low-nicotine-rechargeable-disposable-vapes-pen-bulk-buy-wholesale","status":"publish","type":"product","link":"https:\/\/vapestornado.com\/ro\/product\/vookbar-cyber-pro-30000-puffs-touch-screen-2-low-nicotine-rechargeable-disposable-vapes-pen-bulk-buy-wholesale\/","title":{"rendered":"Vookbar Cyber Pro 30000 Puffs Ecran tactil cu con\u021binut sc\u0103zut de nicotin\u0103 2%, Vape de unic\u0103 folosin\u021b\u0103 re\u00eenc\u0103rcabile, Cump\u0103rare \u00een vrac en-gros"},"content":{"rendered":"<h1 class=\"product-title\">Vookbar Cyber Pro 30000 Puffs Ecran tactil cu con\u021binut sc\u0103zut de nicotin\u0103 2%, Vape de unic\u0103 folosin\u021b\u0103 re\u00eenc\u0103rcabile, Cump\u0103rare \u00een vrac en-gros<\/h1>\n<p>Sistemul <strong>Vookbar Cyber Pro 30000 Pufuri<\/strong> este aici pentru a redefini vapingul de unic\u0103 folosin\u021b\u0103. Cu designul s\u0103u elegant, tehnologia avansat\u0103 \u0219i caracteristicile u\u0219or de utilizat, acest vape pen este perfect at\u00e2t pentru utilizatorii ocazionali, c\u00e2t \u0219i pentru vaperii experimenta\u021bi care caut\u0103 o experien\u021b\u0103 premium.<\/p>\n<h4><strong>Longevitate Inegalabil\u0103<\/strong><\/h4>\n<p>Echipat cu un incredibil <strong>30.000 de pufuri<\/strong> capacitate, Vookbar Cyber Pro elimin\u0103 necesitatea \u00eenlocuirilor frecvente, asigur\u00e2nd o satisfac\u021bie de lung\u0103 durat\u0103. Rezervorul de <strong>22 ml de e-lichid<\/strong> v\u0103 permite s\u0103 v\u0103 bucura\u021bi de vaping ne\u00eentrerupt cu aromele preferate.<\/p>\n<h4><strong>Puternic \u0219i re\u00eenc\u0103rcabil<\/strong><\/h4>\n<p>Alimentat de o <strong>baterie re\u00eenc\u0103rcabil\u0103 de 650mAh<\/strong>, Vookbar Cyber Pro v\u0103 men\u021bine \u00een func\u021biune pe tot parcursul zilei. Portul de <strong>\u00eenc\u0103rcare rapid\u0103 de tip C<\/strong> v\u0103 asigur\u0103 c\u0103 pute\u021bi re\u00eenc\u0103rca rapid \u0219i pute\u021bi reveni la vaping f\u0103r\u0103 \u00eent\u00e2rziere.<\/p>\n<h4><strong>Arom\u0103 \u0219i vapori \u00eembun\u0103t\u0103\u021bi\u021bi<\/strong><\/h4>\n<p>Cu un <strong>sistem cu bobin\u0103 dubl\u0103 de plas\u0103<\/strong>, acest dispozitiv ofer\u0103 arome bogate \u0219i consistente \u0219i o produc\u021bie impresionant\u0103 de vapori. Designul reglabil al fluxului de aer v\u0103 ofer\u0103 control asupra intensit\u0103\u021bii, r\u0103spunz\u00e2nd at\u00e2t preferin\u021belor de vaping fine, c\u00e2t \u0219i \u00eendr\u0103zne\u021be.<\/p>\n<h4><strong>Tehnologie inteligent\u0103 cu ecran tactil<\/strong><\/h4>\n<p>Vookbar Cyber Pro se remarc\u0103 prin <strong>ecranul s\u0103u tactil de 2,1 inchi<\/strong>, oferind o navigare u\u0219oar\u0103 prin func\u021biile sale. Cu conectivitate Bluetooth, \u00eel po\u021bi asocia cu aplica\u021bia Wearinos pentru a-\u021bi personaliza experien\u021ba\u2014ajusteaz\u0103 set\u0103rile, seteaz\u0103 imagini de fundal personalizate \u0219i chiar acceseaz\u0103 op\u021biuni unice, cum ar fi selfie-uri de la distan\u021b\u0103 \u0219i notific\u0103ri.<\/p>\n<h4><strong>Siguran\u021b\u0103 \u0219i Utilitate<\/strong><\/h4>\n<p>Vookbar Cyber Pro include o <strong>func\u021bie de blocare pentru copii<\/strong>, ceea ce \u00eel face o op\u021biune mai sigur\u0103 pentru gospod\u0103rii. Este proiectat pentru utilizatorii cu nicotin\u0103 sc\u0103zut\u0103, cu concentra\u021bii de <strong>0%, 2%, 3% \u0219i 5%<\/strong>, r\u0103spunz\u00e2nd unei variet\u0103\u021bi de preferin\u021be.<\/p>\n<h4><strong>Dincolo de Vapat<\/strong><\/h4>\n<p>Du-\u021bi experien\u021ba la nivelul urm\u0103tor cu func\u021bii suplimentare, cum ar fi mini-jocuri \u0219i alerte de social media, integr\u00e2nd perfect vapatul \u00een stilul t\u0103u de via\u021b\u0103. Acesta este mai mult dec\u00e2t un simplu vape\u2014este un dispozitiv inteligent pentru utilizatorul modern.<\/p>\n<h3><strong>\u00cembun\u0103t\u0103\u021be\u0219te-\u021bi Experien\u021ba de Vapat<\/strong><\/h3>\n<p>Fie c\u0103 cumperi \u00een vrac pentru v\u00e2nzare cu ridicata sau c\u0103 e\u0219ti \u00een c\u0103utarea unui vape de unic\u0103 folosin\u021b\u0103 remarcabil, <strong>Vookbar Cyber Pro 30000 Pufuri<\/strong> ofer\u0103 combina\u021bia perfect\u0103 de inova\u021bie, performan\u021b\u0103 \u0219i stil. Experimenteaz\u0103 viitorul vapatului ast\u0103zi!<\/p>\n<p><span style=\"color: #ff0000;\"><strong>Adaug\u0103 r\u0103spunsul corect de pe Whatsapp al lui Amy \u0219i cuponul de vape!<\/strong><\/span><\/p>\n<p><img fetchpriority=\"high\" decoding=\"async\" class=\"size-full wp-image-2932\" src=\"https:\/\/vapestornado.com\/wp-content\/uploads\/2024\/12\/Vape-Wholesale.jpg\" alt=\"\u021aig\u0103ri electronice cu ridicata\" width=\"229\" height=\"300\" \/><\/p>\n<h3><a href=\"https:\/\/wa.me\/8617776015835\" target=\"_blank\" rel=\"noopener\"><span style=\"color: #ff0000;\"><strong>WhatsApp: +86 17776015835<\/strong><\/span><\/a><\/h3>\n<p>&nbsp;<\/p>\n<h2 class=\"product-title\">Vookbar Cyber Pro 30000 Vape de Unic\u0103 Folosin\u021b\u0103<strong> Caracteristicile produsului<\/strong><\/h2>\n<div role=\"article\" data-tabster=\"{&quot;groupper&quot;:{&quot;tabbability&quot;:2},&quot;focusable&quot;:{}}\" data-content=\"ai-message\" aria-labelledby=\"juhNTJ6o7Gk1cgwZMJgv2-author juhNTJ6o7Gk1cgwZMJgv2-content\">\n<div id=\"juhNTJ6o7Gk1cgwZMJgv2-content\">\n<div role=\"article\" data-tabster=\"{&quot;groupper&quot;:{&quot;tabbability&quot;:2},&quot;focusable&quot;:{}}\" data-content=\"ai-message\" aria-labelledby=\"x4EZuCZWrTbh3weWUt7CU-author x4EZuCZWrTbh3weWUt7CU-content\">\n<div id=\"x4EZuCZWrTbh3weWUt7CU-content\">\n<div class=\"flex max-w-full flex-col flex-grow\">\n<div class=\"min-h-8 text-message flex w-full flex-col items-end gap-2 whitespace-normal break-words text-start [.text-message+&amp;]:mt-5\" dir=\"auto\" data-message-author-role=\"assistant\" data-message-id=\"52c6e00a-252f-4104-805d-2f1a84739c71\" data-message-model-slug=\"gpt-4o\">\n<div class=\"flex w-full flex-col gap-1 empty:hidden first:pt-[3px]\">\n<div class=\"markdown prose w-full break-words dark:prose-invert light\">\n<div class=\"flex max-w-full flex-col flex-grow\">\n<div class=\"min-h-8 text-message flex w-full flex-col items-end gap-2 whitespace-normal break-words text-start [.text-message+&amp;]:mt-5\" dir=\"auto\" data-message-author-role=\"assistant\" data-message-id=\"d3382d71-de90-4719-8ad8-700b383ac952\" data-message-model-slug=\"gpt-4o\">\n<div class=\"flex w-full flex-col gap-1 empty:hidden first:pt-[3px]\">\n<div class=\"markdown prose w-full break-words dark:prose-invert light\">\n<h3><\/h3>\n<ol>\n<li><strong>Capacitate Mare de Pufuri<\/strong>: 30.000 de pufuri pentru utilizare extins\u0103 f\u0103r\u0103 \u00eenlocuiri.<\/li>\n<li><strong>Volum Mare de E-lichid<\/strong>: Capacitate de 22 ml pentru o pl\u0103cere de lung\u0103 durat\u0103 a aromei.<\/li>\n<li><strong>Baterie puternic\u0103<\/strong>: Baterie re\u00eenc\u0103rcabil\u0103 de 650mAh cu \u00eenc\u0103rcare rapid\u0103 Type-C.<\/li>\n<li><strong>Bobin\u0103 Dubl\u0103 tip Plas\u0103<\/strong>: Ofer\u0103 vapori den\u0219i \u0219i lovituri fine, pline de arom\u0103.<\/li>\n<li><strong>Control Inteligent prin Ecran Tactil<\/strong>: Ecran tactil de 2,1 inch cu conectivitate Bluetooth \u0219i set\u0103ri personalizabile.<\/li>\n<li><strong>Dispozitiv multifunc\u021bional<\/strong>: Suport\u0103 mini-jocuri, notific\u0103ri de pe re\u021belele sociale \u0219i multe altele.<\/li>\n<li><strong>Varietate de nicotin\u0103<\/strong>: Disponibil \u00een concentra\u021bii de nicotin\u0103 de 0%, 2%, 3% \u0219i 5%.<\/li>\n<li><strong>Caracteristici de siguran\u021b\u0103<\/strong>: Blocare parental\u0103 \u00eencorporat\u0103 pentru o protec\u021bie fiabil\u0103.<\/li>\n<\/ol>\n<\/div>\n<\/div>\n<\/div>\n<\/div>\n<div class=\"mb-2 flex gap-3 empty:hidden -ml-2\">\n<div class=\"items-center justify-start rounded-xl p-1 flex\"><\/div>\n<\/div>\n<\/div>\n<\/div>\n<\/div>\n<\/div>\n<\/div>\n<\/div>\n<\/div>\n<\/div>\n<h2 class=\"product-title\"><strong>Arom\u0103 popular\u0103 pentru Vookbar Cyber Pro 30000 Vape-uri de unic\u0103 folosin\u021b\u0103<\/strong><\/h2>\n<p>Colec\u021bia prezint\u0103 o gam\u0103 variat\u0103 de arome, combin\u00e2nd fructe clasice, delicii tropicale \u0219i finisaje \u00eenghe\u021bate. De la combina\u021bii dulci \u0219i acidulate, cum ar fi <strong>Piersic\u0103 Mango<\/strong> si <strong>C\u0103p\u0219uni Kiwi<\/strong> p\u00e2n\u0103 la note mentolate r\u0103coritoare, cum ar fi <strong>Pepene verde cu ghea\u021b\u0103<\/strong> si <strong>Ghea\u021b\u0103 de Zmeur\u0103 Albastr\u0103<\/strong>, exist\u0103 ceva pentru fiecare gust.<\/p>\n<p>1. Ghea\u021b\u0103 de zmeur\u0103 albastr\u0103 <span style=\"color: #ff0000;\"><strong>&gt;&gt;&gt;&gt; Fierbinte!<\/strong><\/span><br \/>\n2. Ghea\u021b\u0103 de piersici<br \/>\n3. Ghea\u021b\u0103 de struguri<br \/>\n4. C\u0103p\u0219uni \u0219i pepene verde <span style=\"color: #ff0000;\"><strong>&gt;&gt;&gt;&gt; Fierbinte!<\/strong><\/span><br \/>\n5. C\u0103p\u0219uni \u0219i banane<br \/>\n6. Cire\u0219e \u0219i pepene verde<br \/>\n7. Ghea\u021b\u0103 de pepene verde<br \/>\n8. Piersici \u0219i mango<br \/>\n9. C\u0103p\u0219uni \u0219i kiwi<br \/>\n10. Ghea\u021b\u0103 de c\u0103p\u0219uni albe<br \/>\n11. Ghea\u021b\u0103 de ursule\u021bi gumati albi<br \/>\n12. Pinacolada congelat\u0103<br \/>\n13. Fcking fab<br \/>\n14. Mojito cu fructe de p\u0103dure <span style=\"color: #ff0000;\"><strong>&gt;&gt;&gt;&gt; Cel mai bun!<\/strong><\/span><\/p>\n<figure id=\"attachment_3554\" aria-describedby=\"caption-attachment-3554\" style=\"width: 1000px\" class=\"wp-caption alignnone\"><img decoding=\"async\" class=\"wp-image-3554 size-full\" src=\"https:\/\/vapestornado.com\/wp-content\/uploads\/2024\/12\/Bluetooth-Vape-Vookbar-Cyber-\u200b\u200bPro-30000-Puffs-Disposable-Vape-Wholesale.webp\" alt=\"Vape Bluetooth Vookbar Cyber \u200b\u200bPro 30000 Puffs Vape de unic\u0103 folosin\u021b\u0103 en-gros\" width=\"1000\" height=\"1000\" srcset=\"https:\/\/vapestornado.com\/wp-content\/uploads\/2024\/12\/Bluetooth-Vape-Vookbar-Cyber-\u200b\u200bPro-30000-Puffs-Disposable-Vape-Wholesale.webp 1000w, https:\/\/vapestornado.com\/wp-content\/uploads\/2024\/12\/Bluetooth-Vape-Vookbar-Cyber-\u200b\u200bPro-30000-Puffs-Disposable-Vape-Wholesale-300x300.webp 300w, https:\/\/vapestornado.com\/wp-content\/uploads\/2024\/12\/Bluetooth-Vape-Vookbar-Cyber-\u200b\u200bPro-30000-Puffs-Disposable-Vape-Wholesale-150x150.webp 150w, https:\/\/vapestornado.com\/wp-content\/uploads\/2024\/12\/Bluetooth-Vape-Vookbar-Cyber-\u200b\u200bPro-30000-Puffs-Disposable-Vape-Wholesale-768x768.webp 768w, https:\/\/vapestornado.com\/wp-content\/uploads\/2024\/12\/Bluetooth-Vape-Vookbar-Cyber-\u200b\u200bPro-30000-Puffs-Disposable-Vape-Wholesale-600x600.webp 600w, https:\/\/vapestornado.com\/wp-content\/uploads\/2024\/12\/Bluetooth-Vape-Vookbar-Cyber-\u200b\u200bPro-30000-Puffs-Disposable-Vape-Wholesale-100x100.webp 100w\" sizes=\"(max-width: 1000px) 100vw, 1000px\" \/><figcaption id=\"caption-attachment-3554\" class=\"wp-caption-text\">Vape Bluetooth Vookbar Cyber \u200b\u200bPro 30000 Puffs Vape de unic\u0103 folosin\u021b\u0103 en-gros<\/figcaption><\/figure>\n<div class=\"flex-shrink-0 flex flex-col relative items-end\">\n<div class=\"pt-0\">\n<div class=\"gizmo-bot-avatar flex h-8 w-8 items-center justify-center overflow-hidden rounded-full\">\n<div class=\"relative p-1 rounded-sm flex items-center justify-center bg-token-main-surface-primary text-token-text-primary h-8 w-8\">\n<h3>\u00centreb\u0103ri frecvente pentru Vookbar Cyber Pro 30000 Vape-uri de unic\u0103 folosin\u021b\u0103<\/h3>\n<div class=\"flex max-w-full flex-col flex-grow\">\n<div class=\"min-h-8 text-message flex w-full flex-col items-end gap-2 whitespace-normal break-words text-start [.text-message+&amp;]:mt-5\" dir=\"auto\" data-message-author-role=\"assistant\" data-message-id=\"4dc48248-df95-45bd-b800-6dedb43cf7f1\" data-message-model-slug=\"gpt-4o\">\n<div class=\"flex w-full flex-col gap-1 empty:hidden first:pt-[3px]\">\n<div class=\"markdown prose w-full break-words dark:prose-invert light\">\n<ol>\n<li><strong>C\u00e2t dureaz\u0103 Vookbar Cyber Pro 30000 Puffs?<\/strong><br \/>\nDispozitivul ofer\u0103 p\u00e2n\u0103 la 30.000 de pufuri, oferind o utilizare extins\u0103 f\u0103r\u0103 \u00eenlocuiri frecvente.<\/li>\n<li><strong>Pot ajusta fluxul de aer pe Vookbar 30000 Vape de unic\u0103 folosin\u021b\u0103?<\/strong><br \/>\nDa, func\u021bia de flux de aer reglabil v\u0103 permite s\u0103 v\u0103 personaliza\u021bi inhalarea pentru o experien\u021b\u0103 de vaping personalizat\u0103.<\/li>\n<li><strong>Vape-ul de unic\u0103 folosin\u021b\u0103 Vookbar Cyber Pro 30k Touch suport\u0103 \u00eenc\u0103rcare rapid\u0103?<\/strong><br \/>\nAbsolut! Dispune de un port de \u00eenc\u0103rcare Type-C pentru \u00eenc\u0103rc\u0103ri rapide \u0219i eficiente.<\/li>\n<li><strong>Ce concentra\u021bii de nicotin\u0103 sunt disponibile pentru vape-ul re\u00eenc\u0103rcabil Vookbar 30000?<\/strong><br \/>\nDispozitivul este disponibil \u00een concentra\u021bii de nicotin\u0103 de 0%, 2%, 3% \u0219i 5%, r\u0103spunz\u00e2nd diverselor preferin\u021be.<\/li>\n<li><strong>Ce func\u021bii suplimentare ofer\u0103 ecranul tactil?<\/strong><br \/>\nEcranul tactil de 2,1 inch v\u0103 permite s\u0103 monitoriza\u021bi set\u0103rile, s\u0103 v\u0103 conecta\u021bi prin Bluetooth, s\u0103 personaliza\u021bi imagini de fundal \u0219i chiar s\u0103 controla\u021bi selfie-uri de la distan\u021b\u0103.<\/li>\n<\/ol>\n<\/div>\n<\/div>\n<\/div>\n<\/div>\n<\/div>\n<\/div>\n<\/div>\n<\/div>\n<div class=\"flex-shrink-0 flex flex-col relative items-end\">\n<div class=\"pt-0\">\n<div class=\"gizmo-bot-avatar flex h-8 w-8 items-center justify-center overflow-hidden rounded-full\">\n<div class=\"relative p-1 rounded-sm flex items-center justify-center bg-token-main-surface-primary text-token-text-primary h-8 w-8\">\n<div class=\"mb-2 flex gap-3 empty:hidden -ml-2\">\n<div role=\"article\" data-tabster=\"{&quot;groupper&quot;:{&quot;tabbability&quot;:2},&quot;focusable&quot;:{}}\" data-content=\"ai-message\" aria-labelledby=\"Vdt5ez4X7Tg813x6rFVha-author Vdt5ez4X7Tg813x6rFVha-content\">\n<div id=\"Vdt5ez4X7Tg813x6rFVha-content\">\n<div role=\"article\" data-tabster=\"{&quot;groupper&quot;:{&quot;tabbability&quot;:2},&quot;focusable&quot;:{}}\" data-content=\"ai-message\" aria-labelledby=\"o968oC7CEo2fGHsGdsRYC-author o968oC7CEo2fGHsGdsRYC-content\">\n<div id=\"o968oC7CEo2fGHsGdsRYC-content\">\n<h3>De ce s\u0103 alege\u021bi vapestornado pentru v\u00e2nzarea cu ridicata a vape-ului de unic\u0103 folosin\u021b\u0103 Vookbar 30000 Touch?<\/h3>\n<div class=\"flex-shrink-0 flex flex-col relative items-end\">\n<div class=\"pt-0\">\n<div class=\"gizmo-bot-avatar flex h-8 w-8 items-center justify-center overflow-hidden rounded-full\">\n<div class=\"relative p-1 rounded-sm flex items-center justify-center bg-token-main-surface-primary text-token-text-primary h-8 w-8\">\n<p>Bun venit la vapestornado, magazinul t\u0103u online de \u00eencredere pentru vape-uri de unic\u0103 folosin\u021b\u0103 premium. Cu o experien\u021b\u0103 de peste 5 ani, \u00ee\u021bi aducem branduri populare de vape-uri de unic\u0103 folosin\u021b\u0103, precum Fumot RandM Vape, <a href=\"https:\/\/vapestornado.com\/ro\/product-category\/vapme-shisha\/\">Vapme<\/a>, Bang Vape, Waspe Vape \u0219i WGA Vape, etc.<\/p>\n<p>Gama noastr\u0103 include vape-uri populare precum <a href=\"https:\/\/vapestornado.com\/ro\/product\/randm-12000-puffs-fumot-digital-disposable-vape-wholesale-price\/\">RandM Tornado 12000<\/a>, \u0219i op\u021biuni bogate \u00een arome, precum <a href=\"https:\/\/vapestornado.com\/ro\/product\/wga-crystal-pro-max-extra-15000-puffs-rechargeable-disposable-vape-wholesale-bulk-buy\/\">\u00a0WGA Crystal 15k Pufuri<\/a> . Fiecare produs este ales cu accent pe calitate, valoare \u0219i varietate, asigur\u00e2ndu-ne c\u0103 g\u0103se\u0219ti potrivirea perfect\u0103 pentru nevoile tale. Descoper\u0103 servicii excep\u021bionale \u0219i o gam\u0103 larg\u0103 de produse de top cu pre\u021buri de gros la vapestornado.<\/p>\n<\/div>\n<p>&nbsp;<\/p>\n<p><strong>Alte Vape-uri de Unic\u0103 Folosin\u021b\u0103 Populare<\/strong><\/p>\n<p><a href=\"https:\/\/vapestornado.com\/ro\/product\/bang-vape-35000-puffs-low-nicotine-bulk-buy-rechargeable-disposable-vapes-box-wholesale-price\/\">Bang Vape 35000 Pufuri <span style=\"color: #ff0000;\"><strong>&gt;&gt;&gt;&gt; Du-te !<\/strong><\/span><\/a><\/p>\n<p><a href=\"https:\/\/vapestornado.com\/ro\/product\/vopk-ultra-40000-puffs-2-in-1-digital-screen-rechargeable-disposable-vape\/\">VOPK 40000 Gust Dublu<span style=\"color: #ff0000;\"><strong>&gt;&gt;&gt;&gt; Du-te !<\/strong><\/span><\/a><\/p>\n<p><a href=\"https:\/\/vapestornado.com\/ro\/product\/bood-twins-46000-puff-double-flavour-low-nicotine-disposable-vape-wholesale-bulk-buy-price\/\">Bood Twins 46000<span style=\"color: #ff0000;\"><strong>&gt;&gt;&gt;&gt; Du-te !<\/strong><\/span><\/a><\/p>\n<\/div>\n<\/div>\n<\/div>\n<p>&nbsp;<\/p>\n<\/div>\n<\/div>\n<\/div>\n<\/div>\n<\/div>\n<\/div>\n<\/div>\n<\/div>\n<\/div>","protected":false},"excerpt":{"rendered":"<p>Vape de unic\u0103 folosin\u021b\u0103 Hot Vookbar Cyber Pro 30000 Puffs 2% cu nicotin\u0103 sc\u0103zut\u0103<br \/>\nVookbar Vape Cyber Pro 30000 Puffs Vape de unic\u0103 folosin\u021b\u0103 cu afi\u0219aj digital, achizi\u021bie \u00een vrac<br \/>\nVookbar Cyber Pro 30k Touch Vape re\u00eenc\u0103rcabil de unic\u0103 folosin\u021b\u0103, en-gros<\/p>\n<p><strong>Adaug\u0103 whatsapp-ul lui Amy pentru a primi r\u0103spuns imediat \u0219i un cupon de vape!<\/strong><\/p>\n<p><img fetchpriority=\"high\" decoding=\"async\" class=\"size-full wp-image-2932\" src=\"https:\/\/vapestornado.com\/wp-content\/uploads\/2024\/12\/Vape-Wholesale.jpg\" alt=\"\u021aig\u0103ri electronice cu ridicata\" width=\"229\" height=\"300\" \/><\/p>\n<h3><a href=\"https:\/\/wa.me\/8617776015835\"><span style=\"color: #ff0000;\"><strong>WhatsApp: +86 17776015835<\/strong><\/span><\/a><\/h3>\n<p>&nbsp;<\/p>","protected":false},"featured_media":3388,"comment_status":"open","ping_status":"closed","template":"","meta":{"_acf_changed":false,"_uag_custom_page_level_css":"","_lmt_disableupdate":"no","_lmt_disable":"","_monsterinsights_skip_tracking":false,"_monsterinsights_sitenote_active":false,"_monsterinsights_sitenote_note":"","_monsterinsights_sitenote_category":0,"site-sidebar-layout":"default","site-content-layout":"","ast-site-content-layout":"default","site-content-style":"default","site-sidebar-style":"default","ast-global-header-display":"","ast-banner-title-visibility":"","ast-main-header-display":"","ast-hfb-above-header-display":"","ast-hfb-below-header-display":"","ast-hfb-mobile-header-display":"","site-post-title":"","ast-breadcrumbs-content":"","ast-featured-img":"","footer-sml-layout":"","ast-disable-related-posts":"","theme-transparent-header-meta":"default","adv-header-id-meta":"","stick-header-meta":"","header-above-stick-meta":"","header-main-stick-meta":"","header-below-stick-meta":"","astra-migrate-meta-layouts":"set","ast-page-background-enabled":"default","ast-page-background-meta":{"desktop":{"background-color":"","background-image":"","background-repeat":"repeat","background-position":"center center","background-size":"auto","background-attachment":"scroll","background-type":"","background-media":"","overlay-type":"","overlay-color":"","overlay-opacity":"","overlay-gradient":""},"tablet":{"background-color":"","background-image":"","background-repeat":"repeat","background-position":"center center","background-size":"auto","background-attachment":"scroll","background-type":"","background-media":"","overlay-type":"","overlay-color":"","overlay-opacity":"","overlay-gradient":""},"mobile":{"background-color":"","background-image":"","background-repeat":"repeat","background-position":"center center","background-size":"auto","background-attachment":"scroll","background-type":"","background-media":"","overlay-type":"","overlay-color":"","overlay-opacity":"","overlay-gradient":""}},"ast-content-background-meta":{"desktop":{"background-color":"var(--ast-global-color-5)","background-image":"","background-repeat":"repeat","background-position":"center center","background-size":"auto","background-attachment":"scroll","background-type":"","background-media":"","overlay-type":"","overlay-color":"","overlay-opacity":"","overlay-gradient":""},"tablet":{"background-color":"var(--ast-global-color-5)","background-image":"","background-repeat":"repeat","background-position":"center center","background-size":"auto","background-attachment":"scroll","background-type":"","background-media":"","overlay-type":"","overlay-color":"","overlay-opacity":"","overlay-gradient":""},"mobile":{"background-color":"var(--ast-global-color-5)","background-image":"","background-repeat":"repeat","background-position":"center center","background-size":"auto","background-attachment":"scroll","background-type":"","background-media":"","overlay-type":"","overlay-color":"","overlay-opacity":"","overlay-gradient":""}},"_joinchat":{"telephone":"+8617776015835"}},"product_brand":[],"product_cat":[140,67,150,154,160,142,146],"product_tag":[165,105,97,166,94,207,208],"class_list":{"0":"post-3394","1":"product","2":"type-product","3":"status-publish","4":"has-post-thumbnail","6":"product_cat-big-puffs-disposable-vapes","7":"product_cat-30000-puff","8":"product_cat-buy-disposable-vapes-in-belgium","9":"product_cat-buy-disposable-vapes-in-netherlands","10":"product_cat-buy-disposable-vapes-in-switzerland","11":"product_cat-digital-box-disposable-vapes","12":"product_cat-rechargeable-disposable-vapes","13":"product_tag-cheap-vapes","14":"product_tag-digital-disposable-vape","15":"product_tag-hot-sale-disposable-vape","16":"product_tag-low-nicotine-vape","17":"product_tag-rechargeable-disposable-vape","18":"product_tag-vookbar-cyber-pro-30000","19":"product_tag-vookbar-vape","20":"desktop-align-left","21":"tablet-align-left","22":"mobile-align-left","24":"first","25":"instock","26":"sale","27":"shipping-taxable","28":"purchasable","29":"product-type-simple"},"acf":[],"uagb_featured_image_src":{"full":["https:\/\/vapestornado.com\/wp-content\/uploads\/2024\/12\/Vookbar-Cyber-\u200b\u200bPro-30k-Vape-Wholesale.jpg",1000,1000,false],"thumbnail":["https:\/\/vapestornado.com\/wp-content\/uploads\/2024\/12\/Vookbar-Cyber-\u200b\u200bPro-30k-Vape-Wholesale-150x150.jpg",150,150,true],"medium":["https:\/\/vapestornado.com\/wp-content\/uploads\/2024\/12\/Vookbar-Cyber-\u200b\u200bPro-30k-Vape-Wholesale-300x300.jpg",300,300,true],"medium_large":["https:\/\/vapestornado.com\/wp-content\/uploads\/2024\/12\/Vookbar-Cyber-\u200b\u200bPro-30k-Vape-Wholesale-768x768.jpg",768,768,true],"large":["https:\/\/vapestornado.com\/wp-content\/uploads\/2024\/12\/Vookbar-Cyber-\u200b\u200bPro-30k-Vape-Wholesale.jpg",1000,1000,false],"1536x1536":["https:\/\/vapestornado.com\/wp-content\/uploads\/2024\/12\/Vookbar-Cyber-\u200b\u200bPro-30k-Vape-Wholesale.jpg",1000,1000,false],"2048x2048":["https:\/\/vapestornado.com\/wp-content\/uploads\/2024\/12\/Vookbar-Cyber-\u200b\u200bPro-30k-Vape-Wholesale.jpg",1000,1000,false],"trp-custom-language-flag":["https:\/\/vapestornado.com\/wp-content\/uploads\/2024\/12\/Vookbar-Cyber-\u200b\u200bPro-30k-Vape-Wholesale.jpg",12,12,false],"woocommerce_thumbnail":["https:\/\/vapestornado.com\/wp-content\/uploads\/2024\/12\/Vookbar-Cyber-\u200b\u200bPro-30k-Vape-Wholesale-300x300.jpg",300,300,true],"woocommerce_single":["https:\/\/vapestornado.com\/wp-content\/uploads\/2024\/12\/Vookbar-Cyber-\u200b\u200bPro-30k-Vape-Wholesale-600x600.jpg",600,600,true],"woocommerce_gallery_thumbnail":["https:\/\/vapestornado.com\/wp-content\/uploads\/2024\/12\/Vookbar-Cyber-\u200b\u200bPro-30k-Vape-Wholesale-100x100.jpg",100,100,true]},"uagb_author_info":{"display_name":"ESAMY","author_link":"https:\/\/vapestornado.com\/ro\/author\/"},"uagb_comment_info":0,"uagb_excerpt":"Hot Vookbar Cyber Pro 30000 Puffs 2% Low Nicotine Disposable Vape Vookbar Vape Cyber Pro 30000 Puffs Digital Display Disposable Vape Bulk Buy Vookbar Cyber Pro 30k Touch Rechargeable Disposable Vape Wholesale Add Amy's whatsapp get right reply and vape coupon! WhatsApp: +86 17776015835 &nbsp;","_links":{"self":[{"href":"https:\/\/vapestornado.com\/ro\/wp-json\/wp\/v2\/product\/3394","targetHints":{"allow":["GET"]}}],"collection":[{"href":"https:\/\/vapestornado.com\/ro\/wp-json\/wp\/v2\/product"}],"about":[{"href":"https:\/\/vapestornado.com\/ro\/wp-json\/wp\/v2\/types\/product"}],"replies":[{"embeddable":true,"href":"https:\/\/vapestornado.com\/ro\/wp-json\/wp\/v2\/comments?post=3394"}],"wp:featuredmedia":[{"embeddable":true,"href":"https:\/\/vapestornado.com\/ro\/wp-json\/wp\/v2\/media\/3388"}],"wp:attachment":[{"href":"https:\/\/vapestornado.com\/ro\/wp-json\/wp\/v2\/media?parent=3394"}],"wp:term":[{"taxonomy":"product_brand","embeddable":true,"href":"https:\/\/vapestornado.com\/ro\/wp-json\/wp\/v2\/product_brand?post=3394"},{"taxonomy":"product_cat","embeddable":true,"href":"https:\/\/vapestornado.com\/ro\/wp-json\/wp\/v2\/product_cat?post=3394"},{"taxonomy":"product_tag","embeddable":true,"href":"https:\/\/vapestornado.com\/ro\/wp-json\/wp\/v2\/product_tag?post=3394"}],"curies":[{"name":"wp","href":"https:\/\/api.w.org\/{rel}","templated":true}]}}