{"id":3386,"date":"2024-12-26T06:35:55","date_gmt":"2024-12-26T06:35:55","guid":{"rendered":"https:\/\/vapestornado.com\/?post_type=product&#038;p=3386"},"modified":"2025-08-23T08:57:06","modified_gmt":"2025-08-23T08:57:06","slug":"bood-30k-puffs-geek-bar-cheap-price-rechargeable-vape","status":"publish","type":"product","link":"https:\/\/vapestornado.com\/ro\/product\/bood-30k-puffs-geek-bar-cheap-price-rechargeable-vape\/","title":{"rendered":"BOOD 30k Puffs Geek Bar Vape Re\u00eenc\u0103rcabil la Pre\u021b Mic"},"content":{"rendered":"<h1>BOOD INFINITY 30k Puffs Geek Bar Pre\u021b Ieftin \u021aigar\u0103 Electronic\u0103 Re\u00eenc\u0103rcabil\u0103<\/h1>\n<p>&nbsp;<\/p>\n<div role=\"article\" data-tabster=\"{&quot;groupper&quot;:{&quot;tabbability&quot;:2},&quot;focusable&quot;:{}}\" data-content=\"ai-message\" aria-labelledby=\"64JRvXrTnY7mRmPkEQLLT-author 64JRvXrTnY7mRmPkEQLLT-content\">\n<div id=\"64JRvXrTnY7mRmPkEQLLT-content\">\n<p data-start=\"300\" data-end=\"543\">Sistemul <strong data-start=\"304\" data-end=\"358\">BOOD INFINITY 30000 Pufuri \u021aigar\u0103 Electronic\u0103 de Unic\u0103 Folosin\u021b\u0103 Geek Bar<\/strong> combin\u0103 capacitatea, stilul \u0219i performan\u021ba \u00eentr-un singur dispozitiv puternic. Cu p\u00e2n\u0103 la <strong data-start=\"436\" data-end=\"452\">30.000 de pufuri<\/strong> \u0219i o <strong data-start=\"459\" data-end=\"490\">baterie re\u00eenc\u0103rcabil\u0103 de 650mAh<\/strong>, asigur\u0103 o utilizare de lung\u0103 durat\u0103, reduc\u00e2nd \u00een acela\u0219i timp de\u0219eurile.<\/p>\n<p data-start=\"545\" data-end=\"844\">Echipat cu un <strong data-start=\"562\" data-end=\"600\">E-lichid<\/strong>, utilizatorii pot verifica nivelul bateriei \u0219i al e-lichidului \u00een timp real pentru o experien\u021b\u0103 f\u0103r\u0103 probleme. Sistemul <strong data-start=\"693\" data-end=\"718\">sistem cu bobin\u0103 dubl\u0103 de plas\u0103<\/strong> \u00eembun\u0103t\u0103\u021be\u0219te densitatea vaporilor \u0219i consisten\u021ba aromei, \u00een timp ce <strong data-start=\"776\" data-end=\"798\">flux de aer reglabil<\/strong> permite fiec\u0103rui utilizator s\u0103 \u00ee\u0219i personalizeze inhalarea.<\/p>\n<p data-start=\"846\" data-end=\"1065\">Compact\u0103 \u0219i durabil\u0103, \u021bigara electronic\u0103 de unic\u0103 folosin\u021b\u0103 <strong data-start=\"871\" data-end=\"908\">BOOD INFINITY 30K<\/strong> ofer\u0103 nori fini \u0219i gust bogat, ceea ce o face o alegere practic\u0103 pentru angrosi\u0219ti, comercian\u021bi cu am\u0103nuntul \u0219i utilizatori individuali care caut\u0103 \u021big\u0103ri electronice de mare capacitate fiabile.<\/p>\n<\/div>\n<\/div>\n<p><img fetchpriority=\"high\" decoding=\"async\" class=\"alignleft wp-image-2951 size-medium\" src=\"https:\/\/vapestornado.com\/wp-content\/uploads\/2024\/12\/Wholesale-Disposable-Vape-265x300.jpg\" alt=\"Vape de unic\u0103 folosin\u021b\u0103 en-gros\" width=\"265\" height=\"300\" srcset=\"https:\/\/vapestornado.com\/wp-content\/uploads\/2024\/12\/Wholesale-Disposable-Vape-265x300.jpg 265w, https:\/\/vapestornado.com\/wp-content\/uploads\/2024\/12\/Wholesale-Disposable-Vape-768x871.jpg 768w, https:\/\/vapestornado.com\/wp-content\/uploads\/2024\/12\/Wholesale-Disposable-Vape-600x680.jpg 600w, https:\/\/vapestornado.com\/wp-content\/uploads\/2024\/12\/Wholesale-Disposable-Vape.jpg 823w\" sizes=\"(max-width: 265px) 100vw, 265px\" \/><\/p>\n<h6>Contacta\u021bi-o pe Mandy pe WhatsApp pentru pre\u021b redus:<a href=\"https:\/\/wa.me\/8618077105796\" target=\"_blank\" rel=\"noopener\">+8618077105796<\/a><\/h6>\n<div class=\"flex max-w-full flex-col flex-grow\">\n<div class=\"min-h-8 text-message flex w-full flex-col items-end gap-2 whitespace-normal break-words text-start [.text-message+&amp;]:mt-5\" dir=\"auto\" data-message-author-role=\"assistant\" data-message-id=\"cdb991c0-f594-4bff-b2d5-fbbdd7ce9e54\" data-message-model-slug=\"gpt-4o-mini\">\n<div class=\"flex w-full flex-col gap-1 empty:hidden first:pt-[3px]\">\n<div class=\"markdown prose w-full break-words dark:prose-invert light\"><\/div>\n<\/div>\n<\/div>\n<\/div>\n<div class=\"mb-2 flex gap-3 empty:hidden -ml-2\">\n<h2><strong>Specifica\u021bii \u021aigar\u0103 Electronic\u0103 BOOD INFINITY 30K PUFF<\/strong><\/h2>\n<ul>\n<li><strong>Capacitate Masiv\u0103 de 30K Pufuri<\/strong>: Conceput\u0103 pentru sesiuni extinse de vaping, oferind p\u00e2n\u0103 la 30.000 de pufuri pentru o experien\u021b\u0103 cu adev\u0103rat de lung\u0103 durat\u0103.<\/li>\n<li><strong>E-lichid<\/strong>: Dispune de un afi\u0219aj integrat pentru a \u021bine eviden\u021ba nivelurilor de e-lichid \u0219i a duratei de via\u021b\u0103 a bateriei, asigur\u00e2nd o utilizare continu\u0103, f\u0103r\u0103 \u00eentreruperi.<\/li>\n<li><strong>Tehnologie Avansat\u0103 cu Rezisten\u021b\u0103 Dubl\u0103 Mesh<\/strong>: Ofer\u0103 o intensitate a aromei sporit\u0103, o produc\u021bie de vapori fin\u0103 \u0219i o senza\u021bie pl\u0103cut\u0103 \u00een g\u00e2t cu fiecare puf.<\/li>\n<li><strong>Design Re\u00eenc\u0103rcabil cu Compatibilitate USB<\/strong>: Construit\u0103 cu un sistem re\u00eenc\u0103rcabil ecologic, elimin\u00e2nd necesitatea \u00eenlocuirilor frecvente.<\/li>\n<li><strong>Baterie de Mare Capacitate de 650mAh<\/strong>: Ofer\u0103 putere fiabil\u0103 \u0219i constant\u0103, al\u0103turi de \u00eenc\u0103rcare rapid\u0103 pentru un confort maxim.<\/li>\n<\/ul>\n<\/div>\n<h2>Lista de arome pentru cump\u0103rare \u00een vrac \u021bigar\u0103 electronic\u0103 bood 30k Puffs:<\/h2>\n<p>1 C\u0102P\u0218UNI PEPENE VERDE<br \/>\n2 MANGO PIERSIC\u0102 ANANAS<br \/>\n3 GHEA\u021a\u0102 EXUBERANT\u0102<br \/>\n4 EXPLOZIE DE FRUCTE DE P\u0102DURE<br \/>\n5 C\u0102P\u0218UNI KIWI<br \/>\n6 HAWAII<br \/>\n7 GHEA\u021a\u0102 CU ZMEUR\u0102 ALBASTR\u0102<br \/>\n8 LIMONAD\u0102 DE AFINE<br \/>\n9 GHEA\u021a\u0102 NEAGR\u0102<br \/>\n10 TIFFANY<\/p>\n<div role=\"article\" data-tabster=\"{&quot;groupper&quot;:{&quot;tabbability&quot;:2},&quot;focusable&quot;:{}}\" data-content=\"ai-message\" aria-labelledby=\"dARUyEWDoEYhnSPXFwx5A-author dARUyEWDoEYhnSPXFwx5A-content\">\n<div id=\"dARUyEWDoEYhnSPXFwx5A-content\">\n<h3>De ce s\u0103 alegi BOOD INFINITY 30K Puffs la vapestornado.com?<\/h3>\n<p>BOOD INFINITY 30K Puffs se remarc\u0103 ca un schimb\u0103tor de joc \u00een lumea vapingului, iar vapestornado.com este destina\u021bia ta principal\u0103 pentru a te bucura de \u00eentregul s\u0103u poten\u021bial. Iat\u0103 de ce:<\/p>\n<ol>\n<li><strong>Capacitate Masiv\u0103 de Puff-uri:<\/strong> Cu o durat\u0103 de via\u021b\u0103 incredibil\u0103 de <strong>30.000 de pufuri<\/strong>, BOOD INFINITY este conceput pentru utilizare prelungit\u0103, reduc\u00e2nd nevoia de \u00eenlocuiri frecvente \u0219i oferind o valoare excep\u021bional\u0103.<\/li>\n<li><strong>Tehnologie avansat\u0103:<\/strong> Cu un <strong>Dubl\u0103 bobin\u0103 mesh<\/strong>, acest dispozitiv asigur\u0103 o produc\u021bie dens\u0103 de vapori \u0219i arome bogate \u0219i consistente, \u00eembun\u0103t\u0103\u021bind fiecare puf pentru o experien\u021b\u0103 de vaping premium.<\/li>\n<li><strong>Monitorizare inteligent\u0103:<\/strong> Sistemul <strong>Indicatorul de e-lichid \u0219i baterie<\/strong> ofer\u0103 actualiz\u0103ri \u00een timp real despre nivelul de e-lichid \u0219i starea bateriei, asigur\u00e2ndu-v\u0103 c\u0103 ave\u021bi \u00eentotdeauna controlul asupra vape-ului dumneavoastr\u0103.<\/li>\n<li><strong>Experien\u021b\u0103 personalizabil\u0103:<\/strong> Cu un sistem de control al fluxului de aer <strong>sistemul de flux de aer reglabil<\/strong>, v\u0103 pute\u021bi adapta stilul de vaping pentru a se potrivi preferin\u021belor dumneavoastr\u0103, indiferent dac\u0103 prefera\u021bi o tragere mai str\u00e2ns\u0103 sau un flux de aer mai deschis.<\/li>\n<li><strong>Design ecologic:<\/strong> Echipat cu un <strong>baterie re\u00eenc\u0103rcabil\u0103 de 650mAh<\/strong>Cu o construc\u021bie durabil\u0103 \u0219i o baterie re\u00eenc\u0103rcabil\u0103<\/li>\n<li><strong>, BOOD INFINITY sus\u021bine practici de vaping sustenabile, minimiz\u00e2nd de\u0219eurile.<\/strong> Pre\u021b competitiv: <strong>pre\u021bul mic<\/strong>La vapestornado.com, oferim acest dispozitiv de \u00eenalt\u0103 performan\u021b\u0103 la un pre\u021b accesibil<\/li>\n<li><strong>, asigur\u00e2ndu-v\u0103 c\u0103 ob\u021bine\u021bi o calitate premium f\u0103r\u0103 a v\u0103 afecta bugetul.<\/strong> Livrare rapid\u0103 \u0219i de \u00eencredere:<\/li>\n<\/ol>\n<p>Toate comenzile sunt expediate rapid \u0219i \u00een siguran\u021b\u0103, cu op\u021biuni de livrare pentru a v\u0103 satisface nevoile.<\/p>\n<\/div>\n<\/div>\n<h3>\u00centreb\u0103ri frecvente despre BOOD INFINITY 30k Puffs<\/h3>\n<p><strong>1. C\u00e2t timp dureaz\u0103 BOOD INFINITY 30K Puffs?<\/strong><br \/>\nBOOD INFINITY este proiectat s\u0103 ofere p\u00e2n\u0103 la 30.000 de pufuri, fiind o alegere excelent\u0103 pentru utilizarea pe termen lung f\u0103r\u0103 \u00eenlocuiri frecvente. Timpul real de utilizare poate varia \u00een func\u021bie de obiceiurile individuale de vapat.<\/p>\n<p><strong>2. Vapoul BOOD 30000 de pufuri necesit\u0103 \u00eenc\u0103rcare?<\/strong><br \/>\nDa, BOOD INFINITY are o baterie re\u00eenc\u0103rcabil\u0103 <strong>baterie de 650 mAh<\/strong> pentru a asigura o performan\u021b\u0103 constant\u0103. Pur \u0219i simplu utiliza\u021bi un cablu de \u00eenc\u0103rcare compatibil pentru a re\u00eenc\u0103rca dispozitivul atunci c\u00e2nd este necesar.<\/p>\n<p><strong>3. Ce face ca BOOD INFINITY 30k Puffs s\u0103 fie unic \u00een compara\u021bie cu alte vape-uri de unic\u0103 folosin\u021b\u0103?<\/strong><br \/>\nAcest vape se remarc\u0103 datorit\u0103 ecranului s\u0103u <strong>Indicatorul de e-lichid \u0219i baterie<\/strong>, care permite utilizatorilor s\u0103 monitorizeze cu u\u0219urin\u021b\u0103 at\u00e2t nivelul de e-lichid, c\u00e2t \u0219i durata de via\u021b\u0103 a bateriei. \u00cen plus, tehnologia sa <strong>Tehnologia bobinei duble de tip Mesh<\/strong> asigur\u0103 vapori mai netezi \u0219i arome bogate la fiecare puf.<\/p>\n<p>4.<strong>C\u00e2t dureaz\u0103 s\u0103 primesc comanda mea \u0219i de unde este expediat\u0103?<\/strong><br \/>\nProduc\u021bia BOOD INFINITY necesit\u0103 <strong>3-5 zile lucr\u0103toare<\/strong>, iar dup\u0103 expediere, dureaz\u0103 <strong>10-15 zile lucr\u0103toare<\/strong> pentru ca pachetul s\u0103 ajung\u0103. Toate produsele sunt expediate direct din <strong>China<\/strong>.<\/p>\n<p>alte \u021big\u0103ri electronice care v-ar putea pl\u0103cea:<a href=\"https:\/\/vapestornado.com\/ro\/product-category\/bood-disposable-vapes\/\">BOOD VAPE DE UNIC\u0102 FOLOSIN\u021a\u0102<\/a>\u00a0 \u00a0<a href=\"https:\/\/vapestornado.com\/ro\/product-category\/30000-puff\/\">30000 Pufuri \u021bigar\u0103 electronic\u0103 la v\u00e2nzare\u00a0<\/a><\/p>","protected":false},"excerpt":{"rendered":"<p>BOOD 30k Puffs Geek Bar Vape: \u021bigar\u0103 electronic\u0103 re\u00eenc\u0103rcabil\u0103, accesibil\u0103, cu 30.000 de pufuri. Cump\u0103r\u0103 acum pentru calitate premium la cel mai bun pre\u021b!<\/p>\n<figure id=\"attachment_2951\" aria-describedby=\"caption-attachment-2951\" style=\"width: 265px\" class=\"wp-caption alignnone\"><img decoding=\"async\" class=\"size-medium wp-image-2951\" src=\"https:\/\/vapestornado.com\/wp-content\/uploads\/2024\/12\/Wholesale-Disposable-Vape-265x300.jpg\" alt=\"Vape de unic\u0103 folosin\u021b\u0103 en-gros\" width=\"265\" height=\"300\" srcset=\"https:\/\/vapestornado.com\/wp-content\/uploads\/2024\/12\/Wholesale-Disposable-Vape-265x300.jpg 265w, https:\/\/vapestornado.com\/wp-content\/uploads\/2024\/12\/Wholesale-Disposable-Vape-768x871.jpg 768w, https:\/\/vapestornado.com\/wp-content\/uploads\/2024\/12\/Wholesale-Disposable-Vape-600x680.jpg 600w, https:\/\/vapestornado.com\/wp-content\/uploads\/2024\/12\/Wholesale-Disposable-Vape.jpg 823w\" sizes=\"(max-width: 265px) 100vw, 265px\" \/><figcaption id=\"caption-attachment-2951\" class=\"wp-caption-text\">V\u0103 rug\u0103m s\u0103 contacta\u021bi WhatsApp-ul lui Mandy pentru pre\u021b redus\u00a0 <a href=\"https:\/\/wa.me\/8618077105796\">+8618077105796<\/a><\/figcaption><\/figure>\n<p>&nbsp;<\/p>","protected":false},"featured_media":3495,"comment_status":"open","ping_status":"closed","template":"","meta":{"_acf_changed":false,"_uag_custom_page_level_css":"","_lmt_disableupdate":"no","_lmt_disable":"","_monsterinsights_skip_tracking":false,"_monsterinsights_sitenote_active":false,"_monsterinsights_sitenote_note":"","_monsterinsights_sitenote_category":0,"site-sidebar-layout":"default","site-content-layout":"","ast-site-content-layout":"default","site-content-style":"default","site-sidebar-style":"default","ast-global-header-display":"","ast-banner-title-visibility":"","ast-main-header-display":"","ast-hfb-above-header-display":"","ast-hfb-below-header-display":"","ast-hfb-mobile-header-display":"","site-post-title":"","ast-breadcrumbs-content":"","ast-featured-img":"","footer-sml-layout":"","ast-disable-related-posts":"","theme-transparent-header-meta":"default","adv-header-id-meta":"","stick-header-meta":"","header-above-stick-meta":"","header-main-stick-meta":"","header-below-stick-meta":"","astra-migrate-meta-layouts":"set","ast-page-background-enabled":"default","ast-page-background-meta":{"desktop":{"background-color":"","background-image":"","background-repeat":"repeat","background-position":"center center","background-size":"auto","background-attachment":"scroll","background-type":"","background-media":"","overlay-type":"","overlay-color":"","overlay-opacity":"","overlay-gradient":""},"tablet":{"background-color":"","background-image":"","background-repeat":"repeat","background-position":"center center","background-size":"auto","background-attachment":"scroll","background-type":"","background-media":"","overlay-type":"","overlay-color":"","overlay-opacity":"","overlay-gradient":""},"mobile":{"background-color":"","background-image":"","background-repeat":"repeat","background-position":"center center","background-size":"auto","background-attachment":"scroll","background-type":"","background-media":"","overlay-type":"","overlay-color":"","overlay-opacity":"","overlay-gradient":""}},"ast-content-background-meta":{"desktop":{"background-color":"var(--ast-global-color-5)","background-image":"","background-repeat":"repeat","background-position":"center center","background-size":"auto","background-attachment":"scroll","background-type":"","background-media":"","overlay-type":"","overlay-color":"","overlay-opacity":"","overlay-gradient":""},"tablet":{"background-color":"var(--ast-global-color-5)","background-image":"","background-repeat":"repeat","background-position":"center center","background-size":"auto","background-attachment":"scroll","background-type":"","background-media":"","overlay-type":"","overlay-color":"","overlay-opacity":"","overlay-gradient":""},"mobile":{"background-color":"var(--ast-global-color-5)","background-image":"","background-repeat":"repeat","background-position":"center center","background-size":"auto","background-attachment":"scroll","background-type":"","background-media":"","overlay-type":"","overlay-color":"","overlay-opacity":"","overlay-gradient":""}},"_joinchat":{"telephone":"+8618077105796"}},"product_brand":[],"product_cat":[67,64,140,193,149,150,151,152,153,154,155,156,157,158,58],"product_tag":[209,97],"class_list":{"0":"post-3386","1":"product","2":"type-product","3":"status-publish","4":"has-post-thumbnail","6":"product_cat-30000-puff","7":"product_cat-bangbox-vape","8":"product_cat-big-puffs-disposable-vapes","9":"product_cat-bood-disposable-vapes","10":"product_cat-buy-disposable-vapes-in-austria","11":"product_cat-buy-disposable-vapes-in-belgium","12":"product_cat-buy-disposable-vapes-in-france","13":"product_cat-buy-disposable-vapes-in-cermany","14":"product_cat-buy-disposable-vapes-in-italy","15":"product_cat-buy-disposable-vapes-in-netherlands","16":"product_cat-buy-disposable-vapes-in-norway","17":"product_cat-buy-disposable-vapes-in-poland","18":"product_cat-buy-disposable-vapes-in-portugal","19":"product_cat-buy-disposable-vapes-in-spain","20":"product_cat-fumot-vape","21":"product_tag-bood-infinity-30k-puffs","22":"product_tag-hot-sale-disposable-vape","23":"desktop-align-left","24":"tablet-align-left","25":"mobile-align-left","27":"first","28":"instock","29":"sale","30":"shipping-taxable","31":"purchasable","32":"product-type-simple"},"acf":[],"uagb_featured_image_src":{"full":["https:\/\/vapestornado.com\/wp-content\/uploads\/2024\/12\/bood-infinity-30k-blue-razz-ice-cheap-price.jpg",800,800,false],"thumbnail":["https:\/\/vapestornado.com\/wp-content\/uploads\/2024\/12\/bood-infinity-30k-blue-razz-ice-cheap-price-150x150.jpg",150,150,true],"medium":["https:\/\/vapestornado.com\/wp-content\/uploads\/2024\/12\/bood-infinity-30k-blue-razz-ice-cheap-price-300x300.jpg",300,300,true],"medium_large":["https:\/\/vapestornado.com\/wp-content\/uploads\/2024\/12\/bood-infinity-30k-blue-razz-ice-cheap-price-768x768.jpg",768,768,true],"large":["https:\/\/vapestornado.com\/wp-content\/uploads\/2024\/12\/bood-infinity-30k-blue-razz-ice-cheap-price.jpg",800,800,false],"1536x1536":["https:\/\/vapestornado.com\/wp-content\/uploads\/2024\/12\/bood-infinity-30k-blue-razz-ice-cheap-price.jpg",800,800,false],"2048x2048":["https:\/\/vapestornado.com\/wp-content\/uploads\/2024\/12\/bood-infinity-30k-blue-razz-ice-cheap-price.jpg",800,800,false],"trp-custom-language-flag":["https:\/\/vapestornado.com\/wp-content\/uploads\/2024\/12\/bood-infinity-30k-blue-razz-ice-cheap-price.jpg",12,12,false],"woocommerce_thumbnail":["https:\/\/vapestornado.com\/wp-content\/uploads\/2024\/12\/bood-infinity-30k-blue-razz-ice-cheap-price-300x300.jpg",300,300,true],"woocommerce_single":["https:\/\/vapestornado.com\/wp-content\/uploads\/2024\/12\/bood-infinity-30k-blue-razz-ice-cheap-price-600x600.jpg",600,600,true],"woocommerce_gallery_thumbnail":["https:\/\/vapestornado.com\/wp-content\/uploads\/2024\/12\/bood-infinity-30k-blue-razz-ice-cheap-price-100x100.jpg",100,100,true]},"uagb_author_info":{"display_name":"ESMANDY","author_link":"https:\/\/vapestornado.com\/ro\/author\/"},"uagb_comment_info":0,"uagb_excerpt":"BOOD 30k Puffs Geek Bar Vape: Rechargeable, affordable vape with 30,000 puffs. Shop now for premium quality at the best price! [caption id=\"attachment_2951\" align=\"alignnone\" width=\"265\"] Pls Contact Mandy's WhatsApp For Discount Price\u00a0 +8618077105796[\/caption] &nbsp;","_links":{"self":[{"href":"https:\/\/vapestornado.com\/ro\/wp-json\/wp\/v2\/product\/3386","targetHints":{"allow":["GET"]}}],"collection":[{"href":"https:\/\/vapestornado.com\/ro\/wp-json\/wp\/v2\/product"}],"about":[{"href":"https:\/\/vapestornado.com\/ro\/wp-json\/wp\/v2\/types\/product"}],"replies":[{"embeddable":true,"href":"https:\/\/vapestornado.com\/ro\/wp-json\/wp\/v2\/comments?post=3386"}],"wp:featuredmedia":[{"embeddable":true,"href":"https:\/\/vapestornado.com\/ro\/wp-json\/wp\/v2\/media\/3495"}],"wp:attachment":[{"href":"https:\/\/vapestornado.com\/ro\/wp-json\/wp\/v2\/media?parent=3386"}],"wp:term":[{"taxonomy":"product_brand","embeddable":true,"href":"https:\/\/vapestornado.com\/ro\/wp-json\/wp\/v2\/product_brand?post=3386"},{"taxonomy":"product_cat","embeddable":true,"href":"https:\/\/vapestornado.com\/ro\/wp-json\/wp\/v2\/product_cat?post=3386"},{"taxonomy":"product_tag","embeddable":true,"href":"https:\/\/vapestornado.com\/ro\/wp-json\/wp\/v2\/product_tag?post=3386"}],"curies":[{"name":"wp","href":"https:\/\/api.w.org\/{rel}","templated":true}]}}