{"id":3385,"date":"2024-12-26T03:09:17","date_gmt":"2024-12-26T03:09:17","guid":{"rendered":"https:\/\/vapestornado.com\/?post_type=product&#038;p=3385"},"modified":"2025-08-23T11:12:32","modified_gmt":"2025-08-23T11:12:32","slug":"wga-crystal-plus-20000-puff-vape-2-in-1-rechargeable-disposable-vape-wholesale-bulk-buy","status":"publish","type":"product","link":"https:\/\/vapestornado.com\/ro\/product\/wga-crystal-plus-20000-puff-vape-2-in-1-rechargeable-disposable-vape-wholesale-bulk-buy\/","title":{"rendered":"WGA Crystal Plus 20000 Puff Vape 2 \u00een 1 Vape Re\u00eenc\u0103rcabil\u0103 de Unic\u0103 Folosin\u021b\u0103 Cump\u0103rare \u00een Vrac V\u00e2nzare cu Ridicata"},"content":{"rendered":"<h1 class=\"product-title\">WGA Crystal Plus 20000 Puff Vape 2 \u00een 1 Vape Re\u00eenc\u0103rcabil\u0103 de Unic\u0103 Folosin\u021b\u0103 Cump\u0103rare \u00een Vrac V\u00e2nzare cu Ridicata<\/h1>\n<p data-start=\"239\" data-end=\"582\">Sistemul <strong data-start=\"243\" data-end=\"275\">WGA Crystal Plus 20000 Pufuri<\/strong> este o op\u021biune practic\u0103 2-\u00een-1 pentru <strong data-start=\"309\" data-end=\"360\">comercian\u021bii cu am\u0103nuntul, distribuitorii \u0219i cump\u0103r\u0103torii angro B2B din UE<\/strong> care doresc varietate f\u0103r\u0103 a de\u021bine SKU-uri suplimentare. Fiecare dispozitiv ofer\u0103 p\u00e2n\u0103 la <strong data-start=\"433\" data-end=\"449\">20.000 de pufuri<\/strong> \u0219i permite clien\u021bilor <strong data-start=\"469\" data-end=\"511\">s\u0103 comute \u00eentre dou\u0103 arome pre-umplute<\/strong> instantaneu - ideal pentru magazinele care servesc profiluri de gust mixte \u00eentr-un singur produs.<\/p>\n<p data-start=\"584\" data-end=\"988\">A <strong data-start=\"586\" data-end=\"616\">Design re\u00eenc\u0103rcabil Type-C<\/strong> ajut\u0103 la asigurarea utiliz\u0103rii complete a cartu\u0219ului, reduc\u00e2nd de\u0219eurile de e-lichid \u0219i return\u0103rile. Corpul de cristal este compact pentru afi\u0219ajele de tejghea \u0219i transportul \u00een buzunar, \u00een timp ce ie\u0219irea curat\u0103 a aromei sprijin\u0103 v\u00e2nz\u0103rile repetate \u00een canalele de specialitate pentru confort \u0219i vape. <strong data-start=\"850\" data-end=\"881\">Concentra\u021bii multiple de nicotin\u0103<\/strong> (disponibilitatea variaz\u0103 \u00een func\u021bie de pia\u021b\u0103) fac ca linia s\u0103 fie potrivit\u0103 at\u00e2t pentru utilizatorii ocazionali, c\u00e2t \u0219i pentru cei obi\u0219nui\u021bi din Europa.<\/p>\n<p data-start=\"990\" data-end=\"1021\"><strong data-start=\"990\" data-end=\"1021\">De ce func\u021bioneaz\u0103 pentru v\u00e2nzarea cu ridicata:<\/strong><\/p>\n<ul data-start=\"1022\" data-end=\"1325\">\n<li data-start=\"1022\" data-end=\"1079\">\n<p data-start=\"1024\" data-end=\"1079\"><strong data-start=\"1024\" data-end=\"1037\">20K pufuri<\/strong> per unitate pentru cicluri de v\u00e2nzare mai lungi<\/p>\n<\/li>\n<li data-start=\"1080\" data-end=\"1157\">\n<p data-start=\"1082\" data-end=\"1157\"><strong data-start=\"1082\" data-end=\"1105\">Arom\u0103 dubl\u0103 2-\u00een-1<\/strong> comutare = atractivitate mai larg\u0103, mai pu\u021bine variante de stocat<\/p>\n<\/li>\n<li data-start=\"1158\" data-end=\"1238\">\n<p data-start=\"1160\" data-end=\"1238\"><strong data-start=\"1160\" data-end=\"1187\">Re\u00eenc\u0103rcabil prin Type-C<\/strong> pentru o utilizare mai bun\u0103 \u0219i satisfac\u021bia clien\u021bilor<\/p>\n<\/li>\n<li data-start=\"1239\" data-end=\"1325\">\n<p data-start=\"1241\" data-end=\"1325\"><strong data-start=\"1241\" data-end=\"1284\">Ambalare optimizat\u0103 pentru cantit\u0103\u021bi mari<\/strong>, adaptat pentru comercian\u021bii cu am\u0103nuntul \u0219i distribuitorii din UE<\/p>\n<\/li>\n<\/ul>\n<p><span style=\"color: #ff0000;\"><strong>Adaug\u0103 r\u0103spunsul corect de pe Whatsapp al lui Amy \u0219i cuponul de vape!<\/strong><\/span><\/p>\n<p><img fetchpriority=\"high\" decoding=\"async\" class=\"size-full wp-image-2932\" src=\"https:\/\/vapestornado.com\/wp-content\/uploads\/2024\/12\/Vape-Wholesale.jpg\" alt=\"\u021aig\u0103ri electronice cu ridicata\" width=\"229\" height=\"300\" \/><\/p>\n<h3><a href=\"https:\/\/wa.me\/8617776015835\" target=\"_blank\" rel=\"noopener\"><span style=\"color: #ff0000;\"><strong>WhatsApp: +86 17776015835<\/strong><\/span><\/a><\/h3>\n<p>&nbsp;<\/p>\n<h2 class=\"product-title\">WGA Crystal Plus 20000 Vape de unic\u0103 folosin\u021b\u0103<strong> Caracteristicile produsului<\/strong><\/h2>\n<div role=\"article\" data-tabster=\"{&quot;groupper&quot;:{&quot;tabbability&quot;:2},&quot;focusable&quot;:{}}\" data-content=\"ai-message\" aria-labelledby=\"juhNTJ6o7Gk1cgwZMJgv2-author juhNTJ6o7Gk1cgwZMJgv2-content\">\n<div id=\"juhNTJ6o7Gk1cgwZMJgv2-content\">\n<div role=\"article\" data-tabster=\"{&quot;groupper&quot;:{&quot;tabbability&quot;:2},&quot;focusable&quot;:{}}\" data-content=\"ai-message\" aria-labelledby=\"x4EZuCZWrTbh3weWUt7CU-author x4EZuCZWrTbh3weWUt7CU-content\">\n<div id=\"x4EZuCZWrTbh3weWUt7CU-content\">\n<div class=\"flex max-w-full flex-col flex-grow\">\n<div class=\"min-h-8 text-message flex w-full flex-col items-end gap-2 whitespace-normal break-words text-start [.text-message+&amp;]:mt-5\" dir=\"auto\" data-message-author-role=\"assistant\" data-message-id=\"52c6e00a-252f-4104-805d-2f1a84739c71\" data-message-model-slug=\"gpt-4o\">\n<div class=\"flex w-full flex-col gap-1 empty:hidden first:pt-[3px]\">\n<div class=\"markdown prose w-full break-words dark:prose-invert light\">\n<h4><\/h4>\n<h4><strong>Capacitate de pufuri de neegalat<\/strong><\/h4>\n<p>Cu <strong>20.000 de pufuri<\/strong>, Crystal Plus asigur\u0103 o utilizare de lung\u0103 durat\u0103, f\u0103c\u00e2ndu-l un companion de \u00eencredere pentru sesiuni extinse de vaping.<\/p>\n<h4><strong>Afi\u0219aj LCD clar<\/strong><\/h4>\n<p>Dispozitivul dispune de un <strong>ecran LCD extrem de clar<\/strong> care v\u0103 \u021bine la curent cu starea bateriei \u0219i nivelurile de e-lichid, elimin\u00e2nd presupunerile.<\/p>\n<h4><strong>Baterie re\u00eenc\u0103rcabil\u0103 de 650 mAh<\/strong><\/h4>\n<p>Alimentat de o <strong>baterie re\u00eenc\u0103rcabil\u0103 de 650mAh<\/strong>, acest vape este proiectat pentru longevitate \u0219i comoditate. Portul de \u00eenc\u0103rcare <strong>USB Type-C<\/strong> asigur\u0103 o re\u00eenc\u0103rcare rapid\u0103 \u0219i eficient\u0103, astfel \u00eenc\u00e2t s\u0103 pute\u021bi petrece mai mult timp vapo\u00e2nd \u0219i mai pu\u021bin timp a\u0219tept\u00e2nd.<\/p>\n<h4><strong>Tehnologie cu bobin\u0103 dubl\u0103 tip plas\u0103<\/strong><\/h4>\n<p>Echipat cu tehnologie avansat\u0103 <strong>rezisten\u021be dual mesh<\/strong>, Crystal Plus ofer\u0103 vapori fini \u0219i constan\u021bi \u0219i o arom\u0103 bogat\u0103 la fiecare inhalare. Aceast\u0103 tehnologie \u00eembun\u0103t\u0103\u021be\u0219te eficien\u021ba e-lichidului \u0219i asigur\u0103 o experien\u021b\u0103 satisf\u0103c\u0103toare de vapat Mouth-to-Lung (MTL).<\/p>\n<h4><strong>18 Arome Rafinate<\/strong><\/h4>\n<p>Alege dintr-o varietate de <strong>18 arome create cu grij\u0103<\/strong>, fiecare conceput\u0103 pentru a v\u0103 \u00eenc\u00e2nta papilele gustative. De la fructat la mentolat \u0219i nu numai, exist\u0103 ceva pentru fiecare gust.<\/p>\n<h4><strong>Ambalat pentru Confort<\/strong><\/h4>\n<p>Disponibil \u00een <strong>pachete vrac de 10 unit\u0103\u021bi<\/strong>, WGA Crystal Plus este o alegere excelent\u0103 pentru angrosi\u0219ti, comercian\u021bi cu am\u0103nuntul sau oricine dore\u0219te s\u0103 se aprovizioneze cu un vape de unic\u0103 folosin\u021b\u0103 de \u00eenalt\u0103 performan\u021b\u0103.<\/p>\n<\/div>\n<\/div>\n<\/div>\n<\/div>\n<div class=\"mb-2 flex gap-3 empty:hidden -ml-2\">\n<p>&nbsp;<\/p>\n<\/div>\n<\/div>\n<\/div>\n<\/div>\n<\/div>\n<h2 class=\"product-title\"><strong>Arom\u0103 Popular\u0103 pentru Vape-urile de Unic\u0103 Folosin\u021b\u0103 WGA Crystal Plus 20000 Puff-uri<\/strong><\/h2>\n<p>1. VI\u0218INE CU ZMEUR\u0102 ALBASTR\u0102\/VI\u0218INE EFERVESCENTE<br \/>\n2. GUM\u0102 CU ZMEUR\u0102 ALBASTR\u0102\/ZMEUR\u0102 ALBASTR\u0102\u00a0 <span style=\"color: #ff0000;\"><strong>&gt;&gt;&gt;&gt; Fierbinte!<\/strong><\/span><br \/>\n3. LIMONAD\u0102 CU ZMEUR\u0102 ALBASTR\u0102\/COLA CU L\u0102M\u00c2IE<br \/>\n4. MENT\u0102 PROASP\u0102T\u0102\/MENTOL DUBLU<br \/>\n5. URSULE\u021aI GUMATI\/SKITTLES <span style=\"color: #ff0000;\"><strong>&gt;&gt;&gt;&gt; Cel mai bun!<\/strong><\/span><br \/>\n6. HEISENBERG\/OM ROZ<br \/>\n7. L\u0102M\u00c2IE<br \/>\n8. ANANAS CU GHEA\u021a\u0102\/ANANAS, PIERSIC\u0102, MANGO<br \/>\n9. ANANAS CU L\u0102M\u00c2IE\/STRUGURI CU GHEA\u021a\u0102<br \/>\n10. VIS DE VAR\u0102\/CHERRYCOLA CU GHEA\u021a\u0102<br \/>\n11. \u00ceNGHE\u021aAT\u0102 DE C\u0102P\u0218UNI\/BANANE CU C\u0102P\u0218UNI<br \/>\n12. ZMEUR\u0102 CU C\u0102P\u0218UNI \u0218I GHEA\u021a\u0102\/AFINE, VI\u0218INE, MERI\u0218OARE <span style=\"color: #ff0000;\"><strong>&gt;&gt;&gt;&gt; Fierbinte!<\/strong><\/span><br \/>\n13. MANGO TRIPLU\/KIWI, FRUCTUL PASIUNII, GUAVA<br \/>\n14. PEPENE VERDE CU GHEA\u021a\u0102\/MERE DUBLE<br \/>\n15. PEPENE VERDE HUBBA BUBBA\/AFINE HUBBA BUBBA<br \/>\n16. BANANE CU GHEA\u021a\u0102\/GUAVA CU GHEA\u021a\u0102<br \/>\n17. AFINE CU GHEA\u021a\u0102\/C\u0102P\u0218UNI CU GHEA\u021a\u0102 <span style=\"color: #ff0000;\"><strong>&gt;&gt;&gt;&gt; Fierbinte!<\/strong><\/span><br \/>\n18. \u00ceNGHE\u021aAT\u0102 PE B\u0102\u021a CU AFINE\/\u00ceNGHE\u021aAT\u0102 PE B\u0102\u021a CU C\u0102P\u0218UNI<br \/>\n19. GHEA\u021a\u0102 DE VI\u0218INE\/GHEA\u021a\u0102 DE PORTOCALE<br \/>\n20. PEACH SUCULENT\/GHEA\u021a\u0102 DE PIERSIC\u0102 \u0218I MERE <span style=\"color: #ff0000;\"><strong>&gt;&gt;&gt;&gt; Fierbinte!<\/strong><\/span><\/p>\n<div class=\"flex-shrink-0 flex flex-col relative items-end\">\n<div class=\"pt-0\">\n<div class=\"gizmo-bot-avatar flex h-8 w-8 items-center justify-center overflow-hidden rounded-full\">\n<div class=\"relative p-1 rounded-sm flex items-center justify-center bg-token-main-surface-primary text-token-text-primary h-8 w-8\">\n<figure id=\"attachment_3374\" aria-describedby=\"caption-attachment-3374\" style=\"width: 1000px\" class=\"wp-caption alignnone\"><img decoding=\"async\" class=\"wp-image-3374 size-full\" src=\"https:\/\/vapestornado.com\/wp-content\/uploads\/2024\/12\/WGA-Crystal-20K-Puffs-Disposable-Vape-Bulk-Buy.jpg\" alt=\"Achizi\u021bie en gros de vape de unic\u0103 folosin\u021b\u0103 WGA Crystal 20K Puffs\" width=\"1000\" height=\"520\" srcset=\"https:\/\/vapestornado.com\/wp-content\/uploads\/2024\/12\/WGA-Crystal-20K-Puffs-Disposable-Vape-Bulk-Buy.jpg 1000w, https:\/\/vapestornado.com\/wp-content\/uploads\/2024\/12\/WGA-Crystal-20K-Puffs-Disposable-Vape-Bulk-Buy-300x156.jpg 300w, https:\/\/vapestornado.com\/wp-content\/uploads\/2024\/12\/WGA-Crystal-20K-Puffs-Disposable-Vape-Bulk-Buy-768x399.jpg 768w, https:\/\/vapestornado.com\/wp-content\/uploads\/2024\/12\/WGA-Crystal-20K-Puffs-Disposable-Vape-Bulk-Buy-600x312.jpg 600w\" sizes=\"(max-width: 1000px) 100vw, 1000px\" \/><figcaption id=\"caption-attachment-3374\" class=\"wp-caption-text\">Achizi\u021bie en gros de vape de unic\u0103 folosin\u021b\u0103 WGA Crystal 20K Puffs<\/figcaption><\/figure>\n<h2>\u00centreb\u0103ri frecvente pentru WGA Crystal Plus 20000 Vape de unic\u0103 folosin\u021b\u0103<\/h2>\n<div class=\"flex max-w-full flex-col flex-grow\">\n<div class=\"min-h-8 text-message flex w-full flex-col items-end gap-2 whitespace-normal break-words text-start [.text-message+&amp;]:mt-5\" dir=\"auto\" data-message-author-role=\"assistant\" data-message-id=\"4dc48248-df95-45bd-b800-6dedb43cf7f1\" data-message-model-slug=\"gpt-4o\">\n<div class=\"flex w-full flex-col gap-1 empty:hidden first:pt-[3px]\">\n<div class=\"markdown prose w-full break-words dark:prose-invert light\">\n<h3><\/h3>\n<ol>\n<li><strong>Ce face ca WGA Crystal Plus 20000 Puffs s\u0103 fie unic?<\/strong><br \/>\nSistemul <strong>WGA Crystal Plus 20000 Pufuri<\/strong> dispune de un <strong>sistem cu arom\u0103 dubl\u0103<\/strong>, permi\u021b\u00e2ndu-v\u0103 s\u0103 comuta\u021bi \u00eentre dou\u0103 arome pre-umplute \u00eentr-un singur dispozitiv, oferind versatilitate \u0219i confort de neegalat.<\/li>\n<li><strong>Cum verific nivelul bateriei \u0219i al e-lichidului pe WGA Crystal Plus 20k?<\/strong><br \/>\nAcest dispozitiv include un <strong>ecran LCD extrem de clar<\/strong>, care arat\u0103 at\u00e2t durata de via\u021b\u0103 a bateriei, c\u00e2t \u0219i nivelul e-lichidului, asigur\u00e2ndu-v\u0103 c\u0103 sunte\u021bi \u00eentotdeauna informat despre starea vape-ului dvs.<\/li>\n<li><strong>Ce arome sunt disponibile pentru WGA Crystal 20000 Dual Flavor Vape?<\/strong><br \/>\nExist\u0103 <strong>18 combina\u021bii de arome interesante<\/strong>, cum ar fi <strong>Zmeur\u0103 Albastr\u0103 cu Cire\u0219e<\/strong> si <strong>Pepene Verde cu Ghea\u021b\u0103<\/strong>, r\u0103spunz\u00e2nd diverselor preferin\u021be gustative.<\/li>\n<li><strong>Pot re\u00eenc\u0103rca Vape-ul de unic\u0103 folosin\u021b\u0103 WGA Crystal 20k Puff?<\/strong><br \/>\nDa, vine cu o <strong>baterie re\u00eenc\u0103rcabil\u0103 de 650mAh<\/strong> \u0219i o <strong>Port de \u00eenc\u0103rcare Type-C<\/strong>, permi\u021b\u00e2nd o re\u00eenc\u0103rcare rapid\u0103 \u0219i convenabil\u0103 pentru utilizare prelungit\u0103.<\/li>\n<li><strong>Este WGA Crystal Plus 20000 potrivit pentru vaping Mouth-to-Lung (MTL)?<\/strong><br \/>\nAbsolut! A sa <strong>tehnologie cu bobin\u0103 dubl\u0103 mesh<\/strong> asigur\u0103 o produc\u021bie lin\u0103 de vapori, f\u0103c\u00e2ndu-l ideal pentru vaperii MTL care se bucur\u0103 de lovituri controlate \u0219i aromate.<\/li>\n<\/ol>\n<\/div>\n<\/div>\n<\/div>\n<\/div>\n<div class=\"mb-2 flex gap-3 empty:hidden -ml-2\">\n<div class=\"items-center justify-start rounded-xl p-1 flex\"><\/div>\n<\/div>\n<\/div>\n<\/div>\n<\/div>\n<\/div>\n<div class=\"flex-shrink-0 flex flex-col relative items-end\">\n<div class=\"pt-0\">\n<div class=\"gizmo-bot-avatar flex h-8 w-8 items-center justify-center overflow-hidden rounded-full\">\n<div class=\"relative p-1 rounded-sm flex items-center justify-center bg-token-main-surface-primary text-token-text-primary h-8 w-8\">\n<div class=\"mb-2 flex gap-3 empty:hidden -ml-2\">\n<div role=\"article\" data-tabster=\"{&quot;groupper&quot;:{&quot;tabbability&quot;:2},&quot;focusable&quot;:{}}\" data-content=\"ai-message\" aria-labelledby=\"Vdt5ez4X7Tg813x6rFVha-author Vdt5ez4X7Tg813x6rFVha-content\">\n<div id=\"Vdt5ez4X7Tg813x6rFVha-content\">\n<div role=\"article\" data-tabster=\"{&quot;groupper&quot;:{&quot;tabbability&quot;:2},&quot;focusable&quot;:{}}\" data-content=\"ai-message\" aria-labelledby=\"o968oC7CEo2fGHsGdsRYC-author o968oC7CEo2fGHsGdsRYC-content\">\n<div id=\"o968oC7CEo2fGHsGdsRYC-content\">\n<p>&nbsp;<\/p>\n<h2>De ce s\u0103 alege\u021bi vapestornado pentru v\u00e2nzarea cu ridicata a vape-ului WGA Crystal 15000 Puffs?<\/h2>\n<div class=\"flex-shrink-0 flex flex-col relative items-end\">\n<div class=\"pt-0\">\n<div class=\"gizmo-bot-avatar flex h-8 w-8 items-center justify-center overflow-hidden rounded-full\">\n<div class=\"relative p-1 rounded-sm flex items-center justify-center bg-token-main-surface-primary text-token-text-primary h-8 w-8\">\n<p>Bun venit la vapestornado, magazinul t\u0103u online de \u00eencredere pentru vape-uri de unic\u0103 folosin\u021b\u0103 premium. Cu o experien\u021b\u0103 de peste 5 ani, \u00ee\u021bi aducem branduri populare de vape-uri de unic\u0103 folosin\u021b\u0103, precum Fumot RandM Vape, <a href=\"https:\/\/vapestornado.com\/ro\/product-category\/vapme-shisha\/\">Vapme<\/a>, Bang Vape, Waspe Vape \u0219i WGA Vape, etc.<\/p>\n<p>Gama noastr\u0103 include vape-uri populare precum <a href=\"https:\/\/vapestornado.com\/ro\/product\/randm-12000-puffs-fumot-digital-disposable-vape-wholesale-price\/\">RandM Tornado 12000<\/a>, \u0219i op\u021biuni bogate \u00een arome, precum <a href=\"https:\/\/vapestornado.com\/ro\/product\/wga-crystal-pro-max-extra-15000-puffs-rechargeable-disposable-vape-wholesale-bulk-buy\/\">\u00a0WGA Crystal 15k Pufuri<\/a> . Fiecare produs este ales cu accent pe calitate, valoare \u0219i varietate, asigur\u00e2ndu-ne c\u0103 g\u0103se\u0219ti potrivirea perfect\u0103 pentru nevoile tale. Descoper\u0103 servicii excep\u021bionale \u0219i o gam\u0103 larg\u0103 de produse de top cu pre\u021buri de gros la vapestornado.<\/p>\n<\/div>\n<p>&nbsp;<\/p>\n<p><strong>Alte Vape-uri de Unic\u0103 Folosin\u021b\u0103 Populare<\/strong><\/p>\n<p><a href=\"https:\/\/vapestornado.com\/ro\/product\/bang-vape-35000-puffs-low-nicotine-bulk-buy-rechargeable-disposable-vapes-box-wholesale-price\/\">Bang Vape 35000 Pufuri <span style=\"color: #ff0000;\"><strong>&gt;&gt;&gt;&gt; Du-te !<\/strong><\/span><\/a><\/p>\n<p><a href=\"https:\/\/vapestornado.com\/ro\/product\/vopk-ultra-40000-puffs-2-in-1-digital-screen-rechargeable-disposable-vape\/\">VOPK 40000 Gust Dublu<span style=\"color: #ff0000;\"><strong>&gt;&gt;&gt;&gt; Du-te !<\/strong><\/span><\/a><\/p>\n<p><a href=\"https:\/\/vapestornado.com\/ro\/product\/bood-twins-46000-puff-double-flavour-low-nicotine-disposable-vape-wholesale-bulk-buy-price\/\">Bood Twins 46000<span style=\"color: #ff0000;\"><strong>&gt;&gt;&gt;&gt; Du-te !<\/strong><\/span><\/a><\/p>\n<\/div>\n<\/div>\n<\/div>\n<p>&nbsp;<\/p>\n<\/div>\n<\/div>\n<\/div>\n<\/div>\n<\/div>\n<\/div>\n<\/div>\n<\/div>\n<\/div>","protected":false},"excerpt":{"rendered":"<p><strong data-start=\"1473\" data-end=\"1505\">WGA Crystal Plus 20000 Pufuri<\/strong>\u2014a <strong data-start=\"1508\" data-end=\"1552\">2-\u00een-1 cu arom\u0103 dubl\u0103, re\u00eenc\u0103rcabil Type-C<\/strong> de unic\u0103 folosin\u021b\u0103, construit pentru <strong data-start=\"1574\" data-end=\"1606\">Comenzi angro \u0219i \u00een vrac din UE<\/strong>. Capacitate mare, comutare u\u0219oar\u0103 a aromei \u0219i ambalare prietenoas\u0103 pentru comercian\u021bi, pentru v\u00e2nz\u0103ri puternice \u0219i repetabile.<\/p>\n<p><strong>Adaug\u0103 whatsapp-ul lui Amy pentru a primi r\u0103spuns imediat \u0219i un cupon de vape!<\/strong><\/p>\n<p><img fetchpriority=\"high\" decoding=\"async\" class=\"size-full wp-image-2932\" src=\"https:\/\/vapestornado.com\/wp-content\/uploads\/2024\/12\/Vape-Wholesale.jpg\" alt=\"\u021aig\u0103ri electronice cu ridicata\" width=\"229\" height=\"300\" \/><\/p>\n<h3><a href=\"https:\/\/wa.me\/8617776015835\"><span style=\"color: #ff0000;\"><strong>WhatsApp: +86 17776015835<\/strong><\/span><\/a><\/h3>\n<p>&nbsp;<\/p>","protected":false},"featured_media":3370,"comment_status":"open","ping_status":"closed","template":"","meta":{"_acf_changed":false,"_uag_custom_page_level_css":"","_lmt_disableupdate":"no","_lmt_disable":"","_monsterinsights_skip_tracking":false,"_monsterinsights_sitenote_active":false,"_monsterinsights_sitenote_note":"","_monsterinsights_sitenote_category":0,"site-sidebar-layout":"default","site-content-layout":"","ast-site-content-layout":"default","site-content-style":"default","site-sidebar-style":"default","ast-global-header-display":"","ast-banner-title-visibility":"","ast-main-header-display":"","ast-hfb-above-header-display":"","ast-hfb-below-header-display":"","ast-hfb-mobile-header-display":"","site-post-title":"","ast-breadcrumbs-content":"","ast-featured-img":"","footer-sml-layout":"","ast-disable-related-posts":"","theme-transparent-header-meta":"default","adv-header-id-meta":"","stick-header-meta":"","header-above-stick-meta":"","header-main-stick-meta":"","header-below-stick-meta":"","astra-migrate-meta-layouts":"set","ast-page-background-enabled":"default","ast-page-background-meta":{"desktop":{"background-color":"","background-image":"","background-repeat":"repeat","background-position":"center center","background-size":"auto","background-attachment":"scroll","background-type":"","background-media":"","overlay-type":"","overlay-color":"","overlay-opacity":"","overlay-gradient":""},"tablet":{"background-color":"","background-image":"","background-repeat":"repeat","background-position":"center center","background-size":"auto","background-attachment":"scroll","background-type":"","background-media":"","overlay-type":"","overlay-color":"","overlay-opacity":"","overlay-gradient":""},"mobile":{"background-color":"","background-image":"","background-repeat":"repeat","background-position":"center center","background-size":"auto","background-attachment":"scroll","background-type":"","background-media":"","overlay-type":"","overlay-color":"","overlay-opacity":"","overlay-gradient":""}},"ast-content-background-meta":{"desktop":{"background-color":"var(--ast-global-color-5)","background-image":"","background-repeat":"repeat","background-position":"center center","background-size":"auto","background-attachment":"scroll","background-type":"","background-media":"","overlay-type":"","overlay-color":"","overlay-opacity":"","overlay-gradient":""},"tablet":{"background-color":"var(--ast-global-color-5)","background-image":"","background-repeat":"repeat","background-position":"center center","background-size":"auto","background-attachment":"scroll","background-type":"","background-media":"","overlay-type":"","overlay-color":"","overlay-opacity":"","overlay-gradient":""},"mobile":{"background-color":"var(--ast-global-color-5)","background-image":"","background-repeat":"repeat","background-position":"center center","background-size":"auto","background-attachment":"scroll","background-type":"","background-media":"","overlay-type":"","overlay-color":"","overlay-opacity":"","overlay-gradient":""}},"_joinchat":{"telephone":"+8617776015835"}},"product_brand":[],"product_cat":[69,151,155,142,146,59],"product_tag":[165,105,97,166,94,205,206,204],"class_list":{"0":"post-3385","1":"product","2":"type-product","3":"status-publish","4":"has-post-thumbnail","6":"product_cat-20000-puff","7":"product_cat-buy-disposable-vapes-in-france","8":"product_cat-buy-disposable-vapes-in-norway","9":"product_cat-digital-box-disposable-vapes","10":"product_cat-rechargeable-disposable-vapes","11":"product_cat-wga-crystal-vape","12":"product_tag-cheap-vapes","13":"product_tag-digital-disposable-vape","14":"product_tag-hot-sale-disposable-vape","15":"product_tag-low-nicotine-vape","16":"product_tag-rechargeable-disposable-vape","17":"product_tag-wga-crystal-20k","18":"product_tag-wga-crystal-plus-20000","19":"product_tag-wga-vape","20":"desktop-align-left","21":"tablet-align-left","22":"mobile-align-left","24":"first","25":"instock","26":"sale","27":"shipping-taxable","28":"purchasable","29":"product-type-simple"},"acf":[],"uagb_featured_image_src":{"full":["https:\/\/vapestornado.com\/wp-content\/uploads\/2024\/12\/WGA-Crystal-Plus-20000-Disposable-Vape-Wholesale.jpg",1000,992,false],"thumbnail":["https:\/\/vapestornado.com\/wp-content\/uploads\/2024\/12\/WGA-Crystal-Plus-20000-Disposable-Vape-Wholesale-150x150.jpg",150,150,true],"medium":["https:\/\/vapestornado.com\/wp-content\/uploads\/2024\/12\/WGA-Crystal-Plus-20000-Disposable-Vape-Wholesale-300x298.jpg",300,298,true],"medium_large":["https:\/\/vapestornado.com\/wp-content\/uploads\/2024\/12\/WGA-Crystal-Plus-20000-Disposable-Vape-Wholesale-768x762.jpg",768,762,true],"large":["https:\/\/vapestornado.com\/wp-content\/uploads\/2024\/12\/WGA-Crystal-Plus-20000-Disposable-Vape-Wholesale.jpg",1000,992,false],"1536x1536":["https:\/\/vapestornado.com\/wp-content\/uploads\/2024\/12\/WGA-Crystal-Plus-20000-Disposable-Vape-Wholesale.jpg",1000,992,false],"2048x2048":["https:\/\/vapestornado.com\/wp-content\/uploads\/2024\/12\/WGA-Crystal-Plus-20000-Disposable-Vape-Wholesale.jpg",1000,992,false],"trp-custom-language-flag":["https:\/\/vapestornado.com\/wp-content\/uploads\/2024\/12\/WGA-Crystal-Plus-20000-Disposable-Vape-Wholesale.jpg",12,12,false],"woocommerce_thumbnail":["https:\/\/vapestornado.com\/wp-content\/uploads\/2024\/12\/WGA-Crystal-Plus-20000-Disposable-Vape-Wholesale-300x300.jpg",300,300,true],"woocommerce_single":["https:\/\/vapestornado.com\/wp-content\/uploads\/2024\/12\/WGA-Crystal-Plus-20000-Disposable-Vape-Wholesale-600x595.jpg",600,595,true],"woocommerce_gallery_thumbnail":["https:\/\/vapestornado.com\/wp-content\/uploads\/2024\/12\/WGA-Crystal-Plus-20000-Disposable-Vape-Wholesale-100x100.jpg",100,100,true]},"uagb_author_info":{"display_name":"ESAMY","author_link":"https:\/\/vapestornado.com\/ro\/author\/"},"uagb_comment_info":0,"uagb_excerpt":"WGA Crystal Plus 20000 Puffs\u2014a 2\u2011in\u20111 dual\u2011flavour, Type\u2011C rechargeable disposable built for EU wholesale and bulk orders. High capacity, easy flavour switch, and retailer\u2011friendly packaging for strong, repeatable sales. Add Amy's whatsapp get right reply and vape coupon! WhatsApp: +86 17776015835 &nbsp;","_links":{"self":[{"href":"https:\/\/vapestornado.com\/ro\/wp-json\/wp\/v2\/product\/3385","targetHints":{"allow":["GET"]}}],"collection":[{"href":"https:\/\/vapestornado.com\/ro\/wp-json\/wp\/v2\/product"}],"about":[{"href":"https:\/\/vapestornado.com\/ro\/wp-json\/wp\/v2\/types\/product"}],"replies":[{"embeddable":true,"href":"https:\/\/vapestornado.com\/ro\/wp-json\/wp\/v2\/comments?post=3385"}],"wp:featuredmedia":[{"embeddable":true,"href":"https:\/\/vapestornado.com\/ro\/wp-json\/wp\/v2\/media\/3370"}],"wp:attachment":[{"href":"https:\/\/vapestornado.com\/ro\/wp-json\/wp\/v2\/media?parent=3385"}],"wp:term":[{"taxonomy":"product_brand","embeddable":true,"href":"https:\/\/vapestornado.com\/ro\/wp-json\/wp\/v2\/product_brand?post=3385"},{"taxonomy":"product_cat","embeddable":true,"href":"https:\/\/vapestornado.com\/ro\/wp-json\/wp\/v2\/product_cat?post=3385"},{"taxonomy":"product_tag","embeddable":true,"href":"https:\/\/vapestornado.com\/ro\/wp-json\/wp\/v2\/product_tag?post=3385"}],"curies":[{"name":"wp","href":"https:\/\/api.w.org\/{rel}","templated":true}]}}