{"id":3383,"date":"2024-12-26T02:33:15","date_gmt":"2024-12-26T02:33:15","guid":{"rendered":"https:\/\/vapestornado.com\/?post_type=product&#038;p=3383"},"modified":"2025-12-09T09:06:34","modified_gmt":"2025-12-09T09:06:34","slug":"wga-crystal-pro-max-extra-15000-puffs-rechargeable-disposable-vape-wholesale-bulk-buy","status":"publish","type":"product","link":"https:\/\/vapestornado.com\/ro\/product\/wga-crystal-pro-max-extra-15000-puffs-rechargeable-disposable-vape-wholesale-bulk-buy\/","title":{"rendered":"WGA Crystal Pro Max Extra 15000 Pufuri Vape Re\u00eenc\u0103rcabil de Unic\u0103 Folosin\u021b\u0103, V\u00e2nzare en Gros, Cump\u0103rare \u00een Vrac"},"content":{"rendered":"<h1 class=\"product-title\">WGA Crystal Pro Max Extra 15000 Pufuri Vape de unic\u0103 folosin\u021b\u0103 cu afi\u0219aj pe ecran \u0219i netezime a bobinei din plas\u0103<\/h1>\n<p>WGA Crystal Pro Max Extra 15000 Pufuri este un vape de unic\u0103 folosin\u021b\u0103 re\u00eenc\u0103rcabil popular, cu design de cristal, 15000 de pufuri, stabilitate a aromei datorit\u0103 bobinei din plas\u0103 \u0219i \u00eenc\u0103rcare rapid\u0103 Type-C, construit pentru vaping zilnic cu nicotin\u0103 2% \u0219i 5%.<\/p>\n<p data-start=\"904\" data-end=\"1140\"><strong data-start=\"904\" data-end=\"938\">Performan\u021b\u0103 echilibrat\u0103 pentru utilizare \u00eendelungat\u0103.<\/strong> Sistemul <strong data-start=\"943\" data-end=\"1013\">WGA Crystal Pro Max Extra 15000 Pufuri vape de unic\u0103 folosin\u021b\u0103 re\u00eenc\u0103rcabil\u0103<\/strong> este dimensionat pentru utilizatorii obi\u0219nui\u021bi care doresc un dispozitiv care s\u0103 dureze mai mult dec\u00e2t cele standard, f\u0103r\u0103 a deveni voluminos \u00een buzunar.<\/p>\n<p data-start=\"1144\" data-end=\"1344\"><strong data-start=\"1144\" data-end=\"1181\">Consisten\u021ba bobinei din plas\u0103 pe care o observa\u021bi.<\/strong> Sistemul <strong data-start=\"1186\" data-end=\"1236\">WGA 15K bobin\u0103 din plas\u0103 pentru unic\u0103 folosin\u021b\u0103<\/strong> asigur\u0103 \u00eenc\u0103lzire uniform\u0103, ceea ce \u00eenseamn\u0103 inhal\u0103ri mai line \u0219i mai pu\u021bine lovituri dure \u00een etapele finale pe m\u0103sur\u0103 ce num\u0103rul de pufuri cre\u0219te.<\/p>\n<p data-start=\"1348\" data-end=\"1566\"><strong data-start=\"1348\" data-end=\"1382\">Putere de nicotin\u0103 prietenoas\u0103 cu UE.<\/strong> Cu o configura\u021bie fix\u0103 <strong data-start=\"1396\" data-end=\"1427\">vape de unic\u0103 folosin\u021b\u0103 cu nicotin\u0103 2% \u0219i 5%<\/strong> sensibilitatea, puful r\u0103m\u00e2ne u\u0219or-moderat \u0219i previzibil\u2014popular pe pie\u021bele precum <strong data-start=\"1510\" data-end=\"1565\">Germania, Olanda, Spania, Fran\u021ba \u0219i Polonia<\/strong>.<\/p>\n<p data-start=\"1570\" data-end=\"1784\"><strong data-start=\"1570\" data-end=\"1616\">\u00cenc\u0103rcare rapid\u0103 compatibil\u0103 pentru utilizare zilnic\u0103.<\/strong> Sistemul <strong data-start=\"1621\" data-end=\"1676\">WGA Crystal Pro Max Extra 15000, re\u00eenc\u0103rcabil cu Type-C<\/strong> men\u021bine timpul de nefunc\u021bionare scurt folosind cabluri moderne UE pe care le ave\u021bi deja, fiind practic pentru c\u0103l\u0103torii sau zile lungi de munc\u0103.<\/p>\n<p data-start=\"1788\" data-end=\"1988\"><strong data-start=\"1788\" data-end=\"1823\">Design curat care se vinde singur.<\/strong> Carcasa \u00een stil de cristal ofer\u0103 <strong data-start=\"1857\" data-end=\"1895\">WGA Crystal 15K vape<\/strong> un aspect premium care performeaz\u0103 bine \u00een afi\u0219ajele de retail \u0219i se simte bine \u00een m\u00e2n\u0103 pentru purtare zilnic\u0103.<\/p>\n<p><span style=\"color: #ff0000;\"><strong>Adaug\u0103 r\u0103spunsul corect de pe Whatsapp al lui Amy \u0219i cuponul de vape!<\/strong><\/span><\/p>\n<p><img fetchpriority=\"high\" decoding=\"async\" class=\"size-full wp-image-2932\" src=\"https:\/\/vapestornado.com\/wp-content\/uploads\/2024\/12\/Vape-Wholesale.jpg\" alt=\"\u021aig\u0103ri electronice cu ridicata\" width=\"229\" height=\"300\" \/><\/p>\n<h3><a href=\"https:\/\/wa.me\/8617776015835\" target=\"_blank\" rel=\"noopener\"><span style=\"color: #ff0000;\"><strong>WhatsApp: +86 17776015835<\/strong><\/span><\/a><\/h3>\n<p>&nbsp;<\/p>\n<h2 class=\"product-title\">WGA Crystal 15k Vape de Unic\u0103 Folosin\u021b\u0103<strong> Caracteristicile produsului<\/strong><\/h2>\n<div role=\"article\" data-tabster=\"{&quot;groupper&quot;:{&quot;tabbability&quot;:2},&quot;focusable&quot;:{}}\" data-content=\"ai-message\" aria-labelledby=\"juhNTJ6o7Gk1cgwZMJgv2-author juhNTJ6o7Gk1cgwZMJgv2-content\">\n<div id=\"juhNTJ6o7Gk1cgwZMJgv2-content\">\n<div role=\"article\" data-tabster=\"{&quot;groupper&quot;:{&quot;tabbability&quot;:2},&quot;focusable&quot;:{}}\" data-content=\"ai-message\" aria-labelledby=\"x4EZuCZWrTbh3weWUt7CU-author x4EZuCZWrTbh3weWUt7CU-content\">\n<div id=\"x4EZuCZWrTbh3weWUt7CU-content\">\n<div class=\"flex max-w-full flex-col flex-grow\">\n<div class=\"min-h-8 text-message flex w-full flex-col items-end gap-2 whitespace-normal break-words text-start [.text-message+&amp;]:mt-5\" dir=\"auto\" data-message-author-role=\"assistant\" data-message-id=\"52c6e00a-252f-4104-805d-2f1a84739c71\" data-message-model-slug=\"gpt-4o\">\n<div class=\"flex w-full flex-col gap-1 empty:hidden first:pt-[3px]\">\n<div class=\"markdown prose w-full break-words dark:prose-invert light\"><\/div>\n<\/div>\n<\/div>\n<\/div>\n<div class=\"mb-2 flex gap-3 empty:hidden -ml-2\">\n<table>\n<thead>\n<tr>\n<th>Caracteristic\u0103<\/th>\n<th>Spec<\/th>\n<th>Detalii<\/th>\n<\/tr>\n<\/thead>\n<tbody>\n<tr>\n<td>Numele produsului<\/td>\n<td>WGA Crystal Pro Max Extra 15000<\/td>\n<td>Vape re\u00eenc\u0103rcabil\u0103 de unic\u0103 folosin\u021b\u0103 premium.<\/td>\n<\/tr>\n<tr>\n<td>Capacitate Pufuri<\/td>\n<td>Caracteristici principale ale produsului UZY Bang Digital 15K Puff<\/td>\n<td>Durat\u0103 de via\u021b\u0103 extins\u0103 pentru utilizarea zilnic\u0103 obi\u0219nuit\u0103.<\/td>\n<\/tr>\n<tr>\n<td>Tip de bobin\u0103<\/td>\n<td>Rezisten\u021b\u0103 tip plas\u0103<\/td>\n<td>\u00cenc\u0103lzire uniform\u0103 pentru vapori netezi \u0219i arom\u0103 stabil\u0103.<\/td>\n<\/tr>\n<tr>\n<td>Concentra\u021bie Nicotin\u0103<\/td>\n<td>Salt nicotin\u0103 2%<\/td>\n<td>Lovitur\u0103 de la u\u0219oar\u0103 la moderat\u0103, aliniat\u0103 cu preferin\u021ba UE.<\/td>\n<\/tr>\n<tr>\n<td>\u00cenc\u0103rcare<\/td>\n<td>\u00cenc\u0103rcarea rapid\u0103 Type-C<\/td>\n<td>Re\u00eenc\u0103rcare rapid\u0103 cu cabluri moderne comune.<\/td>\n<\/tr>\n<tr>\n<td>Baterie<\/td>\n<td>Baterie re\u00eenc\u0103rcabil\u0103 de durat\u0103 lung\u0103<\/td>\n<td>Proiectat pentru a sus\u021bine utilizarea complet\u0103 a dispozitivului; re\u00eenc\u0103rca\u021bi dup\u0103 nevoie.<\/td>\n<\/tr>\n<tr>\n<td>Designul corpului<\/td>\n<td>Carcas\u0103 transparent\u0103 \u00een stil cristal<\/td>\n<td>Aspect modern \u0219i elegant; u\u0219or de purtat \u0219i expus.<\/td>\n<\/tr>\n<tr>\n<td>Utilizare \u021bint\u0103<\/td>\n<td>Unic\u0103 folosin\u021b\u0103, cu cerere mare \u00een retailul\/wholesale-ul UE<\/td>\n<td>Func\u021bionare simpl\u0103 cu senza\u021bie premium.<\/td>\n<\/tr>\n<\/tbody>\n<\/table>\n<\/div>\n<\/div>\n<\/div>\n<\/div>\n<\/div>\n<h2><\/h2>\n<h2 class=\"product-title\"><strong>Arom\u0103 popular\u0103 pentru vape-urile de unic\u0103 folosin\u021b\u0103 WGA Crystal 15000 Puffs<\/strong><\/h2>\n<p>1. Pepene verde cu ghea\u021b\u0103<span style=\"color: #ff0000;\"> <strong>&gt;&gt;&gt;&gt; Fierbinte!<\/strong><\/span><br \/>\n2. Zmeur\u0103 cu afine <span style=\"color: #ff0000;\"><strong>&gt;&gt;&gt;&gt; Fierbinte!<\/strong><\/span><br \/>\n3. Cire\u0219e efervescente<br \/>\n4. Ursule\u021b gumos<br \/>\n5. L\u0103m\u00e2ie verde<br \/>\n6. Ghea\u021b\u0103 de c\u0103p\u0219uni<br \/>\n7. Zmeur\u0103 acri\u0219oar\u0103 cu afine <span style=\"color: #ff0000;\"><strong>&gt;&gt;&gt;&gt; Fierbinte!<\/strong><\/span><br \/>\n8. Ghea\u021b\u0103 de zmeur\u0103 albastr\u0103<br \/>\n9. Domnul Blue<br \/>\n10. Skittles<br \/>\n11.Afine Cire\u0219e Meri\u0219oare<br \/>\n12. Piersic\u0103 zemoas\u0103<br \/>\n13. Ghea\u021b\u0103 de c\u0103p\u0219uni, zmeur\u0103 \u0219i cire\u0219e <span style=\"color: #ff0000;\"><strong>&gt;&gt;&gt;&gt; Cel mai bun!<\/strong><\/span><br \/>\n14. Hubba Bubba<br \/>\n15. Mure, afine \u0219i zmeur\u0103<br \/>\n16. \u00cenghe\u021bat\u0103 de c\u0103p\u0219uni<br \/>\n17. Acadea cu Afine<br \/>\n18. Prime Capsuni Pepene Verde<br \/>\n19. Capsuni Cirese Bubblegum<br \/>\n20. Zmeura Cirese cu Gheata <span style=\"color: #ff0000;\"><strong>&gt;&gt;&gt;&gt; Fierbinte!<\/strong><\/span><br \/>\n21. Ananas cu Gheata<br \/>\n22. Vis de Vara<br \/>\n23. Wga Roz<br \/>\n24. Menta Proaspata<br \/>\n25. Mar Dublu<br \/>\n26. Mango Triplu<br \/>\n27. Dragon Negru cu Gheata<br \/>\n28. Cola cu Gheata<br \/>\n29. Ananas Lamaie <span style=\"color: #ff0000;\"><strong>&gt;&gt;&gt;&gt; Fierbinte!<\/strong><\/span><br \/>\n30. Dl. Black<br \/>\n31. Kiwi Fructul Pasiunii Guava<\/p>\n<div class=\"flex-shrink-0 flex flex-col relative items-end\">\n<div class=\"pt-0\">\n<div class=\"gizmo-bot-avatar flex h-8 w-8 items-center justify-center overflow-hidden rounded-full\">\n<div class=\"relative p-1 rounded-sm flex items-center justify-center bg-token-main-surface-primary text-token-text-primary h-8 w-8\">\n<figure id=\"attachment_3375\" aria-describedby=\"caption-attachment-3375\" style=\"width: 1000px\" class=\"wp-caption alignnone\"><img decoding=\"async\" class=\"wp-image-3375 size-full\" src=\"https:\/\/vapestornado.com\/wp-content\/uploads\/2024\/12\/WGA-Crystal-15k-Disposable-Vape.jpg\" alt=\"WGA Crystal 15k Vape de Unic\u0103 Folosin\u021b\u0103\" width=\"1000\" height=\"1000\" srcset=\"https:\/\/vapestornado.com\/wp-content\/uploads\/2024\/12\/WGA-Crystal-15k-Disposable-Vape.jpg 1000w, https:\/\/vapestornado.com\/wp-content\/uploads\/2024\/12\/WGA-Crystal-15k-Disposable-Vape-300x300.jpg 300w, https:\/\/vapestornado.com\/wp-content\/uploads\/2024\/12\/WGA-Crystal-15k-Disposable-Vape-150x150.jpg 150w, https:\/\/vapestornado.com\/wp-content\/uploads\/2024\/12\/WGA-Crystal-15k-Disposable-Vape-768x768.jpg 768w, https:\/\/vapestornado.com\/wp-content\/uploads\/2024\/12\/WGA-Crystal-15k-Disposable-Vape-600x600.jpg 600w, https:\/\/vapestornado.com\/wp-content\/uploads\/2024\/12\/WGA-Crystal-15k-Disposable-Vape-100x100.jpg 100w\" sizes=\"(max-width: 1000px) 100vw, 1000px\" \/><figcaption id=\"caption-attachment-3375\" class=\"wp-caption-text\">WGA Crystal 15k Vape de Unic\u0103 Folosin\u021b\u0103<\/figcaption><\/figure>\n<h3>\u00ceNTREB\u0102RI FRECVENTE pentru WGA Crystal 15000 Vape de Unic\u0103 Folosin\u021b\u0103<\/h3>\n<ol data-start=\"2830\" data-end=\"4028\">\n<li data-start=\"2830\" data-end=\"3071\">\n<p data-start=\"2833\" data-end=\"3071\"><strong data-start=\"2833\" data-end=\"2923\">Cum afecteaz\u0103 bobina din plas\u0103 a WGA Crystal Pro Max Extra 15000 Puffs aroma \u00een timp?<\/strong><br data-start=\"2923\" data-end=\"2926\" \/>Bobinele din plas\u0103 se \u00eenc\u0103lzesc uniform pe \u00eentreaga suprafa\u021b\u0103 a fitilului, astfel \u00eenc\u00e2t aroma r\u0103m\u00e2ne mai plin\u0103 \u0219i mai neted\u0103 pe durata de via\u021b\u0103 a dispozitivului comparativ cu bobinele standard din s\u00e2rm\u0103.<\/p>\n<\/li>\n<li data-start=\"3073\" data-end=\"3301\">\n<p data-start=\"3076\" data-end=\"3301\"><strong data-start=\"3076\" data-end=\"3181\">Este WGA Crystal Pro Max Extra 15K, vaporizator re\u00eenc\u0103rcabil de unic\u0103 folosin\u021b\u0103, potrivit pentru naveta zilnic\u0103 \u0219i c\u0103l\u0103torii?<\/strong><br data-start=\"3181\" data-end=\"3184\" \/>Da. Corpul de cristal r\u0103m\u00e2ne compact, iar <strong data-start=\"3225\" data-end=\"3244\">\u00eenc\u0103rcare de tip C<\/strong> men\u021bine u\u0219or de re\u00eenc\u0103rcat \u00een timpul zilelor lungi petrecute departe de cas\u0103.<\/p>\n<\/li>\n<li data-start=\"3303\" data-end=\"3532\">\n<p data-start=\"3306\" data-end=\"3532\"><strong data-start=\"3306\" data-end=\"3412\">Ce fel de senza\u021bie de vapori ar trebui s\u0103 a\u0219tepte utilizatorii de la vape-ul de unic\u0103 folosin\u021b\u0103 WGA Crystal Pro Max Extra 15000?<\/strong><br data-start=\"3412\" data-end=\"3415\" \/>A\u0219tepta\u021bi o tragere lin\u0103 \u0219i constant\u0103 cu densitate de vapori uniform\u0103\u2014designul cu bobin\u0103 din plas\u0103 ajut\u0103 la evitarea loviturilor dure \u0219i uscate spre sf\u00e2r\u0219itul utiliz\u0103rii.<\/p>\n<\/li>\n<li data-start=\"3534\" data-end=\"3772\">\n<p data-start=\"3537\" data-end=\"3772\"><strong data-start=\"3537\" data-end=\"3632\">De ce nicotina 2% este o potrivire puternic\u0103 pentru versiunea WGA Crystal Pro Max Extra 15000 Pufuri EU?<\/strong><br data-start=\"3632\" data-end=\"3635\" \/>2% ofer\u0103 o lovitur\u0103 controlat\u0103 \u0219i moderat\u0103, potrivit\u0103 pentru mul\u021bi utilizatori europeni care prefer\u0103 o for\u021b\u0103 zilnic\u0103 mai u\u0219oar\u0103, f\u0103r\u0103 a sacrifica satisfac\u021bia.<\/p>\n<\/li>\n<li data-start=\"3774\" data-end=\"4028\">\n<p data-start=\"3777\" data-end=\"4028\"><strong data-start=\"3777\" data-end=\"3878\">Vape-ul WGA Crystal Pro Max Extra 15000 cu \u00eenc\u0103rcare Type-C previne sc\u0103derea timpurie a bateriei?<\/strong><br data-start=\"3878\" data-end=\"3881\" \/>Re\u00eenc\u0103rcarea rezolv\u0103 aceast\u0103 problem\u0103. Dac\u0103 bateria scade \u00eenainte de a termina pufurile, o re\u00eenc\u0103rcare rapid\u0103 cu Type-C men\u021bine dispozitivul func\u021bional p\u00e2n\u0103 la final.<\/p>\n<\/li>\n<\/ol>\n<\/div>\n<\/div>\n<\/div>\n<\/div>\n<div class=\"flex-shrink-0 flex flex-col relative items-end\">\n<div class=\"pt-0\">\n<div class=\"gizmo-bot-avatar flex h-8 w-8 items-center justify-center overflow-hidden rounded-full\">\n<div class=\"relative p-1 rounded-sm flex items-center justify-center bg-token-main-surface-primary text-token-text-primary h-8 w-8\">\n<div class=\"mb-2 flex gap-3 empty:hidden -ml-2\">\n<div role=\"article\" data-tabster=\"{&quot;groupper&quot;:{&quot;tabbability&quot;:2},&quot;focusable&quot;:{}}\" data-content=\"ai-message\" aria-labelledby=\"Vdt5ez4X7Tg813x6rFVha-author Vdt5ez4X7Tg813x6rFVha-content\">\n<div id=\"Vdt5ez4X7Tg813x6rFVha-content\">\n<div role=\"article\" data-tabster=\"{&quot;groupper&quot;:{&quot;tabbability&quot;:2},&quot;focusable&quot;:{}}\" data-content=\"ai-message\" aria-labelledby=\"o968oC7CEo2fGHsGdsRYC-author o968oC7CEo2fGHsGdsRYC-content\">\n<div id=\"o968oC7CEo2fGHsGdsRYC-content\">\n<p>&nbsp;<\/p>\n<h3>De ce s\u0103 alege\u021bi vapestornado pentru v\u00e2nzarea cu ridicata a vape-ului WGA Crystal 15000 Puffs?<\/h3>\n<div class=\"flex-shrink-0 flex flex-col relative items-end\">\n<div class=\"pt-0\">\n<div class=\"gizmo-bot-avatar flex h-8 w-8 items-center justify-center overflow-hidden rounded-full\">\n<div class=\"relative p-1 rounded-sm flex items-center justify-center bg-token-main-surface-primary text-token-text-primary h-8 w-8\">\n<p>Bun venit la vapestornado, magazinul t\u0103u online de \u00eencredere pentru vape-uri de unic\u0103 folosin\u021b\u0103 premium. Cu o experien\u021b\u0103 de peste 5 ani, \u00ee\u021bi aducem branduri populare de vape-uri de unic\u0103 folosin\u021b\u0103, precum Fumot RandM Vape, <a href=\"https:\/\/vapestornado.com\/ro\/product-category\/vapme-shisha\/\">Vapme<\/a>, Bang Vape, Waspe Vape \u0219i WGA Vape, etc.<\/p>\n<p>Gama noastr\u0103 include vape-uri populare precum <a href=\"https:\/\/vapestornado.com\/ro\/product\/fumot-randm-tornado-15000-puffs-rechargeable-disposable-vape-wholesale\/\">RandM Tornado 15000<\/a>, \u0219i op\u021biuni bogate \u00een arome, precum <a href=\"https:\/\/vapestornado.com\/ro\/product\/vapsolo-dg-18000-puffs-smart-screen-wholesale-disposable-cheap-vapes\/\">\u00a0Vapsolo DG18000 Pufuri<\/a> . Fiecare produs este ales cu accent pe calitate, valoare \u0219i varietate, asigur\u00e2ndu-ne c\u0103 g\u0103se\u0219ti potrivirea perfect\u0103 pentru nevoile tale. Descoper\u0103 servicii excep\u021bionale \u0219i o gam\u0103 larg\u0103 de produse de top cu pre\u021buri de gros la vapestornado.<\/p>\n<\/div>\n<p>&nbsp;<\/p>\n<p><strong>Alte Vape-uri de Unic\u0103 Folosin\u021b\u0103 Populare<\/strong><\/p>\n<p><a href=\"https:\/\/vapestornado.com\/ro\/product\/bang-vape-35000-puffs-low-nicotine-bulk-buy-rechargeable-disposable-vapes-box-wholesale-price\/\">Bang Vape 35000 Pufuri <span style=\"color: #ff0000;\"><strong>&gt;&gt;&gt;&gt; Du-te !<\/strong><\/span><\/a><\/p>\n<p><a href=\"https:\/\/vapestornado.com\/ro\/product\/bang-box-30000-30k-puffs-low-nicotine-bulk-buy-rechargeable-digital-display-disposable-vapes-pen-wholesale\/\">Cutie Bang 30000 <span style=\"color: #ff0000;\"><strong>&gt;&gt;&gt;&gt; Du-te !<\/strong><\/span><\/a><\/p>\n<p><a href=\"https:\/\/vapestornado.com\/ro\/product\/bood-twins-46000-puff-double-flavour-low-nicotine-disposable-vape-wholesale-bulk-buy-price\/\">Bood Twins 46000<span style=\"color: #ff0000;\"><strong>&gt;&gt;&gt;&gt; Du-te !<\/strong><\/span><\/a><\/p>\n<\/div>\n<\/div>\n<\/div>\n<p>&nbsp;<\/p>\n<\/div>\n<\/div>\n<\/div>\n<\/div>\n<\/div>\n<\/div>\n<\/div>\n<\/div>\n<\/div>","protected":false},"excerpt":{"rendered":"<p>WGA Crystal Pro Max Extra 15000 Pufuri vape de unic\u0103 folosin\u021b\u0103 re\u00eenc\u0103rcabil\u0103 cu design de cristal, tehnologie cu bobin\u0103 din plas\u0103, putere de nicotin\u0103 2% \u0219i \u00eenc\u0103rcare rapid\u0103 Type-C. Design compact premium pentru vapori cu arom\u0103 stabil\u0103 \u0219i cerere puternic\u0103 pe pia\u021ba de retail din Rom\u00e2nia.<\/p>\n<p><strong>Adaug\u0103 whatsapp-ul lui Amy pentru a primi r\u0103spuns imediat \u0219i un cupon de vape!<\/strong><\/p>\n<p><img fetchpriority=\"high\" decoding=\"async\" class=\"size-full wp-image-2932\" src=\"https:\/\/vapestornado.com\/wp-content\/uploads\/2024\/12\/Vape-Wholesale.jpg\" alt=\"\u021aig\u0103ri electronice cu ridicata\" width=\"229\" height=\"300\" \/><\/p>\n<h3><a href=\"https:\/\/wa.me\/8617776015835\"><span style=\"color: #ff0000;\"><strong>WhatsApp: +86 17776015835<\/strong><\/span><\/a><\/h3>\n<p>&nbsp;<\/p>","protected":false},"featured_media":3378,"comment_status":"open","ping_status":"closed","template":"","meta":{"_acf_changed":false,"_uag_custom_page_level_css":"","_lmt_disableupdate":"no","_lmt_disable":"","_monsterinsights_skip_tracking":false,"_monsterinsights_sitenote_active":false,"_monsterinsights_sitenote_note":"","_monsterinsights_sitenote_category":0,"site-sidebar-layout":"default","site-content-layout":"","ast-site-content-layout":"default","site-content-style":"default","site-sidebar-style":"default","ast-global-header-display":"","ast-banner-title-visibility":"","ast-main-header-display":"","ast-hfb-above-header-display":"","ast-hfb-below-header-display":"","ast-hfb-mobile-header-display":"","site-post-title":"","ast-breadcrumbs-content":"","ast-featured-img":"","footer-sml-layout":"","ast-disable-related-posts":"","theme-transparent-header-meta":"default","adv-header-id-meta":"","stick-header-meta":"","header-above-stick-meta":"","header-main-stick-meta":"","header-below-stick-meta":"","astra-migrate-meta-layouts":"set","ast-page-background-enabled":"default","ast-page-background-meta":{"desktop":{"background-color":"","background-image":"","background-repeat":"repeat","background-position":"center center","background-size":"auto","background-attachment":"scroll","background-type":"","background-media":"","overlay-type":"","overlay-color":"","overlay-opacity":"","overlay-gradient":""},"tablet":{"background-color":"","background-image":"","background-repeat":"repeat","background-position":"center center","background-size":"auto","background-attachment":"scroll","background-type":"","background-media":"","overlay-type":"","overlay-color":"","overlay-opacity":"","overlay-gradient":""},"mobile":{"background-color":"","background-image":"","background-repeat":"repeat","background-position":"center center","background-size":"auto","background-attachment":"scroll","background-type":"","background-media":"","overlay-type":"","overlay-color":"","overlay-opacity":"","overlay-gradient":""}},"ast-content-background-meta":{"desktop":{"background-color":"var(--ast-global-color-5)","background-image":"","background-repeat":"repeat","background-position":"center center","background-size":"auto","background-attachment":"scroll","background-type":"","background-media":"","overlay-type":"","overlay-color":"","overlay-opacity":"","overlay-gradient":""},"tablet":{"background-color":"var(--ast-global-color-5)","background-image":"","background-repeat":"repeat","background-position":"center center","background-size":"auto","background-attachment":"scroll","background-type":"","background-media":"","overlay-type":"","overlay-color":"","overlay-opacity":"","overlay-gradient":""},"mobile":{"background-color":"var(--ast-global-color-5)","background-image":"","background-repeat":"repeat","background-position":"center center","background-size":"auto","background-attachment":"scroll","background-type":"","background-media":"","overlay-type":"","overlay-color":"","overlay-opacity":"","overlay-gradient":""}},"_joinchat":{"telephone":"+8617776015835"}},"product_brand":[],"product_cat":[71,153,154,155,141,142,143,59],"product_tag":[165,105,97,166,94,485,202,203,204],"class_list":{"0":"post-3383","1":"product","2":"type-product","3":"status-publish","4":"has-post-thumbnail","6":"product_cat-15000-puff","7":"product_cat-buy-disposable-vapes-in-italy","8":"product_cat-buy-disposable-vapes-in-netherlands","9":"product_cat-buy-disposable-vapes-in-norway","10":"product_cat-crystal-disposable-vapes","11":"product_cat-digital-box-disposable-vapes","12":"product_cat-dual-mesh-disposable-vapes","13":"product_cat-wga-crystal-vape","14":"product_tag-cheap-vapes","15":"product_tag-digital-disposable-vape","16":"product_tag-hot-sale-disposable-vape","17":"product_tag-low-nicotine-vape","18":"product_tag-rechargeable-disposable-vape","19":"product_tag-wga-15k","20":"product_tag-wga-crystal-15000","21":"product_tag-wga-crystal-15k","22":"product_tag-wga-vape","23":"desktop-align-left","24":"tablet-align-left","25":"mobile-align-left","27":"first","28":"instock","29":"sale","30":"shipping-taxable","31":"purchasable","32":"product-type-simple"},"acf":[],"uagb_featured_image_src":{"full":["https:\/\/vapestornado.com\/wp-content\/uploads\/2024\/12\/WGA-Crystal-15000-Rechargeable-Vape.jpg",1000,1000,false],"thumbnail":["https:\/\/vapestornado.com\/wp-content\/uploads\/2024\/12\/WGA-Crystal-15000-Rechargeable-Vape-150x150.jpg",150,150,true],"medium":["https:\/\/vapestornado.com\/wp-content\/uploads\/2024\/12\/WGA-Crystal-15000-Rechargeable-Vape-300x300.jpg",300,300,true],"medium_large":["https:\/\/vapestornado.com\/wp-content\/uploads\/2024\/12\/WGA-Crystal-15000-Rechargeable-Vape-768x768.jpg",768,768,true],"large":["https:\/\/vapestornado.com\/wp-content\/uploads\/2024\/12\/WGA-Crystal-15000-Rechargeable-Vape.jpg",1000,1000,false],"1536x1536":["https:\/\/vapestornado.com\/wp-content\/uploads\/2024\/12\/WGA-Crystal-15000-Rechargeable-Vape.jpg",1000,1000,false],"2048x2048":["https:\/\/vapestornado.com\/wp-content\/uploads\/2024\/12\/WGA-Crystal-15000-Rechargeable-Vape.jpg",1000,1000,false],"trp-custom-language-flag":["https:\/\/vapestornado.com\/wp-content\/uploads\/2024\/12\/WGA-Crystal-15000-Rechargeable-Vape.jpg",12,12,false],"woocommerce_thumbnail":["https:\/\/vapestornado.com\/wp-content\/uploads\/2024\/12\/WGA-Crystal-15000-Rechargeable-Vape-300x300.jpg",300,300,true],"woocommerce_single":["https:\/\/vapestornado.com\/wp-content\/uploads\/2024\/12\/WGA-Crystal-15000-Rechargeable-Vape-600x600.jpg",600,600,true],"woocommerce_gallery_thumbnail":["https:\/\/vapestornado.com\/wp-content\/uploads\/2024\/12\/WGA-Crystal-15000-Rechargeable-Vape-100x100.jpg",100,100,true]},"uagb_author_info":{"display_name":"ESAMY","author_link":"https:\/\/vapestornado.com\/ro\/author\/"},"uagb_comment_info":1,"uagb_excerpt":"WGA Crystal Pro Max Extra 15000 Puffs rechargeable disposable vape with crystal design, mesh coil technology, 2% nicotine strength, and Type-C fast charging. Compact premium design for smooth flavour-stable vapour and strong EU retail demand. Add Amy's whatsapp get right reply and vape coupon! WhatsApp: +86 17776015835 &nbsp;","_links":{"self":[{"href":"https:\/\/vapestornado.com\/ro\/wp-json\/wp\/v2\/product\/3383","targetHints":{"allow":["GET"]}}],"collection":[{"href":"https:\/\/vapestornado.com\/ro\/wp-json\/wp\/v2\/product"}],"about":[{"href":"https:\/\/vapestornado.com\/ro\/wp-json\/wp\/v2\/types\/product"}],"replies":[{"embeddable":true,"href":"https:\/\/vapestornado.com\/ro\/wp-json\/wp\/v2\/comments?post=3383"}],"wp:featuredmedia":[{"embeddable":true,"href":"https:\/\/vapestornado.com\/ro\/wp-json\/wp\/v2\/media\/3378"}],"wp:attachment":[{"href":"https:\/\/vapestornado.com\/ro\/wp-json\/wp\/v2\/media?parent=3383"}],"wp:term":[{"taxonomy":"product_brand","embeddable":true,"href":"https:\/\/vapestornado.com\/ro\/wp-json\/wp\/v2\/product_brand?post=3383"},{"taxonomy":"product_cat","embeddable":true,"href":"https:\/\/vapestornado.com\/ro\/wp-json\/wp\/v2\/product_cat?post=3383"},{"taxonomy":"product_tag","embeddable":true,"href":"https:\/\/vapestornado.com\/ro\/wp-json\/wp\/v2\/product_tag?post=3383"}],"curies":[{"name":"wp","href":"https:\/\/api.w.org\/{rel}","templated":true}]}}