{"id":3367,"date":"2024-12-25T07:28:34","date_gmt":"2024-12-25T07:28:34","guid":{"rendered":"https:\/\/vapestornado.com\/?post_type=product&#038;p=3367"},"modified":"2025-08-23T12:20:25","modified_gmt":"2025-08-23T12:20:25","slug":"bang-box-20000-puffs-0-2-5-low-nicotine-rechargeable-digital-display-disposable-vape-pen-wholesale-bulk-buy","status":"publish","type":"product","link":"https:\/\/vapestornado.com\/ro\/product\/bang-box-20000-puffs-0-2-5-low-nicotine-rechargeable-digital-display-disposable-vape-pen-wholesale-bulk-buy\/","title":{"rendered":"Aivono Aim Boom 25000 Puffs Vape Pod-uri Reincarcabile de Unica Folosinta Magazin Online"},"content":{"rendered":"<h1 class=\"product-title\">Aivono Aim Boom 25000 Puffs Vape Pod-uri Reincarcabile de Unica Folosinta Magazin Online<\/h1>\n<p>Sistemul <strong>Vaporizator de unic\u0103 folosin\u021b\u0103 Bang Box 20000 Puffs<\/strong>, acum disponibil la <strong>vapestornad\u0103<\/strong>\u2014partenerul t\u0103u de \u00eencredere \u00een solu\u021bii premium de vapat. Acest dispozitiv de ultim\u0103 genera\u021bie este conceput pentru a satisface at\u00e2t utilizatorii ocazionali, c\u00e2t \u0219i vaperii experimenta\u021bi, oferind o experien\u021b\u0103 excep\u021bional\u0103 prin caracteristici avansate \u0219i performan\u021be de neegalat. Cu un impresionant <strong>20.000 de pufuri per unitate<\/strong>, Bang Box asigur\u0103 o pl\u0103cere de lung\u0103 durat\u0103, f\u0103r\u0103 inconvenientul \u00eenlocuirilor frecvente.<\/p>\n<p>Disponibil \u00een concentra\u021bii de nicotin\u0103 de <strong>0%, 2% \u0219i 5%<\/strong>, acest vape pen este perfect pentru cei care caut\u0103 op\u021biuni cu con\u021binut sc\u0103zut sau deloc de nicotin\u0103. Fie c\u0103 e\u0219ti un utilizator ocazional sau un vaper frecvent, Bang Box ofer\u0103 satisfac\u021bie adaptat\u0103 preferin\u021belor tale.<\/p>\n<h4><strong>Caracteristici inovatoare pentru vapat superior<\/strong><\/h4>\n<p>Sistemul <strong>Cutie Bang 20000 Pufuri<\/strong> se m\u00e2ndre\u0219te cu o serie de caracteristici remarcabile care \u00eel ridic\u0103 deasupra vape pen-urilor de unic\u0103 folosin\u021b\u0103 standard. Include un substan\u021bial <strong>capacitate de e-lichid de 35 ml<\/strong>, reduc\u00e2nd necesitatea reumplerilor frecvente. Alimentat de un <strong>baterie re\u00eenc\u0103rcabil\u0103 de 850mAh<\/strong>, acest dispozitiv asigur\u0103 performan\u021be constante pe parcursul sesiunilor extinse de vapat.<\/p>\n<p>A <strong>port modern de \u00eenc\u0103rcare Type-C<\/strong> permite o re\u00eenc\u0103rcare rapid\u0103 \u0219i eficient\u0103, asigur\u00e2ndu-te c\u0103 e\u0219ti mereu gata de vapat. <strong>afi\u0219aj digital<\/strong> ad\u0103ug\u0103 un strat de confort, permi\u021b\u00e2nd utilizatorilor s\u0103 monitorizeze cu u\u0219urin\u021b\u0103 durata de via\u021b\u0103 a bateriei \u0219i num\u0103rul de pufuri.<\/p>\n<p>Sistemul <strong>rezisten\u021b\u0103 de 0,8\u03a9 a bobinei mesh<\/strong> garanteaz\u0103 o produc\u021bie lin\u0103 de vapori \u0219i o livrare bogat\u0103 a aromei, f\u0103c\u00e2nd fiecare puf pl\u0103cut. \u00cen plus, <strong>vapestornad\u0103<\/strong> ofer\u0103 op\u021biuni de personalizare OEM\/ODM, perfecte pentru brandurile care doresc s\u0103-\u0219i personalizeze ambalajul sau s\u0103 r\u0103spund\u0103 cerin\u021belor specifice ale pie\u021bei.<\/p>\n<h4><strong>De ce s\u0103 alege\u021bi Bang Box 20000 Puffs?<\/strong><\/h4>\n<p>Acest dispozitiv se remarc\u0103 prin durabilitate, op\u021biuni de arome \u0219i versatilitate. Cu un design elegant \u0219i portabil, este ideal pentru utilizatorii mereu \u00een mi\u0219care, \u00een timp ce rezervorul de e-lichid de mare capacitate \u0219i bateria re\u00eenc\u0103rcabil\u0103 ofer\u0103 confort pentru vaperii obi\u0219nui\u021bi. Bang Box este disponibil \u00een vrac, fiind o alegere popular\u0103 pentru angrosi\u0219ti \u0219i comercian\u021bi cu am\u0103nuntul care caut\u0103 produse fiabile \u0219i foarte solicitate.<\/p>\n<p>&nbsp;<\/p>\n<p><span style=\"color: #ff0000;\"><strong>Adaug\u0103 r\u0103spunsul corect de pe Whatsapp al lui Amy \u0219i cuponul de vape!<\/strong><\/span><\/p>\n<p><img fetchpriority=\"high\" decoding=\"async\" class=\"size-full wp-image-2932\" src=\"https:\/\/vapestornado.com\/wp-content\/uploads\/2024\/12\/Vape-Wholesale.jpg\" alt=\"\u021aig\u0103ri electronice cu ridicata\" width=\"229\" height=\"300\" \/><\/p>\n<h3><a href=\"https:\/\/wa.me\/8617776015835\" target=\"_blank\" rel=\"noopener\"><span style=\"color: #ff0000;\"><strong>WhatsApp: +86 17776015835<\/strong><\/span><\/a><\/h3>\n<p>&nbsp;<\/p>\n<h2 class=\"product-title\">Bang Box 30000 \u021aig\u0103ri Electronice de Unic\u0103 Folosin\u021b\u0103<strong> Caracteristicile produsului<\/strong><\/h2>\n<div role=\"article\" data-tabster=\"{&quot;groupper&quot;:{&quot;tabbability&quot;:2},&quot;focusable&quot;:{}}\" data-content=\"ai-message\" aria-labelledby=\"juhNTJ6o7Gk1cgwZMJgv2-author juhNTJ6o7Gk1cgwZMJgv2-content\">\n<div id=\"juhNTJ6o7Gk1cgwZMJgv2-content\">\n<div role=\"article\" data-tabster=\"{&quot;groupper&quot;:{&quot;tabbability&quot;:2},&quot;focusable&quot;:{}}\" data-content=\"ai-message\" aria-labelledby=\"x4EZuCZWrTbh3weWUt7CU-author x4EZuCZWrTbh3weWUt7CU-content\">\n<div id=\"x4EZuCZWrTbh3weWUt7CU-content\">\n<div class=\"flex max-w-full flex-col flex-grow\">\n<div class=\"min-h-8 text-message flex w-full flex-col items-end gap-2 whitespace-normal break-words text-start [.text-message+&amp;]:mt-5\" dir=\"auto\" data-message-author-role=\"assistant\" data-message-id=\"52c6e00a-252f-4104-805d-2f1a84739c71\" data-message-model-slug=\"gpt-4o\">\n<div class=\"flex w-full flex-col gap-1 empty:hidden first:pt-[3px]\">\n<div class=\"markdown prose w-full break-words dark:prose-invert light\"><\/div>\n<\/div>\n<\/div>\n<\/div>\n<div class=\"mb-2 flex gap-3 empty:hidden -ml-2\">\n<h3><\/h3>\n<ol>\n<li><strong>Utilizare de lung\u0103 durat\u0103: <\/strong>Ofer\u0103 p\u00e2n\u0103 la 20.000 de pufuri, minimiz\u00e2nd nevoia de \u00eenlocuiri.<\/li>\n<li><strong>Op\u021biuni cu Nicotin\u0103 Sc\u0103zut\u0103: <\/strong>Disponibil \u00een concentra\u021bii de nicotin\u0103 de 0%, 2% \u0219i 5%, r\u0103spunz\u00e2nd preferin\u021belor diverse.<\/li>\n<li><strong>Capacitate mare de e-lichid: <\/strong>Rezervorul de 35 ml de e-lichid reduce frecven\u021ba reumplerii, ideal pentru utilizare prelungit\u0103.<\/li>\n<li><strong>Baterie re\u00eenc\u0103rcabil\u0103: <\/strong>Bateria de 850 mAh cu \u00eenc\u0103rcare de tip C asigur\u0103 o performan\u021b\u0103 constant\u0103.<\/li>\n<li><strong>Afi\u0219aj digital: <\/strong>Monitorizeaz\u0103 durata de via\u021b\u0103 a bateriei \u0219i num\u0103rul de pufuri pentru un plus de confort.<\/li>\n<li><strong>Produc\u021bie de vapori fin\u0103: <\/strong>Bobina mesh de 0.8\u03a9 ofer\u0103 arome bogate \u0219i satisf\u0103c\u0103toare de fiecare dat\u0103.<\/li>\n<\/ol>\n<\/div>\n<\/div>\n<\/div>\n<\/div>\n<\/div>\n<h2 class=\"product-title\"><strong>Arom\u0103 Popular\u0103 pentru Vapoarele de Unic\u0103 Folosin\u021b\u0103 Bang Box 30k Puffs<\/strong><\/h2>\n<p>&nbsp;<\/p>\n<p>1.C\u0103p\u0219uni \u0219i kiwi<br \/>\n2.kiwi, fructul pasiunii, guava<br \/>\n3.C\u0103p\u0219uni Pepene Ro\u0219u <strong><span style=\"color: #ff0000;\">&gt;&gt;&gt;&gt; Fierbinte!<\/span><\/strong><br \/>\n4.zmeur\u0103, pepene ro\u0219u<br \/>\n5.afine, zmeur\u0103 acr\u0103, ghea\u021b\u0103 <strong><span style=\"color: #ff0000;\">&gt;&gt;&gt;&gt; Fierbinte!<\/span><\/strong><br \/>\n6.Pepene ro\u0219u cu ghea\u021b\u0103<br \/>\n7.banan\u0103, ghea\u021b\u0103<br \/>\n8.mango, piersic\u0103<br \/>\n9.ghea\u021b\u0103 de zmeur\u0103 albastr\u0103 <strong><span style=\"color: #ff0000;\">&gt;&gt;&gt;&gt; Cel mai bun!<\/span><\/strong><br \/>\n10.Domnul albastru<br \/>\n11.struguri, ghea\u021b\u0103<br \/>\n12.mango cu ghea\u021b\u0103<\/p>\n<figure id=\"attachment_3344\" aria-describedby=\"caption-attachment-3344\" style=\"width: 1126px\" class=\"wp-caption alignnone\"><img decoding=\"async\" class=\"wp-image-3344 size-full\" src=\"https:\/\/vapestornado.com\/wp-content\/uploads\/2024\/12\/Bang-Box-Vape-Disposable-20000-Puffs-20k-Wholesale.jpg\" alt=\"Bang Box Vape de Unic\u0103 Folosin\u021b\u0103 20000 Puffs 20k En-gros\" width=\"1126\" height=\"1126\" srcset=\"https:\/\/vapestornado.com\/wp-content\/uploads\/2024\/12\/Bang-Box-Vape-Disposable-20000-Puffs-20k-Wholesale.jpg 1126w, https:\/\/vapestornado.com\/wp-content\/uploads\/2024\/12\/Bang-Box-Vape-Disposable-20000-Puffs-20k-Wholesale-300x300.jpg 300w, https:\/\/vapestornado.com\/wp-content\/uploads\/2024\/12\/Bang-Box-Vape-Disposable-20000-Puffs-20k-Wholesale-1024x1024.jpg 1024w, https:\/\/vapestornado.com\/wp-content\/uploads\/2024\/12\/Bang-Box-Vape-Disposable-20000-Puffs-20k-Wholesale-150x150.jpg 150w, https:\/\/vapestornado.com\/wp-content\/uploads\/2024\/12\/Bang-Box-Vape-Disposable-20000-Puffs-20k-Wholesale-768x768.jpg 768w, https:\/\/vapestornado.com\/wp-content\/uploads\/2024\/12\/Bang-Box-Vape-Disposable-20000-Puffs-20k-Wholesale-600x600.jpg 600w, https:\/\/vapestornado.com\/wp-content\/uploads\/2024\/12\/Bang-Box-Vape-Disposable-20000-Puffs-20k-Wholesale-100x100.jpg 100w\" sizes=\"(max-width: 1126px) 100vw, 1126px\" \/><figcaption id=\"caption-attachment-3344\" class=\"wp-caption-text\">Bang Box Vape de Unic\u0103 Folosin\u021b\u0103 20000 Puffs 20k En-gros<\/figcaption><\/figure>\n<div class=\"flex-shrink-0 flex flex-col relative items-end\">\n<div class=\"pt-0\">\n<div class=\"gizmo-bot-avatar flex h-8 w-8 items-center justify-center overflow-hidden rounded-full\">\n<div class=\"relative p-1 rounded-sm flex items-center justify-center bg-token-main-surface-primary text-token-text-primary h-8 w-8\">\n<h3>\u00centreb\u0103ri Frecvente pentru Vapa de Unic\u0103 Folosin\u021b\u0103 Bang Box 20000<\/h3>\n<h3><\/h3>\n<h4>1. <strong>Po\u021bi lua \u021big\u0103ri electronice de unic\u0103 folosin\u021b\u0103 \u00eentr-un avion?<\/strong><\/h4>\n<p>Da, \u021big\u0103rile electronice de unic\u0103 folosin\u021b\u0103, precum Bang Box, pot fi transportate \u00een bagajul de m\u00e2n\u0103, dar asigura\u021bi-v\u0103 c\u0103 dispozitivul este oprit \u0219i respecta\u021bi reglement\u0103rile companiilor aeriene privind bateriile \u0219i e-lichidele.<\/p>\n<h4>2. <strong>Cum re\u00eencarc Bang Box 20000 Puffs?<\/strong><\/h4>\n<p>Re\u00eenc\u0103rca\u021bi dispozitivul folosind portul de \u00eenc\u0103rcare Type-C inclus. Conecta\u021bi-l la un \u00eenc\u0103rc\u0103tor compatibil \u0219i monitoriza\u021bi starea bateriei prin intermediul afi\u0219ajului digital.<\/p>\n<h4>3. <strong>Cum \u0219tiu c\u00e2nd Bang Box este gol?<\/strong><\/h4>\n<p>Afi\u0219ajul digital de pe Bang Box arat\u0103 num\u0103rul de pufuri r\u0103mase. \u00cen plus, o arom\u0103 slab\u0103 sau o produc\u021bie redus\u0103 de vapori pot indica faptul c\u0103 dispozitivul a r\u0103mas f\u0103r\u0103 e-lichid.<\/p>\n<h4>4. <strong>Cum \u00eembun\u0103t\u0103\u021be\u0219te afi\u0219ajul digital experien\u021ba de vapat?<\/strong><\/h4>\n<p>Afi\u0219ajul \u00eei ajut\u0103 pe utilizatori s\u0103 urm\u0103reasc\u0103 durata de via\u021b\u0103 a bateriei \u0219i num\u0103rul de pufuri, asigur\u00e2ndu-se c\u0103 sunt mereu con\u0219tien\u021bi de starea dispozitivului pentru o experien\u021b\u0103 f\u0103r\u0103 \u00eentreruperi.<\/p>\n<h4>5. <strong>Care sunt beneficiile serviciilor OEM\/ODM pentru Bang Box?<\/strong><\/h4>\n<p>Op\u021biunile OEM\/ODM vapestornado permit companiilor s\u0103-\u0219i personalizeze brandingul, ambalajul \u0219i designul produselor pentru a se alinia mai bine nevoilor pie\u021bei, cre\u00e2nd o ofert\u0103 unic\u0103 pentru clien\u021bi.<\/p>\n<\/div>\n<\/div>\n<\/div>\n<\/div>\n<div class=\"flex-shrink-0 flex flex-col relative items-end\">\n<div class=\"pt-0\">\n<div class=\"gizmo-bot-avatar flex h-8 w-8 items-center justify-center overflow-hidden rounded-full\">\n<div class=\"relative p-1 rounded-sm flex items-center justify-center bg-token-main-surface-primary text-token-text-primary h-8 w-8\">\n<div class=\"mb-2 flex gap-3 empty:hidden -ml-2\">\n<div role=\"article\" data-tabster=\"{&quot;groupper&quot;:{&quot;tabbability&quot;:2},&quot;focusable&quot;:{}}\" data-content=\"ai-message\" aria-labelledby=\"Vdt5ez4X7Tg813x6rFVha-author Vdt5ez4X7Tg813x6rFVha-content\">\n<div id=\"Vdt5ez4X7Tg813x6rFVha-content\">\n<div role=\"article\" data-tabster=\"{&quot;groupper&quot;:{&quot;tabbability&quot;:2},&quot;focusable&quot;:{}}\" data-content=\"ai-message\" aria-labelledby=\"o968oC7CEo2fGHsGdsRYC-author o968oC7CEo2fGHsGdsRYC-content\">\n<div id=\"o968oC7CEo2fGHsGdsRYC-content\">\n<p>&nbsp;<\/p>\n<h3>De ce s\u0103 alege\u021bi vapestornado pentru cump\u0103rarea en-gros de \u021big\u0103ri electronice Bang Box 20000 Puffs?<\/h3>\n<div class=\"flex-shrink-0 flex flex-col relative items-end\">\n<div class=\"pt-0\">\n<div class=\"gizmo-bot-avatar flex h-8 w-8 items-center justify-center overflow-hidden rounded-full\">\n<div class=\"relative p-1 rounded-sm flex items-center justify-center bg-token-main-surface-primary text-token-text-primary h-8 w-8\">\n<p>Bun venit la vapestornado, magazinul t\u0103u online de \u00eencredere pentru vape-uri de unic\u0103 folosin\u021b\u0103 premium. Cu o experien\u021b\u0103 de peste 5 ani, \u00ee\u021bi aducem branduri populare de vape-uri de unic\u0103 folosin\u021b\u0103, precum Fumot RandM Vape, <a href=\"https:\/\/vapestornado.com\/ro\/product\/vapme-crystal-7000-puffs-rechargeable-disposable-vape-wholesale-cheap-price\/\">Vapme<\/a>, Bang Vape, Waspe Vape \u0219i WGA Vape, etc.<\/p>\n<p>Gama noastr\u0103 include vape-uri populare precum <a href=\"https:\/\/vapestornado.com\/ro\/product\/fumot-randm-tornado-15000-puffs-rechargeable-disposable-vape-wholesale\/\">RandM Tornado 15000<\/a>, \u0219i op\u021biuni bogate \u00een arome, precum <a href=\"https:\/\/vapestornado.com\/ro\/product\/vapsolo-dg-18000-puffs-smart-screen-wholesale-disposable-cheap-vapes\/\">\u00a0Vapsolo DG18000 Pufuri<\/a> . Fiecare produs este ales cu accent pe calitate, valoare \u0219i varietate, asigur\u00e2ndu-ne c\u0103 g\u0103se\u0219ti potrivirea perfect\u0103 pentru nevoile tale. Descoper\u0103 servicii excep\u021bionale \u0219i o gam\u0103 larg\u0103 de produse de top cu pre\u021buri de gros la vapestornado.<\/p>\n<\/div>\n<p>&nbsp;<\/p>\n<p><strong>Alte Vape-uri de Unic\u0103 Folosin\u021b\u0103 Populare<\/strong><\/p>\n<p><a href=\"https:\/\/vapestornado.com\/ro\/product\/aivono-flash-35000-puffs-rechargeable-disposable-vape-bulk-buy\/\">Aivono Flash 35000 Pufuri <span style=\"color: #ff0000;\"><strong>&gt;&gt;&gt;&gt; Du-te !<\/strong><\/span><\/a><\/p>\n<p><a href=\"https:\/\/vapestornado.com\/ro\/product\/vapme-crystal-7000-puffs-rechargeable-disposable-vape-wholesale-cheap-price\/\">Vape Crystal 7000 <span style=\"color: #ff0000;\"><strong>&gt;&gt;&gt;&gt; Du-te !<\/strong><\/span><\/a><\/p>\n<p><a href=\"https:\/\/vapestornado.com\/ro\/product\/bood-twins-46000-puff-double-flavour-low-nicotine-disposable-vape-wholesale-bulk-buy-price\/\">Bood Twins 46000<span style=\"color: #ff0000;\"><strong>&gt;&gt;&gt;&gt; Du-te !<\/strong><\/span><\/a><\/p>\n<\/div>\n<\/div>\n<\/div>\n<p>&nbsp;<\/p>\n<\/div>\n<\/div>\n<\/div>\n<\/div>\n<\/div>\n<\/div>\n<\/div>\n<\/div>\n<\/div>","protected":false},"excerpt":{"rendered":"<p>Bang Box 20000 Puffs Vapori de unic\u0103 folosin\u021b\u0103 Puff 20K Vape Pen<br \/>\nBang Box 20K 20000 Puff Vaporizator de unic\u0103 folosin\u021b\u0103 re\u00eenc\u0103rcabil Pre\u021b ieftin<br \/>\nBang Box 20K 20000 Puff Vaporizator de unic\u0103 folosin\u021b\u0103 cu afi\u0219aj digital inteligent<\/p>\n<p><strong>Adaug\u0103 whatsapp-ul lui Amy pentru a primi r\u0103spuns imediat \u0219i un cupon de vape!<\/strong><\/p>\n<p><img fetchpriority=\"high\" decoding=\"async\" class=\"size-full wp-image-2932\" src=\"https:\/\/vapestornado.com\/wp-content\/uploads\/2024\/12\/Vape-Wholesale.jpg\" alt=\"\u021aig\u0103ri electronice cu ridicata\" width=\"229\" height=\"300\" \/><\/p>\n<h3><a href=\"https:\/\/wa.me\/8617776015835\"><span style=\"color: #ff0000;\"><strong>WhatsApp: +86 17776015835<\/strong><\/span><\/a><\/h3>\n<p>&nbsp;<\/p>","protected":false},"featured_media":3346,"comment_status":"open","ping_status":"closed","template":"","meta":{"_acf_changed":false,"_uag_custom_page_level_css":"","_lmt_disableupdate":"no","_lmt_disable":"","_monsterinsights_skip_tracking":false,"_monsterinsights_sitenote_active":false,"_monsterinsights_sitenote_note":"","_monsterinsights_sitenote_category":0,"site-sidebar-layout":"default","site-content-layout":"","ast-site-content-layout":"default","site-content-style":"default","site-sidebar-style":"default","ast-global-header-display":"","ast-banner-title-visibility":"","ast-main-header-display":"","ast-hfb-above-header-display":"","ast-hfb-below-header-display":"","ast-hfb-mobile-header-display":"","site-post-title":"","ast-breadcrumbs-content":"","ast-featured-img":"","footer-sml-layout":"","ast-disable-related-posts":"","theme-transparent-header-meta":"default","adv-header-id-meta":"","stick-header-meta":"","header-above-stick-meta":"","header-main-stick-meta":"","header-below-stick-meta":"","astra-migrate-meta-layouts":"set","ast-page-background-enabled":"default","ast-page-background-meta":{"desktop":{"background-color":"","background-image":"","background-repeat":"repeat","background-position":"center center","background-size":"auto","background-attachment":"scroll","background-type":"","background-media":"","overlay-type":"","overlay-color":"","overlay-opacity":"","overlay-gradient":""},"tablet":{"background-color":"","background-image":"","background-repeat":"repeat","background-position":"center center","background-size":"auto","background-attachment":"scroll","background-type":"","background-media":"","overlay-type":"","overlay-color":"","overlay-opacity":"","overlay-gradient":""},"mobile":{"background-color":"","background-image":"","background-repeat":"repeat","background-position":"center center","background-size":"auto","background-attachment":"scroll","background-type":"","background-media":"","overlay-type":"","overlay-color":"","overlay-opacity":"","overlay-gradient":""}},"ast-content-background-meta":{"desktop":{"background-color":"var(--ast-global-color-5)","background-image":"","background-repeat":"repeat","background-position":"center center","background-size":"auto","background-attachment":"scroll","background-type":"","background-media":"","overlay-type":"","overlay-color":"","overlay-opacity":"","overlay-gradient":""},"tablet":{"background-color":"var(--ast-global-color-5)","background-image":"","background-repeat":"repeat","background-position":"center center","background-size":"auto","background-attachment":"scroll","background-type":"","background-media":"","overlay-type":"","overlay-color":"","overlay-opacity":"","overlay-gradient":""},"mobile":{"background-color":"var(--ast-global-color-5)","background-image":"","background-repeat":"repeat","background-position":"center center","background-size":"auto","background-attachment":"scroll","background-type":"","background-media":"","overlay-type":"","overlay-color":"","overlay-opacity":"","overlay-gradient":""}},"_joinchat":{"telephone":"+8617776015835"}},"product_brand":[],"product_cat":[69,64,152,156,160,142,144,19],"product_tag":[200,201,196,165,105,97,166,94],"class_list":{"0":"post-3367","1":"product","2":"type-product","3":"status-publish","4":"has-post-thumbnail","6":"product_cat-20000-puff","7":"product_cat-bangbox-vape","8":"product_cat-buy-disposable-vapes-in-cermany","9":"product_cat-buy-disposable-vapes-in-poland","10":"product_cat-buy-disposable-vapes-in-switzerland","11":"product_cat-digital-box-disposable-vapes","12":"product_cat-low-nicotine-disposable-vapes","13":"product_cat-vapes","14":"product_tag-bang-box-20000","15":"product_tag-bang-box-20k","16":"product_tag-bang-vape","17":"product_tag-cheap-vapes","18":"product_tag-digital-disposable-vape","19":"product_tag-hot-sale-disposable-vape","20":"product_tag-low-nicotine-vape","21":"product_tag-rechargeable-disposable-vape","22":"desktop-align-left","23":"tablet-align-left","24":"mobile-align-left","26":"first","27":"instock","28":"sale","29":"shipping-taxable","30":"purchasable","31":"product-type-simple"},"acf":[],"uagb_featured_image_src":{"full":["https:\/\/vapestornado.com\/wp-content\/uploads\/2024\/12\/Bang-Box-Vape-Disposable-Wholesale-20000-Puffs.jpg",1126,1126,false],"thumbnail":["https:\/\/vapestornado.com\/wp-content\/uploads\/2024\/12\/Bang-Box-Vape-Disposable-Wholesale-20000-Puffs-150x150.jpg",150,150,true],"medium":["https:\/\/vapestornado.com\/wp-content\/uploads\/2024\/12\/Bang-Box-Vape-Disposable-Wholesale-20000-Puffs-300x300.jpg",300,300,true],"medium_large":["https:\/\/vapestornado.com\/wp-content\/uploads\/2024\/12\/Bang-Box-Vape-Disposable-Wholesale-20000-Puffs-768x768.jpg",768,768,true],"large":["https:\/\/vapestornado.com\/wp-content\/uploads\/2024\/12\/Bang-Box-Vape-Disposable-Wholesale-20000-Puffs-1024x1024.jpg",1024,1024,true],"1536x1536":["https:\/\/vapestornado.com\/wp-content\/uploads\/2024\/12\/Bang-Box-Vape-Disposable-Wholesale-20000-Puffs.jpg",1126,1126,false],"2048x2048":["https:\/\/vapestornado.com\/wp-content\/uploads\/2024\/12\/Bang-Box-Vape-Disposable-Wholesale-20000-Puffs.jpg",1126,1126,false],"trp-custom-language-flag":["https:\/\/vapestornado.com\/wp-content\/uploads\/2024\/12\/Bang-Box-Vape-Disposable-Wholesale-20000-Puffs.jpg",12,12,false],"woocommerce_thumbnail":["https:\/\/vapestornado.com\/wp-content\/uploads\/2024\/12\/Bang-Box-Vape-Disposable-Wholesale-20000-Puffs-300x300.jpg",300,300,true],"woocommerce_single":["https:\/\/vapestornado.com\/wp-content\/uploads\/2024\/12\/Bang-Box-Vape-Disposable-Wholesale-20000-Puffs-600x600.jpg",600,600,true],"woocommerce_gallery_thumbnail":["https:\/\/vapestornado.com\/wp-content\/uploads\/2024\/12\/Bang-Box-Vape-Disposable-Wholesale-20000-Puffs-100x100.jpg",100,100,true]},"uagb_author_info":{"display_name":"ESAMY","author_link":"https:\/\/vapestornado.com\/ro\/author\/"},"uagb_comment_info":0,"uagb_excerpt":"Original Bang Box 20000 Puffs Disposable Vapes Puff 20K Vape Pen Bang Box 20K 20000 Puff Rechargeable Disposable Vape Cheap Price Bang Box 20K 20000 Puff Disposable Vape with Smart Screen Digital Display Add Amy's whatsapp get right reply and vape coupon! WhatsApp: +86 17776015835 &nbsp;","_links":{"self":[{"href":"https:\/\/vapestornado.com\/ro\/wp-json\/wp\/v2\/product\/3367","targetHints":{"allow":["GET"]}}],"collection":[{"href":"https:\/\/vapestornado.com\/ro\/wp-json\/wp\/v2\/product"}],"about":[{"href":"https:\/\/vapestornado.com\/ro\/wp-json\/wp\/v2\/types\/product"}],"replies":[{"embeddable":true,"href":"https:\/\/vapestornado.com\/ro\/wp-json\/wp\/v2\/comments?post=3367"}],"wp:featuredmedia":[{"embeddable":true,"href":"https:\/\/vapestornado.com\/ro\/wp-json\/wp\/v2\/media\/3346"}],"wp:attachment":[{"href":"https:\/\/vapestornado.com\/ro\/wp-json\/wp\/v2\/media?parent=3367"}],"wp:term":[{"taxonomy":"product_brand","embeddable":true,"href":"https:\/\/vapestornado.com\/ro\/wp-json\/wp\/v2\/product_brand?post=3367"},{"taxonomy":"product_cat","embeddable":true,"href":"https:\/\/vapestornado.com\/ro\/wp-json\/wp\/v2\/product_cat?post=3367"},{"taxonomy":"product_tag","embeddable":true,"href":"https:\/\/vapestornado.com\/ro\/wp-json\/wp\/v2\/product_tag?post=3367"}],"curies":[{"name":"wp","href":"https:\/\/api.w.org\/{rel}","templated":true}]}}