{"id":3366,"date":"2024-12-25T06:29:01","date_gmt":"2024-12-25T06:29:01","guid":{"rendered":"https:\/\/vapestornado.com\/?post_type=product&#038;p=3366"},"modified":"2025-08-23T12:25:43","modified_gmt":"2025-08-23T12:25:43","slug":"bang-box-30000-30k-puffs-low-nicotine-bulk-buy-rechargeable-digital-display-disposable-vapes-pen-wholesale","status":"publish","type":"product","link":"https:\/\/vapestornado.com\/ro\/product\/bang-box-30000-30k-puffs-low-nicotine-bulk-buy-rechargeable-digital-display-disposable-vapes-pen-wholesale\/","title":{"rendered":"Bang Box 30000 30k Puffs Nicotin\u0103 Redus\u0103 Cump\u0103rare \u00een Vrac Re\u00eenc\u0103rcabil Afi\u0219aj Digital Vapori de Unic\u0103 Folosin\u021b\u0103 en-gros"},"content":{"rendered":"<h1 class=\"product-title\">Bang Box 30000 30k Puffs Nicotin\u0103 Redus\u0103 Cump\u0103rare \u00een Vrac Re\u00eenc\u0103rcabil Afi\u0219aj Digital Vapori de Unic\u0103 Folosin\u021b\u0103 en-gros<\/h1>\n<p>Sistemul <strong>Bang Box 30000 30k Puffs Nicotin\u0103 Redus\u0103 Afi\u0219aj Digital Re\u00eenc\u0103rcabil \u021aig\u0103ri Electronice de Unic\u0103 Folosin\u021b\u0103<\/strong> este dispozitivul t\u0103u de referin\u021b\u0103 pentru o experien\u021b\u0103 de vapat de lung\u0103 durat\u0103, savuroas\u0103 \u0219i convenabil\u0103. Conceput pentru vaperii care cer calitate \u0219i inova\u021bie, acest dispozitiv ofer\u0103 o capacitate uimitoare de <strong>30.000 de pufuri<\/strong> alimentat de o baterie fiabil\u0103 de <strong>baterie re\u00eenc\u0103rcabil\u0103 de 850mAh<\/strong>.<\/p>\n<p>Cu <strong>capacitate de 35ml de e-lichid<\/strong>, un <strong>rezisten\u021ba dubl\u0103 tip mesh<\/strong>\u0219i <strong>2 moduri de vapat (Normal\/Boost)<\/strong>, Bang Box ofer\u0103 o vapare consistent\u0103, bogat\u0103 \u00een abur \u0219i arom\u0103. Afi\u0219ajul <strong>Afi\u0219aj cu ecran inteligent LED<\/strong> te \u021bine la curent cu nivelurile de e-lichid \u0219i starea bateriei, asigur\u00e2ndu-se c\u0103 e\u0219ti mereu preg\u0103tit s\u0103 vapezi.<\/p>\n<p>Disponibil \u00een <strong>12 arome premium<\/strong> \u0219i multiple concentra\u021bii de nicotin\u0103 (0%, 2%, 3%, 5%), acest <strong>vape de unic\u0103 folosin\u021b\u0103 de top<\/strong> este perfect pentru cei care caut\u0103 varietate \u0219i accesibilitate. Cutia <strong>Cutie Bang 30000<\/strong> este o alegere excelent\u0103 pentru <strong>cump\u0103r\u0103torii angro<\/strong>, oferind o valoare excep\u021bional\u0103 f\u0103r\u0103 a compromite performan\u021ba.<\/p>\n<p>&nbsp;<\/p>\n<p><strong>Adaug\u0103 r\u0103spunsul corect de pe Whatsapp al lui Amy \u0219i cuponul de vape!<\/strong><\/p>\n<p><img fetchpriority=\"high\" decoding=\"async\" class=\"size-full wp-image-2932\" src=\"https:\/\/vapestornado.com\/wp-content\/uploads\/2024\/12\/Vape-Wholesale.jpg\" alt=\"\u021aig\u0103ri electronice cu ridicata\" width=\"229\" height=\"300\" \/><\/p>\n<h3><a href=\"https:\/\/wa.me\/8617776015835\" target=\"_blank\" rel=\"noopener\"><span style=\"color: #ff0000;\"><strong>WhatsApp: +86 17776015835<\/strong><\/span><\/a><\/h3>\n<p>&nbsp;<\/p>\n<h2 class=\"product-title\">Bang Box 30000 \u021aig\u0103ri Electronice de Unic\u0103 Folosin\u021b\u0103<strong> Caracteristicile produsului<\/strong><\/h2>\n<div role=\"article\" data-tabster=\"{&quot;groupper&quot;:{&quot;tabbability&quot;:2},&quot;focusable&quot;:{}}\" data-content=\"ai-message\" aria-labelledby=\"juhNTJ6o7Gk1cgwZMJgv2-author juhNTJ6o7Gk1cgwZMJgv2-content\">\n<div id=\"juhNTJ6o7Gk1cgwZMJgv2-content\">\n<div role=\"article\" data-tabster=\"{&quot;groupper&quot;:{&quot;tabbability&quot;:2},&quot;focusable&quot;:{}}\" data-content=\"ai-message\" aria-labelledby=\"x4EZuCZWrTbh3weWUt7CU-author x4EZuCZWrTbh3weWUt7CU-content\">\n<div id=\"x4EZuCZWrTbh3weWUt7CU-content\">\n<div class=\"flex max-w-full flex-col flex-grow\">\n<div class=\"min-h-8 text-message flex w-full flex-col items-end gap-2 whitespace-normal break-words text-start [.text-message+&amp;]:mt-5\" dir=\"auto\" data-message-author-role=\"assistant\" data-message-id=\"52c6e00a-252f-4104-805d-2f1a84739c71\" data-message-model-slug=\"gpt-4o\">\n<div class=\"flex w-full flex-col gap-1 empty:hidden first:pt-[3px]\">\n<div class=\"markdown prose w-full break-words dark:prose-invert light\">\n<h3><\/h3>\n<ol>\n<li><strong>Capacitate de 30,000 Puffs:<\/strong> Bucura\u021bi-v\u0103 de vapare ne\u00eentrerupt\u0103 s\u0103pt\u0103m\u00e2ni sau chiar luni.<\/li>\n<li><strong>Baterie re\u00eenc\u0103rcabil\u0103:<\/strong> Sistemul <strong>baterie de 850mAh<\/strong> cu \u00eenc\u0103rcare rapid\u0103 de tip C asigur\u0103 o utilizare de lung\u0103 durat\u0103.<\/li>\n<li><strong>Ecran Inteligent cu LED:<\/strong> Monitorizeaz\u0103 cu u\u0219urin\u021b\u0103 nivelurile de e-lichid \u0219i baterie pentru o experien\u021b\u0103 f\u0103r\u0103 probleme.<\/li>\n<li><strong>Tehnologie Dual Mesh Coil:<\/strong> Ofer\u0103 vapori netezi \u0219i o arom\u0103 consistent\u0103 la fiecare puf.<\/li>\n<li><strong>Rezervor de 35ml E-Lichid:<\/strong> Asigur\u0103 sesiuni de vaping prelungite f\u0103r\u0103 re\u00eenc\u0103rc\u0103ri frecvente.<\/li>\n<li><strong>2 Moduri de Vaping:<\/strong> Comuta\u021bi \u00eentre <strong>modurile Normal \u0219i Boost<\/strong> pentru o produc\u021bie de vapori personalizabil\u0103.<\/li>\n<li><strong>12 Arome Disponibile:<\/strong> Alege\u021bi dintr-o gam\u0103 de op\u021biuni fructate \u0219i r\u0103coritoare pentru a se potrivi gustului dumneavoastr\u0103.<\/li>\n<li><strong>Op\u021biuni cu Nicotin\u0103 Sc\u0103zut\u0103:<\/strong> Selecta\u021bi din concentra\u021biile de nicotin\u0103 0%, 2%, 3% sau 5% pentru a se potrivi preferin\u021belor dumneavoastr\u0103.<\/li>\n<li><strong>Pre\u021b de en-gros accesibil:<\/strong> Ideal pentru cump\u0103r\u0103torii \u00een vrac care caut\u0103 vapoare de unic\u0103 folosin\u021b\u0103 de \u00eenalt\u0103 calitate.<\/li>\n<\/ol>\n<\/div>\n<\/div>\n<\/div>\n<\/div>\n<div class=\"mb-2 flex gap-3 empty:hidden -ml-2\"><\/div>\n<\/div>\n<\/div>\n<\/div>\n<\/div>\n<h2 class=\"product-title\"><strong>Arom\u0103 Popular\u0103 pentru Vapoarele de Unic\u0103 Folosin\u021b\u0103 Bang Box 30k Puffs<\/strong><\/h2>\n<p>1.C\u0103p\u0219uni \u0219i kiwi<br \/>\n2.Explozie neagr\u0103 <strong><span style=\"color: #ff0000;\">&gt;&gt;&gt;&gt; Fierbinte!<\/span><\/strong><br \/>\n3.C\u0103p\u0219uni Pepene Ro\u0219u<br \/>\n4.Fructul pasiunii<br \/>\n5.Afine, Zmeur\u0103 Acri\u0219oar\u0103 cu ghea\u021b\u0103 <strong><span style=\"color: #ff0000;\">&gt;&gt;&gt;&gt; Cel mai bun!<\/span><\/strong><br \/>\n6.Pepene ro\u0219u cu ghea\u021b\u0103<br \/>\n7.Afine \u0219i rodie <strong><span style=\"color: #ff0000;\">&gt;&gt;&gt;&gt; Fierbinte!<\/span><\/strong><br \/>\n8.M\u0103r \u0219i piersic\u0103<br \/>\n9. Ghea\u021b\u0103 de afine<br \/>\n10. Struguri dubli<br \/>\n11. Explozie albastr\u0103<br \/>\n12. Suc de jungl\u0103<\/p>\n<p>&nbsp;<\/p>\n<figure id=\"attachment_3357\" aria-describedby=\"caption-attachment-3357\" style=\"width: 1241px\" class=\"wp-caption alignnone\"><img decoding=\"async\" class=\"wp-image-3357 size-full\" src=\"https:\/\/vapestornado.com\/wp-content\/uploads\/2024\/12\/Bang-Vape-Disposable-30000-Puffs-Wholesale.jpg\" alt=\"Tigari electronice de unic\u0103 folosin\u021b\u0103 Bang Vape 30000 Puffs en-gros\" width=\"1241\" height=\"2038\" srcset=\"https:\/\/vapestornado.com\/wp-content\/uploads\/2024\/12\/Bang-Vape-Disposable-30000-Puffs-Wholesale.jpg 1241w, https:\/\/vapestornado.com\/wp-content\/uploads\/2024\/12\/Bang-Vape-Disposable-30000-Puffs-Wholesale-183x300.jpg 183w, https:\/\/vapestornado.com\/wp-content\/uploads\/2024\/12\/Bang-Vape-Disposable-30000-Puffs-Wholesale-624x1024.jpg 624w, https:\/\/vapestornado.com\/wp-content\/uploads\/2024\/12\/Bang-Vape-Disposable-30000-Puffs-Wholesale-768x1261.jpg 768w, https:\/\/vapestornado.com\/wp-content\/uploads\/2024\/12\/Bang-Vape-Disposable-30000-Puffs-Wholesale-935x1536.jpg 935w, https:\/\/vapestornado.com\/wp-content\/uploads\/2024\/12\/Bang-Vape-Disposable-30000-Puffs-Wholesale-600x985.jpg 600w\" sizes=\"(max-width: 1241px) 100vw, 1241px\" \/><figcaption id=\"caption-attachment-3357\" class=\"wp-caption-text\">Tigari electronice de unic\u0103 folosin\u021b\u0103 Bang Vape 30000 Puffs en-gros<\/figcaption><\/figure>\n<div class=\"flex-shrink-0 flex flex-col relative items-end\">\n<div class=\"pt-0\">\n<div class=\"gizmo-bot-avatar flex h-8 w-8 items-center justify-center overflow-hidden rounded-full\">\n<div class=\"relative p-1 rounded-sm flex items-center justify-center bg-token-main-surface-primary text-token-text-primary h-8 w-8\">\n<h3>\u00centreb\u0103ri frecvente despre tigara electronic\u0103 de unic\u0103 folosin\u021b\u0103 Bang Box 30000<\/h3>\n<h3><\/h3>\n<ol>\n<li><strong>C\u00e2te pufuri ofer\u0103 Bang Box 30k?<\/strong><br \/>\nDispozitivul ofer\u0103 o cantitate impresionant\u0103 <strong>30.000 de pufuri<\/strong>, f\u0103c\u00e2ndu-l una dintre cele mai longevive vapoare de unic\u0103 folosin\u021b\u0103 disponibile.<\/li>\n<li><strong>Pot re\u00eenc\u0103rca BangBox 30000?<\/strong><br \/>\nDa, este dotat cu un <strong>baterie re\u00eenc\u0103rcabil\u0103 de 850mAh<\/strong> cu \u00eenc\u0103rcare rapid\u0103 de tip C pentru comoditate.<\/li>\n<li><strong>Ce este special la bobina cu plas\u0103 dubl\u0103?<\/strong><br \/>\nSistemul <strong>rezisten\u021ba dubl\u0103 tip mesh<\/strong> asigur\u0103 o arom\u0103 \u00eembun\u0103t\u0103\u021bit\u0103 \u0219i o produc\u021bie de vapori fin\u0103 pentru o experien\u021b\u0103 optim\u0103 de vapat.<\/li>\n<li><strong>Ce concentra\u021bii de nicotin\u0103 sunt disponibile pentru BangBOX 30K?<\/strong><br \/>\nAlege\u021bi dintre <strong>Niveluri de nicotin\u0103 de 0%, 2%, 3% sau 5%<\/strong>, r\u0103spunz\u00e2nd unei variet\u0103\u021bi de preferin\u021be.<\/li>\n<li><strong>De unde pot cump\u0103ra Bang Box 30000 la pre\u021buri de en-gros?<\/strong><br \/>\nPentru cele mai bune oferte \u0219i pre\u021buri competitive, vizita\u021bi <strong>magazinul online de vape vapestornado<\/strong> pentru a achizi\u021biona Bang Box 30000 \u00een vrac!<\/li>\n<\/ol>\n<\/div>\n<\/div>\n<\/div>\n<\/div>\n<div class=\"flex-shrink-0 flex flex-col relative items-end\">\n<div class=\"pt-0\">\n<div class=\"gizmo-bot-avatar flex h-8 w-8 items-center justify-center overflow-hidden rounded-full\">\n<div class=\"relative p-1 rounded-sm flex items-center justify-center bg-token-main-surface-primary text-token-text-primary h-8 w-8\">\n<div class=\"mb-2 flex gap-3 empty:hidden -ml-2\">\n<div role=\"article\" data-tabster=\"{&quot;groupper&quot;:{&quot;tabbability&quot;:2},&quot;focusable&quot;:{}}\" data-content=\"ai-message\" aria-labelledby=\"Vdt5ez4X7Tg813x6rFVha-author Vdt5ez4X7Tg813x6rFVha-content\">\n<div id=\"Vdt5ez4X7Tg813x6rFVha-content\">\n<div role=\"article\" data-tabster=\"{&quot;groupper&quot;:{&quot;tabbability&quot;:2},&quot;focusable&quot;:{}}\" data-content=\"ai-message\" aria-labelledby=\"o968oC7CEo2fGHsGdsRYC-author o968oC7CEo2fGHsGdsRYC-content\">\n<div id=\"o968oC7CEo2fGHsGdsRYC-content\">\n<p>&nbsp;<\/p>\n<h3>De ce s\u0103 alege\u021bi vapestornado pentru v\u00e2nzarea en-gros a \u021big\u0103rilor electronice Bang Box 30000 Puffs?<\/h3>\n<div class=\"flex-shrink-0 flex flex-col relative items-end\">\n<div class=\"pt-0\">\n<div class=\"gizmo-bot-avatar flex h-8 w-8 items-center justify-center overflow-hidden rounded-full\">\n<div class=\"relative p-1 rounded-sm flex items-center justify-center bg-token-main-surface-primary text-token-text-primary h-8 w-8\">\n<p>Bun venit la vapestornado, magazinul t\u0103u online de \u00eencredere pentru vape-uri de unic\u0103 folosin\u021b\u0103 premium. Cu o experien\u021b\u0103 de peste 5 ani, \u00ee\u021bi aducem branduri populare de vape-uri de unic\u0103 folosin\u021b\u0103, precum Fumot RandM Vape, <a href=\"https:\/\/vapestornado.com\/ro\/product\/vapme-crystal-7000-puffs-rechargeable-disposable-vape-wholesale-cheap-price\/\">Vapme<\/a>, Bang Vape, Waspe Vape \u0219i WGA Vape, etc.<\/p>\n<p>Gama noastr\u0103 include vape-uri populare precum <a href=\"https:\/\/vapestornado.com\/ro\/product\/fumot-randm-tornado-15000-puffs-rechargeable-disposable-vape-wholesale\/\">RandM Tornado 15000<\/a>, \u0219i op\u021biuni bogate \u00een arome, precum <a href=\"https:\/\/vapestornado.com\/ro\/product\/vapsolo-dg-18000-puffs-smart-screen-wholesale-disposable-cheap-vapes\/\">\u00a0Vapsolo DG18000 Pufuri<\/a> . Fiecare produs este ales cu accent pe calitate, valoare \u0219i varietate, asigur\u00e2ndu-ne c\u0103 g\u0103se\u0219ti potrivirea perfect\u0103 pentru nevoile tale. Descoper\u0103 servicii excep\u021bionale \u0219i o gam\u0103 larg\u0103 de produse de top cu pre\u021buri de gros la vapestornado.<\/p>\n<\/div>\n<p>&nbsp;<\/p>\n<p>Alte Vape-uri de Unic\u0103 Folosin\u021b\u0103 Populare<\/p>\n<p><a href=\"https:\/\/vapestornado.com\/ro\/product\/bang-box-30000-puffs-double-flavour-0-2-5-low-nicotine-bulk-buy-rechargeable-disposable-vapes-pen-wholesale\/\">Bang Box 30000 Puffs Arom\u0103 Dubl\u0103 <span style=\"color: #ff0000;\"><strong>&gt;&gt;&gt;&gt; Du-te !<\/strong><\/span><\/a><\/p>\n<p><a href=\"https:\/\/vapestornado.com\/ro\/product\/randm-12000-puffs-fumot-digital-disposable-vape-wholesale-price\/\">Digital RandM 12000 <span style=\"color: #ff0000;\"><strong>&gt;&gt;&gt;&gt; Du-te !<\/strong><\/span><\/a><\/p>\n<p><a href=\"https:\/\/vapestornado.com\/ro\/product\/vapme-crystal-7000-puffs-rechargeable-disposable-vape-wholesale-cheap-price\/\">Vape Crystal 7000 <span style=\"color: #ff0000;\"><strong>&gt;&gt;&gt;&gt; Du-te !<\/strong><\/span><\/a><\/p>\n<\/div>\n<\/div>\n<\/div>\n<p>&nbsp;<\/p>\n<\/div>\n<\/div>\n<\/div>\n<\/div>\n<\/div>\n<\/div>\n<\/div>\n<\/div>\n<\/div>","protected":false},"excerpt":{"rendered":"<p>Bang Box 30000 30k Puffs 0% 2% 5% Nicotin\u0103 Redus\u0103 \u021aig\u0103ri Electronice de Unic\u0103 Folosin\u021b\u0103 Pre\u021b de Cump\u0103rare \u00een Vrac<br \/>\nBang Box 30000 Puffs \u021aig\u0103ri Electronice de Unic\u0103 Folosin\u021b\u0103 Re\u00eenc\u0103rcabile en-gros<br \/>\nPre\u021b Ieftin de Fabric\u0103 Bang Box Vape 30000 Puffs Toate Aromele \u00een Stoc<\/p>\n<p><strong>Adaug\u0103 whatsapp-ul lui Amy pentru a primi r\u0103spuns imediat \u0219i un cupon de vape!<\/strong><\/p>\n<p><img fetchpriority=\"high\" decoding=\"async\" class=\"size-full wp-image-2932\" src=\"https:\/\/vapestornado.com\/wp-content\/uploads\/2024\/12\/Vape-Wholesale.jpg\" alt=\"\u021aig\u0103ri electronice cu ridicata\" width=\"229\" height=\"300\" \/><\/p>\n<h3><a href=\"https:\/\/wa.me\/8617776015835\"><span style=\"color: #ff0000;\"><strong>WhatsApp: +86 17776015835<\/strong><\/span><\/a><\/h3>\n<p>&nbsp;<\/p>","protected":false},"featured_media":3350,"comment_status":"open","ping_status":"closed","template":"","meta":{"_acf_changed":false,"_uag_custom_page_level_css":"","_lmt_disableupdate":"no","_lmt_disable":"","_monsterinsights_skip_tracking":false,"_monsterinsights_sitenote_active":false,"_monsterinsights_sitenote_note":"","_monsterinsights_sitenote_category":0,"site-sidebar-layout":"default","site-content-layout":"","ast-site-content-layout":"default","site-content-style":"default","site-sidebar-style":"default","ast-global-header-display":"","ast-banner-title-visibility":"","ast-main-header-display":"","ast-hfb-above-header-display":"","ast-hfb-below-header-display":"","ast-hfb-mobile-header-display":"","site-post-title":"","ast-breadcrumbs-content":"","ast-featured-img":"","footer-sml-layout":"","ast-disable-related-posts":"","theme-transparent-header-meta":"default","adv-header-id-meta":"","stick-header-meta":"","header-above-stick-meta":"","header-main-stick-meta":"","header-below-stick-meta":"","astra-migrate-meta-layouts":"set","ast-page-background-enabled":"default","ast-page-background-meta":{"desktop":{"background-color":"","background-image":"","background-repeat":"repeat","background-position":"center center","background-size":"auto","background-attachment":"scroll","background-type":"","background-media":"","overlay-type":"","overlay-color":"","overlay-opacity":"","overlay-gradient":""},"tablet":{"background-color":"","background-image":"","background-repeat":"repeat","background-position":"center center","background-size":"auto","background-attachment":"scroll","background-type":"","background-media":"","overlay-type":"","overlay-color":"","overlay-opacity":"","overlay-gradient":""},"mobile":{"background-color":"","background-image":"","background-repeat":"repeat","background-position":"center center","background-size":"auto","background-attachment":"scroll","background-type":"","background-media":"","overlay-type":"","overlay-color":"","overlay-opacity":"","overlay-gradient":""}},"ast-content-background-meta":{"desktop":{"background-color":"var(--ast-global-color-5)","background-image":"","background-repeat":"repeat","background-position":"center center","background-size":"auto","background-attachment":"scroll","background-type":"","background-media":"","overlay-type":"","overlay-color":"","overlay-opacity":"","overlay-gradient":""},"tablet":{"background-color":"var(--ast-global-color-5)","background-image":"","background-repeat":"repeat","background-position":"center center","background-size":"auto","background-attachment":"scroll","background-type":"","background-media":"","overlay-type":"","overlay-color":"","overlay-opacity":"","overlay-gradient":""},"mobile":{"background-color":"var(--ast-global-color-5)","background-image":"","background-repeat":"repeat","background-position":"center center","background-size":"auto","background-attachment":"scroll","background-type":"","background-media":"","overlay-type":"","overlay-color":"","overlay-opacity":"","overlay-gradient":""}},"_joinchat":{"telephone":"+8617776015835"}},"product_brand":[],"product_cat":[140,67,64,154,156,157,142,144,19],"product_tag":[197,196,165,105,97,166,94],"class_list":{"0":"post-3366","1":"product","2":"type-product","3":"status-publish","4":"has-post-thumbnail","6":"product_cat-big-puffs-disposable-vapes","7":"product_cat-30000-puff","8":"product_cat-bangbox-vape","9":"product_cat-buy-disposable-vapes-in-netherlands","10":"product_cat-buy-disposable-vapes-in-poland","11":"product_cat-buy-disposable-vapes-in-portugal","12":"product_cat-digital-box-disposable-vapes","13":"product_cat-low-nicotine-disposable-vapes","14":"product_cat-vapes","15":"product_tag-bang-30000","16":"product_tag-bang-vape","17":"product_tag-cheap-vapes","18":"product_tag-digital-disposable-vape","19":"product_tag-hot-sale-disposable-vape","20":"product_tag-low-nicotine-vape","21":"product_tag-rechargeable-disposable-vape","22":"desktop-align-left","23":"tablet-align-left","24":"mobile-align-left","26":"first","27":"instock","28":"sale","29":"shipping-taxable","30":"purchasable","31":"product-type-simple"},"acf":[],"uagb_featured_image_src":{"full":["https:\/\/vapestornado.com\/wp-content\/uploads\/2024\/12\/Bang-Box-30kPuff-Disposable-Vape-Wholesale.jpg",1126,1126,false],"thumbnail":["https:\/\/vapestornado.com\/wp-content\/uploads\/2024\/12\/Bang-Box-30kPuff-Disposable-Vape-Wholesale-150x150.jpg",150,150,true],"medium":["https:\/\/vapestornado.com\/wp-content\/uploads\/2024\/12\/Bang-Box-30kPuff-Disposable-Vape-Wholesale-300x300.jpg",300,300,true],"medium_large":["https:\/\/vapestornado.com\/wp-content\/uploads\/2024\/12\/Bang-Box-30kPuff-Disposable-Vape-Wholesale-768x768.jpg",768,768,true],"large":["https:\/\/vapestornado.com\/wp-content\/uploads\/2024\/12\/Bang-Box-30kPuff-Disposable-Vape-Wholesale-1024x1024.jpg",1024,1024,true],"1536x1536":["https:\/\/vapestornado.com\/wp-content\/uploads\/2024\/12\/Bang-Box-30kPuff-Disposable-Vape-Wholesale.jpg",1126,1126,false],"2048x2048":["https:\/\/vapestornado.com\/wp-content\/uploads\/2024\/12\/Bang-Box-30kPuff-Disposable-Vape-Wholesale.jpg",1126,1126,false],"trp-custom-language-flag":["https:\/\/vapestornado.com\/wp-content\/uploads\/2024\/12\/Bang-Box-30kPuff-Disposable-Vape-Wholesale.jpg",12,12,false],"woocommerce_thumbnail":["https:\/\/vapestornado.com\/wp-content\/uploads\/2024\/12\/Bang-Box-30kPuff-Disposable-Vape-Wholesale-300x300.jpg",300,300,true],"woocommerce_single":["https:\/\/vapestornado.com\/wp-content\/uploads\/2024\/12\/Bang-Box-30kPuff-Disposable-Vape-Wholesale-600x600.jpg",600,600,true],"woocommerce_gallery_thumbnail":["https:\/\/vapestornado.com\/wp-content\/uploads\/2024\/12\/Bang-Box-30kPuff-Disposable-Vape-Wholesale-100x100.jpg",100,100,true]},"uagb_author_info":{"display_name":"ESAMY","author_link":"https:\/\/vapestornado.com\/ro\/author\/"},"uagb_comment_info":0,"uagb_excerpt":"Bang Box 30000 30k Puffs 0% 2% 5% Low Nicotine Disposable Vape Bulk Buy Price Bang Box 30000 Puffs Rechargeable Disposable Vape Wholesale Cheap Factory Price Bang Box Vape 30000 Puffs All Flavour in Stock Add Amy's whatsapp get right reply and vape coupon! WhatsApp: +86 17776015835 &nbsp;","_links":{"self":[{"href":"https:\/\/vapestornado.com\/ro\/wp-json\/wp\/v2\/product\/3366","targetHints":{"allow":["GET"]}}],"collection":[{"href":"https:\/\/vapestornado.com\/ro\/wp-json\/wp\/v2\/product"}],"about":[{"href":"https:\/\/vapestornado.com\/ro\/wp-json\/wp\/v2\/types\/product"}],"replies":[{"embeddable":true,"href":"https:\/\/vapestornado.com\/ro\/wp-json\/wp\/v2\/comments?post=3366"}],"wp:featuredmedia":[{"embeddable":true,"href":"https:\/\/vapestornado.com\/ro\/wp-json\/wp\/v2\/media\/3350"}],"wp:attachment":[{"href":"https:\/\/vapestornado.com\/ro\/wp-json\/wp\/v2\/media?parent=3366"}],"wp:term":[{"taxonomy":"product_brand","embeddable":true,"href":"https:\/\/vapestornado.com\/ro\/wp-json\/wp\/v2\/product_brand?post=3366"},{"taxonomy":"product_cat","embeddable":true,"href":"https:\/\/vapestornado.com\/ro\/wp-json\/wp\/v2\/product_cat?post=3366"},{"taxonomy":"product_tag","embeddable":true,"href":"https:\/\/vapestornado.com\/ro\/wp-json\/wp\/v2\/product_tag?post=3366"}],"curies":[{"name":"wp","href":"https:\/\/api.w.org\/{rel}","templated":true}]}}