{"id":3365,"date":"2024-12-24T09:50:29","date_gmt":"2024-12-24T09:50:29","guid":{"rendered":"https:\/\/vapestornado.com\/?post_type=product&#038;p=3365"},"modified":"2025-12-09T08:52:33","modified_gmt":"2025-12-09T08:52:33","slug":"bang-box-30000-puffs-double-flavour-0-2-5-low-nicotine-bulk-buy-rechargeable-disposable-vapes-pen-wholesale","status":"publish","type":"product","link":"https:\/\/vapestornado.com\/ro\/product\/bang-box-30000-puffs-double-flavour-0-2-5-low-nicotine-bulk-buy-rechargeable-disposable-vapes-pen-wholesale\/","title":{"rendered":"Bang Box 30000 Pufuri Arom\u0103 Dubl\u0103 0% 2% 5% Vape-uri de unic\u0103 folosin\u021b\u0103 re\u00eenc\u0103rcabile cu con\u021binut sc\u0103zut de nicotin\u0103, cump\u0103rare \u00een vrac, stilou, v\u00e2nzare cu ridicata"},"content":{"rendered":"<h1 class=\"product-title\">Bang Box 30000 Pufuri Arom\u0103 Dubl\u0103 0% 2% 5% Vape-uri de unic\u0103 folosin\u021b\u0103 re\u00eenc\u0103rcabile cu con\u021binut sc\u0103zut de nicotin\u0103, cump\u0103rare \u00een vrac, stilou, v\u00e2nzare cu ridicata<\/h1>\n<p>Bang Box 30000 Pufuri, \u021bigar\u0103 electronic\u0103 de unic\u0103 folosin\u021b\u0103, este o \u021bigar\u0103 re\u00eenc\u0103rcabil\u0103 de 35ml, cu 30.000 de pufuri, cu arome duale \u0219i bobin\u0103 din plas\u0103 de 0.8\u03a9, oferind arom\u0103 de durat\u0103, stabil\u0103 \u0219i re\u00eenc\u0103rcare rapid\u0103 Type-C \u00eentr-un dispozitiv u\u0219or.<\/p>\n<p data-start=\"907\" data-end=\"1146\"><strong data-start=\"907\" data-end=\"953\">Durat\u0103 lung\u0103 de func\u021bionare cu capacitate real\u0103 \u00een spate.<\/strong> Sistemul <strong data-start=\"958\" data-end=\"998\">Bang Box 30000 Pufuri, \u021bigar\u0103 electronic\u0103 de unic\u0103 folosin\u021b\u0103<\/strong> combin\u0103 un <strong data-start=\"1010\" data-end=\"1029\">rating de 30K pufuri<\/strong> cu un <strong data-start=\"1037\" data-end=\"1064\">Rezervor de e-lichid de 35 ml<\/strong>, astfel utilizatorii obi\u0219nui\u021bi \u00eenlocuiesc dispozitivele mult mai rar \u0219i ob\u021bin utilizare fiabil\u0103 pe mai multe s\u0103pt\u0103m\u00e2ni.<\/p>\n<p data-start=\"1150\" data-end=\"1371\"><strong data-start=\"1150\" data-end=\"1196\">Dublu gust men\u021bine interesul pentru dispozitiv.<\/strong> Aceasta <strong data-start=\"1201\" data-end=\"1241\">Bang Box 30K, stilou de \u021bigar\u0103 electronic\u0103 cu dublu gust<\/strong> \u00ee\u021bi permite s\u0103 comu\u021bi \u00eentre dou\u0103 profile oric\u00e2nd, ceea ce conteaz\u0103 atunci c\u00e2nd folose\u0219ti un dispozitiv pentru o perioad\u0103 lung\u0103 \u00een loc de un weekend.<\/p>\n<p data-start=\"1375\" data-end=\"1581\"><strong data-start=\"1375\" data-end=\"1412\">Stabilitatea bobinei din plas\u0103 pe care o po\u021bi sim\u021bi.<\/strong> A <strong data-start=\"1415\" data-end=\"1449\">\u021aigar\u0103 electronic\u0103 de unic\u0103 folosin\u021b\u0103 cu bobin\u0103 din plas\u0103 de 0.8\u03a9<\/strong> configurare care asigur\u0103 \u00eenc\u0103lzire uniform\u0103, nori densi \u0219i mai pu\u021bine trageri dure din rezervorul de sf\u00e2r\u0219it, men\u021bin\u00e2nd aroma constant\u0103 mai ad\u00e2nc \u00een oferta de 35ml.<\/p>\n<p data-start=\"1585\" data-end=\"1798\"><strong data-start=\"1585\" data-end=\"1636\">Re\u00eenc\u0103rcarea Type-C previne eliminarea prematur\u0103.<\/strong> Sistemul <strong data-start=\"1641\" data-end=\"1683\">Bang Box 30000, \u021bigar\u0103 electronic\u0103 re\u00eenc\u0103rcabil\u0103 de unic\u0103 folosin\u021b\u0103<\/strong> folose\u0219te o <strong data-start=\"1692\" data-end=\"1734\">baterie de 850mAh cu \u00eenc\u0103rcare rapid\u0103 Type-C<\/strong>, astfel \u00eenc\u00e2t atunci c\u00e2nd puterea scade, o re\u00eencarci \u0219i continui \u2014 f\u0103r\u0103 a irosi lichidul.<\/p>\n<p data-start=\"1802\" data-end=\"1994\"><strong data-start=\"1802\" data-end=\"1834\">Portabil pentru utilizare zilnic\u0103.<\/strong> At <strong data-start=\"1838\" data-end=\"1846\">129g<\/strong>, modelul <strong data-start=\"1852\" data-end=\"1892\">Bang Box 30K dispozitiv de unic\u0103 folosin\u021b\u0103 cu nicotin\u0103 sc\u0103zut\u0103<\/strong> r\u0103m\u00e2ne confortabil \u00een m\u00e2n\u0103 sau \u00een buzunar, func\u021bioneaz\u0103 pentru navete, zile de c\u0103l\u0103torie \u0219i ture lungi f\u0103r\u0103 volum suplimentar.<\/p>\n<p>&nbsp;<\/p>\n<p><strong>Adaug\u0103 r\u0103spunsul corect de pe Whatsapp al lui Amy \u0219i cuponul de vape!<\/strong><\/p>\n<p><img fetchpriority=\"high\" decoding=\"async\" class=\"size-full wp-image-2932\" src=\"https:\/\/vapestornado.com\/wp-content\/uploads\/2024\/12\/Vape-Wholesale.jpg\" alt=\"\u021aig\u0103ri electronice cu ridicata\" width=\"229\" height=\"300\" \/><\/p>\n<h3><a href=\"https:\/\/wa.me\/8617776015835\" target=\"_blank\" rel=\"noopener\"><span style=\"color: #ff0000;\"><strong>WhatsApp: +86 17776015835<\/strong><\/span><\/a><\/h3>\n<p>&nbsp;<\/p>\n<h2 class=\"product-title\">Bang Box 30000 \u021aigar\u0103 Electronic\u0103 cu Arom\u0103 Dubl\u0103<strong> Caracteristicile produsului<\/strong><\/h2>\n<div role=\"article\" data-tabster=\"{&quot;groupper&quot;:{&quot;tabbability&quot;:2},&quot;focusable&quot;:{}}\" data-content=\"ai-message\" aria-labelledby=\"juhNTJ6o7Gk1cgwZMJgv2-author juhNTJ6o7Gk1cgwZMJgv2-content\">\n<div id=\"juhNTJ6o7Gk1cgwZMJgv2-content\">\n<div role=\"article\" data-tabster=\"{&quot;groupper&quot;:{&quot;tabbability&quot;:2},&quot;focusable&quot;:{}}\" data-content=\"ai-message\" aria-labelledby=\"x4EZuCZWrTbh3weWUt7CU-author x4EZuCZWrTbh3weWUt7CU-content\">\n<div id=\"x4EZuCZWrTbh3weWUt7CU-content\">\n<div class=\"flex max-w-full flex-col flex-grow\">\n<div class=\"min-h-8 text-message flex w-full flex-col items-end gap-2 whitespace-normal break-words text-start [.text-message+&amp;]:mt-5\" dir=\"auto\" data-message-author-role=\"assistant\" data-message-id=\"52c6e00a-252f-4104-805d-2f1a84739c71\" data-message-model-slug=\"gpt-4o\">\n<div class=\"flex w-full flex-col gap-1 empty:hidden first:pt-[3px]\">\n<div class=\"markdown prose w-full break-words dark:prose-invert light\">\n<table>\n<thead>\n<tr>\n<th>Caracteristic\u0103<\/th>\n<th>Spec<\/th>\n<th>Detalii<\/th>\n<\/tr>\n<\/thead>\n<tbody>\n<tr>\n<td>Numele produsului<\/td>\n<td>Bang Box 30000 Pufuri Dual Arome<\/td>\n<td>Pix de vapori de unic\u0103 folosin\u021b\u0103 cu capacitate mare \u0219i re\u00eenc\u0103rcabil.<\/td>\n<\/tr>\n<tr>\n<td>Capacitate Pufuri<\/td>\n<td>P\u00e2n\u0103 la 30.000 de pufuri<\/td>\n<td>Durat\u0103 de via\u021b\u0103 extins\u0103 destinat\u0103 utilizatorilor obi\u0219nui\u021bi din Rom\u00e2nia.<\/td>\n<\/tr>\n<tr>\n<td>Volumul lichidului electronic<\/td>\n<td>35ml preumplut<\/td>\n<td>Rezervor mare suport\u0103 sesiuni lungi f\u0103r\u0103 reumplere.<\/td>\n<\/tr>\n<tr>\n<td>Tip de bobin\u0103<\/td>\n<td>rezisten\u021b\u0103 mesh de 0.8\u03a9<\/td>\n<td>\u00cenc\u0103lzire uniform\u0103 pentru vapori netezi, arom\u0103 intens\u0103 \u0219i ie\u0219ire constant\u0103.<\/td>\n<\/tr>\n<tr>\n<td>Sistem de arom\u0103<\/td>\n<td>Comutator dual de arome<\/td>\n<td>Dou\u0103 profile de gust \u00eentr-un singur dispozitiv; schimb\u0103 oric\u00e2nd.<\/td>\n<\/tr>\n<tr>\n<td>Baterie<\/td>\n<td>Re\u00eenc\u0103rcabil de 850mAh<\/td>\n<td>Re\u00eencarc\u0103 pentru a termina tot lichidul \u00een loc s\u0103 arunci mai devreme.<\/td>\n<\/tr>\n<tr>\n<td>\u00cenc\u0103rcare<\/td>\n<td>\u00cenc\u0103rcarea rapid\u0103 Type-C<\/td>\n<td>Reumpleri rapide cu cabluri moderne conforme cu standardele UE.<\/td>\n<\/tr>\n<tr>\n<td>Niveluri de nicotin\u0103<\/td>\n<td>0% \/ 2% \/ 5% nicotin\u0103 s\u0103rat\u0103<\/td>\n<td>F\u0103r\u0103 nicotin\u0103, op\u021biuni cu nicotin\u0103 sc\u0103zut\u0103 \u0219i puternic\u0103 pentru diferite obiceiuri.<\/td>\n<\/tr>\n<tr>\n<td>Greutate<\/td>\n<td>129g<\/td>\n<td>U\u0219or pentru un dispozitiv de clasa 30K; u\u0219or de purtat zilnic.<\/td>\n<\/tr>\n<tr>\n<td>Pozi\u021bionare<\/td>\n<td>Best-seller en gros + retail<\/td>\n<td>Cerere puternic\u0103 \u00een canalele en gros din UE datorit\u0103 capacit\u0103\u021bii + dublului aromei.<\/td>\n<\/tr>\n<\/tbody>\n<\/table>\n<\/div>\n<\/div>\n<\/div>\n<\/div>\n<div class=\"mb-2 flex gap-3 empty:hidden -ml-2\"><\/div>\n<\/div>\n<\/div>\n<\/div>\n<\/div>\n<h2 class=\"product-title\"><strong>Arome Populare pentru Vapourile de Unic\u0103 Folosin\u021b\u0103 Bang Box 30000 Puffs<\/strong><\/h2>\n<p>1.C\u0103p\u0219uni kiwi\/Pepene verde ghea\u021b\u0103 <strong><span style=\"color: #ff0000;\">&gt;&gt;&gt;&gt; Fierbinte!<\/span><\/strong><br \/>\n2.C\u0103p\u0219uni kiwi\/C\u0103p\u0219uni Pepene verde<br \/>\n3.Suc de piersici\/Afine ghea\u021b\u0103<br \/>\n4.Afine ghea\u021b\u0103\/Kiwi Fructul Pasiunii Guava<br \/>\n5.Afine Zmeur\u0103 acri\u0219oar\u0103 ghea\u021b\u0103\/Fructe amestecate <strong><span style=\"color: #ff0000;\">&gt;&gt;&gt;&gt; Cel mai bun!<\/span><\/strong><br \/>\n6.Triple fructe de p\u0103dure\/C\u0103p\u0219uni Mango<br \/>\n7.Gum\u0103 de mestecat cu pepene verde\/C\u0103p\u0219uni Pepene verde<br \/>\n8.Afine ghea\u021b\u0103\/Pepene verde ghea\u021b\u0103<br \/>\n9.C\u0103p\u0219uni Pepene verde\/Kiwi Fructul Pasiunii Guava<br \/>\n10.Dragon negru ghea\u021b\u0103\/Mango Piersici Pepene verde<br \/>\n11.Afine albastre ghea\u021b\u0103\/Struguri dubli <strong><span style=\"color: #ff0000;\">&gt;&gt;&gt;&gt; Fierbinte!<\/span><\/strong><br \/>\n12.Afine albastre ghea\u021b\u0103\/C\u0103p\u0219uni Mango<\/p>\n<div class=\"flex-shrink-0 flex flex-col relative items-end\">\n<div class=\"pt-0\">\n<div class=\"gizmo-bot-avatar flex h-8 w-8 items-center justify-center overflow-hidden rounded-full\">\n<figure id=\"attachment_3358\" aria-describedby=\"caption-attachment-3358\" style=\"width: 1241px\" class=\"wp-caption alignnone\"><img decoding=\"async\" class=\"wp-image-3358 size-full\" src=\"https:\/\/vapestornado.com\/wp-content\/uploads\/2024\/12\/Bang-Box-30k-Puffs-Factory-Price.jpg\" alt=\"Pre\u021b de fabric\u0103 Bang Box 30k Puffs\" width=\"1241\" height=\"2038\" srcset=\"https:\/\/vapestornado.com\/wp-content\/uploads\/2024\/12\/Bang-Box-30k-Puffs-Factory-Price.jpg 1241w, https:\/\/vapestornado.com\/wp-content\/uploads\/2024\/12\/Bang-Box-30k-Puffs-Factory-Price-183x300.jpg 183w, https:\/\/vapestornado.com\/wp-content\/uploads\/2024\/12\/Bang-Box-30k-Puffs-Factory-Price-624x1024.jpg 624w, https:\/\/vapestornado.com\/wp-content\/uploads\/2024\/12\/Bang-Box-30k-Puffs-Factory-Price-768x1261.jpg 768w, https:\/\/vapestornado.com\/wp-content\/uploads\/2024\/12\/Bang-Box-30k-Puffs-Factory-Price-935x1536.jpg 935w, https:\/\/vapestornado.com\/wp-content\/uploads\/2024\/12\/Bang-Box-30k-Puffs-Factory-Price-600x985.jpg 600w\" sizes=\"(max-width: 1241px) 100vw, 1241px\" \/><figcaption id=\"caption-attachment-3358\" class=\"wp-caption-text\">Pre\u021b de fabric\u0103 Bang Box 30k Puffs<\/figcaption><\/figure>\n<div class=\"relative p-1 rounded-sm flex items-center justify-center bg-token-main-surface-primary text-token-text-primary h-8 w-8\">\n<h3>\u00centreb\u0103ri frecvente pentru Vapourile de Unic\u0103 Folosin\u021b\u0103 Bang Box 30000 Puffs<\/h3>\n<ol data-start=\"3057\" data-end=\"4297\">\n<li data-start=\"3057\" data-end=\"3310\">\n<p data-start=\"3060\" data-end=\"3310\"><strong data-start=\"3060\" data-end=\"3166\">Cum gestioneaz\u0103 Bang Box 30000 Puffs dispozitivul de vaping de unic\u0103 folosin\u021b\u0103 cu dubl\u0103 arom\u0103 pe termen lung?<\/strong><br data-start=\"3166\" data-end=\"3169\" \/>Sistemul cu dubl\u0103 arom\u0103 ofer\u0103 varietate pe parcursul s\u0103pt\u0103m\u00e2nilor de utilizare, \u0219i <strong data-start=\"3234\" data-end=\"3252\">rezisten\u021b\u0103 mesh de 0.8\u03a9<\/strong> ajut\u0103 la men\u021binerea fiec\u0103rei arome stabile \u00een loc s\u0103 se estompeze rapid.<\/p>\n<\/li>\n<li data-start=\"3312\" data-end=\"3578\">\n<p data-start=\"3315\" data-end=\"3578\"><strong data-start=\"3315\" data-end=\"3418\">Dispozitivul Bang Box 30K re\u00eenc\u0103rcabil de unic\u0103 folosin\u021b\u0103 dureaz\u0103 aproape 30.000 de pufuri \u00een utilizarea real\u0103?<\/strong><br data-start=\"3418\" data-end=\"3421\" \/>Sistemul <strong data-start=\"3425\" data-end=\"3438\">Rezervor de 35ml<\/strong> sus\u021bine num\u0103rul mare de pufuri. Rezultatele reale depind de lungimea inhal\u0103rii \u0219i stilul de flux de aer, dar capacitatea lichidului este dimensionat\u0103 pentru a corespunde ratingului.<\/p>\n<\/li>\n<li data-start=\"3580\" data-end=\"3817\">\n<p data-start=\"3583\" data-end=\"3817\"><strong data-start=\"3583\" data-end=\"3670\">Care este avantajul unei bobine din plas\u0103 de 0.8\u03a9 \u00een stiloul de vaping de unic\u0103 folosin\u021b\u0103 Bang Box 30000?<\/strong><br data-start=\"3670\" data-end=\"3673\" \/>Bobine din plas\u0103 cu rezisten\u021b\u0103 mai mic\u0103 se \u00eenc\u0103lzesc uniform \u0219i produc <strong data-start=\"3725\" data-end=\"3768\">abur mai dens cu senza\u021bie mai neted\u0103 \u00een g\u00e2t<\/strong>, fiind deosebit de vizibil \u00een dispozitivele cu capacitate mare.<\/p>\n<\/li>\n<li data-start=\"3819\" data-end=\"4055\">\n<p data-start=\"3822\" data-end=\"4055\"><strong data-start=\"3822\" data-end=\"3912\">Dispozitivul Bang Box 30000 re\u00eenc\u0103rcabil cu Type-C va termina rezervorul complet de 35ml?<\/strong><br data-start=\"3912\" data-end=\"3915\" \/>Da \u2014 <strong data-start=\"3925\" data-end=\"3956\">baterie re\u00eenc\u0103rcabil\u0103 de 850mAh<\/strong> este acolo pentru a putea re\u00eenc\u0103rca energia \u0219i a folosi tot lichidul, evit\u00e2nd problema \u201ebateria s-a terminat primul\u201d.<\/p>\n<\/li>\n<li data-start=\"4057\" data-end=\"4297\">\n<p data-start=\"4060\" data-end=\"4297\"><strong data-start=\"4060\" data-end=\"4158\">Ce nivel de nicotin\u0103 se potrive\u0219te diferi\u021bilor utilizatori pe dispozitivul Bang Box 30000 cu nicotin\u0103 redus\u0103?<\/strong><br data-start=\"4158\" data-end=\"4161\" \/><strong data-start=\"4161\" data-end=\"4167\">0%<\/strong> func\u021bioneaz\u0103 pentru utilizare doar de arom\u0103, <strong data-start=\"4196\" data-end=\"4202\">2%<\/strong> se potrive\u0219te rutinei zilnice u\u0219oare p\u00e2n\u0103 la moderate, \u0219i <strong data-start=\"4246\" data-end=\"4252\">5%<\/strong> se potrive\u0219te utilizatorilor mai grei care doresc o doz\u0103 mai puternic\u0103.<\/p>\n<\/li>\n<\/ol>\n<\/div>\n<\/div>\n<\/div>\n<\/div>\n<div class=\"flex-shrink-0 flex flex-col relative items-end\">\n<div class=\"pt-0\">\n<div class=\"gizmo-bot-avatar flex h-8 w-8 items-center justify-center overflow-hidden rounded-full\">\n<div class=\"relative p-1 rounded-sm flex items-center justify-center bg-token-main-surface-primary text-token-text-primary h-8 w-8\">\n<div class=\"mb-2 flex gap-3 empty:hidden -ml-2\">\n<div role=\"article\" data-tabster=\"{&quot;groupper&quot;:{&quot;tabbability&quot;:2},&quot;focusable&quot;:{}}\" data-content=\"ai-message\" aria-labelledby=\"Vdt5ez4X7Tg813x6rFVha-author Vdt5ez4X7Tg813x6rFVha-content\">\n<div id=\"Vdt5ez4X7Tg813x6rFVha-content\">\n<div role=\"article\" data-tabster=\"{&quot;groupper&quot;:{&quot;tabbability&quot;:2},&quot;focusable&quot;:{}}\" data-content=\"ai-message\" aria-labelledby=\"o968oC7CEo2fGHsGdsRYC-author o968oC7CEo2fGHsGdsRYC-content\">\n<div id=\"o968oC7CEo2fGHsGdsRYC-content\">\n<h3>De ce s\u0103 alege\u021bi vapestornado pentru v\u00e2nzarea en-gros a \u021big\u0103rilor electronice Bang Box 30000 Puffs?<\/h3>\n<div class=\"flex-shrink-0 flex flex-col relative items-end\">\n<div class=\"pt-0\">\n<div class=\"gizmo-bot-avatar flex h-8 w-8 items-center justify-center overflow-hidden rounded-full\">\n<div class=\"relative p-1 rounded-sm flex items-center justify-center bg-token-main-surface-primary text-token-text-primary h-8 w-8\">\n<p>Bun venit la vapestornado, magazinul t\u0103u online de \u00eencredere pentru vape-uri de unic\u0103 folosin\u021b\u0103 premium. Cu o experien\u021b\u0103 de peste 5 ani, \u00ee\u021bi aducem branduri populare de vape-uri de unic\u0103 folosin\u021b\u0103, precum Fumot RandM Vape, <a href=\"https:\/\/vapestornado.com\/ro\/product\/vapme-crystal-7000-puffs-rechargeable-disposable-vape-wholesale-cheap-price\/\">Vapme<\/a>, Bang Vape, Waspe Vape \u0219i WGA Vape, etc.<\/p>\n<p>Gama noastr\u0103 include vape-uri populare precum <a href=\"https:\/\/vapestornado.com\/ro\/product\/fumot-randm-tornado-15000-puffs-rechargeable-disposable-vape-wholesale\/\">RandM Tornado 15000<\/a>, \u0219i op\u021biuni bogate \u00een arome, precum <a href=\"https:\/\/vapestornado.com\/ro\/product\/vapsolo-dg-18000-puffs-smart-screen-wholesale-disposable-cheap-vapes\/\">\u00a0Vapsolo DG18000 Pufuri<\/a> . Fiecare produs este ales cu accent pe calitate, valoare \u0219i varietate, asigur\u00e2ndu-ne c\u0103 g\u0103se\u0219ti potrivirea perfect\u0103 pentru nevoile tale. Descoper\u0103 servicii excep\u021bionale \u0219i o gam\u0103 larg\u0103 de produse de top cu pre\u021buri de gros la vapestornado.<\/p>\n<\/div>\n<\/div>\n<\/div>\n<\/div>\n<p>&nbsp;<\/p>\n<\/div>\n<\/div>\n<\/div>\n<\/div>\n<\/div>\n<\/div>\n<\/div>\n<\/div>\n<\/div>","protected":false},"excerpt":{"rendered":"<p>Bang Box 30000 Pufuri \u021bip\u0103toare, \u021bigar\u0103 electronic\u0103 de unic\u0103 folosin\u021b\u0103 cu dublu gust, cu 35ml lichid preumplut, bobin\u0103 din plas\u0103 de 0.8\u03a9, baterie re\u00eenc\u0103rcabil\u0103 Type-C de 850mAh \u0219i 0%\/2%\/5% op\u021biuni de nicotin\u0103. Design u\u0219or de 129g \u0219i comutare dual\u0103 de arome pentru vaping lung, stabil \u0219i de \u00eenalt\u0103 valoare.<\/p>\n<p><strong>Adaug\u0103 whatsapp-ul lui Amy pentru a primi r\u0103spuns imediat \u0219i un cupon de vape!<\/strong><\/p>\n<p><img fetchpriority=\"high\" decoding=\"async\" class=\"size-full wp-image-2932\" src=\"https:\/\/vapestornado.com\/wp-content\/uploads\/2024\/12\/Vape-Wholesale.jpg\" alt=\"\u021aig\u0103ri electronice cu ridicata\" width=\"229\" height=\"300\" \/><\/p>\n<h3><a href=\"https:\/\/wa.me\/8617776015835\"><span style=\"color: #ff0000;\"><strong>WhatsApp: +86 17776015835<\/strong><\/span><\/a><\/h3>\n<p>&nbsp;<\/p>","protected":false},"featured_media":3362,"comment_status":"open","ping_status":"closed","template":"","meta":{"_acf_changed":false,"_uag_custom_page_level_css":"","_lmt_disableupdate":"no","_lmt_disable":"","_monsterinsights_skip_tracking":false,"_monsterinsights_sitenote_active":false,"_monsterinsights_sitenote_note":"","_monsterinsights_sitenote_category":0,"site-sidebar-layout":"default","site-content-layout":"","ast-site-content-layout":"default","site-content-style":"default","site-sidebar-style":"default","ast-global-header-display":"","ast-banner-title-visibility":"","ast-main-header-display":"","ast-hfb-above-header-display":"","ast-hfb-below-header-display":"","ast-hfb-mobile-header-display":"","site-post-title":"","ast-breadcrumbs-content":"","ast-featured-img":"","footer-sml-layout":"","ast-disable-related-posts":"","theme-transparent-header-meta":"default","adv-header-id-meta":"","stick-header-meta":"","header-above-stick-meta":"","header-main-stick-meta":"","header-below-stick-meta":"","astra-migrate-meta-layouts":"set","ast-page-background-enabled":"default","ast-page-background-meta":{"desktop":{"background-color":"","background-image":"","background-repeat":"repeat","background-position":"center center","background-size":"auto","background-attachment":"scroll","background-type":"","background-media":"","overlay-type":"","overlay-color":"","overlay-opacity":"","overlay-gradient":""},"tablet":{"background-color":"","background-image":"","background-repeat":"repeat","background-position":"center center","background-size":"auto","background-attachment":"scroll","background-type":"","background-media":"","overlay-type":"","overlay-color":"","overlay-opacity":"","overlay-gradient":""},"mobile":{"background-color":"","background-image":"","background-repeat":"repeat","background-position":"center center","background-size":"auto","background-attachment":"scroll","background-type":"","background-media":"","overlay-type":"","overlay-color":"","overlay-opacity":"","overlay-gradient":""}},"ast-content-background-meta":{"desktop":{"background-color":"var(--ast-global-color-5)","background-image":"","background-repeat":"repeat","background-position":"center center","background-size":"auto","background-attachment":"scroll","background-type":"","background-media":"","overlay-type":"","overlay-color":"","overlay-opacity":"","overlay-gradient":""},"tablet":{"background-color":"var(--ast-global-color-5)","background-image":"","background-repeat":"repeat","background-position":"center center","background-size":"auto","background-attachment":"scroll","background-type":"","background-media":"","overlay-type":"","overlay-color":"","overlay-opacity":"","overlay-gradient":""},"mobile":{"background-color":"var(--ast-global-color-5)","background-image":"","background-repeat":"repeat","background-position":"center center","background-size":"auto","background-attachment":"scroll","background-type":"","background-media":"","overlay-type":"","overlay-color":"","overlay-opacity":"","overlay-gradient":""}},"_joinchat":{"telephone":"+8617776015835"}},"product_brand":[],"product_cat":[67,64,154,157,143,357,144],"product_tag":[484,197,196,165,198,199,97,166,94],"class_list":{"0":"post-3365","1":"product","2":"type-product","3":"status-publish","4":"has-post-thumbnail","6":"product_cat-30000-puff","7":"product_cat-bangbox-vape","8":"product_cat-buy-disposable-vapes-in-netherlands","9":"product_cat-buy-disposable-vapes-in-portugal","10":"product_cat-dual-mesh-disposable-vapes","11":"product_cat-flavor-adjustable-vape","12":"product_cat-low-nicotine-disposable-vapes","13":"product_tag-2-in-1-disposable-vape","14":"product_tag-bang-30000","15":"product_tag-bang-vape","16":"product_tag-cheap-vapes","17":"product_tag-double-flavor-disposable-vape","18":"product_tag-dual-flavour-disposable-vape","19":"product_tag-hot-sale-disposable-vape","20":"product_tag-low-nicotine-vape","21":"product_tag-rechargeable-disposable-vape","22":"desktop-align-left","23":"tablet-align-left","24":"mobile-align-left","26":"first","27":"instock","28":"sale","29":"shipping-taxable","30":"purchasable","31":"product-type-simple"},"acf":[],"uagb_featured_image_src":{"full":["https:\/\/vapestornado.com\/wp-content\/uploads\/2024\/12\/Bang-Box-Dispsoable-Vape-30000-Puffs-Wholesale.jpg",1126,1126,false],"thumbnail":["https:\/\/vapestornado.com\/wp-content\/uploads\/2024\/12\/Bang-Box-Dispsoable-Vape-30000-Puffs-Wholesale-150x150.jpg",150,150,true],"medium":["https:\/\/vapestornado.com\/wp-content\/uploads\/2024\/12\/Bang-Box-Dispsoable-Vape-30000-Puffs-Wholesale-300x300.jpg",300,300,true],"medium_large":["https:\/\/vapestornado.com\/wp-content\/uploads\/2024\/12\/Bang-Box-Dispsoable-Vape-30000-Puffs-Wholesale-768x768.jpg",768,768,true],"large":["https:\/\/vapestornado.com\/wp-content\/uploads\/2024\/12\/Bang-Box-Dispsoable-Vape-30000-Puffs-Wholesale-1024x1024.jpg",1024,1024,true],"1536x1536":["https:\/\/vapestornado.com\/wp-content\/uploads\/2024\/12\/Bang-Box-Dispsoable-Vape-30000-Puffs-Wholesale.jpg",1126,1126,false],"2048x2048":["https:\/\/vapestornado.com\/wp-content\/uploads\/2024\/12\/Bang-Box-Dispsoable-Vape-30000-Puffs-Wholesale.jpg",1126,1126,false],"trp-custom-language-flag":["https:\/\/vapestornado.com\/wp-content\/uploads\/2024\/12\/Bang-Box-Dispsoable-Vape-30000-Puffs-Wholesale.jpg",12,12,false],"woocommerce_thumbnail":["https:\/\/vapestornado.com\/wp-content\/uploads\/2024\/12\/Bang-Box-Dispsoable-Vape-30000-Puffs-Wholesale-300x300.jpg",300,300,true],"woocommerce_single":["https:\/\/vapestornado.com\/wp-content\/uploads\/2024\/12\/Bang-Box-Dispsoable-Vape-30000-Puffs-Wholesale-600x600.jpg",600,600,true],"woocommerce_gallery_thumbnail":["https:\/\/vapestornado.com\/wp-content\/uploads\/2024\/12\/Bang-Box-Dispsoable-Vape-30000-Puffs-Wholesale-100x100.jpg",100,100,true]},"uagb_author_info":{"display_name":"ESAMY","author_link":"https:\/\/vapestornado.com\/ro\/author\/"},"uagb_comment_info":1,"uagb_excerpt":"Bang Box 30000 Puffs double flavour disposable vape pen with 35ml pre-filled e-liquid, 0.8\u03a9 mesh coil, 850mAh Type-C rechargeable battery, and 0%\/2%\/5% nicotine options. Lightweight 129g design and dual-flavour switching for long, stable, high-value vaping. Add Amy's whatsapp get right reply and vape coupon! WhatsApp: +86 17776015835 &nbsp;","_links":{"self":[{"href":"https:\/\/vapestornado.com\/ro\/wp-json\/wp\/v2\/product\/3365","targetHints":{"allow":["GET"]}}],"collection":[{"href":"https:\/\/vapestornado.com\/ro\/wp-json\/wp\/v2\/product"}],"about":[{"href":"https:\/\/vapestornado.com\/ro\/wp-json\/wp\/v2\/types\/product"}],"replies":[{"embeddable":true,"href":"https:\/\/vapestornado.com\/ro\/wp-json\/wp\/v2\/comments?post=3365"}],"wp:featuredmedia":[{"embeddable":true,"href":"https:\/\/vapestornado.com\/ro\/wp-json\/wp\/v2\/media\/3362"}],"wp:attachment":[{"href":"https:\/\/vapestornado.com\/ro\/wp-json\/wp\/v2\/media?parent=3365"}],"wp:term":[{"taxonomy":"product_brand","embeddable":true,"href":"https:\/\/vapestornado.com\/ro\/wp-json\/wp\/v2\/product_brand?post=3365"},{"taxonomy":"product_cat","embeddable":true,"href":"https:\/\/vapestornado.com\/ro\/wp-json\/wp\/v2\/product_cat?post=3365"},{"taxonomy":"product_tag","embeddable":true,"href":"https:\/\/vapestornado.com\/ro\/wp-json\/wp\/v2\/product_tag?post=3365"}],"curies":[{"name":"wp","href":"https:\/\/api.w.org\/{rel}","templated":true}]}}