{"id":3320,"date":"2024-12-23T09:06:12","date_gmt":"2024-12-23T09:06:12","guid":{"rendered":"https:\/\/vapestornado.com\/?post_type=product&#038;p=3320"},"modified":"2025-08-23T12:20:34","modified_gmt":"2025-08-23T12:20:34","slug":"bang-box-35k-puffs-high-capacity-long-lasting-disposable-vape","status":"publish","type":"product","link":"https:\/\/vapestornado.com\/ro\/product\/bang-box-35k-puffs-high-capacity-long-lasting-disposable-vape\/","title":{"rendered":"Bang Box 35k Puffs Vape de unic\u0103 folosin\u021b\u0103 de \u00eenalt\u0103 capacitate \u0219i de lung\u0103 durat\u0103"},"content":{"rendered":"<h1>Bang Box 35k Puffs Vape de unic\u0103 folosin\u021b\u0103 de \u00eenalt\u0103 capacitate \u0219i de lung\u0103 durat\u0103<\/h1>\n<p>&nbsp;<\/p>\n<div role=\"article\" data-tabster=\"{&quot;groupper&quot;:{&quot;tabbability&quot;:2},&quot;focusable&quot;:{}}\" data-content=\"ai-message\" aria-labelledby=\"64JRvXrTnY7mRmPkEQLLT-author 64JRvXrTnY7mRmPkEQLLT-content\">\n<div id=\"64JRvXrTnY7mRmPkEQLLT-content\">\n<p>Bang Box 35k Puffs redefine\u0219te comoditatea \u0219i performan\u021ba \u00een lumea vape-urilor de unic\u0103 folosin\u021b\u0103. Conceput pentru utilizatorii care caut\u0103 putere de lung\u0103 durat\u0103 \u0219i arom\u0103 bogat\u0103, acest dispozitiv ofer\u0103 <strong>peste 35.000 de pufuri<\/strong> de la configura\u021bia sa avansat\u0103. Cu un <strong>cartu\u0219 preumplut de 23 ml cu e-lichid<\/strong> si <strong>flux de aer reglabil<\/strong>, dispozitivul se adreseaz\u0103 at\u00e2t stilurilor de vapat MTL, c\u00e2t \u0219i DTL, oferind o experien\u021b\u0103 personalizat\u0103 pentru fiecare utilizator. Nucleul s\u0103u <strong>dublu de plas\u0103 cu fir de \u00eenc\u0103lzire (0,8\u03a9)<\/strong> func\u021bioneaz\u0103 la un interval de putere de <strong>15W-25W<\/strong>, asigur\u00e2nd o produc\u021bie consistent\u0103 de vapori \u0219i un gust fin la fiecare puf. Alimentat de o <strong>baterie de cobalt pur 112040-950mAh<\/strong> cu un <strong>rat\u0103 de desc\u0103rcare de 5A<\/strong>, ofer\u0103 performan\u021be fiabile \u0219i de lung\u0103 durat\u0103. Bateria robust\u0103 asigur\u0103 o utilizare extins\u0103 \u0219i o re\u00eenc\u0103rcare rapid\u0103 prin portul s\u0103u Type-C.<\/p>\n<p>Combin\u00e2nd caracteristici de ultim\u0103 genera\u021bie cu un design elegant, vape-urile Bang Box 35000 puffs sunt perfecte pentru utilizare pe tot parcursul zilei, indiferent dac\u0103 v\u0103 relaxa\u021bi acas\u0103 sau sunte\u021bi \u00een mi\u0219care. Compact, puternic \u0219i versatil, este alegerea suprem\u0103 pentru pasiona\u021bii de vapat.<\/p>\n<figure id=\"attachment_3482\" aria-describedby=\"caption-attachment-3482\" style=\"width: 742px\" class=\"wp-caption alignnone\"><img fetchpriority=\"high\" decoding=\"async\" class=\"wp-image-3482\" src=\"https:\/\/vapestornado.com\/wp-content\/uploads\/2024\/12\/Bang-Box-35000-puffs-Top-Sale-Vapes-1024x697.jpg\" alt=\"Vape-uri Bang Box 35000 puffs cel mai bine v\u00e2ndute\" width=\"742\" height=\"505\" srcset=\"https:\/\/vapestornado.com\/wp-content\/uploads\/2024\/12\/Bang-Box-35000-puffs-Top-Sale-Vapes-1024x697.jpg 1024w, https:\/\/vapestornado.com\/wp-content\/uploads\/2024\/12\/Bang-Box-35000-puffs-Top-Sale-Vapes-300x204.jpg 300w, https:\/\/vapestornado.com\/wp-content\/uploads\/2024\/12\/Bang-Box-35000-puffs-Top-Sale-Vapes-768x523.jpg 768w, https:\/\/vapestornado.com\/wp-content\/uploads\/2024\/12\/Bang-Box-35000-puffs-Top-Sale-Vapes-600x408.jpg 600w, https:\/\/vapestornado.com\/wp-content\/uploads\/2024\/12\/Bang-Box-35000-puffs-Top-Sale-Vapes.jpg 1500w\" sizes=\"(max-width: 742px) 100vw, 742px\" \/><figcaption id=\"caption-attachment-3482\" class=\"wp-caption-text\">Vape-uri Bang Box 35000 puffs cel mai bine v\u00e2ndute<\/figcaption><\/figure>\n<\/div>\n<\/div>\n<p><img decoding=\"async\" class=\"alignleft wp-image-2951 size-medium\" src=\"https:\/\/vapestornado.com\/wp-content\/uploads\/2024\/12\/Wholesale-Disposable-Vape-265x300.jpg\" alt=\"Vape de unic\u0103 folosin\u021b\u0103 en-gros\" width=\"265\" height=\"300\" srcset=\"https:\/\/vapestornado.com\/wp-content\/uploads\/2024\/12\/Wholesale-Disposable-Vape-265x300.jpg 265w, https:\/\/vapestornado.com\/wp-content\/uploads\/2024\/12\/Wholesale-Disposable-Vape-768x871.jpg 768w, https:\/\/vapestornado.com\/wp-content\/uploads\/2024\/12\/Wholesale-Disposable-Vape-600x680.jpg 600w, https:\/\/vapestornado.com\/wp-content\/uploads\/2024\/12\/Wholesale-Disposable-Vape.jpg 823w\" sizes=\"(max-width: 265px) 100vw, 265px\" \/><\/p>\n<h6>Contacta\u021bi-o pe Mandy pe WhatsApp pentru pre\u021b redus:<a href=\"https:\/\/wa.me\/8618077105796\" target=\"_blank\" rel=\"noopener\">+8618077105796<\/a><\/h6>\n<div class=\"flex max-w-full flex-col flex-grow\">\n<div class=\"min-h-8 text-message flex w-full flex-col items-end gap-2 whitespace-normal break-words text-start [.text-message+&amp;]:mt-5\" dir=\"auto\" data-message-author-role=\"assistant\" data-message-id=\"cdb991c0-f594-4bff-b2d5-fbbdd7ce9e54\" data-message-model-slug=\"gpt-4o-mini\">\n<div class=\"flex w-full flex-col gap-1 empty:hidden first:pt-[3px]\">\n<div class=\"markdown prose w-full break-words dark:prose-invert light\">\n<h2>Specifica\u021bii Bang Vape 35k Puffs<\/h2>\n<ul>\n<li><strong>Pufuri<\/strong>: 35,000+<\/li>\n<li><strong>E-lichid<\/strong>: cartu\u0219 preumplut de 23 ml<\/li>\n<li><strong>Nicotin\u0103<\/strong>: op\u021biuni 0%, 2%, 3%, 5%<\/li>\n<li><strong>Baterie<\/strong>: 950mAh, re\u00eenc\u0103rcabil Type-C<\/li>\n<li><strong>Rezisten\u021be<\/strong>: <strong>dublu de plas\u0103 cu fir de \u00eenc\u0103lzire (0,8\u03a9)<\/strong><\/li>\n<li><strong>Ecran<\/strong>: Dublu cu comenzi tactile<\/li>\n<li><strong>Moduri<\/strong>: Flux de aer \u00een 3 moduri, comutare a puterii \u00een 2 moduri<\/li>\n<li><strong>Caracteristici<\/strong>: Flux de aer reglabil, compact \u0219i u\u0219or de utilizat<\/li>\n<\/ul>\n<\/div>\n<\/div>\n<\/div>\n<\/div>\n<div class=\"mb-2 flex gap-3 empty:hidden -ml-2\">\n<h2 class=\"items-center justify-start rounded-xl p-1 flex\"><\/h2>\n<\/div>\n<h2>Cele mai bune arome de vape de unic\u0103 folosin\u021b\u0103 de mare capacitate Bang Box 35k Puffs:<\/h2>\n<p>1. C\u0102P\u0218UNI KIWI<br \/>\n2. GHEA\u021a\u0102 ALBASTR\u0102 DE ZMEUR\u0102<br \/>\n3. C\u0102P\u0218UNI PEPENE VERDE<br \/>\n4. FRUCTUL PASIUNII<br \/>\n5. SUC DE L\u0102M\u00c2IE COLA<br \/>\n6. GHEA\u021a\u0102 DE PEPENE VERDE<br \/>\n7. GUM\u0102 DE MESTECAT CU PEPENE VERDE<br \/>\n8. KIWI FRUCTUL PASIUNII GUAVA<br \/>\n9. GHEA\u021a\u0102 DE AFINE<br \/>\n10. PEPENE VERDE VI\u0218INE<br \/>\n11. RED BULL<br \/>\n12. GRAPEFRUIT CU MENTA<\/p>\n<div role=\"article\" data-tabster=\"{&quot;groupper&quot;:{&quot;tabbability&quot;:2},&quot;focusable&quot;:{}}\" data-content=\"ai-message\" aria-labelledby=\"dARUyEWDoEYhnSPXFwx5A-author dARUyEWDoEYhnSPXFwx5A-content\">\n<div id=\"dARUyEWDoEYhnSPXFwx5A-content\">\n<h3>De ce s\u0103 alege\u021bi vape-ul Bang Box 35000 Puff la <a href=\"https:\/\/vapestornado.com\/ro\/store\/\">vapestornado.ro<\/a>?<\/h3>\n<ul>\n<li><strong>Capacitate f\u0103r\u0103 egal<\/strong>: Bucura\u021bi-v\u0103 de <strong>peste 35.000 de pufuri<\/strong> cu o generoas\u0103 cantitate de <strong>23ml e-lichid<\/strong> si <strong>flux de aer reglabil<\/strong> pentru o experien\u021b\u0103 de vapat personalizat\u0103.<\/li>\n<li><strong>Tehnologie avansat\u0103<\/strong>: Alimentat de o <strong>baterie de cobalt pur de 950mAh<\/strong> cu <strong>desc\u0103rcare de 5A<\/strong> \u0219i o <strong>dublu miez mesh (0.8\u03a9)<\/strong> oferind <strong>15W-25W<\/strong> ie\u0219ire.<\/li>\n<li><strong>U\u0219or de utilizat<\/strong>: Design compact \u0219i elegant cu \u00eenc\u0103rcare rapid\u0103 de tip C pentru o comoditate suprem\u0103.<\/li>\n<li><strong>Beneficiile vapestornado.com<\/strong>: Produse autentice, pre\u021buri competitive \u0219i livrare rapid\u0103 \u00een toat\u0103 Europa.<\/li>\n<\/ul>\n<\/div>\n<\/div>\n<h3>\u00centreb\u0103ri frecvente despre \u021bigara electronic\u0103 de lung\u0103 durat\u0103 Bang Box cu 35000 de pufuri<\/h3>\n<p><strong>\u00ce: C\u00e2t dureaz\u0103 \u021bigara electronic\u0103 Bang Box 35.000 de pufuri?<\/strong><br \/>\nR: Ofer\u0103 <strong>35.000 de pufuri<\/strong>\u00a0cu o durabilitate <strong>baterie de cobalt pur de 950mAh<\/strong>, asigur\u00e2nd o utilizare de lung\u0103 durat\u0103.<\/p>\n<p><strong>\u00ce: Poate fi reglat fluxul de aer?<\/strong><br \/>\nR: Da, dispune de <strong>flux de aer reglabil<\/strong>, potrivit at\u00e2t pentru stilurile de vapat MTL, c\u00e2t \u0219i DTL.<\/p>\n<p><strong>\u00ce: Ce face ca Bang Box 35k puff de v\u00e2nzare en-gros s\u0103 fie unic?<\/strong><br \/>\nR: Este echipat cu <strong>s\u00e2rm\u0103 dubl\u0103 de \u00eenc\u0103lzire din plas\u0103 (0.8\u03a9)<\/strong>, ofer\u0103 o putere de <strong>15W-25W<\/strong>\u0219i combin\u0103 designul elegant cu tehnologia inovatoare pentru o performan\u021b\u0103 superioar\u0103.<\/p>\n<p><strong>\u00ce: De unde pot achizi\u021biona \u021bigara electronic\u0103 re\u00eenc\u0103rcabil\u0103 Bang Box 35000 puff?<\/strong><br \/>\nR: Este disponibil la <strong>vapestornado.ro<\/strong>, oferind produse autentice, pre\u021buri excelente \u0219i transport rapid \u00een Europa.<\/p>","protected":false},"excerpt":{"rendered":"<p>Bang Box 35000 Puffs ofer\u0103 o experien\u021b\u0103 de vapat de mare capacitate \u0219i de lung\u0103 durat\u0103, cu 35.000 de pufuri, arome premium \u0219i un design elegant, portabil, pentru o experien\u021b\u0103 excep\u021bional\u0103 de vapat.<\/p>\n<figure id=\"attachment_2951\" aria-describedby=\"caption-attachment-2951\" style=\"width: 265px\" class=\"wp-caption alignnone\"><img decoding=\"async\" class=\"size-medium wp-image-2951\" src=\"https:\/\/vapestornado.com\/wp-content\/uploads\/2024\/12\/Wholesale-Disposable-Vape-265x300.jpg\" alt=\"Vape de unic\u0103 folosin\u021b\u0103 en-gros\" width=\"265\" height=\"300\" srcset=\"https:\/\/vapestornado.com\/wp-content\/uploads\/2024\/12\/Wholesale-Disposable-Vape-265x300.jpg 265w, https:\/\/vapestornado.com\/wp-content\/uploads\/2024\/12\/Wholesale-Disposable-Vape-768x871.jpg 768w, https:\/\/vapestornado.com\/wp-content\/uploads\/2024\/12\/Wholesale-Disposable-Vape-600x680.jpg 600w, https:\/\/vapestornado.com\/wp-content\/uploads\/2024\/12\/Wholesale-Disposable-Vape.jpg 823w\" sizes=\"(max-width: 265px) 100vw, 265px\" \/><figcaption id=\"caption-attachment-2951\" class=\"wp-caption-text\">V\u0103 rug\u0103m s\u0103 contacta\u021bi WhatsApp-ul lui Mandy pentru pre\u021b redus\u00a0 <a href=\"https:\/\/wa.me\/8618077105796\">+8618077105796<\/a><\/figcaption><\/figure>\n<p>&nbsp;<\/p>","protected":false},"featured_media":3480,"comment_status":"open","ping_status":"closed","template":"","meta":{"_acf_changed":false,"_uag_custom_page_level_css":"","_lmt_disableupdate":"no","_lmt_disable":"","_monsterinsights_skip_tracking":false,"_monsterinsights_sitenote_active":false,"_monsterinsights_sitenote_note":"","_monsterinsights_sitenote_category":0,"site-sidebar-layout":"default","site-content-layout":"","ast-site-content-layout":"default","site-content-style":"default","site-sidebar-style":"default","ast-global-header-display":"","ast-banner-title-visibility":"","ast-main-header-display":"","ast-hfb-above-header-display":"","ast-hfb-below-header-display":"","ast-hfb-mobile-header-display":"","site-post-title":"","ast-breadcrumbs-content":"","ast-featured-img":"","footer-sml-layout":"","ast-disable-related-posts":"","theme-transparent-header-meta":"default","adv-header-id-meta":"","stick-header-meta":"","header-above-stick-meta":"","header-main-stick-meta":"","header-below-stick-meta":"","astra-migrate-meta-layouts":"set","ast-page-background-enabled":"default","ast-page-background-meta":{"desktop":{"background-color":"","background-image":"","background-repeat":"repeat","background-position":"center center","background-size":"auto","background-attachment":"scroll","background-type":"","background-media":"","overlay-type":"","overlay-color":"","overlay-opacity":"","overlay-gradient":""},"tablet":{"background-color":"","background-image":"","background-repeat":"repeat","background-position":"center center","background-size":"auto","background-attachment":"scroll","background-type":"","background-media":"","overlay-type":"","overlay-color":"","overlay-opacity":"","overlay-gradient":""},"mobile":{"background-color":"","background-image":"","background-repeat":"repeat","background-position":"center center","background-size":"auto","background-attachment":"scroll","background-type":"","background-media":"","overlay-type":"","overlay-color":"","overlay-opacity":"","overlay-gradient":""}},"ast-content-background-meta":{"desktop":{"background-color":"var(--ast-global-color-5)","background-image":"","background-repeat":"repeat","background-position":"center center","background-size":"auto","background-attachment":"scroll","background-type":"","background-media":"","overlay-type":"","overlay-color":"","overlay-opacity":"","overlay-gradient":""},"tablet":{"background-color":"var(--ast-global-color-5)","background-image":"","background-repeat":"repeat","background-position":"center center","background-size":"auto","background-attachment":"scroll","background-type":"","background-media":"","overlay-type":"","overlay-color":"","overlay-opacity":"","overlay-gradient":""},"mobile":{"background-color":"var(--ast-global-color-5)","background-image":"","background-repeat":"repeat","background-position":"center center","background-size":"auto","background-attachment":"scroll","background-type":"","background-media":"","overlay-type":"","overlay-color":"","overlay-opacity":"","overlay-gradient":""}},"_joinchat":{"telephone":"+8618077105796"}},"product_brand":[],"product_cat":[175,64,150,158],"product_tag":[179,97],"class_list":{"0":"post-3320","1":"product","2":"type-product","3":"status-publish","4":"has-post-thumbnail","6":"product_cat-35000-puff","7":"product_cat-bangbox-vape","8":"product_cat-buy-disposable-vapes-in-belgium","9":"product_cat-buy-disposable-vapes-in-spain","10":"product_tag-bang-box-35000","11":"product_tag-hot-sale-disposable-vape","12":"desktop-align-left","13":"tablet-align-left","14":"mobile-align-left","16":"first","17":"instock","18":"sale","19":"shipping-taxable","20":"purchasable","21":"product-type-simple"},"acf":[],"uagb_featured_image_src":{"full":["https:\/\/vapestornado.com\/wp-content\/uploads\/2024\/12\/Bang-Box-35k-puff-disposable-Vape-good-price.jpg",800,800,false],"thumbnail":["https:\/\/vapestornado.com\/wp-content\/uploads\/2024\/12\/Bang-Box-35k-puff-disposable-Vape-good-price-150x150.jpg",150,150,true],"medium":["https:\/\/vapestornado.com\/wp-content\/uploads\/2024\/12\/Bang-Box-35k-puff-disposable-Vape-good-price-300x300.jpg",300,300,true],"medium_large":["https:\/\/vapestornado.com\/wp-content\/uploads\/2024\/12\/Bang-Box-35k-puff-disposable-Vape-good-price-768x768.jpg",768,768,true],"large":["https:\/\/vapestornado.com\/wp-content\/uploads\/2024\/12\/Bang-Box-35k-puff-disposable-Vape-good-price.jpg",800,800,false],"1536x1536":["https:\/\/vapestornado.com\/wp-content\/uploads\/2024\/12\/Bang-Box-35k-puff-disposable-Vape-good-price.jpg",800,800,false],"2048x2048":["https:\/\/vapestornado.com\/wp-content\/uploads\/2024\/12\/Bang-Box-35k-puff-disposable-Vape-good-price.jpg",800,800,false],"trp-custom-language-flag":["https:\/\/vapestornado.com\/wp-content\/uploads\/2024\/12\/Bang-Box-35k-puff-disposable-Vape-good-price.jpg",12,12,false],"woocommerce_thumbnail":["https:\/\/vapestornado.com\/wp-content\/uploads\/2024\/12\/Bang-Box-35k-puff-disposable-Vape-good-price-300x300.jpg",300,300,true],"woocommerce_single":["https:\/\/vapestornado.com\/wp-content\/uploads\/2024\/12\/Bang-Box-35k-puff-disposable-Vape-good-price-600x600.jpg",600,600,true],"woocommerce_gallery_thumbnail":["https:\/\/vapestornado.com\/wp-content\/uploads\/2024\/12\/Bang-Box-35k-puff-disposable-Vape-good-price-100x100.jpg",100,100,true]},"uagb_author_info":{"display_name":"ESMANDY","author_link":"https:\/\/vapestornado.com\/ro\/author\/"},"uagb_comment_info":0,"uagb_excerpt":"Bang Box 35000 Puffs offers high-capacity, long-lasting vaping with 35,000 puffs, premium flavors, and a sleek, portable design for an exceptional vaping experience. [caption id=\"attachment_2951\" align=\"alignnone\" width=\"265\"] Pls Contact Mandy's WhatsApp For Discount Price\u00a0 +8618077105796[\/caption] &nbsp;","_links":{"self":[{"href":"https:\/\/vapestornado.com\/ro\/wp-json\/wp\/v2\/product\/3320","targetHints":{"allow":["GET"]}}],"collection":[{"href":"https:\/\/vapestornado.com\/ro\/wp-json\/wp\/v2\/product"}],"about":[{"href":"https:\/\/vapestornado.com\/ro\/wp-json\/wp\/v2\/types\/product"}],"replies":[{"embeddable":true,"href":"https:\/\/vapestornado.com\/ro\/wp-json\/wp\/v2\/comments?post=3320"}],"wp:featuredmedia":[{"embeddable":true,"href":"https:\/\/vapestornado.com\/ro\/wp-json\/wp\/v2\/media\/3480"}],"wp:attachment":[{"href":"https:\/\/vapestornado.com\/ro\/wp-json\/wp\/v2\/media?parent=3320"}],"wp:term":[{"taxonomy":"product_brand","embeddable":true,"href":"https:\/\/vapestornado.com\/ro\/wp-json\/wp\/v2\/product_brand?post=3320"},{"taxonomy":"product_cat","embeddable":true,"href":"https:\/\/vapestornado.com\/ro\/wp-json\/wp\/v2\/product_cat?post=3320"},{"taxonomy":"product_tag","embeddable":true,"href":"https:\/\/vapestornado.com\/ro\/wp-json\/wp\/v2\/product_tag?post=3320"}],"curies":[{"name":"wp","href":"https:\/\/api.w.org\/{rel}","templated":true}]}}