{"id":3302,"date":"2024-12-20T09:00:58","date_gmt":"2024-12-20T09:00:58","guid":{"rendered":"https:\/\/vapestornado.com\/?post_type=product&#038;p=3302"},"modified":"2025-08-23T10:40:53","modified_gmt":"2025-08-23T10:40:53","slug":"fumot-digital-box-12000-puffs-disposable-vape","status":"publish","type":"product","link":"https:\/\/vapestornado.com\/ro\/product\/fumot-digital-box-12000-puffs-disposable-vape\/","title":{"rendered":"Vape de Unic\u0103 Folosin\u021b\u0103 Fumot Digital Box 12000 Puffs"},"content":{"rendered":"<h1>Vape de Unic\u0103 Folosin\u021b\u0103 Fumot Digital Box 12000 Puffs<\/h1>\n<p data-start=\"283\" data-end=\"581\">Sistemul <strong data-start=\"287\" data-end=\"336\">Vape de Unic\u0103 Folosin\u021b\u0103 Fumot Digital Box 12000 Puffs<\/strong> este construit pentru retaileri \u0219i distribuitori care caut\u0103 un dispozitiv fiabil, plin de func\u021bii. Cu p\u00e2n\u0103 la <strong data-start=\"437\" data-end=\"453\">12.000 de pufuri<\/strong> per unitate \u0219i un <strong data-start=\"469\" data-end=\"502\">rezervor preumplut cu lichid electronic de 20ml<\/strong>, ofer\u0103 valoare excelent\u0103 \u0219i utilizare de lung\u0103 durat\u0103 pentru clien\u021bii din Europa.<\/p>\n<p data-start=\"583\" data-end=\"889\">Alimentat de o <strong data-start=\"596\" data-end=\"627\">re\u00eenc\u0103rcabil\u0103 de 550mAh<\/strong> cu <strong data-start=\"633\" data-end=\"652\">\u00eenc\u0103rcare de tip C<\/strong>, Fumot 12K asigur\u0103 o ie\u0219ire constant\u0103 \u0219i un timp de inactivitate minim. Acesta <strong data-start=\"720\" data-end=\"744\">tehnologie mesh coil<\/strong> ofer\u0103 vapori fini \u0219i arom\u0103 complet\u0103, \u00een timp ce <strong data-start=\"794\" data-end=\"823\">indicatorii ecranului digital<\/strong> afi\u0219eaz\u0103 clar nivelurile de lichid electronic \u0219i baterie pentru un plus de confort.<\/p>\n<p data-start=\"891\" data-end=\"1195\">Compact \u0219i elegant, acest dispozitiv este conceput at\u00e2t pentru \u00eencep\u0103tori, c\u00e2t \u0219i pentru vaperii experimenta\u021bi care doresc performan\u021be fiabile \u00eentr-o form\u0103 portabil\u0103. Pentru angrosi\u0219ti, <strong data-start=\"1049\" data-end=\"1074\">Cutie Digital\u0103 Fumot 12K<\/strong> combin\u0103 capacitatea, designul modern \u0219i <strong data-start=\"1113\" data-end=\"1146\">pre\u021buri competitive de v\u00e2nzare cu ridicata<\/strong>, f\u0103c\u00e2ndu-l o op\u021biune profitabil\u0103 pentru v\u00e2nz\u0103ri \u00een vrac.<\/p>\n<p><img fetchpriority=\"high\" decoding=\"async\" class=\"alignnone size-full wp-image-3415\" src=\"https:\/\/vapestornado.com\/wp-content\/uploads\/2024\/12\/RandM-Fumot-Vape-Distributor-Best-Price.jpg\" alt=\"Cel mai bun pre\u021b la distribuitorul de vape RandM Fumot\" width=\"1684\" height=\"1080\" srcset=\"https:\/\/vapestornado.com\/wp-content\/uploads\/2024\/12\/RandM-Fumot-Vape-Distributor-Best-Price.jpg 1684w, https:\/\/vapestornado.com\/wp-content\/uploads\/2024\/12\/RandM-Fumot-Vape-Distributor-Best-Price-300x192.jpg 300w, https:\/\/vapestornado.com\/wp-content\/uploads\/2024\/12\/RandM-Fumot-Vape-Distributor-Best-Price-1024x657.jpg 1024w, https:\/\/vapestornado.com\/wp-content\/uploads\/2024\/12\/RandM-Fumot-Vape-Distributor-Best-Price-768x493.jpg 768w, https:\/\/vapestornado.com\/wp-content\/uploads\/2024\/12\/RandM-Fumot-Vape-Distributor-Best-Price-1536x985.jpg 1536w, https:\/\/vapestornado.com\/wp-content\/uploads\/2024\/12\/RandM-Fumot-Vape-Distributor-Best-Price-600x385.jpg 600w\" sizes=\"(max-width: 1684px) 100vw, 1684px\" \/><\/p>\n<h3><strong>Caracteristicile produsului:<\/strong><\/h3>\n<ul>\n<li><strong>Capacitate de 12000 de pufuri<\/strong>: Performan\u021b\u0103 de lung\u0103 durat\u0103 pentru zile \u00eentregi de vaping f\u0103r\u0103 reumplere.<\/li>\n<li><strong>20 ml E-lichid<\/strong>: Pre-umplut pentru confortul dumneavoastr\u0103 \u0219i o arom\u0103 perfect\u0103.<\/li>\n<li><strong>Tehnologie cu bobin\u0103 tip plas\u0103<\/strong>: Produc\u021bie lin\u0103 de vapori \u0219i arom\u0103 intens\u0103.<\/li>\n<li><strong>Baterie Re\u00eenc\u0103rcabil\u0103 de 550mAh<\/strong>: Suport\u0103 utilizarea extins\u0103 cu o putere fiabil\u0103.<\/li>\n<li><strong>E-lichid<\/strong>: R\u0103m\u00e2ne\u021bi informat cu u\u0219urin\u021b\u0103 despre starea vape-ului dumneavoastr\u0103.<\/li>\n<\/ul>\n<p><img decoding=\"async\" class=\"alignnone size-full wp-image-3413\" src=\"https:\/\/vapestornado.com\/wp-content\/uploads\/2024\/12\/Mesh-Coil-12000-Puffs-Disposable-Vape.png\" alt=\"Vape de unic\u0103 folosin\u021b\u0103 cu bobin\u0103 mesh, 12000 de pufuri\" width=\"1033\" height=\"592\" srcset=\"https:\/\/vapestornado.com\/wp-content\/uploads\/2024\/12\/Mesh-Coil-12000-Puffs-Disposable-Vape.png 1033w, https:\/\/vapestornado.com\/wp-content\/uploads\/2024\/12\/Mesh-Coil-12000-Puffs-Disposable-Vape-300x172.png 300w, https:\/\/vapestornado.com\/wp-content\/uploads\/2024\/12\/Mesh-Coil-12000-Puffs-Disposable-Vape-1024x587.png 1024w, https:\/\/vapestornado.com\/wp-content\/uploads\/2024\/12\/Mesh-Coil-12000-Puffs-Disposable-Vape-768x440.png 768w, https:\/\/vapestornado.com\/wp-content\/uploads\/2024\/12\/Mesh-Coil-12000-Puffs-Disposable-Vape-600x344.png 600w\" sizes=\"(max-width: 1033px) 100vw, 1033px\" \/> <img decoding=\"async\" class=\"alignnone size-full wp-image-3414\" src=\"https:\/\/vapestornado.com\/wp-content\/uploads\/2024\/12\/RandM-Fumot-12000-Puffs-Vape-Hot-Sale.png\" alt=\"Vape RandM Fumot 12000 de pufuri la v\u00e2nzare fierbinte\" width=\"1067\" height=\"609\" srcset=\"https:\/\/vapestornado.com\/wp-content\/uploads\/2024\/12\/RandM-Fumot-12000-Puffs-Vape-Hot-Sale.png 1067w, https:\/\/vapestornado.com\/wp-content\/uploads\/2024\/12\/RandM-Fumot-12000-Puffs-Vape-Hot-Sale-300x171.png 300w, https:\/\/vapestornado.com\/wp-content\/uploads\/2024\/12\/RandM-Fumot-12000-Puffs-Vape-Hot-Sale-1024x584.png 1024w, https:\/\/vapestornado.com\/wp-content\/uploads\/2024\/12\/RandM-Fumot-12000-Puffs-Vape-Hot-Sale-768x438.png 768w, https:\/\/vapestornado.com\/wp-content\/uploads\/2024\/12\/RandM-Fumot-12000-Puffs-Vape-Hot-Sale-600x342.png 600w\" sizes=\"(max-width: 1067px) 100vw, 1067px\" \/> <img loading=\"lazy\" decoding=\"async\" class=\"alignnone size-full wp-image-3410\" src=\"https:\/\/vapestornado.com\/wp-content\/uploads\/2024\/12\/Fumot-Digital-box-12000-Puffs-Disposable-Vape-Wholesale.png\" alt=\"Fumot Digital box 12000 Pufuri Vape de unic\u0103 folosin\u021b\u0103 en-gros\" width=\"1010\" height=\"659\" srcset=\"https:\/\/vapestornado.com\/wp-content\/uploads\/2024\/12\/Fumot-Digital-box-12000-Puffs-Disposable-Vape-Wholesale.png 1010w, https:\/\/vapestornado.com\/wp-content\/uploads\/2024\/12\/Fumot-Digital-box-12000-Puffs-Disposable-Vape-Wholesale-300x196.png 300w, https:\/\/vapestornado.com\/wp-content\/uploads\/2024\/12\/Fumot-Digital-box-12000-Puffs-Disposable-Vape-Wholesale-768x501.png 768w, https:\/\/vapestornado.com\/wp-content\/uploads\/2024\/12\/Fumot-Digital-box-12000-Puffs-Disposable-Vape-Wholesale-600x391.png 600w\" sizes=\"(max-width: 1010px) 100vw, 1010px\" \/> <img loading=\"lazy\" decoding=\"async\" class=\"alignnone size-full wp-image-3406\" src=\"https:\/\/vapestornado.com\/wp-content\/uploads\/2024\/12\/550mAh-Fumot-Digital-Box-Vape-Trader.png\" alt=\"Comerciant de vape Fumot Digital Box de 550 mAh\" width=\"1050\" height=\"659\" srcset=\"https:\/\/vapestornado.com\/wp-content\/uploads\/2024\/12\/550mAh-Fumot-Digital-Box-Vape-Trader.png 1050w, https:\/\/vapestornado.com\/wp-content\/uploads\/2024\/12\/550mAh-Fumot-Digital-Box-Vape-Trader-300x188.png 300w, https:\/\/vapestornado.com\/wp-content\/uploads\/2024\/12\/550mAh-Fumot-Digital-Box-Vape-Trader-1024x643.png 1024w, https:\/\/vapestornado.com\/wp-content\/uploads\/2024\/12\/550mAh-Fumot-Digital-Box-Vape-Trader-768x482.png 768w, https:\/\/vapestornado.com\/wp-content\/uploads\/2024\/12\/550mAh-Fumot-Digital-Box-Vape-Trader-600x377.png 600w\" sizes=\"(max-width: 1050px) 100vw, 1050px\" \/><\/p>\n<h2>Cutie Digital\u0103 RandM 12k Pufuri<strong> Lista de arome:<\/strong><\/h2>\n<ul>\n<li>Banane cu Ghea\u021b\u0103<\/li>\n<li>Ghea\u021b\u0103 Neagr\u0103<\/li>\n<li>Ghea\u021b\u0103 de Zmeur\u0103 Albastr\u0103<\/li>\n<li>Afine cu Ghea\u021b\u0103<\/li>\n<li>Zmeur\u0103 cu Afine<\/li>\n<li>Zmeur\u0103 acri\u0219oar\u0103 cu afine<\/li>\n<li>Ghea\u021b\u0103 de cire\u0219e<\/li>\n<li>Cola cu cire\u0219e<\/li>\n<li>Cola cu Ghea\u021b\u0103<\/li>\n<li>Ment\u0103 Rece<\/li>\n<li>M\u0103r Dublu<\/li>\n<li>Dr. Blue<\/li>\n<li>Ghea\u021b\u0103 de Struguri<\/li>\n<li>\u00cenghe\u021bat\u0103<\/li>\n<li>Kiwi Fructul Pasiunii Guava<\/li>\n<li>Dragoste 66<\/li>\n<li>Ghea\u021b\u0103 Lush<\/li>\n<li>Fructe de p\u0103dure amestecate<\/li>\n<li>Piersic\u0103 \u0219i Fructe de P\u0103dure<\/li>\n<li>Piersic\u0103 cu Ghea\u021b\u0103<\/li>\n<li>Piersic\u0103 Mango Ananas<\/li>\n<li>Ananas cu Ghea\u021b\u0103<\/li>\n<li>Limonad\u0103 Roz<\/li>\n<li>Skittles<\/li>\n<li>C\u0103p\u0219uni Banane<\/li>\n<li>Struguri cu C\u0103p\u0219uni<\/li>\n<li>C\u0103p\u0219uni Ghea\u021b\u0103<\/li>\n<li>C\u0103p\u0219uni \u0219i Pepene Verde<\/li>\n<li>Mango Triplu<\/li>\n<li>Vimto<\/li>\n<\/ul>\n<h3>RandM 12000 Top 5 Arome<\/h3>\n<ol>\n<li><strong>Banane cu Ghea\u021b\u0103<\/strong>: Banan\u0103 dulce cu un finisaj mentolat r\u0103coritor.<\/li>\n<li><strong>Zmeur\u0103 acri\u0219oar\u0103 cu afine<\/strong>: Afine acri\u0219oare cu o not\u0103 de zmeur\u0103 acr\u0103.<\/li>\n<li><strong>Kiwi Fructul Pasiunii Guava<\/strong>: Un amestec tropical de fructe exotice.<\/li>\n<li><strong>Piersic\u0103 Mango Ananas<\/strong>: Fuziune suculent\u0103 de piersic\u0103, mango \u0219i ananas.<\/li>\n<li><strong>Cola cu Ghea\u021b\u0103<\/strong>: Aroma clasic\u0103 de cola cu o not\u0103 r\u0103coritoare de ghea\u021b\u0103.<\/li>\n<\/ol>\n<h2>De ce s\u0103 alege\u021bi Fumot digital box 12000 Puff Vape?<\/h2>\n<p><strong>Vape-urile Fumot 12000 digital box<\/strong> ofer\u0103 o valoare imbatabil\u0103 cu capacitatea sa masiv\u0103, materialele de \u00eenalt\u0103 calitate \u0219i caracteristicile inovatoare. Perfect pentru cei care prioritizeaz\u0103 confortul, este pre-umplut, re\u00eenc\u0103rcabil \u0219i asigur\u0103 o experien\u021b\u0103 superioar\u0103 de vaping. Gama larg\u0103 de arome satisface fiecare preferin\u021b\u0103, iar designul elegant \u00eel deosebe\u0219te de concuren\u021bi.<\/p>\n<h4>Fumot Vape 7k en-gros Contacta\u021bi \u0219i ob\u021bine\u021bi reducere acum!<\/h4>\n<figure id=\"attachment_2921\" aria-describedby=\"caption-attachment-2921\" style=\"width: 887px\" class=\"wp-caption alignnone\"><img loading=\"lazy\" decoding=\"async\" class=\"size-large wp-image-2921\" src=\"https:\/\/vapestornado.com\/wp-content\/uploads\/2024\/11\/20062b3a285f900e79520aad496b94d-887x1024.jpg\" alt=\"vapestornado Vicky\" width=\"887\" height=\"1024\" srcset=\"https:\/\/vapestornado.com\/wp-content\/uploads\/2024\/11\/20062b3a285f900e79520aad496b94d-887x1024.jpg 887w, https:\/\/vapestornado.com\/wp-content\/uploads\/2024\/11\/20062b3a285f900e79520aad496b94d-260x300.jpg 260w, https:\/\/vapestornado.com\/wp-content\/uploads\/2024\/11\/20062b3a285f900e79520aad496b94d-768x887.jpg 768w, https:\/\/vapestornado.com\/wp-content\/uploads\/2024\/11\/20062b3a285f900e79520aad496b94d-600x693.jpg 600w, https:\/\/vapestornado.com\/wp-content\/uploads\/2024\/11\/20062b3a285f900e79520aad496b94d.jpg 1080w\" sizes=\"(max-width: 887px) 100vw, 887px\" \/><figcaption id=\"caption-attachment-2921\" class=\"wp-caption-text\">vapestornado Vicky<\/figcaption><\/figure>","protected":false},"excerpt":{"rendered":"<p><strong><span style=\"color: #ff0000;\"><span style=\"color: #000000;\">Fumot Digital Box 12000 Puffs ofer\u0103 20ml lichid electronic, arom\u0103 cu rezisten\u021b\u0103 tip plas\u0103 \u0219i un ecran digital. Un vape re\u00eenc\u0103rcabil, compact, perfect pentru cump\u0103r\u0103torii angro din Europa.<\/span>(pre\u021bul de pe site-ul nostru nu include costul de transport, v\u0103 rug\u0103m s\u0103 m\u0103 contacta\u021bi pentru a ob\u021bine pre\u021bul complet \u0219i reducerea dumneavoastr\u0103!)<\/span><\/strong><\/p>\n<p><img loading=\"lazy\" decoding=\"async\" class=\"size-medium wp-image-2921\" src=\"https:\/\/vapestornado.com\/wp-content\/uploads\/2024\/11\/20062b3a285f900e79520aad496b94d-260x300.jpg\" alt=\"vapestornado Vicky\" width=\"260\" height=\"300\" srcset=\"https:\/\/vapestornado.com\/wp-content\/uploads\/2024\/11\/20062b3a285f900e79520aad496b94d-260x300.jpg 260w, https:\/\/vapestornado.com\/wp-content\/uploads\/2024\/11\/20062b3a285f900e79520aad496b94d-887x1024.jpg 887w, https:\/\/vapestornado.com\/wp-content\/uploads\/2024\/11\/20062b3a285f900e79520aad496b94d-768x887.jpg 768w, https:\/\/vapestornado.com\/wp-content\/uploads\/2024\/11\/20062b3a285f900e79520aad496b94d-600x693.jpg 600w, https:\/\/vapestornado.com\/wp-content\/uploads\/2024\/11\/20062b3a285f900e79520aad496b94d.jpg 1080w\" sizes=\"(max-width: 260px) 100vw, 260px\" \/><\/p>","protected":false},"featured_media":3409,"comment_status":"open","ping_status":"closed","template":"","meta":{"_acf_changed":false,"_uag_custom_page_level_css":"","_lmt_disableupdate":"no","_lmt_disable":"","_monsterinsights_skip_tracking":false,"_monsterinsights_sitenote_active":false,"_monsterinsights_sitenote_note":"","_monsterinsights_sitenote_category":0,"site-sidebar-layout":"default","site-content-layout":"","ast-site-content-layout":"default","site-content-style":"default","site-sidebar-style":"default","ast-global-header-display":"","ast-banner-title-visibility":"","ast-main-header-display":"","ast-hfb-above-header-display":"","ast-hfb-below-header-display":"","ast-hfb-mobile-header-display":"","site-post-title":"","ast-breadcrumbs-content":"","ast-featured-img":"","footer-sml-layout":"","ast-disable-related-posts":"","theme-transparent-header-meta":"default","adv-header-id-meta":"","stick-header-meta":"","header-above-stick-meta":"","header-main-stick-meta":"","header-below-stick-meta":"","astra-migrate-meta-layouts":"set","ast-page-background-enabled":"default","ast-page-background-meta":{"desktop":{"background-color":"","background-image":"","background-repeat":"repeat","background-position":"center center","background-size":"auto","background-attachment":"scroll","background-type":"","background-media":"","overlay-type":"","overlay-color":"","overlay-opacity":"","overlay-gradient":""},"tablet":{"background-color":"","background-image":"","background-repeat":"repeat","background-position":"center center","background-size":"auto","background-attachment":"scroll","background-type":"","background-media":"","overlay-type":"","overlay-color":"","overlay-opacity":"","overlay-gradient":""},"mobile":{"background-color":"","background-image":"","background-repeat":"repeat","background-position":"center center","background-size":"auto","background-attachment":"scroll","background-type":"","background-media":"","overlay-type":"","overlay-color":"","overlay-opacity":"","overlay-gradient":""}},"ast-content-background-meta":{"desktop":{"background-color":"var(--ast-global-color-5)","background-image":"","background-repeat":"repeat","background-position":"center center","background-size":"auto","background-attachment":"scroll","background-type":"","background-media":"","overlay-type":"","overlay-color":"","overlay-opacity":"","overlay-gradient":""},"tablet":{"background-color":"var(--ast-global-color-5)","background-image":"","background-repeat":"repeat","background-position":"center center","background-size":"auto","background-attachment":"scroll","background-type":"","background-media":"","overlay-type":"","overlay-color":"","overlay-opacity":"","overlay-gradient":""},"mobile":{"background-color":"var(--ast-global-color-5)","background-image":"","background-repeat":"repeat","background-position":"center center","background-size":"auto","background-attachment":"scroll","background-type":"","background-media":"","overlay-type":"","overlay-color":"","overlay-opacity":"","overlay-gradient":""}},"_joinchat":{"telephone":"+8618077105750"}},"product_brand":[],"product_cat":[72,157,159,160,142,58,144,19],"product_tag":[],"class_list":{"0":"post-3302","1":"product","2":"type-product","3":"status-publish","4":"has-post-thumbnail","6":"product_cat-12000-puff","7":"product_cat-buy-disposable-vapes-in-portugal","8":"product_cat-buy-disposable-vapes-in-sweden","9":"product_cat-buy-disposable-vapes-in-switzerland","10":"product_cat-digital-box-disposable-vapes","11":"product_cat-fumot-vape","12":"product_cat-low-nicotine-disposable-vapes","13":"product_cat-vapes","14":"desktop-align-left","15":"tablet-align-left","16":"mobile-align-left","18":"first","19":"instock","20":"sale","21":"shipping-taxable","22":"purchasable","23":"product-type-simple"},"acf":[],"uagb_featured_image_src":{"full":["https:\/\/vapestornado.com\/wp-content\/uploads\/2024\/12\/Fumot-Digital-12000-Puffs-E-liquid-Indicator-Vape.png",900,900,false],"thumbnail":["https:\/\/vapestornado.com\/wp-content\/uploads\/2024\/12\/Fumot-Digital-12000-Puffs-E-liquid-Indicator-Vape-150x150.png",150,150,true],"medium":["https:\/\/vapestornado.com\/wp-content\/uploads\/2024\/12\/Fumot-Digital-12000-Puffs-E-liquid-Indicator-Vape-300x300.png",300,300,true],"medium_large":["https:\/\/vapestornado.com\/wp-content\/uploads\/2024\/12\/Fumot-Digital-12000-Puffs-E-liquid-Indicator-Vape-768x768.png",768,768,true],"large":["https:\/\/vapestornado.com\/wp-content\/uploads\/2024\/12\/Fumot-Digital-12000-Puffs-E-liquid-Indicator-Vape.png",900,900,false],"1536x1536":["https:\/\/vapestornado.com\/wp-content\/uploads\/2024\/12\/Fumot-Digital-12000-Puffs-E-liquid-Indicator-Vape.png",900,900,false],"2048x2048":["https:\/\/vapestornado.com\/wp-content\/uploads\/2024\/12\/Fumot-Digital-12000-Puffs-E-liquid-Indicator-Vape.png",900,900,false],"trp-custom-language-flag":["https:\/\/vapestornado.com\/wp-content\/uploads\/2024\/12\/Fumot-Digital-12000-Puffs-E-liquid-Indicator-Vape.png",12,12,false],"woocommerce_thumbnail":["https:\/\/vapestornado.com\/wp-content\/uploads\/2024\/12\/Fumot-Digital-12000-Puffs-E-liquid-Indicator-Vape-300x300.png",300,300,true],"woocommerce_single":["https:\/\/vapestornado.com\/wp-content\/uploads\/2024\/12\/Fumot-Digital-12000-Puffs-E-liquid-Indicator-Vape-600x600.png",600,600,true],"woocommerce_gallery_thumbnail":["https:\/\/vapestornado.com\/wp-content\/uploads\/2024\/12\/Fumot-Digital-12000-Puffs-E-liquid-Indicator-Vape-100x100.png",100,100,true]},"uagb_author_info":{"display_name":"ESvicky","author_link":"https:\/\/vapestornado.com\/ro\/author\/"},"uagb_comment_info":0,"uagb_excerpt":"The Fumot Digital Box 12000 Puffs offers 20ml e-liquid, mesh coil flavor, and a digital screen. A compact, rechargeable vape perfect for wholesale buyers in Europe.(our website price not include shipping cost, please contact me to get whole price and your disccount!)","_links":{"self":[{"href":"https:\/\/vapestornado.com\/ro\/wp-json\/wp\/v2\/product\/3302","targetHints":{"allow":["GET"]}}],"collection":[{"href":"https:\/\/vapestornado.com\/ro\/wp-json\/wp\/v2\/product"}],"about":[{"href":"https:\/\/vapestornado.com\/ro\/wp-json\/wp\/v2\/types\/product"}],"replies":[{"embeddable":true,"href":"https:\/\/vapestornado.com\/ro\/wp-json\/wp\/v2\/comments?post=3302"}],"wp:featuredmedia":[{"embeddable":true,"href":"https:\/\/vapestornado.com\/ro\/wp-json\/wp\/v2\/media\/3409"}],"wp:attachment":[{"href":"https:\/\/vapestornado.com\/ro\/wp-json\/wp\/v2\/media?parent=3302"}],"wp:term":[{"taxonomy":"product_brand","embeddable":true,"href":"https:\/\/vapestornado.com\/ro\/wp-json\/wp\/v2\/product_brand?post=3302"},{"taxonomy":"product_cat","embeddable":true,"href":"https:\/\/vapestornado.com\/ro\/wp-json\/wp\/v2\/product_cat?post=3302"},{"taxonomy":"product_tag","embeddable":true,"href":"https:\/\/vapestornado.com\/ro\/wp-json\/wp\/v2\/product_tag?post=3302"}],"curies":[{"name":"wp","href":"https:\/\/api.w.org\/{rel}","templated":true}]}}