{"id":3301,"date":"2024-12-20T08:43:41","date_gmt":"2024-12-20T08:43:41","guid":{"rendered":"https:\/\/vapestornado.com\/?post_type=product&#038;p=3301"},"modified":"2025-08-23T12:25:51","modified_gmt":"2025-08-23T12:25:51","slug":"vookbar-cyber-pro-30000-puffs-disposable-vape-5-wholesale-price","status":"publish","type":"product","link":"https:\/\/vapestornado.com\/ro\/product\/vookbar-cyber-pro-30000-puffs-disposable-vape-5-wholesale-price\/","title":{"rendered":"Vookbar Cyber PRO 30000 Puffs Vape de unic\u0103 folosin\u021b\u0103 5% Pre\u021b en-gros"},"content":{"rendered":"<h1>Vookbar Cyber PRO 30000 Puffs Vape de unic\u0103 folosin\u021b\u0103 5% Pre\u021b en-gros<\/h1>\n<p>&nbsp;<\/p>\n<div role=\"article\" data-tabster=\"{&quot;groupper&quot;:{&quot;tabbability&quot;:2},&quot;focusable&quot;:{}}\" data-content=\"ai-message\" aria-labelledby=\"64JRvXrTnY7mRmPkEQLLT-author 64JRvXrTnY7mRmPkEQLLT-content\">\n<div id=\"64JRvXrTnY7mRmPkEQLLT-content\">\n<p>Sistemul <strong>Vookbar Cyber PRO 30000 Puff Vap\u0103 de unic\u0103 folosin\u021b\u0103<\/strong> redefine\u0219te limitele vapingului modern prin fuzionarea tehnologiei avansate cu performan\u021be excep\u021bionale. Conceput pentru vaperii care caut\u0103 mai mult dec\u00e2t un simplu dispozitiv obi\u0219nuit, Cyber PRO combin\u0103 func\u021bii inteligente cu un design elegant, cre\u00e2nd o experien\u021b\u0103 de vaping cu adev\u0103rat futurist\u0103.<\/p>\n<p><strong>Performan\u021b\u0103 inegalabil\u0103<\/strong><\/p>\n<p>Cu un impresionant <strong>durat\u0103 de via\u021b\u0103 de 30k pufuri<\/strong>, Vookbar Cyber PRO ofer\u0103 o longevitate de neegalat, f\u0103c\u00e2ndu-l o alegere ideal\u0103 pentru utilizare prelungit\u0103. Dispozitivul este echipat cu o <strong>22 ml de e-lichid<\/strong> \u0219i prezint\u0103 o concentra\u021bie de nicotin\u0103 de <strong>20mg\/ml<\/strong>, oferind vapori consisten\u021bi \u0219i satisf\u0103c\u0103tori la fiecare puf. Alimentat de o <strong>baterie re\u00eenc\u0103rcabil\u0103 de 2.850mAh<\/strong> \u0219i utiliz\u00e2nd un <strong>Port de \u00eenc\u0103rcare Type-C<\/strong>, Cyber PRO asigur\u0103 o re\u00eenc\u0103rcare rapid\u0103 \u0219i fiabil\u0103 pentru o utilizare ne\u00eentrerupt\u0103.<\/p>\n<p><strong>Integrare tehnologic\u0103 inteligent\u0103<\/strong><\/p>\n<p>Vookbar Cyber PRO dep\u0103\u0219e\u0219te vapingul tradi\u021bional, servind ca un dispozitiv multifunc\u021bional care se integreaz\u0103 perfect cu stilul t\u0103u de via\u021b\u0103 digital. Se conecteaz\u0103 prin <strong>Bluetooth<\/strong> sau aplica\u021bia sa proprietar\u0103, permi\u021b\u00e2nd func\u021bii inteligente precum:<\/p>\n<ul>\n<li><strong>Set\u0103ri de vaping personalizabile<\/strong> pentru a-\u021bi adapta experien\u021ba preferin\u021belor tale.<\/li>\n<li><strong>Control camer\u0103 de la distan\u021b\u0103<\/strong>, perfect pentru selfie-uri \u0219i fotografie creativ\u0103.<\/li>\n<li><strong>Notific\u0103ri sociale<\/strong> pentru a v\u0103 \u021bine la curent din mers.<\/li>\n<li><strong>Op\u021biuni personalizate pentru fundal<\/strong>, permi\u021b\u00e2nd personalizarea afi\u0219ajului dinamic al dispozitivului.<\/li>\n<li>Instrumente \u00eencorporate precum un <strong>calculator<\/strong>, <strong>mini-jocuri<\/strong>, \u0219i multe altele pentru un plus de confort.<\/li>\n<\/ul>\n<figure id=\"attachment_3493\" aria-describedby=\"caption-attachment-3493\" style=\"width: 518px\" class=\"wp-caption alignnone\"><img fetchpriority=\"high\" decoding=\"async\" class=\"wp-image-3493\" src=\"https:\/\/vapestornado.com\/wp-content\/uploads\/2024\/12\/Vookbar-vape-30000-Puffs-Wholesale-Prcie-Disposable-Vapes.jpg\" alt=\"Vookbar vape 30000 Puffs Pre\u021b en-gros Vapouri de unic\u0103 folosin\u021b\u0103\" width=\"518\" height=\"518\" srcset=\"https:\/\/vapestornado.com\/wp-content\/uploads\/2024\/12\/Vookbar-vape-30000-Puffs-Wholesale-Prcie-Disposable-Vapes.jpg 800w, https:\/\/vapestornado.com\/wp-content\/uploads\/2024\/12\/Vookbar-vape-30000-Puffs-Wholesale-Prcie-Disposable-Vapes-300x300.jpg 300w, https:\/\/vapestornado.com\/wp-content\/uploads\/2024\/12\/Vookbar-vape-30000-Puffs-Wholesale-Prcie-Disposable-Vapes-150x150.jpg 150w, https:\/\/vapestornado.com\/wp-content\/uploads\/2024\/12\/Vookbar-vape-30000-Puffs-Wholesale-Prcie-Disposable-Vapes-768x768.jpg 768w, https:\/\/vapestornado.com\/wp-content\/uploads\/2024\/12\/Vookbar-vape-30000-Puffs-Wholesale-Prcie-Disposable-Vapes-600x600.jpg 600w, https:\/\/vapestornado.com\/wp-content\/uploads\/2024\/12\/Vookbar-vape-30000-Puffs-Wholesale-Prcie-Disposable-Vapes-100x100.jpg 100w\" sizes=\"(max-width: 518px) 100vw, 518px\" \/><figcaption id=\"caption-attachment-3493\" class=\"wp-caption-text\">Vookbar vape 30000 Puffs Pre\u021b en-gros Vapouri de unic\u0103 folosin\u021b\u0103<\/figcaption><\/figure>\n<h2><strong>De ce s\u0103 alege\u021bi vapourile Vookbar Cyber PRO 30000 Puffs?<\/strong><\/h2>\n<ul>\n<li><strong>Inova\u021bie<\/strong> \u00cembin\u0103 tehnologia de v\u00e2rf cu un design elegant.<\/li>\n<li><strong>Capacitate masiv\u0103:<\/strong> Ofer\u0103 o experien\u021b\u0103 de vaping lin\u0103 \u0219i satisf\u0103c\u0103toare, cu o capacitate de 30.000 de pufuri.<\/li>\n<li><strong>Caracteristici personalizabile:<\/strong> Ajusta\u021bi puterea \u0219i estetica pentru a se potrivi preferin\u021belor dumneavoastr\u0103 unice.<\/li>\n<li><strong>Construc\u021bie Durabil\u0103:<\/strong> Materialele de \u00eenalt\u0103 calitate \u0219i o baterie fiabil\u0103 asigur\u0103 performan\u021be pe termen lung.<\/li>\n<\/ul>\n<p>Indiferent dac\u0103 sunte\u021bi un vaper pasionat de tehnologie sau pur \u0219i simplu c\u0103uta\u021bi un dispozitiv de vaping puternic \u0219i elegant, <strong>Vaporizatorul de unic\u0103 folosin\u021b\u0103 Vookbar Cyber PRO 30000 Puffs<\/strong> ofer\u0103 o combina\u021bie de <strong>inova\u021bie<\/strong>, <strong>performan\u021b\u0103<\/strong>\u0219i <strong>personalizare<\/strong>. Ridic\u0103-\u021bi experien\u021ba de vapat azi!<\/p>\n<\/div>\n<\/div>\n<p><img decoding=\"async\" class=\"wp-image-2951\" src=\"https:\/\/vapestornado.com\/wp-content\/uploads\/2024\/12\/Wholesale-Disposable-Vape-265x300.jpg\" alt=\"Vape de unic\u0103 folosin\u021b\u0103 en-gros\" width=\"295\" height=\"334\" srcset=\"https:\/\/vapestornado.com\/wp-content\/uploads\/2024\/12\/Wholesale-Disposable-Vape-265x300.jpg 265w, https:\/\/vapestornado.com\/wp-content\/uploads\/2024\/12\/Wholesale-Disposable-Vape-768x871.jpg 768w, https:\/\/vapestornado.com\/wp-content\/uploads\/2024\/12\/Wholesale-Disposable-Vape-600x680.jpg 600w, https:\/\/vapestornado.com\/wp-content\/uploads\/2024\/12\/Wholesale-Disposable-Vape.jpg 823w\" sizes=\"(max-width: 295px) 100vw, 295px\" \/><\/p>\n<h6>V\u0103 rug\u0103m s\u0103 contacta\u021bi WhatsApp-ul lui Mandy pentru pre\u021b redus<a href=\"https:\/\/wa.me\/8618077105796\" target=\"_blank\" rel=\"noopener\">+8618077105796<\/a><\/h6>\n<p>&nbsp;<\/p>\n<div class=\"flex max-w-full flex-col flex-grow\">\n<div class=\"min-h-8 text-message flex w-full flex-col items-end gap-2 whitespace-normal break-words text-start [.text-message+&amp;]:mt-5\" dir=\"auto\" data-message-author-role=\"assistant\" data-message-id=\"cdb991c0-f594-4bff-b2d5-fbbdd7ce9e54\" data-message-model-slug=\"gpt-4o-mini\">\n<div class=\"flex w-full flex-col gap-1 empty:hidden first:pt-[3px]\">\n<div class=\"markdown prose w-full break-words dark:prose-invert light\">\n<h3>Vape Vookbar Cyber PRO 30.000 Puffs en-gros \u2013 Specifica\u021bii<\/h3>\n<ul>\n<li><strong>Dimensiune:<\/strong> Compact \u0219i portabil, <strong>49x24x93mm<\/strong>.<\/li>\n<li><strong>Ecran:<\/strong> <strong>Display HD de 2.01-inch<\/strong>, perfect pentru set\u0103ri \u0219i notific\u0103ri.<\/li>\n<li><strong>Tip bobin\u0103:<\/strong> <strong>Bobin\u0103 dubl\u0103 tip plas\u0103<\/strong> pentru o arom\u0103 bogat\u0103 \u0219i nori den\u0219i.<\/li>\n<li><strong>Capacitate E-Lichid:<\/strong> Pre-umplut cu <strong>22ML de lichid de vapat premium<\/strong>.<\/li>\n<li><strong>Concentra\u021bie de Nicotin\u0103:<\/strong> Ofer\u0103 o lovitur\u0103 satisf\u0103c\u0103toare de <strong>5% nicotin\u0103<\/strong> de lung\u0103 durat\u0103.<\/li>\n<li><strong>Baterie:<\/strong> Durat\u0103 lung\u0103 de via\u021b\u0103 <strong>baterie re\u00eenc\u0103rcabil\u0103 de 850mAh<\/strong> cu \u00eenc\u0103rcare rapid\u0103 <strong>\u00eenc\u0103rcare de tip C<\/strong>.<\/li>\n<li><strong>Moduri de vapat:<\/strong>\n<ul>\n<li><strong>Mod Normal:<\/strong> P\u00e2n\u0103 la <strong>30.000 de pufuri<\/strong> pentru o vapat extins\u0103.<\/li>\n<li><strong>Mod Putere:<\/strong> P\u00e2n\u0103 la <strong>15.000 de pufuri<\/strong> pentru o performan\u021b\u0103 mai puternic\u0103.<\/li>\n<\/ul>\n<\/li>\n<li><strong>Func\u021bionare:<\/strong> Simpl\u0103 <strong>control cu buton lateral<\/strong> pentru pornire\/oprire \u0219i ajust\u0103ri.<\/li>\n<li><strong>Caracteristici:<\/strong> Conectivitate Bluetooth, materiale ecologice \u0219i moduri de vapat personalizabile.<\/li>\n<\/ul>\n<\/div>\n<\/div>\n<\/div>\n<\/div>\n<div class=\"mb-2 flex gap-3 empty:hidden -ml-2\">\n<h3 class=\"items-center justify-start rounded-xl p-1 flex\"><\/h3>\n<\/div>\n<h3><strong>List\u0103 arome Vookbar Cyber PRO 30k Puffs Vape Pods:<\/strong><\/h3>\n<p>1. Ghea\u021b\u0103 de zmeur\u0103 albastr\u0103<br \/>\n2. Ghea\u021b\u0103 de piersici<br \/>\n3. Ghea\u021b\u0103 de struguri<br \/>\n4. C\u0103p\u0219uni \u0219i pepene verde<br \/>\n5. C\u0103p\u0219uni \u0219i banane<br \/>\n6. Cire\u0219e \u0219i pepene verde<br \/>\n7. Ghea\u021b\u0103 de pepene verde<br \/>\n8. Piersici \u0219i mango<br \/>\n9. C\u0103p\u0219uni \u0219i kiwi<br \/>\n10. Ghea\u021b\u0103 de c\u0103p\u0219uni albe<br \/>\n11. Ghea\u021b\u0103 de ursule\u021bi gumati albi<br \/>\n12. Pinacolada congelat\u0103<br \/>\n13. Fcking fab<br \/>\n14. Mojito cu fructe de p\u0103dure<\/p>\n<div role=\"article\" data-tabster=\"{&quot;groupper&quot;:{&quot;tabbability&quot;:2},&quot;focusable&quot;:{}}\" data-content=\"ai-message\" aria-labelledby=\"dARUyEWDoEYhnSPXFwx5A-author dARUyEWDoEYhnSPXFwx5A-content\">\n<div id=\"dARUyEWDoEYhnSPXFwx5A-content\">\n<h4>De ce s\u0103 alege\u021bi Vookbar Cyber PRO 30000 pufuri vape de unic\u0103 folosin\u021b\u0103 la <a href=\"https:\/\/vapestornado.com\/ro\/store\/\">vapestornado.ro<\/a>?<\/h4>\n<p><strong>1. Capacitate Masiv\u0103 de Pufuri:<\/strong><br \/>\nProiectat pentru o utilizare de lung\u0103 durat\u0103, <strong>Vookbar Cyber PRO<\/strong> ofer\u0103 p\u00e2n\u0103 la <strong>30.000 de pufuri<\/strong> \u00een modul Norm \u0219i <strong>15.000 de pufuri<\/strong> \u00een modul Power.<\/p>\n<p><strong>2. Caracteristici de V\u00e2rf:<\/strong><br \/>\nEchipat cu un <strong>Display HD de 2.01-inch<\/strong>, <strong>tehnologie cu bobin\u0103 dubl\u0103 mesh<\/strong>\u0219i <strong>moduri de vapat personalizabile<\/strong>, combin\u0103 performan\u021ba cu stilul.<\/p>\n<p><strong>3. Op\u021biuni de E-Lichid \u0219i Nicotin\u0103 Premium:<\/strong><br \/>\nCu <strong>22ML de e-lichid pre-umplut<\/strong> si <strong>concentra\u021bie de nicotin\u0103 5%<\/strong>, experimenta\u021bi pufuri fine, pline de arom\u0103 \u0219i satisf\u0103c\u0103toare de fiecare dat\u0103.<\/p>\n<p><strong>4. Design Inovator \u0219i Prietenos cu Utilizatorul:<\/strong><br \/>\nFunc\u021bionalit\u0103\u021bi precum <strong>conectivitate Bluetooth<\/strong>, <strong>control cu buton lateral<\/strong>\u0219i <strong>mod de mi\u0219care<\/strong> face\u021bi dispozitivul u\u0219or de utilizat \u0219i multifunc\u021bional.<\/p>\n<p><strong>5. Cump\u0103ra\u021bi cu \u00eencredere de pe vapestornado.com:<\/strong><\/p>\n<ul>\n<li>Bucura\u021bi-v\u0103 de <strong>pre\u021buri competitive<\/strong> la cea mai recent\u0103 tehnologie de vapat.<\/li>\n<li>Beneficia\u021bi de <strong>livrare rapid\u0103 \u0219i de \u00eencredere<\/strong> \u00een toat\u0103 Europa.<\/li>\n<li>Alege\u021bi dintre <strong>oferte exclusive pentru comer\u021bul cu ridicata<\/strong> pentru achizi\u021bii \u00een vrac.<\/li>\n<li>Cump\u0103ra\u021bi \u00een siguran\u021b\u0103 cu metode de plat\u0103 de \u00eencredere \u0219i asisten\u021b\u0103 excelent\u0103 pentru clien\u021bi.<\/li>\n<\/ul>\n<p>\u00cembun\u0103t\u0103\u021bi\u021bi-v\u0103 experien\u021ba de vapat ast\u0103zi cu <strong>Vookbar Cyber PRO 30K Pufuri<\/strong> disponibil la <strong>vapestornado.ro<\/strong>!<\/p>\n<\/div>\n<\/div>\n<h4>\u00centreb\u0103ri frecvente despre \u021big\u0103rile electronice Vookbar Cyber PRO 30000 Puffs cu durat\u0103 lung\u0103 de vapat<\/h4>\n<p>&nbsp;<\/p>\n<h6><strong>1.Ce face \u021bigara electronic\u0103 Vookbar Cyber PRO 30.000 Puffs unic\u0103?<\/strong><\/h6>\n<ul>\n<li>Dispozitivul combin\u0103 <strong>tehnologia avansat\u0103 de vapat<\/strong> cu func\u021bii precum <strong>moduri de vapat personalizabile<\/strong>, un <strong>ecran HD de 2,01 inch<\/strong>\u0219i <strong>moduri duale de vapat<\/strong> pentru performan\u021b\u0103 extins\u0103 sau puternic\u0103.<\/li>\n<\/ul>\n<h6>2. <strong>C\u00e2te pufuri pot ob\u021bine cu cutia de vapat Vookbar Cyber PRO?<\/strong><\/h6>\n<ul>\n<li>In <strong>Mod Normal<\/strong>, v\u0103 pute\u021bi bucura de p\u00e2n\u0103 la <strong>30.000 de pufuri<\/strong>, \u00een timp ce <strong>Mod Putere<\/strong> ofer\u0103 <strong>15.000 de pufuri<\/strong> pentru o experien\u021b\u0103 de vapat mai intens\u0103.<\/li>\n<\/ul>\n<h6>3. <strong>Ce concentra\u021bie de nicotin\u0103 ofer\u0103 Vookbar 30000 puf?<\/strong><\/h6>\n<ul>\n<li>Vookbar Cyber PRO dispune de <strong>concentra\u021bie de nicotin\u0103 5%<\/strong>, oferind o lovitur\u0103 lin\u0103 \u0219i satisf\u0103c\u0103toare.<\/li>\n<\/ul>\n<h6>4. <strong>Este Vookbar Cyber PRO o \u021bigar\u0103 electronic\u0103 re\u00eenc\u0103rcabil\u0103?<\/strong><\/h6>\n<ul>\n<li>Da, include un <strong>baterie re\u00eenc\u0103rcabil\u0103 de 850mAh<\/strong> \u0219i suport\u0103 <strong>\u00eenc\u0103rcare rapid\u0103 Type-C<\/strong>.<\/li>\n<\/ul>\n<h6>5. <strong>\u021aigara electronic\u0103 Vookbar de 30k pufuri folose\u0219te tehnologia mesh coil?<\/strong><\/h6>\n<ul>\n<li>Da, dispozitivul dispune de <strong>tehnologie cu bobin\u0103 dubl\u0103 mesh<\/strong> pentru o arom\u0103 consistent\u0103 \u0219i o produc\u021bie dens\u0103 de vapori.<\/li>\n<\/ul>","protected":false},"excerpt":{"rendered":"<div class=\"flex-shrink-0 flex flex-col relative items-end\">\n<div>\n<div class=\"pt-0\">\n<div class=\"gizmo-bot-avatar flex h-8 w-8 items-center justify-center overflow-hidden rounded-full\">\n<div class=\"relative p-1 rounded-sm flex items-center justify-center bg-token-main-surface-primary text-token-text-primary h-8 w-8\"><\/div>\n<\/div>\n<\/div>\n<\/div>\n<\/div>\n<div class=\"group\/conversation-turn relative flex w-full min-w-0 flex-col agent-turn\">\n<div class=\"flex-col gap-1 md:gap-3\">\n<div class=\"flex max-w-full flex-col flex-grow\">\n<div class=\"min-h-8 text-message flex w-full flex-col items-end gap-2 whitespace-normal break-words text-start [.text-message+&amp;]:mt-5\" dir=\"auto\" data-message-author-role=\"assistant\" data-message-id=\"cffa29e8-f112-46da-81c0-9ed74f60547a\" data-message-model-slug=\"gpt-4o\">\n<div class=\"flex w-full flex-col gap-1 empty:hidden first:pt-[3px]\">\n<div class=\"markdown prose w-full break-words dark:prose-invert light\">\n<p>Vookbar Cyber PRO 30000 Puffs Vap\u0103 de unic\u0103 folosin\u021b\u0103, 5% nicotin\u0103, design elegant, capacitate mare, ideal\u0103 pentru comenzi en-gros \u0219i \u00een vrac.<\/p>\n<\/div>\n<\/div>\n<\/div>\n<\/div>\n<\/div>\n<\/div>\n<figure id=\"attachment_2951\" aria-describedby=\"caption-attachment-2951\" style=\"width: 265px\" class=\"wp-caption alignnone\"><img decoding=\"async\" class=\"size-medium wp-image-2951\" src=\"https:\/\/vapestornado.com\/wp-content\/uploads\/2024\/12\/Wholesale-Disposable-Vape-265x300.jpg\" alt=\"Vape de unic\u0103 folosin\u021b\u0103 en-gros\" width=\"265\" height=\"300\" srcset=\"https:\/\/vapestornado.com\/wp-content\/uploads\/2024\/12\/Wholesale-Disposable-Vape-265x300.jpg 265w, https:\/\/vapestornado.com\/wp-content\/uploads\/2024\/12\/Wholesale-Disposable-Vape-768x871.jpg 768w, https:\/\/vapestornado.com\/wp-content\/uploads\/2024\/12\/Wholesale-Disposable-Vape-600x680.jpg 600w, https:\/\/vapestornado.com\/wp-content\/uploads\/2024\/12\/Wholesale-Disposable-Vape.jpg 823w\" sizes=\"(max-width: 265px) 100vw, 265px\" \/><figcaption id=\"caption-attachment-2951\" class=\"wp-caption-text\">V\u0103 rug\u0103m s\u0103 contacta\u021bi WhatsApp-ul lui Mandy pentru pre\u021b redus\u00a0 <a href=\"https:\/\/wa.me\/8618077105796\">+8618077105796<\/a><\/figcaption><\/figure>\n<p>&nbsp;<\/p>","protected":false},"featured_media":3489,"comment_status":"open","ping_status":"closed","template":"","meta":{"_acf_changed":false,"_uag_custom_page_level_css":"","_lmt_disableupdate":"no","_lmt_disable":"","_monsterinsights_skip_tracking":false,"_monsterinsights_sitenote_active":false,"_monsterinsights_sitenote_note":"","_monsterinsights_sitenote_category":0,"site-sidebar-layout":"default","site-content-layout":"","ast-site-content-layout":"default","site-content-style":"default","site-sidebar-style":"default","ast-global-header-display":"","ast-banner-title-visibility":"","ast-main-header-display":"","ast-hfb-above-header-display":"","ast-hfb-below-header-display":"","ast-hfb-mobile-header-display":"","site-post-title":"","ast-breadcrumbs-content":"","ast-featured-img":"","footer-sml-layout":"","ast-disable-related-posts":"","theme-transparent-header-meta":"default","adv-header-id-meta":"","stick-header-meta":"","header-above-stick-meta":"","header-main-stick-meta":"","header-below-stick-meta":"","astra-migrate-meta-layouts":"set","ast-page-background-enabled":"default","ast-page-background-meta":{"desktop":{"background-color":"","background-image":"","background-repeat":"repeat","background-position":"center center","background-size":"auto","background-attachment":"scroll","background-type":"","background-media":"","overlay-type":"","overlay-color":"","overlay-opacity":"","overlay-gradient":""},"tablet":{"background-color":"","background-image":"","background-repeat":"repeat","background-position":"center center","background-size":"auto","background-attachment":"scroll","background-type":"","background-media":"","overlay-type":"","overlay-color":"","overlay-opacity":"","overlay-gradient":""},"mobile":{"background-color":"","background-image":"","background-repeat":"repeat","background-position":"center center","background-size":"auto","background-attachment":"scroll","background-type":"","background-media":"","overlay-type":"","overlay-color":"","overlay-opacity":"","overlay-gradient":""}},"ast-content-background-meta":{"desktop":{"background-color":"var(--ast-global-color-5)","background-image":"","background-repeat":"repeat","background-position":"center center","background-size":"auto","background-attachment":"scroll","background-type":"","background-media":"","overlay-type":"","overlay-color":"","overlay-opacity":"","overlay-gradient":""},"tablet":{"background-color":"var(--ast-global-color-5)","background-image":"","background-repeat":"repeat","background-position":"center center","background-size":"auto","background-attachment":"scroll","background-type":"","background-media":"","overlay-type":"","overlay-color":"","overlay-opacity":"","overlay-gradient":""},"mobile":{"background-color":"var(--ast-global-color-5)","background-image":"","background-repeat":"repeat","background-position":"center center","background-size":"auto","background-attachment":"scroll","background-type":"","background-media":"","overlay-type":"","overlay-color":"","overlay-opacity":"","overlay-gradient":""}},"_joinchat":{"telephone":"+8618077105796"}},"product_brand":[],"product_cat":[67,149,150,154,155],"product_tag":[97,188],"class_list":{"0":"post-3301","1":"product","2":"type-product","3":"status-publish","4":"has-post-thumbnail","6":"product_cat-30000-puff","7":"product_cat-buy-disposable-vapes-in-austria","8":"product_cat-buy-disposable-vapes-in-belgium","9":"product_cat-buy-disposable-vapes-in-netherlands","10":"product_cat-buy-disposable-vapes-in-norway","11":"product_tag-hot-sale-disposable-vape","12":"product_tag-vookbar-cyber-pro-30000-puffs","13":"desktop-align-left","14":"tablet-align-left","15":"mobile-align-left","17":"first","18":"instock","19":"sale","20":"shipping-taxable","21":"purchasable","22":"product-type-simple"},"acf":[],"uagb_featured_image_src":{"full":["https:\/\/vapestornado.com\/wp-content\/uploads\/2024\/12\/Best-Price-Vookbar-30000-Puff-Vapes.jpg",800,800,false],"thumbnail":["https:\/\/vapestornado.com\/wp-content\/uploads\/2024\/12\/Best-Price-Vookbar-30000-Puff-Vapes-150x150.jpg",150,150,true],"medium":["https:\/\/vapestornado.com\/wp-content\/uploads\/2024\/12\/Best-Price-Vookbar-30000-Puff-Vapes-300x300.jpg",300,300,true],"medium_large":["https:\/\/vapestornado.com\/wp-content\/uploads\/2024\/12\/Best-Price-Vookbar-30000-Puff-Vapes-768x768.jpg",768,768,true],"large":["https:\/\/vapestornado.com\/wp-content\/uploads\/2024\/12\/Best-Price-Vookbar-30000-Puff-Vapes.jpg",800,800,false],"1536x1536":["https:\/\/vapestornado.com\/wp-content\/uploads\/2024\/12\/Best-Price-Vookbar-30000-Puff-Vapes.jpg",800,800,false],"2048x2048":["https:\/\/vapestornado.com\/wp-content\/uploads\/2024\/12\/Best-Price-Vookbar-30000-Puff-Vapes.jpg",800,800,false],"trp-custom-language-flag":["https:\/\/vapestornado.com\/wp-content\/uploads\/2024\/12\/Best-Price-Vookbar-30000-Puff-Vapes.jpg",12,12,false],"woocommerce_thumbnail":["https:\/\/vapestornado.com\/wp-content\/uploads\/2024\/12\/Best-Price-Vookbar-30000-Puff-Vapes-300x300.jpg",300,300,true],"woocommerce_single":["https:\/\/vapestornado.com\/wp-content\/uploads\/2024\/12\/Best-Price-Vookbar-30000-Puff-Vapes-600x600.jpg",600,600,true],"woocommerce_gallery_thumbnail":["https:\/\/vapestornado.com\/wp-content\/uploads\/2024\/12\/Best-Price-Vookbar-30000-Puff-Vapes-100x100.jpg",100,100,true]},"uagb_author_info":{"display_name":"ESMANDY","author_link":"https:\/\/vapestornado.com\/ro\/author\/"},"uagb_comment_info":0,"uagb_excerpt":"Vookbar Cyber PRO 30000 Puffs Disposable Vape, 5% nicotine, sleek design, high capacity, ideal for wholesale and bulk orders. [caption id=\"attachment_2951\" align=\"alignnone\" width=\"265\"] Pls Contact Mandy's WhatsApp For Discount Price\u00a0 +8618077105796[\/caption] &nbsp;","_links":{"self":[{"href":"https:\/\/vapestornado.com\/ro\/wp-json\/wp\/v2\/product\/3301","targetHints":{"allow":["GET"]}}],"collection":[{"href":"https:\/\/vapestornado.com\/ro\/wp-json\/wp\/v2\/product"}],"about":[{"href":"https:\/\/vapestornado.com\/ro\/wp-json\/wp\/v2\/types\/product"}],"replies":[{"embeddable":true,"href":"https:\/\/vapestornado.com\/ro\/wp-json\/wp\/v2\/comments?post=3301"}],"wp:featuredmedia":[{"embeddable":true,"href":"https:\/\/vapestornado.com\/ro\/wp-json\/wp\/v2\/media\/3489"}],"wp:attachment":[{"href":"https:\/\/vapestornado.com\/ro\/wp-json\/wp\/v2\/media?parent=3301"}],"wp:term":[{"taxonomy":"product_brand","embeddable":true,"href":"https:\/\/vapestornado.com\/ro\/wp-json\/wp\/v2\/product_brand?post=3301"},{"taxonomy":"product_cat","embeddable":true,"href":"https:\/\/vapestornado.com\/ro\/wp-json\/wp\/v2\/product_cat?post=3301"},{"taxonomy":"product_tag","embeddable":true,"href":"https:\/\/vapestornado.com\/ro\/wp-json\/wp\/v2\/product_tag?post=3301"}],"curies":[{"name":"wp","href":"https:\/\/api.w.org\/{rel}","templated":true}]}}