{"id":3275,"date":"2024-12-19T09:37:17","date_gmt":"2024-12-19T09:37:17","guid":{"rendered":"https:\/\/vapestornado.com\/?post_type=product&#038;p=3275"},"modified":"2025-08-23T11:21:53","modified_gmt":"2025-08-23T11:21:53","slug":"fumot-tornado-30000-puffs-music-disposable-vape","status":"publish","type":"product","link":"https:\/\/vapestornado.com\/ro\/product\/fumot-tornado-30000-puffs-music-disposable-vape\/","title":{"rendered":"Fumot Tornado 30000 Puff-uri Vape de unic\u0103 folosin\u021b\u0103 cu muzic\u0103"},"content":{"rendered":"<h1>Fumot Tornado 30000 Puff-uri Vape de unic\u0103 folosin\u021b\u0103 cu muzic\u0103<\/h1>\n<h2>Ce este Fumot Tornado 30000 Puffs Music Disposable Vape?<\/h2>\n<p data-start=\"206\" data-end=\"569\">Sistemul <strong data-start=\"210\" data-end=\"261\">Fumot Tornado 30000 Puff-uri Vape de unic\u0103 folosin\u021b\u0103 cu muzic\u0103<\/strong> combin\u0103 divertismentul cu performan\u021ba, oferind angrosi\u0219tilor \u0219i comercian\u021bilor cu am\u0103nuntul un dispozitiv care dep\u0103\u0219e\u0219te dispozitivele standard de unic\u0103 folosin\u021b\u0103. Cu un <strong data-start=\"399\" data-end=\"423\">Capacitate de 30.000 de pufuri<\/strong> \u0219i o <strong data-start=\"430\" data-end=\"461\">re\u00eenc\u0103rcabil\u0103 de 600mAh<\/strong>, ofer\u0103 sesiuni extinse cu o produc\u021bie consistent\u0103, perfect pentru cump\u0103r\u0103torii en-gros care vizeaz\u0103 valoare pe termen lung.<\/p>\n<p data-start=\"571\" data-end=\"885\">Caracteristica sa remarcabil\u0103 este <strong data-start=\"599\" data-end=\"628\">iluminarea RGB sincronizat\u0103 cu muzica<\/strong>, cre\u00e2nd o atmosfer\u0103 dinamic\u0103, de club, care rezoneaz\u0103 cu consumatorii tineri din Rom\u00e2nia. \u00cempreun\u0103 cu un <strong data-start=\"727\" data-end=\"745\">de tip mesh de 1.0\u03a9<\/strong>, Tornado 30K ofer\u0103 vapori fini, nori den\u0219i \u0219i o livrare puternic\u0103 a aromei prin <strong data-start=\"835\" data-end=\"856\">30 de op\u021biuni unice<\/strong>\u2014de la amestecuri fructate la cele cu ghea\u021b\u0103.<\/p>\n<p data-start=\"887\" data-end=\"1306\">Sistemul <strong data-start=\"891\" data-end=\"920\">\u00eenc\u0103rcare rapid\u0103 de tip C<\/strong> minimizeaz\u0103 timpul de nefunc\u021bionare, \u00een timp ce op\u021biunile de nicotin\u0103 de <strong data-start=\"967\" data-end=\"980\">2% \u0219i 5%<\/strong> permit flexibilitate pentru diferite segmente de utilizatori. Elegant, portabil \u0219i atr\u0103g\u0103tor, acest model atrage nu numai ca vape, ci \u0219i ca accesoriu de stil de via\u021b\u0103. Pentru distribuitori, al s\u0103u <strong data-start=\"1158\" data-end=\"1215\">pre\u021b competitiv de v\u00e2nzare cu ridicata \u0219i atractivitate puternic\u0103 la raft<\/strong> \u00eel fac o adi\u021bie excelent\u0103 la inventarul din Germania, Polonia \u0219i regiunile UE mai largi.<\/p>\n<h3><strong>Caracteristicile produsului<\/strong><\/h3>\n<ul>\n<li><strong>Num\u0103r Mare de Pufuri<\/strong>: Ofer\u0103 p\u00e2n\u0103 la 30.000 de pufuri pentru o utilizare extins\u0103.<\/li>\n<li><strong>Lumini sincronizate cu muzica<\/strong>: Lumini LED care se schimb\u0103 odat\u0103 cu ritmul muzicii tale.<\/li>\n<li><strong>Bobin\u0103 premium<\/strong>: Bobina de 1.0\u03a9 asigur\u0103 abur lin \u0219i arom\u0103 deplin\u0103.<\/li>\n<li><strong>Baterie Re\u00eenc\u0103rcabil\u0103<\/strong>: Baterie de 600mAh cu \u00eenc\u0103rcare rapid\u0103 de tip C.<\/li>\n<li><strong>Gam\u0103 larg\u0103 de arome<\/strong>: 30 de arome unice pentru a satisface toate preferin\u021bele.<\/li>\n<\/ul>\n<p><img fetchpriority=\"high\" decoding=\"async\" class=\"alignnone size-full wp-image-3277\" src=\"https:\/\/vapestornado.com\/wp-content\/uploads\/2024\/12\/Fumot-Tornado-Vape-30000-Puffs-Wholesale-Store.png\" alt=\"Magazin de Engros Fumot Tornado Vape 30000 Puffs\" width=\"900\" height=\"416\" srcset=\"https:\/\/vapestornado.com\/wp-content\/uploads\/2024\/12\/Fumot-Tornado-Vape-30000-Puffs-Wholesale-Store.png 900w, https:\/\/vapestornado.com\/wp-content\/uploads\/2024\/12\/Fumot-Tornado-Vape-30000-Puffs-Wholesale-Store-300x139.png 300w, https:\/\/vapestornado.com\/wp-content\/uploads\/2024\/12\/Fumot-Tornado-Vape-30000-Puffs-Wholesale-Store-768x355.png 768w, https:\/\/vapestornado.com\/wp-content\/uploads\/2024\/12\/Fumot-Tornado-Vape-30000-Puffs-Wholesale-Store-600x277.png 600w\" sizes=\"(max-width: 900px) 100vw, 900px\" \/><img decoding=\"async\" class=\"alignnone size-full wp-image-3281\" src=\"https:\/\/vapestornado.com\/wp-content\/uploads\/2024\/12\/30000-Puffs-Fumot-Tornado-Disposable-Vape-Wholesale.png\" alt=\"30000 Puffs Fumot Tornado Vape de Unic\u0103 Folosin\u021b\u0103 Engros\" width=\"900\" height=\"393\" srcset=\"https:\/\/vapestornado.com\/wp-content\/uploads\/2024\/12\/30000-Puffs-Fumot-Tornado-Disposable-Vape-Wholesale.png 900w, https:\/\/vapestornado.com\/wp-content\/uploads\/2024\/12\/30000-Puffs-Fumot-Tornado-Disposable-Vape-Wholesale-300x131.png 300w, https:\/\/vapestornado.com\/wp-content\/uploads\/2024\/12\/30000-Puffs-Fumot-Tornado-Disposable-Vape-Wholesale-768x335.png 768w, https:\/\/vapestornado.com\/wp-content\/uploads\/2024\/12\/30000-Puffs-Fumot-Tornado-Disposable-Vape-Wholesale-600x262.png 600w\" sizes=\"(max-width: 900px) 100vw, 900px\" \/> <img decoding=\"async\" class=\"alignnone size-full wp-image-3282\" src=\"https:\/\/vapestornado.com\/wp-content\/uploads\/2024\/12\/Bulk-Fumot-Tornado-30K-Disposable-Vape-Music-Edition.png\" alt=\"\" width=\"900\" height=\"392\" srcset=\"https:\/\/vapestornado.com\/wp-content\/uploads\/2024\/12\/Bulk-Fumot-Tornado-30K-Disposable-Vape-Music-Edition.png 900w, https:\/\/vapestornado.com\/wp-content\/uploads\/2024\/12\/Bulk-Fumot-Tornado-30K-Disposable-Vape-Music-Edition-300x131.png 300w, https:\/\/vapestornado.com\/wp-content\/uploads\/2024\/12\/Bulk-Fumot-Tornado-30K-Disposable-Vape-Music-Edition-768x335.png 768w, https:\/\/vapestornado.com\/wp-content\/uploads\/2024\/12\/Bulk-Fumot-Tornado-30K-Disposable-Vape-Music-Edition-600x261.png 600w\" sizes=\"(max-width: 900px) 100vw, 900px\" \/> <img loading=\"lazy\" decoding=\"async\" class=\"alignnone size-full wp-image-3276\" src=\"https:\/\/vapestornado.com\/wp-content\/uploads\/2024\/12\/Fumot-Tornado-30K-Music-Vape-for-Sale.png\" alt=\"Fumot Tornado 30K Music Vape de V\u00e2nzare\" width=\"900\" height=\"439\" srcset=\"https:\/\/vapestornado.com\/wp-content\/uploads\/2024\/12\/Fumot-Tornado-30K-Music-Vape-for-Sale.png 900w, https:\/\/vapestornado.com\/wp-content\/uploads\/2024\/12\/Fumot-Tornado-30K-Music-Vape-for-Sale-300x146.png 300w, https:\/\/vapestornado.com\/wp-content\/uploads\/2024\/12\/Fumot-Tornado-30K-Music-Vape-for-Sale-768x375.png 768w, https:\/\/vapestornado.com\/wp-content\/uploads\/2024\/12\/Fumot-Tornado-30K-Music-Vape-for-Sale-600x293.png 600w\" sizes=\"(max-width: 900px) 100vw, 900px\" \/><\/p>\n<h2>Fumot Tornado 30000 Pufuri<strong> Lista de arome:<\/strong><\/h2>\n<ol>\n<li>Banane cu Ghea\u021b\u0103<\/li>\n<li>Ghea\u021b\u0103 Neagr\u0103<\/li>\n<li>Ghea\u021b\u0103 de Zmeur\u0103 Albastr\u0103<\/li>\n<li>Afine cu Ghea\u021b\u0103<\/li>\n<li>Zmeur\u0103 cu Afine<\/li>\n<li>Zmeur\u0103 acri\u0219oar\u0103 cu afine<\/li>\n<li>Ghea\u021b\u0103 de cire\u0219e<\/li>\n<li>Cola cu cire\u0219e<\/li>\n<li>Cola cu Ghea\u021b\u0103<\/li>\n<li>Ment\u0103 Rece<\/li>\n<li>M\u0103r Dublu<\/li>\n<li>Dr. Blue<\/li>\n<li>Ghea\u021b\u0103 de Struguri<\/li>\n<li>\u00cenghe\u021bat\u0103<\/li>\n<li>Kiwi Fructul Pasiunii Guava<\/li>\n<li>Dragoste 66<\/li>\n<li>Ghea\u021b\u0103 Lush<\/li>\n<li>Fructe de p\u0103dure amestecate<\/li>\n<li>Piersic\u0103 \u0219i Fructe de P\u0103dure<\/li>\n<li>Piersic\u0103 cu Ghea\u021b\u0103<\/li>\n<li>Piersic\u0103 Mango Ananas<\/li>\n<li>Ananas cu Ghea\u021b\u0103<\/li>\n<li>Limonad\u0103 Roz<\/li>\n<li>Skittles<\/li>\n<li>C\u0103p\u0219uni Banane<\/li>\n<li>Struguri cu C\u0103p\u0219uni<\/li>\n<li>C\u0103p\u0219uni Ghea\u021b\u0103<\/li>\n<li>C\u0103p\u0219uni \u0219i Pepene Verde<\/li>\n<li>Mango Triplu<\/li>\n<li>Vimto<\/li>\n<\/ol>\n<h3>Fumot Tornado 30000 Puffs Top 5 Arome<\/h3>\n<ol>\n<li><strong>Banane cu Ghea\u021b\u0103<\/strong>: Banan\u0103 dulce cu un finisaj mentolat r\u0103coritor.<\/li>\n<li><strong>Zmeur\u0103 acri\u0219oar\u0103 cu afine<\/strong>: Afine acri\u0219oare cu o not\u0103 de zmeur\u0103 acr\u0103.<\/li>\n<li><strong>Kiwi Fructul Pasiunii Guava<\/strong>: Un amestec tropical de fructe exotice.<\/li>\n<li><strong>Piersic\u0103 Mango Ananas<\/strong>: Fuziune suculent\u0103 de piersic\u0103, mango \u0219i ananas.<\/li>\n<li><strong>Cola cu Ghea\u021b\u0103<\/strong>: Aroma clasic\u0103 de cola cu o not\u0103 r\u0103coritoare de ghea\u021b\u0103.<\/li>\n<\/ol>\n<h2>De ce s\u0103 alege\u021bi Fumot RandM 30000 Puffs Disposable Vape?<\/h2>\n<ul>\n<li><strong>Longevitate Inegalabil\u0103<\/strong>: O capacitate masiv\u0103 de 30.000 de pufuri dep\u0103\u0219e\u0219te dispozitivele de unic\u0103 folosin\u021b\u0103 tipice.<\/li>\n<li><strong>Experien\u021b\u0103 imersiv\u0103<\/strong>: Luminile LED se sincronizeaz\u0103 cu muzica ta pentru o atmosfer\u0103 de vapat unic\u0103.<\/li>\n<li><strong>Performan\u021b\u0103 superioar\u0103<\/strong>: Bobina premium asigur\u0103 abur consistent \u0219i arom\u0103 intens\u0103.<\/li>\n<li><strong>Convenien\u021b\u0103 Re\u00eenc\u0103rcabil\u0103<\/strong>: Portul de tip C permite o \u00eenc\u0103rcare rapid\u0103 \u0219i fiabil\u0103 pentru utilizare prelungit\u0103.<\/li>\n<li><strong>Varietate de Arome<\/strong>: 30 de op\u021biuni delicioase pentru a satisface preferin\u021bele oric\u0103rui gust.<\/li>\n<\/ul>\n<h4>Fumot Tornado 30000 engros Contacta\u021bi \u0219i ob\u021bine\u021bi reducere acum!<\/h4>\n<figure id=\"attachment_2921\" aria-describedby=\"caption-attachment-2921\" style=\"width: 887px\" class=\"wp-caption alignnone\"><img loading=\"lazy\" decoding=\"async\" class=\"size-large wp-image-2921\" src=\"https:\/\/vapestornado.com\/wp-content\/uploads\/2024\/11\/20062b3a285f900e79520aad496b94d-887x1024.jpg\" alt=\"vapestornado Vicky\" width=\"887\" height=\"1024\" srcset=\"https:\/\/vapestornado.com\/wp-content\/uploads\/2024\/11\/20062b3a285f900e79520aad496b94d-887x1024.jpg 887w, https:\/\/vapestornado.com\/wp-content\/uploads\/2024\/11\/20062b3a285f900e79520aad496b94d-260x300.jpg 260w, https:\/\/vapestornado.com\/wp-content\/uploads\/2024\/11\/20062b3a285f900e79520aad496b94d-768x887.jpg 768w, https:\/\/vapestornado.com\/wp-content\/uploads\/2024\/11\/20062b3a285f900e79520aad496b94d-600x693.jpg 600w, https:\/\/vapestornado.com\/wp-content\/uploads\/2024\/11\/20062b3a285f900e79520aad496b94d.jpg 1080w\" sizes=\"(max-width: 887px) 100vw, 887px\" \/><figcaption id=\"caption-attachment-2921\" class=\"wp-caption-text\">vapestornado Vicky<\/figcaption><\/figure>","protected":false},"excerpt":{"rendered":"<p data-start=\"1346\" data-end=\"1528\">Sistemul <strong data-start=\"1350\" data-end=\"1384\">Fumot Tornado 30000 Muzic\u0103 Vape<\/strong> ofer\u0103 30K pufuri, lumini RGB muzicale \u0219i o baterie re\u00eenc\u0103rcabil\u0103 de 600mAh. Un dispozitiv elegant de unic\u0103 folosin\u021b\u0103, conceput pentru <strong data-start=\"1490\" data-end=\"1525\">cump\u0103r\u0103tori angro \u00een Europa<\/strong>.<\/p>\n<p><strong><span style=\"color: #ff0000;\">(pre\u021bul de pe site-ul nostru nu include costul de transport, v\u0103 rug\u0103m s\u0103 m\u0103 contacta\u021bi pentru a ob\u021bine pre\u021bul complet \u0219i reducerea dumneavoastr\u0103!)<\/span><\/strong><\/p>\n<p><img loading=\"lazy\" decoding=\"async\" class=\"size-medium wp-image-2921\" src=\"https:\/\/vapestornado.com\/wp-content\/uploads\/2024\/11\/20062b3a285f900e79520aad496b94d-260x300.jpg\" alt=\"vapestornado Vicky\" width=\"260\" height=\"300\" srcset=\"https:\/\/vapestornado.com\/wp-content\/uploads\/2024\/11\/20062b3a285f900e79520aad496b94d-260x300.jpg 260w, https:\/\/vapestornado.com\/wp-content\/uploads\/2024\/11\/20062b3a285f900e79520aad496b94d-887x1024.jpg 887w, https:\/\/vapestornado.com\/wp-content\/uploads\/2024\/11\/20062b3a285f900e79520aad496b94d-768x887.jpg 768w, https:\/\/vapestornado.com\/wp-content\/uploads\/2024\/11\/20062b3a285f900e79520aad496b94d-600x693.jpg 600w, https:\/\/vapestornado.com\/wp-content\/uploads\/2024\/11\/20062b3a285f900e79520aad496b94d.jpg 1080w\" sizes=\"(max-width: 260px) 100vw, 260px\" \/><\/p>","protected":false},"featured_media":3278,"comment_status":"open","ping_status":"closed","template":"","meta":{"_acf_changed":false,"_uag_custom_page_level_css":"","_lmt_disableupdate":"no","_lmt_disable":"","_monsterinsights_skip_tracking":false,"_monsterinsights_sitenote_active":false,"_monsterinsights_sitenote_note":"","_monsterinsights_sitenote_category":0,"site-sidebar-layout":"default","site-content-layout":"","ast-site-content-layout":"default","site-content-style":"default","site-sidebar-style":"default","ast-global-header-display":"","ast-banner-title-visibility":"","ast-main-header-display":"","ast-hfb-above-header-display":"","ast-hfb-below-header-display":"","ast-hfb-mobile-header-display":"","site-post-title":"","ast-breadcrumbs-content":"","ast-featured-img":"","footer-sml-layout":"","ast-disable-related-posts":"","theme-transparent-header-meta":"default","adv-header-id-meta":"","stick-header-meta":"","header-above-stick-meta":"","header-main-stick-meta":"","header-below-stick-meta":"","astra-migrate-meta-layouts":"set","ast-page-background-enabled":"default","ast-page-background-meta":{"desktop":{"background-color":"","background-image":"","background-repeat":"repeat","background-position":"center center","background-size":"auto","background-attachment":"scroll","background-type":"","background-media":"","overlay-type":"","overlay-color":"","overlay-opacity":"","overlay-gradient":""},"tablet":{"background-color":"","background-image":"","background-repeat":"repeat","background-position":"center center","background-size":"auto","background-attachment":"scroll","background-type":"","background-media":"","overlay-type":"","overlay-color":"","overlay-opacity":"","overlay-gradient":""},"mobile":{"background-color":"","background-image":"","background-repeat":"repeat","background-position":"center center","background-size":"auto","background-attachment":"scroll","background-type":"","background-media":"","overlay-type":"","overlay-color":"","overlay-opacity":"","overlay-gradient":""}},"ast-content-background-meta":{"desktop":{"background-color":"var(--ast-global-color-5)","background-image":"","background-repeat":"repeat","background-position":"center center","background-size":"auto","background-attachment":"scroll","background-type":"","background-media":"","overlay-type":"","overlay-color":"","overlay-opacity":"","overlay-gradient":""},"tablet":{"background-color":"var(--ast-global-color-5)","background-image":"","background-repeat":"repeat","background-position":"center center","background-size":"auto","background-attachment":"scroll","background-type":"","background-media":"","overlay-type":"","overlay-color":"","overlay-opacity":"","overlay-gradient":""},"mobile":{"background-color":"var(--ast-global-color-5)","background-image":"","background-repeat":"repeat","background-position":"center center","background-size":"auto","background-attachment":"scroll","background-type":"","background-media":"","overlay-type":"","overlay-color":"","overlay-opacity":"","overlay-gradient":""}},"_joinchat":{"telephone":"+8618077105750"}},"product_brand":[],"product_cat":[67,152,158,159,142,58,144,148],"product_tag":[],"class_list":{"0":"post-3275","1":"product","2":"type-product","3":"status-publish","4":"has-post-thumbnail","6":"product_cat-30000-puff","7":"product_cat-buy-disposable-vapes-in-cermany","8":"product_cat-buy-disposable-vapes-in-spain","9":"product_cat-buy-disposable-vapes-in-sweden","10":"product_cat-digital-box-disposable-vapes","11":"product_cat-fumot-vape","12":"product_cat-low-nicotine-disposable-vapes","13":"product_cat-tornado-disposable-vapes","14":"desktop-align-left","15":"tablet-align-left","16":"mobile-align-left","18":"first","19":"instock","20":"sale","21":"shipping-taxable","22":"purchasable","23":"product-type-simple"},"acf":[],"uagb_featured_image_src":{"full":["https:\/\/vapestornado.com\/wp-content\/uploads\/2024\/12\/Fumot-Vape-Wholesale-Store-Best-Prices.jpg",900,900,false],"thumbnail":["https:\/\/vapestornado.com\/wp-content\/uploads\/2024\/12\/Fumot-Vape-Wholesale-Store-Best-Prices-150x150.jpg",150,150,true],"medium":["https:\/\/vapestornado.com\/wp-content\/uploads\/2024\/12\/Fumot-Vape-Wholesale-Store-Best-Prices-300x300.jpg",300,300,true],"medium_large":["https:\/\/vapestornado.com\/wp-content\/uploads\/2024\/12\/Fumot-Vape-Wholesale-Store-Best-Prices-768x768.jpg",768,768,true],"large":["https:\/\/vapestornado.com\/wp-content\/uploads\/2024\/12\/Fumot-Vape-Wholesale-Store-Best-Prices.jpg",900,900,false],"1536x1536":["https:\/\/vapestornado.com\/wp-content\/uploads\/2024\/12\/Fumot-Vape-Wholesale-Store-Best-Prices.jpg",900,900,false],"2048x2048":["https:\/\/vapestornado.com\/wp-content\/uploads\/2024\/12\/Fumot-Vape-Wholesale-Store-Best-Prices.jpg",900,900,false],"trp-custom-language-flag":["https:\/\/vapestornado.com\/wp-content\/uploads\/2024\/12\/Fumot-Vape-Wholesale-Store-Best-Prices.jpg",12,12,false],"woocommerce_thumbnail":["https:\/\/vapestornado.com\/wp-content\/uploads\/2024\/12\/Fumot-Vape-Wholesale-Store-Best-Prices-300x300.jpg",300,300,true],"woocommerce_single":["https:\/\/vapestornado.com\/wp-content\/uploads\/2024\/12\/Fumot-Vape-Wholesale-Store-Best-Prices-600x600.jpg",600,600,true],"woocommerce_gallery_thumbnail":["https:\/\/vapestornado.com\/wp-content\/uploads\/2024\/12\/Fumot-Vape-Wholesale-Store-Best-Prices-100x100.jpg",100,100,true]},"uagb_author_info":{"display_name":"ESvicky","author_link":"https:\/\/vapestornado.com\/ro\/author\/"},"uagb_comment_info":0,"uagb_excerpt":"The Fumot Tornado 30000 Music Vape offers 30K puffs, RGB music lights, and a rechargeable 600mAh battery. A stylish disposable designed for wholesale bulk buyers in Europe. (our website price not include shipping cost, please contact me to get whole price and your disccount!)","_links":{"self":[{"href":"https:\/\/vapestornado.com\/ro\/wp-json\/wp\/v2\/product\/3275","targetHints":{"allow":["GET"]}}],"collection":[{"href":"https:\/\/vapestornado.com\/ro\/wp-json\/wp\/v2\/product"}],"about":[{"href":"https:\/\/vapestornado.com\/ro\/wp-json\/wp\/v2\/types\/product"}],"replies":[{"embeddable":true,"href":"https:\/\/vapestornado.com\/ro\/wp-json\/wp\/v2\/comments?post=3275"}],"wp:featuredmedia":[{"embeddable":true,"href":"https:\/\/vapestornado.com\/ro\/wp-json\/wp\/v2\/media\/3278"}],"wp:attachment":[{"href":"https:\/\/vapestornado.com\/ro\/wp-json\/wp\/v2\/media?parent=3275"}],"wp:term":[{"taxonomy":"product_brand","embeddable":true,"href":"https:\/\/vapestornado.com\/ro\/wp-json\/wp\/v2\/product_brand?post=3275"},{"taxonomy":"product_cat","embeddable":true,"href":"https:\/\/vapestornado.com\/ro\/wp-json\/wp\/v2\/product_cat?post=3275"},{"taxonomy":"product_tag","embeddable":true,"href":"https:\/\/vapestornado.com\/ro\/wp-json\/wp\/v2\/product_tag?post=3275"}],"curies":[{"name":"wp","href":"https:\/\/api.w.org\/{rel}","templated":true}]}}