{"id":3246,"date":"2024-12-19T07:46:10","date_gmt":"2024-12-19T07:46:10","guid":{"rendered":"https:\/\/vapestornado.com\/?post_type=product&#038;p=3246"},"modified":"2025-08-23T12:26:13","modified_gmt":"2025-08-23T12:26:13","slug":"vapsolo-king-10000-puffs-2-5-low-nicotine-rechargeable-disposable-vapes-pen-wholesale-bulk-buy","status":"publish","type":"product","link":"https:\/\/vapestornado.com\/ro\/product\/vapsolo-king-10000-puffs-2-5-low-nicotine-rechargeable-disposable-vapes-pen-wholesale-bulk-buy\/","title":{"rendered":"Vapsolo King 10000 Puffs 2% 5% Nicotin\u0103 redus\u0103 Pen-uri de vape de unic\u0103 folosin\u021b\u0103 re\u00eenc\u0103rcabile Cump\u0103rare \u00een vrac en-gros"},"content":{"rendered":"<h1 class=\"product-title\">Vapsolo King 10000 Puffs 2% 5% Nicotin\u0103 redus\u0103 Pen-uri de vape de unic\u0103 folosin\u021b\u0103 re\u00eenc\u0103rcabile Cump\u0103rare \u00een vrac en-gros<\/h1>\n<p>Sistemul <strong>Vapsolo King 10000 Puffs Stilou Vape de unic\u0103 folosin\u021b\u0103 re\u00eenc\u0103rcabil cu nicotin\u0103 sc\u0103zut\u0103<\/strong> este o alegere premium pentru vaperii care caut\u0103 <strong>performan\u021b\u0103 de lung\u0103 durat\u0103<\/strong>, <strong>fluxul de aer personalizabil<\/strong>, \u0219i valoare excelent\u0103. Cu un impresionant <strong>10.000 de pufuri<\/strong> per dispozitiv, acest vape asigur\u0103 o satisfac\u021bie prelungit\u0103, f\u0103r\u0103 a fi nevoie de \u00eenlocuiri frecvente.<\/p>\n<p>Al s\u0103u <strong>capacitate de e-lichid de 20ml<\/strong> \u00eempreun\u0103 cu <strong>tehnologie mesh coil<\/strong> ofer\u0103 o produc\u021bie lin\u0103 de vapori \u0219i o arom\u0103 excep\u021bional\u0103 la fiecare puf. Bateria <strong>baterie re\u00eenc\u0103rcabil\u0103 de 650mAh<\/strong> asigur\u0103 o putere constant\u0103, iar portul de \u00eenc\u0103rcare <strong>\u00eenc\u0103rcare rapid\u0103 de tip C<\/strong> v\u0103 men\u021bine gata de vapat cu un timp de nefunc\u021bionare minim.<\/p>\n<p>Conceput pentru personalizare, func\u021bia <strong>flux de aer reglabil<\/strong> ofer\u0103 trei set\u0103ri pentru a se potrivi stilului dvs. preferat de vapat \u2013 indiferent dac\u0103 v\u0103 place un flux de aer mai str\u00e2ns sau mai deschis. Designul s\u0103u <strong>u\u0219or \u0219i portabil<\/strong>, c\u00e2nt\u0103rind doar 95 g, \u00eel face perfect pentru vaperii afla\u021bi \u00een mi\u0219care. \u00cen plus, cu pre\u021buri competitive <strong>pre\u021buri de v\u00e2nzare cu ridicata<\/strong>, Vapsolo King 10000 este o op\u021biune accesibil\u0103 \u0219i fiabil\u0103 at\u00e2t pentru persoane fizice, c\u00e2t \u0219i pentru comercian\u021bi.<\/p>\n<p>&nbsp;<\/p>\n<p><strong>Adaug\u0103 r\u0103spunsul corect de pe Whatsapp al lui Amy \u0219i cuponul de vape!<\/strong><\/p>\n<p><img fetchpriority=\"high\" decoding=\"async\" class=\"size-full wp-image-2932\" src=\"https:\/\/vapestornado.com\/wp-content\/uploads\/2024\/12\/Vape-Wholesale.jpg\" alt=\"\u021aig\u0103ri electronice cu ridicata\" width=\"229\" height=\"300\" \/><\/p>\n<h3><a href=\"https:\/\/wa.me\/8617776015835\" target=\"_blank\" rel=\"noopener\"><span style=\"color: #ff0000;\"><strong>WhatsApp: +86 17776015835<\/strong><\/span><\/a><\/h3>\n<p>&nbsp;<\/p>\n<h2><strong>Caracteristicile produsului Vapsolo King 10000 Puffs<\/strong><\/h2>\n<div role=\"article\" data-tabster=\"{&quot;groupper&quot;:{&quot;tabbability&quot;:2},&quot;focusable&quot;:{}}\" data-content=\"ai-message\" aria-labelledby=\"juhNTJ6o7Gk1cgwZMJgv2-author juhNTJ6o7Gk1cgwZMJgv2-content\">\n<div id=\"juhNTJ6o7Gk1cgwZMJgv2-content\">\n<div role=\"article\" data-tabster=\"{&quot;groupper&quot;:{&quot;tabbability&quot;:2},&quot;focusable&quot;:{}}\" data-content=\"ai-message\" aria-labelledby=\"x4EZuCZWrTbh3weWUt7CU-author x4EZuCZWrTbh3weWUt7CU-content\">\n<div id=\"x4EZuCZWrTbh3weWUt7CU-content\">\n<h3><\/h3>\n<ol>\n<li style=\"list-style-type: none;\">\n<ol>\n<li><strong>10.000 de pufuri:<\/strong> Experien\u021b\u0103 de vapat de lung\u0103 durat\u0103 pentru o satisfac\u021bie ne\u00eentrerupt\u0103.<\/li>\n<li><strong>Baterie re\u00eenc\u0103rcabil\u0103:<\/strong> <strong>baterie de 650 mAh<\/strong> cu <strong>\u00eenc\u0103rcare rapid\u0103 de tip C<\/strong> pentru confort.<\/li>\n<li><strong>Flux de aer reglabil:<\/strong> Trei set\u0103ri personalizabile pentru o tragere personalizat\u0103.<\/li>\n<li><strong>Tehnologie Mesh Coil:<\/strong> Asigur\u0103 o produc\u021bie lin\u0103 de vapori \u0219i o arom\u0103 \u00eembun\u0103t\u0103\u021bit\u0103.<\/li>\n<li><strong>Capacitate E-Lichid de 20 ml:<\/strong> Mai pu\u021bine reumpleri pentru o mai mare comoditate.<\/li>\n<li><strong>Niveluri de nicotin\u0103 personalizabile:<\/strong> Disponibil \u00een <strong>2% \u0219i 5% cu con\u021binut sc\u0103zut de nicotin\u0103<\/strong> op\u021biuni.<\/li>\n<li><strong>Design u\u0219or:<\/strong> C\u00e2nt\u0103re\u0219te doar <strong>95g<\/strong>, perfect pentru portabilitate \u0219i c\u0103l\u0103torii.<\/li>\n<li><strong>Disponibilitate en-gros:<\/strong> Op\u021biuni accesibile de cump\u0103rare \u00een vrac, ideale pentru uz personal \u0219i v\u00e2nzare cu am\u0103nuntul.<\/li>\n<\/ol>\n<\/li>\n<\/ol>\n<figure id=\"attachment_3241\" aria-describedby=\"caption-attachment-3241\" style=\"width: 600px\" class=\"wp-caption alignnone\"><img decoding=\"async\" class=\"wp-image-3241\" src=\"https:\/\/vapestornado.com\/wp-content\/uploads\/2024\/12\/Vapsolo-Disposable-Vape-Wholesale-300x300.jpg\" alt=\"Vape de unic\u0103 folosin\u021b\u0103 en-gros Vapsolo King 10000 Puffs\" width=\"600\" height=\"600\" srcset=\"https:\/\/vapestornado.com\/wp-content\/uploads\/2024\/12\/Vapsolo-Disposable-Vape-Wholesale-300x300.jpg 300w, https:\/\/vapestornado.com\/wp-content\/uploads\/2024\/12\/Vapsolo-Disposable-Vape-Wholesale-150x150.jpg 150w, https:\/\/vapestornado.com\/wp-content\/uploads\/2024\/12\/Vapsolo-Disposable-Vape-Wholesale-768x768.jpg 768w, https:\/\/vapestornado.com\/wp-content\/uploads\/2024\/12\/Vapsolo-Disposable-Vape-Wholesale-600x600.jpg 600w, https:\/\/vapestornado.com\/wp-content\/uploads\/2024\/12\/Vapsolo-Disposable-Vape-Wholesale-100x100.jpg 100w, https:\/\/vapestornado.com\/wp-content\/uploads\/2024\/12\/Vapsolo-Disposable-Vape-Wholesale.jpg 1000w\" sizes=\"(max-width: 600px) 100vw, 600px\" \/><figcaption id=\"caption-attachment-3241\" class=\"wp-caption-text\">Vape de unic\u0103 folosin\u021b\u0103 en-gros Vapsolo King 10000 Puffs<\/figcaption><\/figure>\n<\/div>\n<\/div>\n<\/div>\n<\/div>\n<h2 class=\"product-title\"><strong>Lista de arome Vapsolo King 10000<\/strong><\/h2>\n<p>1. Zmeur\u0103 cu afine<br \/>\n2. Blue razz<br \/>\n3. C\u0103p\u0219uni kiwi<br \/>\n4. Ananas cu piersici \u0219i mango<br \/>\n5. Red Bull<br \/>\n6. Ghea\u021b\u0103 de banane<br \/>\n7. Ghea\u021b\u0103 acr\u0103 de ananas<br \/>\n8. Ghea\u021b\u0103 de cire\u0219e cu zmeur\u0103 \u0219i c\u0103p\u0219uni<br \/>\n9. kiwi, fructul pasiunii, guava<br \/>\n10. c\u0103p\u0219uni, banane<br \/>\n11. cire\u0219e acidulate<br \/>\n12. ghea\u021b\u0103 de afine<br \/>\n13. prime c\u0103p\u0219uni, pepene ro\u0219u<br \/>\n14. ploaie purpurie<br \/>\n15. l\u0103m\u00e2ie, lime<br \/>\n16. Domnul albastru<br \/>\n17. m\u0103r ro\u0219u<br \/>\n18. fructe de p\u0103dure amestecate<br \/>\n19. ghea\u021b\u0103 de pepene verde<br \/>\n20. ghea\u021b\u0103 de c\u0103p\u0219uni<\/p>\n<h3>De ce s\u0103 alege\u021bi vapestornado pentru Vapsolo King 10k Puffs Vape en-gros?<\/h3>\n<div class=\"flex-shrink-0 flex flex-col relative items-end\">\n<div class=\"pt-0\">\n<div class=\"gizmo-bot-avatar flex h-8 w-8 items-center justify-center overflow-hidden rounded-full\">\n<div class=\"relative p-1 rounded-sm flex items-center justify-center bg-token-main-surface-primary text-token-text-primary h-8 w-8\">\n<p>Bun venit la vapestornado, magazinul t\u0103u online de \u00eencredere pentru vape-uri de unic\u0103 folosin\u021b\u0103 premium. Cu o experien\u021b\u0103 de peste 5 ani, \u00ee\u021bi aducem branduri populare de vape-uri de unic\u0103 folosin\u021b\u0103, precum Fumot RandM Vape, <a href=\"https:\/\/vapestornado.com\/ro\/product\/vapme-crystal-7000-puffs-rechargeable-disposable-vape-wholesale-cheap-price\/\">Vapme<\/a>, Bang Vape, Waspe Vape \u0219i WGA Vape, etc.<\/p>\n<p>Gama noastr\u0103 include vape-uri populare precum <a href=\"https:\/\/vapestornado.com\/ro\/product\/fumot-randm-tornado-15000-puffs-rechargeable-disposable-vape-wholesale\/\">RandM Tornado 15000<\/a>, \u0219i op\u021biuni bogate \u00een arome, precum <a href=\"https:\/\/vapestornado.com\/ro\/product\/vapsolo-dg-18000-puffs-smart-screen-wholesale-disposable-cheap-vapes\/\">\u00a0Vapsolo DG18000 Pufuri<\/a> . Fiecare produs este ales cu accent pe calitate, valoare \u0219i varietate, asigur\u00e2ndu-ne c\u0103 g\u0103se\u0219ti potrivirea perfect\u0103 pentru nevoile tale. Descoper\u0103 servicii excep\u021bionale \u0219i o gam\u0103 larg\u0103 de produse de top cu pre\u021buri de gros la vapestornado.<\/p>\n<\/div>\n<h3><\/h3>\n<div class=\"relative p-1 rounded-sm flex items-center justify-center bg-token-main-surface-primary text-token-text-primary h-8 w-8\">\n<h3>\u00centreb\u0103ri frecvente pentru Vapsolo King 10000 Vape de unic\u0103 folosin\u021b\u0103<\/h3>\n<\/div>\n<\/div>\n<\/div>\n<\/div>\n<div class=\"flex-shrink-0 flex flex-col relative items-end\">\n<div class=\"pt-0\">\n<div class=\"gizmo-bot-avatar flex h-8 w-8 items-center justify-center overflow-hidden rounded-full\">\n<div class=\"relative p-1 rounded-sm flex items-center justify-center bg-token-main-surface-primary text-token-text-primary h-8 w-8\">\n<div class=\"mb-2 flex gap-3 empty:hidden -ml-2\">\n<div role=\"article\" data-tabster=\"{&quot;groupper&quot;:{&quot;tabbability&quot;:2},&quot;focusable&quot;:{}}\" data-content=\"ai-message\" aria-labelledby=\"Vdt5ez4X7Tg813x6rFVha-author Vdt5ez4X7Tg813x6rFVha-content\">\n<div id=\"Vdt5ez4X7Tg813x6rFVha-content\">\n<div role=\"article\" data-tabster=\"{&quot;groupper&quot;:{&quot;tabbability&quot;:2},&quot;focusable&quot;:{}}\" data-content=\"ai-message\" aria-labelledby=\"o968oC7CEo2fGHsGdsRYC-author o968oC7CEo2fGHsGdsRYC-content\">\n<div id=\"o968oC7CEo2fGHsGdsRYC-content\">\n<h3><\/h3>\n<ol>\n<li><strong>C\u00e2te pufuri ofer\u0103 Vapsolo 10000?<\/strong><br \/>\nOfer\u0103 un num\u0103r impresionant de <strong>10.000 de pufuri<\/strong>, ceea ce \u00eel face o alegere de top pentru vape-urile de unic\u0103 folosin\u021b\u0103 de lung\u0103 durat\u0103.<\/li>\n<li><strong>Pot re\u00eenc\u0103rca Vapsolo King 10k?<\/strong><br \/>\nDa, are un <strong>baterie re\u00eenc\u0103rcabil\u0103 de 650mAh<\/strong> cu un <strong>Port de \u00eenc\u0103rcare Type-C<\/strong> pentru re\u00eenc\u0103rcare rapid\u0103 \u0219i u\u0219oar\u0103.<\/li>\n<li><strong>Ce concentra\u021bii de nicotin\u0103 sunt disponibile?<\/strong><br \/>\nDispozitivul este disponibil \u00een <strong>2% \u0219i 5% cu con\u021binut sc\u0103zut de nicotin\u0103<\/strong> op\u021biuni, r\u0103spunz\u00e2nd unei game largi de preferin\u021be.<\/li>\n<li><strong>Cum func\u021bioneaz\u0103 fluxul de aer reglabil?<\/strong><br \/>\nVapsolo King 10000 are <strong>trei set\u0103ri de flux de aer<\/strong>, permi\u021b\u00e2ndu-v\u0103 s\u0103 v\u0103 personaliza\u021bi experien\u021ba de vaping pentru un flux mai str\u00e2ns sau mai larg.<\/li>\n<li><strong>De unde pot cump\u0103ra Vapsolo King 10000 la pre\u021buri en-gros?<\/strong><br \/>\nPentru cele mai bune <strong>oferte en-gros de vape de unic\u0103 folosin\u021b\u0103<\/strong> , vizita\u021bi vapestornado<strong>\u00a0magazin online de vape-uri<\/strong>, unde ve\u021bi g\u0103si <strong>vape-uri de unic\u0103 folosin\u021b\u0103 ieftine<\/strong> cu performan\u021be de \u00eenalt\u0103 calitate.<\/li>\n<\/ol>\n<\/div>\n<\/div>\n<\/div>\n<\/div>\n<\/div>\n<\/div>\n<\/div>\n<\/div>\n<\/div>","protected":false},"excerpt":{"rendered":"<p>Vapsolo King 10000 Puffs 2% 5% Vape de unic\u0103 folosin\u021b\u0103 cu nicotin\u0103 sc\u0103zut\u0103, pre\u021b de achizi\u021bie \u00een vrac<br \/>\nVapsolo King 10000 Puffs Vape de unic\u0103 folosin\u021b\u0103 re\u00eenc\u0103rcabil, en-gros<br \/>\nVapsolo King 10000 Puffs 2% 5% Vape de unic\u0103 folosin\u021b\u0103 cu nicotin\u0103 sc\u0103zut\u0103, ieftin, direct din fabric\u0103<\/p>\n<p><strong>Adaug\u0103 whatsapp-ul lui Amy pentru a primi r\u0103spuns imediat \u0219i un cupon de vape!<\/strong><\/p>\n<p><img fetchpriority=\"high\" decoding=\"async\" class=\"size-full wp-image-2932\" src=\"https:\/\/vapestornado.com\/wp-content\/uploads\/2024\/12\/Vape-Wholesale.jpg\" alt=\"\u021aig\u0103ri electronice cu ridicata\" width=\"229\" height=\"300\" \/><\/p>\n<h3><a href=\"https:\/\/wa.me\/8617776015835\"><span style=\"color: #ff0000;\"><strong>WhatsApp: +86 17776015835<\/strong><\/span><\/a><\/h3>\n<p>&nbsp;<\/p>","protected":false},"featured_media":3240,"comment_status":"open","ping_status":"closed","template":"","meta":{"_acf_changed":false,"_uag_custom_page_level_css":"","_lmt_disableupdate":"no","_lmt_disable":"","_monsterinsights_skip_tracking":false,"_monsterinsights_sitenote_active":false,"_monsterinsights_sitenote_note":"","_monsterinsights_sitenote_category":0,"site-sidebar-layout":"default","site-content-layout":"","ast-site-content-layout":"default","site-content-style":"default","site-sidebar-style":"default","ast-global-header-display":"","ast-banner-title-visibility":"","ast-main-header-display":"","ast-hfb-above-header-display":"","ast-hfb-below-header-display":"","ast-hfb-mobile-header-display":"","site-post-title":"","ast-breadcrumbs-content":"","ast-featured-img":"","footer-sml-layout":"","ast-disable-related-posts":"","theme-transparent-header-meta":"default","adv-header-id-meta":"","stick-header-meta":"","header-above-stick-meta":"","header-main-stick-meta":"","header-below-stick-meta":"","astra-migrate-meta-layouts":"set","ast-page-background-enabled":"default","ast-page-background-meta":{"desktop":{"background-color":"","background-image":"","background-repeat":"repeat","background-position":"center center","background-size":"auto","background-attachment":"scroll","background-type":"","background-media":"","overlay-type":"","overlay-color":"","overlay-opacity":"","overlay-gradient":""},"tablet":{"background-color":"","background-image":"","background-repeat":"repeat","background-position":"center center","background-size":"auto","background-attachment":"scroll","background-type":"","background-media":"","overlay-type":"","overlay-color":"","overlay-opacity":"","overlay-gradient":""},"mobile":{"background-color":"","background-image":"","background-repeat":"repeat","background-position":"center center","background-size":"auto","background-attachment":"scroll","background-type":"","background-media":"","overlay-type":"","overlay-color":"","overlay-opacity":"","overlay-gradient":""}},"ast-content-background-meta":{"desktop":{"background-color":"var(--ast-global-color-5)","background-image":"","background-repeat":"repeat","background-position":"center center","background-size":"auto","background-attachment":"scroll","background-type":"","background-media":"","overlay-type":"","overlay-color":"","overlay-opacity":"","overlay-gradient":""},"tablet":{"background-color":"var(--ast-global-color-5)","background-image":"","background-repeat":"repeat","background-position":"center center","background-size":"auto","background-attachment":"scroll","background-type":"","background-media":"","overlay-type":"","overlay-color":"","overlay-opacity":"","overlay-gradient":""},"mobile":{"background-color":"var(--ast-global-color-5)","background-image":"","background-repeat":"repeat","background-position":"center center","background-size":"auto","background-attachment":"scroll","background-type":"","background-media":"","overlay-type":"","overlay-color":"","overlay-opacity":"","overlay-gradient":""}},"_joinchat":{"telephone":"+8617776015835"}},"product_brand":[],"product_cat":[106,151,154,160,144,146,19,171],"product_tag":[165,97,166,94,139,180],"class_list":{"0":"post-3246","1":"product","2":"type-product","3":"status-publish","4":"has-post-thumbnail","6":"product_cat-10000-puff","7":"product_cat-buy-disposable-vapes-in-france","8":"product_cat-buy-disposable-vapes-in-netherlands","9":"product_cat-buy-disposable-vapes-in-switzerland","10":"product_cat-low-nicotine-disposable-vapes","11":"product_cat-rechargeable-disposable-vapes","12":"product_cat-vapes","13":"product_cat-vapsolo-disposable-vapes","14":"product_tag-cheap-vapes","15":"product_tag-hot-sale-disposable-vape","16":"product_tag-low-nicotine-vape","17":"product_tag-rechargeable-disposable-vape","18":"product_tag-vapsolo","19":"product_tag-vapsolo-king-10000","20":"desktop-align-left","21":"tablet-align-left","22":"mobile-align-left","24":"first","25":"instock","26":"sale","27":"shipping-taxable","28":"purchasable","29":"product-type-simple"},"acf":[],"uagb_featured_image_src":{"full":["https:\/\/vapestornado.com\/wp-content\/uploads\/2024\/12\/Disposable-Vape-Wholesale-Vapsolo-King-10000-Puffs.jpg",1000,1000,false],"thumbnail":["https:\/\/vapestornado.com\/wp-content\/uploads\/2024\/12\/Disposable-Vape-Wholesale-Vapsolo-King-10000-Puffs-150x150.jpg",150,150,true],"medium":["https:\/\/vapestornado.com\/wp-content\/uploads\/2024\/12\/Disposable-Vape-Wholesale-Vapsolo-King-10000-Puffs-300x300.jpg",300,300,true],"medium_large":["https:\/\/vapestornado.com\/wp-content\/uploads\/2024\/12\/Disposable-Vape-Wholesale-Vapsolo-King-10000-Puffs-768x768.jpg",768,768,true],"large":["https:\/\/vapestornado.com\/wp-content\/uploads\/2024\/12\/Disposable-Vape-Wholesale-Vapsolo-King-10000-Puffs.jpg",1000,1000,false],"1536x1536":["https:\/\/vapestornado.com\/wp-content\/uploads\/2024\/12\/Disposable-Vape-Wholesale-Vapsolo-King-10000-Puffs.jpg",1000,1000,false],"2048x2048":["https:\/\/vapestornado.com\/wp-content\/uploads\/2024\/12\/Disposable-Vape-Wholesale-Vapsolo-King-10000-Puffs.jpg",1000,1000,false],"trp-custom-language-flag":["https:\/\/vapestornado.com\/wp-content\/uploads\/2024\/12\/Disposable-Vape-Wholesale-Vapsolo-King-10000-Puffs.jpg",12,12,false],"woocommerce_thumbnail":["https:\/\/vapestornado.com\/wp-content\/uploads\/2024\/12\/Disposable-Vape-Wholesale-Vapsolo-King-10000-Puffs-300x300.jpg",300,300,true],"woocommerce_single":["https:\/\/vapestornado.com\/wp-content\/uploads\/2024\/12\/Disposable-Vape-Wholesale-Vapsolo-King-10000-Puffs-600x600.jpg",600,600,true],"woocommerce_gallery_thumbnail":["https:\/\/vapestornado.com\/wp-content\/uploads\/2024\/12\/Disposable-Vape-Wholesale-Vapsolo-King-10000-Puffs-100x100.jpg",100,100,true]},"uagb_author_info":{"display_name":"ESAMY","author_link":"https:\/\/vapestornado.com\/ro\/author\/"},"uagb_comment_info":1,"uagb_excerpt":"Vapsolo King 10000 Puffs 2% 5% Low Nicotine Disposable Vape Bulk Buy Price Vapsolo King 10000 Puffs Rechargeable Disposable Vape Wholesale Cheap Factory Vapsolo King 10000 Puffs 2% 5% Low Nicotine Disposable Vape Add Amy's whatsapp get right reply and vape vape coupon! WhatsApp: +86 17776015835 &nbsp;","_links":{"self":[{"href":"https:\/\/vapestornado.com\/ro\/wp-json\/wp\/v2\/product\/3246","targetHints":{"allow":["GET"]}}],"collection":[{"href":"https:\/\/vapestornado.com\/ro\/wp-json\/wp\/v2\/product"}],"about":[{"href":"https:\/\/vapestornado.com\/ro\/wp-json\/wp\/v2\/types\/product"}],"replies":[{"embeddable":true,"href":"https:\/\/vapestornado.com\/ro\/wp-json\/wp\/v2\/comments?post=3246"}],"wp:featuredmedia":[{"embeddable":true,"href":"https:\/\/vapestornado.com\/ro\/wp-json\/wp\/v2\/media\/3240"}],"wp:attachment":[{"href":"https:\/\/vapestornado.com\/ro\/wp-json\/wp\/v2\/media?parent=3246"}],"wp:term":[{"taxonomy":"product_brand","embeddable":true,"href":"https:\/\/vapestornado.com\/ro\/wp-json\/wp\/v2\/product_brand?post=3246"},{"taxonomy":"product_cat","embeddable":true,"href":"https:\/\/vapestornado.com\/ro\/wp-json\/wp\/v2\/product_cat?post=3246"},{"taxonomy":"product_tag","embeddable":true,"href":"https:\/\/vapestornado.com\/ro\/wp-json\/wp\/v2\/product_tag?post=3246"}],"curies":[{"name":"wp","href":"https:\/\/api.w.org\/{rel}","templated":true}]}}