{"id":3231,"date":"2024-12-18T09:42:32","date_gmt":"2024-12-18T09:42:32","guid":{"rendered":"https:\/\/vapestornado.com\/?post_type=product&#038;p=3231"},"modified":"2025-08-23T12:12:36","modified_gmt":"2025-08-23T12:12:36","slug":"wholesale-price-aivono-curved-smart-screen-35000-puffs-disposable-vape","status":"publish","type":"product","link":"https:\/\/vapestornado.com\/ro\/product\/wholesale-price-aivono-curved-smart-screen-35000-puffs-disposable-vape\/","title":{"rendered":"Pre\u021b en-gros AIVONO Curved Smart Screen 35000 Pufuri Vape de unic\u0103 folosin\u021b\u0103"},"content":{"rendered":"<h1>Pre\u021b en-gros AIVONO Curved Smart Screen 35000 Pufuri Vape de unic\u0103 folosin\u021b\u0103<\/h1>\n<p>Sistemul <strong data-start=\"346\" data-end=\"404\">AIVONO Vape de Unic\u0103 Folosin\u021b\u0103 cu Ecran Inteligent Curbat 35000 Pufuri<\/strong> este proiectat pentru vaperii care apreciaz\u0103 tehnologia avansat\u0103, designul premium \u0219i performan\u021ba de lung\u0103 durat\u0103. Oferind p\u00e2n\u0103 la <strong data-start=\"524\" data-end=\"540\">35.000 de pufuri<\/strong>, acest dispozitiv este alimentat de o baterie fiabil\u0103 de <strong data-start=\"579\" data-end=\"622\">850mAh din cobalt pur re\u00eenc\u0103rcabil\u0103<\/strong> cu <strong data-start=\"628\" data-end=\"652\">\u00eenc\u0103rcare rapid\u0103 de tip C<\/strong>, asigur\u00e2nd o sesiune de vaping ne\u00eentrerupt\u0103. Capacitatea sa de <strong data-start=\"689\" data-end=\"726\">28ml lichid preumplut<\/strong> \u0219i multiplele concentra\u021bii de nicotin\u0103 (0%, 2%, 3%, 5%) \u00eel fac potrivit pentru o gam\u0103 larg\u0103 de utilizatori.<\/p>\n<p>A <strong data-start=\"825\" data-end=\"848\">Bobin\u0103 dubl\u0103 mesh 1.0\u03a9<\/strong> asigur\u0103 un gust bogat \u0219i nori de vapori fini, \u00een timp ce <strong data-start=\"898\" data-end=\"927\">set\u0103ri de putere reglabile<\/strong> permit utilizatorilor s\u0103 personalizeze densitatea \u0219i intensitatea vaporilor. Ecranul curbat dinamic <strong data-start=\"998\" data-end=\"1015\">afi\u0219aj inteligent<\/strong> afi\u0219eaz\u0103 nivelul bateriei \u0219i al lichidului \u00een timp real, completat de anima\u021bii de \u00eenc\u0103rcare \u0219i un logo iluminat personalizabil.<\/p>\n<p>Cu <strong data-start=\"1166\" data-end=\"1190\">construc\u021bie elegant\u0103 \u0219i compact\u0103<\/strong> \u0219i op\u021biuni OEM\/ODM, AIVONO Curved Smart Screen 35K este ideal at\u00e2t pentru utilizatorii individuali, c\u00e2t \u0219i pentru <strong data-start=\"1284\" data-end=\"1304\">cump\u0103r\u0103torii angro<\/strong> din \u00eentreaga Europ\u0103. Combin\u00e2nd inova\u021bia, durabilitatea \u0219i stilul, este o alegere remarcabil\u0103 pentru <strong data-start=\"1392\" data-end=\"1452\">comercian\u021bii cu am\u0103nuntul \u0219i distribuitorii care caut\u0103 vape-uri de unic\u0103 folosin\u021b\u0103 \u00een vrac<\/strong> la pre\u021buri competitive.<\/p>\n<figure id=\"attachment_3474\" aria-describedby=\"caption-attachment-3474\" style=\"width: 800px\" class=\"wp-caption alignnone\"><img fetchpriority=\"high\" decoding=\"async\" class=\"wp-image-3474 size-full\" src=\"https:\/\/vapestornado.com\/wp-content\/uploads\/2024\/12\/AIVONO-35k-puff-vape-Box.jpg\" alt=\"Cutie Vape AIVONO 35k pufuri\" width=\"800\" height=\"800\" srcset=\"https:\/\/vapestornado.com\/wp-content\/uploads\/2024\/12\/AIVONO-35k-puff-vape-Box.jpg 800w, https:\/\/vapestornado.com\/wp-content\/uploads\/2024\/12\/AIVONO-35k-puff-vape-Box-300x300.jpg 300w, https:\/\/vapestornado.com\/wp-content\/uploads\/2024\/12\/AIVONO-35k-puff-vape-Box-150x150.jpg 150w, https:\/\/vapestornado.com\/wp-content\/uploads\/2024\/12\/AIVONO-35k-puff-vape-Box-768x768.jpg 768w, https:\/\/vapestornado.com\/wp-content\/uploads\/2024\/12\/AIVONO-35k-puff-vape-Box-600x600.jpg 600w, https:\/\/vapestornado.com\/wp-content\/uploads\/2024\/12\/AIVONO-35k-puff-vape-Box-100x100.jpg 100w\" sizes=\"(max-width: 800px) 100vw, 800px\" \/><figcaption id=\"caption-attachment-3474\" class=\"wp-caption-text\">Cutie Vape AIVONO 35k pufuri<\/figcaption><\/figure>\n<p><img decoding=\"async\" class=\"wp-image-2951\" src=\"https:\/\/vapestornado.com\/wp-content\/uploads\/2024\/12\/Wholesale-Disposable-Vape-265x300.jpg\" alt=\"Vape de unic\u0103 folosin\u021b\u0103 en-gros\" width=\"295\" height=\"334\" srcset=\"https:\/\/vapestornado.com\/wp-content\/uploads\/2024\/12\/Wholesale-Disposable-Vape-265x300.jpg 265w, https:\/\/vapestornado.com\/wp-content\/uploads\/2024\/12\/Wholesale-Disposable-Vape-768x871.jpg 768w, https:\/\/vapestornado.com\/wp-content\/uploads\/2024\/12\/Wholesale-Disposable-Vape-600x680.jpg 600w, https:\/\/vapestornado.com\/wp-content\/uploads\/2024\/12\/Wholesale-Disposable-Vape.jpg 823w\" sizes=\"(max-width: 295px) 100vw, 295px\" \/><\/p>\n<h6>V\u0103 rug\u0103m s\u0103 contacta\u021bi WhatsApp-ul lui Mandy pentru pre\u021b redus<a href=\"https:\/\/wa.me\/8618077105796\" target=\"_blank\" rel=\"noopener\">+8618077105796<\/a><\/h6>\n<h2><strong>AIVONO Vape cu ecran curbat 35000 pufuri \u2013 Specifica\u021bii cheie<\/strong><\/h2>\n<div class=\"flex max-w-full flex-col flex-grow\">\n<div class=\"min-h-8 text-message flex w-full flex-col items-end gap-2 whitespace-normal break-words text-start [.text-message+&amp;]:mt-5\" dir=\"auto\" data-message-author-role=\"assistant\" data-message-id=\"cdb991c0-f594-4bff-b2d5-fbbdd7ce9e54\" data-message-model-slug=\"gpt-4o-mini\">\n<div class=\"flex w-full flex-col gap-1 empty:hidden first:pt-[3px]\">\n<div class=\"markdown prose w-full break-words dark:prose-invert light\">\n<ul>\n<li><strong>Pufuri:<\/strong> P\u00e2n\u0103 la 35.000 pufuri<\/li>\n<li><strong>Capacitate e-lichid:<\/strong> 28ml<\/li>\n<li><strong>Baterie:<\/strong> 17350 cobalt pur, 850mAh (Re\u00eenc\u0103rcabil, Tip-C)<\/li>\n<li><strong>Rezisten\u021b\u0103 bobin\u0103:<\/strong> Bobin\u0103 dubl\u0103 mesh 1.0\u03a9<\/li>\n<li><strong>Op\u021biuni de Nicotin\u0103:<\/strong> 5%, 3%, 2%, 0%<\/li>\n<li><strong>Caracteristici ecran:<\/strong> Indicatori lumino\u0219i pentru e-lichid \u0219i baterie, logo iluminat personalizabil<\/li>\n<li><strong>Afi\u0219aj:<\/strong> Ecran dinamic curbat cu efecte de anima\u021bie pentru \u00eenc\u0103rcare \u0219i vapori<\/li>\n<li><strong>Putere reglabil\u0103:<\/strong> Suport\u0103 controlul aromei \u0219i al vaporilor<\/li>\n<li><strong>Design:<\/strong> Dimensiune compact\u0103 (55*95mm), suport\u0103 personalizare OEM\/ODM<\/li>\n<\/ul>\n<\/div>\n<\/div>\n<\/div>\n<\/div>\n<div class=\"mb-2 flex gap-3 empty:hidden -ml-2\">\n<div class=\"items-center justify-start rounded-xl p-1 flex\"><\/div>\n<\/div>\n<h2><strong>Lista de arome AIVONO Ecran curbat 35k pufuri (en-gros):<\/strong><\/h2>\n<p>1.AIM FLASH:C\u0103p\u0219uni cu ghea\u021b\u0103<br \/>\n2.AIM FLASH:C\u0103p\u0219uni \u0219i pepene verde<br \/>\n3.AIM FLASH:Zmeur\u0103 neagr\u0103<br \/>\n4.AIM FLASH:Ghea\u021b\u0103 de zmeur\u0103 albastr\u0103<br \/>\n5.AIM FLASH:L\u0103m\u00e2ie<br \/>\n6.AIM FLASH:Suc de piersici<br \/>\n7.AIM FLASH:Afine \u0219i struguri<br \/>\n8.AIM FLASH:Pepene verde cu ghea\u021b\u0103<br \/>\n9.AIM FLASH:M\u0103r \u0219i fructe de p\u0103dure<br \/>\n10.AIM FLASH:Mango Ananas<br \/>\nAIM FLASH: Blue Ranch<br \/>\n12.AIM FLASH:C\u0103p\u0219uni Ghea\u021b\u0103<br \/>\n13.AIM FLASH:Struguri<br \/>\n14.AIM FLASH:Fructe de P\u0103dure Mixte<br \/>\n15.AIM FLASH:C\u0103p\u0219uni Kiwi Ghea\u021b\u0103<\/p>\n<div role=\"article\" data-tabster=\"{&quot;groupper&quot;:{&quot;tabbability&quot;:2},&quot;focusable&quot;:{}}\" data-content=\"ai-message\" aria-labelledby=\"dARUyEWDoEYhnSPXFwx5A-author dARUyEWDoEYhnSPXFwx5A-content\">\n<div id=\"dARUyEWDoEYhnSPXFwx5A-content\">\n<h3>De ce s\u0103 alegi AIVONO Curved Smart Screen 35000 Puffs \u00een Rom\u00e2nia? <a href=\"https:\/\/vapestornado.com\/ro\/store\/\">vapestornado.ro<\/a>?<\/h3>\n<ol>\n<li><strong>Calitate \u0219i Performan\u021b\u0103 Premium<\/strong><br \/>\nVaporizatorul de unic\u0103 folosin\u021b\u0103 AIVONO Curved Smart Screen 35000 Puffs ofer\u0103 o experien\u021b\u0103 de vapat excep\u021bional\u0103, cu p\u00e2n\u0103 la 35.000 de pufuri. Alimentat de o baterie re\u00eenc\u0103rcabil\u0103 de \u00eenalt\u0103 capacitate de 850mAh, acesta asigur\u0103 o performan\u021b\u0103 consistent\u0103 \u0219i o durabilitate superioar\u0103.<\/li>\n<li><strong>Func\u021bii Avansate pentru o Experien\u021b\u0103 Superioar\u0103<\/strong><br \/>\nEchipat cu o rezisten\u021b\u0103 dual\u0103 de 1.0\u03a9, acest dispozitiv asigur\u0103 produc\u021bia lin\u0103 de vapori \u0219i o arom\u0103 bogat\u0103 la fiecare puf. Ecranul inteligent curbat dinamic ofer\u0103 actualiz\u0103ri \u00een timp real despre nivelurile de e-lichid \u0219i baterie, \u00een timp ce logo-ul iluminat personalizabil adaug\u0103 o not\u0103 de sofisticare.<\/li>\n<li><strong>Adaptat pentru Fiecare Vaper<\/strong><br \/>\nOferind multiple op\u021biuni de nicotin\u0103 (5%, 3%, 2%, 0%), vapa AIVONO se adapteaz\u0103 unei variet\u0103\u021bi de preferin\u021be, asigur\u00e2nd o alegere ideal\u0103 pentru fiecare vaper.<\/li>\n<li><strong>Design Elegant, Compact<\/strong><br \/>\nProiectat\u0103 pentru a fi convenabil\u0103, vapa AIVONO cu ecran inteligent curbat are un format compact de 55*95mm, fiind u\u0219or de transportat, men\u021bin\u00e2nd \u00een acela\u0219i timp un aspect elegant \u0219i modern.<\/li>\n<li><strong>Disponibilitate Exclusiv\u0103 pe vapestornado.com<\/strong><br \/>\nvapestornado.com ofer\u0103 acces exclusiv la AIVONO Curved Smart Screen 35000 Puffs, asigur\u00e2nd pre\u021buri competitive, livrare rapid\u0103 \u0219i un serviciu excelent pentru clien\u021bii din Rom\u00e2nia \u0219i nu numai.<\/li>\n<li><strong>Ideal pentru Vaperii din Rom\u00e2nia<\/strong><br \/>\nCu designul s\u0103u inovator \u0219i performan\u021ba premium, vapa AIVONO cu ecran inteligent curbat este perfect adaptat\u0103 gusturilor sofisticate ale vaperilor din Rom\u00e2nia, combin\u00e2nd tehnologia de \u00eenalt\u0103 calitate \u0219i durabilitatea \u00eentr-un singur dispozitiv.<\/li>\n<\/ol>\n<\/div>\n<\/div>\n<h3>\u00centreb\u0103ri frecvente despre AIVONO Curved Smart Screen 35000 Puffs<\/h3>\n<p><strong>\u00ce: C\u00e2te pufuri pot a\u0219tepta de la AIVONO Curved Smart Screen 35000 Puffs?<\/strong><br \/>\n<strong>A:<\/strong> AIVONO Curved Smart Screen ofer\u0103 p\u00e2n\u0103 la <strong>35.000 de pufuri<\/strong>, asigur\u00e2nd o experien\u021b\u0103 de vaping de lung\u0103 durat\u0103 \u0219i satisf\u0103c\u0103toare.<\/p>\n<p><strong>\u00ce: Care este capacitatea bateriei la vapa AIVONO CurvedScreen 35k pufuri?<\/strong><br \/>\n<strong>A:<\/strong> Dispozitivul este alimentat de o <strong>baterie re\u00eenc\u0103rcabil\u0103 de cobalt pur 17350<\/strong> cu o capacitate de <strong>850mAh<\/strong>, oferind performan\u021be fiabile \u0219i o durat\u0103 lung\u0103 de via\u021b\u0103 a bateriei.<\/p>\n<p><strong>\u00ce: Suport\u0103 vapa AIVONO Screen 35k pufuri \u00eenc\u0103rcarea de tip C?<\/strong><br \/>\n<strong>A:<\/strong> Da, dispozitivul dispune de un <strong>Port de \u00eenc\u0103rcare Type-C<\/strong>, permi\u021b\u00e2nd re\u00eenc\u0103rcarea rapid\u0103 \u0219i convenabil\u0103.<\/p>\n<p><strong>\u00ce: Ce fel de rezisten\u021b\u0103 folose\u0219te \u021bigara electronic\u0103 AIVONO Curved Screen 35k pufuri?<\/strong><br \/>\n<strong>A:<\/strong> Aceast\u0103 \u021bigar\u0103 electronic\u0103 folose\u0219te o <strong>Bobin\u0103 dubl\u0103 mesh 1.0\u03a9<\/strong>, asigur\u00e2nd o produc\u021bie de vapori fin\u0103 \u0219i consistent\u0103, \u00eempreun\u0103 cu arome bogate \u0219i pl\u0103cute.<\/p>\n<p><strong>\u00ce: Cum pot verifica nivelurile de e-lichid \u0219i baterie la \u021bigara electronic\u0103 AIVONO Curved Smart Screen 35000?<\/strong><br \/>\n<strong>A:<\/strong> Dispozitivul dispune de un <strong>ecran inteligent dinamic curbat<\/strong> care afi\u0219eaz\u0103 \u00een timp real nivelurile de e-lichid \u0219i baterie, astfel \u00eenc\u00e2t s\u0103 \u0219ti\u021bi \u00eentotdeauna c\u00e2nd s\u0103 re\u00eenc\u0103rca\u021bi.<\/p>\n<p><strong>\u00ce: Ce face ca \u021bigara electronic\u0103 cu pre\u021b redus AIVONO Curved Smart Screen 35k s\u0103 fie ideal\u0103 pentru utilizatorii din Europa?<\/strong><br \/>\n<strong>A:<\/strong> \u021aigara electronic\u0103 AIVONO Curved 35k pufuri combin\u0103 tehnologia de v\u00e2rf, designul elegant \u0219i multiplele op\u021biuni de nicotin\u0103, fiind alegerea perfect\u0103 pentru preferin\u021bele exigente ale utilizatorilor din Europa.<\/p>","protected":false},"excerpt":{"rendered":"<p>AIVONO E-\u021big\u0103ri de unic\u0103 folosin\u021b\u0103 cu ecran inteligent curbat 35000 pufuri: E-\u021bigar\u0103 de unic\u0103 folosin\u021b\u0103 premium, 35.000 pufuri, caracteristici personalizabile, rezisten\u021b\u0103 dual\u0103 din plas\u0103, \u00eenc\u0103rcare tip C, ideal\u0103 pentru vaperii rom\u00e2ni.<\/p>\n<figure id=\"attachment_2951\" aria-describedby=\"caption-attachment-2951\" style=\"width: 265px\" class=\"wp-caption alignnone\"><img decoding=\"async\" class=\"size-medium wp-image-2951\" src=\"https:\/\/vapestornado.com\/wp-content\/uploads\/2024\/12\/Wholesale-Disposable-Vape-265x300.jpg\" alt=\"Vape de unic\u0103 folosin\u021b\u0103 en-gros\" width=\"265\" height=\"300\" srcset=\"https:\/\/vapestornado.com\/wp-content\/uploads\/2024\/12\/Wholesale-Disposable-Vape-265x300.jpg 265w, https:\/\/vapestornado.com\/wp-content\/uploads\/2024\/12\/Wholesale-Disposable-Vape-768x871.jpg 768w, https:\/\/vapestornado.com\/wp-content\/uploads\/2024\/12\/Wholesale-Disposable-Vape-600x680.jpg 600w, https:\/\/vapestornado.com\/wp-content\/uploads\/2024\/12\/Wholesale-Disposable-Vape.jpg 823w\" sizes=\"(max-width: 265px) 100vw, 265px\" \/><figcaption id=\"caption-attachment-2951\" class=\"wp-caption-text\">V\u0103 rug\u0103m s\u0103 contacta\u021bi WhatsApp-ul lui Mandy pentru pre\u021b redus\u00a0 <a href=\"https:\/\/wa.me\/8618077105796\">+8618077105796<\/a><\/figcaption><\/figure>\n<p>&nbsp;<\/p>","protected":false},"featured_media":3479,"comment_status":"open","ping_status":"closed","template":"","meta":{"_acf_changed":false,"_uag_custom_page_level_css":"","_lmt_disableupdate":"no","_lmt_disable":"","_monsterinsights_skip_tracking":false,"_monsterinsights_sitenote_active":false,"_monsterinsights_sitenote_note":"","_monsterinsights_sitenote_category":0,"site-sidebar-layout":"default","site-content-layout":"","ast-site-content-layout":"default","site-content-style":"default","site-sidebar-style":"default","ast-global-header-display":"","ast-banner-title-visibility":"","ast-main-header-display":"","ast-hfb-above-header-display":"","ast-hfb-below-header-display":"","ast-hfb-mobile-header-display":"","site-post-title":"","ast-breadcrumbs-content":"","ast-featured-img":"","footer-sml-layout":"","ast-disable-related-posts":"","theme-transparent-header-meta":"default","adv-header-id-meta":"","stick-header-meta":"","header-above-stick-meta":"","header-main-stick-meta":"","header-below-stick-meta":"","astra-migrate-meta-layouts":"set","ast-page-background-enabled":"default","ast-page-background-meta":{"desktop":{"background-color":"","background-image":"","background-repeat":"repeat","background-position":"center center","background-size":"auto","background-attachment":"scroll","background-type":"","background-media":"","overlay-type":"","overlay-color":"","overlay-opacity":"","overlay-gradient":""},"tablet":{"background-color":"","background-image":"","background-repeat":"repeat","background-position":"center center","background-size":"auto","background-attachment":"scroll","background-type":"","background-media":"","overlay-type":"","overlay-color":"","overlay-opacity":"","overlay-gradient":""},"mobile":{"background-color":"","background-image":"","background-repeat":"repeat","background-position":"center center","background-size":"auto","background-attachment":"scroll","background-type":"","background-media":"","overlay-type":"","overlay-color":"","overlay-opacity":"","overlay-gradient":""}},"ast-content-background-meta":{"desktop":{"background-color":"var(--ast-global-color-5)","background-image":"","background-repeat":"repeat","background-position":"center center","background-size":"auto","background-attachment":"scroll","background-type":"","background-media":"","overlay-type":"","overlay-color":"","overlay-opacity":"","overlay-gradient":""},"tablet":{"background-color":"var(--ast-global-color-5)","background-image":"","background-repeat":"repeat","background-position":"center center","background-size":"auto","background-attachment":"scroll","background-type":"","background-media":"","overlay-type":"","overlay-color":"","overlay-opacity":"","overlay-gradient":""},"mobile":{"background-color":"var(--ast-global-color-5)","background-image":"","background-repeat":"repeat","background-position":"center center","background-size":"auto","background-attachment":"scroll","background-type":"","background-media":"","overlay-type":"","overlay-color":"","overlay-opacity":"","overlay-gradient":""}},"_joinchat":{"telephone":"+8618077105796"}},"product_brand":[],"product_cat":[175,176,140,153,157],"product_tag":[177,97],"class_list":{"0":"post-3231","1":"product","2":"type-product","3":"status-publish","4":"has-post-thumbnail","6":"product_cat-35000-puff","7":"product_cat-aivono-vape","8":"product_cat-big-puffs-disposable-vapes","9":"product_cat-buy-disposable-vapes-in-italy","10":"product_cat-buy-disposable-vapes-in-portugal","11":"product_tag-aivono-35000-puffs","12":"product_tag-hot-sale-disposable-vape","13":"desktop-align-left","14":"tablet-align-left","15":"mobile-align-left","17":"first","18":"instock","19":"sale","20":"shipping-taxable","21":"purchasable","22":"product-type-simple"},"acf":[],"uagb_featured_image_src":{"full":["https:\/\/vapestornado.com\/wp-content\/uploads\/2024\/12\/AIVONO-35000-Puffs-Good-Sale-Vape.jpg",800,800,false],"thumbnail":["https:\/\/vapestornado.com\/wp-content\/uploads\/2024\/12\/AIVONO-35000-Puffs-Good-Sale-Vape-150x150.jpg",150,150,true],"medium":["https:\/\/vapestornado.com\/wp-content\/uploads\/2024\/12\/AIVONO-35000-Puffs-Good-Sale-Vape-300x300.jpg",300,300,true],"medium_large":["https:\/\/vapestornado.com\/wp-content\/uploads\/2024\/12\/AIVONO-35000-Puffs-Good-Sale-Vape-768x768.jpg",768,768,true],"large":["https:\/\/vapestornado.com\/wp-content\/uploads\/2024\/12\/AIVONO-35000-Puffs-Good-Sale-Vape.jpg",800,800,false],"1536x1536":["https:\/\/vapestornado.com\/wp-content\/uploads\/2024\/12\/AIVONO-35000-Puffs-Good-Sale-Vape.jpg",800,800,false],"2048x2048":["https:\/\/vapestornado.com\/wp-content\/uploads\/2024\/12\/AIVONO-35000-Puffs-Good-Sale-Vape.jpg",800,800,false],"trp-custom-language-flag":["https:\/\/vapestornado.com\/wp-content\/uploads\/2024\/12\/AIVONO-35000-Puffs-Good-Sale-Vape.jpg",12,12,false],"woocommerce_thumbnail":["https:\/\/vapestornado.com\/wp-content\/uploads\/2024\/12\/AIVONO-35000-Puffs-Good-Sale-Vape-300x300.jpg",300,300,true],"woocommerce_single":["https:\/\/vapestornado.com\/wp-content\/uploads\/2024\/12\/AIVONO-35000-Puffs-Good-Sale-Vape-600x600.jpg",600,600,true],"woocommerce_gallery_thumbnail":["https:\/\/vapestornado.com\/wp-content\/uploads\/2024\/12\/AIVONO-35000-Puffs-Good-Sale-Vape-100x100.jpg",100,100,true]},"uagb_author_info":{"display_name":"ESMANDY","author_link":"https:\/\/vapestornado.com\/ro\/author\/"},"uagb_comment_info":0,"uagb_excerpt":"AIVONO Curved Smart Screen 35000 Puff\u00a0 vape pods : Premium disposable vape, 35,000 puffs, customizable features, dual mesh coil, Type-C charging, ideal for European vapers. [caption id=\"attachment_2951\" align=\"alignnone\" width=\"265\"] Pls Contact Mandy's WhatsApp For Discount Price\u00a0 +8618077105796[\/caption] &nbsp;","_links":{"self":[{"href":"https:\/\/vapestornado.com\/ro\/wp-json\/wp\/v2\/product\/3231","targetHints":{"allow":["GET"]}}],"collection":[{"href":"https:\/\/vapestornado.com\/ro\/wp-json\/wp\/v2\/product"}],"about":[{"href":"https:\/\/vapestornado.com\/ro\/wp-json\/wp\/v2\/types\/product"}],"replies":[{"embeddable":true,"href":"https:\/\/vapestornado.com\/ro\/wp-json\/wp\/v2\/comments?post=3231"}],"wp:featuredmedia":[{"embeddable":true,"href":"https:\/\/vapestornado.com\/ro\/wp-json\/wp\/v2\/media\/3479"}],"wp:attachment":[{"href":"https:\/\/vapestornado.com\/ro\/wp-json\/wp\/v2\/media?parent=3231"}],"wp:term":[{"taxonomy":"product_brand","embeddable":true,"href":"https:\/\/vapestornado.com\/ro\/wp-json\/wp\/v2\/product_brand?post=3231"},{"taxonomy":"product_cat","embeddable":true,"href":"https:\/\/vapestornado.com\/ro\/wp-json\/wp\/v2\/product_cat?post=3231"},{"taxonomy":"product_tag","embeddable":true,"href":"https:\/\/vapestornado.com\/ro\/wp-json\/wp\/v2\/product_tag?post=3231"}],"curies":[{"name":"wp","href":"https:\/\/api.w.org\/{rel}","templated":true}]}}