{"id":3223,"date":"2024-12-18T08:28:53","date_gmt":"2024-12-18T08:28:53","guid":{"rendered":"https:\/\/vapestornado.com\/?post_type=product&#038;p=3223"},"modified":"2025-08-23T12:21:59","modified_gmt":"2025-08-23T12:21:59","slug":"vapsolo-triple-30000-puffs-3-flavors-in-1-rechargeable-disposable-vapes-pen-bulk-buy-wholesale","status":"publish","type":"product","link":"https:\/\/vapestornado.com\/ro\/product\/vapsolo-triple-30000-puffs-3-flavors-in-1-rechargeable-disposable-vapes-pen-bulk-buy-wholesale\/","title":{"rendered":"Vapsolo Triple 30000 Puff-uri 3 Arome \u00een 1 Stilou Vape Re\u00eenc\u0103rcabil de Unic\u0103 Folosin\u021b\u0103 Cump\u0103rare \u00een Vrac en-Gros"},"content":{"rendered":"<h1 class=\"product-title\">Vapsolo Triple 30000 Puff-uri 3 Arome \u00een 1 Stilou Vape Re\u00eenc\u0103rcabil de Unic\u0103 Folosin\u021b\u0103 Cump\u0103rare \u00een Vrac en-Gros<\/h1>\n<p>Sistemul <strong>Vapsolo Triple 30000<\/strong> revolu\u021bioneaz\u0103 experien\u021ba de vaping cu unicul s\u0103u <strong>3 Arome \u00eentr-un Vape de Unic\u0103 Folosin\u021b\u0103<\/strong> design. Bucura\u021bi-v\u0103 de p\u00e2n\u0103 la <strong>30.000 de pufuri<\/strong> cu comutare f\u0103r\u0103 probleme \u00eentre trei arome distincte, toate \u00eentr-un singur dispozitiv elegant, re\u00eenc\u0103rcabil. Echipat cu <strong>rezisten\u021be triple mesh<\/strong> pentru o arom\u0103 \u00eembun\u0103t\u0103\u021bit\u0103 \u0219i produc\u021bie de vapori, acest dispozitiv asigur\u0103 c\u0103 fiecare puf este fin \u0219i satisf\u0103c\u0103tor.<\/p>\n<p>Cu o <strong>Capacitate de 45 ml e-lichid<\/strong> (15 ml per arom\u0103), <strong>Vapsolo Triple 30000<\/strong> minimizeaz\u0103 nevoia de reumpleri, \u00een timp ce <strong>baterie re\u00eenc\u0103rcabil\u0103 de 650mAh<\/strong> cu <strong>\u00eenc\u0103rcare rapid\u0103 de tip C<\/strong> garanteaz\u0103 performan\u021be consistente. Ecranul \u00eencorporat <strong>afi\u0219aj LCD<\/strong> v\u0103 \u021bine informat despre nivelul e-lichidului, durata de via\u021b\u0103 a bateriei \u0219i set\u0103rile aromei pentru un control suprem.<\/p>\n<p>Disponibil \u00een <strong>Op\u021biuni cu nicotin\u0103 sc\u0103zut\u0103 2% \u0219i 5%<\/strong>, acest <strong>vape de unic\u0103 folosin\u021b\u0103 de top<\/strong> este perfect pentru vaperi ocazionali \u0219i experimenta\u021bi deopotriv\u0103. A lui <strong>oferte en-gros de vape de unic\u0103 folosin\u021b\u0103<\/strong> pre\u021b \u00eel face o op\u021biune rentabil\u0103 pentru cump\u0103r\u0103torii en-gros, asigur\u00e2ndu-v\u0103 c\u0103 ob\u021bine\u021bi caracteristici de \u00eenalt\u0103 calitate la un <strong>vape ieftin<\/strong> pre\u021b.<\/p>\n<p>&nbsp;<\/p>\n<p><strong>Adaug\u0103 r\u0103spunsul corect de pe Whatsapp al lui Amy \u0219i cuponul de vape!<\/strong><\/p>\n<p><img fetchpriority=\"high\" decoding=\"async\" class=\"size-full wp-image-2932\" src=\"https:\/\/vapestornado.com\/wp-content\/uploads\/2024\/12\/Vape-Wholesale.jpg\" alt=\"\u021aig\u0103ri electronice cu ridicata\" width=\"229\" height=\"300\" \/><\/p>\n<h3><a href=\"https:\/\/wa.me\/8617776015835\" target=\"_blank\" rel=\"noopener\"><span style=\"color: #ff0000;\"><strong>WhatsApp: +86 17776015835<\/strong><\/span><\/a><\/h3>\n<p>&nbsp;<\/p>\n<h2><strong>Caracteristicile produsului Vapsolo Triple 30000 Puffs<\/strong><\/h2>\n<div role=\"article\" data-tabster=\"{&quot;groupper&quot;:{&quot;tabbability&quot;:2},&quot;focusable&quot;:{}}\" data-content=\"ai-message\" aria-labelledby=\"juhNTJ6o7Gk1cgwZMJgv2-author juhNTJ6o7Gk1cgwZMJgv2-content\">\n<div id=\"juhNTJ6o7Gk1cgwZMJgv2-content\">\n<div role=\"article\" data-tabster=\"{&quot;groupper&quot;:{&quot;tabbability&quot;:2},&quot;focusable&quot;:{}}\" data-content=\"ai-message\" aria-labelledby=\"x4EZuCZWrTbh3weWUt7CU-author x4EZuCZWrTbh3weWUt7CU-content\">\n<div id=\"x4EZuCZWrTbh3weWUt7CU-content\">\n<h3><\/h3>\n<ol>\n<li><strong>30.000 de Pufuri:<\/strong> Num\u0103r masiv de pufuri pentru sesiuni de vapat extinse.<\/li>\n<li><strong>3 Arome \u00eentr-un singur Design:<\/strong> Comuta\u021bi f\u0103r\u0103 efort \u00eentre trei arome delicioase.<\/li>\n<li><strong>Rezisten\u021be Triple Mesh:<\/strong> Arom\u0103 \u00eembun\u0103t\u0103\u021bit\u0103 \u0219i produc\u021bie de vapori.<\/li>\n<li><strong>Baterie re\u00eenc\u0103rcabil\u0103:<\/strong> Baterie de 650mAh cu re\u00eenc\u0103rcare rapid\u0103 Type-C.<\/li>\n<li><strong>Capacitate E-Lichid de 45ml:<\/strong> Depozitare ampl\u0103 de lichid cu 15ml per arom\u0103.<\/li>\n<li><strong>Afi\u0219aj LCD:<\/strong> Monitorizare \u00een timp real a pufurilor, a bateriei \u0219i a set\u0103rilor de arom\u0103.<\/li>\n<li><strong>Op\u021biuni cu Nicotin\u0103 Sc\u0103zut\u0103:<\/strong> Disponibil \u00een 2% \u0219i 5% pentru niveluri de nicotin\u0103 personalizabile.<\/li>\n<li><strong>Durabil<\/strong> Design u\u0219or \u0219i compact pentru vapat \u00een mi\u0219care.<\/li>\n<li><strong>Preg\u0103tit pentru v\u00e2nzare cu ridicata:<\/strong> Pre\u021buri accesibile pentru v\u00e2nz\u0103torii cu am\u0103nuntul \u0219i reselleri.<\/li>\n<li><strong>10 Combina\u021bii de Arome:<\/strong> Gam\u0103 larg\u0103 de op\u021biuni de arom\u0103 pentru fiecare gust.<\/li>\n<\/ol>\n<figure id=\"attachment_3224\" aria-describedby=\"caption-attachment-3224\" style=\"width: 600px\" class=\"wp-caption alignnone\"><img decoding=\"async\" class=\"wp-image-3224\" src=\"https:\/\/vapestornado.com\/wp-content\/uploads\/2024\/12\/Vapsolo-Triple-30000-Puffs-3-Flavors-in-1-Disposable-Vape-300x300.jpg\" alt=\"Vapsolo Triple 30000 Pufuri 3 Arome \u00eentr-o \u021aigar\u0103 Electronic\u0103 de Unic\u0103 Folosin\u021b\u0103\" width=\"600\" height=\"600\" srcset=\"https:\/\/vapestornado.com\/wp-content\/uploads\/2024\/12\/Vapsolo-Triple-30000-Puffs-3-Flavors-in-1-Disposable-Vape-300x300.jpg 300w, https:\/\/vapestornado.com\/wp-content\/uploads\/2024\/12\/Vapsolo-Triple-30000-Puffs-3-Flavors-in-1-Disposable-Vape-1024x1024.jpg 1024w, https:\/\/vapestornado.com\/wp-content\/uploads\/2024\/12\/Vapsolo-Triple-30000-Puffs-3-Flavors-in-1-Disposable-Vape-150x150.jpg 150w, https:\/\/vapestornado.com\/wp-content\/uploads\/2024\/12\/Vapsolo-Triple-30000-Puffs-3-Flavors-in-1-Disposable-Vape-768x768.jpg 768w, https:\/\/vapestornado.com\/wp-content\/uploads\/2024\/12\/Vapsolo-Triple-30000-Puffs-3-Flavors-in-1-Disposable-Vape-600x600.jpg 600w, https:\/\/vapestornado.com\/wp-content\/uploads\/2024\/12\/Vapsolo-Triple-30000-Puffs-3-Flavors-in-1-Disposable-Vape-100x100.jpg 100w, https:\/\/vapestornado.com\/wp-content\/uploads\/2024\/12\/Vapsolo-Triple-30000-Puffs-3-Flavors-in-1-Disposable-Vape.jpg 1126w\" sizes=\"(max-width: 600px) 100vw, 600px\" \/><figcaption id=\"caption-attachment-3224\" class=\"wp-caption-text\">Vapsolo Triple 30000 Pufuri 3 Arome \u00eentr-o \u021aigar\u0103 Electronic\u0103 de Unic\u0103 Folosin\u021b\u0103<\/figcaption><\/figure>\n<\/div>\n<\/div>\n<\/div>\n<\/div>\n<h2 class=\"product-title\"><strong>Lista de Arome Vapsolo Triple 30000 Pufuri<\/strong><\/h2>\n<p>1.Ghea\u021b\u0103 de pepene verde<br \/>\n2.L\u0103m\u00e2ie verde<br \/>\n3. Banana cu c\u0103p\u0219uni<br \/>\n4. Kiwi cu c\u0103p\u0219uni<br \/>\n5. Fructe tropicale<br \/>\n6. Ananas cu nuc\u0103 de cocos<br \/>\n7. Zmeur\u0103 cu c\u0103p\u0219uni<br \/>\n8. Zmeur\u0103 cu pepene verde<br \/>\n9. Coca-Cola cu c\u0103p\u0219uni \u0219i vanilie<br \/>\n10. Ghea\u021b\u0103 de pepene verde<\/p>\n<h3>De ce s\u0103 alege\u021bi vapestornado pentru v\u00e2nzarea cu ridicata a vape-ului Vapsolo 30000 Puffs?<\/h3>\n<div class=\"flex-shrink-0 flex flex-col relative items-end\">\n<div class=\"pt-0\">\n<div class=\"gizmo-bot-avatar flex h-8 w-8 items-center justify-center overflow-hidden rounded-full\">\n<div class=\"relative p-1 rounded-sm flex items-center justify-center bg-token-main-surface-primary text-token-text-primary h-8 w-8\">\n<p>Bun venit la vapestornado, magazinul t\u0103u online de \u00eencredere pentru vape-uri de unic\u0103 folosin\u021b\u0103 premium. Cu o experien\u021b\u0103 de peste 5 ani, \u00ee\u021bi aducem branduri populare de vape-uri de unic\u0103 folosin\u021b\u0103, precum Fumot RandM Vape, <a href=\"https:\/\/vapestornado.com\/ro\/product\/vapme-crystal-7000-puffs-rechargeable-disposable-vape-wholesale-cheap-price\/\">Vapme<\/a>, Bang Vape, Waspe Vape \u0219i WGA Vape, etc.<\/p>\n<p>Gama noastr\u0103 include vape-uri populare precum <a href=\"https:\/\/vapestornado.com\/ro\/product\/fumot-randm-tornado-15000-puffs-rechargeable-disposable-vape-wholesale\/\">RandM Tornado 15000<\/a>, \u0219i op\u021biuni bogate \u00een arome, precum <a href=\"https:\/\/vapestornado.com\/ro\/product\/vapsolo-dg-18000-puffs-smart-screen-wholesale-disposable-cheap-vapes\/\">\u00a0Vapsolo DG18000 Pufuri<\/a> . Fiecare produs este ales cu accent pe calitate, valoare \u0219i varietate, asigur\u00e2ndu-ne c\u0103 g\u0103se\u0219ti potrivirea perfect\u0103 pentru nevoile tale. Descoper\u0103 servicii excep\u021bionale \u0219i o gam\u0103 larg\u0103 de produse de top cu pre\u021buri de gros la vapestornado.<\/p>\n<\/div>\n<h3><\/h3>\n<div class=\"relative p-1 rounded-sm flex items-center justify-center bg-token-main-surface-primary text-token-text-primary h-8 w-8\">\n<h3>\u00centreb\u0103ri frecvente pentru Vapsolo Triple 30000 Puffs Vape de unic\u0103 folosin\u021b\u0103<\/h3>\n<\/div>\n<\/div>\n<\/div>\n<\/div>\n<div class=\"flex-shrink-0 flex flex-col relative items-end\">\n<div class=\"pt-0\">\n<div class=\"gizmo-bot-avatar flex h-8 w-8 items-center justify-center overflow-hidden rounded-full\">\n<div class=\"relative p-1 rounded-sm flex items-center justify-center bg-token-main-surface-primary text-token-text-primary h-8 w-8\">\n<div class=\"mb-2 flex gap-3 empty:hidden -ml-2\">\n<div role=\"article\" data-tabster=\"{&quot;groupper&quot;:{&quot;tabbability&quot;:2},&quot;focusable&quot;:{}}\" data-content=\"ai-message\" aria-labelledby=\"Vdt5ez4X7Tg813x6rFVha-author Vdt5ez4X7Tg813x6rFVha-content\">\n<div id=\"Vdt5ez4X7Tg813x6rFVha-content\">\n<div role=\"article\" data-tabster=\"{&quot;groupper&quot;:{&quot;tabbability&quot;:2},&quot;focusable&quot;:{}}\" data-content=\"ai-message\" aria-labelledby=\"o968oC7CEo2fGHsGdsRYC-author o968oC7CEo2fGHsGdsRYC-content\">\n<div id=\"o968oC7CEo2fGHsGdsRYC-content\">\n<h3><\/h3>\n<ol>\n<li><strong>Ce face ca Vapsolo Triple 30000 s\u0103 fie unic?<\/strong><br \/>\nAcesta dispune de <strong>3 arome \u00eentr-un singur vape de unic\u0103 folosin\u021b\u0103<\/strong>, permi\u021b\u00e2nd utilizatorilor s\u0103 comute f\u0103r\u0103 efort \u00eentre trei arome distincte.<\/li>\n<li><strong>C\u00e2t dureaz\u0103 dispozitivul?<\/strong><br \/>\nCu o <strong>Capacitate de 30.000 de pufuri<\/strong> \u0219i o <strong>baterie re\u00eenc\u0103rcabil\u0103 de 650mAh<\/strong>, este proiectat pentru utilizare prelungit\u0103.<\/li>\n<li><strong>De unde pot cump\u0103ra acest vape la pre\u021buri de en-gros?<\/strong><br \/>\nAchizi\u021biona\u021bi <strong>Vapsolo Triple 30000<\/strong> de la vapestornado<strong>\u00a0magazin online de vape-uri<\/strong>, o surs\u0103 de \u00eencredere pentru <strong>vape-uri de unic\u0103 folosin\u021b\u0103 cu ridicata<\/strong>.<\/li>\n<li><strong>Dispozitivul accept\u0103 \u00eenc\u0103rcare rapid\u0103?<\/strong><br \/>\nDa, vine cu o <strong>Port de \u00eenc\u0103rcare Type-C<\/strong> pentru re\u00eenc\u0103rcare rapid\u0103 \u0219i eficient\u0103.<\/li>\n<li><strong>Ce niveluri de nicotin\u0103 sunt disponibile?<\/strong><br \/>\nDispozitivul este disponibil \u00een ambele <strong>2% \u0219i 5% cu con\u021binut sc\u0103zut de nicotin\u0103<\/strong> op\u021biuni pentru a se potrivi diferitelor preferin\u021be.<\/li>\n<\/ol>\n<\/div>\n<\/div>\n<\/div>\n<\/div>\n<\/div>\n<\/div>\n<\/div>\n<\/div>\n<\/div>","protected":false},"excerpt":{"rendered":"<p>Cel mai bun pre\u021b pentru achizi\u021bii \u00een vrac de Vapsolo Triple 30000 Puffs 2% 5% cu nicotin\u0103 redus\u0103, \u021bigar\u0103 electronic\u0103 de unic\u0103 folosin\u021b\u0103<br \/>\nVapsolo Triple 30000 Puffs, \u021bigar\u0103 electronic\u0103 de unic\u0103 folosin\u021b\u0103 re\u00eenc\u0103rcabil\u0103, pre\u021b de en-gros<br \/>\nPre\u021b de fabric\u0103 redus pentru Vapsolo Triple 30000 Puffs 2% 5% cu nicotin\u0103 redus\u0103, \u021bigar\u0103 electronic\u0103 de unic\u0103 folosin\u021b\u0103<\/p>\n<p><strong>Adaug\u0103 whatsapp-ul lui Amy pentru a primi r\u0103spuns imediat \u0219i un cupon de vape!<\/strong><\/p>\n<p><img fetchpriority=\"high\" decoding=\"async\" class=\"size-full wp-image-2932\" src=\"https:\/\/vapestornado.com\/wp-content\/uploads\/2024\/12\/Vape-Wholesale.jpg\" alt=\"\u021aig\u0103ri electronice cu ridicata\" width=\"229\" height=\"300\" \/><\/p>\n<h3><a href=\"https:\/\/wa.me\/8617776015835\"><span style=\"color: #ff0000;\"><strong>WhatsApp: +86 17776015835<\/strong><\/span><\/a><\/h3>\n<p>&nbsp;<\/p>","protected":false},"featured_media":3230,"comment_status":"open","ping_status":"closed","template":"","meta":{"_acf_changed":false,"_uag_custom_page_level_css":"","_lmt_disableupdate":"no","_lmt_disable":"","_monsterinsights_skip_tracking":false,"_monsterinsights_sitenote_active":false,"_monsterinsights_sitenote_note":"","_monsterinsights_sitenote_category":0,"site-sidebar-layout":"default","site-content-layout":"","ast-site-content-layout":"default","site-content-style":"default","site-sidebar-style":"default","ast-global-header-display":"","ast-banner-title-visibility":"","ast-main-header-display":"","ast-hfb-above-header-display":"","ast-hfb-below-header-display":"","ast-hfb-mobile-header-display":"","site-post-title":"","ast-breadcrumbs-content":"","ast-featured-img":"","footer-sml-layout":"","ast-disable-related-posts":"","theme-transparent-header-meta":"default","adv-header-id-meta":"","stick-header-meta":"","header-above-stick-meta":"","header-main-stick-meta":"","header-below-stick-meta":"","astra-migrate-meta-layouts":"set","ast-page-background-enabled":"default","ast-page-background-meta":{"desktop":{"background-color":"","background-image":"","background-repeat":"repeat","background-position":"center center","background-size":"auto","background-attachment":"scroll","background-type":"","background-media":"","overlay-type":"","overlay-color":"","overlay-opacity":"","overlay-gradient":""},"tablet":{"background-color":"","background-image":"","background-repeat":"repeat","background-position":"center center","background-size":"auto","background-attachment":"scroll","background-type":"","background-media":"","overlay-type":"","overlay-color":"","overlay-opacity":"","overlay-gradient":""},"mobile":{"background-color":"","background-image":"","background-repeat":"repeat","background-position":"center center","background-size":"auto","background-attachment":"scroll","background-type":"","background-media":"","overlay-type":"","overlay-color":"","overlay-opacity":"","overlay-gradient":""}},"ast-content-background-meta":{"desktop":{"background-color":"var(--ast-global-color-5)","background-image":"","background-repeat":"repeat","background-position":"center center","background-size":"auto","background-attachment":"scroll","background-type":"","background-media":"","overlay-type":"","overlay-color":"","overlay-opacity":"","overlay-gradient":""},"tablet":{"background-color":"var(--ast-global-color-5)","background-image":"","background-repeat":"repeat","background-position":"center center","background-size":"auto","background-attachment":"scroll","background-type":"","background-media":"","overlay-type":"","overlay-color":"","overlay-opacity":"","overlay-gradient":""},"mobile":{"background-color":"var(--ast-global-color-5)","background-image":"","background-repeat":"repeat","background-position":"center center","background-size":"auto","background-attachment":"scroll","background-type":"","background-media":"","overlay-type":"","overlay-color":"","overlay-opacity":"","overlay-gradient":""}},"_joinchat":{"telephone":"+8617776015835"}},"product_brand":[],"product_cat":[67,149,151,143,144,277,146,171],"product_tag":[165,97,166,94,139,174,173],"class_list":{"0":"post-3223","1":"product","2":"type-product","3":"status-publish","4":"has-post-thumbnail","6":"product_cat-30000-puff","7":"product_cat-buy-disposable-vapes-in-austria","8":"product_cat-buy-disposable-vapes-in-france","9":"product_cat-dual-mesh-disposable-vapes","10":"product_cat-low-nicotine-disposable-vapes","11":"product_cat-mesii-vape","12":"product_cat-rechargeable-disposable-vapes","13":"product_cat-vapsolo-disposable-vapes","14":"product_tag-cheap-vapes","15":"product_tag-hot-sale-disposable-vape","16":"product_tag-low-nicotine-vape","17":"product_tag-rechargeable-disposable-vape","18":"product_tag-vapsolo","19":"product_tag-vapsolo-30000","20":"product_tag-vapsolo-triple-30000","21":"desktop-align-left","22":"tablet-align-left","23":"mobile-align-left","25":"first","26":"instock","27":"sale","28":"shipping-taxable","29":"purchasable","30":"product-type-simple"},"acf":[],"uagb_featured_image_src":{"full":["https:\/\/vapestornado.com\/wp-content\/uploads\/2024\/12\/Vapsolo-Triple-30000-Puffs-Rechargeable-Disposable-Vape.jpg",1126,1126,false],"thumbnail":["https:\/\/vapestornado.com\/wp-content\/uploads\/2024\/12\/Vapsolo-Triple-30000-Puffs-Rechargeable-Disposable-Vape-150x150.jpg",150,150,true],"medium":["https:\/\/vapestornado.com\/wp-content\/uploads\/2024\/12\/Vapsolo-Triple-30000-Puffs-Rechargeable-Disposable-Vape-300x300.jpg",300,300,true],"medium_large":["https:\/\/vapestornado.com\/wp-content\/uploads\/2024\/12\/Vapsolo-Triple-30000-Puffs-Rechargeable-Disposable-Vape-768x768.jpg",768,768,true],"large":["https:\/\/vapestornado.com\/wp-content\/uploads\/2024\/12\/Vapsolo-Triple-30000-Puffs-Rechargeable-Disposable-Vape-1024x1024.jpg",1024,1024,true],"1536x1536":["https:\/\/vapestornado.com\/wp-content\/uploads\/2024\/12\/Vapsolo-Triple-30000-Puffs-Rechargeable-Disposable-Vape.jpg",1126,1126,false],"2048x2048":["https:\/\/vapestornado.com\/wp-content\/uploads\/2024\/12\/Vapsolo-Triple-30000-Puffs-Rechargeable-Disposable-Vape.jpg",1126,1126,false],"trp-custom-language-flag":["https:\/\/vapestornado.com\/wp-content\/uploads\/2024\/12\/Vapsolo-Triple-30000-Puffs-Rechargeable-Disposable-Vape.jpg",12,12,false],"woocommerce_thumbnail":["https:\/\/vapestornado.com\/wp-content\/uploads\/2024\/12\/Vapsolo-Triple-30000-Puffs-Rechargeable-Disposable-Vape-300x300.jpg",300,300,true],"woocommerce_single":["https:\/\/vapestornado.com\/wp-content\/uploads\/2024\/12\/Vapsolo-Triple-30000-Puffs-Rechargeable-Disposable-Vape-600x600.jpg",600,600,true],"woocommerce_gallery_thumbnail":["https:\/\/vapestornado.com\/wp-content\/uploads\/2024\/12\/Vapsolo-Triple-30000-Puffs-Rechargeable-Disposable-Vape-100x100.jpg",100,100,true]},"uagb_author_info":{"display_name":"ESAMY","author_link":"https:\/\/vapestornado.com\/ro\/author\/"},"uagb_comment_info":0,"uagb_excerpt":"Best Vapsolo Triple 30000 Puffs 2% 5% Low Nicotine Disposable Vape Bulk Buy Price Vapsolo Triple 30000 Puffs Rechargeable Disposable Vape Wholesale Cheap Factory Vapsolo Triple 30000 Puffs 2% 5% Low Nicotine Disposable Vape Add Amy's whatsapp get right reply and vape vape coupon! WhatsApp: +86 17776015835 &nbsp;","_links":{"self":[{"href":"https:\/\/vapestornado.com\/ro\/wp-json\/wp\/v2\/product\/3223","targetHints":{"allow":["GET"]}}],"collection":[{"href":"https:\/\/vapestornado.com\/ro\/wp-json\/wp\/v2\/product"}],"about":[{"href":"https:\/\/vapestornado.com\/ro\/wp-json\/wp\/v2\/types\/product"}],"replies":[{"embeddable":true,"href":"https:\/\/vapestornado.com\/ro\/wp-json\/wp\/v2\/comments?post=3223"}],"wp:featuredmedia":[{"embeddable":true,"href":"https:\/\/vapestornado.com\/ro\/wp-json\/wp\/v2\/media\/3230"}],"wp:attachment":[{"href":"https:\/\/vapestornado.com\/ro\/wp-json\/wp\/v2\/media?parent=3223"}],"wp:term":[{"taxonomy":"product_brand","embeddable":true,"href":"https:\/\/vapestornado.com\/ro\/wp-json\/wp\/v2\/product_brand?post=3223"},{"taxonomy":"product_cat","embeddable":true,"href":"https:\/\/vapestornado.com\/ro\/wp-json\/wp\/v2\/product_cat?post=3223"},{"taxonomy":"product_tag","embeddable":true,"href":"https:\/\/vapestornado.com\/ro\/wp-json\/wp\/v2\/product_tag?post=3223"}],"curies":[{"name":"wp","href":"https:\/\/api.w.org\/{rel}","templated":true}]}}