{"id":3222,"date":"2024-12-18T08:11:42","date_gmt":"2024-12-18T08:11:42","guid":{"rendered":"https:\/\/vapestornado.com\/?post_type=product&#038;p=3222"},"modified":"2025-08-23T09:46:41","modified_gmt":"2025-08-23T09:46:41","slug":"vapsolo-tornado-pro-12000-puffs-2-5-low-nicotine-bulk-buy-rechargeable-disposable-vapes-pen-wholesale-price","status":"publish","type":"product","link":"https:\/\/vapestornado.com\/ro\/product\/vapsolo-tornado-pro-12000-puffs-2-5-low-nicotine-bulk-buy-rechargeable-disposable-vapes-pen-wholesale-price\/","title":{"rendered":"Vapsolo Tornado Pro 12000 Puff-uri 2% 5% Achizi\u021bie en-gros cu nicotin\u0103 sc\u0103zut\u0103 Vape-uri de unic\u0103 folosin\u021b\u0103 re\u00eenc\u0103rcabile la pre\u021b de v\u00e2nzare cu ridicata"},"content":{"rendered":"<h1 class=\"product-title\">Vapsolo Tornado Pro 12000 Puff-uri 2% 5% Achizi\u021bie en-gros cu nicotin\u0103 sc\u0103zut\u0103 Vape-uri de unic\u0103 folosin\u021b\u0103 re\u00eenc\u0103rcabile la pre\u021b de v\u00e2nzare cu ridicata<\/h1>\n<p>Sistemul <strong>Vapsolo Tornado Pro 12000<\/strong> puffs este suprem <strong>\u021bigar\u0103 electronic\u0103 de unic\u0103 folosin\u021b\u0103 re\u00eenc\u0103rcabil\u0103<\/strong> care combin\u0103 tehnologia de ultim\u0103 or\u0103 cu stilul. Oferind <strong>p\u00e2n\u0103 la 12.000 de puffs<\/strong>, acest dispozitiv este perfect pentru sesiuni extinse de vaping. Al s\u0103u <strong>capacitate de e-lichid de 20ml<\/strong> minimizeaz\u0103 reumplerile, \u00een timp ce <strong>baterie re\u00eenc\u0103rcabil\u0103 de 650mAh<\/strong> v\u0103 asigur\u0103 c\u0103 sunte\u021bi \u00eentotdeauna gata de vapat, datorit\u0103 <strong>\u00eenc\u0103rcare rapid\u0103 de tip C<\/strong>.<\/p>\n<p>Ceea ce diferen\u021biaz\u0103 <strong>Vapsolo Tornado Pro 12000<\/strong> este includerea <strong>Iluminare RGB<\/strong>, oferind o experien\u021b\u0103 de vaping dinamic\u0103, colorat\u0103, care atrage aten\u021bia. The <strong>afi\u0219aj LCD<\/strong> v\u0103 \u021bine la curent cu detalii esen\u021biale, cum ar fi num\u0103rul de puffs \u0219i starea bateriei, asigur\u00e2nd o utilizare f\u0103r\u0103 probleme. Cu <strong>flux de aer reglabil<\/strong> si <strong>tehnologie mesh coil<\/strong>, ofer\u0103 vapori fini \u0219i aromati de fiecare dat\u0103.<\/p>\n<p>Disponibil la <strong>oferte en-gros de vape de unic\u0103 folosin\u021b\u0103<\/strong> pre\u021buri, modelul <strong>Vapsolo Tornado Pro 12000<\/strong> este perfect pentru comercian\u021bii cu am\u0103nuntul \u0219i cump\u0103r\u0103torii \u00een vrac care caut\u0103 un dispozitiv de \u00eenalt\u0103 calitate, bogat \u00een func\u021bii. Fie c\u0103 sunte\u021bi \u00een c\u0103utarea unui <strong>vape cu con\u021binut sc\u0103zut de nicotin\u0103<\/strong> sau un <strong>vape de unic\u0103 folosin\u021b\u0103 ieftin<\/strong>, acest model livreaz\u0103 pe toate planurile.<\/p>\n<p>&nbsp;<\/p>\n<p><strong>Adaug\u0103 r\u0103spunsul corect de pe Whatsapp al lui Amy \u0219i cuponul de vape!<\/strong><\/p>\n<p><img fetchpriority=\"high\" decoding=\"async\" class=\"size-full wp-image-2932\" src=\"https:\/\/vapestornado.com\/wp-content\/uploads\/2024\/12\/Vape-Wholesale.jpg\" alt=\"\u021aig\u0103ri electronice cu ridicata\" width=\"229\" height=\"300\" \/><\/p>\n<h3><a href=\"https:\/\/wa.me\/8617776015835\" target=\"_blank\" rel=\"noopener\"><span style=\"color: #ff0000;\"><strong>WhatsApp: +86 17776015835<\/strong><\/span><\/a><\/h3>\n<p>&nbsp;<\/p>\n<h2><strong>Vapsolo Tornado Pro 12000 Puffs Caracteristici Produs<\/strong><\/h2>\n<div role=\"article\" data-tabster=\"{&quot;groupper&quot;:{&quot;tabbability&quot;:2},&quot;focusable&quot;:{}}\" data-content=\"ai-message\" aria-labelledby=\"juhNTJ6o7Gk1cgwZMJgv2-author juhNTJ6o7Gk1cgwZMJgv2-content\">\n<div id=\"juhNTJ6o7Gk1cgwZMJgv2-content\">\n<div role=\"article\" data-tabster=\"{&quot;groupper&quot;:{&quot;tabbability&quot;:2},&quot;focusable&quot;:{}}\" data-content=\"ai-message\" aria-labelledby=\"x4EZuCZWrTbh3weWUt7CU-author x4EZuCZWrTbh3weWUt7CU-content\">\n<div id=\"x4EZuCZWrTbh3weWUt7CU-content\">\n<h3><\/h3>\n<ol>\n<li><strong>12.000 Puffs:<\/strong> Utilizare extins\u0103 f\u0103r\u0103 \u00eenlocuiri frecvente.<\/li>\n<li><strong>Baterie re\u00eenc\u0103rcabil\u0103:<\/strong> 650mAh cu \u00eenc\u0103rcare rapid\u0103 Type-C.<\/li>\n<li><strong>Capacitate E-Lichid de 20 ml:<\/strong> Reumpleri mai pu\u021bin frecvente pentru confort.<\/li>\n<li><strong>Iluminare RGB:<\/strong> Efecte vizuale elegante \u0219i colorate pentru un aspect modern.<\/li>\n<li><strong>Afi\u0219aj LCD:<\/strong> Monitorizare u\u0219oar\u0103 a num\u0103rului de pufuri \u0219i a nivelului bateriei.<\/li>\n<li><strong>Flux de aer reglabil:<\/strong> Patru set\u0103ri pentru trageri personalizate.<\/li>\n<li><strong>Tehnologie Mesh Coil:<\/strong> Vaporizare consistent\u0103 cu arom\u0103 \u00eembun\u0103t\u0103\u021bit\u0103.<\/li>\n<li><strong>Op\u021biuni cu Nicotin\u0103 Sc\u0103zut\u0103:<\/strong> Alege\u021bi \u00eentre nivelurile de nicotin\u0103 de 2% \u0219i 5%.<\/li>\n<li><strong>Design Portabil:<\/strong> U\u0219or, durabil \u0219i u\u0219or de transportat.<\/li>\n<li><strong>Prietenos cu V\u00e2nz\u0103rile en Gros:<\/strong> Pre\u021buri accesibile pentru achizi\u021bii \u00een vrac.<\/li>\n<\/ol>\n<p>&nbsp;<\/p>\n<\/div>\n<\/div>\n<\/div>\n<\/div>\n<h2 class=\"product-title\"><strong>Lista de arome Vapsolo Tornado 12000 Puffs<\/strong><\/h2>\n<p>1. pepene verde cu ghea\u021b\u0103<br \/>\n2. c\u0103p\u0219uni kiwi<br \/>\n3. zmeur\u0103 albastr\u0103<br \/>\n4. Cire\u0219e efervescente<br \/>\n5. afine cu ghea\u021b\u0103<br \/>\n6. C\u0103p\u0219uni, zmeur\u0103, cire\u0219e cu ghea\u021b\u0103<br \/>\n7. Piersic\u0103, mango, ananas<br \/>\n8. Struguri cu ghea\u021b\u0103<br \/>\n9. Zmeur\u0103, pepene verde<br \/>\n10. Banana cu c\u0103p\u0219uni<\/p>\n<figure id=\"attachment_3211\" aria-describedby=\"caption-attachment-3211\" style=\"width: 600px\" class=\"wp-caption alignnone\"><img decoding=\"async\" class=\"wp-image-3211\" src=\"https:\/\/vapestornado.com\/wp-content\/uploads\/2024\/12\/Best-Vapsolo-Tornado-Pro-12000-Disposable-Vapes-Wholesale-300x300.jpg\" alt=\"Cele mai bune Vapsolo Tornado Pro 12000 Vape-uri de unic\u0103 folosin\u021b\u0103 en-gros\" width=\"600\" height=\"600\" srcset=\"https:\/\/vapestornado.com\/wp-content\/uploads\/2024\/12\/Best-Vapsolo-Tornado-Pro-12000-Disposable-Vapes-Wholesale-300x300.jpg 300w, https:\/\/vapestornado.com\/wp-content\/uploads\/2024\/12\/Best-Vapsolo-Tornado-Pro-12000-Disposable-Vapes-Wholesale-1024x1024.jpg 1024w, https:\/\/vapestornado.com\/wp-content\/uploads\/2024\/12\/Best-Vapsolo-Tornado-Pro-12000-Disposable-Vapes-Wholesale-150x150.jpg 150w, https:\/\/vapestornado.com\/wp-content\/uploads\/2024\/12\/Best-Vapsolo-Tornado-Pro-12000-Disposable-Vapes-Wholesale-768x768.jpg 768w, https:\/\/vapestornado.com\/wp-content\/uploads\/2024\/12\/Best-Vapsolo-Tornado-Pro-12000-Disposable-Vapes-Wholesale-600x600.jpg 600w, https:\/\/vapestornado.com\/wp-content\/uploads\/2024\/12\/Best-Vapsolo-Tornado-Pro-12000-Disposable-Vapes-Wholesale-100x100.jpg 100w, https:\/\/vapestornado.com\/wp-content\/uploads\/2024\/12\/Best-Vapsolo-Tornado-Pro-12000-Disposable-Vapes-Wholesale.jpg 1126w\" sizes=\"(max-width: 600px) 100vw, 600px\" \/><figcaption id=\"caption-attachment-3211\" class=\"wp-caption-text\">Cele mai bune Vapsolo Tornado Pro 12000 Vape-uri de unic\u0103 folosin\u021b\u0103 en-gros<\/figcaption><\/figure>\n<h3>De ce s\u0103 alege\u021bi vapestornado pentru Vapsolo Tornado 12000 Puffs Vape en-gros?<\/h3>\n<div class=\"flex-shrink-0 flex flex-col relative items-end\">\n<div class=\"pt-0\">\n<div class=\"gizmo-bot-avatar flex h-8 w-8 items-center justify-center overflow-hidden rounded-full\">\n<div class=\"relative p-1 rounded-sm flex items-center justify-center bg-token-main-surface-primary text-token-text-primary h-8 w-8\">\n<p>Bun venit la vapestornado, magazinul t\u0103u online de \u00eencredere pentru vape-uri de unic\u0103 folosin\u021b\u0103 premium. Cu o experien\u021b\u0103 de peste 5 ani, \u00ee\u021bi aducem branduri populare de vape-uri de unic\u0103 folosin\u021b\u0103, precum Fumot RandM Vape, <a href=\"https:\/\/vapestornado.com\/ro\/product\/vapme-crystal-7000-puffs-rechargeable-disposable-vape-wholesale-cheap-price\/\">Vapme<\/a>, Bang Vape, Waspe Vape \u0219i WGA Vape, etc.<\/p>\n<p>Gama noastr\u0103 include vape-uri populare precum <a href=\"https:\/\/vapestornado.com\/ro\/product\/fumot-randm-tornado-15000-puffs-rechargeable-disposable-vape-wholesale\/\">RandM Tornado 15000<\/a>, \u0219i op\u021biuni bogate \u00een arome, precum <a href=\"https:\/\/vapestornado.com\/ro\/product\/vapsolo-dg-18000-puffs-smart-screen-wholesale-disposable-cheap-vapes\/\">\u00a0Vapsolo DG18000 Pufuri<\/a> . Fiecare produs este ales cu accent pe calitate, valoare \u0219i varietate, asigur\u00e2ndu-ne c\u0103 g\u0103se\u0219ti potrivirea perfect\u0103 pentru nevoile tale. Descoper\u0103 servicii excep\u021bionale \u0219i o gam\u0103 larg\u0103 de produse de top cu pre\u021buri de gros la vapestornado.<\/p>\n<\/div>\n<h3><\/h3>\n<div class=\"relative p-1 rounded-sm flex items-center justify-center bg-token-main-surface-primary text-token-text-primary h-8 w-8\">\n<h3>\u00centreb\u0103ri frecvente pentru Vapsolo Tornado Pro 12000 Puffs Vape de unic\u0103 folosin\u021b\u0103<\/h3>\n<\/div>\n<\/div>\n<\/div>\n<\/div>\n<div class=\"flex-shrink-0 flex flex-col relative items-end\">\n<div class=\"pt-0\">\n<div class=\"gizmo-bot-avatar flex h-8 w-8 items-center justify-center overflow-hidden rounded-full\">\n<div class=\"relative p-1 rounded-sm flex items-center justify-center bg-token-main-surface-primary text-token-text-primary h-8 w-8\">\n<div class=\"mb-2 flex gap-3 empty:hidden -ml-2\">\n<div role=\"article\" data-tabster=\"{&quot;groupper&quot;:{&quot;tabbability&quot;:2},&quot;focusable&quot;:{}}\" data-content=\"ai-message\" aria-labelledby=\"Vdt5ez4X7Tg813x6rFVha-author Vdt5ez4X7Tg813x6rFVha-content\">\n<div id=\"Vdt5ez4X7Tg813x6rFVha-content\">\n<div role=\"article\" data-tabster=\"{&quot;groupper&quot;:{&quot;tabbability&quot;:2},&quot;focusable&quot;:{}}\" data-content=\"ai-message\" aria-labelledby=\"o968oC7CEo2fGHsGdsRYC-author o968oC7CEo2fGHsGdsRYC-content\">\n<div id=\"o968oC7CEo2fGHsGdsRYC-content\">\n<h3><\/h3>\n<ol>\n<li><strong>C\u00e2te pufuri ofer\u0103 Vapsolo Tornado Pro 12000?<\/strong><br \/>\nAcest dispozitiv ofer\u0103 p\u00e2n\u0103 la <strong>12.000 de pufuri<\/strong>, f\u0103c\u00e2ndu-l ideal pentru utilizare pe termen lung f\u0103r\u0103 \u00eenlocuiri.<\/li>\n<li><strong>Dispozitivul Vapsolo 12000 are capacit\u0103\u021bi de re\u00eenc\u0103rcare?<\/strong><br \/>\nDa, are un <strong>baterie re\u00eenc\u0103rcabil\u0103 de 650mAh<\/strong> cu un <strong>Port de \u00eenc\u0103rcare Type-C<\/strong> pentru \u00eenc\u0103rcare rapid\u0103 \u0219i eficient\u0103.<\/li>\n<li><strong>Ce face ca iluminarea RGB Vapsolo Tornado Pro 12000 s\u0103 fie unic\u0103?<\/strong><br \/>\nSistemul <strong>Iluminare RGB<\/strong> \u00eembun\u0103t\u0103\u021be\u0219te experien\u021ba de vaping cu efecte vibrante, colorate, oferindu-i un aspect modern \u0219i elegant.<\/li>\n<li><strong>Cum func\u021bioneaz\u0103 fluxul de aer reglabil Vapsolo Tornado 12000?<\/strong><br \/>\nSistemul <strong>sistem de flux de aer cu patru niveluri<\/strong> v\u0103 permite s\u0103 v\u0103 personaliza\u021bi experien\u021ba de vaping, de la trageri str\u00e2nse la pufuri relaxate.<\/li>\n<li><strong>De ce este Vapsolo Tornado Pro 12000 ideal pentru cump\u0103r\u0103torii en-gros?<\/strong><br \/>\nCombin\u0103 <strong>capacitate mare de pufuri<\/strong>, <strong>caracteristici premium<\/strong>\u0219i <strong>pre\u021buri accesibile la vrac<\/strong>, f\u0103c\u00e2ndu-l perfect pentru comercian\u021bi cu am\u0103nuntul \u0219i rev\u00e2nz\u0103tori.<\/li>\n<\/ol>\n<\/div>\n<\/div>\n<\/div>\n<\/div>\n<\/div>\n<\/div>\n<\/div>\n<\/div>\n<\/div>","protected":false},"excerpt":{"rendered":"<p>VapSolo Tornado Pro 12000 Puffs 2% 5% Vape de unic\u0103 folosin\u021b\u0103 cu nicotin\u0103 sc\u0103zut\u0103, pre\u021b de achizi\u021bie \u00een vrac<br \/>\nVapSolo Tornado Pro 12000 Puffs Vape de unic\u0103 folosin\u021b\u0103 re\u00eenc\u0103rcabil, en-gros<br \/>\nFabrica ieftin\u0103 Tornado 12000 Puffs 2% 5% Vape de unic\u0103 folosin\u021b\u0103 cu nicotin\u0103 sc\u0103zut\u0103<\/p>\n<p><strong>Adaug\u0103 whatsapp-ul lui Amy pentru a primi r\u0103spuns imediat \u0219i un cupon de vape!<\/strong><\/p>\n<p><img fetchpriority=\"high\" decoding=\"async\" class=\"size-full wp-image-2932\" src=\"https:\/\/vapestornado.com\/wp-content\/uploads\/2024\/12\/Vape-Wholesale.jpg\" alt=\"\u021aig\u0103ri electronice cu ridicata\" width=\"229\" height=\"300\" \/><\/p>\n<h3><a href=\"https:\/\/wa.me\/8617776015835\"><span style=\"color: #ff0000;\"><strong>WhatsApp: +86 17776015835<\/strong><\/span><\/a><\/h3>\n<p>&nbsp;<\/p>","protected":false},"featured_media":3215,"comment_status":"open","ping_status":"closed","template":"","meta":{"_acf_changed":false,"_uag_custom_page_level_css":"","_lmt_disableupdate":"no","_lmt_disable":"","_monsterinsights_skip_tracking":false,"_monsterinsights_sitenote_active":false,"_monsterinsights_sitenote_note":"","_monsterinsights_sitenote_category":0,"site-sidebar-layout":"default","site-content-layout":"","ast-site-content-layout":"default","site-content-style":"default","site-sidebar-style":"default","ast-global-header-display":"","ast-banner-title-visibility":"","ast-main-header-display":"","ast-hfb-above-header-display":"","ast-hfb-below-header-display":"","ast-hfb-mobile-header-display":"","site-post-title":"","ast-breadcrumbs-content":"","ast-featured-img":"","footer-sml-layout":"","ast-disable-related-posts":"","theme-transparent-header-meta":"default","adv-header-id-meta":"","stick-header-meta":"","header-above-stick-meta":"","header-main-stick-meta":"","header-below-stick-meta":"","astra-migrate-meta-layouts":"set","ast-page-background-enabled":"default","ast-page-background-meta":{"desktop":{"background-color":"","background-image":"","background-repeat":"repeat","background-position":"center center","background-size":"auto","background-attachment":"scroll","background-type":"","background-media":"","overlay-type":"","overlay-color":"","overlay-opacity":"","overlay-gradient":""},"tablet":{"background-color":"","background-image":"","background-repeat":"repeat","background-position":"center center","background-size":"auto","background-attachment":"scroll","background-type":"","background-media":"","overlay-type":"","overlay-color":"","overlay-opacity":"","overlay-gradient":""},"mobile":{"background-color":"","background-image":"","background-repeat":"repeat","background-position":"center center","background-size":"auto","background-attachment":"scroll","background-type":"","background-media":"","overlay-type":"","overlay-color":"","overlay-opacity":"","overlay-gradient":""}},"ast-content-background-meta":{"desktop":{"background-color":"var(--ast-global-color-5)","background-image":"","background-repeat":"repeat","background-position":"center center","background-size":"auto","background-attachment":"scroll","background-type":"","background-media":"","overlay-type":"","overlay-color":"","overlay-opacity":"","overlay-gradient":""},"tablet":{"background-color":"var(--ast-global-color-5)","background-image":"","background-repeat":"repeat","background-position":"center center","background-size":"auto","background-attachment":"scroll","background-type":"","background-media":"","overlay-type":"","overlay-color":"","overlay-opacity":"","overlay-gradient":""},"mobile":{"background-color":"var(--ast-global-color-5)","background-image":"","background-repeat":"repeat","background-position":"center center","background-size":"auto","background-attachment":"scroll","background-type":"","background-media":"","overlay-type":"","overlay-color":"","overlay-opacity":"","overlay-gradient":""}},"_joinchat":{"telephone":"+8617776015835"}},"product_brand":[],"product_cat":[72,153,154,159,142,143,171],"product_tag":[165,97,166,94,139,172,169],"class_list":{"0":"post-3222","1":"product","2":"type-product","3":"status-publish","4":"has-post-thumbnail","6":"product_cat-12000-puff","7":"product_cat-buy-disposable-vapes-in-italy","8":"product_cat-buy-disposable-vapes-in-netherlands","9":"product_cat-buy-disposable-vapes-in-sweden","10":"product_cat-digital-box-disposable-vapes","11":"product_cat-dual-mesh-disposable-vapes","12":"product_cat-vapsolo-disposable-vapes","13":"product_tag-cheap-vapes","14":"product_tag-hot-sale-disposable-vape","15":"product_tag-low-nicotine-vape","16":"product_tag-rechargeable-disposable-vape","17":"product_tag-vapsolo","18":"product_tag-vapsolo-tornado-pro-12000","19":"product_tag-vasolo-12000","20":"desktop-align-left","21":"tablet-align-left","22":"mobile-align-left","24":"first","25":"instock","26":"sale","27":"shipping-taxable","28":"purchasable","29":"product-type-simple"},"acf":[],"uagb_featured_image_src":{"full":["https:\/\/vapestornado.com\/wp-content\/uploads\/2024\/12\/Vapsolo-Tornado-Pro-12000-Rechargeable-Disposable-Vapes-Bulk-Buy-Wholesale.jpg",1126,1126,false],"thumbnail":["https:\/\/vapestornado.com\/wp-content\/uploads\/2024\/12\/Vapsolo-Tornado-Pro-12000-Rechargeable-Disposable-Vapes-Bulk-Buy-Wholesale-150x150.jpg",150,150,true],"medium":["https:\/\/vapestornado.com\/wp-content\/uploads\/2024\/12\/Vapsolo-Tornado-Pro-12000-Rechargeable-Disposable-Vapes-Bulk-Buy-Wholesale-300x300.jpg",300,300,true],"medium_large":["https:\/\/vapestornado.com\/wp-content\/uploads\/2024\/12\/Vapsolo-Tornado-Pro-12000-Rechargeable-Disposable-Vapes-Bulk-Buy-Wholesale-768x768.jpg",768,768,true],"large":["https:\/\/vapestornado.com\/wp-content\/uploads\/2024\/12\/Vapsolo-Tornado-Pro-12000-Rechargeable-Disposable-Vapes-Bulk-Buy-Wholesale-1024x1024.jpg",1024,1024,true],"1536x1536":["https:\/\/vapestornado.com\/wp-content\/uploads\/2024\/12\/Vapsolo-Tornado-Pro-12000-Rechargeable-Disposable-Vapes-Bulk-Buy-Wholesale.jpg",1126,1126,false],"2048x2048":["https:\/\/vapestornado.com\/wp-content\/uploads\/2024\/12\/Vapsolo-Tornado-Pro-12000-Rechargeable-Disposable-Vapes-Bulk-Buy-Wholesale.jpg",1126,1126,false],"trp-custom-language-flag":["https:\/\/vapestornado.com\/wp-content\/uploads\/2024\/12\/Vapsolo-Tornado-Pro-12000-Rechargeable-Disposable-Vapes-Bulk-Buy-Wholesale.jpg",12,12,false],"woocommerce_thumbnail":["https:\/\/vapestornado.com\/wp-content\/uploads\/2024\/12\/Vapsolo-Tornado-Pro-12000-Rechargeable-Disposable-Vapes-Bulk-Buy-Wholesale-300x300.jpg",300,300,true],"woocommerce_single":["https:\/\/vapestornado.com\/wp-content\/uploads\/2024\/12\/Vapsolo-Tornado-Pro-12000-Rechargeable-Disposable-Vapes-Bulk-Buy-Wholesale-600x600.jpg",600,600,true],"woocommerce_gallery_thumbnail":["https:\/\/vapestornado.com\/wp-content\/uploads\/2024\/12\/Vapsolo-Tornado-Pro-12000-Rechargeable-Disposable-Vapes-Bulk-Buy-Wholesale-100x100.jpg",100,100,true]},"uagb_author_info":{"display_name":"ESAMY","author_link":"https:\/\/vapestornado.com\/ro\/author\/"},"uagb_comment_info":0,"uagb_excerpt":"VapSolo Tornado Pro 12000 Puffs 2% 5% Low Nicotine Disposable Vape Bulk Buy Price VapSolo Tornado Pro 12000 Puffs Rechargeable Disposable Vape Wholesale Cheap Factory Tornado 12000 Puffs 2% 5% Low Nicotine Disposable Vape Add Amy's whatsapp get right reply and vape vape coupon! WhatsApp: +86 17776015835 &nbsp;","_links":{"self":[{"href":"https:\/\/vapestornado.com\/ro\/wp-json\/wp\/v2\/product\/3222","targetHints":{"allow":["GET"]}}],"collection":[{"href":"https:\/\/vapestornado.com\/ro\/wp-json\/wp\/v2\/product"}],"about":[{"href":"https:\/\/vapestornado.com\/ro\/wp-json\/wp\/v2\/types\/product"}],"replies":[{"embeddable":true,"href":"https:\/\/vapestornado.com\/ro\/wp-json\/wp\/v2\/comments?post=3222"}],"wp:featuredmedia":[{"embeddable":true,"href":"https:\/\/vapestornado.com\/ro\/wp-json\/wp\/v2\/media\/3215"}],"wp:attachment":[{"href":"https:\/\/vapestornado.com\/ro\/wp-json\/wp\/v2\/media?parent=3222"}],"wp:term":[{"taxonomy":"product_brand","embeddable":true,"href":"https:\/\/vapestornado.com\/ro\/wp-json\/wp\/v2\/product_brand?post=3222"},{"taxonomy":"product_cat","embeddable":true,"href":"https:\/\/vapestornado.com\/ro\/wp-json\/wp\/v2\/product_cat?post=3222"},{"taxonomy":"product_tag","embeddable":true,"href":"https:\/\/vapestornado.com\/ro\/wp-json\/wp\/v2\/product_tag?post=3222"}],"curies":[{"name":"wp","href":"https:\/\/api.w.org\/{rel}","templated":true}]}}