{"id":3201,"date":"2024-12-18T03:39:14","date_gmt":"2024-12-18T03:39:14","guid":{"rendered":"https:\/\/vapestornado.com\/?post_type=product&#038;p=3201"},"modified":"2025-08-23T09:47:27","modified_gmt":"2025-08-23T09:47:27","slug":"vapsolo-viking-12000-puffs-2-5-low-nicotine-bulk-buy-rechargeable-disposable-vapes-pen-wholesale-price","status":"publish","type":"product","link":"https:\/\/vapestornado.com\/ro\/product\/vapsolo-viking-12000-puffs-2-5-low-nicotine-bulk-buy-rechargeable-disposable-vapes-pen-wholesale-price\/","title":{"rendered":"VapSolo Viking 12000 Puffs 2% 5% con\u021binut sc\u0103zut de nicotin\u0103, Cump\u0103rare \u00een vrac Vape de unic\u0103 folosin\u021b\u0103 re\u00eenc\u0103rcabile, Pre\u021b en-gros"},"content":{"rendered":"<h1 class=\"product-title\">VapSolo Viking 12000 Puffs 2% 5% con\u021binut sc\u0103zut de nicotin\u0103, Cump\u0103rare \u00een vrac Vape de unic\u0103 folosin\u021b\u0103 re\u00eenc\u0103rcabile, Pre\u021b en-gros<\/h1>\n<p data-start=\"403\" data-end=\"652\">Sistemul <strong data-start=\"407\" data-end=\"453\">VapSolo Viking 12000 Puffs Vape de unic\u0103 folosin\u021b\u0103<\/strong> ofer\u0103 performan\u021b\u0103 extins\u0103 \u0219i flexibilitate \u00eentr-un design elegant, portabil. Cu un <strong data-start=\"536\" data-end=\"562\">22 ml de e-lichid<\/strong> \u0219i p\u00e2n\u0103 la <strong data-start=\"573\" data-end=\"589\">12.000 de pufuri<\/strong>, ofer\u0103 utilizare de lung\u0103 durat\u0103 f\u0103r\u0103 \u00eenlocuiri constante.<\/p>\n<p data-start=\"654\" data-end=\"909\">Alimentat de o <strong data-start=\"667\" data-end=\"698\">baterie re\u00eenc\u0103rcabil\u0103 de 650mAh<\/strong> cu <strong data-start=\"704\" data-end=\"728\">\u00eenc\u0103rcare rapid\u0103 de tip C<\/strong>, Viking 12K asigur\u0103 sesiuni consistente \u0219i re\u00eenc\u0103rcare eficient\u0103. Vine \u00een <strong data-start=\"811\" data-end=\"843\">Concentra\u021bii de nicotin\u0103 2% \u0219i 5%<\/strong>, f\u0103c\u00e2ndu-l potrivit at\u00e2t pentru preferin\u021be moderate, c\u00e2t \u0219i pentru cele mai puternice.<\/p>\n<p data-start=\"911\" data-end=\"1150\">Echipat cu <strong data-start=\"925\" data-end=\"949\">tehnologie mesh coil<\/strong> si <strong data-start=\"954\" data-end=\"984\">flux de aer reglabil pe 4 niveluri<\/strong>, acest dispozitiv garanteaz\u0103 o produc\u021bie lin\u0103 de vapori \u0219i trageri personalizabile. The <strong data-start=\"1061\" data-end=\"1076\">afi\u0219aj LCD<\/strong> adaug\u0103 confort, ar\u0103t\u00e2nd num\u0103rul de pufuri \u0219i starea bateriei \u00een timp real.<\/p>\n<p data-start=\"1152\" data-end=\"1410\">U\u0219or \u0219i u\u0219or de transportat, <strong data-start=\"1187\" data-end=\"1211\">VapSolo Viking 12000<\/strong> este ideal at\u00e2t pentru utilizatorii de zi cu zi, c\u00e2t \u0219i pentru angrosi\u0219ti. Combina\u021bia sa de capacitate, caracteristici avansate \u0219i competitive <strong data-start=\"1326\" data-end=\"1347\">pre\u021buri de v\u00e2nzare cu ridicata<\/strong> \u00eel face o op\u021biune profitabil\u0103 pentru comercian\u021bii cu am\u0103nuntul \u0219i distribuitorii din Rom\u00e2nia.<\/p>\n<p><strong>Adaug\u0103 r\u0103spunsul corect de pe Whatsapp al lui Amy \u0219i cuponul de vape!<\/strong><\/p>\n<p><img fetchpriority=\"high\" decoding=\"async\" class=\"size-full wp-image-2932\" src=\"https:\/\/vapestornado.com\/wp-content\/uploads\/2024\/12\/Vape-Wholesale.jpg\" alt=\"\u021aig\u0103ri electronice cu ridicata\" width=\"229\" height=\"300\" \/><\/p>\n<h3><a href=\"https:\/\/wa.me\/8617776015835\" target=\"_blank\" rel=\"noopener\"><span style=\"color: #ff0000;\"><strong>WhatsApp: +86 17776015835<\/strong><\/span><\/a><\/h3>\n<p>&nbsp;<\/p>\n<h2><strong>Caracteristicile produsului VapSolo Viking 12000<\/strong><\/h2>\n<div role=\"article\" data-tabster=\"{&quot;groupper&quot;:{&quot;tabbability&quot;:2},&quot;focusable&quot;:{}}\" data-content=\"ai-message\" aria-labelledby=\"juhNTJ6o7Gk1cgwZMJgv2-author juhNTJ6o7Gk1cgwZMJgv2-content\">\n<div id=\"juhNTJ6o7Gk1cgwZMJgv2-content\">\n<div role=\"article\" data-tabster=\"{&quot;groupper&quot;:{&quot;tabbability&quot;:2},&quot;focusable&quot;:{}}\" data-content=\"ai-message\" aria-labelledby=\"x4EZuCZWrTbh3weWUt7CU-author x4EZuCZWrTbh3weWUt7CU-content\">\n<div id=\"x4EZuCZWrTbh3weWUt7CU-content\">\n<h3><\/h3>\n<ol>\n<li><strong>12.000 de pufuri per dispozitiv:<\/strong> Utilizare extins\u0103 pentru o experien\u021b\u0103 de vaping f\u0103r\u0103 probleme.<\/li>\n<li><strong>Op\u021biuni cu Nicotin\u0103 Sc\u0103zut\u0103:<\/strong> Disponibil \u00een 2% \u0219i 5%, r\u0103spunz\u00e2nd unei variet\u0103\u021bi de preferin\u021be.<\/li>\n<li><strong>Baterie re\u00eenc\u0103rcabil\u0103:<\/strong> Capacitate de 650 mAh cu \u00eenc\u0103rcare rapid\u0103 convenabil\u0103 de tip C.<\/li>\n<li><strong>Flux de aer reglabil pe 4 niveluri:<\/strong> Personaliza\u021bi-v\u0103 stilul de vaping cu precizie.<\/li>\n<li><strong>Tehnologie Mesh Coil:<\/strong> Ofer\u0103 vapori fini \u0219i arom\u0103 \u00eembun\u0103t\u0103\u021bit\u0103 de fiecare dat\u0103.<\/li>\n<li><strong>Capacitate de 22 ml E-Lichid:<\/strong> Ofer\u0103 sesiuni de vaping mai lungi, f\u0103r\u0103 reumpleri frecvente.<\/li>\n<li><strong>Afi\u0219aj LCD:<\/strong> Monitoriza\u021bi cu u\u0219urin\u021b\u0103 num\u0103rul de pufuri \u0219i starea bateriei \u00een timp real.<\/li>\n<li><strong>Compact \u0219i u\u0219or:<\/strong> Design portabil, c\u00e2nt\u0103rind doar 95g pentru utilizare u\u0219oar\u0103 \u00een deplasare.<\/li>\n<li><strong>Pre\u021buri angro accesibile:<\/strong> Ideal pentru achizi\u021bii \u00een vrac \u0219i rev\u00e2nzare.<\/li>\n<li><strong>Marc\u0103 de vape de unic\u0103 folosin\u021b\u0103 premium:<\/strong> Combin\u0103 confortul, performan\u021ba \u0219i stilul.<\/li>\n<\/ol>\n<\/div>\n<\/div>\n<\/div>\n<\/div>\n<h2 class=\"product-title\"><strong>Lista de arome VapSolo 12000 Pufuri<\/strong><\/h2>\n<p>1. Zmeur\u0103 cu afine<br \/>\n2. Afine<br \/>\n3. Cire\u0219e efervescente<br \/>\n4. Pepene verde cu ghea\u021b\u0103<br \/>\n5. C\u0103p\u0219uni kiwi<br \/>\n6. C\u0103p\u0219uni pepene verde<br \/>\n7. Vis de var\u0103<br \/>\n8. afine cire\u0219e meri\u0219oare<br \/>\n9. l\u0103m\u00e2ie lime<br \/>\n10. ursule\u021b gumos<br \/>\n11.Banane cu C\u0103p\u0219uni<br \/>\n12. Ment\u0103 Proasp\u0103t\u0103<br \/>\n13. Ghea\u021b\u0103 de c\u0103p\u0219uni \u0219i zmeur\u0103<br \/>\n14. L\u0103m\u00e2ie \u0219i piersic\u0103<br \/>\n15. Ghea\u021b\u0103 de mere ro\u0219ii<\/p>\n<figure id=\"attachment_3194\" aria-describedby=\"caption-attachment-3194\" style=\"width: 600px\" class=\"wp-caption alignnone\"><img decoding=\"async\" class=\"wp-image-3194\" src=\"https:\/\/vapestornado.com\/wp-content\/uploads\/2024\/12\/VapSolo-12000-Puffs-Disposable-Vape-Wholesale-Cheap-Price-300x300.jpg\" alt=\"VapSolo 12000 Pufuri Vape de unic\u0103 folosin\u021b\u0103 en-gros la pre\u021buri mici\" width=\"600\" height=\"600\" srcset=\"https:\/\/vapestornado.com\/wp-content\/uploads\/2024\/12\/VapSolo-12000-Puffs-Disposable-Vape-Wholesale-Cheap-Price-300x300.jpg 300w, https:\/\/vapestornado.com\/wp-content\/uploads\/2024\/12\/VapSolo-12000-Puffs-Disposable-Vape-Wholesale-Cheap-Price-1024x1024.jpg 1024w, https:\/\/vapestornado.com\/wp-content\/uploads\/2024\/12\/VapSolo-12000-Puffs-Disposable-Vape-Wholesale-Cheap-Price-150x150.jpg 150w, https:\/\/vapestornado.com\/wp-content\/uploads\/2024\/12\/VapSolo-12000-Puffs-Disposable-Vape-Wholesale-Cheap-Price-768x768.jpg 768w, https:\/\/vapestornado.com\/wp-content\/uploads\/2024\/12\/VapSolo-12000-Puffs-Disposable-Vape-Wholesale-Cheap-Price-600x600.jpg 600w, https:\/\/vapestornado.com\/wp-content\/uploads\/2024\/12\/VapSolo-12000-Puffs-Disposable-Vape-Wholesale-Cheap-Price-100x100.jpg 100w, https:\/\/vapestornado.com\/wp-content\/uploads\/2024\/12\/VapSolo-12000-Puffs-Disposable-Vape-Wholesale-Cheap-Price.jpg 1126w\" sizes=\"(max-width: 600px) 100vw, 600px\" \/><figcaption id=\"caption-attachment-3194\" class=\"wp-caption-text\">VapSolo 12000 Pufuri Vape de unic\u0103 folosin\u021b\u0103 en-gros la pre\u021buri mici<\/figcaption><\/figure>\n<h3>De ce s\u0103 alege\u021bi vapestornado pentru VapSolo Viking 12000 Pufuri Vape en-gros?<\/h3>\n<div class=\"flex-shrink-0 flex flex-col relative items-end\">\n<div class=\"pt-0\">\n<div class=\"gizmo-bot-avatar flex h-8 w-8 items-center justify-center overflow-hidden rounded-full\">\n<div class=\"relative p-1 rounded-sm flex items-center justify-center bg-token-main-surface-primary text-token-text-primary h-8 w-8\">\n<p>Bun venit la vapestornado, magazinul t\u0103u online de \u00eencredere pentru vape-uri de unic\u0103 folosin\u021b\u0103 premium. Cu o experien\u021b\u0103 de peste 5 ani, \u00ee\u021bi aducem branduri populare de vape-uri de unic\u0103 folosin\u021b\u0103, precum Fumot RandM Vape, <a href=\"https:\/\/vapestornado.com\/ro\/product\/vapme-crystal-7000-puffs-rechargeable-disposable-vape-wholesale-cheap-price\/\">Vapme<\/a>, Bang Vape, Waspe Vape \u0219i WGA Vape, etc.<\/p>\n<p>Gama noastr\u0103 include vape-uri populare precum <a href=\"https:\/\/vapestornado.com\/ro\/product\/fumot-randm-tornado-15000-puffs-rechargeable-disposable-vape-wholesale\/\">RandM Tornado 15000<\/a>, \u0219i op\u021biuni bogate \u00een arome, precum <a href=\"https:\/\/vapestornado.com\/ro\/product\/waspe-40000-puffs-double-flavour-led-display-disposable-vape-wholesale\/\">WASPE Arom\u0103 Dubl\u0103 40000 Pufuri<\/a> . Fiecare produs este ales cu accent pe calitate, valoare \u0219i varietate, asigur\u00e2ndu-ne c\u0103 g\u0103se\u0219ti potrivirea perfect\u0103 pentru nevoile tale. Descoper\u0103 servicii excep\u021bionale \u0219i o gam\u0103 larg\u0103 de produse de top cu pre\u021buri de gros la vapestornado.<\/p>\n<\/div>\n<h3><\/h3>\n<div class=\"relative p-1 rounded-sm flex items-center justify-center bg-token-main-surface-primary text-token-text-primary h-8 w-8\">\n<h3>\u00centreb\u0103ri frecvente pentru VapSolo Viking 12k Puff Vape de unic\u0103 folosin\u021b\u0103<\/h3>\n<\/div>\n<\/div>\n<\/div>\n<\/div>\n<div class=\"flex-shrink-0 flex flex-col relative items-end\">\n<div class=\"pt-0\">\n<div class=\"gizmo-bot-avatar flex h-8 w-8 items-center justify-center overflow-hidden rounded-full\">\n<div class=\"relative p-1 rounded-sm flex items-center justify-center bg-token-main-surface-primary text-token-text-primary h-8 w-8\">\n<div class=\"mb-2 flex gap-3 empty:hidden -ml-2\">\n<div role=\"article\" data-tabster=\"{&quot;groupper&quot;:{&quot;tabbability&quot;:2},&quot;focusable&quot;:{}}\" data-content=\"ai-message\" aria-labelledby=\"Vdt5ez4X7Tg813x6rFVha-author Vdt5ez4X7Tg813x6rFVha-content\">\n<div id=\"Vdt5ez4X7Tg813x6rFVha-content\">\n<div role=\"article\" data-tabster=\"{&quot;groupper&quot;:{&quot;tabbability&quot;:2},&quot;focusable&quot;:{}}\" data-content=\"ai-message\" aria-labelledby=\"o968oC7CEo2fGHsGdsRYC-author o968oC7CEo2fGHsGdsRYC-content\">\n<div id=\"o968oC7CEo2fGHsGdsRYC-content\">\n<ol>\n<li><strong>Care este capacitatea de pufuri a VapSolo Viking 12000?<\/strong><br \/>\nSistemul <strong>VapSolo Viking 12000<\/strong> ofer\u0103 p\u00e2n\u0103 la <strong>12.000 de pufuri<\/strong>, asigur\u00e2nd o utilizare extins\u0103 cu \u00eentre\u021binere minim\u0103.<\/li>\n<li><strong>Pot re\u00eenc\u0103rca VapSolo Viking 12000?<\/strong><br \/>\nDa, dispozitivul este echipat cu un <strong>baterie re\u00eenc\u0103rcabil\u0103 de 650mAh<\/strong> \u0219i o <strong>Port de \u00eenc\u0103rcare Type-C<\/strong> pentru o \u00eenc\u0103rcare rapid\u0103 \u0219i eficient\u0103.<\/li>\n<li><strong>Ce niveluri de nicotin\u0103 sunt disponibile?<\/strong><br \/>\nDispozitivul este disponibil \u00een <strong>Op\u021biuni cu nicotin\u0103 sc\u0103zut\u0103 2% \u0219i 5%<\/strong>, r\u0103spunz\u00e2nd unei game largi de preferin\u021be ale utilizatorilor.<\/li>\n<li><strong>Cum func\u021bioneaz\u0103 fluxul de aer reglabil?<\/strong><br \/>\nSistemul <strong>flux de aer reglabil pe 4 niveluri<\/strong> v\u0103 permite s\u0103 comuta\u021bi \u00eentre trageri mai str\u00e2nse \u0219i mai largi, oferindu-v\u0103 control complet asupra stilului dvs. de vaping.<\/li>\n<li><strong>De ce este VapSolo Viking 12000 ideal pentru cump\u0103r\u0103torii angro?<\/strong><br \/>\nCu <strong>num\u0103r mare de pufuri<\/strong>, <strong>afi\u0219aj LCD<\/strong>\u0219i <strong>pre\u021buri accesibile la vrac<\/strong>, este perfect pentru comercian\u021bii cu am\u0103nuntul care doresc s\u0103 aib\u0103 \u00een stoc produse de \u00eenalt\u0103 calitate, bogate \u00een func\u021bii <strong>vape de unic\u0103 folosin\u021b\u0103<\/strong> produse la pre\u021buri competitive.<\/li>\n<\/ol>\n<\/div>\n<\/div>\n<\/div>\n<\/div>\n<\/div>\n<\/div>\n<\/div>\n<\/div>\n<\/div>","protected":false},"excerpt":{"rendered":"<p>VapSolo Viking 12000 Puffs 2% 5% Nicotin\u0103 Redus\u0103 \u021aigar\u0103 Electronic\u0103 De Unic\u0103 Folosin\u021b\u0103 Pre\u021b Cump\u0103rare Vrac<br \/>\nVapSolo Viking 12000 Puffs \u021aigar\u0103 Electronic\u0103 De Unic\u0103 Folosin\u021b\u0103 Re\u00eenc\u0103rcabil\u0103 En-Gros<br \/>\nFabric\u0103 Ieftin\u0103 VapSolo 12000 Puffs 2% 5% Nicotin\u0103 Redus\u0103 \u021aigar\u0103 Electronic\u0103 De Unic\u0103 Folosin\u021b\u0103<\/p>\n<p><strong>Adaug\u0103 whatsapp-ul lui Amy pentru a primi r\u0103spuns imediat \u0219i un cupon de vape!<\/strong><\/p>\n<p><img fetchpriority=\"high\" decoding=\"async\" class=\"size-full wp-image-2932\" src=\"https:\/\/vapestornado.com\/wp-content\/uploads\/2024\/12\/Vape-Wholesale.jpg\" alt=\"\u021aig\u0103ri electronice cu ridicata\" width=\"229\" height=\"300\" \/><\/p>\n<h3><a href=\"https:\/\/wa.me\/8617776015835\"><span style=\"color: #ff0000;\"><strong>WhatsApp: +86 17776015835<\/strong><\/span><\/a><\/h3>\n<p>&nbsp;<\/p>","protected":false},"featured_media":3193,"comment_status":"open","ping_status":"closed","template":"","meta":{"_acf_changed":false,"_uag_custom_page_level_css":"","_lmt_disableupdate":"no","_lmt_disable":"","_monsterinsights_skip_tracking":false,"_monsterinsights_sitenote_active":false,"_monsterinsights_sitenote_note":"","_monsterinsights_sitenote_category":0,"site-sidebar-layout":"default","site-content-layout":"","ast-site-content-layout":"default","site-content-style":"default","site-sidebar-style":"default","ast-global-header-display":"","ast-banner-title-visibility":"","ast-main-header-display":"","ast-hfb-above-header-display":"","ast-hfb-below-header-display":"","ast-hfb-mobile-header-display":"","site-post-title":"","ast-breadcrumbs-content":"","ast-featured-img":"","footer-sml-layout":"","ast-disable-related-posts":"","theme-transparent-header-meta":"default","adv-header-id-meta":"","stick-header-meta":"","header-above-stick-meta":"","header-main-stick-meta":"","header-below-stick-meta":"","astra-migrate-meta-layouts":"set","ast-page-background-enabled":"default","ast-page-background-meta":{"desktop":{"background-color":"","background-image":"","background-repeat":"repeat","background-position":"center center","background-size":"auto","background-attachment":"scroll","background-type":"","background-media":"","overlay-type":"","overlay-color":"","overlay-opacity":"","overlay-gradient":""},"tablet":{"background-color":"","background-image":"","background-repeat":"repeat","background-position":"center center","background-size":"auto","background-attachment":"scroll","background-type":"","background-media":"","overlay-type":"","overlay-color":"","overlay-opacity":"","overlay-gradient":""},"mobile":{"background-color":"","background-image":"","background-repeat":"repeat","background-position":"center center","background-size":"auto","background-attachment":"scroll","background-type":"","background-media":"","overlay-type":"","overlay-color":"","overlay-opacity":"","overlay-gradient":""}},"ast-content-background-meta":{"desktop":{"background-color":"var(--ast-global-color-5)","background-image":"","background-repeat":"repeat","background-position":"center center","background-size":"auto","background-attachment":"scroll","background-type":"","background-media":"","overlay-type":"","overlay-color":"","overlay-opacity":"","overlay-gradient":""},"tablet":{"background-color":"var(--ast-global-color-5)","background-image":"","background-repeat":"repeat","background-position":"center center","background-size":"auto","background-attachment":"scroll","background-type":"","background-media":"","overlay-type":"","overlay-color":"","overlay-opacity":"","overlay-gradient":""},"mobile":{"background-color":"var(--ast-global-color-5)","background-image":"","background-repeat":"repeat","background-position":"center center","background-size":"auto","background-attachment":"scroll","background-type":"","background-media":"","overlay-type":"","overlay-color":"","overlay-opacity":"","overlay-gradient":""}},"_joinchat":{"telephone":"+8617776015835"}},"product_brand":[],"product_cat":[72,149,150,156,144,146,171],"product_tag":[165,97,166,94,139,170,169],"class_list":{"0":"post-3201","1":"product","2":"type-product","3":"status-publish","4":"has-post-thumbnail","6":"product_cat-12000-puff","7":"product_cat-buy-disposable-vapes-in-austria","8":"product_cat-buy-disposable-vapes-in-belgium","9":"product_cat-buy-disposable-vapes-in-poland","10":"product_cat-low-nicotine-disposable-vapes","11":"product_cat-rechargeable-disposable-vapes","12":"product_cat-vapsolo-disposable-vapes","13":"product_tag-cheap-vapes","14":"product_tag-hot-sale-disposable-vape","15":"product_tag-low-nicotine-vape","16":"product_tag-rechargeable-disposable-vape","17":"product_tag-vapsolo","18":"product_tag-vapsolo-viking-12000","19":"product_tag-vasolo-12000","20":"desktop-align-left","21":"tablet-align-left","22":"mobile-align-left","24":"first","25":"instock","26":"sale","27":"shipping-taxable","28":"purchasable","29":"product-type-simple"},"acf":[],"uagb_featured_image_src":{"full":["https:\/\/vapestornado.com\/wp-content\/uploads\/2024\/12\/VapSolo-12000-Puffs-Disposable-Vape-Bulk-Buy-Price.jpg",1126,1126,false],"thumbnail":["https:\/\/vapestornado.com\/wp-content\/uploads\/2024\/12\/VapSolo-12000-Puffs-Disposable-Vape-Bulk-Buy-Price-150x150.jpg",150,150,true],"medium":["https:\/\/vapestornado.com\/wp-content\/uploads\/2024\/12\/VapSolo-12000-Puffs-Disposable-Vape-Bulk-Buy-Price-300x300.jpg",300,300,true],"medium_large":["https:\/\/vapestornado.com\/wp-content\/uploads\/2024\/12\/VapSolo-12000-Puffs-Disposable-Vape-Bulk-Buy-Price-768x768.jpg",768,768,true],"large":["https:\/\/vapestornado.com\/wp-content\/uploads\/2024\/12\/VapSolo-12000-Puffs-Disposable-Vape-Bulk-Buy-Price-1024x1024.jpg",1024,1024,true],"1536x1536":["https:\/\/vapestornado.com\/wp-content\/uploads\/2024\/12\/VapSolo-12000-Puffs-Disposable-Vape-Bulk-Buy-Price.jpg",1126,1126,false],"2048x2048":["https:\/\/vapestornado.com\/wp-content\/uploads\/2024\/12\/VapSolo-12000-Puffs-Disposable-Vape-Bulk-Buy-Price.jpg",1126,1126,false],"trp-custom-language-flag":["https:\/\/vapestornado.com\/wp-content\/uploads\/2024\/12\/VapSolo-12000-Puffs-Disposable-Vape-Bulk-Buy-Price.jpg",12,12,false],"woocommerce_thumbnail":["https:\/\/vapestornado.com\/wp-content\/uploads\/2024\/12\/VapSolo-12000-Puffs-Disposable-Vape-Bulk-Buy-Price-300x300.jpg",300,300,true],"woocommerce_single":["https:\/\/vapestornado.com\/wp-content\/uploads\/2024\/12\/VapSolo-12000-Puffs-Disposable-Vape-Bulk-Buy-Price-600x600.jpg",600,600,true],"woocommerce_gallery_thumbnail":["https:\/\/vapestornado.com\/wp-content\/uploads\/2024\/12\/VapSolo-12000-Puffs-Disposable-Vape-Bulk-Buy-Price-100x100.jpg",100,100,true]},"uagb_author_info":{"display_name":"ESAMY","author_link":"https:\/\/vapestornado.com\/ro\/author\/"},"uagb_comment_info":0,"uagb_excerpt":"VapSolo Viking 12000 Puffs 2% 5% Low Nicotine Disposable VapeBulk Buy Price VapSolo Viking 12000 Puffs Rechargeable Disposable Vape Wholesale Cheap Factory VapSolo 12000 Puffs 2% 5% Low Nicotine Disposable Vape Add Amy's whatsapp get right reply and vape vape coupon! WhatsApp: +86 17776015835 &nbsp;","_links":{"self":[{"href":"https:\/\/vapestornado.com\/ro\/wp-json\/wp\/v2\/product\/3201","targetHints":{"allow":["GET"]}}],"collection":[{"href":"https:\/\/vapestornado.com\/ro\/wp-json\/wp\/v2\/product"}],"about":[{"href":"https:\/\/vapestornado.com\/ro\/wp-json\/wp\/v2\/types\/product"}],"replies":[{"embeddable":true,"href":"https:\/\/vapestornado.com\/ro\/wp-json\/wp\/v2\/comments?post=3201"}],"wp:featuredmedia":[{"embeddable":true,"href":"https:\/\/vapestornado.com\/ro\/wp-json\/wp\/v2\/media\/3193"}],"wp:attachment":[{"href":"https:\/\/vapestornado.com\/ro\/wp-json\/wp\/v2\/media?parent=3201"}],"wp:term":[{"taxonomy":"product_brand","embeddable":true,"href":"https:\/\/vapestornado.com\/ro\/wp-json\/wp\/v2\/product_brand?post=3201"},{"taxonomy":"product_cat","embeddable":true,"href":"https:\/\/vapestornado.com\/ro\/wp-json\/wp\/v2\/product_cat?post=3201"},{"taxonomy":"product_tag","embeddable":true,"href":"https:\/\/vapestornado.com\/ro\/wp-json\/wp\/v2\/product_tag?post=3201"}],"curies":[{"name":"wp","href":"https:\/\/api.w.org\/{rel}","templated":true}]}}