{"id":3179,"date":"2024-12-16T03:01:14","date_gmt":"2024-12-16T03:01:14","guid":{"rendered":"https:\/\/vapestornado.com\/?post_type=product&#038;p=3179"},"modified":"2025-08-23T09:54:56","modified_gmt":"2025-08-23T09:54:56","slug":"china-factory-vapsolo-super-15000-puffs-disposable-wholesale-price-disposable-vape-rechargeable-disposable-vapes-pen-bulk-buy-wholesale","status":"publish","type":"product","link":"https:\/\/vapestornado.com\/ro\/product\/china-factory-vapsolo-super-15000-puffs-disposable-wholesale-price-disposable-vape-rechargeable-disposable-vapes-pen-bulk-buy-wholesale\/","title":{"rendered":"Fabrica China Vapsolo Super 15000 Puffs de unic\u0103 folosin\u021b\u0103 Pre\u021b en-gros Vape de unic\u0103 folosin\u021b\u0103 re\u00eenc\u0103rcabil Pen-uri de vape de unic\u0103 folosin\u021b\u0103 Cump\u0103rare \u00een vrac en-gros"},"content":{"rendered":"<h1 class=\"product-title\">Fabrica China Vapsolo Super 15000 Puffs de unic\u0103 folosin\u021b\u0103 Pre\u021b en-gros Vape de unic\u0103 folosin\u021b\u0103 re\u00eenc\u0103rcabil Pen-uri de vape de unic\u0103 folosin\u021b\u0103 Cump\u0103rare \u00een vrac en-gros<\/h1>\n<p data-start=\"396\" data-end=\"669\">Sistemul <strong data-start=\"400\" data-end=\"445\">Vapsolo Super 15000 Puffs Vape de unic\u0103 folosin\u021b\u0103<\/strong> combin\u0103 capacitatea, performan\u021ba \u0219i personalizarea \u00eentr-un dispozitiv compact. Cu p\u00e2n\u0103 la <strong data-start=\"528\" data-end=\"544\">15.000 de pufuri<\/strong> \u0219i o <strong data-start=\"551\" data-end=\"584\">rezervor de e-lichid pre-umplut de 25 ml<\/strong>, ofer\u0103 satisfac\u021bie de lung\u0103 durat\u0103 at\u00e2t pentru uz personal, c\u00e2t \u0219i pentru cump\u0103r\u0103torii angro.<\/p>\n<p data-start=\"671\" data-end=\"981\">Alimentat de o <strong data-start=\"684\" data-end=\"715\">baterie re\u00eenc\u0103rcabil\u0103 de 650mAh<\/strong> cu <strong data-start=\"721\" data-end=\"745\">\u00eenc\u0103rcare rapid\u0103 de tip C<\/strong>, Super 15K asigur\u0103 o produc\u021bie constant\u0103 \u0219i un timp de nefunc\u021bionare minim. Al s\u0103u <strong data-start=\"813\" data-end=\"843\">flux de aer reglabil pe 4 niveluri<\/strong> permite utilizatorilor s\u0103 aleag\u0103 \u00eentre trageri MTL mai str\u00e2nse sau lovituri mai fine \u0219i deschise, \u00een timp ce <strong data-start=\"922\" data-end=\"935\">rezisten\u021b\u0103 tip mesh<\/strong> \u00eembun\u0103t\u0103\u021be\u0219te livrarea aromei \u0219i densitatea vaporilor.<\/p>\n<p data-start=\"983\" data-end=\"1292\">Disponibil \u00een <strong data-start=\"996\" data-end=\"1020\">op\u021biuni cu con\u021binut sc\u0103zut de nicotin\u0103<\/strong>, modelul <strong data-start=\"1026\" data-end=\"1049\">Vapsolo Super 15000<\/strong> este conceput pentru a satisface diverse preferin\u021be. Combin\u00e2nd caracteristici avansate, o calitate durabil\u0103 a construc\u021biei \u0219i <strong data-start=\"1159\" data-end=\"1180\">pre\u021buri de v\u00e2nzare cu ridicata<\/strong>, este o alegere puternic\u0103 pentru comercian\u021bii cu am\u0103nuntul, distribuitorii \u0219i cump\u0103r\u0103torii en-gros care caut\u0103 vape de unic\u0103 folosin\u021b\u0103 cu cerere mare.<\/p>\n<p><strong>Adaug\u0103 r\u0103spunsul corect de pe Whatsapp al lui Amy \u0219i cuponul de vape!<\/strong><\/p>\n<p><img fetchpriority=\"high\" decoding=\"async\" class=\"size-full wp-image-2932\" src=\"https:\/\/vapestornado.com\/wp-content\/uploads\/2024\/12\/Vape-Wholesale.jpg\" alt=\"\u021aig\u0103ri electronice cu ridicata\" width=\"229\" height=\"300\" \/><\/p>\n<h3><a href=\"https:\/\/wa.me\/8617776015835\" target=\"_blank\" rel=\"noopener\"><span style=\"color: #ff0000;\"><strong>WhatsApp: +86 17776015835<\/strong><\/span><\/a><\/h3>\n<p>&nbsp;<\/p>\n<h2><strong>Caracteristicile produsului Vapsolo Super 15000<\/strong><\/h2>\n<div role=\"article\" data-tabster=\"{&quot;groupper&quot;:{&quot;tabbability&quot;:2},&quot;focusable&quot;:{}}\" data-content=\"ai-message\" aria-labelledby=\"juhNTJ6o7Gk1cgwZMJgv2-author juhNTJ6o7Gk1cgwZMJgv2-content\">\n<div id=\"juhNTJ6o7Gk1cgwZMJgv2-content\">\n<div role=\"article\" data-tabster=\"{&quot;groupper&quot;:{&quot;tabbability&quot;:2},&quot;focusable&quot;:{}}\" data-content=\"ai-message\" aria-labelledby=\"x4EZuCZWrTbh3weWUt7CU-author x4EZuCZWrTbh3weWUt7CU-content\">\n<div id=\"x4EZuCZWrTbh3weWUt7CU-content\">\n<h3><\/h3>\n<ol>\n<li><strong>Capacitate de 15.000 de pufuri:<\/strong> Utilizare de lung\u0103 durat\u0103 pentru o satisfac\u021bie ne\u00eentrerupt\u0103.<\/li>\n<li><strong>Rezervor de e-lichid de 25 ml:<\/strong> Capacitate mare pentru mai pu\u021bine reumpleri \u0219i confort maxim.<\/li>\n<li><strong>Baterie re\u00eenc\u0103rcabil\u0103 de 650mAh:<\/strong> Performan\u021b\u0103 fiabil\u0103 cu \u00eenc\u0103rcare rapid\u0103 Type-C.<\/li>\n<li><strong>Flux de aer reglabil pe 4 niveluri:<\/strong> Tiraj personalizabil pentru o experien\u021b\u0103 de vaping adaptat\u0103.<\/li>\n<li><strong>Tehnologie Mesh Coil:<\/strong> \u00cembun\u0103t\u0103\u021be\u0219te aroma \u0219i ofer\u0103 vapori fini \u0219i constan\u021bi.<\/li>\n<li><strong>Design Compact \u0219i Portabil:<\/strong> U\u0219or de transportat \u0219i utilizat oriunde.<\/li>\n<li><strong>Op\u021biuni Vape cu Nivel Sc\u0103zut de Nicotin\u0103:<\/strong> Perfect pentru cei care caut\u0103 niveluri reduse de nicotin\u0103.<\/li>\n<li><strong>Pre\u021buri angro accesibile:<\/strong> Ideal pentru achizi\u021bii \u00een vrac \u0219i rev\u00e2nzare.<\/li>\n<li><strong>Construc\u021bie Durabil\u0103:<\/strong> Conceput pentru utilizare pe termen lung, f\u0103r\u0103 a compromite calitatea.<\/li>\n<li><strong>Cea Mai Bun\u0103 Marc\u0103 de Vape de Unic\u0103 Folosin\u021b\u0103:<\/strong> O alegere de \u00eencredere pentru vape-uri de unic\u0103 folosin\u021b\u0103 de \u00eenalt\u0103 calitate.<\/li>\n<\/ol>\n<\/div>\n<\/div>\n<\/div>\n<\/div>\n<h2 class=\"product-title\"><strong>Lista de Arome Vapsolo Super 15000 Puffs<\/strong><\/h2>\n<p>1. zmeur\u0103 albastr\u0103<br \/>\n2. afine cu ghea\u021b\u0103<br \/>\n3. m\u0103r dublu<br \/>\n4. Pepene verde cu ghea\u021b\u0103<br \/>\n5. C\u0103p\u0219uni kiwi<br \/>\n6. fructe de p\u0103dure amestecate<br \/>\n7. red bull<br \/>\n8. afine cire\u0219e meri\u0219oare<br \/>\n9. l\u0103m\u00e2ie lime<br \/>\n10.skittles<br \/>\n11.Vis de var\u0103<br \/>\n12.Banana cu c\u0103p\u0219uni<br \/>\n13.Zmeur\u0103 cu pepene verde<br \/>\n14.Cola cu cire\u0219e \u0219i afine<br \/>\n15.Ghea\u021b\u0103 neagr\u0103 Fructul dragonului cu c\u0103p\u0219uni<\/p>\n<h3>De ce s\u0103 alege\u021bi vapestornado pentru Vapsolo Super 15000 Puffs Vape en-gros?<\/h3>\n<div class=\"flex-shrink-0 flex flex-col relative items-end\">\n<div class=\"pt-0\">\n<div class=\"gizmo-bot-avatar flex h-8 w-8 items-center justify-center overflow-hidden rounded-full\">\n<div class=\"relative p-1 rounded-sm flex items-center justify-center bg-token-main-surface-primary text-token-text-primary h-8 w-8\">\n<p>Bun venit la vapestornado, magazinul t\u0103u online de \u00eencredere pentru vape-uri de unic\u0103 folosin\u021b\u0103 premium. Cu o experien\u021b\u0103 de peste 5 ani, \u00ee\u021bi aducem branduri populare de vape-uri de unic\u0103 folosin\u021b\u0103, precum Fumot RandM Vape, <a href=\"https:\/\/vapestornado.com\/ro\/product\/vapme-crystal-7000-puffs-rechargeable-disposable-vape-wholesale-cheap-price\/\">Vapme<\/a>, Bang Vape, Waspe Vape \u0219i WGA Vape, etc.<\/p>\n<p>Gama noastr\u0103 include vape-uri populare precum <a href=\"https:\/\/vapestornado.com\/ro\/product\/fumot-randm-tornado-15000-puffs-rechargeable-disposable-vape-wholesale\/\">RandM Tornado 15000<\/a>, \u0219i op\u021biuni bogate \u00een arome, precum <a href=\"https:\/\/vapestornado.com\/ro\/product\/waspe-40000-puffs-double-flavour-led-display-disposable-vape-wholesale\/\">WASPE Arom\u0103 Dubl\u0103 40000 Pufuri<\/a> . Fiecare produs este ales cu accent pe calitate, valoare \u0219i varietate, asigur\u00e2ndu-ne c\u0103 g\u0103se\u0219ti potrivirea perfect\u0103 pentru nevoile tale. Descoper\u0103 servicii excep\u021bionale \u0219i o gam\u0103 larg\u0103 de produse de top cu pre\u021buri de gros la vapestornado.<\/p>\n<\/div>\n<h3><\/h3>\n<div class=\"relative p-1 rounded-sm flex items-center justify-center bg-token-main-surface-primary text-token-text-primary h-8 w-8\">\n<h3>\u00centreb\u0103ri frecvente pentru Vapsolo Super 15000 Puff Vape de unic\u0103 folosin\u021b\u0103<\/h3>\n<\/div>\n<\/div>\n<\/div>\n<\/div>\n<div class=\"flex-shrink-0 flex flex-col relative items-end\">\n<div class=\"pt-0\">\n<div class=\"gizmo-bot-avatar flex h-8 w-8 items-center justify-center overflow-hidden rounded-full\">\n<div class=\"relative p-1 rounded-sm flex items-center justify-center bg-token-main-surface-primary text-token-text-primary h-8 w-8\">\n<div class=\"mb-2 flex gap-3 empty:hidden -ml-2\">\n<div role=\"article\" data-tabster=\"{&quot;groupper&quot;:{&quot;tabbability&quot;:2},&quot;focusable&quot;:{}}\" data-content=\"ai-message\" aria-labelledby=\"Vdt5ez4X7Tg813x6rFVha-author Vdt5ez4X7Tg813x6rFVha-content\">\n<div id=\"Vdt5ez4X7Tg813x6rFVha-content\">\n<div role=\"article\" data-tabster=\"{&quot;groupper&quot;:{&quot;tabbability&quot;:2},&quot;focusable&quot;:{}}\" data-content=\"ai-message\" aria-labelledby=\"o968oC7CEo2fGHsGdsRYC-author o968oC7CEo2fGHsGdsRYC-content\">\n<div id=\"o968oC7CEo2fGHsGdsRYC-content\">\n<h3><\/h3>\n<ol>\n<li><strong>C\u00e2te pufuri ofer\u0103 Vapsolo Super 15k?<\/strong><br \/>\nSistemul <strong>Vapsolo 15000<\/strong> ofer\u0103 p\u00e2n\u0103 la <strong>15.000 de pufuri<\/strong>, f\u0103c\u00e2ndu-l extrem de durabil \u0219i de lung\u0103 durat\u0103.<\/li>\n<li><strong>Pot personaliza fluxul de aer?<\/strong><br \/>\nDa, are <strong>flux de aer reglabil pe 4 niveluri<\/strong>, permi\u021b\u00e2ndu-v\u0103 s\u0103 adapta\u021bi tragerea la preferin\u021bele dumneavoastr\u0103.<\/li>\n<li><strong>Vapsolo Super 15000 este re\u00eenc\u0103rcabil?<\/strong><br \/>\nAbsolut! Vine cu un <strong>baterie re\u00eenc\u0103rcabil\u0103 de 650mAh<\/strong> si <strong>Port de \u00eenc\u0103rcare Type-C<\/strong> pentru re\u00eenc\u0103rc\u0103ri rapide.<\/li>\n<li><strong>Ce face ca Vapsolo Super 15000 s\u0103 fie potrivit pentru v\u00e2nzarea cu ridicata?<\/strong><br \/>\nAl s\u0103u <strong>pre\u021bul sc\u0103zut<\/strong>, num\u0103rul mare de pufuri \u0219i caracteristicile premium \u00eel fac ideal pentru <strong>vape-uri de unic\u0103 folosin\u021b\u0103 cu ridicata<\/strong> \u0219i cump\u0103r\u0103torii en-gros.<\/li>\n<li><strong>Este Vapsolo Super 15000 o op\u021biune bun\u0103 pentru utilizatorii cu nicotin\u0103 sc\u0103zut\u0103?<\/strong><br \/>\nDa, acest <strong>vape de unic\u0103 folosin\u021b\u0103 cu con\u021binut sc\u0103zut de nicotin\u0103<\/strong> este perfect pentru utilizatorii care caut\u0103 niveluri reduse de nicotin\u0103, bucur\u00e2ndu-se \u00een acela\u0219i timp de o experien\u021b\u0103 de vaping premium.<\/li>\n<\/ol>\n<\/div>\n<\/div>\n<\/div>\n<\/div>\n<\/div>\n<\/div>\n<\/div>\n<\/div>\n<\/div>","protected":false},"excerpt":{"rendered":"<p>Vapsolo Super 15000 pufuri 2% 5% pre\u021b de achizi\u021bie \u00een vrac cu nicotin\u0103 sc\u0103zut\u0103<br \/>\n\u021aigar\u0103 electronic\u0103 de unic\u0103 folosin\u021b\u0103 re\u00eenc\u0103rcabil\u0103 Vapsolo Super 15000 pufuri<br \/>\nFabric\u0103 din China Vapsolo 15000 pufuri \u021bigar\u0103 electronic\u0103 de unic\u0103 folosin\u021b\u0103 cu nicotin\u0103 sc\u0103zut\u0103 2% 5%<\/p>\n<p><strong>Adaug\u0103 whatsapp-ul lui Amy pentru a primi r\u0103spuns imediat \u0219i un cupon de vape!<\/strong><\/p>\n<p><img fetchpriority=\"high\" decoding=\"async\" class=\"size-full wp-image-2932\" src=\"https:\/\/vapestornado.com\/wp-content\/uploads\/2024\/12\/Vape-Wholesale.jpg\" alt=\"\u021aig\u0103ri electronice cu ridicata\" width=\"229\" height=\"300\" \/><\/p>\n<h3><a href=\"https:\/\/wa.me\/8617776015835\"><span style=\"color: #ff0000;\"><strong>WhatsApp: +86 17776015835<\/strong><\/span><\/a><\/h3>\n<p>&nbsp;<\/p>","protected":false},"featured_media":3189,"comment_status":"open","ping_status":"closed","template":"","meta":{"_acf_changed":false,"_uag_custom_page_level_css":"","_lmt_disableupdate":"no","_lmt_disable":"","_monsterinsights_skip_tracking":false,"_monsterinsights_sitenote_active":false,"_monsterinsights_sitenote_note":"","_monsterinsights_sitenote_category":0,"site-sidebar-layout":"default","site-content-layout":"","ast-site-content-layout":"default","site-content-style":"default","site-sidebar-style":"default","ast-global-header-display":"","ast-banner-title-visibility":"","ast-main-header-display":"","ast-hfb-above-header-display":"","ast-hfb-below-header-display":"","ast-hfb-mobile-header-display":"","site-post-title":"","ast-breadcrumbs-content":"","ast-featured-img":"","footer-sml-layout":"","ast-disable-related-posts":"","theme-transparent-header-meta":"default","adv-header-id-meta":"","stick-header-meta":"","header-above-stick-meta":"","header-main-stick-meta":"","header-below-stick-meta":"","astra-migrate-meta-layouts":"set","ast-page-background-enabled":"default","ast-page-background-meta":{"desktop":{"background-color":"","background-image":"","background-repeat":"repeat","background-position":"center center","background-size":"auto","background-attachment":"scroll","background-type":"","background-media":"","overlay-type":"","overlay-color":"","overlay-opacity":"","overlay-gradient":""},"tablet":{"background-color":"","background-image":"","background-repeat":"repeat","background-position":"center center","background-size":"auto","background-attachment":"scroll","background-type":"","background-media":"","overlay-type":"","overlay-color":"","overlay-opacity":"","overlay-gradient":""},"mobile":{"background-color":"","background-image":"","background-repeat":"repeat","background-position":"center center","background-size":"auto","background-attachment":"scroll","background-type":"","background-media":"","overlay-type":"","overlay-color":"","overlay-opacity":"","overlay-gradient":""}},"ast-content-background-meta":{"desktop":{"background-color":"var(--ast-global-color-5)","background-image":"","background-repeat":"repeat","background-position":"center center","background-size":"auto","background-attachment":"scroll","background-type":"","background-media":"","overlay-type":"","overlay-color":"","overlay-opacity":"","overlay-gradient":""},"tablet":{"background-color":"var(--ast-global-color-5)","background-image":"","background-repeat":"repeat","background-position":"center center","background-size":"auto","background-attachment":"scroll","background-type":"","background-media":"","overlay-type":"","overlay-color":"","overlay-opacity":"","overlay-gradient":""},"mobile":{"background-color":"var(--ast-global-color-5)","background-image":"","background-repeat":"repeat","background-position":"center center","background-size":"auto","background-attachment":"scroll","background-type":"","background-media":"","overlay-type":"","overlay-color":"","overlay-opacity":"","overlay-gradient":""}},"_joinchat":{"telephone":"+8617776015835"}},"product_brand":[],"product_cat":[71,140,157,159,143,146,171],"product_tag":[165,97,166,94,139,168,167],"class_list":{"0":"post-3179","1":"product","2":"type-product","3":"status-publish","4":"has-post-thumbnail","6":"product_cat-15000-puff","7":"product_cat-big-puffs-disposable-vapes","8":"product_cat-buy-disposable-vapes-in-portugal","9":"product_cat-buy-disposable-vapes-in-sweden","10":"product_cat-dual-mesh-disposable-vapes","11":"product_cat-rechargeable-disposable-vapes","12":"product_cat-vapsolo-disposable-vapes","13":"product_tag-cheap-vapes","14":"product_tag-hot-sale-disposable-vape","15":"product_tag-low-nicotine-vape","16":"product_tag-rechargeable-disposable-vape","17":"product_tag-vapsolo","18":"product_tag-vapsolo-15000","19":"product_tag-vapsolo-super-15000","20":"desktop-align-left","21":"tablet-align-left","22":"mobile-align-left","24":"first","25":"instock","26":"sale","27":"shipping-taxable","28":"purchasable","29":"product-type-simple"},"acf":[],"uagb_featured_image_src":{"full":["https:\/\/vapestornado.com\/wp-content\/uploads\/2024\/12\/Vapsolo-Super-15000-Puffs-Disposable-Vapes-Bulk-Buy.jpg",1713,1713,false],"thumbnail":["https:\/\/vapestornado.com\/wp-content\/uploads\/2024\/12\/Vapsolo-Super-15000-Puffs-Disposable-Vapes-Bulk-Buy-150x150.jpg",150,150,true],"medium":["https:\/\/vapestornado.com\/wp-content\/uploads\/2024\/12\/Vapsolo-Super-15000-Puffs-Disposable-Vapes-Bulk-Buy-300x300.jpg",300,300,true],"medium_large":["https:\/\/vapestornado.com\/wp-content\/uploads\/2024\/12\/Vapsolo-Super-15000-Puffs-Disposable-Vapes-Bulk-Buy-768x768.jpg",768,768,true],"large":["https:\/\/vapestornado.com\/wp-content\/uploads\/2024\/12\/Vapsolo-Super-15000-Puffs-Disposable-Vapes-Bulk-Buy-1024x1024.jpg",1024,1024,true],"1536x1536":["https:\/\/vapestornado.com\/wp-content\/uploads\/2024\/12\/Vapsolo-Super-15000-Puffs-Disposable-Vapes-Bulk-Buy-1536x1536.jpg",1536,1536,true],"2048x2048":["https:\/\/vapestornado.com\/wp-content\/uploads\/2024\/12\/Vapsolo-Super-15000-Puffs-Disposable-Vapes-Bulk-Buy.jpg",1713,1713,false],"trp-custom-language-flag":["https:\/\/vapestornado.com\/wp-content\/uploads\/2024\/12\/Vapsolo-Super-15000-Puffs-Disposable-Vapes-Bulk-Buy.jpg",12,12,false],"woocommerce_thumbnail":["https:\/\/vapestornado.com\/wp-content\/uploads\/2024\/12\/Vapsolo-Super-15000-Puffs-Disposable-Vapes-Bulk-Buy-300x300.jpg",300,300,true],"woocommerce_single":["https:\/\/vapestornado.com\/wp-content\/uploads\/2024\/12\/Vapsolo-Super-15000-Puffs-Disposable-Vapes-Bulk-Buy-600x600.jpg",600,600,true],"woocommerce_gallery_thumbnail":["https:\/\/vapestornado.com\/wp-content\/uploads\/2024\/12\/Vapsolo-Super-15000-Puffs-Disposable-Vapes-Bulk-Buy-100x100.jpg",100,100,true]},"uagb_author_info":{"display_name":"ESAMY","author_link":"https:\/\/vapestornado.com\/ro\/author\/"},"uagb_comment_info":0,"uagb_excerpt":"Vapsolo Super 15000 Puffs 2% 5% Low Nicotine Bulk Buy Price Vapsolo Super 15000 Puffs Rechargeable Disposable Vape China Factory Vapsolo 15000 Puffs 2% 5% Low Nicotine Disposable Vape Add Amy's whatsapp get right reply and vape vape coupon! WhatsApp: +86 17776015835 &nbsp;","_links":{"self":[{"href":"https:\/\/vapestornado.com\/ro\/wp-json\/wp\/v2\/product\/3179","targetHints":{"allow":["GET"]}}],"collection":[{"href":"https:\/\/vapestornado.com\/ro\/wp-json\/wp\/v2\/product"}],"about":[{"href":"https:\/\/vapestornado.com\/ro\/wp-json\/wp\/v2\/types\/product"}],"replies":[{"embeddable":true,"href":"https:\/\/vapestornado.com\/ro\/wp-json\/wp\/v2\/comments?post=3179"}],"wp:featuredmedia":[{"embeddable":true,"href":"https:\/\/vapestornado.com\/ro\/wp-json\/wp\/v2\/media\/3189"}],"wp:attachment":[{"href":"https:\/\/vapestornado.com\/ro\/wp-json\/wp\/v2\/media?parent=3179"}],"wp:term":[{"taxonomy":"product_brand","embeddable":true,"href":"https:\/\/vapestornado.com\/ro\/wp-json\/wp\/v2\/product_brand?post=3179"},{"taxonomy":"product_cat","embeddable":true,"href":"https:\/\/vapestornado.com\/ro\/wp-json\/wp\/v2\/product_cat?post=3179"},{"taxonomy":"product_tag","embeddable":true,"href":"https:\/\/vapestornado.com\/ro\/wp-json\/wp\/v2\/product_tag?post=3179"}],"curies":[{"name":"wp","href":"https:\/\/api.w.org\/{rel}","templated":true}]}}