{"id":3177,"date":"2024-12-16T02:49:21","date_gmt":"2024-12-16T02:49:21","guid":{"rendered":"https:\/\/vapestornado.com\/?post_type=product&#038;p=3177"},"modified":"2025-08-23T09:58:57","modified_gmt":"2025-08-23T09:58:57","slug":"vapsolo-dg-18000-puffs-smart-screen-wholesale-disposable-cheap-vapes","status":"publish","type":"product","link":"https:\/\/vapestornado.com\/ro\/product\/vapsolo-dg-18000-puffs-smart-screen-wholesale-disposable-cheap-vapes\/","title":{"rendered":"Vapsolo DG 18000 Puffs Ecran Inteligent Vape-uri de Unic\u0103 Folosin\u021b\u0103 Ieftine, En-Gros"},"content":{"rendered":"<h1 class=\"product-title\">Vapsolo DG 18000 Puffs Ecran Inteligent Vape-uri de Unic\u0103 Folosin\u021b\u0103 Ieftine, En-Gros<\/h1>\n<p>Sistemul <strong>Vapsolo DG 18000 Puffs Ecran Inteligent Vape-uri de Unic\u0103 Folosin\u021b\u0103 Ieftine<\/strong>\u00a0redefine\u0219te confortul \u0219i performan\u021ba \u00een vaping. Cu o capacitate masiv\u0103 de <strong>18.000 de pufuri<\/strong>, acest <strong>vape de unic\u0103 folosin\u021b\u0103<\/strong> stilou ofer\u0103 longevitate \u0219i calitate de neegalat, f\u0103c\u00e2ndu-l un <strong>vape la v\u00e2nzare fierbinte<\/strong> de top pe pia\u021b\u0103. Proiectat cu un <strong>ecran inteligent<\/strong>, v\u0103 \u021bine la curent cu durata de via\u021b\u0103 a bateriei \u0219i statisticile de utilizare, \u00een timp ce <strong>flux de aer reglabil<\/strong> permite vaping personalizat. The <strong>Mod Inteligent<\/strong> optimizeaz\u0103 automat set\u0103rile pentru vaping f\u0103r\u0103 efort, \u00een timp ce <strong>Modul Boost<\/strong> ofer\u0103 o lovitur\u0103 intens\u0103 pentru pasiona\u021bii de arome. Alimentat de un <strong>baterie re\u00eenc\u0103rcabil\u0103 de 650mAh<\/strong> cu \u00eenc\u0103rcare rapid\u0103 Type-C, acest dispozitiv este perfect pentru utilizatorii care caut\u0103 eficien\u021b\u0103 \u0219i performan\u021b\u0103. Cump\u0103r\u0103torii en-gros beneficiaz\u0103 de pre\u021buri competitive, <strong>vape en-gros<\/strong> f\u0103c\u00e2ndu-l o alegere excelent\u0103 pentru <strong>Vapsolo en-gros<\/strong>.<\/p>\n<p><strong>Adaug\u0103 r\u0103spunsul corect de pe Whatsapp al lui Amy \u0219i cuponul de vape!<\/strong><\/p>\n<p><img fetchpriority=\"high\" decoding=\"async\" class=\"size-full wp-image-2932\" src=\"https:\/\/vapestornado.com\/wp-content\/uploads\/2024\/12\/Vape-Wholesale.jpg\" alt=\"\u021aig\u0103ri electronice cu ridicata\" width=\"229\" height=\"300\" \/><\/p>\n<h3><a href=\"https:\/\/wa.me\/8617776015835\" target=\"_blank\" rel=\"noopener\"><span style=\"color: #ff0000;\"><strong>WhatsApp: +86 17776015835<\/strong><\/span><\/a><\/h3>\n<p>&nbsp;<\/p>\n<h2><strong>Caracteristicile produsului Vapsolo DG 18000<\/strong><\/h2>\n<div role=\"article\" data-tabster=\"{&quot;groupper&quot;:{&quot;tabbability&quot;:2},&quot;focusable&quot;:{}}\" data-content=\"ai-message\" aria-labelledby=\"juhNTJ6o7Gk1cgwZMJgv2-author juhNTJ6o7Gk1cgwZMJgv2-content\">\n<div id=\"juhNTJ6o7Gk1cgwZMJgv2-content\">\n<div role=\"article\" data-tabster=\"{&quot;groupper&quot;:{&quot;tabbability&quot;:2},&quot;focusable&quot;:{}}\" data-content=\"ai-message\" aria-labelledby=\"x4EZuCZWrTbh3weWUt7CU-author x4EZuCZWrTbh3weWUt7CU-content\">\n<div id=\"x4EZuCZWrTbh3weWUt7CU-content\">\n<h3><\/h3>\n<ol>\n<li><strong>18.000 de Pufuri:<\/strong> Performan\u021b\u0103 de lung\u0103 durat\u0103 pentru o pl\u0103cere extins\u0103.<\/li>\n<li><strong>Ecran inteligent:<\/strong> Monitoriza\u021bi cu u\u0219urin\u021b\u0103 durata de via\u021b\u0103 a bateriei \u0219i utilizarea.<\/li>\n<li><strong>Flux de aer reglabil:<\/strong> Personaliza\u021bi-v\u0103 tragerea pentru lovitura perfect\u0103.<\/li>\n<li><strong>Moduri duale:<\/strong> Alege\u021bi \u00eentre modul inteligent pentru u\u0219urin\u021b\u0103 \u0219i modul Boost pentru intensitate.<\/li>\n<li><strong>Baterie re\u00eenc\u0103rcabil\u0103:<\/strong> Baterie de 650mAh cu \u00eenc\u0103rcare de tip C pentru re\u00eenc\u0103rc\u0103ri rapide.<\/li>\n<li><strong>Capacitate mare de e-lichid:<\/strong> Capacitate generoas\u0103 pentru mai pu\u021bine reumpleri.<\/li>\n<li><strong>Construc\u021bie de calitate:<\/strong> Designul durabil, rezistent la scurgeri, asigur\u0103 o experien\u021b\u0103 f\u0103r\u0103 probleme.<\/li>\n<li><strong>Op\u021biuni de Nicotin\u0103:<\/strong> Disponibil \u00een <strong>vape de unic\u0103 folosin\u021b\u0103 cu con\u021binut sc\u0103zut de nicotin\u0103<\/strong> puncte forte.<\/li>\n<li><strong>Design elegant:<\/strong> Compact \u0219i ergonomic pentru portabilitate.<\/li>\n<li><strong>Pre\u021buri en-gros:<\/strong> Ideal pentru cump\u0103r\u0103torii en-gros cu pre\u021buri rentabile.<\/li>\n<\/ol>\n<\/div>\n<\/div>\n<\/div>\n<\/div>\n<h2 class=\"product-title\"><strong>Lista de arome Vapsolo DG 18000 Puffs<\/strong><\/h2>\n<p>1. Piersic\u0103 mango ananas<br \/>\n2. Fructul pasiunii kiwi ghea\u021b\u0103<br \/>\n3. Afine cire\u0219e meri\u0219oare<br \/>\n4. Pepene verde cu ghea\u021b\u0103<br \/>\n5. C\u0103p\u0219uni kiwi<br \/>\n6. L\u0103m\u00e2ie lime<br \/>\n7. C\u0103p\u0219uni banane<br \/>\n8. Redbull<br \/>\n9. Fructe de p\u0103dure amestecate<br \/>\n10.prime c\u0103p\u0219uni pepene verde<\/p>\n<h3>De ce s\u0103 alege\u021bi vapestornado pentru Vapsolo DG 18000 Puffs Vape en-gros?<\/h3>\n<div class=\"flex-shrink-0 flex flex-col relative items-end\">\n<div class=\"pt-0\">\n<div class=\"gizmo-bot-avatar flex h-8 w-8 items-center justify-center overflow-hidden rounded-full\">\n<div class=\"relative p-1 rounded-sm flex items-center justify-center bg-token-main-surface-primary text-token-text-primary h-8 w-8\">\n<p>Bun venit la vapestornado, magazinul t\u0103u online de \u00eencredere pentru vape-uri de unic\u0103 folosin\u021b\u0103 premium. Cu o experien\u021b\u0103 de peste 5 ani, \u00ee\u021bi aducem branduri populare de vape-uri de unic\u0103 folosin\u021b\u0103, precum Fumot RandM Vape, <a href=\"https:\/\/vapestornado.com\/ro\/product\/vapme-crystal-7000-puffs-rechargeable-disposable-vape-wholesale-cheap-price\/\">Vapme<\/a>, Bang Vape, Waspe Vape \u0219i WGA Vape, etc.<\/p>\n<p>Gama noastr\u0103 include vape-uri populare precum <a href=\"https:\/\/vapestornado.com\/ro\/product\/fumot-randm-tornado-15000-puffs-rechargeable-disposable-vape-wholesale\/\">RandM Tornado 15000<\/a>, \u0219i op\u021biuni bogate \u00een arome, precum <a href=\"https:\/\/vapestornado.com\/ro\/product\/waspe-40000-puffs-double-flavour-led-display-disposable-vape-wholesale\/\">WASPE Arom\u0103 Dubl\u0103 40000 Pufuri<\/a> . Fiecare produs este ales cu accent pe calitate, valoare \u0219i varietate, asigur\u00e2ndu-ne c\u0103 g\u0103se\u0219ti potrivirea perfect\u0103 pentru nevoile tale. Descoper\u0103 servicii excep\u021bionale \u0219i o gam\u0103 larg\u0103 de produse de top cu pre\u021buri de gros la vapestornado.<\/p>\n<\/div>\n<h3><\/h3>\n<div class=\"relative p-1 rounded-sm flex items-center justify-center bg-token-main-surface-primary text-token-text-primary h-8 w-8\">\n<h3>\u00centreb\u0103ri frecvente pentru Vapsolo DG 18k Puffs Puff Vape de unic\u0103 folosin\u021b\u0103<\/h3>\n<\/div>\n<\/div>\n<\/div>\n<\/div>\n<div class=\"flex-shrink-0 flex flex-col relative items-end\">\n<div class=\"pt-0\">\n<div class=\"gizmo-bot-avatar flex h-8 w-8 items-center justify-center overflow-hidden rounded-full\">\n<div class=\"relative p-1 rounded-sm flex items-center justify-center bg-token-main-surface-primary text-token-text-primary h-8 w-8\">\n<div class=\"mb-2 flex gap-3 empty:hidden -ml-2\">\n<div role=\"article\" data-tabster=\"{&quot;groupper&quot;:{&quot;tabbability&quot;:2},&quot;focusable&quot;:{}}\" data-content=\"ai-message\" aria-labelledby=\"Vdt5ez4X7Tg813x6rFVha-author Vdt5ez4X7Tg813x6rFVha-content\">\n<div id=\"Vdt5ez4X7Tg813x6rFVha-content\">\n<div role=\"article\" data-tabster=\"{&quot;groupper&quot;:{&quot;tabbability&quot;:2},&quot;focusable&quot;:{}}\" data-content=\"ai-message\" aria-labelledby=\"o968oC7CEo2fGHsGdsRYC-author o968oC7CEo2fGHsGdsRYC-content\">\n<div id=\"o968oC7CEo2fGHsGdsRYC-content\">\n<h3><\/h3>\n<ol>\n<li><strong>Ce este VapSolo DG18000?<\/strong><br \/>\nSistemul <strong>VapSolo DG18000<\/strong> este de mare capacitate <strong>vape de unic\u0103 folosin\u021b\u0103<\/strong> oferind <strong>18.000 de pufuri<\/strong>, un afi\u0219aj inteligent \u0219i func\u021bionalitate re\u00eenc\u0103rcabil\u0103.<\/li>\n<li><strong>Cum func\u021bioneaz\u0103 modul inteligent?<\/strong><br \/>\n<strong>Mod Inteligent<\/strong> optimizeaz\u0103 automat set\u0103rile pentru o experien\u021b\u0103 de vaping lin\u0103 \u0219i f\u0103r\u0103 efort, pe baza obiceiurilor dvs. de utilizare.<\/li>\n<li><strong>Ce este Modul Boost?<\/strong><br \/>\n<strong>Modul Boost<\/strong> ofer\u0103 un hit mai puternic \u0219i mai intens pentru utilizatorii care prefer\u0103 o arom\u0103 mai \u00eendr\u0103znea\u021b\u0103 \u0219i o produc\u021bie de vapori mai mare.<\/li>\n<li><strong>VapSolo DG18000 este re\u00eenc\u0103rcabil?<\/strong><br \/>\nDa, are un <strong>baterie de 650 mAh<\/strong> care poate fi re\u00eenc\u0103rcat rapid folosind portul de \u00eenc\u0103rcare Type-C.<\/li>\n<li><strong>De ce s\u0103 alege\u021bi VapSolo DG18000 pentru v\u00e2nzare cu ridicata?<\/strong><br \/>\nCu durabilitatea sa, num\u0103rul mare de pufuri \u0219i pre\u021bul competitiv <strong>vape en-gros<\/strong> este o alegere excelent\u0103 pentru comercian\u021bii cu am\u0103nuntul \u0219i cump\u0103r\u0103torii en-gros.<\/li>\n<\/ol>\n<\/div>\n<\/div>\n<\/div>\n<\/div>\n<p>&nbsp;<\/p>\n<\/div>\n<\/div>\n<\/div>\n<\/div>\n<\/div>\n<div class=\"group\/conversation-turn relative flex w-full min-w-0 flex-col agent-turn\">\n<div class=\"flex-col gap-1 md:gap-3\">\n<div class=\"flex max-w-full flex-col flex-grow\">\n<div class=\"min-h-8 text-message flex w-full flex-col items-end gap-2 whitespace-normal break-words [.text-message+&amp;]:mt-5\" dir=\"auto\" data-message-author-role=\"assistant\" data-message-id=\"db716a1c-9ed0-4b8d-b3b0-7bdb913c3d42\" data-message-model-slug=\"gpt-4o\">\n<div class=\"flex w-full flex-col gap-1 empty:hidden first:pt-[3px]\">\n<div class=\"markdown prose w-full break-words dark:prose-invert light\">\n<p>&nbsp;<\/p>\n<\/div>\n<\/div>\n<\/div>\n<\/div>\n<\/div>\n<\/div>","protected":false},"excerpt":{"rendered":"<p>Vapsolo DG 18000 \u021aig\u0103ri electronice de unic\u0103 folosin\u021b\u0103 cu ecran inteligent, en-gros<br \/>\nVapsolo DG 18000 Puffs 2% 5% Nicotin\u0103 redus\u0103 Vapori cump\u0103rare \u00een vrac<br \/>\nVapsolo DG18000 Puffs 2% 5% Nicotin\u0103 redus\u0103 \u021aigar\u0103 electronic\u0103 de unic\u0103 folosin\u021b\u0103 re\u00eenc\u0103rcabil\u0103<\/p>\n<p><strong>Adaug\u0103 whatsapp-ul lui Amy pentru a primi r\u0103spuns imediat \u0219i un cupon de vape!<\/strong><\/p>\n<p><img fetchpriority=\"high\" decoding=\"async\" class=\"size-full wp-image-2932\" src=\"https:\/\/vapestornado.com\/wp-content\/uploads\/2024\/12\/Vape-Wholesale.jpg\" alt=\"\u021aig\u0103ri electronice cu ridicata\" width=\"229\" height=\"300\" \/><\/p>\n<h3><a href=\"https:\/\/wa.me\/8617776015835\"><span style=\"color: #ff0000;\"><strong>WhatsApp: +86 17776015835<\/strong><\/span><\/a><\/h3>\n<p>&nbsp;<\/p>","protected":false},"featured_media":3173,"comment_status":"open","ping_status":"closed","template":"","meta":{"_acf_changed":false,"_uag_custom_page_level_css":"","_lmt_disableupdate":"no","_lmt_disable":"","_monsterinsights_skip_tracking":false,"_monsterinsights_sitenote_active":false,"_monsterinsights_sitenote_note":"","_monsterinsights_sitenote_category":0,"site-sidebar-layout":"default","site-content-layout":"","ast-site-content-layout":"default","site-content-style":"default","site-sidebar-style":"default","ast-global-header-display":"","ast-banner-title-visibility":"","ast-main-header-display":"","ast-hfb-above-header-display":"","ast-hfb-below-header-display":"","ast-hfb-mobile-header-display":"","site-post-title":"","ast-breadcrumbs-content":"","ast-featured-img":"","footer-sml-layout":"","ast-disable-related-posts":"","theme-transparent-header-meta":"default","adv-header-id-meta":"","stick-header-meta":"","header-above-stick-meta":"","header-main-stick-meta":"","header-below-stick-meta":"","astra-migrate-meta-layouts":"set","ast-page-background-enabled":"default","ast-page-background-meta":{"desktop":{"background-color":"","background-image":"","background-repeat":"repeat","background-position":"center center","background-size":"auto","background-attachment":"scroll","background-type":"","background-media":"","overlay-type":"","overlay-color":"","overlay-opacity":"","overlay-gradient":""},"tablet":{"background-color":"","background-image":"","background-repeat":"repeat","background-position":"center center","background-size":"auto","background-attachment":"scroll","background-type":"","background-media":"","overlay-type":"","overlay-color":"","overlay-opacity":"","overlay-gradient":""},"mobile":{"background-color":"","background-image":"","background-repeat":"repeat","background-position":"center center","background-size":"auto","background-attachment":"scroll","background-type":"","background-media":"","overlay-type":"","overlay-color":"","overlay-opacity":"","overlay-gradient":""}},"ast-content-background-meta":{"desktop":{"background-color":"var(--ast-global-color-5)","background-image":"","background-repeat":"repeat","background-position":"center center","background-size":"auto","background-attachment":"scroll","background-type":"","background-media":"","overlay-type":"","overlay-color":"","overlay-opacity":"","overlay-gradient":""},"tablet":{"background-color":"var(--ast-global-color-5)","background-image":"","background-repeat":"repeat","background-position":"center center","background-size":"auto","background-attachment":"scroll","background-type":"","background-media":"","overlay-type":"","overlay-color":"","overlay-opacity":"","overlay-gradient":""},"mobile":{"background-color":"var(--ast-global-color-5)","background-image":"","background-repeat":"repeat","background-position":"center center","background-size":"auto","background-attachment":"scroll","background-type":"","background-media":"","overlay-type":"","overlay-color":"","overlay-opacity":"","overlay-gradient":""}},"_joinchat":{"telephone":"+8617776015835"}},"product_brand":[],"product_cat":[70,150,154,157,142,144,171],"product_tag":[97,94,139,162,161],"class_list":{"0":"post-3177","1":"product","2":"type-product","3":"status-publish","4":"has-post-thumbnail","6":"product_cat-18000-puff","7":"product_cat-buy-disposable-vapes-in-belgium","8":"product_cat-buy-disposable-vapes-in-netherlands","9":"product_cat-buy-disposable-vapes-in-portugal","10":"product_cat-digital-box-disposable-vapes","11":"product_cat-low-nicotine-disposable-vapes","12":"product_cat-vapsolo-disposable-vapes","13":"product_tag-hot-sale-disposable-vape","14":"product_tag-rechargeable-disposable-vape","15":"product_tag-vapsolo","16":"product_tag-vapsolo-18000","17":"product_tag-vapsolo-dg-18000-puffs","18":"desktop-align-left","19":"tablet-align-left","20":"mobile-align-left","22":"first","23":"instock","24":"sale","25":"shipping-taxable","26":"purchasable","27":"product-type-simple"},"acf":[],"uagb_featured_image_src":{"full":["https:\/\/vapestornado.com\/wp-content\/uploads\/2024\/12\/Vapsolo-DG-18000-Puffs-Smart-Screen-Wholesale-Disposable-Vape.jpg",1126,1126,false],"thumbnail":["https:\/\/vapestornado.com\/wp-content\/uploads\/2024\/12\/Vapsolo-DG-18000-Puffs-Smart-Screen-Wholesale-Disposable-Vape-150x150.jpg",150,150,true],"medium":["https:\/\/vapestornado.com\/wp-content\/uploads\/2024\/12\/Vapsolo-DG-18000-Puffs-Smart-Screen-Wholesale-Disposable-Vape-300x300.jpg",300,300,true],"medium_large":["https:\/\/vapestornado.com\/wp-content\/uploads\/2024\/12\/Vapsolo-DG-18000-Puffs-Smart-Screen-Wholesale-Disposable-Vape-768x768.jpg",768,768,true],"large":["https:\/\/vapestornado.com\/wp-content\/uploads\/2024\/12\/Vapsolo-DG-18000-Puffs-Smart-Screen-Wholesale-Disposable-Vape-1024x1024.jpg",1024,1024,true],"1536x1536":["https:\/\/vapestornado.com\/wp-content\/uploads\/2024\/12\/Vapsolo-DG-18000-Puffs-Smart-Screen-Wholesale-Disposable-Vape.jpg",1126,1126,false],"2048x2048":["https:\/\/vapestornado.com\/wp-content\/uploads\/2024\/12\/Vapsolo-DG-18000-Puffs-Smart-Screen-Wholesale-Disposable-Vape.jpg",1126,1126,false],"trp-custom-language-flag":["https:\/\/vapestornado.com\/wp-content\/uploads\/2024\/12\/Vapsolo-DG-18000-Puffs-Smart-Screen-Wholesale-Disposable-Vape.jpg",12,12,false],"woocommerce_thumbnail":["https:\/\/vapestornado.com\/wp-content\/uploads\/2024\/12\/Vapsolo-DG-18000-Puffs-Smart-Screen-Wholesale-Disposable-Vape-300x300.jpg",300,300,true],"woocommerce_single":["https:\/\/vapestornado.com\/wp-content\/uploads\/2024\/12\/Vapsolo-DG-18000-Puffs-Smart-Screen-Wholesale-Disposable-Vape-600x600.jpg",600,600,true],"woocommerce_gallery_thumbnail":["https:\/\/vapestornado.com\/wp-content\/uploads\/2024\/12\/Vapsolo-DG-18000-Puffs-Smart-Screen-Wholesale-Disposable-Vape-100x100.jpg",100,100,true]},"uagb_author_info":{"display_name":"ESAMY","author_link":"https:\/\/vapestornado.com\/ro\/author\/"},"uagb_comment_info":0,"uagb_excerpt":"Vapsolo DG 18000 Smart Screen Wholesale Disposable Vape Vapsolo DG 18000 Puffs 2% 5% Low Nicotine Bulk Buy Vapes Vapsolo DG18000 Puffs 2% 5% Low Nicotine Rechargeable Disposable Vape Add Amy's whatsapp get right reply and vape vape coupon! WhatsApp: +86 17776015835 &nbsp;","_links":{"self":[{"href":"https:\/\/vapestornado.com\/ro\/wp-json\/wp\/v2\/product\/3177","targetHints":{"allow":["GET"]}}],"collection":[{"href":"https:\/\/vapestornado.com\/ro\/wp-json\/wp\/v2\/product"}],"about":[{"href":"https:\/\/vapestornado.com\/ro\/wp-json\/wp\/v2\/types\/product"}],"replies":[{"embeddable":true,"href":"https:\/\/vapestornado.com\/ro\/wp-json\/wp\/v2\/comments?post=3177"}],"wp:featuredmedia":[{"embeddable":true,"href":"https:\/\/vapestornado.com\/ro\/wp-json\/wp\/v2\/media\/3173"}],"wp:attachment":[{"href":"https:\/\/vapestornado.com\/ro\/wp-json\/wp\/v2\/media?parent=3177"}],"wp:term":[{"taxonomy":"product_brand","embeddable":true,"href":"https:\/\/vapestornado.com\/ro\/wp-json\/wp\/v2\/product_brand?post=3177"},{"taxonomy":"product_cat","embeddable":true,"href":"https:\/\/vapestornado.com\/ro\/wp-json\/wp\/v2\/product_cat?post=3177"},{"taxonomy":"product_tag","embeddable":true,"href":"https:\/\/vapestornado.com\/ro\/wp-json\/wp\/v2\/product_tag?post=3177"}],"curies":[{"name":"wp","href":"https:\/\/api.w.org\/{rel}","templated":true}]}}