{"id":3171,"date":"2024-12-14T09:23:10","date_gmt":"2024-12-14T09:23:10","guid":{"rendered":"https:\/\/vapestornado.com\/?post_type=product&#038;p=3171"},"modified":"2025-08-23T10:02:23","modified_gmt":"2025-08-23T10:02:23","slug":"waspe-40000-puffs-double-flavor-rechargeable-vape-cheap-price","status":"publish","type":"product","link":"https:\/\/vapestornado.com\/ro\/product\/waspe-40000-puffs-double-flavor-rechargeable-vape-cheap-price\/","title":{"rendered":"WASPE 40000 Puffs Vape re\u00eenc\u0103rcabil cu arom\u0103 dubl\u0103 Pre\u021b ieftin"},"content":{"rendered":"<h1>WASPE 40000 Puffs Vape re\u00eenc\u0103rcabil cu arom\u0103 dubl\u0103 Pre\u021b ieftin<\/h1>\n<p>&nbsp;<\/p>\n<div role=\"article\" data-tabster=\"{&quot;groupper&quot;:{&quot;tabbability&quot;:2},&quot;focusable&quot;:{}}\" data-content=\"ai-message\" aria-labelledby=\"64JRvXrTnY7mRmPkEQLLT-author 64JRvXrTnY7mRmPkEQLLT-content\">\n<div id=\"64JRvXrTnY7mRmPkEQLLT-content\">\n<p>WASPE 40000 Pufuri Vape Re\u00eenc\u0103rcabil cu Arom\u0103 Dubl\u0103 combin\u0103 tehnologia avansat\u0103 cu o livrare remarcabil\u0103 a aromei. Proiectat pentru utilizare extins\u0103, WASPE VAPES ofer\u0103 p\u00e2n\u0103 la 40.000 de pufuri, asigur\u00e2nd o satisfac\u021bie de lung\u0103 durat\u0103. Bobinele duble de plas\u0103 de 0,9\u03a9 ofer\u0103 vapori fini, corpolen\u021bi, cu o intensitate a aromei \u00eembun\u0103t\u0103\u021bit\u0103 \u0219i o senza\u021bie satisf\u0103c\u0103toare \u00een g\u00e2t. Capacitatea sa de 36 ml de e-lichid reduce nevoia de reumpleri frecvente, \u00een timp ce bateria re\u00eenc\u0103rcabil\u0103 de 850mAh asigur\u0103 o performan\u021b\u0103 fiabil\u0103. Func\u021bia de \u00eenc\u0103rcare rapid\u0103 Type-C men\u021bine timpul de nefunc\u021bionare la minimum. Afi\u0219ajul LED inteligent ofer\u0103 actualiz\u0103ri \u00een timp real asupra nivelurilor bateriei \u0219i ale e-lichidului pentru un plus de confort. Cu un sistem cu arom\u0103 dubl\u0103, utilizatorii pot comuta f\u0103r\u0103 efort \u00eentre dou\u0103 arome distincte, \u00eembun\u0103t\u0103\u021bind experien\u021ba de vaping. Disponibil \u00een concentra\u021bii de nicotin\u0103 de 2% \u0219i 5% \u0219i 16 arome unice, se potrive\u0219te at\u00e2t vaperilor noi, c\u00e2t \u0219i celor experimenta\u021bi. Alege\u021bi WASPE FIHP 40000 Pufuri Vape pentru caracteristici de ultim\u0103 or\u0103, design elegant \u0219i o experien\u021b\u0103 de vaping premium adaptat\u0103 preferin\u021belor dumneavoastr\u0103.<\/p>\n<\/div>\n<\/div>\n<p><img fetchpriority=\"high\" decoding=\"async\" class=\"alignnone size-medium wp-image-4245\" src=\"https:\/\/vapestornado.com\/wp-content\/uploads\/2024\/12\/Waspe-DOUBLE-FLAVOUR-40k-Vape-Cheap-Price-300x300.jpg\" alt=\"\" width=\"300\" height=\"300\" srcset=\"https:\/\/vapestornado.com\/wp-content\/uploads\/2024\/12\/Waspe-DOUBLE-FLAVOUR-40k-Vape-Cheap-Price-300x300.jpg 300w, https:\/\/vapestornado.com\/wp-content\/uploads\/2024\/12\/Waspe-DOUBLE-FLAVOUR-40k-Vape-Cheap-Price-1024x1024.jpg 1024w, https:\/\/vapestornado.com\/wp-content\/uploads\/2024\/12\/Waspe-DOUBLE-FLAVOUR-40k-Vape-Cheap-Price-150x150.jpg 150w, https:\/\/vapestornado.com\/wp-content\/uploads\/2024\/12\/Waspe-DOUBLE-FLAVOUR-40k-Vape-Cheap-Price-768x768.jpg 768w, https:\/\/vapestornado.com\/wp-content\/uploads\/2024\/12\/Waspe-DOUBLE-FLAVOUR-40k-Vape-Cheap-Price-12x12.jpg 12w, https:\/\/vapestornado.com\/wp-content\/uploads\/2024\/12\/Waspe-DOUBLE-FLAVOUR-40k-Vape-Cheap-Price-600x600.jpg 600w, https:\/\/vapestornado.com\/wp-content\/uploads\/2024\/12\/Waspe-DOUBLE-FLAVOUR-40k-Vape-Cheap-Price-100x100.jpg 100w, https:\/\/vapestornado.com\/wp-content\/uploads\/2024\/12\/Waspe-DOUBLE-FLAVOUR-40k-Vape-Cheap-Price.jpg 1500w\" sizes=\"(max-width: 300px) 100vw, 300px\" \/><\/p>\n<p><img decoding=\"async\" class=\"wp-image-2951\" src=\"https:\/\/vapestornado.com\/wp-content\/uploads\/2024\/12\/Wholesale-Disposable-Vape-265x300.jpg\" alt=\"Vape de unic\u0103 folosin\u021b\u0103 en-gros\" width=\"295\" height=\"334\" srcset=\"https:\/\/vapestornado.com\/wp-content\/uploads\/2024\/12\/Wholesale-Disposable-Vape-265x300.jpg 265w, https:\/\/vapestornado.com\/wp-content\/uploads\/2024\/12\/Wholesale-Disposable-Vape-768x871.jpg 768w, https:\/\/vapestornado.com\/wp-content\/uploads\/2024\/12\/Wholesale-Disposable-Vape-600x680.jpg 600w, https:\/\/vapestornado.com\/wp-content\/uploads\/2024\/12\/Wholesale-Disposable-Vape.jpg 823w\" sizes=\"(max-width: 295px) 100vw, 295px\" \/><\/p>\n<h6>V\u0103 rug\u0103m s\u0103 contacta\u021bi WhatsApp-ul lui Mandy pentru pre\u021b redus<a href=\"https:\/\/wa.me\/8618077105796\" target=\"_blank\" rel=\"noopener\">+8618077105796<\/a><\/h6>\n<p>&nbsp;<\/p>\n<h2><strong>WASPE 40000 Pufuri Vape-uri de Unic\u0103 Folosin\u021b\u0103 Specifica\u021bii<\/strong><\/h2>\n<ul>\n<li><strong>Concentra\u021bie Nicotin\u0103<\/strong>: Disponibil \u00een op\u021biunile de 2% \u0219i 5% pentru o experien\u021b\u0103 de vaping personalizat\u0103.<\/li>\n<li><strong>Capacitate Pufuri<\/strong>: P\u00e2n\u0103 la 40.000 de pufuri, ideal pentru utilizare extins\u0103 cu \u00eenlocuiri minime.<\/li>\n<li><strong>Capacitate E-lichid<\/strong>: Pre-umplut cu 36 ml de suc premium de vape pentru sesiuni de lung\u0103 durat\u0103.<\/li>\n<li><strong>Bobine Avansate de Plas\u0103<\/strong>: Bobinele duble de plas\u0103 de 0,9\u03a9 ofer\u0103 vapori fini, boga\u021bi \u0219i o arom\u0103 \u00eembun\u0103t\u0103\u021bit\u0103.<\/li>\n<li><strong>Re\u00eenc\u0103rcabil Type-C<\/strong>: \u00cenc\u0103rcarea rapid\u0103 \u0219i eficient\u0103 Type-C minimizeaz\u0103 timpul de nefunc\u021bionare.<\/li>\n<li><strong>Capacitate Baterie<\/strong>: Bateria re\u00eenc\u0103rcabil\u0103 robust\u0103 de 850mAh asigur\u0103 o performan\u021b\u0103 consistent\u0103.<\/li>\n<li><strong>Afi\u0219aj LED Inteligent<\/strong>: Actualiz\u0103ri \u00een timp real ale nivelului bateriei \u0219i al e-lichidului pentru o utilizare perfect\u0103.<\/li>\n<li><strong>Tehnologie Dual Flavor<\/strong>: Comuta\u021bi \u00eentre dou\u0103 arome distincte pentru o experien\u021b\u0103 de vaping dinamic\u0103 \u0219i personalizat\u0103.<\/li>\n<\/ul>\n<h2><strong>Lista de arome WASPE Tornado Vape 40k Puffs:<\/strong><\/h2>\n<p class=\"selectable-text copyable-text x15bjb6t x1n2onr6\" dir=\"ltr\"><span class=\"selectable-text copyable-text false\">1. Pepene Verde cu Ghea\u021b\u0103<\/span><\/p>\n<p class=\"selectable-text copyable-text x15bjb6t x1n2onr6\" dir=\"ltr\"><span class=\"selectable-text copyable-text false x1sdyfia xss6m8b\">2.<\/span><span class=\"selectable-text copyable-text false\"> Cire\u0219e Efervescente cu Ghea\u021b\u0103<\/span><\/p>\n<p class=\"selectable-text copyable-text x15bjb6t x1n2onr6\" dir=\"ltr\"><span class=\"selectable-text copyable-text false x1sdyfia xss6m8b\">3.<\/span><span class=\"selectable-text copyable-text false\"> C\u0103p\u0219uni \u0219i Pepene Verde<\/span><\/p>\n<p class=\"selectable-text copyable-text x15bjb6t x1n2onr6\" dir=\"ltr\"><span class=\"selectable-text copyable-text false x1sdyfia xss6m8b\">4.<\/span><span class=\"selectable-text copyable-text false\"> Red Bull cu Ghea\u021b\u0103<\/span><\/p>\n<p class=\"selectable-text copyable-text x15bjb6t x1n2onr6\" dir=\"ltr\"><span class=\"selectable-text copyable-text false x1sdyfia xss6m8b\">5.<\/span><span class=\"selectable-text copyable-text false\"> Piersic\u0103 cu Ghea\u021b\u0103<\/span><\/p>\n<p class=\"selectable-text copyable-text x15bjb6t x1n2onr6\" dir=\"ltr\"><span class=\"selectable-text copyable-text false x1sdyfia xss6m8b\">6.<\/span><span class=\"selectable-text copyable-text false\"> Struguri cu Ghea\u021b\u0103<\/span><\/p>\n<p class=\"selectable-text copyable-text x15bjb6t x1n2onr6\" dir=\"ltr\"><span class=\"selectable-text copyable-text false x1sdyfia xss6m8b\">7.<\/span><span class=\"selectable-text copyable-text false\"> Limonad\u0103 cu Zmeur\u0103 Albastr\u0103<\/span><\/p>\n<p class=\"selectable-text copyable-text x15bjb6t x1n2onr6\" dir=\"ltr\"><span class=\"selectable-text copyable-text false x1sdyfia xss6m8b\">8.<\/span><span class=\"selectable-text copyable-text false\"> Fructe de P\u0103dure Mixte<\/span><\/p>\n<p class=\"selectable-text copyable-text x15bjb6t x1n2onr6\" dir=\"ltr\"><span class=\"selectable-text copyable-text false x1sdyfia xss6m8b\">9.<\/span><span class=\"selectable-text copyable-text false\"> C\u0103p\u0219uni, Zmeur\u0103 \u0219i Cire\u0219e<\/span><\/p>\n<p class=\"selectable-text copyable-text x15bjb6t x1n2onr6\" dir=\"ltr\"><span class=\"selectable-text copyable-text false x1sdyfia xss6m8b\">10.<\/span><span class=\"selectable-text copyable-text false\"> C\u0103p\u0219uni \u0219i Banane<\/span><\/p>\n<p class=\"selectable-text copyable-text x15bjb6t x1n2onr6\" dir=\"ltr\"><span class=\"selectable-text copyable-text false x1sdyfia xss6m8b\">11.<\/span><span class=\"selectable-text copyable-text false\"> Gum\u0103 de Mestecat cu C\u0103p\u0219uni \u0219i Pepene Verde<\/span><\/p>\n<p class=\"selectable-text copyable-text x15bjb6t x1n2onr6\" dir=\"ltr\"><span class=\"selectable-text copyable-text false x1sdyfia xss6m8b\">12.<\/span><span class=\"selectable-text copyable-text false\"> Cola cu Cire\u0219e \u0219i Ghea\u021b\u0103<\/span><\/p>\n<p class=\"selectable-text copyable-text x15bjb6t x1n2onr6\" dir=\"ltr\"><span class=\"selectable-text copyable-text false x1sdyfia xss6m8b\">13.<\/span><span class=\"selectable-text copyable-text false\"> Zmeur\u0103 \u0219i Mere Acri\u0219oare<\/span><\/p>\n<p class=\"selectable-text copyable-text x15bjb6t x1n2onr6\" dir=\"ltr\"><span class=\"selectable-text copyable-text false x1sdyfia xss6m8b\">14.<\/span><span class=\"selectable-text copyable-text false\"> Piersici \u0219i Fructe de P\u0103dure<\/span><\/p>\n<p class=\"selectable-text copyable-text x15bjb6t x1n2onr6\" dir=\"ltr\"><span class=\"selectable-text copyable-text false x1sdyfia xss6m8b\">15.<\/span><span class=\"selectable-text copyable-text false\"> Blueberry Ice<\/span><\/p>\n<p class=\"selectable-text copyable-text x15bjb6t x1n2onr6\" dir=\"ltr\"><span class=\"selectable-text copyable-text false x1sdyfia xss6m8b\">16.<\/span><span class=\"selectable-text copyable-text false\"> C\u0103p\u0219uni \u0219i Cire\u0219e<\/span><\/p>\n<div role=\"article\" data-tabster=\"{&quot;groupper&quot;:{&quot;tabbability&quot;:2},&quot;focusable&quot;:{}}\" data-content=\"ai-message\" aria-labelledby=\"dARUyEWDoEYhnSPXFwx5A-author dARUyEWDoEYhnSPXFwx5A-content\">\n<div id=\"dARUyEWDoEYhnSPXFwx5A-content\">\n<h2><strong>De ce s\u0103 alege\u021bi Pod-urile Vape WASPE 40k Puffs de la vapestornado.com?<\/strong><\/h2>\n<ul>\n<li><strong>Longevitate Inegalabil\u0103<\/strong>: Cu un num\u0103r impresionant de 40.000 de pufuri, WASPE 40K este perfect pentru vaperii care caut\u0103 o utilizare extins\u0103 f\u0103r\u0103 \u00eenlocuiri frecvente.<\/li>\n<li><strong>Tehnologie Avansat\u0103 de Vapat<\/strong>: Dispun\u00e2nd de bobine duble de tip mesh de 0,9\u03a9, acest dispozitiv asigur\u0103 vapori fini \u0219i plini de arom\u0103 la fiecare puf, oferind o experien\u021b\u0103 de vapat premium.<\/li>\n<li><strong>Capacitate Masiv\u0103 de E-Lichid<\/strong>: Pre-umplut cu 36 ml de suc de vapat de \u00eenalt\u0103 calitate, este conceput pentru sesiuni ne\u00eentrerupte \u0219i de lung\u0103 durat\u0103.<\/li>\n<li><strong>Re\u00eenc\u0103rcare Convenabil\u0103<\/strong>: Echipat cu o baterie re\u00eenc\u0103rcabil\u0103 de 850mAh de tip C, WASPE 40000 pufuri ofer\u0103 o putere fiabil\u0103 \u0219i o \u00eenc\u0103rcare rapid\u0103, asigur\u00e2ndu-v\u0103 c\u0103 sunte\u021bi \u00eentotdeauna gata de vapat.<\/li>\n<li><strong>Caracteristic\u0103 Inovatoare Dual Flavor<\/strong>: Bucura\u021bi-v\u0103 de dou\u0103 arome \u00eentr-un singur dispozitiv, oferind o experien\u021b\u0103 de vapat personalizabil\u0103 \u0219i dinamic\u0103, adaptat\u0103 preferin\u021belor dumneavoastr\u0103.<\/li>\n<li><strong>Design U\u0219or de Utilizat<\/strong>: Ecranul LED inteligent v\u0103 \u021bine la curent cu nivelurile bateriei \u0219i ale e-lichidului, ad\u0103ug\u00e2nd un plus de confort rutinei dumneavoastr\u0103 de vapat.<\/li>\n<li><strong>Op\u021biuni flexibile de nicotin\u0103<\/strong>: Disponibil \u00een concentra\u021bii de nicotin\u0103 de 2% \u0219i 5%, adres\u00e2ndu-se at\u00e2t vaperilor \u00eencep\u0103tori, c\u00e2t \u0219i celor experimenta\u021bi.<\/li>\n<li><strong>Serviciul Premium vapestornado<\/strong>: Cump\u0103r\u0103turile de pe vapestornado.com \u00eenseamn\u0103 acces la produse autentice, pre\u021buri competitive \u0219i asisten\u021b\u0103 excep\u021bional\u0103 pentru clien\u021bi.<\/li>\n<\/ul>\n<\/div>\n<\/div>\n<h2>\u00centreb\u0103ri frecvente despre <strong>WASPE 40K Puffs Pre\u021b en-gros vape-uri re\u00eenc\u0103rcabile<\/strong><\/h2>\n<p><strong>\u00ce1: Cum \u00eemi urm\u0103resc comanda WASPE VAPES 40k Puffs?<\/strong><br \/>\nR: Odat\u0103 ce comanda dumneavoastr\u0103 este expediat\u0103, ve\u021bi primi un num\u0103r de urm\u0103rire prin e-mail pentru a monitoriza progresul livr\u0103rii.<\/p>\n<p><strong>\u00ce2: Care este timpul estimat de livrare pentru WASPE 40000 PUFF?<\/strong><br \/>\nR: Comenzile expediate din China dureaz\u0103 de obicei 7-14 zile lucr\u0103toare, \u00een timp ce comenzile din depozitele europene ajung \u00een 3-6 zile lucr\u0103toare.<\/p>\n<p><strong>\u00ce3: Pot ob\u021bine o livrare mai rapid\u0103?<\/strong><br \/>\nR: Pentru o expediere mai rapid\u0103, lua\u021bi \u00een considerare comandarea produselor aflate \u00een stoc \u00een depozitele noastre europene.<\/p>\n<p><strong>\u00ce4: Pot alege arome specifice pentru WASPE FIHP VAPE 40000 PUFFS?<\/strong><br \/>\nR: Aromele sunt de obicei aranjate aleatoriu, dar pute\u021bi l\u0103sa o not\u0103 la finalizarea comenzii cu preferin\u021bele dumneavoastr\u0103 \u0219i vom face tot posibilul s\u0103 ne adapt\u0103m.<\/p>\n<p><strong>\u00ce5: Expedia\u021bi WASPE 40000 puffs la nivel interna\u021bional?<\/strong><br \/>\nR: Da, livr\u0103m \u00een majoritatea \u021b\u0103rilor din \u00eentreaga lume \u0219i ne ocup\u0103m de v\u0103muire.<\/p>\n<p><strong>\u00ce6: Cum pot contacta serviciul clien\u021bi?<\/strong><br \/>\nR: Contacta\u021bi-ne prin e-mail, WhatsApp sau chat live pe site-ul nostru web pentru asisten\u021b\u0103 prompt\u0103.<\/p>","protected":false},"excerpt":{"rendered":"<ul>\n<li><strong>Ob\u021bine\u021bi WASPE FIHP 40000 Pufuri Vape Re\u00eenc\u0103rcabil la Pre\u021buri Imbatabile<\/strong><\/li>\n<li><strong>Oferte Angro la WASPE FIHP 40K Pufuri Vape \u2013 Economisi\u021bi Masiv la Comenzile En Gros<\/strong><\/li>\n<li><strong>Cump\u0103ra\u021bi WASPE 40000 Pufuri Vape cu Arom\u0103 Dual\u0103 \u2013 Caracteristici Avansate, Pre\u021buri Accesibile<\/strong><\/li>\n<\/ul>\n<figure id=\"attachment_2951\" aria-describedby=\"caption-attachment-2951\" style=\"width: 265px\" class=\"wp-caption alignnone\"><img decoding=\"async\" class=\"size-medium wp-image-2951\" src=\"https:\/\/vapestornado.com\/wp-content\/uploads\/2024\/12\/Wholesale-Disposable-Vape-265x300.jpg\" alt=\"Vape de unic\u0103 folosin\u021b\u0103 en-gros\" width=\"265\" height=\"300\" srcset=\"https:\/\/vapestornado.com\/wp-content\/uploads\/2024\/12\/Wholesale-Disposable-Vape-265x300.jpg 265w, https:\/\/vapestornado.com\/wp-content\/uploads\/2024\/12\/Wholesale-Disposable-Vape-768x871.jpg 768w, https:\/\/vapestornado.com\/wp-content\/uploads\/2024\/12\/Wholesale-Disposable-Vape-600x680.jpg 600w, https:\/\/vapestornado.com\/wp-content\/uploads\/2024\/12\/Wholesale-Disposable-Vape.jpg 823w\" sizes=\"(max-width: 265px) 100vw, 265px\" \/><figcaption id=\"caption-attachment-2951\" class=\"wp-caption-text\">V\u0103 rug\u0103m s\u0103 contacta\u021bi WhatsApp-ul lui Mandy pentru pre\u021b redus\u00a0 <a href=\"https:\/\/wa.me\/8618077105796\">+8618077105796<\/a><\/figcaption><\/figure>\n<p>&nbsp;<\/p>","protected":false},"featured_media":4245,"comment_status":"open","ping_status":"closed","template":"","meta":{"_acf_changed":false,"_uag_custom_page_level_css":"","_lmt_disableupdate":"no","_lmt_disable":"","_monsterinsights_skip_tracking":false,"_monsterinsights_sitenote_active":false,"_monsterinsights_sitenote_note":"","_monsterinsights_sitenote_category":0,"site-sidebar-layout":"default","site-content-layout":"","ast-site-content-layout":"default","site-content-style":"default","site-sidebar-style":"default","ast-global-header-display":"","ast-banner-title-visibility":"","ast-main-header-display":"","ast-hfb-above-header-display":"","ast-hfb-below-header-display":"","ast-hfb-mobile-header-display":"","site-post-title":"","ast-breadcrumbs-content":"","ast-featured-img":"","footer-sml-layout":"","ast-disable-related-posts":"","theme-transparent-header-meta":"default","adv-header-id-meta":"","stick-header-meta":"","header-above-stick-meta":"","header-main-stick-meta":"","header-below-stick-meta":"","astra-migrate-meta-layouts":"set","ast-page-background-enabled":"default","ast-page-background-meta":{"desktop":{"background-color":"","background-image":"","background-repeat":"repeat","background-position":"center center","background-size":"auto","background-attachment":"scroll","background-type":"","background-media":"","overlay-type":"","overlay-color":"","overlay-opacity":"","overlay-gradient":""},"tablet":{"background-color":"","background-image":"","background-repeat":"repeat","background-position":"center center","background-size":"auto","background-attachment":"scroll","background-type":"","background-media":"","overlay-type":"","overlay-color":"","overlay-opacity":"","overlay-gradient":""},"mobile":{"background-color":"","background-image":"","background-repeat":"repeat","background-position":"center center","background-size":"auto","background-attachment":"scroll","background-type":"","background-media":"","overlay-type":"","overlay-color":"","overlay-opacity":"","overlay-gradient":""}},"ast-content-background-meta":{"desktop":{"background-color":"var(--ast-global-color-5)","background-image":"","background-repeat":"repeat","background-position":"center center","background-size":"auto","background-attachment":"scroll","background-type":"","background-media":"","overlay-type":"","overlay-color":"","overlay-opacity":"","overlay-gradient":""},"tablet":{"background-color":"var(--ast-global-color-5)","background-image":"","background-repeat":"repeat","background-position":"center center","background-size":"auto","background-attachment":"scroll","background-type":"","background-media":"","overlay-type":"","overlay-color":"","overlay-opacity":"","overlay-gradient":""},"mobile":{"background-color":"var(--ast-global-color-5)","background-image":"","background-repeat":"repeat","background-position":"center center","background-size":"auto","background-attachment":"scroll","background-type":"","background-media":"","overlay-type":"","overlay-color":"","overlay-opacity":"","overlay-gradient":""}},"_joinchat":{"telephone":"+8618077105796"}},"product_brand":[],"product_cat":[65,149,153,156,157,158,60],"product_tag":[97,89],"class_list":{"0":"post-3171","1":"product","2":"type-product","3":"status-publish","4":"has-post-thumbnail","6":"product_cat-40000-puff","7":"product_cat-buy-disposable-vapes-in-austria","8":"product_cat-buy-disposable-vapes-in-italy","9":"product_cat-buy-disposable-vapes-in-poland","10":"product_cat-buy-disposable-vapes-in-portugal","11":"product_cat-buy-disposable-vapes-in-spain","12":"product_cat-waspe-fihp-vape","13":"product_tag-hot-sale-disposable-vape","14":"product_tag-waspe-40000-puffs","15":"desktop-align-left","16":"tablet-align-left","17":"mobile-align-left","19":"first","20":"instock","21":"sale","22":"shipping-taxable","23":"purchasable","24":"product-type-simple"},"acf":[],"uagb_featured_image_src":{"full":["https:\/\/vapestornado.com\/wp-content\/uploads\/2024\/12\/Waspe-DOUBLE-FLAVOUR-40k-Vape-Cheap-Price.jpg",1500,1500,false],"thumbnail":["https:\/\/vapestornado.com\/wp-content\/uploads\/2024\/12\/Waspe-DOUBLE-FLAVOUR-40k-Vape-Cheap-Price-150x150.jpg",150,150,true],"medium":["https:\/\/vapestornado.com\/wp-content\/uploads\/2024\/12\/Waspe-DOUBLE-FLAVOUR-40k-Vape-Cheap-Price-300x300.jpg",300,300,true],"medium_large":["https:\/\/vapestornado.com\/wp-content\/uploads\/2024\/12\/Waspe-DOUBLE-FLAVOUR-40k-Vape-Cheap-Price-768x768.jpg",768,768,true],"large":["https:\/\/vapestornado.com\/wp-content\/uploads\/2024\/12\/Waspe-DOUBLE-FLAVOUR-40k-Vape-Cheap-Price-1024x1024.jpg",1024,1024,true],"1536x1536":["https:\/\/vapestornado.com\/wp-content\/uploads\/2024\/12\/Waspe-DOUBLE-FLAVOUR-40k-Vape-Cheap-Price.jpg",1500,1500,false],"2048x2048":["https:\/\/vapestornado.com\/wp-content\/uploads\/2024\/12\/Waspe-DOUBLE-FLAVOUR-40k-Vape-Cheap-Price.jpg",1500,1500,false],"trp-custom-language-flag":["https:\/\/vapestornado.com\/wp-content\/uploads\/2024\/12\/Waspe-DOUBLE-FLAVOUR-40k-Vape-Cheap-Price-12x12.jpg",12,12,true],"woocommerce_thumbnail":["https:\/\/vapestornado.com\/wp-content\/uploads\/2024\/12\/Waspe-DOUBLE-FLAVOUR-40k-Vape-Cheap-Price-300x300.jpg",300,300,true],"woocommerce_single":["https:\/\/vapestornado.com\/wp-content\/uploads\/2024\/12\/Waspe-DOUBLE-FLAVOUR-40k-Vape-Cheap-Price-600x600.jpg",600,600,true],"woocommerce_gallery_thumbnail":["https:\/\/vapestornado.com\/wp-content\/uploads\/2024\/12\/Waspe-DOUBLE-FLAVOUR-40k-Vape-Cheap-Price-100x100.jpg",100,100,true]},"uagb_author_info":{"display_name":"ESMANDY","author_link":"https:\/\/vapestornado.com\/ro\/author\/"},"uagb_comment_info":0,"uagb_excerpt":"Get WASPE FIHP 40000 Puff Rechargeable Vape at Unbeatable Prices Wholesale Deals on WASPE FIHP 40K Puffs Vapes \u2013 Save Big on Bulk Orders Shop WASPE 40000 Puffs Dual Flavor Vape \u2013 Advanced Features, Affordable Prices [caption id=\"attachment_2951\" align=\"alignnone\" width=\"265\"] Pls Contact Mandy's WhatsApp For Discount Price\u00a0 +8618077105796[\/caption] &nbsp;","_links":{"self":[{"href":"https:\/\/vapestornado.com\/ro\/wp-json\/wp\/v2\/product\/3171","targetHints":{"allow":["GET"]}}],"collection":[{"href":"https:\/\/vapestornado.com\/ro\/wp-json\/wp\/v2\/product"}],"about":[{"href":"https:\/\/vapestornado.com\/ro\/wp-json\/wp\/v2\/types\/product"}],"replies":[{"embeddable":true,"href":"https:\/\/vapestornado.com\/ro\/wp-json\/wp\/v2\/comments?post=3171"}],"wp:featuredmedia":[{"embeddable":true,"href":"https:\/\/vapestornado.com\/ro\/wp-json\/wp\/v2\/media\/4245"}],"wp:attachment":[{"href":"https:\/\/vapestornado.com\/ro\/wp-json\/wp\/v2\/media?parent=3171"}],"wp:term":[{"taxonomy":"product_brand","embeddable":true,"href":"https:\/\/vapestornado.com\/ro\/wp-json\/wp\/v2\/product_brand?post=3171"},{"taxonomy":"product_cat","embeddable":true,"href":"https:\/\/vapestornado.com\/ro\/wp-json\/wp\/v2\/product_cat?post=3171"},{"taxonomy":"product_tag","embeddable":true,"href":"https:\/\/vapestornado.com\/ro\/wp-json\/wp\/v2\/product_tag?post=3171"}],"curies":[{"name":"wp","href":"https:\/\/api.w.org\/{rel}","templated":true}]}}