{"id":3107,"date":"2024-12-13T02:59:26","date_gmt":"2024-12-13T02:59:26","guid":{"rendered":"https:\/\/vapestornado.com\/?post_type=product&#038;p=3107"},"modified":"2025-08-22T10:31:24","modified_gmt":"2025-08-22T10:31:24","slug":"randm-tornado-music-30000-puffs-fumot-bulk-sale-disposable","status":"publish","type":"product","link":"https:\/\/vapestornado.com\/ro\/product\/randm-tornado-music-30000-puffs-fumot-bulk-sale-disposable\/","title":{"rendered":"Randm Tornado Music 30000 Fumot V\u00e2nzare \u00een vrac \u021aigar\u0103 electronic\u0103 de unic\u0103 folosin\u021b\u0103"},"content":{"rendered":"<h1>Randm Tornado Music 30000 Puffs Fumot V\u00e2nzare \u00een vrac de Vape de unic\u0103 folosin\u021b\u0103<\/h1>\n<p data-start=\"293\" data-end=\"626\">Sistemul <strong data-start=\"297\" data-end=\"364\">Randm Tornado Music 30000 Puffs Fumot V\u00e2nzare \u00een vrac de Vape de unic\u0103 folosin\u021b\u0103<\/strong> este conceput pentru vaperii care doresc performan\u021b\u0103 de lung\u0103 durat\u0103 \u0219i comoditate. Cu un impresionant <strong data-start=\"458\" data-end=\"482\">Capacitate de 30.000 de pufuri<\/strong>, un <strong data-start=\"486\" data-end=\"517\">re\u00eenc\u0103rcabil\u0103 de 600mAh<\/strong>, \u0219i avansat\u0103 <strong data-start=\"532\" data-end=\"569\">tehnologie de flux de aer cu bobin\u0103 de plas\u0103 de 1.0\u03a9<\/strong>, ofer\u0103 vapori fini \u0219i consisten\u021bi la fiecare inhalare.<\/p>\n<p data-start=\"628\" data-end=\"848\">Compact \u0219i elegant, Tornado Music 30K este u\u0219or de transportat \u0219i ideal pentru vapat pe tot parcursul zilei. Pre-umplut cu o gam\u0103 larg\u0103 de <strong data-start=\"750\" data-end=\"771\">30 de arome unice<\/strong>, ofer\u0103 ceva pentru fiecare preferin\u021b\u0103 de gust\u2014de la amestecuri fructate la cele cu ghea\u021b\u0103.<\/p>\n<p data-start=\"850\" data-end=\"1048\">Pentru angrosi\u0219ti \u0219i comercian\u021bi cu am\u0103nuntul, <strong data-start=\"885\" data-end=\"920\">Vape-ul de unic\u0103 folosin\u021b\u0103 Fumot Randm 30k<\/strong> combin\u0103 capacitatea ridicat\u0103, o recunoa\u0219tere puternic\u0103 a m\u0103rcii \u0219i valoarea v\u00e2nz\u0103rilor \u00een vrac, f\u0103c\u00e2ndu-l o alegere profitabil\u0103 pentru pia\u021ba din Rom\u00e2nia.<\/p>\n<p><img fetchpriority=\"high\" decoding=\"async\" class=\"wp-image-3114 alignleft\" src=\"https:\/\/vapestornado.com\/wp-content\/uploads\/2024\/12\/Randm-tornado-vape-30000-puffs.jpg\" alt=\"Vape tornado Randm 30000 pufuri pre\u021b de en-gros\" width=\"559\" height=\"559\" srcset=\"https:\/\/vapestornado.com\/wp-content\/uploads\/2024\/12\/Randm-tornado-vape-30000-puffs.jpg 800w, https:\/\/vapestornado.com\/wp-content\/uploads\/2024\/12\/Randm-tornado-vape-30000-puffs-300x300.jpg 300w, https:\/\/vapestornado.com\/wp-content\/uploads\/2024\/12\/Randm-tornado-vape-30000-puffs-150x150.jpg 150w, https:\/\/vapestornado.com\/wp-content\/uploads\/2024\/12\/Randm-tornado-vape-30000-puffs-768x768.jpg 768w, https:\/\/vapestornado.com\/wp-content\/uploads\/2024\/12\/Randm-tornado-vape-30000-puffs-600x600.jpg 600w, https:\/\/vapestornado.com\/wp-content\/uploads\/2024\/12\/Randm-tornado-vape-30000-puffs-100x100.jpg 100w\" sizes=\"(max-width: 559px) 100vw, 559px\" \/><\/p>\n<p style=\"padding-left: 40px;\">\u00a0<img decoding=\"async\" class=\"wp-image-3124 alignleft\" src=\"https:\/\/vapestornado.com\/wp-content\/uploads\/2024\/12\/LYN-whatsapp-846x1024.jpg\" alt=\"WhatsApp LYN\" width=\"290\" height=\"351\" srcset=\"https:\/\/vapestornado.com\/wp-content\/uploads\/2024\/12\/LYN-whatsapp-846x1024.jpg 846w, https:\/\/vapestornado.com\/wp-content\/uploads\/2024\/12\/LYN-whatsapp-248x300.jpg 248w, https:\/\/vapestornado.com\/wp-content\/uploads\/2024\/12\/LYN-whatsapp-768x930.jpg 768w, https:\/\/vapestornado.com\/wp-content\/uploads\/2024\/12\/LYN-whatsapp-600x726.jpg 600w, https:\/\/vapestornado.com\/wp-content\/uploads\/2024\/12\/LYN-whatsapp.jpg 1046w\" sizes=\"(max-width: 290px) 100vw, 290px\" \/><\/p>\n<p><em><strong><span style=\"color: #ff0000;\">Contacteaz\u0103-m\u0103 scan\u00e2nd acest cod pentru a afla mai multe despre pufuri<\/span><\/strong><\/em><\/p>\n<p><em><strong>Whatsapp\uff1a<a href=\"https:\/\/wa.me\/8617840853976\" target=\"_blank\" rel=\"noopener\">+86178 4085 3976<\/a><\/strong><\/em><\/p>\n<p>&nbsp;<\/p>\n<h2><\/h2>\n<h2><strong>Puncte forte ale produsului pentru 30k Music Fumot Vape.<br \/>\n<\/strong><\/h2>\n<p>(1) baterie\uff1a<span style=\"color: #ff0000;\">600mAh<\/span> re\u00eenc\u0103rcabil\u0103 pentru a asigura o putere de lung\u0103 durat\u0103.<\/p>\n<p>(2) Nicotin\u0103\uff1aofer\u0103 <span style=\"color: #ff0000;\">2%TP3T\/5%TP3T nicotin\u0103<\/span> pentru a alege pentru utilizatori diferi\u021bi.<\/p>\n<p>(3) Puffs: ofer\u0103<span style=\"color: #ff0000;\">30000 de pufuri<\/span>, poate fi folosit timp \u00eendelungat \u0219i f\u0103r\u0103 a fi nevoie de \u00eenlocuire frecvent\u0103.<\/p>\n<p>(4) <span style=\"color: #ff0000;\">30 de arome<\/span>: se pot alege mai multe arome, iar 50 de buc\u0103\u021bi pot alege cel pu\u021bin 5 arome.<\/p>\n<p>(5) Port de \u00eenc\u0103rcare:<span style=\"color: #ff0000;\">Tip-C<\/span> interfa\u021b\u0103 de \u00eenc\u0103rcare rapid\u0103, suport\u0103 func\u021bia de \u00eenc\u0103rcare.<\/p>\n<p>(6) <span style=\"color: #ff0000;\">Lumin\u0103 Muzical\u0103<\/span>: Lumina de la Randm 30k se va schimba \u00een sincron cu muzica atunci c\u00e2nd este \u00een uz, cre\u00e2nd o experien\u021b\u0103 de vapat \u00eembun\u0103t\u0103\u021bit\u0103.<\/p>\n<h2><strong>Ce arome sunt disponibile pentru vapa de unic\u0103 folosin\u021b\u0103 30k Fumot?<br \/>\n<\/strong><\/h2>\n<p><em><span style=\"color: #000000;\"><strong>1. Ghea\u021b\u0103 de banan\u0103: <\/strong><\/span><\/em>Un amestec fin de banane coapte cu un final r\u0103coritor de ghea\u021b\u0103.<br \/>\n<span style=\"color: #000000;\"><strong><em>2. Ghea\u021b\u0103 neagr\u0103:<\/em> <\/strong><\/span>Coac\u0103ze negre \u00eendr\u0103zne\u021be cu o not\u0103 r\u0103coritoare de mentol.<br \/>\n<em><strong><span style=\"color: #000000;\">3. Ghea\u021b\u0103 Razz albastru:<\/span> <\/strong><\/em>Zmeur\u0103 albastr\u0103 dulce \u0219i acri\u0219oar\u0103 cu un final \u00eenghe\u021bat.<br \/>\n<em><strong><span style=\"color: #000000;\">4. Afine pe ghea\u021b\u0103:<\/span><\/strong> <\/em>Afine suculente combinate cu o briz\u0103 de mentol r\u0103coritoare.<br \/>\n<em><strong><span style=\"color: #000000;\">5. Afine Zmeur\u0103:<\/span><\/strong><\/em> Un amestec delicios de afine dulci \u0219i zmeur\u0103 acri\u0219oar\u0103.<br \/>\n<em><strong><span style=\"color: #000000;\">6. Afine Zmeur\u0103 Acri\u0219oar\u0103:<\/span> <\/strong><\/em>Afine \u0219i zmeur\u0103 cu o not\u0103 acri\u0219oar\u0103.<br \/>\n<em><strong><span style=\"color: #000000;\">7. Cire\u0219e Ghea\u021b\u0103:<\/span> <\/strong><\/em>Cire\u0219e dulci cu o not\u0103 r\u0103coritoare de ghea\u021b\u0103.<br \/>\n<em><strong><span style=\"color: #000000;\">8. Cirea\u0219\u0103 Cola:<\/span> <\/strong><\/em>Arom\u0103 clasic\u0103 de cola cu o not\u0103 de cirea\u0219\u0103.<br \/>\n<em><strong><span style=\"color: #000000;\">9. Cola Ghea\u021b\u0103:<\/span> <\/strong><\/em>Cola acidulat\u0103 cu un final r\u0103coros de mentol.<br \/>\n<em><strong><span style=\"color: #000000;\">10. Ment\u0103 Rece:<\/span><\/strong> <\/em>Arom\u0103 de ment\u0103 proasp\u0103t\u0103 \u0219i revigorant\u0103.<br \/>\n<em><strong><span style=\"color: #000000;\">11. M\u0103r Dublu:<\/span><\/strong> <\/em>Un amestec de mere dulci \u0219i acri\u0219oare.<br \/>\n<em><strong><span style=\"color: #000000;\">12. Dr. Albastru:<\/span><\/strong> <\/em>Un amestec misterios de fructe de p\u0103dure cu un final r\u0103coros.<br \/>\n<em><strong><span style=\"color: #000000;\">13. Struguri cu Ghea\u021b\u0103:<\/span> <\/strong><\/em>Struguri dulci cu o not\u0103 de mentol \u00eenghe\u021bat.<br \/>\n<em><strong><span style=\"color: #000000;\">14. \u00cenghe\u021bat\u0103 pe Be\u021b:<\/span> <\/strong><\/em>Un amestec nostalgic de arome de \u00eenghe\u021bat\u0103 de fructe.<br \/>\n<em><strong><span style=\"color: #000000;\">15. Kiwi Fructul Pasiunii Guava:<\/span><\/strong> <\/em>Amestec exotic de kiwi, fructul pasiunii \u0219i guava.<br \/>\n<em><strong><span style=\"color: #000000;\">16. Love 66:<\/span> <\/strong><\/em>Un amestec unic de fructe tropicale cu o not\u0103 de mentol.<br \/>\n<em><strong><span style=\"color: #000000;\">17. Ghea\u021b\u0103 Luxuriant\u0103:<\/span><\/strong> <\/em>Pepene ro\u0219u cu un final r\u0103coritor \u0219i ghea\u021b\u0103.<br \/>\n<em><strong><span style=\"color: #000000;\">18. Fructe de P\u0103dure Amestecate:<\/span><\/strong><\/em> Un mix de diverse fructe de p\u0103dure.<br \/>\n<em><strong><span style=\"color: #000000;\">19. Piersic\u0103 Fructe de P\u0103dure:<\/span> <\/strong><\/em>Piersici suculente cu o not\u0103 de fructe de p\u0103dure.<br \/>\n<em><strong><span style=\"color: #000000;\">20. Piersic\u0103 Ghea\u021b\u0103:<\/span> <\/strong><\/em>Piersici dulci cu un final r\u0103coros de mentol.<br \/>\n<em><strong><span style=\"color: #000000;\">21. Piersic\u0103 Mango Ananas:<\/span><\/strong> <\/em>Un amestec tropical de piersic\u0103, mango \u0219i ananas.<br \/>\n<em><strong><span style=\"color: #000000;\">22. Ananas Ghea\u021b\u0103:<\/span> <\/strong><\/em>Ananas dulce-acri\u0219or cu o not\u0103 r\u0103coroas\u0103.<br \/>\n<em><strong><span style=\"color: #000000;\">23. Limonad\u0103 Roz:<\/span> <\/strong><\/em>Limonad\u0103 acidulat\u0103 cu o not\u0103 de fructe de p\u0103dure.<br \/>\n<em><strong><span style=\"color: #000000;\">24. Skittles:<\/span> <\/strong><\/em>Un curcubeu de arome fructate.<br \/>\n<em><strong><span style=\"color: #000000;\">25. C\u0103p\u0219uni Banan\u0103:<\/span> <\/strong><\/em>Un amestec clasic de c\u0103p\u0219uni dulci \u0219i banane cremoase.<br \/>\n<em><strong><span style=\"color: #000000;\">26. C\u0103p\u0219uni Struguri:<\/span><\/strong> <\/em>C\u0103p\u0219uni dulci combinate cu struguri zemo\u0219i.<br \/>\n<em><strong><span style=\"color: #000000;\">27. C\u0103p\u0219uni Ghea\u021b\u0103:<\/span><\/strong> <\/em>C\u0103p\u0219uni proaspete cu un final r\u0103coros de mentol.<br \/>\n<em><strong><span style=\"color: #000000;\">28. C\u0103p\u0219uni Pepene Ro\u0219u:<\/span> <\/strong><\/em>Un amestec revigorant de c\u0103p\u0219uni \u0219i pepene ro\u0219u.<br \/>\n<em><strong><span style=\"color: #000000;\">29. Mango Triplu:<\/span> <\/strong><\/em>O arom\u0103 intens\u0103 de mango cu o putere de trei ori mai mare.<br \/>\n<em><strong><span style=\"color: #000000;\">30. Vimto:<\/span> <\/strong><\/em>Un amestec unic de fructe inspirat de b\u0103utura clasic\u0103.<\/p>\n<div class=\"flex-shrink-0 flex flex-col relative items-end\">\n<div class=\"pt-0\">\n<div class=\"gizmo-bot-avatar flex h-8 w-8 items-center justify-center overflow-hidden rounded-full\">\n<div class=\"relative p-1 rounded-sm flex items-center justify-center bg-token-main-surface-primary text-token-text-primary h-8 w-8\">\n<h2><strong>\u00centreb\u0103ri frecvente:<\/strong><\/h2>\n<h4>\u00ce: De ce s\u0103 alegi un vape de unic\u0103 folosin\u021b\u0103 Fumot RANDM Tornado 30000 de pufuri?<\/h4>\n<p><span style=\"color: #000000;\"><b>A\uff1a<\/b><\/span>Alege Fumot RANDM Tornado 30000 de pufuri pentru o experien\u021b\u0103 de vaping de lung\u0103 durat\u0103, plin\u0103 de arome \u0219i f\u0103r\u0103 b\u0103t\u0103i de cap. Perfect pentru cump\u0103r\u0103ri \u00een vrac.<\/p>\n<h4>\u00ce: Care este comanda minim\u0103 en-gros pentru vapa de unic\u0103 folosin\u021b\u0103 Fumot 30k?<\/h4>\n<p><span style=\"color: #000000;\"><b>A\uff1a<\/b><\/span>Comanda minim\u0103 pentru vapa de unic\u0103 folosin\u021b\u0103 Fumot 30k Tornado Music este de 50 de buc\u0103\u021bi. Cu c\u00e2t comanda\u021bi mai mult, cu at\u00e2t pre\u021bul este mai bun.<\/p>\n<h4>\u00ce: Reducerea cre\u0219te odat\u0103 cu num\u0103rul de comenzi?<\/h4>\n<p><span style=\"color: #000000;\"><b>A\uff1a<\/b>Deja oferim reducerea la un pre\u021b foarte mic, dar pre\u021bul nu va sc\u0103dea odat\u0103 cu o cre\u0219tere a cantit\u0103\u021bii comandate. Cu toate acestea, vom face tot posibilul pentru a v\u0103 oferi o mostr\u0103. \u00cen cele din urm\u0103, sper\u0103m c\u0103 ve\u021bi avea o experien\u021b\u0103 bun\u0103.<\/span><\/p>\n<h4>\u00ce: Se poate urm\u0103ri coletul individual?<\/h4>\n<p><strong><span style=\"color: #000000;\"><b>A\uff1a<\/b><\/span><\/strong><span style=\"color: #000000;\">Da, odat\u0103 ce pachetul a fost trimis, \u00ee\u021bi vom trimite un num\u0103r de urm\u0103rire <\/span><span style=\"color: #000000;\">astfel \u00eenc\u00e2t s\u0103 po\u021bi verifica starea acestuia. \u00cen plus, vom urm\u0103ri pachetul p\u00e2n\u0103 \u00eel prime\u0219ti, garant\u00e2ndu-\u021bi c\u0103 e\u0219ti \u021binut la curent pe tot parcursul procesului.<\/span><\/p>\n<p>alte vape-uri care \u021bi-ar putea pl\u0103cea<br \/>\n<a href=\"https:\/\/vapestornado.com\/ro\/product-category\/30000-puff\/\">Vape cu 30000 de pufuri<\/a><\/p>\n<\/div>\n<\/div>\n<\/div>\n<\/div>","protected":false},"excerpt":{"rendered":"<p><em><strong>Randm 30k disaposable music vape care poate oferi 30.000 de pufuri \u0219i 30 de arome din care po\u021bi alege.\u00a0 <\/strong><\/em><\/p>\n<p><em><strong>Avem un nivel de nicotin\u0103 de 2% sau 5% din care se poate alege la vapo-urile Fumot 30k. \u00cen plus, avem pre\u021b de v\u00e2nzare en-gros \u0219i cel mai bun serviciu.<\/strong><\/em><\/p>\n<figure id=\"attachment_3124\" aria-describedby=\"caption-attachment-3124\" style=\"width: 248px\" class=\"wp-caption alignleft\"><img decoding=\"async\" class=\"size-medium wp-image-3124\" src=\"https:\/\/vapestornado.com\/wp-content\/uploads\/2024\/12\/LYN-whatsapp-248x300.jpg\" alt=\"WhatsApp LYN\" width=\"248\" height=\"300\" srcset=\"https:\/\/vapestornado.com\/wp-content\/uploads\/2024\/12\/LYN-whatsapp-248x300.jpg 248w, https:\/\/vapestornado.com\/wp-content\/uploads\/2024\/12\/LYN-whatsapp-846x1024.jpg 846w, https:\/\/vapestornado.com\/wp-content\/uploads\/2024\/12\/LYN-whatsapp-768x930.jpg 768w, https:\/\/vapestornado.com\/wp-content\/uploads\/2024\/12\/LYN-whatsapp-600x726.jpg 600w, https:\/\/vapestornado.com\/wp-content\/uploads\/2024\/12\/LYN-whatsapp.jpg 1046w\" sizes=\"(max-width: 248px) 100vw, 248px\" \/><figcaption id=\"caption-attachment-3124\" class=\"wp-caption-text\"><a href=\"https:\/\/wa.me\/8617840853976\"><em><strong>Contacteaz\u0103-l pe Lyn pentru a afla mai multe despre pufuri<\/strong><\/em><\/a><\/figcaption><\/figure>","protected":false},"featured_media":3109,"comment_status":"open","ping_status":"closed","template":"","meta":{"_acf_changed":false,"_uag_custom_page_level_css":"","_lmt_disableupdate":"no","_lmt_disable":"","_monsterinsights_skip_tracking":false,"_monsterinsights_sitenote_active":false,"_monsterinsights_sitenote_note":"","_monsterinsights_sitenote_category":0,"site-sidebar-layout":"default","site-content-layout":"","ast-site-content-layout":"default","site-content-style":"default","site-sidebar-style":"default","ast-global-header-display":"","ast-banner-title-visibility":"","ast-main-header-display":"","ast-hfb-above-header-display":"","ast-hfb-below-header-display":"","ast-hfb-mobile-header-display":"","site-post-title":"","ast-breadcrumbs-content":"","ast-featured-img":"","footer-sml-layout":"","ast-disable-related-posts":"","theme-transparent-header-meta":"default","adv-header-id-meta":"","stick-header-meta":"","header-above-stick-meta":"","header-main-stick-meta":"","header-below-stick-meta":"","astra-migrate-meta-layouts":"set","ast-page-background-enabled":"default","ast-page-background-meta":{"desktop":{"background-color":"","background-image":"","background-repeat":"repeat","background-position":"center center","background-size":"auto","background-attachment":"scroll","background-type":"","background-media":"","overlay-type":"","overlay-color":"","overlay-opacity":"","overlay-gradient":""},"tablet":{"background-color":"","background-image":"","background-repeat":"repeat","background-position":"center center","background-size":"auto","background-attachment":"scroll","background-type":"","background-media":"","overlay-type":"","overlay-color":"","overlay-opacity":"","overlay-gradient":""},"mobile":{"background-color":"","background-image":"","background-repeat":"repeat","background-position":"center center","background-size":"auto","background-attachment":"scroll","background-type":"","background-media":"","overlay-type":"","overlay-color":"","overlay-opacity":"","overlay-gradient":""}},"ast-content-background-meta":{"desktop":{"background-color":"var(--ast-global-color-5)","background-image":"","background-repeat":"repeat","background-position":"center center","background-size":"auto","background-attachment":"scroll","background-type":"","background-media":"","overlay-type":"","overlay-color":"","overlay-opacity":"","overlay-gradient":""},"tablet":{"background-color":"var(--ast-global-color-5)","background-image":"","background-repeat":"repeat","background-position":"center center","background-size":"auto","background-attachment":"scroll","background-type":"","background-media":"","overlay-type":"","overlay-color":"","overlay-opacity":"","overlay-gradient":""},"mobile":{"background-color":"var(--ast-global-color-5)","background-image":"","background-repeat":"repeat","background-position":"center center","background-size":"auto","background-attachment":"scroll","background-type":"","background-media":"","overlay-type":"","overlay-color":"","overlay-opacity":"","overlay-gradient":""}},"_joinchat":{"telephone":"17776015835"}},"product_brand":[],"product_cat":[19,67,58],"product_tag":[83,125,124,126,78,114],"class_list":{"0":"post-3107","1":"product","2":"type-product","3":"status-publish","4":"has-post-thumbnail","6":"product_cat-vapes","7":"product_cat-30000-puff","8":"product_cat-fumot-vape","9":"product_tag-fumot-vape","10":"product_tag-randm-30000","11":"product_tag-randm-tornado-30000","12":"product_tag-randm-tornado-30k","13":"product_tag-randm-vape","14":"product_tag-tornado-vape","15":"desktop-align-left","16":"tablet-align-left","17":"mobile-align-left","19":"first","20":"instock","21":"sale","22":"shipping-taxable","23":"purchasable","24":"product-type-simple"},"acf":[],"uagb_featured_image_src":{"full":["https:\/\/vapestornado.com\/wp-content\/uploads\/2024\/12\/Randm-disposable-vape-30k-puffs.jpg",800,800,false],"thumbnail":["https:\/\/vapestornado.com\/wp-content\/uploads\/2024\/12\/Randm-disposable-vape-30k-puffs-150x150.jpg",150,150,true],"medium":["https:\/\/vapestornado.com\/wp-content\/uploads\/2024\/12\/Randm-disposable-vape-30k-puffs-300x300.jpg",300,300,true],"medium_large":["https:\/\/vapestornado.com\/wp-content\/uploads\/2024\/12\/Randm-disposable-vape-30k-puffs-768x768.jpg",768,768,true],"large":["https:\/\/vapestornado.com\/wp-content\/uploads\/2024\/12\/Randm-disposable-vape-30k-puffs.jpg",800,800,false],"1536x1536":["https:\/\/vapestornado.com\/wp-content\/uploads\/2024\/12\/Randm-disposable-vape-30k-puffs.jpg",800,800,false],"2048x2048":["https:\/\/vapestornado.com\/wp-content\/uploads\/2024\/12\/Randm-disposable-vape-30k-puffs.jpg",800,800,false],"trp-custom-language-flag":["https:\/\/vapestornado.com\/wp-content\/uploads\/2024\/12\/Randm-disposable-vape-30k-puffs.jpg",12,12,false],"woocommerce_thumbnail":["https:\/\/vapestornado.com\/wp-content\/uploads\/2024\/12\/Randm-disposable-vape-30k-puffs-300x300.jpg",300,300,true],"woocommerce_single":["https:\/\/vapestornado.com\/wp-content\/uploads\/2024\/12\/Randm-disposable-vape-30k-puffs-600x600.jpg",600,600,true],"woocommerce_gallery_thumbnail":["https:\/\/vapestornado.com\/wp-content\/uploads\/2024\/12\/Randm-disposable-vape-30k-puffs-100x100.jpg",100,100,true]},"uagb_author_info":{"display_name":"ESLYN","author_link":"https:\/\/vapestornado.com\/ro\/author\/"},"uagb_comment_info":0,"uagb_excerpt":"Randm 30k disaposable music vape that can offer 30,000 puffs and 30 flavors to choose.\u00a0 We have 2% or 5% Nicotine level can be choose in Fumot 30k vapes. Beside,we are sale Bulk price and have best service. [caption id=\"attachment_3124\" align=\"alignleft\" width=\"248\"] Contact Lyn to know more about puffs[\/caption]","_links":{"self":[{"href":"https:\/\/vapestornado.com\/ro\/wp-json\/wp\/v2\/product\/3107","targetHints":{"allow":["GET"]}}],"collection":[{"href":"https:\/\/vapestornado.com\/ro\/wp-json\/wp\/v2\/product"}],"about":[{"href":"https:\/\/vapestornado.com\/ro\/wp-json\/wp\/v2\/types\/product"}],"replies":[{"embeddable":true,"href":"https:\/\/vapestornado.com\/ro\/wp-json\/wp\/v2\/comments?post=3107"}],"wp:featuredmedia":[{"embeddable":true,"href":"https:\/\/vapestornado.com\/ro\/wp-json\/wp\/v2\/media\/3109"}],"wp:attachment":[{"href":"https:\/\/vapestornado.com\/ro\/wp-json\/wp\/v2\/media?parent=3107"}],"wp:term":[{"taxonomy":"product_brand","embeddable":true,"href":"https:\/\/vapestornado.com\/ro\/wp-json\/wp\/v2\/product_brand?post=3107"},{"taxonomy":"product_cat","embeddable":true,"href":"https:\/\/vapestornado.com\/ro\/wp-json\/wp\/v2\/product_cat?post=3107"},{"taxonomy":"product_tag","embeddable":true,"href":"https:\/\/vapestornado.com\/ro\/wp-json\/wp\/v2\/product_tag?post=3107"}],"curies":[{"name":"wp","href":"https:\/\/api.w.org\/{rel}","templated":true}]}}