{"id":3103,"date":"2024-12-12T09:36:42","date_gmt":"2024-12-12T09:36:42","guid":{"rendered":"https:\/\/vapestornado.com\/?post_type=product&#038;p=3103"},"modified":"2025-08-23T11:16:54","modified_gmt":"2025-08-23T11:16:54","slug":"randm-tornado-7k-puffs-hot-sale-rechargeable-vape","status":"publish","type":"product","link":"https:\/\/vapestornado.com\/ro\/product\/randm-tornado-7k-puffs-hot-sale-rechargeable-vape\/","title":{"rendered":"Randm Tornado 7k Puffs Vape re\u00eenc\u0103rcabil de v\u00e2nzare la cald"},"content":{"rendered":"<h1>Randm Tornado 7k Puffs Vape re\u00eenc\u0103rcabil de v\u00e2nzare la cald<\/h1>\n<p>&nbsp;<\/p>\n<div role=\"article\" data-tabster=\"{&quot;groupper&quot;:{&quot;tabbability&quot;:2},&quot;focusable&quot;:{}}\" data-content=\"ai-message\" aria-labelledby=\"64JRvXrTnY7mRmPkEQLLT-author 64JRvXrTnY7mRmPkEQLLT-content\">\n<div id=\"64JRvXrTnY7mRmPkEQLLT-content\">\n<p>Eleva\u021bi-v\u0103 experien\u021ba de vapat cu \u021bigara electronic\u0103 re\u00eenc\u0103rcabil\u0103 preumplut\u0103 Randm Tornado 7000 Puffs, un apogeu al luxului \u0219i performan\u021bei. Acest dispozitiv de \u00eenalt\u0103 calitate se m\u00e2ndre\u0219te cu o capacitate remarcabil\u0103 a rezervorului de 15 ml, oferind o pl\u0103cere prelungit\u0103 a vapatului f\u0103r\u0103 a fi nevoie constant\u0103 de reumplere. Bateria robust\u0103 de 850 mAh asigur\u0103 o utilizare continu\u0103 \u0219i ne\u00eentrerupt\u0103, f\u0103c\u00e2ndu-l un partener de \u00eencredere, fie acas\u0103, fie \u00een deplasare.<\/p>\n<p>Una dintre caracteristicile remarcabile ale \u021big\u0103rii electronice RandM Vape Tornado 7000 este versatilitatea sa cu lichidele electronice. Acest lucru v\u0103 permite s\u0103 explora\u021bi o gam\u0103 divers\u0103 de arome, de la amestecuri de fructe revigorante p\u00e2n\u0103 la tutun bogat \u0219i satisf\u0103c\u0103tor. Personaliza\u021bi-v\u0103 c\u0103l\u0103toria de vapat pentru a se potrivi gustului dumneavoastr\u0103 sofisticat, asigur\u00e2ndu-v\u0103 c\u0103 fiecare puf este o experien\u021b\u0103 unic\u0103.<\/p>\n<p>Tehnologia avansat\u0103 a bobinei mesh \u00eencorporat\u0103 \u00een RandM Tornado 7k puffs maximizeaz\u0103 produc\u021bia de arom\u0103 \u0219i vapori, transform\u00e2nd fiecare inhalare \u00eentr-o senza\u021bie gustativ\u0103 rafinat\u0103. Designul s\u0103u u\u0219or de utilizat, al\u0103turi de sistemul convenabil de \u00eenc\u0103rcare USB-C, face acest dispozitiv la fel de practic pe c\u00e2t este de puternic.<\/p>\n<p>Pentru cei care cer ce este mai bun \u00een calitate \u0219i performan\u021b\u0103, \u021bigara electronic\u0103 de unic\u0103 folosin\u021b\u0103 RandM Tornado 7000 este alegerea suprem\u0103. Amestecul s\u0103u de construc\u021bie superioar\u0103, caracteristici inovatoare \u0219i versatilitate a aromei stabile\u0219te un nou standard \u00een vapatul de lux. Experimenta\u021bi diferen\u021ba cu un dispozitiv conceput pentru cunosc\u0103tori care apreciaz\u0103 lucrurile mai fine din via\u021b\u0103.<\/p>\n<\/div>\n<\/div>\n<p>&nbsp;<\/p>\n<p><img fetchpriority=\"high\" decoding=\"async\" class=\"wp-image-2951\" src=\"https:\/\/vapestornado.com\/wp-content\/uploads\/2024\/12\/Wholesale-Disposable-Vape-265x300.jpg\" alt=\"Vape de unic\u0103 folosin\u021b\u0103 en-gros\" width=\"295\" height=\"334\" srcset=\"https:\/\/vapestornado.com\/wp-content\/uploads\/2024\/12\/Wholesale-Disposable-Vape-265x300.jpg 265w, https:\/\/vapestornado.com\/wp-content\/uploads\/2024\/12\/Wholesale-Disposable-Vape-768x871.jpg 768w, https:\/\/vapestornado.com\/wp-content\/uploads\/2024\/12\/Wholesale-Disposable-Vape-600x680.jpg 600w, https:\/\/vapestornado.com\/wp-content\/uploads\/2024\/12\/Wholesale-Disposable-Vape.jpg 823w\" sizes=\"(max-width: 295px) 100vw, 295px\" \/><\/p>\n<h6>V\u0103 rug\u0103m s\u0103 contacta\u021bi WhatsApp-ul lui Mandy pentru pre\u021b redus<a href=\"https:\/\/wa.me\/8618077105796\" target=\"_blank\" rel=\"noopener\">+8618077105796<\/a><\/h6>\n<h2><strong>Randm Vape 7000 Puffs \u2013 Specifica\u021bii cheie<\/strong><\/h2>\n<ul>\n<li><strong>Capacitate Baterie<\/strong>: 850mAh pentru sesiuni de vapat extinse.<\/li>\n<li><strong>Volumul lichidului electronic<\/strong>: Rezervorul de 15 ml asigur\u0103 o arom\u0103 \u0219i o satisfac\u021bie de durat\u0103.<\/li>\n<li><strong>Num\u0103r de pufuri<\/strong>: P\u00e2n\u0103 la 7.000 de pufuri pentru utilizare pe termen lung.<\/li>\n<li><strong>\u00cenc\u0103rcare<\/strong>: Echipat cu un port USB-C pentru re\u00eenc\u0103rcare rapid\u0103 \u0219i convenabil\u0103.<\/li>\n<li><strong>Tip de bobin\u0103<\/strong>: Bobin\u0103 mesh avansat\u0103 pentru un vapor mai fin \u0219i mai aromat.<\/li>\n<li><strong>Caracteristic\u0103 de iluminare<\/strong>: Iluminarea rezervorului RGB adaug\u0103 un element vizual elegant \u0219i dinamic.<\/li>\n<\/ul>\n<h2><strong>Tornado Vape Randm 7k Puffs Lista Arome:<\/strong><\/h2>\n<p>1 Ment\u0103 rece<br \/>\n2 Ghea\u021b\u0103 luxuriant\u0103<br \/>\n3 Ghea\u021b\u0103 de Mandarin\u0103<br \/>\n4 Gogoa\u0219\u0103 cu C\u0103p\u0219uni<br \/>\n5 Ursule\u021b Gum\u0103<br \/>\n6 Afine cu Ghea\u021b\u0103<br \/>\n7 Mango cu Ghea\u021b\u0103<br \/>\n8 Piersic\u0103 cu Ghea\u021b\u0103<br \/>\n9 Banan\u0103 cu Ghea\u021b\u0103<br \/>\n10 Struguri cu Ghea\u021b\u0103<br \/>\n11 Limonad\u0103 Roz<br \/>\n12 Rom Pina Colada<br \/>\n13 Fructe de P\u0103dure Mixte<br \/>\n14 Milkshake de Banane<br \/>\n15 C\u0103p\u0219uni \u0219i Pepene Verde<br \/>\n16 L\u0103m\u00e2ie cu M\u0103r Ro\u0219u<br \/>\n17 Ananas cu Ghea\u021b\u0103<br \/>\n18 Vat\u0103 de Zah\u0103r<br \/>\n19 C\u0103p\u0219uni \u0219i Banane<br \/>\n20 C\u0103p\u0219uni cu Ghea\u021b\u0103<br \/>\n21 C\u0103p\u0219uni \u0219i Kiwi<br \/>\n22 Ghea\u021b\u0103 cu Energie Ro\u0219ie<br \/>\n23. Limonad\u0103 cu Zmeur\u0103 Albastr\u0103<br \/>\n24. Ghea\u021b\u0103 de Mere Ro\u0219ii<br \/>\n25. Limonad\u0103 cu Fructe de P\u0103dure<br \/>\n26. Gum\u0103 de Mestecat cu Afine<br \/>\n27. Zmeur\u0103 Acri\u0219oar\u0103 Albastr\u0103<br \/>\n28. Dr. Blue<br \/>\n29. Par\u0103 cu Mere \u0219i Piersici<br \/>\n30. Rodie cu Afine<br \/>\n31. Vimto<br \/>\n32. Guava cu Kiwi \u0219i Fructul Pasiunii<br \/>\n33. Colaice<br \/>\n34. M\u0103r Acru<br \/>\n35. Mentol de Coac\u0103ze Negre<br \/>\n36. S\u00e2nge de Tigru<br \/>\n37. Bomboane cu Piersici \u0219i Afine<br \/>\n38. Piersic\u0103 Mango<br \/>\n39. Red Bull cu C\u0103p\u0219uni<br \/>\n40. Ghea\u021b\u0103 de Coac\u0103ze Negre<br \/>\n41. Limonad\u0103 de C\u0103p\u0219uni \u0219i Pepene Verde<br \/>\n42. Cire\u0219e<br \/>\n43. Cire\u0219e Albastre Razz<br \/>\n44. Skittles<br \/>\n45. Zmeur\u0103 cu Afine<br \/>\n46. Struguri cu C\u0103p\u0219uni<br \/>\n47. Afine, Cire\u0219e \u0219i Meri\u0219oare<br \/>\n48. Explozie de Fructe de P\u0103dure \u0219i Mere<br \/>\n49. Cola cu Cire\u0219e<br \/>\n50. L\u0103m\u00e2ie<br \/>\n51. Explozie Roz<br \/>\n52. R\u0103coritor Pacific<br \/>\n53. \u00cenghe\u021bat\u0103<br \/>\n54. Bingo Crush<br \/>\n55. Vimto Crush<br \/>\n56. Tutun<\/p>\n<div role=\"article\" data-tabster=\"{&quot;groupper&quot;:{&quot;tabbability&quot;:2},&quot;focusable&quot;:{}}\" data-content=\"ai-message\" aria-labelledby=\"dARUyEWDoEYhnSPXFwx5A-author dARUyEWDoEYhnSPXFwx5A-content\">\n<div id=\"dARUyEWDoEYhnSPXFwx5A-content\">\n<h2>De ce s\u0103 alege\u021bi Vapourile RandM Tornado 7000 Puffs de la <a href=\"https:\/\/vapestornado.com\/ro\/store\/\">vapestornado.ro<\/a>?<\/h2>\n<p><strong>1. Capacitate Superioar\u0103 a Rezervorului<\/strong>: Vapoul RandM Tornado 7000 Puffs dispune de o capacitate remarcabil\u0103 a rezervorului de 15 ml, oferind sesiuni de vapat extinse f\u0103r\u0103 a fi nevoie de reumpleri constante. Perfect pentru zile lungi \u0219i pl\u0103cere ne\u00eentrerupt\u0103.<\/p>\n<p><strong>2. Performan\u021b\u0103 Robust\u0103 a Bateriei<\/strong>: Echipat cu o baterie re\u00eenc\u0103rcabil\u0103 de 850 mAh, acest dispozitiv garanteaz\u0103 o performan\u021b\u0103 continu\u0103 \u0219i fiabil\u0103, asigur\u00e2ndu-v\u0103 c\u0103 nu rata\u021bi nimic, indiferent dac\u0103 sunte\u021bi acas\u0103 sau \u00een deplasare.<\/p>\n<p><strong>3. Versatilitate a Aromelor<\/strong>: Compatibil cu o varietate de e-lichide, RandM Tornado 7000 v\u0103 permite s\u0103 v\u0103 personaliza\u021bi experien\u021ba de vapat. De la amestecuri de fructe proaspete la arome bogate de tutun, op\u021biunile dumneavoastr\u0103 sunt nelimitate.<\/p>\n<p><strong>4. Tehnologie Avansat\u0103 de Bobine Mesh<\/strong>: Tehnologia inovatoare a bobinei mesh asigur\u0103 o dezvoltare optim\u0103 a aromei \u0219i produc\u021bia de vapori, transform\u00e2nd fiecare puf \u00eentr-o senza\u021bie de gust superioar\u0103. Experimenta\u021bi v\u00e2rful intensit\u0103\u021bii aromei cu fiecare inhalare.<\/p>\n<p><strong>5. Design Prietenos cu Utilizatorul<\/strong>: Cu o reumplere u\u0219oar\u0103 \u0219i un sistem practic de \u00eenc\u0103rcare USB-C, RandM Tornado 7000 este conceput pentru confort \u0219i eficien\u021b\u0103. Nu este doar puternic; este \u0219i incredibil de u\u0219or de utilizat.<\/p>\n<p>Alege\u021bi Vapoul Pod RandM Tornado 7000 Puffs de la <a href=\"https:\/\/vapestornado.com\/ro\/store\/\">vapestornado.ro<\/a> pentru o experien\u021b\u0103 de vapat care combin\u0103 luxul, performan\u021ba \u0219i versatilitatea.<\/p>\n<\/div>\n<\/div>\n<h2>\u00centreb\u0103ri Frecvente despre Vapoul Re\u00eenc\u0103rcabil RandM Tornado 7000 Puffs<\/h2>\n<p><strong>\u00ce: C\u00e2te pufuri pot a\u0219tepta de la RandM Tornado 7000?<\/strong><\/p>\n<p><strong>A:<\/strong> RandM Tornado 7000 ofer\u0103 aproximativ 7.000 de pufuri per dispozitiv, asigur\u00e2nd o experien\u021b\u0103 de vapat de lung\u0103 durat\u0103.<\/p>\n<p><strong>\u00ce: Care este capacitatea bateriei de la RandM Tornado 7000?<\/strong><\/p>\n<p><strong>A:<\/strong> RandM Tornado 7000 este echipat cu o baterie re\u00eenc\u0103rcabil\u0103 de 850 mAh, oferind performan\u021b\u0103 \u0219i fiabilitate constant\u0103.<\/p>\n<p><strong>\u00ce: Cum re\u00eencarc stiloul de vapat RandM Tornado 7000 puffs?<\/strong><\/p>\n<p><strong>A:<\/strong> Dispozitivul are un port de \u00eenc\u0103rcare USB-C, ceea ce \u00eel face u\u0219or de re\u00eenc\u0103rcat. Pur \u0219i simplu conecta\u021bi dispozitivul la un \u00eenc\u0103rc\u0103tor compatibil \u0219i re\u00eenc\u0103rca\u021bi-l dup\u0103 cum este necesar.<\/p>\n<p><strong>\u00ce: Ce capacitate de e-lichid are \u021bigara electronic\u0103 randm Tornado 7000 de pufuri?<\/strong><\/p>\n<p><strong>A:<\/strong> Capacitatea rezervorului RandM Tornado 7k pufuri este de 15 ml, oferind utilizare extins\u0103 f\u0103r\u0103 reumpleri frecvente.<\/p>\n<p>&nbsp;<\/p>","protected":false},"excerpt":{"rendered":"<p><strong>Prinde\u021bi Randm Tornado 7000 Puffs la un pre\u021b redus ast\u0103zi<\/strong><\/p>\n<p><strong>Pre\u021b accesibil en-gros pentru \u021big\u0103rile electronice Randm Tornado 7000 Puffs<\/strong><\/p>\n<p><strong>Cump\u0103ra\u021bi \u00een vrac \u021big\u0103ri electronice Randm Tornado 7000 Puff pentru economii maxime<\/strong><\/p>\n<figure id=\"attachment_2951\" aria-describedby=\"caption-attachment-2951\" style=\"width: 265px\" class=\"wp-caption alignnone\"><img decoding=\"async\" class=\"size-medium wp-image-2951\" src=\"https:\/\/vapestornado.com\/wp-content\/uploads\/2024\/12\/Wholesale-Disposable-Vape-265x300.jpg\" alt=\"Vape de unic\u0103 folosin\u021b\u0103 en-gros\" width=\"265\" height=\"300\" srcset=\"https:\/\/vapestornado.com\/wp-content\/uploads\/2024\/12\/Wholesale-Disposable-Vape-265x300.jpg 265w, https:\/\/vapestornado.com\/wp-content\/uploads\/2024\/12\/Wholesale-Disposable-Vape-768x871.jpg 768w, https:\/\/vapestornado.com\/wp-content\/uploads\/2024\/12\/Wholesale-Disposable-Vape-600x680.jpg 600w, https:\/\/vapestornado.com\/wp-content\/uploads\/2024\/12\/Wholesale-Disposable-Vape.jpg 823w\" sizes=\"(max-width: 265px) 100vw, 265px\" \/><figcaption id=\"caption-attachment-2951\" class=\"wp-caption-text\">V\u0103 rug\u0103m s\u0103 contacta\u021bi WhatsApp-ul lui Mandy pentru pre\u021b redus\u00a0 <a href=\"https:\/\/wa.me\/8618077105796\">+8618077105796<\/a><\/figcaption><\/figure>\n<p>&nbsp;<\/p>","protected":false},"featured_media":3117,"comment_status":"open","ping_status":"closed","template":"","meta":{"_acf_changed":false,"_uag_custom_page_level_css":"","_lmt_disableupdate":"no","_lmt_disable":"","_monsterinsights_skip_tracking":false,"_monsterinsights_sitenote_active":false,"_monsterinsights_sitenote_note":"","_monsterinsights_sitenote_category":0,"site-sidebar-layout":"default","site-content-layout":"","ast-site-content-layout":"default","site-content-style":"default","site-sidebar-style":"default","ast-global-header-display":"","ast-banner-title-visibility":"","ast-main-header-display":"","ast-hfb-above-header-display":"","ast-hfb-below-header-display":"","ast-hfb-mobile-header-display":"","site-post-title":"","ast-breadcrumbs-content":"","ast-featured-img":"","footer-sml-layout":"","ast-disable-related-posts":"","theme-transparent-header-meta":"default","adv-header-id-meta":"","stick-header-meta":"","header-above-stick-meta":"","header-main-stick-meta":"","header-below-stick-meta":"","astra-migrate-meta-layouts":"set","ast-page-background-enabled":"default","ast-page-background-meta":{"desktop":{"background-color":"","background-image":"","background-repeat":"repeat","background-position":"center center","background-size":"auto","background-attachment":"scroll","background-type":"","background-media":"","overlay-type":"","overlay-color":"","overlay-opacity":"","overlay-gradient":""},"tablet":{"background-color":"","background-image":"","background-repeat":"repeat","background-position":"center center","background-size":"auto","background-attachment":"scroll","background-type":"","background-media":"","overlay-type":"","overlay-color":"","overlay-opacity":"","overlay-gradient":""},"mobile":{"background-color":"","background-image":"","background-repeat":"repeat","background-position":"center center","background-size":"auto","background-attachment":"scroll","background-type":"","background-media":"","overlay-type":"","overlay-color":"","overlay-opacity":"","overlay-gradient":""}},"ast-content-background-meta":{"desktop":{"background-color":"var(--ast-global-color-5)","background-image":"","background-repeat":"repeat","background-position":"center center","background-size":"auto","background-attachment":"scroll","background-type":"","background-media":"","overlay-type":"","overlay-color":"","overlay-opacity":"","overlay-gradient":""},"tablet":{"background-color":"var(--ast-global-color-5)","background-image":"","background-repeat":"repeat","background-position":"center center","background-size":"auto","background-attachment":"scroll","background-type":"","background-media":"","overlay-type":"","overlay-color":"","overlay-opacity":"","overlay-gradient":""},"mobile":{"background-color":"var(--ast-global-color-5)","background-image":"","background-repeat":"repeat","background-position":"center center","background-size":"auto","background-attachment":"scroll","background-type":"","background-media":"","overlay-type":"","overlay-color":"","overlay-opacity":"","overlay-gradient":""}},"_joinchat":{"telephone":"+8618077105796"}},"product_brand":[],"product_cat":[58,74,153,154,148],"product_tag":[97,127],"class_list":{"0":"post-3103","1":"product","2":"type-product","3":"status-publish","4":"has-post-thumbnail","6":"product_cat-fumot-vape","7":"product_cat-7000-puff","8":"product_cat-buy-disposable-vapes-in-italy","9":"product_cat-buy-disposable-vapes-in-netherlands","10":"product_cat-tornado-disposable-vapes","11":"product_tag-hot-sale-disposable-vape","12":"product_tag-randm-tornado-7000","13":"desktop-align-left","14":"tablet-align-left","15":"mobile-align-left","17":"first","18":"instock","19":"sale","20":"shipping-taxable","21":"purchasable","22":"product-type-simple"},"acf":[],"uagb_featured_image_src":{"full":["https:\/\/vapestornado.com\/wp-content\/uploads\/2024\/12\/Randm-7000-Puff-Strawberry-Watermelon-Lemonade.jpg",800,800,false],"thumbnail":["https:\/\/vapestornado.com\/wp-content\/uploads\/2024\/12\/Randm-7000-Puff-Strawberry-Watermelon-Lemonade-150x150.jpg",150,150,true],"medium":["https:\/\/vapestornado.com\/wp-content\/uploads\/2024\/12\/Randm-7000-Puff-Strawberry-Watermelon-Lemonade-300x300.jpg",300,300,true],"medium_large":["https:\/\/vapestornado.com\/wp-content\/uploads\/2024\/12\/Randm-7000-Puff-Strawberry-Watermelon-Lemonade-768x768.jpg",768,768,true],"large":["https:\/\/vapestornado.com\/wp-content\/uploads\/2024\/12\/Randm-7000-Puff-Strawberry-Watermelon-Lemonade.jpg",800,800,false],"1536x1536":["https:\/\/vapestornado.com\/wp-content\/uploads\/2024\/12\/Randm-7000-Puff-Strawberry-Watermelon-Lemonade.jpg",800,800,false],"2048x2048":["https:\/\/vapestornado.com\/wp-content\/uploads\/2024\/12\/Randm-7000-Puff-Strawberry-Watermelon-Lemonade.jpg",800,800,false],"trp-custom-language-flag":["https:\/\/vapestornado.com\/wp-content\/uploads\/2024\/12\/Randm-7000-Puff-Strawberry-Watermelon-Lemonade.jpg",12,12,false],"woocommerce_thumbnail":["https:\/\/vapestornado.com\/wp-content\/uploads\/2024\/12\/Randm-7000-Puff-Strawberry-Watermelon-Lemonade-300x300.jpg",300,300,true],"woocommerce_single":["https:\/\/vapestornado.com\/wp-content\/uploads\/2024\/12\/Randm-7000-Puff-Strawberry-Watermelon-Lemonade-600x600.jpg",600,600,true],"woocommerce_gallery_thumbnail":["https:\/\/vapestornado.com\/wp-content\/uploads\/2024\/12\/Randm-7000-Puff-Strawberry-Watermelon-Lemonade-100x100.jpg",100,100,true]},"uagb_author_info":{"display_name":"ESMANDY","author_link":"https:\/\/vapestornado.com\/ro\/author\/"},"uagb_comment_info":0,"uagb_excerpt":"Grab Randm Tornado 7000 Puffs at a Discount Price Today Affordable Wholesale Price for Randm Tornado 7000 Puffs Vapes Bulk Buy Randm Tornado 7000 Puff Vape for Maximum Savings [caption id=\"attachment_2951\" align=\"alignnone\" width=\"265\"] Pls Contact Mandy's WhatsApp For Discount Price\u00a0 +8618077105796[\/caption] &nbsp;","_links":{"self":[{"href":"https:\/\/vapestornado.com\/ro\/wp-json\/wp\/v2\/product\/3103","targetHints":{"allow":["GET"]}}],"collection":[{"href":"https:\/\/vapestornado.com\/ro\/wp-json\/wp\/v2\/product"}],"about":[{"href":"https:\/\/vapestornado.com\/ro\/wp-json\/wp\/v2\/types\/product"}],"replies":[{"embeddable":true,"href":"https:\/\/vapestornado.com\/ro\/wp-json\/wp\/v2\/comments?post=3103"}],"wp:featuredmedia":[{"embeddable":true,"href":"https:\/\/vapestornado.com\/ro\/wp-json\/wp\/v2\/media\/3117"}],"wp:attachment":[{"href":"https:\/\/vapestornado.com\/ro\/wp-json\/wp\/v2\/media?parent=3103"}],"wp:term":[{"taxonomy":"product_brand","embeddable":true,"href":"https:\/\/vapestornado.com\/ro\/wp-json\/wp\/v2\/product_brand?post=3103"},{"taxonomy":"product_cat","embeddable":true,"href":"https:\/\/vapestornado.com\/ro\/wp-json\/wp\/v2\/product_cat?post=3103"},{"taxonomy":"product_tag","embeddable":true,"href":"https:\/\/vapestornado.com\/ro\/wp-json\/wp\/v2\/product_tag?post=3103"}],"curies":[{"name":"wp","href":"https:\/\/api.w.org\/{rel}","templated":true}]}}