{"id":3099,"date":"2024-12-12T08:20:28","date_gmt":"2024-12-12T08:20:28","guid":{"rendered":"https:\/\/vapestornado.com\/?post_type=product&#038;p=3099"},"modified":"2025-12-05T09:13:20","modified_gmt":"2025-12-05T09:13:20","slug":"vapme-shisha-hookah-15000-puff-rechargeable-disposable-vape-wholesale-poland","status":"publish","type":"product","link":"https:\/\/vapestornado.com\/ro\/product\/vapme-shisha-hookah-15000-puff-rechargeable-disposable-vape-wholesale-poland\/","title":{"rendered":"Vapme Shisha Hookah 15000 Puff Re\u00eenc\u0103rcabil Vape de unic\u0103 folosin\u021b\u0103 en-gros Polonia"},"content":{"rendered":"<h1 class=\"product-title\">Vapme Shisha Hookah 15000 Puff Re\u00eenc\u0103rcabil Vape de unic\u0103 folosin\u021b\u0103 en-gros Polonia<\/h1>\n<p data-start=\"87\" data-end=\"383\">Sistemul <strong data-start=\"91\" data-end=\"136\">Vapme Shisha Hookah 15000 vape de unic\u0103 folosin\u021b\u0103<\/strong> ofer\u0103 o sesiune de tip shisha \u00eentr-un corp compact, u\u0219or de transportat. Construit pentru utilizare zilnic\u0103 \u00eendelungat\u0103, ofer\u0103 durata de func\u021bionare pe care o a\u0219teapt\u0103 de la un <strong data-start=\"274\" data-end=\"307\">Vapme Shisha Hookah 15K pufuri<\/strong> dispozitiv, sus\u021binut de un rezervor preumplut de 25ml \u0219i un sistem de alimentare re\u00eenc\u0103rcabil.<\/p>\n<p data-start=\"385\" data-end=\"653\">Aceasta este o adev\u0103rat\u0103 <strong data-start=\"400\" data-end=\"426\">vaporizator shisha cu 15000 de pufuri<\/strong> conceput \u00een jurul unei respira\u021bii deschise \u0219i line. Sistemul de bobine <strong data-start=\"469\" data-end=\"506\">disposable vape de tip shisha de 0.6\u03a9<\/strong> produce vapori mai grosi \u0219i o inhalare mai larg\u0103 dec\u00e2t cele MTL str\u00e2nse, oferind o senza\u021bie mai apropiat\u0103 de hookah f\u0103r\u0103 configurare, c\u0103rbune sau mizerie.<\/p>\n<p data-start=\"655\" data-end=\"1025\">Capacitatea este sus\u021binut\u0103 de volumul real de lichid. Ca <strong data-start=\"702\" data-end=\"728\">Vapem Hookah vape 25ml<\/strong> model, are suficient lichid pentru a corespunde ratingului s\u0103u ridicat de pufuri, astfel \u00eenc\u00e2t utilizatorii s\u0103 nu consume rapid dispozitivul \u00een c\u00e2teva zile. C\u00e2nd bateria se descarc\u0103, sistemul <strong data-start=\"876\" data-end=\"922\">dispozitiv de vape shisha re\u00eenc\u0103rcabil Type-C<\/strong> face reumplerea rapid\u0103 \u0219i simpl\u0103, permi\u021b\u00e2nd utilizatorilor s\u0103 termine rezervorul complet \u00een loc s\u0103 arunce dispozitivul devreme.<\/p>\n<p data-start=\"1027\" data-end=\"1209\">Nicotine vine \u00een dou\u0103 op\u021biuni rezonabile\u20140% pentru sesiuni cu arom\u0103 doar \u0219i 2% pentru o doz\u0103 u\u0219oar\u0103 zilnic\u0103\u2014plus o gam\u0103 larg\u0103 de arome, astfel \u00eenc\u00e2t utilizatorii s\u0103 poat\u0103 r\u0103m\u00e2ne la preferin\u021bele lor pe termen lung.<\/p>\n<p><strong style=\"font-size: 16px;\">Contacteaz\u0103 pe Amy pentru r\u0103spunsul corect \u0219i cuponul de vape!<\/strong><\/p>\n<p><img fetchpriority=\"high\" decoding=\"async\" class=\"size-full wp-image-2932\" src=\"https:\/\/vapestornado.com\/wp-content\/uploads\/2024\/12\/Vape-Wholesale.jpg\" alt=\"\u021aig\u0103ri electronice cu ridicata\" width=\"229\" height=\"300\" \/><\/p>\n<h3><a href=\"https:\/\/wa.me\/8617776015835\" target=\"_blank\" rel=\"noopener\"><span style=\"color: #ff0000;\"><strong>WhatsApp: +86 17776015835<\/strong><\/span><\/a><\/h3>\n<p>&nbsp;<\/p>\n<h2><strong>Vapme Shisha Narghilea 15000 Caracteristici Produs<\/strong><\/h2>\n<table>\n<thead>\n<tr>\n<th>Caracteristic\u0103<\/th>\n<th align=\"right\">Spec<\/th>\n<th>Explica\u021bie<\/th>\n<\/tr>\n<\/thead>\n<tbody>\n<tr>\n<td>Numele produsului<\/td>\n<td align=\"right\">Vapme Shisha Narghilea 15000<\/td>\n<td>Nume clar pentru reordon\u0103ri \u0219i c\u0103ut\u0103ri.<\/td>\n<\/tr>\n<tr>\n<td>Capacitate Pufuri<\/td>\n<td align=\"right\">Caracteristici principale ale produsului UZY Bang Digital 15K Puff<\/td>\n<td>Utilizare mai lung\u0103 dec\u00e2t dispozitivele standard de unic\u0103 folosin\u021b\u0103; mai pu\u021bine schimb\u0103ri.<\/td>\n<\/tr>\n<tr>\n<td>Volumul lichidului electronic<\/td>\n<td align=\"right\">25ml preumplut<\/td>\n<td>Rezervor mare sus\u021bine ratingul de 15K.<\/td>\n<\/tr>\n<tr>\n<td>Rezisten\u021b\u0103 \/ Bobin\u0103<\/td>\n<td align=\"right\">0.6\u03a9<\/td>\n<td>Respira\u021bie mai deschis\u0103 \u0219i vapori mai gro\u0219i, mai aproape de stilul shisha.<\/td>\n<\/tr>\n<tr>\n<td>Baterie<\/td>\n<td align=\"right\">650mAh re\u00eenc\u0103rcabil<\/td>\n<td>Re\u00eencarc\u0103 pentru a folosi \u00eentreg rezervorul.<\/td>\n<\/tr>\n<tr>\n<td>\u00cenc\u0103rcare<\/td>\n<td align=\"right\">USB Type-C<\/td>\n<td>Standard comun de cablu; reumpleri rapide.<\/td>\n<\/tr>\n<tr>\n<td>Op\u021biuni de nicotin\u0103<\/td>\n<td align=\"right\">0% \/ 2%<\/td>\n<td>Alege doar arom\u0103 sau o doz\u0103 u\u0219oar\u0103 de nicotin\u0103.<\/td>\n<\/tr>\n<tr>\n<td>Op\u021biuni de arom\u0103<\/td>\n<td align=\"right\">24 de arome<\/td>\n<td>Interval pentru preferin\u021be diferite \u0219i v\u00e2nz\u0103ri repetate.<\/td>\n<\/tr>\n<tr>\n<td>Activare<\/td>\n<td align=\"right\">Activare prin tragere<\/td>\n<td>F\u0103r\u0103 butoane; inhaleaz\u0103 pentru a vapora.<\/td>\n<\/tr>\n<\/tbody>\n<\/table>\n<h2 class=\"product-title\"><strong>Lista de arome Vapme 15000 E Shisa<\/strong><\/h2>\n<ol start=\"1\">\n<li>Afine cu Ghea\u021b\u0103<\/li>\n<li>Kiwi Fructul Pasiunii Guava<\/li>\n<li>Limonad\u0103 cu Zmeur\u0103 Albastr\u0103<\/li>\n<li>C\u0103p\u0219uni Kiwi<\/li>\n<li>Fructe de p\u0103dure amestecate<\/li>\n<li>C\u0103p\u0219uni \u0219i Pepene Verde<\/li>\n<li>Ghea\u021b\u0103 de Struguri<\/li>\n<li>Pepene verde cu ghea\u021b\u0103<\/li>\n<li>Piersic\u0103, Mango \u0219i Ananas<\/li>\n<li>C\u0103p\u0219uni Ghea\u021b\u0103<\/li>\n<li>Piersic\u0103 cu Ghea\u021b\u0103<\/li>\n<li>Mango Banane<\/li>\n<li>Cire\u0219e de P\u0103dure<\/li>\n<li>Zmeur\u0103 cu Afine<\/li>\n<li>Dragoste 66<\/li>\n<li>Pepene Taur<\/li>\n<li>Struguri cu C\u0103p\u0219uni<\/li>\n<li>Bomboane cu C\u0103p\u0219uni \u0219i Zmeur\u0103<\/li>\n<li>Mamba<\/li>\n<li>Pepene Cirea\u0219\u0103<\/li>\n<li>M\u0103r \u00cenghe\u021bat<\/li>\n<li>L\u0103m\u00e2ie \u0219i Ment\u0103<\/li>\n<li>Ghea\u021b\u0103 de Coac\u0103ze Negre<\/li>\n<li>Ananas Shake<\/li>\n<\/ol>\n<h3>De ce s\u0103 alege\u021bi vapestornado pentru Vapme 15000 Puff Vape en-gros?<\/h3>\n<div class=\"flex-shrink-0 flex flex-col relative items-end\">\n<div class=\"pt-0\">\n<div class=\"gizmo-bot-avatar flex h-8 w-8 items-center justify-center overflow-hidden rounded-full\">\n<div class=\"relative p-1 rounded-sm flex items-center justify-center bg-token-main-surface-primary text-token-text-primary h-8 w-8\">\n<p>Bun venit la vapestornado, magazinul t\u0103u online de \u00eencredere pentru vape-uri de unic\u0103 folosin\u021b\u0103 premium. Cu o experien\u021b\u0103 de peste 5 ani, \u00ee\u021bi aducem branduri populare de vape-uri de unic\u0103 folosin\u021b\u0103, precum Fumot RandM Vape, <a href=\"https:\/\/vapestornado.com\/ro\/product\/vapme-crystal-7000-puffs-rechargeable-disposable-vape-wholesale-cheap-price\/\">Vapme<\/a>, Bang Vape, Waspe Vape \u0219i WGA Vape, etc.<\/p>\n<p>Gama noastr\u0103 include vape-uri populare precum <a href=\"https:\/\/vapestornado.com\/ro\/product\/fumot-randm-tornado-15000-puffs-rechargeable-disposable-vape-wholesale\/\">RandM Tornado 15000<\/a>, \u0219i op\u021biuni bogate \u00een arome, precum <a href=\"https:\/\/vapestornado.com\/ro\/product\/waspe-40000-puffs-double-flavour-led-display-disposable-vape-wholesale\/\">WASPE Arom\u0103 Dubl\u0103 40000 Pufuri<\/a> . Fiecare produs este ales cu accent pe calitate, valoare \u0219i varietate, asigur\u00e2ndu-ne c\u0103 g\u0103se\u0219ti potrivirea perfect\u0103 pentru nevoile tale. Descoper\u0103 servicii excep\u021bionale \u0219i o gam\u0103 larg\u0103 de produse de top cu pre\u021buri de gros la vapestornado.<\/p>\n<\/div>\n<h3><\/h3>\n<div class=\"relative p-1 rounded-sm flex items-center justify-center bg-token-main-surface-primary text-token-text-primary h-8 w-8\">\n<h3>\u00centreb\u0103ri frecvente pentru Vapme Shisha 15000 Puff Vape de unic\u0103 folosin\u021b\u0103<\/h3>\n<p data-start=\"2743\" data-end=\"2944\"><strong data-start=\"2743\" data-end=\"2812\">1. Am nevoie de un \u00eenc\u0103rc\u0103tor special pentru Vapme Shisha 15K?<\/strong><br data-start=\"2812\" data-end=\"2815\" \/>Nu. <strong data-start=\"2823\" data-end=\"2861\">Vapme Shisha 15K de unic\u0103 folosin\u021b\u0103<\/strong> se \u00eencarc\u0103 prin <strong data-start=\"2874\" data-end=\"2888\">USB Type-C<\/strong>, astfel \u00eenc\u00e2t orice cablu standard Type-C \u0219i un adaptor sigur func\u021bioneaz\u0103.<\/p>\n<p data-start=\"2946\" data-end=\"3170\"><strong data-start=\"2946\" data-end=\"3021\">2. Vapme Shisha 15000 este mai aproape de shisha sau de o inhalare de \u021bigar\u0103?<\/strong><br data-start=\"3021\" data-end=\"3024\" \/>Tinde spre shisha. The <strong data-start=\"3045\" data-end=\"3058\">bobin\u0103 de 0.6\u03a9<\/strong> pe <strong data-start=\"3066\" data-end=\"3100\">Vapme Shisha 15000 vape<\/strong> ofer\u0103 o inhalare mai deschis\u0103 \u0219i un vapori mai dens dec\u00e2t dispozitivele MTL str\u00e2nse.<\/p>\n<p data-start=\"3172\" data-end=\"3428\"><strong data-start=\"3172\" data-end=\"3247\">3. Ce nivel de nicotin\u0103 este disponibil din gama Vapme 15k shisha?<\/strong><br data-start=\"3247\" data-end=\"3250\" \/>Exist\u0103 dou\u0103 op\u021biuni: <strong data-start=\"3273\" data-end=\"3279\">0%<\/strong> pentru f\u0103r\u0103 nicotin\u0103 \u0219i <strong data-start=\"3300\" data-end=\"3306\">2%<\/strong> pentru o doz\u0103 u\u0219oar\u0103 \u0219i constant\u0103. Versiunea <strong data-start=\"3336\" data-end=\"3377\">Vapme 150000 Shisha 2% nicotin\u0103<\/strong> se potrive\u0219te fum\u0103torilor care doresc ceva moderat.<\/p>\n<p data-start=\"3430\" data-end=\"3683\"><strong data-start=\"3430\" data-end=\"3510\">4. C\u00e2t timp dureaz\u0103 un Vapme Shisha 15000 de unic\u0103 folosin\u021b\u0103 \u00een utilizarea zilnic\u0103?<\/strong><br data-start=\"3510\" data-end=\"3513\" \/>Utilizarea variaz\u0103, dar <strong data-start=\"3535\" data-end=\"3557\">ratingul de 15.000 de pufuri<\/strong> plus <strong data-start=\"3563\" data-end=\"3578\">25ml lichid<\/strong> de obicei se \u00eentinde mult mai mult dec\u00e2t cele mici de unic\u0103 folosin\u021b\u0103, mai ales c\u00e2nd \u00eencarci bateria dup\u0103 nevoie.<\/p>\n<p data-start=\"3685\" data-end=\"3961\"><strong data-start=\"3685\" data-end=\"3758\">5. Ce arome sunt disponibile pentru Vapme Shisha 15k pufuri?<\/strong><br data-start=\"3758\" data-end=\"3761\" \/>Aceasta <strong data-start=\"3765\" data-end=\"3801\">Vapme <\/strong>\u00a0linia de vape ofer\u0103 <strong data-start=\"3814\" data-end=\"3828\">24 de arome<\/strong>, acoperind fructe, ghea\u021b\u0103 \u0219i amestecuri mai dulci. Magazinele pot avea o gam\u0103 variat\u0103 \u00een func\u021bie de cererea local\u0103, iar utilizatorii pot r\u0103m\u00e2ne fideli unui profil familiar.<\/p>\n<\/div>\n<\/div>\n<\/div>\n<\/div>","protected":false},"excerpt":{"rendered":"<p>Vapme Shisha Hookah 15000 Vape de unic\u0103 folosin\u021b\u0103 Achizi\u021bie en gros Pre\u021b ieftin<br \/>\nVapme 15K Puff Vape de unic\u0103 folosin\u021b\u0103 Pre\u021b en gros pentru Shisha Hookah<br \/>\nVapme Shisha 15k Vape re\u00eenc\u0103rcabil cu arome complete \u00een stoc<\/p>\n<p><strong>Adaug\u0103 whatsapp-ul lui Amy pentru a primi r\u0103spuns imediat \u0219i un cupon de vape!<\/strong><\/p>\n<p><img fetchpriority=\"high\" decoding=\"async\" class=\"size-full wp-image-2932\" src=\"https:\/\/vapestornado.com\/wp-content\/uploads\/2024\/12\/Vape-Wholesale.jpg\" alt=\"\u021aig\u0103ri electronice cu ridicata\" width=\"229\" height=\"300\" \/><\/p>\n<h3><a href=\"https:\/\/wa.me\/8617776015835\"><span style=\"color: #ff0000;\"><strong>WhatsApp: +86 17776015835<\/strong><\/span><\/a><\/h3>\n<p>&nbsp;<\/p>","protected":false},"featured_media":3094,"comment_status":"open","ping_status":"closed","template":"","meta":{"_acf_changed":false,"_uag_custom_page_level_css":"","_lmt_disableupdate":"no","_lmt_disable":"","_monsterinsights_skip_tracking":false,"_monsterinsights_sitenote_active":false,"_monsterinsights_sitenote_note":"","_monsterinsights_sitenote_category":0,"site-sidebar-layout":"default","site-content-layout":"","ast-site-content-layout":"default","site-content-style":"default","site-sidebar-style":"default","ast-global-header-display":"","ast-banner-title-visibility":"","ast-main-header-display":"","ast-hfb-above-header-display":"","ast-hfb-below-header-display":"","ast-hfb-mobile-header-display":"","site-post-title":"","ast-breadcrumbs-content":"","ast-featured-img":"","footer-sml-layout":"","ast-disable-related-posts":"","theme-transparent-header-meta":"default","adv-header-id-meta":"","stick-header-meta":"","header-above-stick-meta":"","header-main-stick-meta":"","header-below-stick-meta":"","astra-migrate-meta-layouts":"set","ast-page-background-enabled":"default","ast-page-background-meta":{"desktop":{"background-color":"","background-image":"","background-repeat":"repeat","background-position":"center center","background-size":"auto","background-attachment":"scroll","background-type":"","background-media":"","overlay-type":"","overlay-color":"","overlay-opacity":"","overlay-gradient":""},"tablet":{"background-color":"","background-image":"","background-repeat":"repeat","background-position":"center center","background-size":"auto","background-attachment":"scroll","background-type":"","background-media":"","overlay-type":"","overlay-color":"","overlay-opacity":"","overlay-gradient":""},"mobile":{"background-color":"","background-image":"","background-repeat":"repeat","background-position":"center center","background-size":"auto","background-attachment":"scroll","background-type":"","background-media":"","overlay-type":"","overlay-color":"","overlay-opacity":"","overlay-gradient":""}},"ast-content-background-meta":{"desktop":{"background-color":"var(--ast-global-color-5)","background-image":"","background-repeat":"repeat","background-position":"center center","background-size":"auto","background-attachment":"scroll","background-type":"","background-media":"","overlay-type":"","overlay-color":"","overlay-opacity":"","overlay-gradient":""},"tablet":{"background-color":"var(--ast-global-color-5)","background-image":"","background-repeat":"repeat","background-position":"center center","background-size":"auto","background-attachment":"scroll","background-type":"","background-media":"","overlay-type":"","overlay-color":"","overlay-opacity":"","overlay-gradient":""},"mobile":{"background-color":"var(--ast-global-color-5)","background-image":"","background-repeat":"repeat","background-position":"center center","background-size":"auto","background-attachment":"scroll","background-type":"","background-media":"","overlay-type":"","overlay-color":"","overlay-opacity":"","overlay-gradient":""}},"_joinchat":{"telephone":"+8617776015835"}},"product_brand":[],"product_cat":[71,150,154,156,144,146,147,61],"product_tag":[131,93,132,130],"class_list":{"0":"post-3099","1":"product","2":"type-product","3":"status-publish","4":"has-post-thumbnail","6":"product_cat-15000-puff","7":"product_cat-buy-disposable-vapes-in-belgium","8":"product_cat-buy-disposable-vapes-in-netherlands","9":"product_cat-buy-disposable-vapes-in-poland","10":"product_cat-low-nicotine-disposable-vapes","11":"product_cat-rechargeable-disposable-vapes","12":"product_cat-shisha-hookah-disposable-vapes","13":"product_cat-vapme-shisha","14":"product_tag-shisha-hookah","15":"product_tag-vape-wholesale","16":"product_tag-vapme-shisha-15000","17":"product_tag-vapme-shisha-hookah-15000","18":"desktop-align-left","19":"tablet-align-left","20":"mobile-align-left","22":"first","23":"instock","24":"sale","25":"shipping-taxable","26":"purchasable","27":"product-type-simple"},"acf":[],"uagb_featured_image_src":{"full":["https:\/\/vapestornado.com\/wp-content\/uploads\/2024\/12\/JNR-Vapme-Shisha-Hookah-15000-Wholesale.jpg",1126,1126,false],"thumbnail":["https:\/\/vapestornado.com\/wp-content\/uploads\/2024\/12\/JNR-Vapme-Shisha-Hookah-15000-Wholesale-150x150.jpg",150,150,true],"medium":["https:\/\/vapestornado.com\/wp-content\/uploads\/2024\/12\/JNR-Vapme-Shisha-Hookah-15000-Wholesale-300x300.jpg",300,300,true],"medium_large":["https:\/\/vapestornado.com\/wp-content\/uploads\/2024\/12\/JNR-Vapme-Shisha-Hookah-15000-Wholesale-768x768.jpg",768,768,true],"large":["https:\/\/vapestornado.com\/wp-content\/uploads\/2024\/12\/JNR-Vapme-Shisha-Hookah-15000-Wholesale-1024x1024.jpg",1024,1024,true],"1536x1536":["https:\/\/vapestornado.com\/wp-content\/uploads\/2024\/12\/JNR-Vapme-Shisha-Hookah-15000-Wholesale.jpg",1126,1126,false],"2048x2048":["https:\/\/vapestornado.com\/wp-content\/uploads\/2024\/12\/JNR-Vapme-Shisha-Hookah-15000-Wholesale.jpg",1126,1126,false],"trp-custom-language-flag":["https:\/\/vapestornado.com\/wp-content\/uploads\/2024\/12\/JNR-Vapme-Shisha-Hookah-15000-Wholesale.jpg",12,12,false],"woocommerce_thumbnail":["https:\/\/vapestornado.com\/wp-content\/uploads\/2024\/12\/JNR-Vapme-Shisha-Hookah-15000-Wholesale-300x300.jpg",300,300,true],"woocommerce_single":["https:\/\/vapestornado.com\/wp-content\/uploads\/2024\/12\/JNR-Vapme-Shisha-Hookah-15000-Wholesale-600x600.jpg",600,600,true],"woocommerce_gallery_thumbnail":["https:\/\/vapestornado.com\/wp-content\/uploads\/2024\/12\/JNR-Vapme-Shisha-Hookah-15000-Wholesale-100x100.jpg",100,100,true]},"uagb_author_info":{"display_name":"ESAMY","author_link":"https:\/\/vapestornado.com\/ro\/author\/"},"uagb_comment_info":0,"uagb_excerpt":"Vapme Shisha Hookah 15000 Disposable Vape Bulk Buy Cheap Price Vapme 15K Puff Disposable Shisha Hookah Wholesale Price Vapme Shisha 15k Rechargeable Vape with Full Flavors in Stock Add Amy's whatsapp get right reply and vape vape coupon! WhatsApp: +86 17776015835 &nbsp;","_links":{"self":[{"href":"https:\/\/vapestornado.com\/ro\/wp-json\/wp\/v2\/product\/3099","targetHints":{"allow":["GET"]}}],"collection":[{"href":"https:\/\/vapestornado.com\/ro\/wp-json\/wp\/v2\/product"}],"about":[{"href":"https:\/\/vapestornado.com\/ro\/wp-json\/wp\/v2\/types\/product"}],"replies":[{"embeddable":true,"href":"https:\/\/vapestornado.com\/ro\/wp-json\/wp\/v2\/comments?post=3099"}],"wp:featuredmedia":[{"embeddable":true,"href":"https:\/\/vapestornado.com\/ro\/wp-json\/wp\/v2\/media\/3094"}],"wp:attachment":[{"href":"https:\/\/vapestornado.com\/ro\/wp-json\/wp\/v2\/media?parent=3099"}],"wp:term":[{"taxonomy":"product_brand","embeddable":true,"href":"https:\/\/vapestornado.com\/ro\/wp-json\/wp\/v2\/product_brand?post=3099"},{"taxonomy":"product_cat","embeddable":true,"href":"https:\/\/vapestornado.com\/ro\/wp-json\/wp\/v2\/product_cat?post=3099"},{"taxonomy":"product_tag","embeddable":true,"href":"https:\/\/vapestornado.com\/ro\/wp-json\/wp\/v2\/product_tag?post=3099"}],"curies":[{"name":"wp","href":"https:\/\/api.w.org\/{rel}","templated":true}]}}