{"id":3083,"date":"2024-12-11T09:26:24","date_gmt":"2024-12-11T09:26:24","guid":{"rendered":"https:\/\/vapestornado.com\/?post_type=product&#038;p=3083"},"modified":"2025-08-23T11:13:51","modified_gmt":"2025-08-23T11:13:51","slug":"randm-vape-tornado-7000-puffs-disposable-vape-bulk-buy-price-germany","status":"publish","type":"product","link":"https:\/\/vapestornado.com\/ro\/product\/randm-vape-tornado-7000-puffs-disposable-vape-bulk-buy-price-germany\/","title":{"rendered":"RandM Vape Tornado 7000 Puffs Vape de unic\u0103 folosin\u021b\u0103 Cump\u0103rare \u00een vrac Pre\u021b Germania"},"content":{"rendered":"<h1 class=\"product-title\">RandM Vape Tornado 7000 Puffs Vape de unic\u0103 folosin\u021b\u0103 Cump\u0103rare \u00een vrac Pre\u021b Germania<\/h1>\n<p data-start=\"178\" data-end=\"507\">Sistemul <strong data-start=\"182\" data-end=\"220\">RandM Tornado 7000 Vape de Unic\u0103 Folosin\u021b\u0103<\/strong> este un v\u00e2nz\u0103tor puternic pe pia\u021ba rom\u00e2neasc\u0103, combin\u00e2nd performan\u021be fiabile cu un apel larg la arom\u0103 la un pre\u021b competitiv <strong data-start=\"336\" data-end=\"354\">pre\u021b pentru cump\u0103rare \u00een vrac<\/strong>. Cu p\u00e2n\u0103 la <strong data-start=\"367\" data-end=\"391\">7.000 de pufuri per unitate<\/strong>, acest model ofer\u0103 comercian\u021bilor cu am\u0103nuntul o op\u021biune accesibil\u0103, dar durabil\u0103, pentru clien\u021bii care caut\u0103 at\u00e2t arom\u0103, c\u00e2t \u0219i confort.<span id=\"1\" class=\"notranslate immersive-translate-target-wrapper\" lang=\"zh-CN\" translate=\"no\" data-immersive-translate-loading-id=\"\">\u00a0 <\/span><\/p>\n<p data-start=\"509\" data-end=\"785\">Echipat cu un <strong data-start=\"525\" data-end=\"557\">Baterie re\u00eenc\u0103rcabil\u0103 de 1000 mAh<\/strong> si <strong data-start=\"562\" data-end=\"586\">\u00eenc\u0103rcare rapid\u0103 de tip C<\/strong>, RandM 7K asigur\u0103 o utilizare continu\u0103 f\u0103r\u0103 lichid electronic irosit. Un <strong data-start=\"654\" data-end=\"683\">sistemul de flux de aer reglabil<\/strong> permite utilizatorilor s\u0103 comute \u00eentre trageri mai str\u00e2nse sau mai deschise, f\u0103c\u00e2ndu-l potrivit pentru diferite preferin\u021be.<\/p>\n<p data-start=\"787\" data-end=\"1022\">Cu <strong data-start=\"792\" data-end=\"816\">56 de variet\u0103\u021bi de arome<\/strong> variind de la profiluri fructate la desert, acest dispozitiv se adreseaz\u0103 diverselor baze de clien\u021bi rom\u00e2ni. Cel <strong data-start=\"915\" data-end=\"938\">format cu con\u021binut sc\u0103zut de nicotin\u0103<\/strong> (2% sau mai jos) \u00eel face o op\u021biune atractiv\u0103 pentru vaperii care caut\u0103 sesiuni mai u\u0219oare.<\/p>\n<p data-start=\"1024\" data-end=\"1096\">Pentru distribuitori \u0219i proprietari de magazine, <strong data-start=\"1062\" data-end=\"1084\">RandM Tornado 7000<\/strong> ofer\u0103:<\/p>\n<ul data-start=\"1097\" data-end=\"1349\">\n<li data-start=\"1097\" data-end=\"1151\">\n<p data-start=\"1099\" data-end=\"1151\">O capacitate de pufuri de gam\u0103 medie, ideal\u0103 pentru v\u00e2nz\u0103rile de zi cu zi<\/p>\n<\/li>\n<li data-start=\"1152\" data-end=\"1200\">\n<p data-start=\"1154\" data-end=\"1200\">Catalog larg de arome pentru achizi\u021bii repetate<\/p>\n<\/li>\n<li data-start=\"1201\" data-end=\"1257\">\n<p data-start=\"1203\" data-end=\"1257\">Design re\u00eenc\u0103rcabil, reduc\u00e2nd return\u0103rile \u0219i reclama\u021biile<\/p>\n<\/li>\n<li data-start=\"1258\" data-end=\"1349\">\n<p data-start=\"1260\" data-end=\"1349\"><strong data-start=\"1260\" data-end=\"1312\">Ambalare angro \u0219i pre\u021buri competitive la vrac<\/strong> adaptate pie\u021belor UE \u0219i din Rom\u00e2nia<\/p>\n<\/li>\n<\/ul>\n<p><strong>Adaug\u0103 r\u0103spunsul corect de pe Whatsapp al lui Amy \u0219i cuponul de vape!<\/strong><\/p>\n<p><img fetchpriority=\"high\" decoding=\"async\" class=\"size-full wp-image-2932\" src=\"https:\/\/vapestornado.com\/wp-content\/uploads\/2024\/12\/Vape-Wholesale.jpg\" alt=\"\u021aig\u0103ri electronice cu ridicata\" width=\"229\" height=\"300\" \/><\/p>\n<h3><a href=\"https:\/\/wa.me\/8617776015835\" target=\"_blank\" rel=\"noopener\"><span style=\"color: #ff0000;\"><strong>WhatsApp: +86 17776015835<\/strong><\/span><\/a><\/h3>\n<p>&nbsp;<\/p>\n<h2><strong>Caracteristicile produsului RandM Tornado 7000<\/strong><\/h2>\n<p>Baterie integrat\u0103 de 1000mAh<br \/>\nBaterie re\u00eenc\u0103rcabil\u0103<br \/>\n7000 de pufuri per dispozitiv<br \/>\nControlul fluxului de aer<br \/>\n56 de arome disponibile<br \/>\nRe\u00eenc\u0103rcare de tip C<\/p>\n<h2 class=\"product-title\"><strong>Lista de arome RandM Tornado 7000<\/strong><\/h2>\n<p>1 Ment\u0103 rece<br \/>\n2 Ghea\u021b\u0103 luxuriant\u0103<br \/>\n3 Ghea\u021b\u0103 de Mandarin\u0103<br \/>\n4 Gogoa\u0219\u0103 cu C\u0103p\u0219uni<br \/>\n5 Ursule\u021b Gum\u0103<br \/>\n6 Afine cu Ghea\u021b\u0103<br \/>\n7 Mango cu Ghea\u021b\u0103<br \/>\n8 Piersic\u0103 cu Ghea\u021b\u0103<br \/>\n9 Banan\u0103 cu Ghea\u021b\u0103<br \/>\n10 Struguri cu Ghea\u021b\u0103<br \/>\n11 Limonad\u0103 Roz<br \/>\n12 Rom Pina Colada<br \/>\n13 Fructe de P\u0103dure Mixte<br \/>\n14 Milkshake de Banane<br \/>\n15 C\u0103p\u0219uni \u0219i Pepene Verde<br \/>\n16 L\u0103m\u00e2ie cu M\u0103r Ro\u0219u<br \/>\n17 Ananas cu Ghea\u021b\u0103<br \/>\n18 Vat\u0103 de Zah\u0103r<br \/>\n19 C\u0103p\u0219uni \u0219i Banane<br \/>\n20 C\u0103p\u0219uni cu Ghea\u021b\u0103<br \/>\n21 C\u0103p\u0219uni \u0219i Kiwi<br \/>\n22 Ghea\u021b\u0103 cu Energie Ro\u0219ie<br \/>\n23. Limonad\u0103 cu Zmeur\u0103 Albastr\u0103<br \/>\n24. Ghea\u021b\u0103 de Mere Ro\u0219ii<br \/>\n25. Limonad\u0103 cu Fructe de P\u0103dure<br \/>\n26. Gum\u0103 de Mestecat cu Afine<br \/>\n27. Zmeur\u0103 Acri\u0219oar\u0103 Albastr\u0103<br \/>\n28. Dr. Blue<br \/>\n29. Par\u0103 cu Mere \u0219i Piersici<br \/>\n30. Rodie cu Afine<br \/>\n31. Vimto<br \/>\n32. Guava cu Kiwi \u0219i Fructul Pasiunii<br \/>\n33. Colaice<br \/>\n34. M\u0103r Acru<br \/>\n35. Mentol de Coac\u0103ze Negre<br \/>\n36. S\u00e2nge de Tigru<br \/>\n37. Bomboane cu Piersici \u0219i Afine<br \/>\n38. Piersic\u0103 Mango<br \/>\n39. Red Bull cu C\u0103p\u0219uni<br \/>\n40. Ghea\u021b\u0103 de Coac\u0103ze Negre<br \/>\n41. Limonad\u0103 de C\u0103p\u0219uni \u0219i Pepene Verde<br \/>\n42. Cire\u0219e<br \/>\n43. Cire\u0219e Albastre Razz<br \/>\n44. Skittles<br \/>\n45. Zmeur\u0103 cu Afine<br \/>\n46. Struguri cu C\u0103p\u0219uni<br \/>\n47. Afine, Cire\u0219e \u0219i Meri\u0219oare<br \/>\n48. Explozie de Fructe de P\u0103dure \u0219i Mere<br \/>\n49. Cola cu Cire\u0219e<br \/>\n50. L\u0103m\u00e2ie<br \/>\n51. Explozie Roz<br \/>\n52. R\u0103coritor Pacific<br \/>\n53. \u00cenghe\u021bat\u0103<br \/>\n54. Bingo Crush<\/p>\n<h2>De ce s\u0103 alege\u021bi vapestornado pentru v\u00e2nz\u0103ri en-gros de vapat Fumot RandM 7k?<\/h2>\n<div class=\"flex-shrink-0 flex flex-col relative items-end\">\n<div class=\"pt-0\">\n<div class=\"gizmo-bot-avatar flex h-8 w-8 items-center justify-center overflow-hidden rounded-full\">\n<div class=\"relative p-1 rounded-sm flex items-center justify-center bg-token-main-surface-primary text-token-text-primary h-8 w-8\">\n<p>Bun venit la vapestornado, magazinul t\u0103u online de \u00eencredere pentru vape-uri de unic\u0103 folosin\u021b\u0103 premium. Cu o experien\u021b\u0103 de peste 5 ani, \u00ee\u021bi aducem branduri populare de vape-uri de unic\u0103 folosin\u021b\u0103, precum Fumot RandM Vape, <a href=\"https:\/\/vapestornado.com\/ro\/product\/vapme-crystal-7000-puffs-rechargeable-disposable-vape-wholesale-cheap-price\/\">Vapme<\/a>, Bang Vape, Waspe Vape \u0219i WGA Vape, etc.<\/p>\n<p>Gama noastr\u0103 include vape-uri populare precum <a href=\"https:\/\/vapestornado.com\/ro\/product\/fumot-randm-tornado-15000-puffs-rechargeable-disposable-vape-wholesale\/\">RandM Tornado 15000<\/a>, \u0219i op\u021biuni bogate \u00een arome, precum <a href=\"https:\/\/vapestornado.com\/ro\/product\/waspe-40000-puffs-double-flavour-led-display-disposable-vape-wholesale\/\">WASPE Arom\u0103 Dubl\u0103 40000 Pufuri<\/a> . Fiecare produs este ales cu accent pe calitate, valoare \u0219i varietate, asigur\u00e2ndu-ne c\u0103 g\u0103se\u0219ti potrivirea perfect\u0103 pentru nevoile tale. Descoper\u0103 servicii excep\u021bionale \u0219i o gam\u0103 larg\u0103 de produse de top cu pre\u021buri de gros la vapestornado.<\/p>\n<\/div>\n<h3><\/h3>\n<div class=\"relative p-1 rounded-sm flex items-center justify-center bg-token-main-surface-primary text-token-text-primary h-8 w-8\">\n<h2>\u00centreb\u0103ri frecvente despre vapatul de unic\u0103 folosin\u021b\u0103 RandM 7000 Music<\/h2>\n<\/div>\n<\/div>\n<\/div>\n<\/div>\n<div class=\"flex-shrink-0 flex flex-col relative items-end\">\n<div class=\"pt-0\">\n<div class=\"gizmo-bot-avatar flex h-8 w-8 items-center justify-center overflow-hidden rounded-full\">\n<div class=\"relative p-1 rounded-sm flex items-center justify-center bg-token-main-surface-primary text-token-text-primary h-8 w-8\">\n<div class=\"mb-2 flex gap-3 empty:hidden -ml-2\">\n<h3><\/h3>\n<ol>\n<li><strong>C\u00e2te pufuri ofer\u0103 RandM 7000?<\/strong><br \/>\nRandM 7000 ofer\u0103 un num\u0103r impresionant de 7.000 de pufuri per dispozitiv, asigur\u00e2nd o utilizare de lung\u0103 durat\u0103 pentru fiecare sesiune de vapat.<\/li>\n<li><strong>Poate fi re\u00eenc\u0103rcat RandM 7000?<\/strong><br \/>\nDa, dispozitivul este echipat cu o baterie re\u00eenc\u0103rcabil\u0103 de 1000mAh \u0219i suport\u0103 \u00eenc\u0103rcare rapid\u0103 de tip C pentru un plus de confort.<\/li>\n<li><strong>C\u00e2te arome sunt disponibile pentru Fumot Tornado 7000?<\/strong><br \/>\nFumot Tornado 7000 este disponibil \u00een 56 de arome diferite, oferind o varietate larg\u0103 pentru a satisface preferin\u021be diverse.<\/li>\n<li><strong>Este RandM Tornado 7k potrivit pentru utilizatorii cu nicotin\u0103 sc\u0103zut\u0103?<\/strong><br \/>\nDa, RandM Tornado 7k este o <strong>vape de unic\u0103 folosin\u021b\u0103 cu con\u021binut sc\u0103zut de nicotin\u0103<\/strong>, fiind o op\u021biune excelent\u0103 pentru cei care prefer\u0103 o experien\u021b\u0103 de vapat mai bl\u00e2nd\u0103 \u0219i mai lin\u0103.<\/li>\n<li><strong>Pot cump\u0103ra RandM Tornado 7000 \u00een vrac la pre\u021buri de en-gros?<\/strong><br \/>\nAbsolut! RandM Tornado 7000 este disponibil pentru <strong>vape en-gros<\/strong>, oferind pre\u021buri competitive pentru v\u00e2nz\u0103ri \u00een vrac destinate comercian\u021bilor din Rom\u00e2nia \u0219i dincolo de ea.<\/li>\n<\/ol>\n<p>&nbsp;<\/p>\n<\/div>\n<\/div>\n<\/div>\n<\/div>\n<\/div>\n<div class=\"group\/conversation-turn relative flex w-full min-w-0 flex-col agent-turn\">\n<div class=\"flex-col gap-1 md:gap-3\">\n<div class=\"flex max-w-full flex-col flex-grow\">\n<div class=\"min-h-8 text-message flex w-full flex-col items-end gap-2 whitespace-normal break-words [.text-message+&amp;]:mt-5\" dir=\"auto\" data-message-author-role=\"assistant\" data-message-id=\"db716a1c-9ed0-4b8d-b3b0-7bdb913c3d42\" data-message-model-slug=\"gpt-4o\">\n<div class=\"flex w-full flex-col gap-1 empty:hidden first:pt-[3px]\">\n<div class=\"markdown prose w-full break-words dark:prose-invert light\">\n<p>&nbsp;<\/p>\n<\/div>\n<\/div>\n<\/div>\n<\/div>\n<\/div>\n<\/div>","protected":false},"excerpt":{"rendered":"<p>Sistemul <strong data-start=\"1398\" data-end=\"1426\">RandM Tornado 7000 Pufuri<\/strong> ofer\u0103 56 de arome, baterie re\u00eenc\u0103rcabil\u0103 de 1000mAh \u0219i flux de aer reglabil. Un vape de unic\u0103 folosin\u021b\u0103 de capacitate medie, conceput pentru <strong data-start=\"1545\" data-end=\"1578\">cump\u0103r\u0103torii angro din Rom\u00e2nia<\/strong> la pre\u021buri competitive.<\/p>\n<p><strong>Adaug\u0103 whatsapp-ul lui Amy pentru a primi r\u0103spuns imediat \u0219i un cupon de vape!<\/strong><\/p>\n<p><img fetchpriority=\"high\" decoding=\"async\" class=\"size-full wp-image-2932\" src=\"https:\/\/vapestornado.com\/wp-content\/uploads\/2024\/12\/Vape-Wholesale.jpg\" alt=\"\u021aig\u0103ri electronice cu ridicata\" width=\"229\" height=\"300\" \/><\/p>\n<h3><a href=\"https:\/\/wa.me\/8617776015835\"><span style=\"color: #ff0000;\"><strong>WhatsApp: +86 17776015835<\/strong><\/span><\/a><\/h3>\n<p>&nbsp;<\/p>","protected":false},"featured_media":3080,"comment_status":"open","ping_status":"closed","template":"","meta":{"_acf_changed":false,"_uag_custom_page_level_css":"","_lmt_disableupdate":"no","_lmt_disable":"","_monsterinsights_skip_tracking":false,"_monsterinsights_sitenote_active":false,"_monsterinsights_sitenote_note":"","_monsterinsights_sitenote_category":0,"site-sidebar-layout":"default","site-content-layout":"","ast-site-content-layout":"default","site-content-style":"default","site-sidebar-style":"default","ast-global-header-display":"","ast-banner-title-visibility":"","ast-main-header-display":"","ast-hfb-above-header-display":"","ast-hfb-below-header-display":"","ast-hfb-mobile-header-display":"","site-post-title":"","ast-breadcrumbs-content":"","ast-featured-img":"","footer-sml-layout":"","ast-disable-related-posts":"","theme-transparent-header-meta":"default","adv-header-id-meta":"","stick-header-meta":"","header-above-stick-meta":"","header-main-stick-meta":"","header-below-stick-meta":"","astra-migrate-meta-layouts":"set","ast-page-background-enabled":"default","ast-page-background-meta":{"desktop":{"background-color":"","background-image":"","background-repeat":"repeat","background-position":"center center","background-size":"auto","background-attachment":"scroll","background-type":"","background-media":"","overlay-type":"","overlay-color":"","overlay-opacity":"","overlay-gradient":""},"tablet":{"background-color":"","background-image":"","background-repeat":"repeat","background-position":"center center","background-size":"auto","background-attachment":"scroll","background-type":"","background-media":"","overlay-type":"","overlay-color":"","overlay-opacity":"","overlay-gradient":""},"mobile":{"background-color":"","background-image":"","background-repeat":"repeat","background-position":"center center","background-size":"auto","background-attachment":"scroll","background-type":"","background-media":"","overlay-type":"","overlay-color":"","overlay-opacity":"","overlay-gradient":""}},"ast-content-background-meta":{"desktop":{"background-color":"var(--ast-global-color-5)","background-image":"","background-repeat":"repeat","background-position":"center center","background-size":"auto","background-attachment":"scroll","background-type":"","background-media":"","overlay-type":"","overlay-color":"","overlay-opacity":"","overlay-gradient":""},"tablet":{"background-color":"var(--ast-global-color-5)","background-image":"","background-repeat":"repeat","background-position":"center center","background-size":"auto","background-attachment":"scroll","background-type":"","background-media":"","overlay-type":"","overlay-color":"","overlay-opacity":"","overlay-gradient":""},"mobile":{"background-color":"var(--ast-global-color-5)","background-image":"","background-repeat":"repeat","background-position":"center center","background-size":"auto","background-attachment":"scroll","background-type":"","background-media":"","overlay-type":"","overlay-color":"","overlay-opacity":"","overlay-gradient":""}},"_joinchat":{"telephone":"+8617776015835"}},"product_brand":[],"product_cat":[74,151,152,143,58,144,148],"product_tag":[83,128,127,129,78,114,93],"class_list":{"0":"post-3083","1":"product","2":"type-product","3":"status-publish","4":"has-post-thumbnail","6":"product_cat-7000-puff","7":"product_cat-buy-disposable-vapes-in-france","8":"product_cat-buy-disposable-vapes-in-cermany","9":"product_cat-dual-mesh-disposable-vapes","10":"product_cat-fumot-vape","11":"product_cat-low-nicotine-disposable-vapes","12":"product_cat-tornado-disposable-vapes","13":"product_tag-fumot-vape","14":"product_tag-randm-7000","15":"product_tag-randm-tornado-7000","16":"product_tag-randm-tornado-7000-germany","17":"product_tag-randm-vape","18":"product_tag-tornado-vape","19":"product_tag-vape-wholesale","20":"desktop-align-left","21":"tablet-align-left","22":"mobile-align-left","24":"first","25":"instock","26":"sale","27":"shipping-taxable","28":"purchasable","29":"product-type-simple"},"acf":[],"uagb_featured_image_src":{"full":["https:\/\/vapestornado.com\/wp-content\/uploads\/2024\/12\/RandM-Tornado-7000-Puffs-Disposable-Vape.jpg",1126,1126,false],"thumbnail":["https:\/\/vapestornado.com\/wp-content\/uploads\/2024\/12\/RandM-Tornado-7000-Puffs-Disposable-Vape-150x150.jpg",150,150,true],"medium":["https:\/\/vapestornado.com\/wp-content\/uploads\/2024\/12\/RandM-Tornado-7000-Puffs-Disposable-Vape-300x300.jpg",300,300,true],"medium_large":["https:\/\/vapestornado.com\/wp-content\/uploads\/2024\/12\/RandM-Tornado-7000-Puffs-Disposable-Vape-768x768.jpg",768,768,true],"large":["https:\/\/vapestornado.com\/wp-content\/uploads\/2024\/12\/RandM-Tornado-7000-Puffs-Disposable-Vape-1024x1024.jpg",1024,1024,true],"1536x1536":["https:\/\/vapestornado.com\/wp-content\/uploads\/2024\/12\/RandM-Tornado-7000-Puffs-Disposable-Vape.jpg",1126,1126,false],"2048x2048":["https:\/\/vapestornado.com\/wp-content\/uploads\/2024\/12\/RandM-Tornado-7000-Puffs-Disposable-Vape.jpg",1126,1126,false],"trp-custom-language-flag":["https:\/\/vapestornado.com\/wp-content\/uploads\/2024\/12\/RandM-Tornado-7000-Puffs-Disposable-Vape.jpg",12,12,false],"woocommerce_thumbnail":["https:\/\/vapestornado.com\/wp-content\/uploads\/2024\/12\/RandM-Tornado-7000-Puffs-Disposable-Vape-300x300.jpg",300,300,true],"woocommerce_single":["https:\/\/vapestornado.com\/wp-content\/uploads\/2024\/12\/RandM-Tornado-7000-Puffs-Disposable-Vape-600x600.jpg",600,600,true],"woocommerce_gallery_thumbnail":["https:\/\/vapestornado.com\/wp-content\/uploads\/2024\/12\/RandM-Tornado-7000-Puffs-Disposable-Vape-100x100.jpg",100,100,true]},"uagb_author_info":{"display_name":"ESAMY","author_link":"https:\/\/vapestornado.com\/ro\/author\/"},"uagb_comment_info":0,"uagb_excerpt":"The RandM Tornado 7000 Puffs offers 56 flavours, 1000mAh rechargeable battery, and adjustable airflow. A mid-capacity disposable vape designed for Germany wholesale bulk buyers at competitive prices. Add Amy's whatsapp get right reply and vape vape coupon! WhatsApp: +86 17776015835 &nbsp;","_links":{"self":[{"href":"https:\/\/vapestornado.com\/ro\/wp-json\/wp\/v2\/product\/3083","targetHints":{"allow":["GET"]}}],"collection":[{"href":"https:\/\/vapestornado.com\/ro\/wp-json\/wp\/v2\/product"}],"about":[{"href":"https:\/\/vapestornado.com\/ro\/wp-json\/wp\/v2\/types\/product"}],"replies":[{"embeddable":true,"href":"https:\/\/vapestornado.com\/ro\/wp-json\/wp\/v2\/comments?post=3083"}],"wp:featuredmedia":[{"embeddable":true,"href":"https:\/\/vapestornado.com\/ro\/wp-json\/wp\/v2\/media\/3080"}],"wp:attachment":[{"href":"https:\/\/vapestornado.com\/ro\/wp-json\/wp\/v2\/media?parent=3083"}],"wp:term":[{"taxonomy":"product_brand","embeddable":true,"href":"https:\/\/vapestornado.com\/ro\/wp-json\/wp\/v2\/product_brand?post=3083"},{"taxonomy":"product_cat","embeddable":true,"href":"https:\/\/vapestornado.com\/ro\/wp-json\/wp\/v2\/product_cat?post=3083"},{"taxonomy":"product_tag","embeddable":true,"href":"https:\/\/vapestornado.com\/ro\/wp-json\/wp\/v2\/product_tag?post=3083"}],"curies":[{"name":"wp","href":"https:\/\/api.w.org\/{rel}","templated":true}]}}