{"id":3076,"date":"2024-12-11T08:15:21","date_gmt":"2024-12-11T08:15:21","guid":{"rendered":"https:\/\/vapestornado.com\/?post_type=product&#038;p=3076"},"modified":"2025-12-09T09:39:23","modified_gmt":"2025-12-09T09:39:23","slug":"randm-tornado-30000-puffs-music-rechargeable-disposable-vape-pen-wholesale","status":"publish","type":"product","link":"https:\/\/vapestornado.com\/ro\/product\/randm-tornado-30000-puffs-music-rechargeable-disposable-vape-pen-wholesale\/","title":{"rendered":"RandM Tornado 30000 Puffs Muzic\u0103 Re\u00eenc\u0103rcabil\u0103 Vape de unic\u0103 folosin\u021b\u0103 en-gros"},"content":{"rendered":"<h1 class=\"product-title\">RandM Tornado 30000 Puffs Muzic\u0103 Re\u00eenc\u0103rcabil\u0103 Vape de unic\u0103 folosin\u021b\u0103 en-gros<\/h1>\n<p data-start=\"1141\" data-end=\"1425\">Fumot RandM Tornado 30000 Pufuri este un dispozitiv de unic\u0103 folosin\u021b\u0103 re\u00eenc\u0103rcabil cu 30.000 de pufuri, cu bobin\u0103 din plas\u0103 de 1.0\u03a9 \u0219i iluminare LED sincronizat\u0103 cu muzica, construit pentru sesiuni lungi, arom\u0103 stabil\u0103 \u0219i stil remarcabil.<\/p>\n<p data-start=\"915\" data-end=\"1120\"><strong data-start=\"915\" data-end=\"946\">Durat\u0103 lung\u0103 de via\u021b\u0103 f\u0103r\u0103 volum excesiv.<\/strong> Sistemul <strong data-start=\"951\" data-end=\"1000\">Vape de unic\u0103 folosin\u021b\u0103 RandM Tornado 30000 Pufuri<\/strong> este destinat utilizatorilor obi\u0219nui\u021bi care doresc un dispozitiv care s\u0103 dureze s\u0103pt\u0103m\u00e2ni, nu zile, \u0219i s\u0103 fie u\u0219or de purtat pentru rutinele zilnice.<\/p>\n<p data-start=\"1124\" data-end=\"1346\"><strong data-start=\"1124\" data-end=\"1172\">Stabilitatea bobinei din plas\u0103 \u00een fa\u021ba unui num\u0103r mare de pufuri.<\/strong> Acest FUMOT<strong data-start=\"1177\" data-end=\"1232\">\u00a0dispozitiv re\u00eenc\u0103rcabil de unic\u0103 folosin\u021b\u0103 cu bobin\u0103 din plas\u0103 de 30K<\/strong> folose\u0219te un <strong data-start=\"1240\" data-end=\"1258\">de tip mesh de 1.0\u03a9<\/strong> pentru a oferi inhal\u0103ri line, vapori dens \u0219i o degradare lent\u0103 a aromei chiar \u0219i \u00een gama de 30K.<\/p>\n<p data-start=\"1350\" data-end=\"1534\"><strong data-start=\"1350\" data-end=\"1397\">Putere Type-C care previne risipa de e-lichid.<\/strong> Cu o <strong data-start=\"1405\" data-end=\"1455\">Tornado Vape 30k re\u00eenc\u0103rcabil cu baterie de 650mAh Type-C<\/strong>, \u00eel re\u00eencarci c\u00e2nd este nevoie \u0219i continui s\u0103 vapezi p\u00e2n\u0103 c\u00e2nd dispozitivul se termin\u0103 efectiv.<\/p>\n<p data-start=\"1538\" data-end=\"1781\"><strong data-start=\"1538\" data-end=\"1577\">LED sincronizat cu muzica pentru medii sociale.<\/strong> Fumot <strong data-start=\"1582\" data-end=\"1616\">Tornado Vape<\/strong> pulseaz\u0103 luminile \u00een func\u021bie de playlist-ul t\u0103u, o func\u021bie care se vinde puternic \u00een <strong data-start=\"1682\" data-end=\"1736\">Rom\u00e2nia, Polonia, Spania, Italia \u0219i \u021a\u0103rile de Jos<\/strong>, \u00een special \u00een scenele de via\u021b\u0103 de noapte \u0219i weekend.<\/p>\n<p data-start=\"1785\" data-end=\"1987\"><strong data-start=\"1785\" data-end=\"1820\">Rotire larg\u0103 de arome integrat\u0103.<\/strong> 20 arome acoper\u0103 fructe, ghea\u021b\u0103 \u0219i profile clasice, astfel \u00eenc\u00e2t <strong data-start=\"1884\" data-end=\"1922\">RandM 30K dispozitiv de unic\u0103 folosin\u021b\u0103<\/strong> r\u0103m\u00e2ne interesant pe termen lung f\u0103r\u0103 a fi nevoie de un al doilea dispozitiv.<\/p>\n<p><strong>Adaug\u0103 r\u0103spunsul corect de pe Whatsapp al lui Amy \u0219i cuponul de vape!<\/strong><\/p>\n<p><img fetchpriority=\"high\" decoding=\"async\" class=\"size-full wp-image-2932\" src=\"https:\/\/vapestornado.com\/wp-content\/uploads\/2024\/12\/Vape-Wholesale.jpg\" alt=\"\u021aig\u0103ri electronice cu ridicata\" width=\"229\" height=\"300\" \/><\/p>\n<h3><a href=\"https:\/\/wa.me\/8617776015835\" target=\"_blank\" rel=\"noopener\"><span style=\"color: #ff0000;\"><strong>WhatsApp: +86 17776015835<\/strong><\/span><\/a><\/h3>\n<p>&nbsp;<\/p>\n<h2><strong>Caracteristicile Produsului RandM Tornado 30000<\/strong><\/h2>\n<table>\n<thead>\n<tr>\n<th>Caracteristic\u0103<\/th>\n<th>Spec<\/th>\n<th>Detalii<\/th>\n<\/tr>\n<\/thead>\n<tbody>\n<tr>\n<td>Numele produsului<\/td>\n<td>RandM Tornado 30000 Pufuri Vape cu Muzic\u0103<\/td>\n<td>Dispozitiv de unic\u0103 folosin\u021b\u0103 re\u00eenc\u0103rcabil cu capacitate mare \u0219i func\u021bii luminoase.<\/td>\n<\/tr>\n<tr>\n<td>Capacitate Pufuri<\/td>\n<td>P\u00e2n\u0103 la 30.000 de pufuri<\/td>\n<td>Proiectat pentru utilizare zilnic\u0103 prelungit\u0103 cu mai pu\u021bine \u00eenlocuiri.<\/td>\n<\/tr>\n<tr>\n<td>Tip de bobin\u0103<\/td>\n<td>de tip mesh de 1.0\u03a9<\/td>\n<td>\u00cenc\u0103lzire uniform\u0103 pentru vapori netezi \u0219i arom\u0103 constant\u0103.<\/td>\n<\/tr>\n<tr>\n<td>Baterie<\/td>\n<td>650mAh re\u00eenc\u0103rcabil<\/td>\n<td>Ie\u0219ire fiabil\u0103; re\u00eencarc\u0103 pentru a folosi durata de via\u021b\u0103 complet\u0103 a dispozitivului.<\/td>\n<\/tr>\n<tr>\n<td>\u00cenc\u0103rcare<\/td>\n<td>\u00cenc\u0103rcarea rapid\u0103 Type-C<\/td>\n<td>Reumpleri rapide cu cabluri moderne conforme cu standardele UE.<\/td>\n<\/tr>\n<tr>\n<td>Caracteristic\u0103 de iluminare<\/td>\n<td>Sistem LED sincronizat cu muzica<\/td>\n<td>LED-urile pulseaz\u0103 \u00een ritm cu muzica pentru un efect vizual interactiv.<\/td>\n<\/tr>\n<tr>\n<td>Gama de arome<\/td>\n<td>30 de arome<\/td>\n<td>Selec\u021bie larg\u0103 pentru rota\u021bie pe termen lung.<\/td>\n<\/tr>\n<tr>\n<td>Stil Nicotin\u0103<\/td>\n<td>Op\u021biune cu nicotin\u0103 redus\u0103 suportat\u0103<\/td>\n<td>Se potrive\u0219te utilizatorilor care prefer\u0103 o senza\u021bie mai bl\u00e2nd\u0103.<\/td>\n<\/tr>\n<tr>\n<td>Pozi\u021bionare<\/td>\n<td>Model de retail \u0219i en-gros cu rota\u021bie rapid\u0103<\/td>\n<td>Design impactant pe raft plus durat\u0103 lung\u0103 de func\u021bionare.<\/td>\n<\/tr>\n<\/tbody>\n<\/table>\n<h2 class=\"product-title\"><strong>Lista de Arome RandM Tornado 30000<\/strong><\/h2>\n<p>1. Ghea\u021b\u0103 de banane<br \/>\n2. Ghea\u021b\u0103 Neagr\u0103<br \/>\n3. Ghea\u021b\u0103 de Zmeur\u0103 Albastr\u0103<br \/>\n4. Afine cu Ghea\u021b\u0103<br \/>\n5. Afine cu Zmeur\u0103<br \/>\n6. Afine Acri\u0219oare cu Zmeur\u0103<br \/>\n7. Cire\u0219e cu Ghea\u021b\u0103<br \/>\n8. Cola cu Cire\u0219e<br \/>\n9. Cola cu Ghea\u021b\u0103<br \/>\n10. Ment\u0103 R\u0103coroas\u0103<br \/>\n11. M\u0103r Dublu<br \/>\n12. Dr. Blue<br \/>\n13. Struguri cu Ghea\u021b\u0103<br \/>\n14. \u00cenghe\u021bat\u0103<br \/>\n15. Kiwi Fructul Pasiunii Guava<br \/>\n16. Dragoste 66<br \/>\n17. Ghea\u021b\u0103 Luxuriant\u0103<br \/>\n18. Fructe de p\u0103dure mixte<br \/>\n19. Piersic\u0103 \u0219i fructe de p\u0103dure<br \/>\n20. Piersic\u0103 cu ghea\u021b\u0103<br \/>\n21. Piersic\u0103, mango \u0219i ananas<br \/>\n22. Ananas cu ghea\u021b\u0103<br \/>\n23. Limonad\u0103 roz<br \/>\n24. Bomboane Skittles<br \/>\n25. C\u0103p\u0219uni \u0219i banane<br \/>\n26. C\u0103p\u0219uni \u0219i struguri<br \/>\n27. C\u0103p\u0219uni cu ghea\u021b\u0103<br \/>\n28. C\u0103p\u0219uni \u0219i pepene verde<br \/>\n29. Mango triplu<br \/>\n30. Vimto<\/p>\n<h2>De ce s\u0103 alege\u021bi vapestornado pentru v\u00e2nzarea cu ridicata a vape-ului Fumot 30k?<\/h2>\n<div class=\"flex-shrink-0 flex flex-col relative items-end\">\n<div class=\"pt-0\">\n<div class=\"gizmo-bot-avatar flex h-8 w-8 items-center justify-center overflow-hidden rounded-full\">\n<div class=\"relative p-1 rounded-sm flex items-center justify-center bg-token-main-surface-primary text-token-text-primary h-8 w-8\">\n<p>Bun venit la vapestornado, magazinul t\u0103u online de \u00eencredere pentru vape-uri de unic\u0103 folosin\u021b\u0103 premium. Cu o experien\u021b\u0103 de peste 5 ani, \u00ee\u021bi aducem branduri populare de vape-uri de unic\u0103 folosin\u021b\u0103, precum Fumot RandM Vape, <a href=\"https:\/\/vapestornado.com\/ro\/product\/vapme-crystal-7000-puffs-rechargeable-disposable-vape-wholesale-cheap-price\/\">Vapme<\/a>, Bang Vape, Waspe Vape \u0219i WGA Vape, etc.<\/p>\n<p>Gama noastr\u0103 include vape-uri populare precum <a href=\"https:\/\/vapestornado.com\/ro\/product\/fumot-randm-tornado-15000-puffs-rechargeable-disposable-vape-wholesale\/\">RandM Tornado 15000<\/a>, \u0219i op\u021biuni bogate \u00een arome, precum <a href=\"https:\/\/vapestornado.com\/ro\/product\/waspe-40000-puffs-double-flavour-led-display-disposable-vape-wholesale\/\">WASPE Arom\u0103 Dubl\u0103 40000 Pufuri<\/a> . Fiecare produs este ales cu accent pe calitate, valoare \u0219i varietate, asigur\u00e2ndu-ne c\u0103 g\u0103se\u0219ti potrivirea perfect\u0103 pentru nevoile tale. Descoper\u0103 servicii excep\u021bionale \u0219i o gam\u0103 larg\u0103 de produse de top cu pre\u021buri de gros la vapestornado.<\/p>\n<\/div>\n<h3><\/h3>\n<div class=\"relative p-1 rounded-sm flex items-center justify-center bg-token-main-surface-primary text-token-text-primary h-8 w-8\">\n<h2>\u00centreb\u0103ri frecvente despre vape-ul de unic\u0103 folosin\u021b\u0103 RandM 30k Music<\/h2>\n<\/div>\n<\/div>\n<\/div>\n<\/div>\n<div class=\"flex-shrink-0 flex flex-col relative items-end\">\n<div class=\"pt-0\">\n<div class=\"gizmo-bot-avatar flex h-8 w-8 items-center justify-center overflow-hidden rounded-full\">\n<div class=\"relative p-1 rounded-sm flex items-center justify-center bg-token-main-surface-primary text-token-text-primary h-8 w-8\">\n<div class=\"mb-2 flex gap-3 empty:hidden -ml-2\">\n<h2 data-start=\"2910\" data-end=\"2929\"><\/h2>\n<ol data-start=\"2931\" data-end=\"4128\">\n<li data-start=\"2931\" data-end=\"3167\">\n<p data-start=\"2934\" data-end=\"3167\"><strong data-start=\"2934\" data-end=\"3034\">Cum men\u021bine dispozitivul de unic\u0103 folosin\u021b\u0103 RandM Tornado 30000 Pufuri cu bobin\u0103 mesh aroma stabil\u0103 pe termen lung?<\/strong><br data-start=\"3034\" data-end=\"3037\" \/>Sistemul <strong data-start=\"3041\" data-end=\"3059\">de tip mesh de 1.0\u03a9<\/strong> distribuie c\u0103ldura uniform, ajut\u00e2nd vapori s\u0103 r\u0103m\u00e2n\u0103 netezi \u0219i aroma s\u0103 persiste mai ad\u00e2nc \u00een durata de via\u021b\u0103 a dispozitivului.<\/p>\n<\/li>\n<li data-start=\"3169\" data-end=\"3415\">\n<p data-start=\"3172\" data-end=\"3415\"><strong data-start=\"3172\" data-end=\"3281\">Ce face diferen\u021ba \u00eentre vape-ul reutilizabil de tip de\u0219eu RandM Tornado 30K Music \u0219i un dispozitiv standard de 30K?<\/strong><br data-start=\"3281\" data-end=\"3284\" \/>Sistemul <strong data-start=\"3288\" data-end=\"3315\">iluminare LED sincronizat\u0103 cu muzica<\/strong> reac\u021bioneaz\u0103 la playlist-ul t\u0103u, oferind un efect vizual de ritm care se potrive\u0219te mediilor sociale \u0219i de via\u021b\u0103 de noapte.<\/p>\n<\/li>\n<li data-start=\"3417\" data-end=\"3661\">\n<p data-start=\"3420\" data-end=\"3661\"><strong data-start=\"3420\" data-end=\"3533\">Vape-ul re\u00eenc\u0103rcabil Fumot Tornado 30000 Type-C \u00ee\u0219i termin\u0103 capacitatea complet\u0103 de inhalare f\u0103r\u0103 sc\u0103dere a bateriei?<\/strong><br data-start=\"3533\" data-end=\"3536\" \/>Re\u00eenc\u0103rcarea rezolv\u0103 problema bateriei premature. C\u00e2nd energia scade, o re\u00eenc\u0103rcare Type-C o men\u021bine func\u021bional\u0103 p\u00e2n\u0103 se termin\u0103 inhal\u0103rile.<\/p>\n<\/li>\n<li data-start=\"3663\" data-end=\"3885\">\n<p data-start=\"3666\" data-end=\"3885\"><strong data-start=\"3666\" data-end=\"3768\">Este vape-ul de unic\u0103 folosin\u021b\u0103 Fumot 30K LED potrivit pentru purtare zilnic\u0103, precum \u0219i pentru ie\u0219iri nocturne?<\/strong><br data-start=\"3768\" data-end=\"3771\" \/>Da. R\u0103m\u00e2ne portabil pentru utilizarea de zi cu zi, \u00een timp ce func\u021bia LED adaug\u0103 atractivitate \u00een baruri, cluburi \u0219i \u00een weekend.<\/p>\n<\/li>\n<li data-start=\"3887\" data-end=\"4128\">\n<p data-start=\"3890\" data-end=\"4128\"><strong data-start=\"3890\" data-end=\"3982\">Cum ajut\u0103 cele 30 de arome din RandM Tornado 30000 Puffs Music Vape utilizatorii pe termen lung?<\/strong><br data-start=\"3982\" data-end=\"3985\" \/>O gam\u0103 larg\u0103 de arome face dispozitivele pentru utilizare \u00eendelungat\u0103 mai pl\u0103cute, permi\u021b\u00e2nd utilizatorilor s\u0103 roteasc\u0103 profilele \u00een loc s\u0103 r\u0103m\u00e2n\u0103 bloca\u021bi cu un singur gust timp de s\u0103pt\u0103m\u00e2ni.<\/p>\n<\/li>\n<\/ol>\n<\/div>\n<\/div>\n<\/div>\n<\/div>\n<\/div>\n<div class=\"group\/conversation-turn relative flex w-full min-w-0 flex-col agent-turn\">\n<div class=\"flex-col gap-1 md:gap-3\">\n<div class=\"flex max-w-full flex-col flex-grow\">\n<div class=\"min-h-8 text-message flex w-full flex-col items-end gap-2 whitespace-normal break-words [.text-message+&amp;]:mt-5\" dir=\"auto\" data-message-author-role=\"assistant\" data-message-id=\"db716a1c-9ed0-4b8d-b3b0-7bdb913c3d42\" data-message-model-slug=\"gpt-4o\">\n<div class=\"flex w-full flex-col gap-1 empty:hidden first:pt-[3px]\">\n<div class=\"markdown prose w-full break-words dark:prose-invert light\">\n<p>&nbsp;<\/p>\n<\/div>\n<\/div>\n<\/div>\n<\/div>\n<\/div>\n<\/div>","protected":false},"excerpt":{"rendered":"<p data-start=\"1465\" data-end=\"1662\">Fumot RandM Tornado 30000 Pufuri Vape de unic\u0103 folosin\u021b\u0103 re\u00eenc\u0103rcabil\u0103 cu muzic\u0103, cu bobin\u0103 din plas\u0103 de 1.0\u03a9, \u00eenc\u0103rcare rapid\u0103 Type-C, iluminare LED sincronizat\u0103 cu muzica \u0219i 20 de arome. Construit pentru sesiuni lungi \u0219i line \u0219i cerere puternic\u0103 pe retailul din Rom\u00e2nia. Un produs deosebit pentru de unic\u0103 folosin\u021b\u0103, proiectat pentru <strong data-start=\"1624\" data-end=\"1659\">cump\u0103r\u0103tori angro \u00een Europa<\/strong>.<\/p>\n<p><strong>Adaug\u0103 whatsapp-ul lui Amy pentru a primi r\u0103spuns imediat \u0219i un cupon de vape!<\/strong><\/p>\n<p><img fetchpriority=\"high\" decoding=\"async\" class=\"size-full wp-image-2932\" src=\"https:\/\/vapestornado.com\/wp-content\/uploads\/2024\/12\/Vape-Wholesale.jpg\" alt=\"\u021aig\u0103ri electronice cu ridicata\" width=\"229\" height=\"300\" \/><\/p>\n<h3><a href=\"https:\/\/wa.me\/8617776015835\"><span style=\"color: #ff0000;\"><strong>WhatsApp: +86 17776015835<\/strong><\/span><\/a><\/h3>\n<p>&nbsp;<\/p>","protected":false},"featured_media":3025,"comment_status":"open","ping_status":"closed","template":"","meta":{"_acf_changed":false,"_uag_custom_page_level_css":"","_lmt_disableupdate":"no","_lmt_disable":"","_monsterinsights_skip_tracking":false,"_monsterinsights_sitenote_active":false,"_monsterinsights_sitenote_note":"","_monsterinsights_sitenote_category":0,"site-sidebar-layout":"default","site-content-layout":"","ast-site-content-layout":"default","site-content-style":"default","site-sidebar-style":"default","ast-global-header-display":"","ast-banner-title-visibility":"","ast-main-header-display":"","ast-hfb-above-header-display":"","ast-hfb-below-header-display":"","ast-hfb-mobile-header-display":"","site-post-title":"","ast-breadcrumbs-content":"","ast-featured-img":"","footer-sml-layout":"","ast-disable-related-posts":"","theme-transparent-header-meta":"default","adv-header-id-meta":"","stick-header-meta":"","header-above-stick-meta":"","header-main-stick-meta":"","header-below-stick-meta":"","astra-migrate-meta-layouts":"set","ast-page-background-enabled":"default","ast-page-background-meta":{"desktop":{"background-color":"","background-image":"","background-repeat":"repeat","background-position":"center center","background-size":"auto","background-attachment":"scroll","background-type":"","background-media":"","overlay-type":"","overlay-color":"","overlay-opacity":"","overlay-gradient":""},"tablet":{"background-color":"","background-image":"","background-repeat":"repeat","background-position":"center center","background-size":"auto","background-attachment":"scroll","background-type":"","background-media":"","overlay-type":"","overlay-color":"","overlay-opacity":"","overlay-gradient":""},"mobile":{"background-color":"","background-image":"","background-repeat":"repeat","background-position":"center center","background-size":"auto","background-attachment":"scroll","background-type":"","background-media":"","overlay-type":"","overlay-color":"","overlay-opacity":"","overlay-gradient":""}},"ast-content-background-meta":{"desktop":{"background-color":"var(--ast-global-color-5)","background-image":"","background-repeat":"repeat","background-position":"center center","background-size":"auto","background-attachment":"scroll","background-type":"","background-media":"","overlay-type":"","overlay-color":"","overlay-opacity":"","overlay-gradient":""},"tablet":{"background-color":"var(--ast-global-color-5)","background-image":"","background-repeat":"repeat","background-position":"center center","background-size":"auto","background-attachment":"scroll","background-type":"","background-media":"","overlay-type":"","overlay-color":"","overlay-opacity":"","overlay-gradient":""},"mobile":{"background-color":"var(--ast-global-color-5)","background-image":"","background-repeat":"repeat","background-position":"center center","background-size":"auto","background-attachment":"scroll","background-type":"","background-media":"","overlay-type":"","overlay-color":"","overlay-opacity":"","overlay-gradient":""}},"_joinchat":{"telephone":"+8617776015835"}},"product_brand":[],"product_cat":[67,153,154,160,142,58,148],"product_tag":[83,125,124,126,78,114],"class_list":{"0":"post-3076","1":"product","2":"type-product","3":"status-publish","4":"has-post-thumbnail","6":"product_cat-30000-puff","7":"product_cat-buy-disposable-vapes-in-italy","8":"product_cat-buy-disposable-vapes-in-netherlands","9":"product_cat-buy-disposable-vapes-in-switzerland","10":"product_cat-digital-box-disposable-vapes","11":"product_cat-fumot-vape","12":"product_cat-tornado-disposable-vapes","13":"product_tag-fumot-vape","14":"product_tag-randm-30000","15":"product_tag-randm-tornado-30000","16":"product_tag-randm-tornado-30k","17":"product_tag-randm-vape","18":"product_tag-tornado-vape","19":"desktop-align-left","20":"tablet-align-left","21":"mobile-align-left","23":"first","24":"instock","25":"sale","26":"shipping-taxable","27":"purchasable","28":"product-type-simple"},"acf":[],"uagb_featured_image_src":{"full":["https:\/\/vapestornado.com\/wp-content\/uploads\/2024\/12\/Randm-Tornado-30K-Puffs-Rechargeable-Disposable-Vapes.jpg",1126,1126,false],"thumbnail":["https:\/\/vapestornado.com\/wp-content\/uploads\/2024\/12\/Randm-Tornado-30K-Puffs-Rechargeable-Disposable-Vapes-150x150.jpg",150,150,true],"medium":["https:\/\/vapestornado.com\/wp-content\/uploads\/2024\/12\/Randm-Tornado-30K-Puffs-Rechargeable-Disposable-Vapes-300x300.jpg",300,300,true],"medium_large":["https:\/\/vapestornado.com\/wp-content\/uploads\/2024\/12\/Randm-Tornado-30K-Puffs-Rechargeable-Disposable-Vapes-768x768.jpg",768,768,true],"large":["https:\/\/vapestornado.com\/wp-content\/uploads\/2024\/12\/Randm-Tornado-30K-Puffs-Rechargeable-Disposable-Vapes-1024x1024.jpg",1024,1024,true],"1536x1536":["https:\/\/vapestornado.com\/wp-content\/uploads\/2024\/12\/Randm-Tornado-30K-Puffs-Rechargeable-Disposable-Vapes.jpg",1126,1126,false],"2048x2048":["https:\/\/vapestornado.com\/wp-content\/uploads\/2024\/12\/Randm-Tornado-30K-Puffs-Rechargeable-Disposable-Vapes.jpg",1126,1126,false],"trp-custom-language-flag":["https:\/\/vapestornado.com\/wp-content\/uploads\/2024\/12\/Randm-Tornado-30K-Puffs-Rechargeable-Disposable-Vapes.jpg",12,12,false],"woocommerce_thumbnail":["https:\/\/vapestornado.com\/wp-content\/uploads\/2024\/12\/Randm-Tornado-30K-Puffs-Rechargeable-Disposable-Vapes-300x300.jpg",300,300,true],"woocommerce_single":["https:\/\/vapestornado.com\/wp-content\/uploads\/2024\/12\/Randm-Tornado-30K-Puffs-Rechargeable-Disposable-Vapes-600x600.jpg",600,600,true],"woocommerce_gallery_thumbnail":["https:\/\/vapestornado.com\/wp-content\/uploads\/2024\/12\/Randm-Tornado-30K-Puffs-Rechargeable-Disposable-Vapes-100x100.jpg",100,100,true]},"uagb_author_info":{"display_name":"ESAMY","author_link":"https:\/\/vapestornado.com\/ro\/author\/"},"uagb_comment_info":0,"uagb_excerpt":"Fumot RandM Tornado 30000 Puffs Music rechargeable disposable vape with 1.0\u03a9 mesh coil, 650mAh Type-C fast charging, music-sync LED lighting, and 20 flavours. Built for long, smooth sessions and strong EU retail demand.\u00a0A standout disposable designed for wholesale bulk buyers in Europe. Add Amy's whatsapp get right reply and vape vape coupon! WhatsApp: +86 17776015835&hellip;","_links":{"self":[{"href":"https:\/\/vapestornado.com\/ro\/wp-json\/wp\/v2\/product\/3076","targetHints":{"allow":["GET"]}}],"collection":[{"href":"https:\/\/vapestornado.com\/ro\/wp-json\/wp\/v2\/product"}],"about":[{"href":"https:\/\/vapestornado.com\/ro\/wp-json\/wp\/v2\/types\/product"}],"replies":[{"embeddable":true,"href":"https:\/\/vapestornado.com\/ro\/wp-json\/wp\/v2\/comments?post=3076"}],"wp:featuredmedia":[{"embeddable":true,"href":"https:\/\/vapestornado.com\/ro\/wp-json\/wp\/v2\/media\/3025"}],"wp:attachment":[{"href":"https:\/\/vapestornado.com\/ro\/wp-json\/wp\/v2\/media?parent=3076"}],"wp:term":[{"taxonomy":"product_brand","embeddable":true,"href":"https:\/\/vapestornado.com\/ro\/wp-json\/wp\/v2\/product_brand?post=3076"},{"taxonomy":"product_cat","embeddable":true,"href":"https:\/\/vapestornado.com\/ro\/wp-json\/wp\/v2\/product_cat?post=3076"},{"taxonomy":"product_tag","embeddable":true,"href":"https:\/\/vapestornado.com\/ro\/wp-json\/wp\/v2\/product_tag?post=3076"}],"curies":[{"name":"wp","href":"https:\/\/api.w.org\/{rel}","templated":true}]}}