{"id":3033,"date":"2024-12-10T06:54:50","date_gmt":"2024-12-10T06:54:50","guid":{"rendered":"https:\/\/vapestornado.com\/?post_type=product&#038;p=3033"},"modified":"2025-08-23T10:12:12","modified_gmt":"2025-08-23T10:12:12","slug":"wga-crystal-pro-max-15k-puffs-wholesale-price-vape-pods","status":"publish","type":"product","link":"https:\/\/vapestornado.com\/ro\/product\/wga-crystal-pro-max-15k-puffs-wholesale-price-vape-pods\/","title":{"rendered":"WGA Crystal Pro Max 15k Puffs Vape Pods la pre\u021buri de gros"},"content":{"rendered":"<h1>WGA Crystal Pro Max 15k Puffs Vape Pods la pre\u021buri de gros<\/h1>\n<p data-start=\"286\" data-end=\"581\">Sistemul <strong data-start=\"290\" data-end=\"339\">WGA Crystal Pro Max 15K Puffs Vape de unic\u0103 folosin\u021b\u0103<\/strong> este conceput pentru angrosi\u0219ti \u0219i comercian\u021bi cu am\u0103nuntul care caut\u0103 produse fiabile, cu cerere mare, pentru pia\u021ba european\u0103. Cu p\u00e2n\u0103 la <strong data-start=\"457\" data-end=\"484\">15.000 de pufuri per dispozitiv<\/strong> \u0219i o <strong data-start=\"491\" data-end=\"524\">rezervor de e-lichid pre-umplut de 25 ml<\/strong>, ofer\u0103 utilizare extins\u0103 \u0219i poten\u021bial puternic de rev\u00e2nzare.<\/p>\n<p data-start=\"583\" data-end=\"874\">Alimentat de o <strong data-start=\"596\" data-end=\"627\">baterie re\u00eenc\u0103rcabil\u0103 de 650mAh<\/strong> cu <strong data-start=\"633\" data-end=\"657\">\u00eenc\u0103rcare rapid\u0103 de tip C<\/strong>, Crystal Pro Max asigur\u0103 sesiuni consistente, f\u0103r\u0103 \u00eentreruperi. Un <strong data-start=\"732\" data-end=\"759\">indicator LED \u00een timp real<\/strong> \u021bine utilizatorii informa\u021bi cu privire la starea bateriei, \u00een timp ce <strong data-start=\"810\" data-end=\"828\">rezisten\u021b\u0103 mesh de 0.8\u03a9<\/strong> \u00eembun\u0103t\u0103\u021be\u0219te densitatea vaporilor \u0219i livrarea aromei.<\/p>\n<p data-start=\"876\" data-end=\"1231\">Compact \u0219i portabil la <strong data-start=\"900\" data-end=\"923\">43mm \u00d7 23mm \u00d7 105mm<\/strong>, modelul <strong data-start=\"929\" data-end=\"961\">WGA Crystal Pro Max 15K Vape<\/strong> este u\u0219or de transportat, elegant la expunere \u0219i disponibil \u00eentr-o gam\u0103 larg\u0103 de profiluri de arom\u0103 pentru a se potrivi diferitelor preferin\u021be. Combina\u021bia sa de capacitate, design \u0219i competitiv <strong data-start=\"1133\" data-end=\"1154\">pre\u021buri de v\u00e2nzare cu ridicata<\/strong> \u00eel face o alegere excelent\u0103 pentru comercian\u021bii cu am\u0103nuntul \u0219i distribuitorii din Europa.<\/p>\n<p>&nbsp;<\/p>\n<p><img fetchpriority=\"high\" decoding=\"async\" class=\"size-medium wp-image-2951\" src=\"https:\/\/vapestornado.com\/wp-content\/uploads\/2024\/12\/Wholesale-Disposable-Vape-265x300.jpg\" alt=\"Vape de unic\u0103 folosin\u021b\u0103 en-gros\" width=\"265\" height=\"300\" srcset=\"https:\/\/vapestornado.com\/wp-content\/uploads\/2024\/12\/Wholesale-Disposable-Vape-265x300.jpg 265w, https:\/\/vapestornado.com\/wp-content\/uploads\/2024\/12\/Wholesale-Disposable-Vape-768x871.jpg 768w, https:\/\/vapestornado.com\/wp-content\/uploads\/2024\/12\/Wholesale-Disposable-Vape-600x680.jpg 600w, https:\/\/vapestornado.com\/wp-content\/uploads\/2024\/12\/Wholesale-Disposable-Vape.jpg 823w\" sizes=\"(max-width: 265px) 100vw, 265px\" \/><\/p>\n<h6><span style=\"font-size: 1.1em; font-weight: bold;\">V\u0103 rug\u0103m s\u0103 contacta\u021bi WhatsApp-ul lui Mandy pentru pre\u021b redus<\/span><a style=\"font-size: 1.1em; font-weight: bold; background-color: #ffffff;\" href=\"https:\/\/wa.me\/8618077105796\" target=\"_blank\" rel=\"noopener\">+8618077105796<\/a><\/h6>\n<p>&nbsp;<\/p>\n<h2><strong>WGA The Crystal Pro Max Extra 15,000 Puffs Vape \u2013 Specifica\u021bii cheie<\/strong><\/h2>\n<ul>\n<li><strong>Capacitate extins\u0103 de pufuri<\/strong>: Ofer\u0103 p\u00e2n\u0103 la 15.000 de pufuri per dispozitiv, oferind utilizare prelungit\u0103 \u0219i o necesitate redus\u0103 de \u00eenlocuiri.<\/li>\n<li><strong>Baterie re\u00eenc\u0103rcabil\u0103 de 650 mAh<\/strong>: Dispune de o baterie durabil\u0103 de 650mAh pentru o livrare stabil\u0103 de energie pe parcursul fiec\u0103rei sesiuni.<\/li>\n<li><strong>\u00cenc\u0103rcare eficient\u0103 de tip C<\/strong>: Include un port modern de tip C pentru o \u00eenc\u0103rcare rapid\u0103 \u0219i convenabil\u0103 pentru a v\u0103 men\u021bine dispozitivul gata de utilizare.<\/li>\n<li><strong>Capacitate Mare de E-Lichid<\/strong>: Echipat cu un rezervor de e-lichid de 25ml, sus\u021bin\u00e2nd sesiuni lungi de vaping f\u0103r\u0103 reumplere constant\u0103.<\/li>\n<li><strong>Afisaj LED pentru starea bateriei<\/strong>: Include un indicator LED \u00een timp real pentru a monitoriza nivelurile bateriei \u0219i a evita \u00eentreruperile nea\u0219teptate.<\/li>\n<li><strong>Design portabil \u0219i elegant<\/strong>: Dimensiunile compacte de 43mm x 23mm x 105mm asigur\u0103 o manevrare \u0219i portabilitate u\u0219oar\u0103, ideale pentru utilizarea \u00een mi\u0219care.<\/li>\n<\/ul>\n<h2><strong>WGA Crystal Pro Max 15k Puffs - List\u0103 Arome:<\/strong><\/h2>\n<p>1. PEPENE RO\u0218U GHEA\u021a\u0102<br \/>\n2. ZMEUR\u0102 AFINE<br \/>\n3. CIREA\u0218\u0102 SPUMANT\u0102<br \/>\n4. URSULE\u021a GUMAT<br \/>\n5. L\u0102M\u00c2IE LIME<br \/>\n6.C\u0102P\u0218UNI CU GHEA\u021a\u0102<br \/>\n7.AFINE ZMEUR\u0102 ACRI\u0218OAR\u0102<br \/>\n8.GHEA\u021a\u0102 ZMEUR\u0102 ALBASTR\u0102<br \/>\n9.DOMNUL ALBASTRU<br \/>\n10.SKITTLES<br \/>\n11.AFINE, CIRE\u0218E, MERI\u0218OARE<br \/>\n12.PIERSIC\u0102 ZEMOAS\u0102<br \/>\n13.C\u0103p\u0219uni, zmeur\u0103, cire\u0219e, ghea\u021b\u0103<br \/>\n14.HUBBA BUBBA<br \/>\n15.Mure, afine, zmeur\u0103<br \/>\n16.\u00cenghe\u021bat\u0103 de c\u0103p\u0219uni<br \/>\n17.\u00cenghe\u021bat\u0103 de afine<br \/>\n18.C\u0103p\u0219uni, pepene ro\u0219u, prim\u0103<br \/>\n19.C\u0103p\u0219uni, cire\u0219e, gum\u0103 de mestecat<br \/>\n20.Zmeur\u0103, cire\u0219e, ghea\u021b\u0103<br \/>\n21.ANANAS CU GHEA\u021a\u0102<br \/>\n22.VIS DE VAR\u0102<br \/>\n23.WGA ROZ<br \/>\n24.MENT\u0102 PROASP\u0102T\u0102<br \/>\n25.M\u0102R DUBLU<br \/>\n26.MANGO TRIPLU<br \/>\n27.GHEA\u021a\u0102 DRAGON NEGRU<br \/>\n28.COLA GHEA\u021a\u0102<br \/>\n29.ANANAS L\u0102M\u00c2IE<br \/>\n30.MR BLACK<br \/>\n31.KIWI FRUCTUL PASIUNII GUAVA<\/p>\n<h3><strong>De ce s\u0103 alege\u021bi WGA The Crystal Pro Max 15,000 Puffs Vapes?<\/strong><\/h3>\n<ul>\n<li><strong>Profiluri de arome excep\u021bionale<\/strong>: Scufund\u0103-te \u00eentr-o selec\u021bie atent\u0103 de arome de fructe vibrante \u0219i revigorante, fiecare creat\u0103 pentru a oferi o experien\u021b\u0103 de vapat constant \u00eenc\u00e2nt\u0103toare.<\/li>\n<li><strong>Comoditate f\u0103r\u0103 efort<\/strong>: Conceput cu simplitate \u00een minte, acest vape de unic\u0103 folosin\u021b\u0103 ofer\u0103 o modalitate u\u0219oar\u0103 \u0219i lipsit\u0103 de stres de a te bucura de o experien\u021b\u0103 de vapat premium oric\u00e2nd \u0219i oriunde.<\/li>\n<li><strong>Durabilitate \u0219i performan\u021b\u0103<\/strong>: Cu p\u00e2n\u0103 la 15.000 de pufuri, o baterie re\u00eenc\u0103rcabil\u0103 robust\u0103 de 650 mAh \u0219i o capacitate de e-lichid de 25 ml, acest vape este construit pentru a oferi performan\u021be fiabile pe o durat\u0103 extins\u0103.<\/li>\n<li><strong>Design modern \u0219i compact<\/strong>: Dimensiunile sale elegante \u0219i construc\u021bia elegant\u0103 asigur\u0103 portabilitate f\u0103r\u0103 a sacrifica stilul sau func\u021bionalitatea.<\/li>\n<\/ul>\n<p>Sistemul <strong>WGA The Crystal Pro Max Extra 15000 Pufuri Vape Pod\u00a0<\/strong> este alegerea suprem\u0103 pentru vaperii care caut\u0103 confort, performan\u021b\u0103 \u0219i o experien\u021b\u0103 senzorial\u0103 excep\u021bional\u0103. O fuziune perfect\u0103 de tehnologie de ultim\u0103 genera\u021bie \u0219i arom\u0103 superioar\u0103 te a\u0219teapt\u0103.<\/p>\n<p>&nbsp;<\/p>\n<h3><strong>\u00centreb\u0103ri frecvente despre WGA The Crystal Pro Max 15.000 Puffs Vape Re\u00eenc\u0103rcabil<\/strong><\/h3>\n<ol>\n<li><strong>C\u00e2te pufuri ofer\u0103 WGA Crystal Pro Max 15k?<\/strong><br \/>\nDispozitivul ofer\u0103 p\u00e2n\u0103 la 15.000 de pufuri, fiind ideal pentru utilizare prelungit\u0103, f\u0103r\u0103 \u00eenlocuiri frecvente.<\/li>\n<li><strong>Ce tip de baterie folose\u0219te?<\/strong><br \/>\nAcesta dispune de o baterie re\u00eenc\u0103rcabil\u0103 de 650 mAh cu un port de \u00eenc\u0103rcare de tip C, asigur\u00e2nd o \u00eenc\u0103rcare rapid\u0103 \u0219i eficient\u0103.<\/li>\n<li><strong>Care este capacitatea de e-lichid a Vape 15000 Puffs? <a href=\"https:\/\/vapestornado.com\/ro\/product\/wga-crystal-pro-max-15k-puffs-wholesale-price-vape-pods\/\">WGA Vape<\/a>?<\/strong><br \/>\nCrystal Pro Max vine cu o capacitate generoas\u0103 de e-lichid de 25 ml, oferind sesiuni de vapat prelungite.<\/li>\n<li><strong>WGA Crystal Vape 15000 Puffs are un indicator de baterie?<\/strong><br \/>\nDa, include un indicator LED al bateriei \u00een timp real, astfel \u00eenc\u00e2t s\u0103 po\u021bi monitoriza nivelul bateriei \u0219i s\u0103 re\u00eencarci atunci c\u00e2nd este necesar.<\/li>\n<li><strong>Poate fi reumplut e-lichidul WGA 15000 Puffs?<\/strong><br \/>\nNu, WGA Crystal Pro Max 15000 Puffs este un dispozitiv de unic\u0103 folosin\u021b\u0103 pre-umplut \u0219i nu suport\u0103 reumplerea.<\/li>\n<\/ol>","protected":false},"excerpt":{"rendered":"<p>WGA Crystal Pro Max 15k Puffs, \u021bigarete electronice de unic\u0103 folosin\u021b\u0103, la pre\u021buri en-gros. Bucura\u021bi-v\u0103 de un num\u0103r mare de pufuri, arome premium \u0219i op\u021biuni de achizi\u021bie \u00een vrac pentru afacerea dumneavoastr\u0103.<\/p>\n<figure id=\"attachment_2951\" aria-describedby=\"caption-attachment-2951\" style=\"width: 265px\" class=\"wp-caption alignnone\"><img fetchpriority=\"high\" decoding=\"async\" class=\"size-medium wp-image-2951\" src=\"https:\/\/vapestornado.com\/wp-content\/uploads\/2024\/12\/Wholesale-Disposable-Vape-265x300.jpg\" alt=\"Vape de unic\u0103 folosin\u021b\u0103 en-gros\" width=\"265\" height=\"300\" srcset=\"https:\/\/vapestornado.com\/wp-content\/uploads\/2024\/12\/Wholesale-Disposable-Vape-265x300.jpg 265w, https:\/\/vapestornado.com\/wp-content\/uploads\/2024\/12\/Wholesale-Disposable-Vape-768x871.jpg 768w, https:\/\/vapestornado.com\/wp-content\/uploads\/2024\/12\/Wholesale-Disposable-Vape-600x680.jpg 600w, https:\/\/vapestornado.com\/wp-content\/uploads\/2024\/12\/Wholesale-Disposable-Vape.jpg 823w\" sizes=\"(max-width: 265px) 100vw, 265px\" \/><figcaption id=\"caption-attachment-2951\" class=\"wp-caption-text\">V\u0103 rug\u0103m s\u0103 contacta\u021bi WhatsApp-ul lui Mandy pentru pre\u021b redus<a href=\"https:\/\/wa.me\/8618077105796\">+8618077105796<\/a><\/figcaption><\/figure>\n<p>&nbsp;<\/p>","protected":false},"featured_media":3052,"comment_status":"open","ping_status":"closed","template":"","meta":{"_acf_changed":false,"_uag_custom_page_level_css":"","_lmt_disableupdate":"no","_lmt_disable":"","_monsterinsights_skip_tracking":false,"_monsterinsights_sitenote_active":false,"_monsterinsights_sitenote_note":"","_monsterinsights_sitenote_category":0,"site-sidebar-layout":"default","site-content-layout":"","ast-site-content-layout":"default","site-content-style":"default","site-sidebar-style":"default","ast-global-header-display":"","ast-banner-title-visibility":"","ast-main-header-display":"","ast-hfb-above-header-display":"","ast-hfb-below-header-display":"","ast-hfb-mobile-header-display":"","site-post-title":"","ast-breadcrumbs-content":"","ast-featured-img":"","footer-sml-layout":"","ast-disable-related-posts":"","theme-transparent-header-meta":"default","adv-header-id-meta":"","stick-header-meta":"","header-above-stick-meta":"","header-main-stick-meta":"","header-below-stick-meta":"","astra-migrate-meta-layouts":"set","ast-page-background-enabled":"default","ast-page-background-meta":{"desktop":{"background-color":"","background-image":"","background-repeat":"repeat","background-position":"center center","background-size":"auto","background-attachment":"scroll","background-type":"","background-media":"","overlay-type":"","overlay-color":"","overlay-opacity":"","overlay-gradient":""},"tablet":{"background-color":"","background-image":"","background-repeat":"repeat","background-position":"center center","background-size":"auto","background-attachment":"scroll","background-type":"","background-media":"","overlay-type":"","overlay-color":"","overlay-opacity":"","overlay-gradient":""},"mobile":{"background-color":"","background-image":"","background-repeat":"repeat","background-position":"center center","background-size":"auto","background-attachment":"scroll","background-type":"","background-media":"","overlay-type":"","overlay-color":"","overlay-opacity":"","overlay-gradient":""}},"ast-content-background-meta":{"desktop":{"background-color":"var(--ast-global-color-5)","background-image":"","background-repeat":"repeat","background-position":"center center","background-size":"auto","background-attachment":"scroll","background-type":"","background-media":"","overlay-type":"","overlay-color":"","overlay-opacity":"","overlay-gradient":""},"tablet":{"background-color":"var(--ast-global-color-5)","background-image":"","background-repeat":"repeat","background-position":"center center","background-size":"auto","background-attachment":"scroll","background-type":"","background-media":"","overlay-type":"","overlay-color":"","overlay-opacity":"","overlay-gradient":""},"mobile":{"background-color":"var(--ast-global-color-5)","background-image":"","background-repeat":"repeat","background-position":"center center","background-size":"auto","background-attachment":"scroll","background-type":"","background-media":"","overlay-type":"","overlay-color":"","overlay-opacity":"","overlay-gradient":""}},"_joinchat":{"telephone":"+8618077105796"}},"product_brand":[],"product_cat":[71,140,153,158,159,160,141,59],"product_tag":[97,111],"class_list":{"0":"post-3033","1":"product","2":"type-product","3":"status-publish","4":"has-post-thumbnail","6":"product_cat-15000-puff","7":"product_cat-big-puffs-disposable-vapes","8":"product_cat-buy-disposable-vapes-in-italy","9":"product_cat-buy-disposable-vapes-in-spain","10":"product_cat-buy-disposable-vapes-in-sweden","11":"product_cat-buy-disposable-vapes-in-switzerland","12":"product_cat-crystal-disposable-vapes","13":"product_cat-wga-crystal-vape","14":"product_tag-hot-sale-disposable-vape","15":"product_tag-wga-15k-puffs","16":"desktop-align-left","17":"tablet-align-left","18":"mobile-align-left","20":"first","21":"instock","22":"sale","23":"shipping-taxable","24":"purchasable","25":"product-type-simple"},"acf":[],"uagb_featured_image_src":{"full":["https:\/\/vapestornado.com\/wp-content\/uploads\/2024\/12\/WGA-15000-PUFFS-JUICY-PEACH-Disposable-Vape.jpg",800,800,false],"thumbnail":["https:\/\/vapestornado.com\/wp-content\/uploads\/2024\/12\/WGA-15000-PUFFS-JUICY-PEACH-Disposable-Vape-150x150.jpg",150,150,true],"medium":["https:\/\/vapestornado.com\/wp-content\/uploads\/2024\/12\/WGA-15000-PUFFS-JUICY-PEACH-Disposable-Vape-300x300.jpg",300,300,true],"medium_large":["https:\/\/vapestornado.com\/wp-content\/uploads\/2024\/12\/WGA-15000-PUFFS-JUICY-PEACH-Disposable-Vape-768x768.jpg",768,768,true],"large":["https:\/\/vapestornado.com\/wp-content\/uploads\/2024\/12\/WGA-15000-PUFFS-JUICY-PEACH-Disposable-Vape.jpg",800,800,false],"1536x1536":["https:\/\/vapestornado.com\/wp-content\/uploads\/2024\/12\/WGA-15000-PUFFS-JUICY-PEACH-Disposable-Vape.jpg",800,800,false],"2048x2048":["https:\/\/vapestornado.com\/wp-content\/uploads\/2024\/12\/WGA-15000-PUFFS-JUICY-PEACH-Disposable-Vape.jpg",800,800,false],"trp-custom-language-flag":["https:\/\/vapestornado.com\/wp-content\/uploads\/2024\/12\/WGA-15000-PUFFS-JUICY-PEACH-Disposable-Vape.jpg",12,12,false],"woocommerce_thumbnail":["https:\/\/vapestornado.com\/wp-content\/uploads\/2024\/12\/WGA-15000-PUFFS-JUICY-PEACH-Disposable-Vape-300x300.jpg",300,300,true],"woocommerce_single":["https:\/\/vapestornado.com\/wp-content\/uploads\/2024\/12\/WGA-15000-PUFFS-JUICY-PEACH-Disposable-Vape-600x600.jpg",600,600,true],"woocommerce_gallery_thumbnail":["https:\/\/vapestornado.com\/wp-content\/uploads\/2024\/12\/WGA-15000-PUFFS-JUICY-PEACH-Disposable-Vape-100x100.jpg",100,100,true]},"uagb_author_info":{"display_name":"ESMANDY","author_link":"https:\/\/vapestornado.com\/ro\/author\/"},"uagb_comment_info":0,"uagb_excerpt":"WGA Crystal Pro Max 15k Puffs vape pods at wholesale prices. Enjoy long-lasting puffs, premium flavors, and bulk purchase options for your business. [caption id=\"attachment_2951\" align=\"alignnone\" width=\"265\"] Pls Contact Mandy's WhatsApp For Discount Price+8618077105796[\/caption] &nbsp;","_links":{"self":[{"href":"https:\/\/vapestornado.com\/ro\/wp-json\/wp\/v2\/product\/3033","targetHints":{"allow":["GET"]}}],"collection":[{"href":"https:\/\/vapestornado.com\/ro\/wp-json\/wp\/v2\/product"}],"about":[{"href":"https:\/\/vapestornado.com\/ro\/wp-json\/wp\/v2\/types\/product"}],"replies":[{"embeddable":true,"href":"https:\/\/vapestornado.com\/ro\/wp-json\/wp\/v2\/comments?post=3033"}],"wp:featuredmedia":[{"embeddable":true,"href":"https:\/\/vapestornado.com\/ro\/wp-json\/wp\/v2\/media\/3052"}],"wp:attachment":[{"href":"https:\/\/vapestornado.com\/ro\/wp-json\/wp\/v2\/media?parent=3033"}],"wp:term":[{"taxonomy":"product_brand","embeddable":true,"href":"https:\/\/vapestornado.com\/ro\/wp-json\/wp\/v2\/product_brand?post=3033"},{"taxonomy":"product_cat","embeddable":true,"href":"https:\/\/vapestornado.com\/ro\/wp-json\/wp\/v2\/product_cat?post=3033"},{"taxonomy":"product_tag","embeddable":true,"href":"https:\/\/vapestornado.com\/ro\/wp-json\/wp\/v2\/product_tag?post=3033"}],"curies":[{"name":"wp","href":"https:\/\/api.w.org\/{rel}","templated":true}]}}