{"id":3021,"date":"2024-12-09T09:52:59","date_gmt":"2024-12-09T09:52:59","guid":{"rendered":"https:\/\/vapestornado.com\/?post_type=product&#038;p=3021"},"modified":"2025-12-05T09:42:57","modified_gmt":"2025-12-05T09:42:57","slug":"bang-36000-smart-disposable-vape-wholesale-shop-online","status":"publish","type":"product","link":"https:\/\/vapestornado.com\/ro\/product\/bang-36000-smart-disposable-vape-wholesale-shop-online\/","title":{"rendered":"Bang 36000 Smart Vape de Unic\u0103 Folosin\u021b\u0103 Magazin Online En-Gros"},"content":{"rendered":"<div class=\"flex-shrink-0 flex flex-col relative items-end\">\n<div>\n<div class=\"pt-0\">\n<div class=\"gizmo-bot-avatar flex h-8 w-8 items-center justify-center overflow-hidden rounded-full\">\n<div class=\"relative p-1 rounded-sm flex items-center justify-center bg-token-main-surface-primary text-token-text-primary h-8 w-8\"><\/div>\n<\/div>\n<\/div>\n<\/div>\n<\/div>\n<div class=\"group\/conversation-turn relative flex w-full min-w-0 flex-col agent-turn\">\n<div class=\"flex-col gap-1 md:gap-3\">\n<div class=\"flex max-w-full flex-col flex-grow\">\n<div class=\"min-h-8 text-message flex w-full flex-col items-end gap-2 whitespace-normal break-words text-start [.text-message+&amp;]:mt-5\" dir=\"auto\" data-message-author-role=\"assistant\" data-message-id=\"24923bbb-bc24-49c4-aeeb-a72cf182457d\" data-message-model-slug=\"gpt-4o\">\n<div class=\"flex w-full flex-col gap-1 empty:hidden first:pt-[3px]\">\n<div class=\"markdown prose w-full break-words dark:prose-invert light\">\n<h3><strong>Bang 36000 Smart Vape de Unic\u0103 Folosin\u021b\u0103 Magazin Online En-Gros<\/strong><\/h3>\n<\/div>\n<\/div>\n<\/div>\n<\/div>\n<\/div>\n<\/div>\n<p data-start=\"289\" data-end=\"603\">Bang 36000 Vape de unic\u0103 folosin\u021b\u0103 inteligent ofer\u0103 o durat\u0103 lung\u0103 de via\u021b\u0103 de 36.000 de pufuri cu un rezervor de 30ml, rezisten\u021b\u0103 mesh de 0,6\u03a9, flux de aer reglabil, ecran LED de stare \u00een timp real \u0219i baterie re\u00eenc\u0103rcabil\u0103 Type-C de 650mAh \u00eentr-un singur dispozitiv compact.<\/p>\n<p data-start=\"571\" data-end=\"921\"><strong data-start=\"571\" data-end=\"615\">36.000 de pufuri sus\u021binute de un rezervor complet de 30ml.<\/strong><br data-start=\"615\" data-end=\"618\" \/>Sistemul <strong data-start=\"622\" data-end=\"658\">Bang 36000 Vape de unic\u0103 folosin\u021b\u0103 inteligent<\/strong> se situeaz\u0103 \u00een categoria cu capacitate mare pentru persoanele care vapeaz\u0103 zilnic \u0219i nu vor s\u0103 \u00eenlocuiasc\u0103 frecvent unit\u0103\u021bi mici. <strong data-start=\"768\" data-end=\"797\">rezervor preumplut de 30ml<\/strong> sus\u021bine num\u0103rul de pufuri \u00een utilizare normal\u0103, astfel dispozitivul dureaz\u0103 mai mult dec\u00e2t cele de unic\u0103 folosin\u021b\u0103 standard \u0219i men\u021bine rutina constant\u0103.<\/p>\n<p data-start=\"923\" data-end=\"1193\"><strong data-start=\"923\" data-end=\"971\">Ecran LED inteligent care \u00ee\u021bi arat\u0103 c\u00e2t a mai r\u0103mas.<\/strong><br data-start=\"971\" data-end=\"974\" \/>Un ecran \u00eencorporat <strong data-start=\"985\" data-end=\"1010\">Afi\u0219aj indicator LED<\/strong> afi\u0219eaz\u0103 <strong data-start=\"1017\" data-end=\"1067\">nivelul bateriei \u0219i starea lichidului \u00een timp real<\/strong>Este o func\u021bie simpl\u0103, dar util\u0103: \u0219tii c\u00e2nd s\u0103 re\u00eencarci \u0219i c\u00e2nd rezervorul este pe terminate, f\u0103r\u0103 s\u0103 ghice\u0219ti \u00een timpul sesiunii.<\/p>\n<p data-start=\"1195\" data-end=\"1456\"><strong data-start=\"1195\" data-end=\"1238\">Rezisten\u021b\u0103 mesh de 0,6\u03a9 pentru vapori densi \u0219i netezi.<\/strong><br data-start=\"1238\" data-end=\"1241\" \/>Sistemul <strong data-start=\"1245\" data-end=\"1265\">Rezisten\u021b\u0103 mesh de 0,6 ohmi<\/strong> este calibrat\u0103 pentru o tragere deschis\u0103 \u0219i vapori mai gro\u0219i. \u00cenc\u0103lzirea mesh distribuie temperatura uniform, ajut\u00e2nd aroma s\u0103 r\u0103m\u00e2n\u0103 clar\u0103 \u0219i reduc\u00e2nd senza\u021bia uscat\u0103, ars\u0103 pe care o au multe dispozitive de unic\u0103 folosin\u021b\u0103 cu multe pufuri aproape de final.<\/p>\n<p data-start=\"1458\" data-end=\"1688\"><strong data-start=\"1458\" data-end=\"1496\">Aerisire reglabil\u0103 pentru stilul t\u0103u.<\/strong><br data-start=\"1496\" data-end=\"1499\" \/>Controlul fluxului de aer \u00ee\u021bi permite s\u0103 alegi o tragere mai str\u00e2ns\u0103 sau o inhalare mai deschis\u0103. Fum\u0103torii care doresc o rezisten\u021b\u0103 similar\u0103 \u021big\u0103rii pot regla mai jos; utilizatorii care prefer\u0103 o tragere mai liber\u0103 pot deschide fluxul.<\/p>\n<p data-start=\"1690\" data-end=\"1987\"><strong data-start=\"1690\" data-end=\"1740\">Alimentare re\u00eenc\u0103rcabil\u0103 Type-C plus gam\u0103 de nicotin\u0103.<\/strong><br data-start=\"1740\" data-end=\"1743\" \/>Bang 36k Vape de unic\u0103 folosin\u021b\u0103 inteligent vine cu un <strong data-start=\"1745\" data-end=\"1776\">baterie re\u00eenc\u0103rcabil\u0103 de 650mAh<\/strong> cu <strong data-start=\"1782\" data-end=\"1810\">\u00eenc\u0103rcare rapid\u0103 USB Type-C<\/strong> men\u021bine timpul de nefunc\u021bionare scurt \u0219i \u00ee\u021bi permite s\u0103 termini rezervorul \u00een loc s\u0103 arunci vape-ul prea devreme. Op\u021biunile de nicotin\u0103 acoper\u0103 <strong data-start=\"1919\" data-end=\"1941\">0%, 2%, 3% \u0219i 5%<\/strong>, astfel \u00eenc\u00e2t utilizatorii s\u0103 poat\u0103 potrivi t\u0103ria cu obiceiurile zilnice.<\/p>\n<p>&nbsp;<\/p>\n<p><strong>Ad\u0103uga\u021bi Whatsapp-ul lui Amy pentru a primi un r\u0103spuns rapid \u0219i un cupon de vape!<\/strong><\/p>\n<p><img fetchpriority=\"high\" decoding=\"async\" class=\"size-full wp-image-2932\" src=\"https:\/\/vapestornado.com\/wp-content\/uploads\/2024\/12\/Vape-Wholesale.jpg\" alt=\"\u021aig\u0103ri electronice cu ridicata\" width=\"229\" height=\"300\" \/><\/p>\n<h3><a href=\"https:\/\/wa.me\/8617776015835\" target=\"_blank\" rel=\"noopener\"><span style=\"color: #ff0000;\"><strong>WhatsApp: +86 17776015835<\/strong><\/span><\/a><\/h3>\n<p>&nbsp;<\/p>\n<h4><strong style=\"font-size: 1.7em;\">\u00a0Caracteristicile produsului Bang 36000<\/strong><\/h4>\n<table>\n<thead>\n<tr>\n<th>Caracteristic\u0103 \/ Parametru<\/th>\n<th align=\"right\">Spec<\/th>\n<th>Explica\u021bie<\/th>\n<\/tr>\n<\/thead>\n<tbody>\n<tr>\n<td>Numele produsului<\/td>\n<td align=\"right\">Bang 36000 Vape de unic\u0103 folosin\u021b\u0103 inteligent<\/td>\n<td>Denominare clar\u0103 a modelului pentru comenzi repetate \u0219i c\u0103utare.<\/td>\n<\/tr>\n<tr>\n<td>Capacitate Pufuri<\/td>\n<td align=\"right\">P\u00e2n\u0103 la 36.000 de pufuri<\/td>\n<td>Consum disposable de \u00eenalt\u0103 performan\u021b\u0103; mai pu\u021bine \u00eenlocuiri.<\/td>\n<\/tr>\n<tr>\n<td>Volumul lichidului electronic<\/td>\n<td align=\"right\">Preumplut de 30ml<\/td>\n<td>Rezervor mare sus\u021bine ratingul de 36K.<\/td>\n<\/tr>\n<tr>\n<td>Rezisten\u021b\u0103 \/ Bobin\u0103<\/td>\n<td align=\"right\">Rezisten\u021b\u0103 mesh de 0.6\u03a9<\/td>\n<td>Tragere deschis\u0103, vapori densi, arom\u0103 mai stabil\u0103.<\/td>\n<\/tr>\n<tr>\n<td>Flux de aer<\/td>\n<td align=\"right\">Reglabil<\/td>\n<td>Tragere str\u00e2ns\u0103 sau inhalare deschis\u0103, utilizatorul decide.<\/td>\n<\/tr>\n<tr>\n<td>Baterie<\/td>\n<td align=\"right\">650mAh re\u00eenc\u0103rcabil<\/td>\n<td>Re\u00eencarc\u0103 pentru a folosi \u00eentreg rezervorul.<\/td>\n<\/tr>\n<tr>\n<td>\u00cenc\u0103rcare<\/td>\n<td align=\"right\">\u00cenc\u0103rcare rapid\u0103 USB Type-C<\/td>\n<td>Standard comun de cablu \u0219i re\u00eenc\u0103rc\u0103ri rapide.<\/td>\n<\/tr>\n<tr>\n<td>Op\u021biuni de nicotin\u0103<\/td>\n<td align=\"right\">0% \/ 2% \/ 3% \/ 5%<\/td>\n<td>Alege zero-nicotin\u0103 printr-un impact mai puternic.<\/td>\n<\/tr>\n<tr>\n<td>Arome<\/td>\n<td align=\"right\">12 op\u021biuni<\/td>\n<td>Acoper\u0103 principalele tendin\u021be de gust din UE.<\/td>\n<\/tr>\n<tr>\n<td>Afi\u0219aj<\/td>\n<td align=\"right\">Ecran inteligent LED pentru baterie + lichid electronic<\/td>\n<td>Urm\u0103rire \u00een timp real a st\u0103rii \u00een timpul vapingului.<\/td>\n<\/tr>\n<tr>\n<td>Factor de form\u0103<\/td>\n<td align=\"right\">Corp compact, gata de buzunar<\/td>\n<td>Practic pentru purtare zilnic\u0103 \u0219i c\u0103l\u0103torii.<\/td>\n<\/tr>\n<\/tbody>\n<\/table>\n<p>&nbsp;<\/p>\n<h2 class=\"product-title\"><strong>\u00a0Lista de arome Bang 36000<\/strong><\/h2>\n<p>1. Kiwi cu c\u0103p\u0219uni<br \/>\n2. Fructe de P\u0103dure Mixte<br \/>\n3. Afine cu ghea\u021b\u0103<br \/>\n4. Struguri cu ghea\u021b\u0103<br \/>\n5. Cire\u0219e cu ghea\u021b\u0103<br \/>\n6. Limonad\u0103 cu afine \u0219i zmeur\u0103<br \/>\n7. Ghea\u021b\u0103 de piersici<br \/>\n8. C\u0103p\u0219uni Pepene Verde<br \/>\n9. Pepene verde cu piersici \u0219i mango<br \/>\n10. Pepene verde cu ghea\u021b\u0103<\/p>\n<h3>De ce s\u0103 alege\u021bi vapestornado pentru v\u00e2nzarea cu ridicata a Bang 36k Vape?<\/h3>\n<div class=\"flex-shrink-0 flex flex-col relative items-end\">\n<div class=\"pt-0\">\n<div class=\"gizmo-bot-avatar flex h-8 w-8 items-center justify-center overflow-hidden rounded-full\">\n<div class=\"relative p-1 rounded-sm flex items-center justify-center bg-token-main-surface-primary text-token-text-primary h-8 w-8\">\n<p>Bine a\u021bi venit la vapestornado, magazinul dvs. online de \u00eencredere pentru vape-uri de unic\u0103 folosin\u021b\u0103 premium. Cu o experien\u021b\u0103 de peste 5 ani, v\u0103 aducem m\u0103rci populare de vape-uri de unic\u0103 folosin\u021b\u0103, cum ar fi Fumot RandM Vape, Vapme, Bang Vape, Waspe Vape \u0219i WGA Vape, etc.<\/p>\n<p>Gama noastr\u0103 include vape-uri populare precum <a href=\"https:\/\/vapestornado.com\/ro\/product\/fumot-randm-tornado-15000-puffs-rechargeable-disposable-vape-wholesale\/\">RandM Tornado 15000<\/a>, \u0219i op\u021biuni bogate \u00een arome, precum <a href=\"https:\/\/vapestornado.com\/ro\/product\/waspe-40000-puffs-double-flavour-led-display-disposable-vape-wholesale\/\">WASPE Arom\u0103 Dubl\u0103 40000 Pufuri<\/a> Fiecare produs este ales cu accent pe calitate, valoare \u0219i varietate, asigur\u00e2ndu-v\u0103 c\u0103 g\u0103si\u021bi potrivirea perfect\u0103 pentru nevoile dumneavoastr\u0103. Descoperi\u021bi servicii excep\u021bionale \u0219i o gam\u0103 larg\u0103 de produse de top la vapestornado.<\/p>\n<\/div>\n<h3><\/h3>\n<div class=\"relative p-1 rounded-sm flex items-center justify-center bg-token-main-surface-primary text-token-text-primary h-8 w-8\">\n<h3>\u00centreb\u0103ri frecvente pentru Bang 36000 Vape Re\u00eenc\u0103rcabil de Unic\u0103 Folosin\u021b\u0103<\/h3>\n<\/div>\n<\/div>\n<\/div>\n<\/div>\n<div class=\"group\/conversation-turn relative flex w-full min-w-0 flex-col agent-turn\">\n<div class=\"flex-col gap-1 md:gap-3\">\n<div class=\"flex max-w-full flex-col flex-grow\">\n<div class=\"min-h-8 text-message flex w-full flex-col items-end gap-2 whitespace-normal break-words [.text-message+&amp;]:mt-5\" dir=\"auto\" data-message-author-role=\"assistant\" data-message-id=\"db716a1c-9ed0-4b8d-b3b0-7bdb913c3d42\" data-message-model-slug=\"gpt-4o\">\n<div class=\"flex w-full flex-col gap-1 empty:hidden first:pt-[3px]\">\n<div class=\"markdown prose w-full break-words dark:prose-invert light\">\n<div class=\"flex max-w-full flex-col flex-grow\">\n<div class=\"min-h-8 text-message flex w-full flex-col items-end gap-2 whitespace-normal break-words text-start [.text-message+&amp;]:mt-5\" dir=\"auto\" data-message-author-role=\"assistant\" data-message-id=\"2dbf2369-71ab-44c2-8168-31d5a517a1e4\" data-message-model-slug=\"gpt-4o-mini\">\n<div class=\"flex w-full flex-col gap-1 empty:hidden first:pt-[3px]\">\n<div class=\"markdown prose w-full break-words dark:prose-invert light\">\n<article class=\"text-token-text-primary w-full focus:outline-none [--shadow-height:45px] has-data-writing-block:pointer-events-none has-data-writing-block:-mt-(--shadow-height) has-data-writing-block:pt-(--shadow-height) [&amp;:has([data-writing-block])&gt;*]:pointer-events-auto scroll-mt-[calc(var(--header-height)+min(200px,max(70px,20svh)))]\" dir=\"auto\" tabindex=\"-1\" data-turn-id=\"ee759558-2db1-4861-8932-66c87485c242\" data-testid=\"conversation-turn-82\" data-scroll-anchor=\"true\" data-turn=\"assistant\">\n<div class=\"text-base my-auto mx-auto pb-10 [--thread-content-margin:--spacing(4)] @w-sm\/main:[--thread-content-margin:--spacing(6)] @w-lg\/main:[--thread-content-margin:--spacing(16)] px-(--thread-content-margin)\">\n<div class=\"[--thread-content-max-width:40rem] @w-lg\/main:[--thread-content-max-width:48rem] mx-auto max-w-(--thread-content-max-width) flex-1 group\/turn-messages focus-visible:outline-hidden relative flex w-full min-w-0 flex-col agent-turn\" tabindex=\"-1\">\n<div class=\"flex max-w-full flex-col grow\">\n<div class=\"min-h-8 text-message relative flex w-full flex-col items-end gap-2 text-start break-words whitespace-normal [.text-message+&amp;]:mt-1\" dir=\"auto\" data-message-author-role=\"assistant\" data-message-id=\"370325a1-2e03-4ed2-9b16-18960ddf0293\" data-message-model-slug=\"gpt-5-1\">\n<div class=\"flex w-full flex-col gap-1 empty:hidden first:pt-[1px]\">\n<div class=\"markdown prose dark:prose-invert w-full break-words light markdown-new-styling\">\n<p data-start=\"0\" data-end=\"139\">\n<ol data-start=\"141\" data-end=\"1633\">\n<li data-start=\"141\" data-end=\"427\">\n<p data-start=\"144\" data-end=\"427\"><strong data-start=\"144\" data-end=\"221\">Este Bang 36000 Smart Disposable Vape potrivit pentru MTL sau o tragere mai lejer\u0103<\/strong><br data-start=\"221\" data-end=\"224\" \/>Da. <strong data-start=\"233\" data-end=\"269\" data-is-only-node=\"\">Bang 36000 Vape de unic\u0103 folosin\u021b\u0103 inteligent<\/strong> are flux de aer reglabil, deci poate fi setat pentru o tragere mai str\u00e2ns\u0103 de tip MTL sau deschis pentru o inhalare mai lejer\u0103. Acest lucru ajut\u0103 fo\u0219tii fum\u0103tori s\u0103 se potriveasc\u0103 cu tragerea cu care sunt obi\u0219nui\u021bi.<\/p>\n<\/li>\n<li data-start=\"429\" data-end=\"754\">\n<p data-start=\"432\" data-end=\"754\"><strong data-start=\"432\" data-end=\"517\">Poate fi folosit Bang King 36K p\u00e2n\u0103 la ultima pic\u0103tur\u0103 f\u0103r\u0103 sc\u0103dere de performan\u021b\u0103<\/strong><br data-start=\"517\" data-end=\"520\" \/>Sistemul <strong data-start=\"524\" data-end=\"552\" data-is-only-node=\"\">Bang King 36K de unic\u0103 folosin\u021b\u0103<\/strong> folose\u0219te o rezisten\u021b\u0103 mesh de 0,6\u03a9 \u0219i baterie re\u00eenc\u0103rcabil\u0103. \u00cenc\u0103lzirea mesh men\u021bine ie\u0219irea mai stabil\u0103 pe un rezervor mare, iar re\u00eenc\u0103rcarea previne oprirea timpurie a bateriei, astfel performan\u021ba r\u0103m\u00e2ne mai constant\u0103 pe durata utiliz\u0103rii.<\/p>\n<\/li>\n<li data-start=\"756\" data-end=\"1035\">\n<p data-start=\"759\" data-end=\"1035\"><strong data-start=\"759\" data-end=\"839\">De ce uneori Bang 36.000 puff disposable se simte mai slab dup\u0103 \u00eenc\u0103rcare<\/strong><br data-start=\"839\" data-end=\"842\" \/>Imediat dup\u0103 \u00eenc\u0103rcare, condensul din fluxul de aer poate \u00eenmuia u\u0219or primele c\u00e2teva pufuri. Trage c\u00e2teva pufuri scurte \u0219i de obicei se clarific\u0103. Dac\u0103 r\u0103m\u00e2ne slab, verific\u0103 dac\u0103 fluxul de aer nu este setat prea str\u00e2ns.<\/p>\n<\/li>\n<li data-start=\"1037\" data-end=\"1313\">\n<p data-start=\"1040\" data-end=\"1313\"><strong data-start=\"1040\" data-end=\"1120\">Vine Bang 36000 Smart Disposable cu arome mixte pentru comenzile en-gros<\/strong><br data-start=\"1120\" data-end=\"1123\" \/>Majoritatea angrosi\u0219tilor permit cutii cu arome mixte pentru <strong data-start=\"1175\" data-end=\"1206\" data-is-only-node=\"\">Bang 36000 Smart Disposable<\/strong> linia. Cu 12 arome disponibile, magazinele adesea combin\u0103 cele mai bine v\u00e2ndute cu c\u00e2teva favorite regionale pentru a testa cererea.<\/p>\n<\/li>\n<li data-start=\"1315\" data-end=\"1633\">\n<p data-start=\"1318\" data-end=\"1633\"><strong data-start=\"1318\" data-end=\"1399\">Cum ar trebui s\u0103 depozitez Bang 36K Smart Disposable pentru a evita scurgerile sau pufurile uscate<\/strong><br data-start=\"1399\" data-end=\"1402\" \/>Depoziteaz\u0103 <strong data-start=\"1412\" data-end=\"1446\" data-is-only-node=\"\">Bang 36K Smart Disposable Vape<\/strong> \u00een pozi\u021bie vertical\u0103 c\u00e2nd este posibil \u0219i \u021bine-l departe de ma\u0219ini fierbin\u021bi sau condi\u021bii de \u00eenghe\u021b. Fluctua\u021biile extreme de temperatur\u0103 pot cauza condens sau sub\u021bierea lichidului, ceea ce este cauza obi\u0219nuit\u0103 a scurgerilor minore.<\/p>\n<\/li>\n<\/ol>\n<\/div>\n<\/div>\n<\/div>\n<\/div>\n<\/div>\n<\/div>\n<\/article>\n<\/div>\n<\/div>\n<\/div>\n<\/div>\n<\/div>\n<\/div>\n<\/div>\n<\/div>\n<\/div>\n<\/div>","protected":false},"excerpt":{"rendered":"<p>Bang 36000 Vape de unic\u0103 folosin\u021b\u0103 inteligent \u2014 36K pufuri concepute pentru utilizare zilnic\u0103 \u00eendelungat\u0103<br \/>\nBang 36K Rezisten\u021b\u0103 Mesh \u0219i flux de aer reglabil pentru vapori densi \u0219i netezi<br \/>\nBang 36000 Vape de unic\u0103 folosin\u021b\u0103 inteligent cu ecran LED \u0219i baterie re\u00eenc\u0103rcabil\u0103 Type-C<\/p>\n<p><strong>Adaug\u0103 whatsapp-ul lui Amy pentru a primi r\u0103spuns imediat \u0219i un cupon de vape!<\/strong><\/p>\n<p><img fetchpriority=\"high\" decoding=\"async\" class=\"size-full wp-image-2932\" src=\"https:\/\/vapestornado.com\/wp-content\/uploads\/2024\/12\/Vape-Wholesale.jpg\" alt=\"\u021aig\u0103ri electronice cu ridicata\" width=\"229\" height=\"300\" \/><\/p>\n<h3><a href=\"https:\/\/wa.me\/8617776015835\"><span style=\"color: #ff0000;\"><strong>WhatsApp: +86 17776015835<\/strong><\/span><\/a><\/h3>\n<p>&nbsp;<\/p>","protected":false},"featured_media":3006,"comment_status":"open","ping_status":"closed","template":"","meta":{"_acf_changed":false,"_uag_custom_page_level_css":"","_lmt_disableupdate":"no","_lmt_disable":"","_monsterinsights_skip_tracking":false,"_monsterinsights_sitenote_active":false,"_monsterinsights_sitenote_note":"","_monsterinsights_sitenote_category":0,"site-sidebar-layout":"default","site-content-layout":"","ast-site-content-layout":"default","site-content-style":"default","site-sidebar-style":"default","ast-global-header-display":"","ast-banner-title-visibility":"","ast-main-header-display":"","ast-hfb-above-header-display":"","ast-hfb-below-header-display":"","ast-hfb-mobile-header-display":"","site-post-title":"","ast-breadcrumbs-content":"","ast-featured-img":"","footer-sml-layout":"","ast-disable-related-posts":"","theme-transparent-header-meta":"default","adv-header-id-meta":"","stick-header-meta":"","header-above-stick-meta":"","header-main-stick-meta":"","header-below-stick-meta":"","astra-migrate-meta-layouts":"set","ast-page-background-enabled":"default","ast-page-background-meta":{"desktop":{"background-color":"","background-image":"","background-repeat":"repeat","background-position":"center center","background-size":"auto","background-attachment":"scroll","background-type":"","background-media":"","overlay-type":"","overlay-color":"","overlay-opacity":"","overlay-gradient":""},"tablet":{"background-color":"","background-image":"","background-repeat":"repeat","background-position":"center center","background-size":"auto","background-attachment":"scroll","background-type":"","background-media":"","overlay-type":"","overlay-color":"","overlay-opacity":"","overlay-gradient":""},"mobile":{"background-color":"","background-image":"","background-repeat":"repeat","background-position":"center center","background-size":"auto","background-attachment":"scroll","background-type":"","background-media":"","overlay-type":"","overlay-color":"","overlay-opacity":"","overlay-gradient":""}},"ast-content-background-meta":{"desktop":{"background-color":"var(--ast-global-color-5)","background-image":"","background-repeat":"repeat","background-position":"center center","background-size":"auto","background-attachment":"scroll","background-type":"","background-media":"","overlay-type":"","overlay-color":"","overlay-opacity":"","overlay-gradient":""},"tablet":{"background-color":"var(--ast-global-color-5)","background-image":"","background-repeat":"repeat","background-position":"center center","background-size":"auto","background-attachment":"scroll","background-type":"","background-media":"","overlay-type":"","overlay-color":"","overlay-opacity":"","overlay-gradient":""},"mobile":{"background-color":"var(--ast-global-color-5)","background-image":"","background-repeat":"repeat","background-position":"center center","background-size":"auto","background-attachment":"scroll","background-type":"","background-media":"","overlay-type":"","overlay-color":"","overlay-opacity":"","overlay-gradient":""}},"_joinchat":{"telephone":"+8617776015835"}},"product_brand":[],"product_cat":[66,62,149,154,160,146],"product_tag":[109,108,110,105,93],"class_list":{"0":"post-3021","1":"product","2":"type-product","3":"status-publish","4":"has-post-thumbnail","6":"product_cat-36000-puff","7":"product_cat-bang-vape","8":"product_cat-buy-disposable-vapes-in-austria","9":"product_cat-buy-disposable-vapes-in-netherlands","10":"product_cat-buy-disposable-vapes-in-switzerland","11":"product_cat-rechargeable-disposable-vapes","12":"product_tag-bang-36000","13":"product_tag-bang-vape-36000","14":"product_tag-bang-vape-36k","15":"product_tag-digital-disposable-vape","16":"product_tag-vape-wholesale","17":"desktop-align-left","18":"tablet-align-left","19":"mobile-align-left","21":"first","22":"instock","23":"sale","24":"shipping-taxable","25":"purchasable","26":"product-type-simple"},"acf":[],"uagb_featured_image_src":{"full":["https:\/\/vapestornado.com\/wp-content\/uploads\/2024\/12\/Bang-36000-Puffs-Disposable-Vape-Wholesale-Price.jpg",1126,1126,false],"thumbnail":["https:\/\/vapestornado.com\/wp-content\/uploads\/2024\/12\/Bang-36000-Puffs-Disposable-Vape-Wholesale-Price-150x150.jpg",150,150,true],"medium":["https:\/\/vapestornado.com\/wp-content\/uploads\/2024\/12\/Bang-36000-Puffs-Disposable-Vape-Wholesale-Price-300x300.jpg",300,300,true],"medium_large":["https:\/\/vapestornado.com\/wp-content\/uploads\/2024\/12\/Bang-36000-Puffs-Disposable-Vape-Wholesale-Price-768x768.jpg",768,768,true],"large":["https:\/\/vapestornado.com\/wp-content\/uploads\/2024\/12\/Bang-36000-Puffs-Disposable-Vape-Wholesale-Price-1024x1024.jpg",1024,1024,true],"1536x1536":["https:\/\/vapestornado.com\/wp-content\/uploads\/2024\/12\/Bang-36000-Puffs-Disposable-Vape-Wholesale-Price.jpg",1126,1126,false],"2048x2048":["https:\/\/vapestornado.com\/wp-content\/uploads\/2024\/12\/Bang-36000-Puffs-Disposable-Vape-Wholesale-Price.jpg",1126,1126,false],"trp-custom-language-flag":["https:\/\/vapestornado.com\/wp-content\/uploads\/2024\/12\/Bang-36000-Puffs-Disposable-Vape-Wholesale-Price.jpg",12,12,false],"woocommerce_thumbnail":["https:\/\/vapestornado.com\/wp-content\/uploads\/2024\/12\/Bang-36000-Puffs-Disposable-Vape-Wholesale-Price-300x300.jpg",300,300,true],"woocommerce_single":["https:\/\/vapestornado.com\/wp-content\/uploads\/2024\/12\/Bang-36000-Puffs-Disposable-Vape-Wholesale-Price-600x600.jpg",600,600,true],"woocommerce_gallery_thumbnail":["https:\/\/vapestornado.com\/wp-content\/uploads\/2024\/12\/Bang-36000-Puffs-Disposable-Vape-Wholesale-Price-100x100.jpg",100,100,true]},"uagb_author_info":{"display_name":"ESAMY","author_link":"https:\/\/vapestornado.com\/ro\/author\/"},"uagb_comment_info":0,"uagb_excerpt":"Bang 36000 Smart Disposable Vape \u2014 36K Puffs Built for Long Daily Use Bang 36K Mesh Coil and Adjustable Airflow for Smooth, Dense Vapor Bang 36000 Smart Disposable with LED Screen and Type-C Rechargeable Power Add Amy's whatsapp to get right reply and vape vape coupon! WhatsApp: +86 17776015835 &nbsp;","_links":{"self":[{"href":"https:\/\/vapestornado.com\/ro\/wp-json\/wp\/v2\/product\/3021","targetHints":{"allow":["GET"]}}],"collection":[{"href":"https:\/\/vapestornado.com\/ro\/wp-json\/wp\/v2\/product"}],"about":[{"href":"https:\/\/vapestornado.com\/ro\/wp-json\/wp\/v2\/types\/product"}],"replies":[{"embeddable":true,"href":"https:\/\/vapestornado.com\/ro\/wp-json\/wp\/v2\/comments?post=3021"}],"wp:featuredmedia":[{"embeddable":true,"href":"https:\/\/vapestornado.com\/ro\/wp-json\/wp\/v2\/media\/3006"}],"wp:attachment":[{"href":"https:\/\/vapestornado.com\/ro\/wp-json\/wp\/v2\/media?parent=3021"}],"wp:term":[{"taxonomy":"product_brand","embeddable":true,"href":"https:\/\/vapestornado.com\/ro\/wp-json\/wp\/v2\/product_brand?post=3021"},{"taxonomy":"product_cat","embeddable":true,"href":"https:\/\/vapestornado.com\/ro\/wp-json\/wp\/v2\/product_cat?post=3021"},{"taxonomy":"product_tag","embeddable":true,"href":"https:\/\/vapestornado.com\/ro\/wp-json\/wp\/v2\/product_tag?post=3021"}],"curies":[{"name":"wp","href":"https:\/\/api.w.org\/{rel}","templated":true}]}}