{"id":3020,"date":"2024-12-09T09:13:52","date_gmt":"2024-12-09T09:13:52","guid":{"rendered":"https:\/\/vapestornado.com\/?post_type=product&#038;p=3020"},"modified":"2025-08-23T10:17:17","modified_gmt":"2025-08-23T10:17:17","slug":"vapme-uwin-crystal-10000-puff-vape-pen-cheap-price-2-5-nicotine","status":"publish","type":"product","link":"https:\/\/vapestornado.com\/ro\/product\/vapme-uwin-crystal-10000-puff-vape-pen-cheap-price-2-5-nicotine\/","title":{"rendered":"Vapme UWIN Crystal 10000 PUFF Vape Pen Pre\u021b ieftin 2% 5% Nicotin\u0103"},"content":{"rendered":"<h1>Vapme UWIN Crystal 10000 PUFF Vape Pen Pre\u021b ieftin 2% 5% Nicotin\u0103<\/h1>\n<p data-start=\"391\" data-end=\"692\">Sistemul <strong data-start=\"395\" data-end=\"439\">UWIN Crystal 10000 Puffs Vape de unic\u0103 folosin\u021b\u0103<\/strong> combin\u0103 capacitatea, designul \u0219i performan\u021ba fiabil\u0103, f\u0103c\u00e2ndu-l o alegere puternic\u0103 pentru <strong data-start=\"523\" data-end=\"562\">angrosi\u0219ti \u0219i comercian\u021bi cu am\u0103nuntul din Europa<\/strong>. Cu p\u00e2n\u0103 la <strong data-start=\"575\" data-end=\"591\">10.000 de pufuri<\/strong> \u0219i un <strong data-start=\"599\" data-end=\"632\">rezervor de e-lichid pre-umplut de 18 ml<\/strong>, ofer\u0103 o utilizare mai lung\u0103 \u00een compara\u021bie cu dispozitivele de unic\u0103 folosin\u021b\u0103 standard.<\/p>\n<p data-start=\"694\" data-end=\"952\">Alimentat de o <strong data-start=\"707\" data-end=\"738\">baterie re\u00eenc\u0103rcabil\u0103 de 650mAh<\/strong> cu <strong data-start=\"744\" data-end=\"768\">\u00eenc\u0103rcare rapid\u0103 de tip C<\/strong>, UWIN 10K asigur\u0103 o putere constant\u0103 \u0219i un timp de nefunc\u021bionare redus. Al s\u0103u <strong data-start=\"831\" data-end=\"849\">rezisten\u021b\u0103 mesh de 0.8\u03a9<\/strong> ofer\u0103 o produc\u021bie lin\u0103 de vapori \u0219i o livrare consistent\u0103 a aromei, atr\u0103g\u00e2nd o gam\u0103 larg\u0103 de utilizatori.<\/p>\n<p data-start=\"954\" data-end=\"1246\">Cu un <strong data-start=\"966\" data-end=\"994\">corp transparent de cristal<\/strong> cu <strong data-start=\"1000\" data-end=\"1016\">Iluminare RGB<\/strong>, acest vape iese \u00een eviden\u021b\u0103 pe rafturile magazinelor, r\u0103m\u00e2n\u00e2nd \u00een acela\u0219i timp compact \u0219i u\u0219or de transportat. Disponibil \u00een <strong data-start=\"1112\" data-end=\"1144\">Concentra\u021bii de nicotin\u0103 2% \u0219i 5%<\/strong>, modelul <strong data-start=\"1150\" data-end=\"1177\">UWIN Crystal 10000 Vape<\/strong> r\u0103spunde diferitelor nevoi ale clien\u021bilor, de la vaperi ocazionali p\u00e2n\u0103 la cei obi\u0219nui\u021bi.<\/p>\n<p data-start=\"1248\" data-end=\"1373\">Pentru angrosi\u0219ti, al s\u0103u <strong data-start=\"1269\" data-end=\"1297\">pre\u021buri competitive la vrac<\/strong> \u0219i atractivitatea puternic\u0103 pentru consumatori \u00eel fac un produs profitabil de stocat \u00een 2025.<\/p>\n<p><img fetchpriority=\"high\" decoding=\"async\" class=\"size-medium wp-image-2951\" src=\"https:\/\/vapestornado.com\/wp-content\/uploads\/2024\/12\/Wholesale-Disposable-Vape-265x300.jpg\" alt=\"Vape de unic\u0103 folosin\u021b\u0103 en-gros\" width=\"265\" height=\"300\" srcset=\"https:\/\/vapestornado.com\/wp-content\/uploads\/2024\/12\/Wholesale-Disposable-Vape-265x300.jpg 265w, https:\/\/vapestornado.com\/wp-content\/uploads\/2024\/12\/Wholesale-Disposable-Vape-768x871.jpg 768w, https:\/\/vapestornado.com\/wp-content\/uploads\/2024\/12\/Wholesale-Disposable-Vape-600x680.jpg 600w, https:\/\/vapestornado.com\/wp-content\/uploads\/2024\/12\/Wholesale-Disposable-Vape.jpg 823w\" sizes=\"(max-width: 265px) 100vw, 265px\" \/><\/p>\n<h6>V\u0103 rug\u0103m s\u0103 contacta\u021bi WhatsApp-ul lui Mandy pentru pre\u021b redus<a href=\"https:\/\/wa.me\/8618077105796\" target=\"_blank\" rel=\"noopener\">+8618077105796<\/a><\/h6>\n<p>&nbsp;<\/p>\n<h2><strong>Caracteristici cheie ale vape-urilor Uwin Crystal 10000 Puffs<\/strong><\/h2>\n<ul>\n<li><strong>P\u00e2n\u0103 la 10000 de Puffs<\/strong>: Performan\u021b\u0103 de lung\u0103 durat\u0103 pentru utilizare extins\u0103.<\/li>\n<li><strong>Concentra\u021bii multiple de nicotin\u0103<\/strong>: Disponibil \u00een op\u021biuni de nicotin\u0103 de 0%, 2%, 3% \u0219i 5%.<\/li>\n<li><strong>Capacitate de 18 ml de E-Lichid<\/strong>: Rezervor mare pentru mai pu\u021bine reumpleri.<\/li>\n<li><strong>Baterie re\u00eenc\u0103rcabil\u0103 de 650 mAh<\/strong>: \u00cenc\u0103rcare rapid\u0103 de tip C pentru porniri rapide.<\/li>\n<li><strong>Bobin\u0103 Mesh de 0,8\u03a9<\/strong>: Arom\u0103 \u00eembun\u0103t\u0103\u021bit\u0103 \u0219i produc\u021bie de vapori.<\/li>\n<li><strong>Lumini RGB<\/strong>: Iluminare dinamic\u0103 pentru un aspect modern.<\/li>\n<li><strong>Achizi\u021bie \u00een vrac<\/strong>: Op\u021biuni de v\u00e2nzare cu ridicata cu 200 de unit\u0103\u021bi per carton.<\/li>\n<li><strong>Portabil \u0219i u\u0219or<\/strong>: U\u0219or de transportat \u0219i ideal at\u00e2t pentru \u00eencep\u0103tori, c\u00e2t \u0219i pentru vaperi experimenta\u021bi.<\/li>\n<\/ul>\n<h2><strong>O gam\u0103 variat\u0103 de arome<\/strong><\/h2>\n<p>Uwin Crystal 10000 Puffs ofer\u0103 o gam\u0103 atent selec\u021bionat\u0103 de 15 arome distincte, concepute pentru a satisface orice gust. Fie c\u0103 prefera\u021bi amestecuri dulci, fructate sau mentolate r\u0103coritoare, exist\u0103 o arom\u0103 potrivit\u0103 pentru fiecare preferin\u021b\u0103. Iat\u0103 o privire mai atent\u0103 asupra op\u021biunilor disponibile:<\/p>\n<p>1.Afine Zmeur\u0103<br \/>\n2. Struguri cu ghea\u021b\u0103<br \/>\n3.C\u0103p\u0219uni Pepene Ro\u0219u<br \/>\n4. Afine cu ghea\u021b\u0103<br \/>\n5. Pepene verde cu ghea\u021b\u0103<br \/>\n6. Cire\u0219e cu ghea\u021b\u0103<br \/>\n7. C\u0103p\u0219uni, zmeur\u0103, cire\u0219e<br \/>\n8. Kiwi, fructul pasiunii, guava<br \/>\n9. C\u0103p\u0219uni cu ghea\u021b\u0103<br \/>\n10. Piersici cu ghea\u021b\u0103<br \/>\n11. C\u0103p\u0219uni kiwi<br \/>\n12. Piersici \u0219i fructe de p\u0103dure<br \/>\n13. Cola cu cire\u0219e<br \/>\n14. Fructe de p\u0103dure amestecate<br \/>\n15. Mr. Blue<\/p>\n<h3><strong>De ce s\u0103 alege\u021bi <a href=\"https:\/\/vapestornado.com\/ro\/product\/vapme-uwin-crystal-10000-puff-vape-pen-cheap-price-2-5-nicotine\/\">Uwin Crystal 10000 Pufuri<\/a> de la <a href=\"https:\/\/vapestornado.com\/ro\/store\/\">vapestornado.ro<\/a>?<\/strong><\/h3>\n<ul>\n<li><strong>Calitate Premium<\/strong>: Uwin Crystal 10000 Puffs ofer\u0103 performan\u021be excep\u021bionale cu tehnologia avansat\u0103 a bobinei mesh, asigur\u00e2nd o arom\u0103 fin\u0103 \u0219i vapori den\u0219i la fiecare puf.<\/li>\n<li><strong>De Lung\u0103 Durat\u0103<\/strong>: Cu p\u00e2n\u0103 la 10.000 de pufuri \u0219i o capacitate mare de e-lichid de 18 ml, acest dispozitiv ofer\u0103 o utilizare extins\u0103, ceea ce \u00eel face o op\u021biune rentabil\u0103 at\u00e2t pentru vaperii ocazionali, c\u00e2t \u0219i pentru cei obi\u0219nui\u021bi.<\/li>\n<li><strong>Niveluri de Nicotin\u0103 Personalizabile<\/strong>: Disponibil \u00een concentra\u021bii de nicotin\u0103 de 0%, 2%, 3% \u0219i 5%, r\u0103spunz\u00e2nd unei game largi de preferin\u021be.<\/li>\n<li><strong>\u00cenc\u0103rcare Rapid\u0103<\/strong>: Bateria re\u00eenc\u0103rcabil\u0103 de 650mAh cu \u00eenc\u0103rcare de tip C asigur\u0103 \u00eenc\u0103rc\u0103ri rapide \u0219i fiabile, men\u021bin\u00e2ndu-v\u0103 vaping-ul mai mult timp.<\/li>\n<li><strong>Elegant \u0219i Stilat<\/strong>: Designul transparent cu lumini RGB vibrante nu numai c\u0103 \u00eembun\u0103t\u0103\u021be\u0219te estetica, dar \u00eel \u0219i transform\u0103 \u00eentr-un accesoriu remarcabil.<\/li>\n<li><strong>Comoditate<\/strong>: U\u0219or de transportat \u0219i gata de utilizare, perfect pentru vaping \u00een mi\u0219care.<\/li>\n<li><strong>Pre\u021buri Competitive<\/strong>: vapestornado ofer\u0103 Uwin Crystal 10000 Puffs la un pre\u021b imbatabil, cu op\u021biuni de achizi\u021bie \u00een vrac pentru angrosi\u0219ti.<\/li>\n<li><strong>Serviciu de \u00eencredere<\/strong>: Bucura\u021bi-v\u0103 de livrare rapid\u0103, asisten\u021b\u0103 excelent\u0103 pentru clien\u021bi \u0219i o experien\u021b\u0103 de cump\u0103r\u0103turi f\u0103r\u0103 probleme pe vapestornado.com.<\/li>\n<\/ul>\n<p>&nbsp;<\/p>\n<h3><strong>Beneficiile cump\u0103r\u0103turilor \u00een vrac de la vapestornado.com<\/strong><\/h3>\n<ul>\n<li><strong>Economii de costuri<\/strong>: Cump\u0103rarea \u00een vrac reduce costul per unitate, sporind rentabilitatea general\u0103.<\/li>\n<li><strong>Disponibilitate constant\u0103<\/strong>: P\u0103stra\u021bi un stoc fiabil pentru a satisface cererea clien\u021bilor f\u0103r\u0103 \u00eentreruperi, perfect pentru men\u021binerea fluxului de afaceri.<\/li>\n<li><strong>Comenzi flexibile<\/strong>: Personaliza\u021bi-v\u0103 achizi\u021bia \u00een vrac cu o varietate de arome \u0219i concentra\u021bii de nicotin\u0103 pentru a satisface baza dvs. de clien\u021bi.<\/li>\n<li><strong>Reduceri exclusive pentru angrosi\u0219ti<\/strong>: Bucura\u021bi-v\u0103 de pre\u021buri speciale la comenzile \u00een vrac, asigur\u00e2ndu-v\u0103 c\u0103 ob\u021bine\u021bi cea mai bun\u0103 valoare pentru produsele premium.<\/li>\n<\/ul>\n<div class=\"flex-shrink-0 flex flex-col relative items-end\">\n<div>\n<div class=\"pt-0\">\n<div class=\"gizmo-bot-avatar flex h-8 w-8 items-center justify-center overflow-hidden rounded-full\">\n<div class=\"relative p-1 rounded-sm flex items-center justify-center bg-token-main-surface-primary text-token-text-primary h-8 w-8\"><\/div>\n<\/div>\n<\/div>\n<\/div>\n<\/div>\n<div class=\"group\/conversation-turn relative flex w-full min-w-0 flex-col agent-turn\">\n<div class=\"flex-col gap-1 md:gap-3\">\n<div class=\"flex max-w-full flex-col flex-grow\">\n<div class=\"min-h-8 text-message flex w-full flex-col items-end gap-2 whitespace-normal break-words text-start [.text-message+&amp;]:mt-5\" dir=\"auto\" data-message-author-role=\"assistant\" data-message-id=\"782e374d-2cea-4922-b41d-46c77a1b831e\" data-message-model-slug=\"gpt-4o\">\n<div class=\"flex w-full flex-col gap-1 empty:hidden first:pt-[3px]\">\n<div class=\"markdown prose w-full break-words dark:prose-invert light\">\n<h3><strong>\u00centreb\u0103ri frecvente despre Uwin Crystal 10000 Puffs Vape Re\u00eenc\u0103rcabil<\/strong><\/h3>\n<\/div>\n<\/div>\n<\/div>\n<\/div>\n<\/div>\n<\/div>\n<div class=\"flex max-w-full flex-col flex-grow\">\n<div class=\"min-h-8 text-message flex w-full flex-col items-end gap-2 whitespace-normal break-words text-start [.text-message+&amp;]:mt-5\" dir=\"auto\" data-message-author-role=\"assistant\" data-message-id=\"782e374d-2cea-4922-b41d-46c77a1b831e\" data-message-model-slug=\"gpt-4o\">\n<div class=\"flex w-full flex-col gap-1 empty:hidden first:pt-[3px]\">\n<div class=\"markdown prose w-full break-words dark:prose-invert light\">\n<ol>\n<li><strong>C\u00e2t dureaz\u0103 Uwin Crystal Vape 10000 Puffs?<\/strong><br \/>\nCu p\u00e2n\u0103 la 10.000 de pufuri, acest dispozitiv este conceput s\u0103 dureze c\u00e2teva zile sau chiar s\u0103pt\u0103m\u00e2ni, \u00een func\u021bie de obiceiurile de utilizare.<\/li>\n<li><strong>Uwin Crystal 10k Puffs este re\u00eenc\u0103rcabil?<\/strong><br \/>\nDa, are o baterie re\u00eenc\u0103rcabil\u0103 de 650mAh cu \u00eenc\u0103rcare de tip C pentru porniri rapide \u0219i eficiente.<\/li>\n<li><strong>Ce concentra\u021bii de nicotin\u0103 sunt disponibile pentru Uwin Crystal 10000 Puffs?<\/strong><br \/>\nAcest dispozitiv este disponibil \u00een niveluri de nicotin\u0103 de 0%, 2%, 3% \u0219i 5%, oferind op\u021biuni pentru a se potrivi diferitelor preferin\u021be.<\/li>\n<li><strong>Ce face ca Uwin Crystal 10000 Puff s\u0103 fie unic?<\/strong><br \/>\nUwin Crystal se remarc\u0103 prin capacitatea sa de 18 ml de e-lichid, bobina avansat\u0103 de plas\u0103 de 0,8\u03a9 pentru o arom\u0103 \u00eembun\u0103t\u0103\u021bit\u0103, designul elegant, clar ca cristalul \u0219i iluminarea RGB dinamic\u0103.<\/li>\n<li><strong>Pot cump\u0103ra Uwin Crystal 10000 Puffs \u00een vrac?<\/strong><br \/>\nDa, vapestornado ofer\u0103 op\u021biuni de v\u00e2nzare cu ridicata cu 200 de unit\u0103\u021bi per carton, ideal pentru comercian\u021bii cu am\u0103nuntul sau \u00eentreprinderi.<\/li>\n<li><strong>Vape-ul de unic\u0103 folosin\u021b\u0103 Uwin Crystal 10000 Puffs este potrivit pentru \u00eencep\u0103tori?<\/strong><br \/>\nAbsolut! Designul s\u0103u u\u0219or de utilizat, activat prin tragere, \u00eel face perfect at\u00e2t pentru vaperii noi, c\u00e2t \u0219i pentru cei cu experien\u021b\u0103.<\/li>\n<\/ol>\n<\/div>\n<\/div>\n<\/div>\n<\/div>\n<div class=\"mb-2 flex gap-3 empty:hidden -ml-2\">\n<div class=\"items-center justify-start rounded-xl p-1 flex\"><\/div>\n<\/div>","protected":false},"excerpt":{"rendered":"<p>Vape-ul re\u00eenc\u0103rcabil UWIN Crystal 10000 Puffs ofer\u0103 performan\u021b\u0103 de lung\u0103 durat\u0103, design vibrant \u0219i arom\u0103 premium cu tehnologie avansat\u0103 de vaping.<\/p>\n<figure id=\"attachment_2951\" aria-describedby=\"caption-attachment-2951\" style=\"width: 265px\" class=\"wp-caption alignnone\"><img fetchpriority=\"high\" decoding=\"async\" class=\"size-medium wp-image-2951\" src=\"https:\/\/vapestornado.com\/wp-content\/uploads\/2024\/12\/Wholesale-Disposable-Vape-265x300.jpg\" alt=\"Vape de unic\u0103 folosin\u021b\u0103 en-gros\" width=\"265\" height=\"300\" srcset=\"https:\/\/vapestornado.com\/wp-content\/uploads\/2024\/12\/Wholesale-Disposable-Vape-265x300.jpg 265w, https:\/\/vapestornado.com\/wp-content\/uploads\/2024\/12\/Wholesale-Disposable-Vape-768x871.jpg 768w, https:\/\/vapestornado.com\/wp-content\/uploads\/2024\/12\/Wholesale-Disposable-Vape-600x680.jpg 600w, https:\/\/vapestornado.com\/wp-content\/uploads\/2024\/12\/Wholesale-Disposable-Vape.jpg 823w\" sizes=\"(max-width: 265px) 100vw, 265px\" \/><figcaption id=\"caption-attachment-2951\" class=\"wp-caption-text\">Contacta\u021bi Mandy pentru pre\u021buri reduse<a href=\"https:\/\/wa.me\/8618077105796\">+86 18077105796<\/a><\/figcaption><\/figure>\n<p>&nbsp;<\/p>","protected":false},"featured_media":3009,"comment_status":"open","ping_status":"closed","template":"","meta":{"_acf_changed":false,"_uag_custom_page_level_css":"","_lmt_disableupdate":"no","_lmt_disable":"","_monsterinsights_skip_tracking":false,"_monsterinsights_sitenote_active":false,"_monsterinsights_sitenote_note":"","_monsterinsights_sitenote_category":0,"site-sidebar-layout":"default","site-content-layout":"","ast-site-content-layout":"default","site-content-style":"default","site-sidebar-style":"default","ast-global-header-display":"","ast-banner-title-visibility":"","ast-main-header-display":"","ast-hfb-above-header-display":"","ast-hfb-below-header-display":"","ast-hfb-mobile-header-display":"","site-post-title":"","ast-breadcrumbs-content":"","ast-featured-img":"","footer-sml-layout":"","ast-disable-related-posts":"","theme-transparent-header-meta":"default","adv-header-id-meta":"","stick-header-meta":"","header-above-stick-meta":"","header-main-stick-meta":"","header-below-stick-meta":"","astra-migrate-meta-layouts":"set","ast-page-background-enabled":"default","ast-page-background-meta":{"desktop":{"background-color":"","background-image":"","background-repeat":"repeat","background-position":"center center","background-size":"auto","background-attachment":"scroll","background-type":"","background-media":"","overlay-type":"","overlay-color":"","overlay-opacity":"","overlay-gradient":""},"tablet":{"background-color":"","background-image":"","background-repeat":"repeat","background-position":"center center","background-size":"auto","background-attachment":"scroll","background-type":"","background-media":"","overlay-type":"","overlay-color":"","overlay-opacity":"","overlay-gradient":""},"mobile":{"background-color":"","background-image":"","background-repeat":"repeat","background-position":"center center","background-size":"auto","background-attachment":"scroll","background-type":"","background-media":"","overlay-type":"","overlay-color":"","overlay-opacity":"","overlay-gradient":""}},"ast-content-background-meta":{"desktop":{"background-color":"var(--ast-global-color-5)","background-image":"","background-repeat":"repeat","background-position":"center center","background-size":"auto","background-attachment":"scroll","background-type":"","background-media":"","overlay-type":"","overlay-color":"","overlay-opacity":"","overlay-gradient":""},"tablet":{"background-color":"var(--ast-global-color-5)","background-image":"","background-repeat":"repeat","background-position":"center center","background-size":"auto","background-attachment":"scroll","background-type":"","background-media":"","overlay-type":"","overlay-color":"","overlay-opacity":"","overlay-gradient":""},"mobile":{"background-color":"var(--ast-global-color-5)","background-image":"","background-repeat":"repeat","background-position":"center center","background-size":"auto","background-attachment":"scroll","background-type":"","background-media":"","overlay-type":"","overlay-color":"","overlay-opacity":"","overlay-gradient":""}},"_joinchat":{"telephone":"+8618077105796"}},"product_brand":[],"product_cat":[106,140,149,150,153,155,158,141,233],"product_tag":[97,107],"class_list":{"0":"post-3020","1":"product","2":"type-product","3":"status-publish","4":"has-post-thumbnail","6":"product_cat-10000-puff","7":"product_cat-big-puffs-disposable-vapes","8":"product_cat-buy-disposable-vapes-in-austria","9":"product_cat-buy-disposable-vapes-in-belgium","10":"product_cat-buy-disposable-vapes-in-italy","11":"product_cat-buy-disposable-vapes-in-norway","12":"product_cat-buy-disposable-vapes-in-spain","13":"product_cat-crystal-disposable-vapes","14":"product_cat-uwin-vape","15":"product_tag-hot-sale-disposable-vape","16":"product_tag-uwin-crystal-10000-puffs","17":"desktop-align-left","18":"tablet-align-left","19":"mobile-align-left","21":"first","22":"instock","23":"sale","24":"shipping-taxable","25":"purchasable","26":"product-type-simple"},"acf":[],"uagb_featured_image_src":{"full":["https:\/\/vapestornado.com\/wp-content\/uploads\/2024\/12\/UWIN-Crystal-10000-Puffs-Vape-Pen-cherry-cola.jpg",800,800,false],"thumbnail":["https:\/\/vapestornado.com\/wp-content\/uploads\/2024\/12\/UWIN-Crystal-10000-Puffs-Vape-Pen-cherry-cola-150x150.jpg",150,150,true],"medium":["https:\/\/vapestornado.com\/wp-content\/uploads\/2024\/12\/UWIN-Crystal-10000-Puffs-Vape-Pen-cherry-cola-300x300.jpg",300,300,true],"medium_large":["https:\/\/vapestornado.com\/wp-content\/uploads\/2024\/12\/UWIN-Crystal-10000-Puffs-Vape-Pen-cherry-cola-768x768.jpg",768,768,true],"large":["https:\/\/vapestornado.com\/wp-content\/uploads\/2024\/12\/UWIN-Crystal-10000-Puffs-Vape-Pen-cherry-cola.jpg",800,800,false],"1536x1536":["https:\/\/vapestornado.com\/wp-content\/uploads\/2024\/12\/UWIN-Crystal-10000-Puffs-Vape-Pen-cherry-cola.jpg",800,800,false],"2048x2048":["https:\/\/vapestornado.com\/wp-content\/uploads\/2024\/12\/UWIN-Crystal-10000-Puffs-Vape-Pen-cherry-cola.jpg",800,800,false],"trp-custom-language-flag":["https:\/\/vapestornado.com\/wp-content\/uploads\/2024\/12\/UWIN-Crystal-10000-Puffs-Vape-Pen-cherry-cola.jpg",12,12,false],"woocommerce_thumbnail":["https:\/\/vapestornado.com\/wp-content\/uploads\/2024\/12\/UWIN-Crystal-10000-Puffs-Vape-Pen-cherry-cola-300x300.jpg",300,300,true],"woocommerce_single":["https:\/\/vapestornado.com\/wp-content\/uploads\/2024\/12\/UWIN-Crystal-10000-Puffs-Vape-Pen-cherry-cola-600x600.jpg",600,600,true],"woocommerce_gallery_thumbnail":["https:\/\/vapestornado.com\/wp-content\/uploads\/2024\/12\/UWIN-Crystal-10000-Puffs-Vape-Pen-cherry-cola-100x100.jpg",100,100,true]},"uagb_author_info":{"display_name":"ESMANDY","author_link":"https:\/\/vapestornado.com\/ro\/author\/"},"uagb_comment_info":0,"uagb_excerpt":"UWIN Crystal 10000 Puffs Rechargeable vape offers long-lasting performance, vibrant design, and premium flavor with advanced vaping technology. [caption id=\"attachment_2951\" align=\"alignnone\" width=\"265\"] Contact Mandy For Discount Price+86 18077105796[\/caption] &nbsp;","_links":{"self":[{"href":"https:\/\/vapestornado.com\/ro\/wp-json\/wp\/v2\/product\/3020","targetHints":{"allow":["GET"]}}],"collection":[{"href":"https:\/\/vapestornado.com\/ro\/wp-json\/wp\/v2\/product"}],"about":[{"href":"https:\/\/vapestornado.com\/ro\/wp-json\/wp\/v2\/types\/product"}],"replies":[{"embeddable":true,"href":"https:\/\/vapestornado.com\/ro\/wp-json\/wp\/v2\/comments?post=3020"}],"wp:featuredmedia":[{"embeddable":true,"href":"https:\/\/vapestornado.com\/ro\/wp-json\/wp\/v2\/media\/3009"}],"wp:attachment":[{"href":"https:\/\/vapestornado.com\/ro\/wp-json\/wp\/v2\/media?parent=3020"}],"wp:term":[{"taxonomy":"product_brand","embeddable":true,"href":"https:\/\/vapestornado.com\/ro\/wp-json\/wp\/v2\/product_brand?post=3020"},{"taxonomy":"product_cat","embeddable":true,"href":"https:\/\/vapestornado.com\/ro\/wp-json\/wp\/v2\/product_cat?post=3020"},{"taxonomy":"product_tag","embeddable":true,"href":"https:\/\/vapestornado.com\/ro\/wp-json\/wp\/v2\/product_tag?post=3020"}],"curies":[{"name":"wp","href":"https:\/\/api.w.org\/{rel}","templated":true}]}}