{"id":3000,"date":"2024-12-09T07:00:42","date_gmt":"2024-12-09T07:00:42","guid":{"rendered":"https:\/\/vapestornado.com\/?post_type=product&#038;p=3000"},"modified":"2025-08-23T10:18:27","modified_gmt":"2025-08-23T10:18:27","slug":"waspe-25000-puffs-digital-disposable-vape-wholesale-price-in-poland","status":"publish","type":"product","link":"https:\/\/vapestornado.com\/ro\/product\/waspe-25000-puffs-digital-disposable-vape-wholesale-price-in-poland\/","title":{"rendered":"Waspe 25000 Puff-uri Vape Digital de Unic\u0103 Folosin\u021b\u0103 Pre\u021b en Gros \u00een Rom\u00e2nia"},"content":{"rendered":"<h1 class=\"product-title\">Waspe 25000 Puff-uri Vape Digital de Unic\u0103 Folosin\u021b\u0103 Pre\u021b en Gros \u00een Rom\u00e2nia<\/h1>\n<p data-start=\"525\" data-end=\"808\">Sistemul <strong data-start=\"529\" data-end=\"574\">\u021aigara Electronic\u0103 de Unic\u0103 Folosin\u021b\u0103 cu Display Digital Waspe 25000 cu Inhala\u021bii<\/strong> este o alegere practic\u0103 pentru angrosi\u0219ti \u0219i comercian\u021bi cu am\u0103nuntul din Rom\u00e2nia care caut\u0103 stocuri de lung\u0103 durat\u0103 \u0219i bogate \u00een func\u021bii. Cu p\u00e2n\u0103 la <strong data-start=\"690\" data-end=\"715\">25.000 de pufuri per unitate<\/strong> \u0219i o <strong data-start=\"722\" data-end=\"744\">sistem cu arom\u0103 dubl\u0103<\/strong>, ofer\u0103 clien\u021bilor o utilizare extins\u0103 \u0219i o varietate mai mare.<\/p>\n<p data-start=\"810\" data-end=\"1090\">Echipat cu un <strong data-start=\"826\" data-end=\"848\">ecran LED digital<\/strong>, Waspe 25K men\u021bine utilizatorii informa\u021bi \u00een timp real despre durata de via\u021b\u0103 a bateriei \u0219i num\u0103rul de pufuri. A lui <strong data-start=\"937\" data-end=\"960\">re\u00eenc\u0103rcabil<\/strong> cu <strong data-start=\"966\" data-end=\"990\">\u00eenc\u0103rcare rapid\u0103 de tip C<\/strong> asigur\u0103 o performan\u021b\u0103 constant\u0103 \u0219i reduce risipa, f\u0103c\u00e2ndu-l at\u00e2t rentabil, c\u00e2t \u0219i ecologic.<\/p>\n<p data-start=\"1092\" data-end=\"1373\">Disponibil \u00een multiple <strong data-start=\"1114\" data-end=\"1133\">niveluri de nicotin\u0103<\/strong> si <strong data-start=\"1138\" data-end=\"1161\">combina\u021bii de arome<\/strong>, modelul <strong data-start=\"1167\" data-end=\"1185\">Vape Waspe 25K<\/strong> atrage o baz\u0103 larg\u0103 de consumatori, de la \u00eencep\u0103tori p\u00e2n\u0103 la vaperi experimenta\u021bi. Compact \u0219i portabil, este potrivit pentru utilizarea de zi cu zi, oferind \u00een acela\u0219i timp o arom\u0103 consistent\u0103 datorit\u0103 tehnologiei avansate a bobinei.<\/p>\n<p data-start=\"1375\" data-end=\"1604\">Pentru distribuitori \u0219i proprietari de magazine din Rom\u00e2nia, <strong data-start=\"1423\" data-end=\"1449\">Waspe 25000 Pufuri Vape<\/strong> combin\u0103 capacitatea mare de pufuri, caracteristici inovatoare \u0219i <strong data-start=\"1504\" data-end=\"1537\">pre\u021buri competitive de v\u00e2nzare cu ridicata<\/strong>, f\u0103c\u00e2ndu-l un plus profitabil la inventarele de vape de unic\u0103 folosin\u021b\u0103.<\/p>\n<p>&nbsp;<\/p>\n<p><strong>Ad\u0103uga\u021bi Whatsapp-ul lui Amy pentru a primi un r\u0103spuns rapid \u0219i un cupon de vape!<\/strong><\/p>\n<p><img fetchpriority=\"high\" decoding=\"async\" class=\"size-full wp-image-2932\" src=\"https:\/\/vapestornado.com\/wp-content\/uploads\/2024\/12\/Vape-Wholesale.jpg\" alt=\"\u021aig\u0103ri electronice cu ridicata\" width=\"229\" height=\"300\" \/><\/p>\n<h3><a href=\"https:\/\/wa.me\/8617776015835\" target=\"_blank\" rel=\"noopener\"><span style=\"color: #ff0000;\"><strong>WhatsApp: +86 17776015835<\/strong><\/span><\/a><\/h3>\n<p>&nbsp;<\/p>\n<h4><strong style=\"font-size: 1.7em;\">Caracteristicile Produsului \u021aigar\u0103 Electronic\u0103 Waspe 25000<\/strong><\/h4>\n<ul>\n<li><strong>25.000 de Inhala\u021bii de Pur\u0103 Satisfac\u021bie<\/strong>: Bucura\u021bi-v\u0103 de sesiuni de vapat extinse cu p\u00e2n\u0103 la <strong>25.000 de pufuri<\/strong>, f\u0103c\u00e2nd din <strong>WASPE 25000 de pufuri<\/strong> alegerea ideal\u0103 at\u00e2t pentru utilizatorii ocazionali, c\u00e2t \u0219i pentru cei intensivi.<\/li>\n<li><strong>Concentra\u021bii multiple de nicotin\u0103<\/strong>: Alege\u021bi din <strong>nicotin\u0103 de 0%, 2% sau 5%<\/strong>, oferind o experien\u021b\u0103 personalizat\u0103 pentru utilizatorii care caut\u0103 <strong>vape de unic\u0103 folosin\u021b\u0103 cu con\u021binut sc\u0103zut de nicotin\u0103<\/strong> sau un impact mai puternic.<\/li>\n<li><strong>Capacitate e-lichid de 25ml<\/strong>: Pre\u00eenc\u0103rcat cu o cantitate generoas\u0103 de <strong>25ml de e-lichid<\/strong>, asigur\u00e2nd mai pu\u021bine \u00eentreruperi \u0219i o pl\u0103cere mai \u00eendelungat\u0103.<\/li>\n<li><strong>Rezisten\u021be avansate Dual Mesh<\/strong>: Rezisten\u021bele integrate de tip dual mesh garanteaz\u0103 o produc\u021bie lin\u0103 de vapori, o arom\u0103 consistent\u0103 \u0219i o experien\u021b\u0103 premium la fiecare puf.<\/li>\n<li><strong>Ecran digital LED<\/strong>: Acest <strong>Vape de unic\u0103 folosin\u021b\u0103 cu ecran LED<\/strong> are un ecran LCD inteligent, permi\u021b\u00e2ndu-v\u0103 s\u0103 monitoriza\u021bi <strong>durata de via\u021b\u0103 a bateriei \u0219i num\u0103rul de pufuri<\/strong> f\u0103r\u0103 efort.<\/li>\n<li><strong>Re\u00eenc\u0103rcabil \u0219i durabil<\/strong>: Alimentat de o <strong>baterie de 650 mAh<\/strong> \u0219i sus\u021binut de <strong>\u00eenc\u0103rcare rapid\u0103 de tip C<\/strong>, acest <strong>vape re\u00eenc\u0103rcabil<\/strong> v\u0103 \u021bine alimentat pentru o utilizare prelungit\u0103, f\u0103r\u0103 \u00eentreruperi lungi.<\/li>\n<li><strong>Design compact pentru cump\u0103rare \u00een vrac<\/strong>: U\u0219or \u0219i simplu de manevrat, Waspe 25k este perfect pentru achizi\u021bii \u00een vrac, fiind ideal pentru distribuitorii care caut\u0103 un produs de \u00eencredere pentru <strong>vape en-gros<\/strong>.<\/li>\n<\/ul>\n<p>&nbsp;<\/p>\n<h2 class=\"product-title\"><strong>Lista de arome WASPE 25000<\/strong><\/h2>\n<p>1. Kiwi cu c\u0103p\u0219uni<br \/>\n2. Fructe de P\u0103dure Mixte<br \/>\n3. Afine cu ghea\u021b\u0103<br \/>\n4. Struguri cu ghea\u021b\u0103<br \/>\n5. Cire\u0219e cu ghea\u021b\u0103<br \/>\n6. Limonad\u0103 cu afine \u0219i zmeur\u0103<br \/>\n7. Ghea\u021b\u0103 de piersici<br \/>\n8. C\u0103p\u0219uni Pepene Verde<br \/>\n9. Pepene verde cu piersici \u0219i mango<br \/>\n10. Pepene verde cu ghea\u021b\u0103<\/p>\n<h3>De ce s\u0103 alege\u021bi vapestornado pentru v\u00e2nzarea cu ridicata a \u021big\u0103rii electronice WASPE 25k?<\/h3>\n<div class=\"flex-shrink-0 flex flex-col relative items-end\">\n<div class=\"pt-0\">\n<div class=\"gizmo-bot-avatar flex h-8 w-8 items-center justify-center overflow-hidden rounded-full\">\n<div class=\"relative p-1 rounded-sm flex items-center justify-center bg-token-main-surface-primary text-token-text-primary h-8 w-8\">\n<p>Bine a\u021bi venit la vapestornado, magazinul dvs. online de \u00eencredere pentru vape-uri de unic\u0103 folosin\u021b\u0103 premium. Cu o experien\u021b\u0103 de peste 5 ani, v\u0103 aducem m\u0103rci populare de vape-uri de unic\u0103 folosin\u021b\u0103, cum ar fi Fumot RandM Vape, Vapme, Bang Vape, Waspe Vape \u0219i WGA Vape, etc.<\/p>\n<p>Gama noastr\u0103 include vape-uri populare precum <a href=\"https:\/\/vapestornado.com\/ro\/product\/fumot-randm-tornado-15000-puffs-rechargeable-disposable-vape-wholesale\/\">RandM Tornado 15000<\/a>, \u0219i op\u021biuni bogate \u00een arome, precum <a href=\"https:\/\/vapestornado.com\/ro\/product\/waspe-40000-puffs-double-flavour-led-display-disposable-vape-wholesale\/\">WASPE Arom\u0103 Dubl\u0103 40000 Pufuri<\/a> Fiecare produs este ales cu accent pe calitate, valoare \u0219i varietate, asigur\u00e2ndu-v\u0103 c\u0103 g\u0103si\u021bi potrivirea perfect\u0103 pentru nevoile dumneavoastr\u0103. Descoperi\u021bi servicii excep\u021bionale \u0219i o gam\u0103 larg\u0103 de produse de top la vapestornado.<\/p>\n<\/div>\n<h3><\/h3>\n<div class=\"relative p-1 rounded-sm flex items-center justify-center bg-token-main-surface-primary text-token-text-primary h-8 w-8\">\n<h3>\u00centreb\u0103ri frecvente despre \u021bigara electronic\u0103 de unic\u0103 folosin\u021b\u0103 re\u00eenc\u0103rcabil\u0103 WASPE 25k<\/h3>\n<\/div>\n<\/div>\n<\/div>\n<\/div>\n<div class=\"group\/conversation-turn relative flex w-full min-w-0 flex-col agent-turn\">\n<div class=\"flex-col gap-1 md:gap-3\">\n<div class=\"flex max-w-full flex-col flex-grow\">\n<div class=\"min-h-8 text-message flex w-full flex-col items-end gap-2 whitespace-normal break-words [.text-message+&amp;]:mt-5\" dir=\"auto\" data-message-author-role=\"assistant\" data-message-id=\"db716a1c-9ed0-4b8d-b3b0-7bdb913c3d42\" data-message-model-slug=\"gpt-4o\">\n<div class=\"flex w-full flex-col gap-1 empty:hidden first:pt-[3px]\">\n<div class=\"markdown prose w-full break-words dark:prose-invert light\">\n<h3><\/h3>\n<ol>\n<li><strong>De unde pot cump\u0103ra \u021bigara electronic\u0103 de unic\u0103 folosin\u021b\u0103 Waspe 25000 Puffs Digital la pre\u021b de en-gros \u00een Rom\u00e2nia?<\/strong><br \/>\nPute\u021bi achizi\u021biona \u021bigara electronic\u0103 de unic\u0103 folosin\u021b\u0103 Waspe 25000 Puffs Digital la pre\u021buri competitive de en-gros de la distribuitori de \u00eencredere specializa\u021bi \u00een <strong>vape en-gros<\/strong> \u00een Rom\u00e2nia.<\/li>\n<li><strong>C\u00e2te pufuri ofer\u0103 \u021bigara electronic\u0103 de unic\u0103 folosin\u021b\u0103 Waspe 25000 Puffs Digital?<\/strong><br \/>\nWaspe 25k ofer\u0103 o impresionant\u0103 <strong>25.000 de pufuri<\/strong>, asigur\u00e2nd o utilizare de lung\u0103 durat\u0103 \u0219i o valoare excelent\u0103 pentru bani.<\/li>\n<li><strong>Ce face vapa Waspe 25000 Puffs unic\u0103 \u00een compara\u021bie cu alte vape de unic\u0103 folosin\u021b\u0103?<\/strong><br \/>\nWaspe 25k se remarc\u0103 prin <strong>digital LED<\/strong> pentru monitorizarea num\u0103rului de pufuri \u0219i a duratei de via\u021b\u0103 a bateriei, <strong>arome duale<\/strong> op\u021biuni, \u0219i un design <strong>re\u00eenc\u0103rcabil<\/strong> alimentat de o baterie cu \u00eenc\u0103rcare rapid\u0103 <strong>portul Type-C<\/strong>.<\/li>\n<li><strong>Ce niveluri de nicotin\u0103 sunt disponibile pentru Vapa de unic\u0103 folosin\u021b\u0103 Waspe 25000 Puffs?<\/strong><br \/>\nWaspe 25k ofer\u0103 trei op\u021biuni de t\u0103rie a nicotinei: <strong>0%, 2% \u0219i 5%<\/strong>, pentru utilizatorii care prefer\u0103 <strong>vape de unic\u0103 folosin\u021b\u0103 cu con\u021binut sc\u0103zut de nicotin\u0103<\/strong> sau hit-uri mai puternice.<\/li>\n<li><strong>Cum asigur\u0103 Waspe 25k o experien\u021b\u0103 de vaping superioar\u0103?<\/strong><br \/>\nEchipat cu <strong>rezisten\u021be dual mesh<\/strong> pentru produc\u021bie sporit\u0103 de vapori, o capacitate mare de <strong>capacitate de 25 ml de e-lichid<\/strong>, \u0219i flux de aer personalizabil, Waspe 25k ofer\u0103 trageri consistente \u0219i pline de arome pentru o experien\u021b\u0103 de vaping excep\u021bional\u0103.<\/li>\n<\/ol>\n<\/div>\n<\/div>\n<\/div>\n<\/div>\n<\/div>\n<\/div>","protected":false},"excerpt":{"rendered":"<p>Sistemul <strong data-start=\"290\" data-end=\"327\">Vape de unic\u0103 folosin\u021b\u0103 Waspe 25000 Puffs<\/strong> ofer\u0103 arome duale, afi\u0219aj LED \u0219i p\u00e2n\u0103 la 25K pufuri. Perfect pentru <strong data-start=\"395\" data-end=\"425\">cump\u0103r\u0103torii angro din Rom\u00e2nia<\/strong>, combin\u00e2nd capacitatea, varietatea aromelor \u0219i pre\u021buri competitive la v\u00e2nzare \u00een vrac.<\/p>\n<p><strong>Adaug\u0103 whatsapp-ul lui Amy pentru a primi r\u0103spuns imediat \u0219i un cupon de vape!<\/strong><\/p>\n<p><img fetchpriority=\"high\" decoding=\"async\" class=\"size-full wp-image-2932\" src=\"https:\/\/vapestornado.com\/wp-content\/uploads\/2024\/12\/Vape-Wholesale.jpg\" alt=\"\u021aig\u0103ri electronice cu ridicata\" width=\"229\" height=\"300\" \/><\/p>\n<h3><a href=\"https:\/\/wa.me\/8617776015835\"><span style=\"color: #ff0000;\"><strong>WhatsApp: +86 17776015835<\/strong><\/span><\/a><\/h3>\n<p>&nbsp;<\/p>","protected":false},"featured_media":2995,"comment_status":"open","ping_status":"closed","template":"","meta":{"_acf_changed":false,"_uag_custom_page_level_css":"","_lmt_disableupdate":"no","_lmt_disable":"","_monsterinsights_skip_tracking":false,"_monsterinsights_sitenote_active":false,"_monsterinsights_sitenote_note":"","_monsterinsights_sitenote_category":0,"site-sidebar-layout":"default","site-content-layout":"","ast-site-content-layout":"default","site-content-style":"default","site-sidebar-style":"default","ast-global-header-display":"","ast-banner-title-visibility":"","ast-main-header-display":"","ast-hfb-above-header-display":"","ast-hfb-below-header-display":"","ast-hfb-mobile-header-display":"","site-post-title":"","ast-breadcrumbs-content":"","ast-featured-img":"","footer-sml-layout":"","ast-disable-related-posts":"","theme-transparent-header-meta":"default","adv-header-id-meta":"","stick-header-meta":"","header-above-stick-meta":"","header-main-stick-meta":"","header-below-stick-meta":"","astra-migrate-meta-layouts":"set","ast-page-background-enabled":"default","ast-page-background-meta":{"desktop":{"background-color":"","background-image":"","background-repeat":"repeat","background-position":"center center","background-size":"auto","background-attachment":"scroll","background-type":"","background-media":"","overlay-type":"","overlay-color":"","overlay-opacity":"","overlay-gradient":""},"tablet":{"background-color":"","background-image":"","background-repeat":"repeat","background-position":"center center","background-size":"auto","background-attachment":"scroll","background-type":"","background-media":"","overlay-type":"","overlay-color":"","overlay-opacity":"","overlay-gradient":""},"mobile":{"background-color":"","background-image":"","background-repeat":"repeat","background-position":"center center","background-size":"auto","background-attachment":"scroll","background-type":"","background-media":"","overlay-type":"","overlay-color":"","overlay-opacity":"","overlay-gradient":""}},"ast-content-background-meta":{"desktop":{"background-color":"var(--ast-global-color-5)","background-image":"","background-repeat":"repeat","background-position":"center center","background-size":"auto","background-attachment":"scroll","background-type":"","background-media":"","overlay-type":"","overlay-color":"","overlay-opacity":"","overlay-gradient":""},"tablet":{"background-color":"var(--ast-global-color-5)","background-image":"","background-repeat":"repeat","background-position":"center center","background-size":"auto","background-attachment":"scroll","background-type":"","background-media":"","overlay-type":"","overlay-color":"","overlay-opacity":"","overlay-gradient":""},"mobile":{"background-color":"var(--ast-global-color-5)","background-image":"","background-repeat":"repeat","background-position":"center center","background-size":"auto","background-attachment":"scroll","background-type":"","background-media":"","overlay-type":"","overlay-color":"","overlay-opacity":"","overlay-gradient":""}},"_joinchat":{"telephone":"+8617776015835"}},"product_brand":[],"product_cat":[68,151,158,159,144,60],"product_tag":[105,100,103,104],"class_list":{"0":"post-3000","1":"product","2":"type-product","3":"status-publish","4":"has-post-thumbnail","6":"product_cat-25000-puff","7":"product_cat-buy-disposable-vapes-in-france","8":"product_cat-buy-disposable-vapes-in-spain","9":"product_cat-buy-disposable-vapes-in-sweden","10":"product_cat-low-nicotine-disposable-vapes","11":"product_cat-waspe-fihp-vape","12":"product_tag-digital-disposable-vape","13":"product_tag-wasoe-vape","14":"product_tag-waspe-25000","15":"product_tag-waspe-25k","16":"desktop-align-left","17":"tablet-align-left","18":"mobile-align-left","20":"first","21":"instock","22":"sale","23":"shipping-taxable","24":"purchasable","25":"product-type-simple"},"acf":[],"uagb_featured_image_src":{"full":["https:\/\/vapestornado.com\/wp-content\/uploads\/2024\/12\/WASPE-25000-Puffs-Disposable-Vape-Wholesale-Price.jpg",1126,1137,false],"thumbnail":["https:\/\/vapestornado.com\/wp-content\/uploads\/2024\/12\/WASPE-25000-Puffs-Disposable-Vape-Wholesale-Price-150x150.jpg",150,150,true],"medium":["https:\/\/vapestornado.com\/wp-content\/uploads\/2024\/12\/WASPE-25000-Puffs-Disposable-Vape-Wholesale-Price-297x300.jpg",297,300,true],"medium_large":["https:\/\/vapestornado.com\/wp-content\/uploads\/2024\/12\/WASPE-25000-Puffs-Disposable-Vape-Wholesale-Price-768x776.jpg",768,776,true],"large":["https:\/\/vapestornado.com\/wp-content\/uploads\/2024\/12\/WASPE-25000-Puffs-Disposable-Vape-Wholesale-Price-1014x1024.jpg",1014,1024,true],"1536x1536":["https:\/\/vapestornado.com\/wp-content\/uploads\/2024\/12\/WASPE-25000-Puffs-Disposable-Vape-Wholesale-Price.jpg",1126,1137,false],"2048x2048":["https:\/\/vapestornado.com\/wp-content\/uploads\/2024\/12\/WASPE-25000-Puffs-Disposable-Vape-Wholesale-Price.jpg",1126,1137,false],"trp-custom-language-flag":["https:\/\/vapestornado.com\/wp-content\/uploads\/2024\/12\/WASPE-25000-Puffs-Disposable-Vape-Wholesale-Price.jpg",12,12,false],"woocommerce_thumbnail":["https:\/\/vapestornado.com\/wp-content\/uploads\/2024\/12\/WASPE-25000-Puffs-Disposable-Vape-Wholesale-Price-300x300.jpg",300,300,true],"woocommerce_single":["https:\/\/vapestornado.com\/wp-content\/uploads\/2024\/12\/WASPE-25000-Puffs-Disposable-Vape-Wholesale-Price-600x606.jpg",600,606,true],"woocommerce_gallery_thumbnail":["https:\/\/vapestornado.com\/wp-content\/uploads\/2024\/12\/WASPE-25000-Puffs-Disposable-Vape-Wholesale-Price-100x100.jpg",100,100,true]},"uagb_author_info":{"display_name":"ESAMY","author_link":"https:\/\/vapestornado.com\/ro\/author\/"},"uagb_comment_info":0,"uagb_excerpt":"The Waspe 25000 Puffs Disposable Vape offers dual flavors, LED display, and up to 25K puffs. Perfect for wholesale buyers in Poland, combining capacity, flavor variety, and competitive bulk pricing. Add Amy's whatsapp to get right reply and vape vape coupon! WhatsApp: +86 17776015835 &nbsp;","_links":{"self":[{"href":"https:\/\/vapestornado.com\/ro\/wp-json\/wp\/v2\/product\/3000","targetHints":{"allow":["GET"]}}],"collection":[{"href":"https:\/\/vapestornado.com\/ro\/wp-json\/wp\/v2\/product"}],"about":[{"href":"https:\/\/vapestornado.com\/ro\/wp-json\/wp\/v2\/types\/product"}],"replies":[{"embeddable":true,"href":"https:\/\/vapestornado.com\/ro\/wp-json\/wp\/v2\/comments?post=3000"}],"wp:featuredmedia":[{"embeddable":true,"href":"https:\/\/vapestornado.com\/ro\/wp-json\/wp\/v2\/media\/2995"}],"wp:attachment":[{"href":"https:\/\/vapestornado.com\/ro\/wp-json\/wp\/v2\/media?parent=3000"}],"wp:term":[{"taxonomy":"product_brand","embeddable":true,"href":"https:\/\/vapestornado.com\/ro\/wp-json\/wp\/v2\/product_brand?post=3000"},{"taxonomy":"product_cat","embeddable":true,"href":"https:\/\/vapestornado.com\/ro\/wp-json\/wp\/v2\/product_cat?post=3000"},{"taxonomy":"product_tag","embeddable":true,"href":"https:\/\/vapestornado.com\/ro\/wp-json\/wp\/v2\/product_tag?post=3000"}],"curies":[{"name":"wp","href":"https:\/\/api.w.org\/{rel}","templated":true}]}}