{"id":2980,"date":"2024-12-06T06:49:43","date_gmt":"2024-12-06T06:49:43","guid":{"rendered":"https:\/\/vapestornado.com\/?post_type=product&#038;p=2980"},"modified":"2025-08-23T12:26:33","modified_gmt":"2025-08-23T12:26:33","slug":"waspe-vape-30000-fihp-30k-puffs-disposable-vape-wholesale-price-in-germany","status":"publish","type":"product","link":"https:\/\/vapestornado.com\/ro\/product\/waspe-vape-30000-fihp-30k-puffs-disposable-vape-wholesale-price-in-germany\/","title":{"rendered":"Waspe Vape 30000 FIHP 30K Puffs Vape de unic\u0103 folosin\u021b\u0103 Pre\u021b en-gros \u00een Germania"},"content":{"rendered":"<h1 class=\"product-title\">Waspe Vape 30000 FIHP 30K Puffs Vape de unic\u0103 folosin\u021b\u0103 Pre\u021b en-gros \u00een Germania<\/h1>\n<p>C\u0103uta\u021bi o solu\u021bie de vapat premium care combin\u0103 performan\u021ba \u00eenalt\u0103 cu op\u021biuni de arome excep\u021bionale? \u021aigara electronic\u0103 <strong>Waspe Vape FIHP 30000 de pufuri de unic\u0103 folosin\u021b\u0103<\/strong> este aici pentru a v\u0103 ridica experien\u021ba de vapat. Cu <strong>moduri duale<\/strong>, niveluri ajustabile de nicotin\u0103 \u0219i un afi\u0219aj LED elegant, acest dispozitiv este perfect pentru cei care caut\u0103 calitate \u0219i personalizare la un pre\u021b competitiv, pentru v\u00e2nzarea cu ridicata \u00een Rom\u00e2nia.<\/p>\n<p>Indiferent dac\u0103 sunte\u021bi un comerciant care caut\u0103 <strong>oferte de \u021big\u0103ri electronice angro \u00een Rom\u00e2nia<\/strong> sau un individ care caut\u0103 o \u021bigar\u0103 electronic\u0103 de \u00eenalt\u0103 performan\u021b\u0103, <strong>vape de unic\u0103 folosin\u021b\u0103 cu con\u021binut sc\u0103zut de nicotin\u0103<\/strong>, Waspe 30K ofer\u0103 o valoare inegalabil\u0103. Designul s\u0103u <strong>vape re\u00eenc\u0103rcabil<\/strong> \u0219i caracteristicile sale inovatoare \u00eel fac s\u0103 se disting\u0103 pe pia\u021b\u0103.<\/p>\n<p>Waspe FIHP vine \u00eentr-o varietate de <strong>combina\u021bii de arome duble<\/strong>, oferind arome bogate \u0219i satisf\u0103c\u0103toare care se potrivesc fiec\u0103rui gust.<\/p>\n<p>Profita\u021bi de <strong>Waspe Vape 30000 FIHP 30K Puffs Vape de unic\u0103 folosin\u021b\u0103 Pre\u021b en-gros \u00een Germania<\/strong> \u0219i aduce\u021bi acest produs de ultim\u0103 genera\u021bie clien\u021bilor dumneavoastr\u0103 ast\u0103zi!<\/p>\n<p>&nbsp;<\/p>\n<p><strong>Ad\u0103uga\u021bi Whatsapp-ul lui Amy pentru a primi un r\u0103spuns rapid \u0219i un cupon de vape!<\/strong><\/p>\n<p><img fetchpriority=\"high\" decoding=\"async\" class=\"size-full wp-image-2932\" src=\"https:\/\/vapestornado.com\/wp-content\/uploads\/2024\/12\/Vape-Wholesale.jpg\" alt=\"\u021aig\u0103ri electronice cu ridicata\" width=\"229\" height=\"300\" \/><\/p>\n<h3><a href=\"https:\/\/wa.me\/8617776015835\" target=\"_blank\" rel=\"noopener\"><span style=\"color: #ff0000;\"><strong>WhatsApp: +86 17776015835<\/strong><\/span><\/a><\/h3>\n<p>&nbsp;<\/p>\n<h4><strong style=\"font-size: 1.7em;\">Caracteristicile produsului Waspe Vape 30000<\/strong><\/h4>\n<h4><\/h4>\n<ul>\n<li><strong>30000 pufuri cu moduri duale<\/strong>:<br \/>\nBucura\u021bi-v\u0103 de p\u00e2n\u0103 la <strong>30.000 de pufuri<\/strong> \u00een modul normal pentru sesiuni de lung\u0103 durat\u0103 sau comuta\u021bi la <strong>modul puls<\/strong> pentru o experien\u021b\u0103 mai intens\u0103, oferind 15.000 de pufuri. Perfect pentru utilizatorii care apreciaz\u0103 flexibilitatea.<\/li>\n<li><strong>Op\u021biuni Multiple de Nicotin\u0103<\/strong>:<br \/>\nPersonaliza\u021bi-v\u0103 experien\u021ba de vapat cu <strong>0%, 2%, sau 5% niveluri de nicotin\u0103<\/strong>, pentru a satisface at\u00e2t entuzia\u0219tii de nicotin\u0103 sc\u0103zut\u0103, c\u00e2t \u0219i pe cei care prefer\u0103 o lovitur\u0103 mai puternic\u0103.<\/li>\n<li><strong>Capacitate lichid 28 ml<\/strong>:<br \/>\nAcest dispozitiv de\u021bine o cantitate generoas\u0103 de <strong>28 ml de e-lichid<\/strong>, reduc\u00e2nd necesitatea de reumpleri frecvente \u0219i asigur\u00e2nd o utilizare extins\u0103.<\/li>\n<li><strong>Tehnologie cu bobin\u0103 dubl\u0103 tip plas\u0103<\/strong>:<br \/>\nEchipat cu tehnologie avansat\u0103 <strong>Rezisten\u021be duale de 1 ohm + 1 ohm<\/strong>, Waspe 30K ofer\u0103 vapori mai netezi \u0219i o arom\u0103 bogat\u0103, consistent\u0103.<\/li>\n<li><strong>Re\u00eenc\u0103rcabil \u0219i eficient<\/strong>:<br \/>\nDispun\u00e2nd de un <strong>baterie re\u00eenc\u0103rcabil\u0103 de 850mAh<\/strong> cu <strong>\u00eenc\u0103rcare rapid\u0103 de tip C<\/strong>, acest vape v\u0103 asigur\u0103 c\u0103 r\u0103m\u00e2ne\u021bi alimentat toat\u0103 ziua cu timpi mor\u021bi minimi.<\/li>\n<li><strong>Ecran LED pentru monitorizare u\u0219oar\u0103<\/strong>:<br \/>\nEcranul <strong>LED<\/strong> arat\u0103 num\u0103rul de pufuri \u00een timp real \u0219i durata de via\u021b\u0103 a bateriei, oferindu-v\u0103 control total asupra sesiunilor dvs. de vapat.<\/li>\n<li><strong>Flux de aer ajustabil pentru personalizare<\/strong>:<br \/>\nCu un sistem de control al fluxului de aer <strong>sistemul de flux de aer reglabil<\/strong>, pute\u021bi modifica intensitatea tragerii pentru o experien\u021b\u0103 de vapat personalizat\u0103.<\/li>\n<\/ul>\n<h2 class=\"product-title\"><strong>Lista de arome WASPE 30000<\/strong><\/h2>\n<p>1. Mango cu C\u0103p\u0219uni<br \/>\n2.Fructe de p\u0103dure mixte<br \/>\n3. Ghea\u021b\u0103 de pepene verde<br \/>\n4.Pepene Verde cu C\u0103p\u0219uni<br \/>\n5.Red Bull cu C\u0103p\u0219uni<br \/>\n6.Kiwi Fructul Pasiunii Guava<br \/>\n7.Ghea\u021b\u0103 de struguri<br \/>\n8.M\u0103r Dublu cu Ghea\u021b\u0103<br \/>\n9.Afine Zmeur\u0103<br \/>\n10.Pepene Galben Mango cu Ghea\u021b\u0103<br \/>\n11. Ghea\u021b\u0103 de afine<br \/>\n12.Piersici Fructe de P\u0103dure<br \/>\n13.C\u0103p\u0219uni Kiwi<br \/>\n14.Cirea\u0219\u0103 cu Ghea\u021b\u0103<br \/>\n15.C\u0103p\u0219uni Cirea\u0219\u0103 Superburst<br \/>\n16.Gum\u0103 de Mestecat cu Pepene Ro\u0219u<\/p>\n<h3>De ce s\u0103 alege\u021bi vapestornado pentru v\u00e2nzarea cu ridicata a \u021big\u0103rii electronice WASPE 30k?<\/h3>\n<div class=\"flex-shrink-0 flex flex-col relative items-end\">\n<div class=\"pt-0\">\n<div class=\"gizmo-bot-avatar flex h-8 w-8 items-center justify-center overflow-hidden rounded-full\">\n<div class=\"relative p-1 rounded-sm flex items-center justify-center bg-token-main-surface-primary text-token-text-primary h-8 w-8\">\n<p>Bine a\u021bi venit la vapestornado, magazinul dvs. online de \u00eencredere pentru vape-uri de unic\u0103 folosin\u021b\u0103 premium. Cu o experien\u021b\u0103 de peste 5 ani, v\u0103 aducem m\u0103rci populare de vape-uri de unic\u0103 folosin\u021b\u0103, cum ar fi Fumot RandM Vape, Vapme, Bang Vape, Waspe Vape \u0219i WGA Vape, etc.<\/p>\n<p>Gama noastr\u0103 include vape-uri populare precum <a href=\"https:\/\/vapestornado.com\/ro\/product\/fumot-randm-tornado-15000-puffs-rechargeable-disposable-vape-wholesale\/\">RandM Tornado 15000<\/a>, \u0219i op\u021biuni bogate \u00een arome, precum <a href=\"https:\/\/vapestornado.com\/ro\/product\/waspe-40000-puffs-double-flavour-led-display-disposable-vape-wholesale\/\">WASPE Arom\u0103 Dubl\u0103 40000 Pufuri<\/a> Fiecare produs este ales cu accent pe calitate, valoare \u0219i varietate, asigur\u00e2ndu-v\u0103 c\u0103 g\u0103si\u021bi potrivirea perfect\u0103 pentru nevoile dumneavoastr\u0103. Descoperi\u021bi servicii excep\u021bionale \u0219i o gam\u0103 larg\u0103 de produse de top la vapestornado.<\/p>\n<\/div>\n<h3><\/h3>\n<div class=\"relative p-1 rounded-sm flex items-center justify-center bg-token-main-surface-primary text-token-text-primary h-8 w-8\">\n<h3>\u00centreb\u0103ri frecvente pentru WASPE 40k Vape re\u00eenc\u0103rcabil de unic\u0103 folosin\u021b\u0103<\/h3>\n<\/div>\n<\/div>\n<\/div>\n<\/div>\n<div class=\"group\/conversation-turn relative flex w-full min-w-0 flex-col agent-turn\">\n<div class=\"flex-col gap-1 md:gap-3\">\n<div class=\"flex max-w-full flex-col flex-grow\">\n<div class=\"min-h-8 text-message flex w-full flex-col items-end gap-2 whitespace-normal break-words [.text-message+&amp;]:mt-5\" dir=\"auto\" data-message-author-role=\"assistant\" data-message-id=\"db716a1c-9ed0-4b8d-b3b0-7bdb913c3d42\" data-message-model-slug=\"gpt-4o\">\n<div class=\"flex w-full flex-col gap-1 empty:hidden first:pt-[3px]\">\n<div class=\"markdown prose w-full break-words dark:prose-invert light\">\n<ul>\n<li><strong>De unde pot cump\u0103ra \u021big\u0103ri electronice de unic\u0103 folosin\u021b\u0103 WASPE FIHP 30000 Puffs la pre\u021b de en-gros \u00een Rom\u00e2nia?<\/strong><br \/>\nPute\u021bi achizi\u021biona \u021big\u0103rile electronice de unic\u0103 folosin\u021b\u0103 WASPE FIHP 30000 Puffs la pre\u021buri de en-gros \u00een Rom\u00e2nia prin distribuitori de \u00eencredere <strong>sau prin platforme online de en-gros specializate \u00een produse pentru vaping, cum ar fi vapestornado.<\/strong> sau platforme online de en-gros specializate \u00een produse de vapat.<\/li>\n<li><strong>C\u00e2te pufuri ofer\u0103 WASPE FIHP 30k Puffs?<\/strong><br \/>\nWASPE FIHP 30K ofer\u0103 <strong>30.000 de pufuri<\/strong> \u00een modul normal, sau <strong>15.000 de pufuri<\/strong> \u00een modul puls pentru o experien\u021b\u0103 de vapat mai intens\u0103.<\/li>\n<li><strong>C\u00e2t dureaz\u0103 cutia popular\u0103 de \u021big\u0103ri electronice de unic\u0103 folosin\u021b\u0103 WASPE 30000 Puffs Ultra?<\/strong><br \/>\nDurata de via\u021b\u0103 a dispozitivului depinde de frecven\u021ba utiliz\u0103rii. Pentru vaperii modera\u021bi, <strong>30.000 de pufuri<\/strong> poate dura c\u00e2teva s\u0103pt\u0103m\u00e2ni, fiind o alegere ideal\u0103 pentru utilizare prelungit\u0103.<\/li>\n<li><strong>Care sunt aromele populare pentru \u021big\u0103rile electronice WASPE 30000 digital box?<\/strong><br \/>\n\u021aigara electronic\u0103 WASPE 30000 digital box ofer\u0103 o <strong>experien\u021b\u0103 cu arom\u0103 dubl\u0103<\/strong>, oferind combina\u021bii diverse \u0219i satisf\u0103c\u0103toare. Alegerile populare variaz\u0103, dar includ adesea amestecuri fructate, mentolate \u0219i inspirate de deserturi, pentru a se potrivi diferitelor preferin\u021be.<\/li>\n<li><strong>C\u00e2t dureaz\u0103 s\u0103 \u00eencarci un vape de unic\u0103 folosin\u021b\u0103 WASPE FIHP 30k?<\/strong><br \/>\nSistemul <strong>baterie re\u00eenc\u0103rcabil\u0103 de 850mAh<\/strong> se \u00eencarc\u0103 rapid prin intermediul unui <strong>Port de \u00eenc\u0103rcare Type-C<\/strong>, dur\u00e2nd de obicei aproximativ <strong>1 p\u00e2n\u0103 la 1,5 ore<\/strong> pentru o \u00eenc\u0103rcare complet\u0103.<\/li>\n<li><strong>C\u00e2t\u0103 nicotin\u0103 se afl\u0103 \u00eentr-o \u021bigar\u0103 electronic\u0103 de unic\u0103 folosin\u021b\u0103 WASPE 30000 cu ecran digital?<\/strong><br \/>\nWASPE 30000 ofer\u0103 <strong>op\u021biuni de nicotin\u0103 de 0%, 2% sau 5%<\/strong>, permi\u021b\u00e2nd utilizatorilor s\u0103 aleag\u0103 concentra\u021bia de nicotin\u0103 care se potrive\u0219te cel mai bine preferin\u021belor lor.<\/li>\n<\/ul>\n<\/div>\n<\/div>\n<\/div>\n<\/div>\n<\/div>\n<\/div>","protected":false},"excerpt":{"rendered":"<p>WASPE FIHP 30000 pufuri cu afi\u0219aj LED, \u021bigar\u0103 electronic\u0103 de unic\u0103 folosin\u021b\u0103<br \/>\nWaspe 30000 pufuri FIHP, \u021bigar\u0103 electronic\u0103, 30k<br \/>\n\u021aigar\u0103 electronic\u0103 WASPE 30000 pufuri, Dual Mesh 0%, 2%, 5% nicotin\u0103<\/p>\n<p><strong>Adaug\u0103 whatsapp-ul lui Amy pentru a primi r\u0103spuns imediat \u0219i un cupon de vape!<\/strong><\/p>\n<p><img fetchpriority=\"high\" decoding=\"async\" class=\"size-full wp-image-2932\" src=\"https:\/\/vapestornado.com\/wp-content\/uploads\/2024\/12\/Vape-Wholesale.jpg\" alt=\"\u021aig\u0103ri electronice cu ridicata\" width=\"229\" height=\"300\" \/><\/p>\n<h3><a href=\"https:\/\/wa.me\/8617776015835\"><span style=\"color: #ff0000;\"><strong>WhatsApp: +86 17776015835<\/strong><\/span><\/a><\/h3>\n<p>&nbsp;<\/p>","protected":false},"featured_media":2977,"comment_status":"open","ping_status":"closed","template":"","meta":{"_acf_changed":false,"_uag_custom_page_level_css":"","_lmt_disableupdate":"no","_lmt_disable":"","_monsterinsights_skip_tracking":false,"_monsterinsights_sitenote_active":false,"_monsterinsights_sitenote_note":"","_monsterinsights_sitenote_category":0,"site-sidebar-layout":"default","site-content-layout":"","ast-site-content-layout":"default","site-content-style":"default","site-sidebar-style":"default","ast-global-header-display":"","ast-banner-title-visibility":"","ast-main-header-display":"","ast-hfb-above-header-display":"","ast-hfb-below-header-display":"","ast-hfb-mobile-header-display":"","site-post-title":"","ast-breadcrumbs-content":"","ast-featured-img":"","footer-sml-layout":"","ast-disable-related-posts":"","theme-transparent-header-meta":"default","adv-header-id-meta":"","stick-header-meta":"","header-above-stick-meta":"","header-main-stick-meta":"","header-below-stick-meta":"","astra-migrate-meta-layouts":"set","ast-page-background-enabled":"default","ast-page-background-meta":{"desktop":{"background-color":"","background-image":"","background-repeat":"repeat","background-position":"center center","background-size":"auto","background-attachment":"scroll","background-type":"","background-media":"","overlay-type":"","overlay-color":"","overlay-opacity":"","overlay-gradient":""},"tablet":{"background-color":"","background-image":"","background-repeat":"repeat","background-position":"center center","background-size":"auto","background-attachment":"scroll","background-type":"","background-media":"","overlay-type":"","overlay-color":"","overlay-opacity":"","overlay-gradient":""},"mobile":{"background-color":"","background-image":"","background-repeat":"repeat","background-position":"center center","background-size":"auto","background-attachment":"scroll","background-type":"","background-media":"","overlay-type":"","overlay-color":"","overlay-opacity":"","overlay-gradient":""}},"ast-content-background-meta":{"desktop":{"background-color":"var(--ast-global-color-5)","background-image":"","background-repeat":"repeat","background-position":"center center","background-size":"auto","background-attachment":"scroll","background-type":"","background-media":"","overlay-type":"","overlay-color":"","overlay-opacity":"","overlay-gradient":""},"tablet":{"background-color":"var(--ast-global-color-5)","background-image":"","background-repeat":"repeat","background-position":"center center","background-size":"auto","background-attachment":"scroll","background-type":"","background-media":"","overlay-type":"","overlay-color":"","overlay-opacity":"","overlay-gradient":""},"mobile":{"background-color":"var(--ast-global-color-5)","background-image":"","background-repeat":"repeat","background-position":"center center","background-size":"auto","background-attachment":"scroll","background-type":"","background-media":"","overlay-type":"","overlay-color":"","overlay-opacity":"","overlay-gradient":""}},"_joinchat":{"telephone":"+8617776015835"}},"product_brand":[],"product_cat":[67,152,157,158,142,146,60],"product_tag":[100,99,101],"class_list":{"0":"post-2980","1":"product","2":"type-product","3":"status-publish","4":"has-post-thumbnail","6":"product_cat-30000-puff","7":"product_cat-buy-disposable-vapes-in-cermany","8":"product_cat-buy-disposable-vapes-in-portugal","9":"product_cat-buy-disposable-vapes-in-spain","10":"product_cat-digital-box-disposable-vapes","11":"product_cat-rechargeable-disposable-vapes","12":"product_cat-waspe-fihp-vape","13":"product_tag-wasoe-vape","14":"product_tag-waspe-30000-puffs","15":"product_tag-waspe-30k","16":"desktop-align-left","17":"tablet-align-left","18":"mobile-align-left","20":"first","21":"instock","22":"sale","23":"shipping-taxable","24":"purchasable","25":"product-type-simple"},"acf":[],"uagb_featured_image_src":{"full":["https:\/\/vapestornado.com\/wp-content\/uploads\/2024\/12\/Waspe-FIHP-30000-30K-Puffs-Disposable-Vape.jpg",800,800,false],"thumbnail":["https:\/\/vapestornado.com\/wp-content\/uploads\/2024\/12\/Waspe-FIHP-30000-30K-Puffs-Disposable-Vape-150x150.jpg",150,150,true],"medium":["https:\/\/vapestornado.com\/wp-content\/uploads\/2024\/12\/Waspe-FIHP-30000-30K-Puffs-Disposable-Vape-300x300.jpg",300,300,true],"medium_large":["https:\/\/vapestornado.com\/wp-content\/uploads\/2024\/12\/Waspe-FIHP-30000-30K-Puffs-Disposable-Vape-768x768.jpg",768,768,true],"large":["https:\/\/vapestornado.com\/wp-content\/uploads\/2024\/12\/Waspe-FIHP-30000-30K-Puffs-Disposable-Vape.jpg",800,800,false],"1536x1536":["https:\/\/vapestornado.com\/wp-content\/uploads\/2024\/12\/Waspe-FIHP-30000-30K-Puffs-Disposable-Vape.jpg",800,800,false],"2048x2048":["https:\/\/vapestornado.com\/wp-content\/uploads\/2024\/12\/Waspe-FIHP-30000-30K-Puffs-Disposable-Vape.jpg",800,800,false],"trp-custom-language-flag":["https:\/\/vapestornado.com\/wp-content\/uploads\/2024\/12\/Waspe-FIHP-30000-30K-Puffs-Disposable-Vape.jpg",12,12,false],"woocommerce_thumbnail":["https:\/\/vapestornado.com\/wp-content\/uploads\/2024\/12\/Waspe-FIHP-30000-30K-Puffs-Disposable-Vape-300x300.jpg",300,300,true],"woocommerce_single":["https:\/\/vapestornado.com\/wp-content\/uploads\/2024\/12\/Waspe-FIHP-30000-30K-Puffs-Disposable-Vape-600x600.jpg",600,600,true],"woocommerce_gallery_thumbnail":["https:\/\/vapestornado.com\/wp-content\/uploads\/2024\/12\/Waspe-FIHP-30000-30K-Puffs-Disposable-Vape-100x100.jpg",100,100,true]},"uagb_author_info":{"display_name":"ESAMY","author_link":"https:\/\/vapestornado.com\/ro\/author\/"},"uagb_comment_info":0,"uagb_excerpt":"WASPE FIHP 30000 Puffs LED Display Disposable Vape Waspe 30000 Puffs FIHP Vape Electric Cigarette 30k WASPE Vape 30000 Puffs Dual Mesh 0% 2% 5% Nicotine Add Amy's whatsapp to get right reply and vape vape coupon! WhatsApp: +86 17776015835 &nbsp;","_links":{"self":[{"href":"https:\/\/vapestornado.com\/ro\/wp-json\/wp\/v2\/product\/2980","targetHints":{"allow":["GET"]}}],"collection":[{"href":"https:\/\/vapestornado.com\/ro\/wp-json\/wp\/v2\/product"}],"about":[{"href":"https:\/\/vapestornado.com\/ro\/wp-json\/wp\/v2\/types\/product"}],"replies":[{"embeddable":true,"href":"https:\/\/vapestornado.com\/ro\/wp-json\/wp\/v2\/comments?post=2980"}],"wp:featuredmedia":[{"embeddable":true,"href":"https:\/\/vapestornado.com\/ro\/wp-json\/wp\/v2\/media\/2977"}],"wp:attachment":[{"href":"https:\/\/vapestornado.com\/ro\/wp-json\/wp\/v2\/media?parent=2980"}],"wp:term":[{"taxonomy":"product_brand","embeddable":true,"href":"https:\/\/vapestornado.com\/ro\/wp-json\/wp\/v2\/product_brand?post=2980"},{"taxonomy":"product_cat","embeddable":true,"href":"https:\/\/vapestornado.com\/ro\/wp-json\/wp\/v2\/product_cat?post=2980"},{"taxonomy":"product_tag","embeddable":true,"href":"https:\/\/vapestornado.com\/ro\/wp-json\/wp\/v2\/product_tag?post=2980"}],"curies":[{"name":"wp","href":"https:\/\/api.w.org\/{rel}","templated":true}]}}