{"id":2974,"date":"2024-12-05T03:54:55","date_gmt":"2024-12-05T03:54:55","guid":{"rendered":"https:\/\/vapestornado.com\/?post_type=product&#038;p=2974"},"modified":"2025-08-23T11:41:10","modified_gmt":"2025-08-23T11:41:10","slug":"vopk-ultra-40000-puffs-2-in-1-digital-screen-rechargeable-disposable-vape","status":"publish","type":"product","link":"https:\/\/vapestornado.com\/ro\/product\/vopk-ultra-40000-puffs-2-in-1-digital-screen-rechargeable-disposable-vape\/","title":{"rendered":"VOPK ULTRA 40000 Puffs 2 \u00een 1 Ecran digital Vape de unic\u0103 folosin\u021b\u0103 re\u00eenc\u0103rcabil"},"content":{"rendered":"<h1 class=\"product-title\">VOPK ULTRA 40000 Puffs 2 \u00een 1 Ecran digital Vape de unic\u0103 folosin\u021b\u0103 re\u00eenc\u0103rcabil<\/h1>\n<p>Experimenta\u021bi urm\u0103torul nivel de vaping cu <strong>VOPK ULTRA 40000<\/strong>, un dispozitiv de ultim\u0103 genera\u021bie <strong>\u021bigar\u0103 electronic\u0103 de unic\u0103 folosin\u021b\u0103 re\u00eenc\u0103rcabil\u0103<\/strong> conceput pentru a oferi confort, arom\u0103 \u0219i performan\u021b\u0103 de neegalat. Cu un extraordinar sistem <strong>40000 de pufuri<\/strong> \u0219i o <strong>2 \u00een 1 arom\u0103 dubl\u0103<\/strong> , acest dispozitiv permite utilizatorilor s\u0103 comute f\u0103r\u0103 probleme \u00eentre dou\u0103 arome distincte, redefinind conceptul de varietate a aromei.<\/p>\n<p>Echipat cu o capacitate masiv\u0103 de <strong>36ml de e-lichid<\/strong> \u0219i disponibil \u00een <strong>concentra\u021bii de nicotin\u0103 de 2% sau 5%<\/strong>, modelul <strong>VOPK 40K<\/strong> asigur\u0103 c\u0103 fiecare puf este neted, satisf\u0103c\u0103tor \u0219i adaptat preferin\u021belor dumneavoastr\u0103. Ecranul inovator <strong>u\u0219or de utilizat<\/strong> duce confortul la nivelul urm\u0103tor, oferind informa\u021bii \u00een timp real despre durata de via\u021b\u0103 a bateriei \u0219i nivelurile r\u0103mase de e-lichid, astfel \u00eenc\u00e2t s\u0103 pute\u021bi vapa f\u0103r\u0103 griji.<\/p>\n<p>Sistemul <strong>Bateria re\u00eenc\u0103rcabil\u0103 Type-C<\/strong> ofer\u0103 o \u00eenc\u0103rcare rapid\u0103 \u0219i fiabil\u0103, \u00een timp ce designul s\u0103u compact \u0219i portabil face ca <strong>VOPK ULTRA 40000<\/strong> s\u0103 fie perfect pentru vaping \u00een mi\u0219care. Alege\u021bi din 10 arome atr\u0103g\u0103toare pentru a v\u0103 r\u0103sf\u0103\u021ba cu o experien\u021b\u0103 cu adev\u0103rat personalizabil\u0103, totul \u00een timp ce v\u0103 bucura\u021bi de beneficiile unei <strong>vape de unic\u0103 folosin\u021b\u0103 cu con\u021binut sc\u0103zut de nicotin\u0103<\/strong>.<\/p>\n<p>Fie c\u0103 sunte\u021bi un comerciant cu am\u0103nuntul sau dori\u021bi achizi\u021bii \u00een vrac, acest <strong>VOPK ULTRA 40000<\/strong> se remarc\u0103 pe pia\u021ba <strong>vape en-gros<\/strong> ca fiind combina\u021bia perfect\u0103 de durabilitate, inova\u021bie \u0219i accesibilitate. \u00cembun\u0103t\u0103\u021bi\u021bi-v\u0103 experien\u021ba de vaping cu un dispozitiv conceput s\u0103 reziste \u0219i s\u0103 ofere dublu gust, totul \u00een timp ce v\u0103 men\u021bine informat cu <strong>ecran digital<\/strong>.<\/p>\n<p>Face\u021bi trecerea la <strong>VOPK ULTRA 40000 Pufuri<\/strong> \u0219i bucura\u021bi-v\u0103 de tot ce are mai bun de oferit vapingul modern, cu stil \u0219i confort!<\/p>\n<p>&nbsp;<\/p>\n<p><strong>Ad\u0103uga\u021bi Whatsapp-ul lui Amy pentru a primi un r\u0103spuns rapid \u0219i un cupon de vape!<\/strong><\/p>\n<p><img fetchpriority=\"high\" decoding=\"async\" class=\"size-full wp-image-2932\" src=\"https:\/\/vapestornado.com\/wp-content\/uploads\/2024\/12\/Vape-Wholesale.jpg\" alt=\"\u021aig\u0103ri electronice cu ridicata\" width=\"229\" height=\"300\" \/><\/p>\n<h3><a href=\"https:\/\/wa.me\/8617776015835\" target=\"_blank\" rel=\"noopener\"><span style=\"color: #ff0000;\"><strong>WhatsApp: +86 17776015835<\/strong><\/span><\/a><\/h3>\n<p>&nbsp;<\/p>\n<h2><strong>Caracteristicile produsului VOPK ULTRA 40000 Puffs<\/strong><\/h2>\n<p>Puff-uri: 40000 Puff-uri<br \/>\nCapacitate e-lichid: 36 mL<br \/>\nNicotin\u0103: 2%\/5%<br \/>\nRe\u00eenc\u0103rcare de tip C pentru \u00eenc\u0103rcare rapid\u0103<br \/>\nAfi\u0219ajul LED inteligent arat\u0103 durata de via\u021b\u0103 a bateriei \u0219i nivelurile de e-lichid<br \/>\nExperien\u021b\u0103 cu arom\u0103 dual\u0103<br \/>\n10 arome din care pute\u021bi alege<\/p>\n<h2 class=\"product-title\"><strong>Lista aromelor VOPK ULTRA 40000<\/strong><\/h2>\n<p>1.C\u0103p\u0219uni Pepene Verde\/Kiwi Fructul Pasiunii Guava<br \/>\n2.Afine Zmeur\u0103 \/Piersici Mango Pepene Verde<br \/>\n3.Ursule\u021bi Gumati Afine Zmeur\u0103\/C\u0103p\u0219uni Kiwi<br \/>\n4.Afine Zmeur\u0103 Cire\u0219e\/C\u0103p\u0219uni Zmeur\u0103<br \/>\n5.L\u0103m\u00e2ie Spumant\u0103<br \/>\n6.Ghea\u021b\u0103 Pepene Verde \/Ghea\u021b\u0103 Afine Zmeur\u0103<br \/>\n7.Ananas Afine Zmeur\u0103 \/Triple Mango<br \/>\n8.Explozie de Afine \u0219i Struguri \/Par\u0103 M\u0103r Zmeur\u0103<br \/>\n9.Cranberry Cire\u0219e C\u0103p\u0219uni\/Ananas Fructul Pasiunii Lime<br \/>\n10.Mentol Afine C\u0103p\u0219uni\/Mentol Afine Zmeur\u0103<\/p>\n<p>&nbsp;<\/p>\n<h2>De ce s\u0103 alege\u021bi vapestornado pentru VOPK 40k Vape en Gros?<\/h2>\n<div class=\"flex-shrink-0 flex flex-col relative items-end\">\n<div class=\"pt-0\">\n<div class=\"gizmo-bot-avatar flex h-8 w-8 items-center justify-center overflow-hidden rounded-full\">\n<div class=\"relative p-1 rounded-sm flex items-center justify-center bg-token-main-surface-primary text-token-text-primary h-8 w-8\">\n<p>Bine a\u021bi venit la vapestornado, magazinul dvs. online de \u00eencredere pentru vape-uri de unic\u0103 folosin\u021b\u0103 premium. Cu o experien\u021b\u0103 de peste 5 ani, v\u0103 aducem m\u0103rci populare de vape-uri de unic\u0103 folosin\u021b\u0103, cum ar fi Fumot RandM Vape, Vapme, Bang Vape, Waspe Vape \u0219i WGA Vape, etc.<\/p>\n<p>Gama noastr\u0103 include vape-uri populare precum <a href=\"https:\/\/vapestornado.com\/ro\/product\/fumot-randm-tornado-15000-puffs-rechargeable-disposable-vape-wholesale\/\">RandM Tornado 15000<\/a>, \u0219i op\u021biuni bogate \u00een arome, precum <a href=\"https:\/\/vapestornado.com\/ro\/product\/waspe-40000-puffs-double-flavour-led-display-disposable-vape-wholesale\/\">WASPE Arom\u0103 Dubl\u0103 40000 Pufuri<\/a> Fiecare produs este ales cu accent pe calitate, valoare \u0219i varietate, asigur\u00e2ndu-v\u0103 c\u0103 g\u0103si\u021bi potrivirea perfect\u0103 pentru nevoile dumneavoastr\u0103. Descoperi\u021bi servicii excep\u021bionale \u0219i o gam\u0103 larg\u0103 de produse de top la vapestornado.<\/p>\n<\/div>\n<h3><\/h3>\n<div class=\"relative p-1 rounded-sm flex items-center justify-center bg-token-main-surface-primary text-token-text-primary h-8 w-8\">\n<h2>\u00centreb\u0103ri frecvente pentru VOPK 40k Vape de unic\u0103 folosin\u021b\u0103 re\u00eenc\u0103rcabil<\/h2>\n<\/div>\n<\/div>\n<\/div>\n<\/div>\n<div class=\"group\/conversation-turn relative flex w-full min-w-0 flex-col agent-turn\">\n<div class=\"flex-col gap-1 md:gap-3\">\n<div class=\"flex max-w-full flex-col flex-grow\">\n<div class=\"min-h-8 text-message flex w-full flex-col items-end gap-2 whitespace-normal break-words [.text-message+&amp;]:mt-5\" dir=\"auto\" data-message-author-role=\"assistant\" data-message-id=\"db716a1c-9ed0-4b8d-b3b0-7bdb913c3d42\" data-message-model-slug=\"gpt-4o\">\n<div class=\"flex w-full flex-col gap-1 empty:hidden first:pt-[3px]\">\n<div class=\"markdown prose w-full break-words dark:prose-invert light\">\n<p>&nbsp;<\/p>\n<p><strong>1. Unde s\u0103 cump\u0103ra\u021bi o \u021bigar\u0103 electronic\u0103 de unic\u0103 folosin\u021b\u0103 VOPK 40000 Puffs la pre\u021b de en-gros \u00een Rom\u00e2nia<\/strong><br \/>\nPute\u021bi achizi\u021biona <strong>\u021bigar\u0103 electronic\u0103 de unic\u0103 folosin\u021b\u0103 VOPK 40000 Puffs<\/strong> la pre\u021buri de en-gros prin intermediul <strong>vape en-gros<\/strong> platformelor online care se adreseaz\u0103 Rom\u00e2niei.<\/p>\n<p><strong>2. C\u00e2te pufuri ofer\u0103 VOPK Ultra 40k Puffs?<\/strong><br \/>\nSistemul <strong>\u021aigara electronic\u0103 de unic\u0103 folosin\u021b\u0103 VOPK Ultra 40k Puffs<\/strong> ofer\u0103 p\u00e2n\u0103 la <strong>40.000 de pufuri<\/strong>, fiind unul dintre cele mai durabile dispozitive disponibile.<\/p>\n<p><strong>3. C\u00e2t dureaz\u0103 populara cutie de \u021bigar\u0103 electronic\u0103 de unic\u0103 folosin\u021b\u0103 VOPK 40000 puffs Ultra?<\/strong><br \/>\nDurata de via\u021b\u0103 a <strong>VOPK Ultra 40000<\/strong> depinde de obiceiurile de utilizare, dar cu bateria sa masiv\u0103 \u0219i re\u00eenc\u0103rcabil\u0103, este conceput pentru a rezista mult mai mult dec\u00e2t majoritatea \u021big\u0103rilor electronice de unic\u0103 folosin\u021b\u0103. <strong>36ml de e-lichid<\/strong> \u0219i baterie re\u00eenc\u0103rcabil\u0103, este proiectat\u0103 s\u0103 reziste semnificativ mai mult dec\u00e2t majoritatea vapatelor de unic\u0103 folosin\u021b\u0103.<\/p>\n<p><strong>4. Care sunt aromele populare pentru VOPK 40000 Puffs digital box?<\/strong><br \/>\nSistemul <strong>VOPK 40k Pufuri<\/strong> ofer\u0103 10 arome interesante, iar sistemul s\u0103u <strong>arom\u0103 dubl\u0103<\/strong> sistemul s\u0103u permi\u021b\u00e2nd utilizatorilor s\u0103 se bucure de dou\u0103 arome \u00eentr-un singur dispozitiv. Aromele populare variaz\u0103 \u00een func\u021bie de preferin\u021be, dar combina\u021biile de fructe \u0219i mentol sunt deosebit de apreciate.<\/p>\n<p><strong>5. C\u00e2t timp dureaz\u0103 \u00eenc\u0103rcarea unei \u021big\u0103ri electronice de unic\u0103 folosin\u021b\u0103 VOPK 40k Puffs Spaceman?<\/strong><br \/>\nSistemul <strong>VOPK Ultra 40k Pufuri<\/strong> folose\u0219te un <strong>Bateria re\u00eenc\u0103rcabil\u0103 Type-C<\/strong>, care dureaz\u0103 de obicei aproximativ <strong>1-2 ore<\/strong> pentru a se \u00eenc\u0103rca complet, \u00een func\u021bie de sursa de alimentare.<\/p>\n<p><strong>6. C\u00e2t\u0103 nicotin\u0103 se afl\u0103 \u00eentr-o \u021bigar\u0103 electronic\u0103 de unic\u0103 folosin\u021b\u0103 VOPK 40k Digital screen box?<\/strong><br \/>\nSistemul <strong>VOPK Ultra 40000<\/strong> este disponibil \u00een <strong>2% (20mg)<\/strong> or <strong>5% (50mg)<\/strong> concentra\u021bie de nicotin\u0103, satisf\u0103c\u00e2nd diferite preferin\u021be de nicotin\u0103.<\/p>\n<\/div>\n<\/div>\n<\/div>\n<\/div>\n<\/div>\n<\/div>","protected":false},"excerpt":{"rendered":"<p>VOPK 40000 Puffs 2 \u00een 1 \u021aigar\u0103 Electronic\u0103 de Unic\u0103 Folosin\u021b\u0103 Arom\u0103 Dubl\u0103 40K Angro<br \/>\nVOPK Arom\u0103 Dubl\u0103 40000 Puffs \u021aigar\u0103 Electronic\u0103 de Unic\u0103 Folosin\u021b\u0103 Re\u00eenc\u0103rcabil\u0103<br \/>\nVOPK 40000 Puffs Arom\u0103 Dubl\u0103 cu Ecran LED<\/p>\n<p><strong>Adaug\u0103 whatsapp-ul lui Amy pentru a primi r\u0103spuns imediat \u0219i un cupon de vape!<\/strong><\/p>\n<p><img fetchpriority=\"high\" decoding=\"async\" class=\"size-full wp-image-2932\" src=\"https:\/\/vapestornado.com\/wp-content\/uploads\/2024\/12\/Vape-Wholesale.jpg\" alt=\"\u021aig\u0103ri electronice cu ridicata\" width=\"229\" height=\"300\" \/><\/p>","protected":false},"featured_media":2973,"comment_status":"open","ping_status":"closed","template":"","meta":{"_acf_changed":false,"_uag_custom_page_level_css":"","_lmt_disableupdate":"no","_lmt_disable":"","_monsterinsights_skip_tracking":false,"_monsterinsights_sitenote_active":false,"_monsterinsights_sitenote_note":"","_monsterinsights_sitenote_category":0,"site-sidebar-layout":"default","site-content-layout":"","ast-site-content-layout":"default","site-content-style":"default","site-sidebar-style":"default","ast-global-header-display":"","ast-banner-title-visibility":"","ast-main-header-display":"","ast-hfb-above-header-display":"","ast-hfb-below-header-display":"","ast-hfb-mobile-header-display":"","site-post-title":"","ast-breadcrumbs-content":"","ast-featured-img":"","footer-sml-layout":"","ast-disable-related-posts":"","theme-transparent-header-meta":"default","adv-header-id-meta":"","stick-header-meta":"","header-above-stick-meta":"","header-main-stick-meta":"","header-below-stick-meta":"","astra-migrate-meta-layouts":"set","ast-page-background-enabled":"default","ast-page-background-meta":{"desktop":{"background-color":"","background-image":"","background-repeat":"repeat","background-position":"center center","background-size":"auto","background-attachment":"scroll","background-type":"","background-media":"","overlay-type":"","overlay-color":"","overlay-opacity":"","overlay-gradient":""},"tablet":{"background-color":"","background-image":"","background-repeat":"repeat","background-position":"center center","background-size":"auto","background-attachment":"scroll","background-type":"","background-media":"","overlay-type":"","overlay-color":"","overlay-opacity":"","overlay-gradient":""},"mobile":{"background-color":"","background-image":"","background-repeat":"repeat","background-position":"center center","background-size":"auto","background-attachment":"scroll","background-type":"","background-media":"","overlay-type":"","overlay-color":"","overlay-opacity":"","overlay-gradient":""}},"ast-content-background-meta":{"desktop":{"background-color":"var(--ast-global-color-5)","background-image":"","background-repeat":"repeat","background-position":"center center","background-size":"auto","background-attachment":"scroll","background-type":"","background-media":"","overlay-type":"","overlay-color":"","overlay-opacity":"","overlay-gradient":""},"tablet":{"background-color":"var(--ast-global-color-5)","background-image":"","background-repeat":"repeat","background-position":"center center","background-size":"auto","background-attachment":"scroll","background-type":"","background-media":"","overlay-type":"","overlay-color":"","overlay-opacity":"","overlay-gradient":""},"mobile":{"background-color":"var(--ast-global-color-5)","background-image":"","background-repeat":"repeat","background-position":"center center","background-size":"auto","background-attachment":"scroll","background-type":"","background-media":"","overlay-type":"","overlay-color":"","overlay-opacity":"","overlay-gradient":""}},"_joinchat":{"telephone":"+8617776015835"}},"product_brand":[],"product_cat":[65,140,153,157,158,142,144,290],"product_tag":[94,95,93,96,92],"class_list":{"0":"post-2974","1":"product","2":"type-product","3":"status-publish","4":"has-post-thumbnail","6":"product_cat-40000-puff","7":"product_cat-big-puffs-disposable-vapes","8":"product_cat-buy-disposable-vapes-in-italy","9":"product_cat-buy-disposable-vapes-in-portugal","10":"product_cat-buy-disposable-vapes-in-spain","11":"product_cat-digital-box-disposable-vapes","12":"product_cat-low-nicotine-disposable-vapes","13":"product_cat-vopk-vape","14":"product_tag-rechargeable-disposable-vape","15":"product_tag-spaceman-disposable-vape","16":"product_tag-vape-wholesale","17":"product_tag-vopk-40000","18":"product_tag-vopk-vape","19":"desktop-align-left","20":"tablet-align-left","21":"mobile-align-left","23":"first","24":"instock","25":"sale","26":"shipping-taxable","27":"purchasable","28":"product-type-simple"},"acf":[],"uagb_featured_image_src":{"full":["https:\/\/vapestornado.com\/wp-content\/uploads\/2024\/12\/VOPK-ULTRA-40000-Disposable-Vape.jpg",1126,1126,false],"thumbnail":["https:\/\/vapestornado.com\/wp-content\/uploads\/2024\/12\/VOPK-ULTRA-40000-Disposable-Vape-150x150.jpg",150,150,true],"medium":["https:\/\/vapestornado.com\/wp-content\/uploads\/2024\/12\/VOPK-ULTRA-40000-Disposable-Vape-300x300.jpg",300,300,true],"medium_large":["https:\/\/vapestornado.com\/wp-content\/uploads\/2024\/12\/VOPK-ULTRA-40000-Disposable-Vape-768x768.jpg",768,768,true],"large":["https:\/\/vapestornado.com\/wp-content\/uploads\/2024\/12\/VOPK-ULTRA-40000-Disposable-Vape-1024x1024.jpg",1024,1024,true],"1536x1536":["https:\/\/vapestornado.com\/wp-content\/uploads\/2024\/12\/VOPK-ULTRA-40000-Disposable-Vape.jpg",1126,1126,false],"2048x2048":["https:\/\/vapestornado.com\/wp-content\/uploads\/2024\/12\/VOPK-ULTRA-40000-Disposable-Vape.jpg",1126,1126,false],"trp-custom-language-flag":["https:\/\/vapestornado.com\/wp-content\/uploads\/2024\/12\/VOPK-ULTRA-40000-Disposable-Vape.jpg",12,12,false],"woocommerce_thumbnail":["https:\/\/vapestornado.com\/wp-content\/uploads\/2024\/12\/VOPK-ULTRA-40000-Disposable-Vape-300x300.jpg",300,300,true],"woocommerce_single":["https:\/\/vapestornado.com\/wp-content\/uploads\/2024\/12\/VOPK-ULTRA-40000-Disposable-Vape-600x600.jpg",600,600,true],"woocommerce_gallery_thumbnail":["https:\/\/vapestornado.com\/wp-content\/uploads\/2024\/12\/VOPK-ULTRA-40000-Disposable-Vape-100x100.jpg",100,100,true]},"uagb_author_info":{"display_name":"ESAMY","author_link":"https:\/\/vapestornado.com\/ro\/author\/"},"uagb_comment_info":0,"uagb_excerpt":"VOPK 40000 Puffs 2 in 1 Disposable Vape Dual Taste 40K Wholesale VOPK Double Flavor 40000 Puffs Rechargeable Disposable Vape VOPK 40000 Puffs Double Flavor with LED Display Add Amy's whatsapp to get right reply and vape vape coupon!","_links":{"self":[{"href":"https:\/\/vapestornado.com\/ro\/wp-json\/wp\/v2\/product\/2974","targetHints":{"allow":["GET"]}}],"collection":[{"href":"https:\/\/vapestornado.com\/ro\/wp-json\/wp\/v2\/product"}],"about":[{"href":"https:\/\/vapestornado.com\/ro\/wp-json\/wp\/v2\/types\/product"}],"replies":[{"embeddable":true,"href":"https:\/\/vapestornado.com\/ro\/wp-json\/wp\/v2\/comments?post=2974"}],"wp:featuredmedia":[{"embeddable":true,"href":"https:\/\/vapestornado.com\/ro\/wp-json\/wp\/v2\/media\/2973"}],"wp:attachment":[{"href":"https:\/\/vapestornado.com\/ro\/wp-json\/wp\/v2\/media?parent=2974"}],"wp:term":[{"taxonomy":"product_brand","embeddable":true,"href":"https:\/\/vapestornado.com\/ro\/wp-json\/wp\/v2\/product_brand?post=2974"},{"taxonomy":"product_cat","embeddable":true,"href":"https:\/\/vapestornado.com\/ro\/wp-json\/wp\/v2\/product_cat?post=2974"},{"taxonomy":"product_tag","embeddable":true,"href":"https:\/\/vapestornado.com\/ro\/wp-json\/wp\/v2\/product_tag?post=2974"}],"curies":[{"name":"wp","href":"https:\/\/api.w.org\/{rel}","templated":true}]}}