{"id":2958,"date":"2024-12-05T08:16:37","date_gmt":"2024-12-05T08:16:37","guid":{"rendered":"https:\/\/vapestornado.com\/?post_type=product&#038;p=2958"},"modified":"2025-08-23T10:27:04","modified_gmt":"2025-08-23T10:27:04","slug":"randm-vape-tornado-15k-puffs-disposable-vapes-wholesale-price-2-5-nicotine","status":"publish","type":"product","link":"https:\/\/vapestornado.com\/ro\/product\/randm-vape-tornado-15k-puffs-disposable-vapes-wholesale-price-2-5-nicotine\/","title":{"rendered":"Randm Vape Tornado 15k Puffs Vape-uri de unic\u0103 folosin\u021b\u0103 Pre\u021b cu ridicata 2% 5% Nicotin\u0103"},"content":{"rendered":"<h1>Randm Vape Tornado 15k Puffs Vape-uri de unic\u0103 folosin\u021b\u0103 Pre\u021b en-gros 2% 5% Nicotin\u0103<\/h1>\n<p>&nbsp;<\/p>\n<p data-start=\"206\" data-end=\"513\">Sistemul <strong data-start=\"210\" data-end=\"247\">RandM Tornado 15K Vape de unic\u0103 folosin\u021b\u0103<\/strong> este construit pentru a oferi comercian\u021bilor cu am\u0103nuntul \u0219i distribuitorilor o op\u021biune fiabil\u0103 de volum mare pentru rafturile lor. Fiecare unitate vine pre-umplut\u0103 cu <strong data-start=\"383\" data-end=\"403\">25ml de e-lichid<\/strong> \u0219i este alimentat\u0103 de un <strong data-start=\"425\" data-end=\"456\">baterie re\u00eenc\u0103rcabil\u0103 de 850mAh<\/strong>, oferind p\u00e2n\u0103 la <strong data-start=\"473\" data-end=\"489\">15.000 de pufuri<\/strong> f\u0103r\u0103 \u00eentrerupere.<\/p>\n<p data-start=\"515\" data-end=\"845\">Proiectat cu un <strong data-start=\"533\" data-end=\"553\">sistem de bobin\u0103 tip plas\u0103<\/strong>, dispozitivul ofer\u0103 o produc\u021bie stabil\u0103 de vapori \u0219i o arom\u0103 corpolent\u0103. Utilizatorii pot monitoriza cu u\u0219urin\u021b\u0103 performan\u021ba prin intermediul <strong data-start=\"672\" data-end=\"691\">indicatorilor duali<\/strong> at\u00e2t pentru nivelul bateriei, c\u00e2t \u0219i pentru nivelul lichidului. Al s\u0103u <strong data-start=\"732\" data-end=\"767\">mecanism de tragere activat<\/strong> asigur\u0103 o utilizare simpl\u0103, f\u0103r\u0103 butoane, f\u0103c\u00e2ndu-l potrivit pentru clien\u021bii de zi cu zi.<\/p>\n<p data-start=\"847\" data-end=\"1119\">Sistemul <strong data-start=\"851\" data-end=\"875\">\u00eenc\u0103rcare rapid\u0103 de tip C<\/strong> port reduce timpul de nefunc\u021bionare \u00eentre sesiuni, iar cadrul u\u0219or de <strong data-start=\"936\" data-end=\"950\">103g<\/strong> \u00eel face u\u0219or de transportat. Cu <strong data-start=\"990\" data-end=\"1022\">Concentra\u021bii de nicotin\u0103 2% \u0219i 5%<\/strong>, modelul <strong data-start=\"1028\" data-end=\"1041\">RandM 15K<\/strong> se potrive\u0219te at\u00e2t utilizatorilor ocazionali, c\u00e2t \u0219i celor care prefer\u0103 un impact mai puternic \u00een g\u00e2t.<\/p>\n<p data-start=\"1121\" data-end=\"1311\">Conceput cu g\u00e2ndul la v\u00e2nzarea cu ridicata, <strong data-start=\"1158\" data-end=\"1193\">RandM Tornado 15.000 Pufuri Vape<\/strong> echilibreaz\u0103 capacitatea, utilitatea \u0219i pre\u021burile competitive \u00een vrac, ceea ce o face o adi\u021bie inteligent\u0103 la inventarele europene de vape-uri.<\/p>\n<p><img fetchpriority=\"high\" decoding=\"async\" class=\"size-medium wp-image-2951\" src=\"https:\/\/vapestornado.com\/wp-content\/uploads\/2024\/12\/Wholesale-Disposable-Vape-265x300.jpg\" alt=\"Vape de unic\u0103 folosin\u021b\u0103 en-gros\" width=\"265\" height=\"300\" srcset=\"https:\/\/vapestornado.com\/wp-content\/uploads\/2024\/12\/Wholesale-Disposable-Vape-265x300.jpg 265w, https:\/\/vapestornado.com\/wp-content\/uploads\/2024\/12\/Wholesale-Disposable-Vape-768x871.jpg 768w, https:\/\/vapestornado.com\/wp-content\/uploads\/2024\/12\/Wholesale-Disposable-Vape-600x680.jpg 600w, https:\/\/vapestornado.com\/wp-content\/uploads\/2024\/12\/Wholesale-Disposable-Vape.jpg 823w\" sizes=\"(max-width: 265px) 100vw, 265px\" \/><\/p>\n<h6>V\u0103 rug\u0103m s\u0103 contacta\u021bi WhatsApp-ul lui Mandy pentru pre\u021b redus<a href=\"https:\/\/wa.me\/8618077105796\" target=\"_blank\" rel=\"noopener\">+8618077105796<\/a><\/h6>\n<p>&nbsp;<\/p>\n<h2><strong>RandM Tornado Vape 15000 Puffs \u2013 Repere ale produsului<\/strong><\/h2>\n<ul>\n<li><strong>Utilizare Extins\u0103<\/strong>: Ofer\u0103 un num\u0103r impresionant de 15.000 de pufuri, asigur\u00e2nd o performan\u021b\u0103 de lung\u0103 durat\u0103 pentru utilizatorii frecven\u021bi.<\/li>\n<li><strong>Indicatori inteligen\u021bi<\/strong>: Echipat cu indicatori de nivel al bateriei \u0219i al e-lichidului, oferind actualiz\u0103ri \u00een timp real pentru a evita \u00eentreruperile nea\u0219teptate.<\/li>\n<li><strong>Operare f\u0103r\u0103 efort<\/strong>: Activat printr-o simpl\u0103 inhalare, elimin\u00e2nd nevoia de butoane \u0219i oferind o experien\u021b\u0103 de vaping f\u0103r\u0103 probleme.<\/li>\n<li><strong>U\u0219or de re\u00eenc\u0103rcat<\/strong>: Alimentat de o baterie re\u00eenc\u0103rcabil\u0103 de 850 mAh cu un port de \u00eenc\u0103rcare Type-C pentru o re\u00eenc\u0103rcare rapid\u0103 \u0219i eficient\u0103.<\/li>\n<li><strong>Sistem superior de bobine<\/strong>: Dispune de tehnologie avansat\u0103 a bobinei mesh pentru arome consistente, bogate \u0219i nori den\u0219i de vapori.<\/li>\n<li><strong>Preg\u0103tit pentru v\u00e2nzare cu ridicata<\/strong>: Ambalajul \u00een vrac de 200 de unit\u0103\u021bi per carton se adreseaz\u0103 angrosi\u0219tilor \u0219i distribuitorilor cu am\u0103nuntul.<\/li>\n<li><strong>Construc\u021bie portabil\u0103<\/strong>: C\u00e2nt\u0103rind doar 103 g, acest design u\u0219or este perfect pentru stilurile de via\u021b\u0103 \u00een mi\u0219care.<\/li>\n<\/ul>\n<p>&nbsp;<\/p>\n<h2><strong>Descrieri detaliate ale aromelor RandM Tornado 15000 Puff<\/strong><\/h2>\n<p>1. Limonad\u0103 cu Zmeur\u0103 Albastr\u0103<br \/>\n2. Ghea\u021b\u0103 de Piersici<br \/>\n3. M\u0103r Acru<br \/>\n4.Ghea\u021b\u0103 de Pepene Verde<br \/>\n5. Afine cu Ghea\u021b\u0103<br \/>\n6. Zmeur\u0103 cu Afine<br \/>\n7. Ghea\u021b\u0103 de Ananas<br \/>\n8. Cire\u0219e<br \/>\n9.C\u0103p\u0219uni Ghea\u021b\u0103<br \/>\n10. Vimto<br \/>\n11. Ghea\u021b\u0103 de Struguri<br \/>\n12. Ghea\u021b\u0103 de Cola<br \/>\n13. C\u0103p\u0219uni \u0219i pepene verde<br \/>\n14. Limonad\u0103 Roz<br \/>\n15. Fructe de P\u0103dure Mixte<br \/>\n16. Piersic\u0103 Mango<br \/>\n17. Fructul Dragonului<br \/>\n18. Struguri cu C\u0103p\u0219uni<br \/>\n19. Dl. Blue<br \/>\n20. Ghea\u021b\u0103 Delicioas\u0103<br \/>\n21. \u00cenghe\u021bat\u0103<br \/>\n22. C\u0103p\u0219uni Kiwi<br \/>\n23. Kiwi Fructul pasiunii Guava<br \/>\n24. Fructe de p\u0103dure triple<br \/>\n25. Ghea\u021b\u0103 de banane<br \/>\n26. Bomboane cu piersici \u0219i afine<br \/>\n27. M\u0103r, piersic\u0103, par\u0103<br \/>\n28. Limonad\u0103 cu fructe de p\u0103dure<br \/>\n29. Zmeur\u0103 albastr\u0103 cire\u0219e<br \/>\n30. Gum\u0103 de mestecat cu afine<br \/>\n31. Afine, cire\u0219e, meri\u0219oare<br \/>\n32. Afine rodie<br \/>\n33. Zmeur\u0103 acri\u0219oar\u0103 albastr\u0103<br \/>\n34. Cherry Cola<br \/>\n35. Ursule\u021b Gummi<br \/>\n36. L\u0103m\u00e2ie<br \/>\n37. Mango cu ghea\u021b\u0103<br \/>\n38. Ghea\u021b\u0103 energizant\u0103 ro\u0219ie<br \/>\n39. Banana cu c\u0103p\u0219uni<br \/>\n40. Red Bull cu c\u0103p\u0219uni<br \/>\n41. Limonad\u0103 de c\u0103p\u0219uni \u0219i pepene verde<br \/>\n42. Ceai cu ghea\u021b\u0103 \u0219i l\u0103m\u00e2ie<br \/>\n43. Ceai cu ghea\u021b\u0103 \u0219i piersici<br \/>\n44. Cire\u0219e efervescente<br \/>\n45. Skittles<\/p>\n<h3><strong>De ce s\u0103 alegi RandM Tornado 15000 Pufuri?<\/strong><\/h3>\n<ul>\n<li><strong>Longevitate Inegalabil\u0103<\/strong><br \/>\nBucura\u021bi-v\u0103 de p\u00e2n\u0103 la 15.000 de pufuri per dispozitiv, asigur\u00e2nd o utilizare extins\u0103 f\u0103r\u0103 \u00eenlocuiri frecvente - o alegere perfect\u0103 pentru vaperii consecven\u021bi.<\/li>\n<li><strong>Tehnologie avansat\u0103<\/strong><br \/>\nDispun\u00e2nd de tehnologia mesh coil, RandM Tornado ofer\u0103 profiluri de arom\u0103 superioare \u0219i nori den\u0219i de vapori, \u00eembun\u0103t\u0103\u021bindu-v\u0103 experien\u021ba de vaping.<\/li>\n<li><strong>Confort redefinit<\/strong><br \/>\nCu un sistem de activare auto-draw, vaping-ul este la fel de simplu ca inhalarea - f\u0103r\u0103 butoane, f\u0103r\u0103 b\u0103t\u0103i de cap, doar pl\u0103cere f\u0103r\u0103 efort.<\/li>\n<li><strong>Baterie Re\u00eenc\u0103rcabil\u0103<\/strong><br \/>\nBateria re\u00eenc\u0103rcabil\u0103 de 850mAh, \u00eempreun\u0103 cu un port de \u00eenc\u0103rcare Type-C, ofer\u0103 re\u00eenc\u0103rc\u0103ri rapide, men\u021bin\u00e2ndu-v\u0103 gata de vapat oric\u00e2nd.<\/li>\n<li><strong>Monitorizare \u00een timp real<\/strong><br \/>\nEchipat cu indicatori pentru baterie \u0219i e-lichid, pute\u021bi fi informat despre starea dispozitivului dvs., evit\u00e2nd \u00eentreruperi nea\u0219teptate.<\/li>\n<\/ul>\n<h3><strong>Cump\u0103rarea RandM Tornado 15000 Puffs \u00een vrac<\/strong><\/h3>\n<p><strong>Excelen\u021b\u0103 accesibil\u0103<\/strong><br \/>\nAchizi\u021bionarea RandM Tornado 15000 Puffs \u00een vrac este o modalitate rentabil\u0103 de a v\u0103 bucura de vaping de calitate premium la un pre\u021b mai mic per unitate. Aceast\u0103 op\u021biune este ideal\u0103 pentru comercian\u021bii cu am\u0103nuntul \u0219i cump\u0103r\u0103torii individuali care caut\u0103 valoare maxim\u0103 f\u0103r\u0103 a compromite calitatea.<\/p>\n<p><strong>Disponibilitate constant\u0103<\/strong><br \/>\nAsigura\u021bi-v\u0103 c\u0103 nu r\u0103m\u00e2ne\u021bi niciodat\u0103 f\u0103r\u0103 vape-ul dvs. de unic\u0103 folosin\u021b\u0103 preferat cu achizi\u021bii \u00een vrac. Fie c\u0103 sunte\u021bi un comerciant cu am\u0103nuntul sau un vaper pasionat, av\u00e2nd o aprovizionare constant\u0103 cu aceste dispozitive de lung\u0103 durat\u0103 garanteaz\u0103 o satisfac\u021bie ne\u00eentrerupt\u0103.<\/p>\n<p><strong>Perfect pentru afaceri<\/strong><br \/>\nComercian\u021bii cu am\u0103nuntul \u0219i proprietarii de magazine de vape pot beneficia foarte mult prin stocarea RandM Tornado 15000. Reputa\u021bia sa pentru performan\u021be ridicate, func\u021bionalitatea re\u00eenc\u0103rcabil\u0103 \u0219i num\u0103rul impresionant de pufuri \u00eel fac un produs de top, atr\u0103g\u00e2nd o baz\u0103 larg\u0103 de clien\u021bi.<\/p>\n<p><strong>Selec\u021bie personalizabil\u0103 de arome<\/strong><br \/>\nCu o gam\u0103 vast\u0103 de arome, de la dulce \u0219i fructat la clasic \u0219i mentolat, comenzile \u00een vrac pot fi adaptate pentru a include diverse op\u021biuni care s\u0103 satisfac\u0103 diverse preferin\u021be. Aceast\u0103 flexibilitate asigur\u0103 c\u0103 fiecare client \u00ee\u0219i g\u0103se\u0219te experien\u021ba ideal\u0103 de vaping.<\/p>\n<h3><\/h3>\n<h3><strong>De ce s\u0103 alege\u021bi achizi\u021biile \u00een vrac Vapestornado Randm Vape 15k puff?<\/strong><\/h3>\n<ul>\n<li><strong>Beneficii en-gros<\/strong>: Comenzile mari vin cu pre\u021buri reduse, ceea ce o face o alegere inteligent\u0103 pentru companii.<\/li>\n<li><strong>Design ecologic<\/strong>: Tehnologia re\u00eenc\u0103rcabil\u0103 reduce de\u0219eurile \u00een compara\u021bie cu dispozitivele de unic\u0103 folosin\u021b\u0103.<\/li>\n<li><strong>Margini de profit \u00eembun\u0103t\u0103\u021bite<\/strong>: Comercian\u021bii cu am\u0103nuntul pot profita de popularitatea acestui produs cu cerere mare.<\/li>\n<\/ul>\n<h3><strong>Exploreaz\u0103 lumea RandM Vape<\/strong><\/h3>\n<p>P\u0103trunde\u021bi \u00eentr-o selec\u021bie extins\u0103 de arome interesante, cum ar fi <strong>Ghea\u021b\u0103 de afine<\/strong>, <strong>Mango Piersic\u0103<\/strong>, <strong>Ment\u0103 Rece<\/strong>, \u0219i multe altele. Fiecare arom\u0103 este creat\u0103 pentru a oferi un gust unic \u0219i consistent, asigur\u00e2nd c\u0103 fiecare puf este la fel de \u00eenc\u00e2nt\u0103tor ca primul. Descoperi\u021bi satisfac\u021bia suprem\u0103 \u00een vaping cu RandM Tornado 15000 Puffs. Op\u021biunile de v\u00e2nzare \u00een vrac sunt acum disponibile la <a href=\"https:\/\/vapestornado.com\/ro\/\"><strong>vapestornad\u0103<\/strong><\/a>, sursa ta de \u00eencredere pentru vape-uri de unic\u0103 folosin\u021b\u0103 premium. Cump\u0103r\u0103 ast\u0103zi \u0219i du-\u021bi c\u0103l\u0103toria de vaping la urm\u0103torul nivel!<\/p>","protected":false},"excerpt":{"rendered":"<p>Sistemul <strong data-start=\"1355\" data-end=\"1381\">RandM Tornado 15K Vape<\/strong> ofer\u0103 o capacitate de 25 ml, 15.000 de pufuri \u0219i indicatori duali. O op\u021biune u\u0219oar\u0103, re\u00eenc\u0103rcabil\u0103, adaptat\u0103 pentru <strong data-start=\"1487\" data-end=\"1523\">pie\u021bele angro de vape din Europa<\/strong>.<\/p>\n<figure id=\"attachment_2951\" aria-describedby=\"caption-attachment-2951\" style=\"width: 265px\" class=\"wp-caption alignnone\"><img fetchpriority=\"high\" decoding=\"async\" class=\"size-medium wp-image-2951\" src=\"https:\/\/vapestornado.com\/wp-content\/uploads\/2024\/12\/Wholesale-Disposable-Vape-265x300.jpg\" alt=\"Vape de unic\u0103 folosin\u021b\u0103 en-gros\" width=\"265\" height=\"300\" srcset=\"https:\/\/vapestornado.com\/wp-content\/uploads\/2024\/12\/Wholesale-Disposable-Vape-265x300.jpg 265w, https:\/\/vapestornado.com\/wp-content\/uploads\/2024\/12\/Wholesale-Disposable-Vape-768x871.jpg 768w, https:\/\/vapestornado.com\/wp-content\/uploads\/2024\/12\/Wholesale-Disposable-Vape-600x680.jpg 600w, https:\/\/vapestornado.com\/wp-content\/uploads\/2024\/12\/Wholesale-Disposable-Vape.jpg 823w\" sizes=\"(max-width: 265px) 100vw, 265px\" \/><figcaption id=\"caption-attachment-2951\" class=\"wp-caption-text\">V\u0103 rug\u0103m s\u0103 contacta\u021bi WhatsApp-ul lui Mandy pentru pre\u021b redus<a href=\"https:\/\/wa.me\/8618077105796\">+8618077105796<\/a><\/figcaption><\/figure>\n<p>&nbsp;<\/p>","protected":false},"featured_media":2933,"comment_status":"open","ping_status":"closed","template":"","meta":{"_acf_changed":false,"_uag_custom_page_level_css":"","_lmt_disableupdate":"no","_lmt_disable":"","_monsterinsights_skip_tracking":false,"_monsterinsights_sitenote_active":false,"_monsterinsights_sitenote_note":"","_monsterinsights_sitenote_category":0,"site-sidebar-layout":"default","site-content-layout":"","ast-site-content-layout":"default","site-content-style":"default","site-sidebar-style":"default","ast-global-header-display":"","ast-banner-title-visibility":"","ast-main-header-display":"","ast-hfb-above-header-display":"","ast-hfb-below-header-display":"","ast-hfb-mobile-header-display":"","site-post-title":"","ast-breadcrumbs-content":"","ast-featured-img":"","footer-sml-layout":"","ast-disable-related-posts":"","theme-transparent-header-meta":"default","adv-header-id-meta":"","stick-header-meta":"","header-above-stick-meta":"","header-main-stick-meta":"","header-below-stick-meta":"","astra-migrate-meta-layouts":"set","ast-page-background-enabled":"default","ast-page-background-meta":{"desktop":{"background-color":"","background-image":"","background-repeat":"repeat","background-position":"center center","background-size":"auto","background-attachment":"scroll","background-type":"","background-media":"","overlay-type":"","overlay-color":"","overlay-opacity":"","overlay-gradient":""},"tablet":{"background-color":"","background-image":"","background-repeat":"repeat","background-position":"center center","background-size":"auto","background-attachment":"scroll","background-type":"","background-media":"","overlay-type":"","overlay-color":"","overlay-opacity":"","overlay-gradient":""},"mobile":{"background-color":"","background-image":"","background-repeat":"repeat","background-position":"center center","background-size":"auto","background-attachment":"scroll","background-type":"","background-media":"","overlay-type":"","overlay-color":"","overlay-opacity":"","overlay-gradient":""}},"ast-content-background-meta":{"desktop":{"background-color":"var(--ast-global-color-5)","background-image":"","background-repeat":"repeat","background-position":"center center","background-size":"auto","background-attachment":"scroll","background-type":"","background-media":"","overlay-type":"","overlay-color":"","overlay-opacity":"","overlay-gradient":""},"tablet":{"background-color":"var(--ast-global-color-5)","background-image":"","background-repeat":"repeat","background-position":"center center","background-size":"auto","background-attachment":"scroll","background-type":"","background-media":"","overlay-type":"","overlay-color":"","overlay-opacity":"","overlay-gradient":""},"mobile":{"background-color":"var(--ast-global-color-5)","background-image":"","background-repeat":"repeat","background-position":"center center","background-size":"auto","background-attachment":"scroll","background-type":"","background-media":"","overlay-type":"","overlay-color":"","overlay-opacity":"","overlay-gradient":""}},"_joinchat":{"telephone":"+8618077105796"}},"product_brand":[],"product_cat":[71,154,157,58,148],"product_tag":[97,80],"class_list":{"0":"post-2958","1":"product","2":"type-product","3":"status-publish","4":"has-post-thumbnail","6":"product_cat-15000-puff","7":"product_cat-buy-disposable-vapes-in-netherlands","8":"product_cat-buy-disposable-vapes-in-portugal","9":"product_cat-fumot-vape","10":"product_cat-tornado-disposable-vapes","11":"product_tag-hot-sale-disposable-vape","12":"product_tag-randm-15k","13":"desktop-align-left","14":"tablet-align-left","15":"mobile-align-left","17":"first","18":"instock","19":"sale","20":"shipping-taxable","21":"purchasable","22":"product-type-simple"},"acf":[],"uagb_featured_image_src":{"full":["https:\/\/vapestornado.com\/wp-content\/uploads\/2024\/12\/Discount-Price-Randm-Vape-Tornado-15000-Puffs-Apple-Peach-Pear.jpg",800,800,false],"thumbnail":["https:\/\/vapestornado.com\/wp-content\/uploads\/2024\/12\/Discount-Price-Randm-Vape-Tornado-15000-Puffs-Apple-Peach-Pear-150x150.jpg",150,150,true],"medium":["https:\/\/vapestornado.com\/wp-content\/uploads\/2024\/12\/Discount-Price-Randm-Vape-Tornado-15000-Puffs-Apple-Peach-Pear-300x300.jpg",300,300,true],"medium_large":["https:\/\/vapestornado.com\/wp-content\/uploads\/2024\/12\/Discount-Price-Randm-Vape-Tornado-15000-Puffs-Apple-Peach-Pear-768x768.jpg",768,768,true],"large":["https:\/\/vapestornado.com\/wp-content\/uploads\/2024\/12\/Discount-Price-Randm-Vape-Tornado-15000-Puffs-Apple-Peach-Pear.jpg",800,800,false],"1536x1536":["https:\/\/vapestornado.com\/wp-content\/uploads\/2024\/12\/Discount-Price-Randm-Vape-Tornado-15000-Puffs-Apple-Peach-Pear.jpg",800,800,false],"2048x2048":["https:\/\/vapestornado.com\/wp-content\/uploads\/2024\/12\/Discount-Price-Randm-Vape-Tornado-15000-Puffs-Apple-Peach-Pear.jpg",800,800,false],"trp-custom-language-flag":["https:\/\/vapestornado.com\/wp-content\/uploads\/2024\/12\/Discount-Price-Randm-Vape-Tornado-15000-Puffs-Apple-Peach-Pear.jpg",12,12,false],"woocommerce_thumbnail":["https:\/\/vapestornado.com\/wp-content\/uploads\/2024\/12\/Discount-Price-Randm-Vape-Tornado-15000-Puffs-Apple-Peach-Pear-300x300.jpg",300,300,true],"woocommerce_single":["https:\/\/vapestornado.com\/wp-content\/uploads\/2024\/12\/Discount-Price-Randm-Vape-Tornado-15000-Puffs-Apple-Peach-Pear-600x600.jpg",600,600,true],"woocommerce_gallery_thumbnail":["https:\/\/vapestornado.com\/wp-content\/uploads\/2024\/12\/Discount-Price-Randm-Vape-Tornado-15000-Puffs-Apple-Peach-Pear-100x100.jpg",100,100,true]},"uagb_author_info":{"display_name":"ESMANDY","author_link":"https:\/\/vapestornado.com\/ro\/author\/"},"uagb_comment_info":0,"uagb_excerpt":"The RandM Tornado 15K Vape offers 25ml capacity, 15,000 puffs, and dual indicators. A lightweight, rechargeable option tailored for wholesale vape markets in Europe. [caption id=\"attachment_2951\" align=\"alignnone\" width=\"265\"] Pls Contact Mandy's WhatsApp For Discount Price+8618077105796[\/caption] &nbsp;","_links":{"self":[{"href":"https:\/\/vapestornado.com\/ro\/wp-json\/wp\/v2\/product\/2958","targetHints":{"allow":["GET"]}}],"collection":[{"href":"https:\/\/vapestornado.com\/ro\/wp-json\/wp\/v2\/product"}],"about":[{"href":"https:\/\/vapestornado.com\/ro\/wp-json\/wp\/v2\/types\/product"}],"replies":[{"embeddable":true,"href":"https:\/\/vapestornado.com\/ro\/wp-json\/wp\/v2\/comments?post=2958"}],"wp:featuredmedia":[{"embeddable":true,"href":"https:\/\/vapestornado.com\/ro\/wp-json\/wp\/v2\/media\/2933"}],"wp:attachment":[{"href":"https:\/\/vapestornado.com\/ro\/wp-json\/wp\/v2\/media?parent=2958"}],"wp:term":[{"taxonomy":"product_brand","embeddable":true,"href":"https:\/\/vapestornado.com\/ro\/wp-json\/wp\/v2\/product_brand?post=2958"},{"taxonomy":"product_cat","embeddable":true,"href":"https:\/\/vapestornado.com\/ro\/wp-json\/wp\/v2\/product_cat?post=2958"},{"taxonomy":"product_tag","embeddable":true,"href":"https:\/\/vapestornado.com\/ro\/wp-json\/wp\/v2\/product_tag?post=2958"}],"curies":[{"name":"wp","href":"https:\/\/api.w.org\/{rel}","templated":true}]}}