{"id":2926,"date":"2024-12-03T08:03:07","date_gmt":"2024-12-03T08:03:07","guid":{"rendered":"https:\/\/vapestornado.com\/?post_type=product&#038;p=2926"},"modified":"2025-08-23T10:05:34","modified_gmt":"2025-08-23T10:05:34","slug":"fumot-digital-box-12000-puffs-cheap-price-disposable-vape","status":"publish","type":"product","link":"https:\/\/vapestornado.com\/ro\/product\/fumot-digital-box-12000-puffs-cheap-price-disposable-vape\/","title":{"rendered":"Fumot Digital Box 12000 Puffs Vape de unic\u0103 folosin\u021b\u0103 la pre\u021buri mici"},"content":{"rendered":"<h1>Fumot Digital Box 12000 Puffs Vape de unic\u0103 folosin\u021b\u0103 la pre\u021buri mici<\/h1>\n<p>&nbsp;<\/p>\n<p data-start=\"298\" data-end=\"609\">Sistemul <strong data-start=\"302\" data-end=\"351\">Vape de Unic\u0103 Folosin\u021b\u0103 Fumot Digital Box 12000 Puffs<\/strong> ofer\u0103 performan\u021b\u0103 de lung\u0103 durat\u0103 \u0219i un puternic atractiv la v\u00e2nzarea cu ridicata. Cu un <strong data-start=\"420\" data-end=\"453\">rezervor preumplut cu lichid electronic de 20ml<\/strong> \u0219i p\u00e2n\u0103 la <strong data-start=\"464\" data-end=\"491\">12.000 de pufuri per dispozitiv<\/strong>, ofer\u0103 o utilizare extins\u0103 \u0219i o arom\u0103 consistent\u0103, ceea ce \u00eel face o alegere atractiv\u0103 at\u00e2t pentru comercian\u021bii cu am\u0103nuntul, c\u00e2t \u0219i pentru cump\u0103r\u0103torii en-gros.<\/p>\n<p data-start=\"611\" data-end=\"868\">Alimentat de o <strong data-start=\"624\" data-end=\"655\">re\u00eenc\u0103rcabil\u0103 de 550mAh<\/strong> cu <strong data-start=\"661\" data-end=\"685\">\u00eenc\u0103rcare rapid\u0103 de tip C<\/strong>, acest vape minimizeaz\u0103 timpul de nefunc\u021bionare, oferind \u00een acela\u0219i timp performan\u021be fiabile. Al s\u0103u <strong data-start=\"759\" data-end=\"789\">control reglabil al fluxului de aer<\/strong> permite clien\u021bilor s\u0103 adapteze produc\u021bia de vapori, atr\u0103g\u00e2nd o gam\u0103 larg\u0103 de utilizatori.<\/p>\n<p data-start=\"870\" data-end=\"1111\">O caracteristic\u0103 unic\u0103 a <strong data-start=\"894\" data-end=\"919\">Cutie digital\u0103 Fumot 12K<\/strong> este <strong data-start=\"927\" data-end=\"943\">6 lumini RGB<\/strong>, care se activeaz\u0103 \u00een timpul utiliz\u0103rii pentru a ad\u0103uga un plus vizual \u2013 popular printre consumatorii europeni mai tineri. Compact, durabil \u0219i u\u0219or de transportat, este potrivit at\u00e2t pentru utilizarea de zi cu zi, c\u00e2t \u0219i pentru cea social\u0103.<\/p>\n<p data-start=\"1113\" data-end=\"1315\">Cu echilibrul s\u0103u de capacitate mare de pufuri, caracteristici personalizabile \u0219i <strong data-start=\"1180\" data-end=\"1213\">pre\u021buri competitive de v\u00e2nzare cu ridicata<\/strong>, modelul <strong data-start=\"1219\" data-end=\"1246\">Cutie digital\u0103 Fumot 12000<\/strong> este o achizi\u021bie inteligent\u0103 pentru magazinele de vape \u0219i distribuitorii din Europa.<\/p>\n<p><img fetchpriority=\"high\" decoding=\"async\" class=\"size-medium wp-image-2951\" src=\"https:\/\/vapestornado.com\/wp-content\/uploads\/2024\/12\/Wholesale-Disposable-Vape-265x300.jpg\" alt=\"Vape de unic\u0103 folosin\u021b\u0103 en-gros\" width=\"265\" height=\"300\" srcset=\"https:\/\/vapestornado.com\/wp-content\/uploads\/2024\/12\/Wholesale-Disposable-Vape-265x300.jpg 265w, https:\/\/vapestornado.com\/wp-content\/uploads\/2024\/12\/Wholesale-Disposable-Vape-768x871.jpg 768w, https:\/\/vapestornado.com\/wp-content\/uploads\/2024\/12\/Wholesale-Disposable-Vape-600x680.jpg 600w, https:\/\/vapestornado.com\/wp-content\/uploads\/2024\/12\/Wholesale-Disposable-Vape.jpg 823w\" sizes=\"(max-width: 265px) 100vw, 265px\" \/><\/p>\n<h6>V\u0103 rug\u0103m s\u0103 contacta\u021bi WhatsApp-ul lui Mandy pentru pre\u021b redus<a href=\"https:\/\/wa.me\/8618077105796\" target=\"_blank\" rel=\"noopener\">+8618077105796<\/a><\/h6>\n<p>&nbsp;<\/p>\n<h3>Caracteristicile produsului<\/h3>\n<ul>\n<li><strong>20 ml de e-lichid<\/strong>: Ofer\u0103 o arom\u0103 excep\u021bional\u0103 \u0219i p\u00e2n\u0103 la 12.000 de pufuri.<\/li>\n<li><strong>re\u00eenc\u0103rcabil\u0103 de 550mAh<\/strong>: Asigur\u0103 o putere de lung\u0103 durat\u0103 cu \u00eenc\u0103rcare rapid\u0103 Type-C.<\/li>\n<li><strong>6 lumini RGB<\/strong>: \u00cembun\u0103t\u0103\u021be\u0219te-\u021bi experien\u021ba de vaping cu o str\u0103lucire cool \u0219i elegant\u0103.<\/li>\n<li><strong>Comutator de control al fluxului de aer<\/strong>: Regla\u021bi intensitatea vaporilor \u00een func\u021bie de preferin\u021bele dvs. f\u0103r\u0103 efort.<\/li>\n<li><strong>Compact \u0219i durabil<\/strong>: Perfect pentru utilizare \u00een deplasare, cu un design elegant, de ultim\u0103 genera\u021bie.<\/li>\n<\/ul>\n<h4><strong>Arome Fumot 12000<\/strong><\/h4>\n<p>1 Ment\u0103 rece<br \/>\n2 Pepene Verde cu Ghea\u021b\u0103<br \/>\n3 Struguri cu Ghea\u021b\u0103<br \/>\n4 Zmeur\u0103 cu Afine<br \/>\n5 C\u0103p\u0219uni cu Pepene Verde<br \/>\n6 C\u0103p\u0219uni cu Banane<br \/>\n7 Ghea\u021b\u0103 luxuriant\u0103<br \/>\n8 Cire\u0219e<br \/>\n9 Ghea\u021b\u0103 de c\u0103p\u0219uni<br \/>\n10 \u00cenghe\u021bat\u0103<br \/>\n11 Limonad\u0103 Roz<br \/>\n12 Mango cu ghea\u021b\u0103<br \/>\n13 Fructe de P\u0103dure Mixte<br \/>\n14 Gogoa\u0219\u0103 cu c\u0103p\u0219uni<br \/>\n15 Struguri cu c\u0103p\u0219uni<br \/>\n16 Cola cu cire\u0219e<br \/>\n17 Dr. Blue<br \/>\n18 Afine cu ghea\u021b\u0103<br \/>\n19 Kiwi, fructul pasiunii \u0219i guava<br \/>\n20 C\u0103p\u0219uni \u0219i kiwi<br \/>\n21 Piersic\u0103 \u0219i mango<br \/>\n22 Ghea\u021b\u0103 de piersici<br \/>\n23 Ghea\u021b\u0103 de mere ro\u0219ii<br \/>\n24 Gum\u0103 de mestecat cu afine<br \/>\n25 Limonad\u0103 cu fructe de p\u0103dure<br \/>\n26 Limonad\u0103 Blue Razz<br \/>\n27 Zmeur\u0103 acr\u0103 albastr\u0103<br \/>\n28 Red Bull cu c\u0103p\u0219uni<br \/>\n29 Explozie de fructe de p\u0103dure \u0219i mere<br \/>\n30 Gum\u0103 de mestecat cu arom\u0103 de pepene verde<br \/>\n31 Zmeur\u0103 \u0219i pepene verde<br \/>\n32 Ghea\u021b\u0103 neagr\u0103<br \/>\n33 Afine, cire\u0219e \u0219i meri\u0219oare<br \/>\n34 Pomp\u0103 de c\u0103p\u0219uni (rodie)<br \/>\n35 Vimto<br \/>\n36 Fructe de p\u0103dure \u0219i cire\u0219e<br \/>\n37 L\u0103m\u00e2ie<br \/>\n38 Bingo Crush<br \/>\n39 Afine cu kiwi<br \/>\n40 M\u0103r cu scor\u021bi\u0219oar\u0103<\/p>\n<p>&nbsp;<\/p>\n<h3>\u00centreb\u0103ri frecvente despre Fumot Digital Box 12000 Puffs Vape de unic\u0103 folosin\u021b\u0103<\/h3>\n<p><strong>\u00ce: Vapourile Fumot sunt de \u00eenalt\u0103 calitate?<\/strong><br \/>\n<strong>A:<\/strong> Da, vapurile Fumot sunt renumite pentru calitatea lor premium \u0219i performan\u021ba excep\u021bional\u0103. Acestea sunt echipate cu tehnologie avansat\u0103 pentru a oferi o arom\u0103 consistent\u0103, o experien\u021b\u0103 de vaping satisf\u0103c\u0103toare \u0219i un num\u0103r impresionant de pufuri, ceea ce le face o alegere fiabil\u0103 pentru pasiona\u021bii de vaping.<\/p>\n<p><strong>\u00ce: C\u00e2t dureaz\u0103 un vape randm cu 12.000 de pufuri?<\/strong><br \/>\n<strong>A:<\/strong> Durata depinde de obiceiurile individuale de utilizare. Pentru utilizatorii frecven\u021bi, poate dura c\u00e2teva s\u0103pt\u0103m\u00e2ni, \u00een timp ce utilizatorii modera\u021bi pot considera c\u0103 este suficient pentru una p\u00e2n\u0103 la dou\u0103 luni. Utilizatorii ocazionali ar putea beneficia de dispozitivul lor p\u00e2n\u0103 la trei luni, ceea ce \u00eel face ideal pentru cei care prefer\u0103 o op\u021biune de vaping de lung\u0103 durat\u0103, f\u0103r\u0103 \u00eenlocuiri frecvente.<\/p>\n<p><strong>\u00ce: Care este pre\u021bul unui vape Fumot de 12.000 de pufuri?<\/strong><br \/>\n<strong>A:<\/strong> Pre\u021bul pentru un vape de 12.000 de pufuri variaz\u0103 \u00een func\u021bie de marc\u0103, caracteristici \u0219i v\u00e2nz\u0103tor. De obicei, variaz\u0103 \u00eentre 15 \u0219i 30 de lire sterline \u00een Marea Britanie. Reducerile sezoniere, disponibilitatea \u0219i varia\u021biile de model pot influen\u021ba, de asemenea, costul.<\/p>\n<p><strong>\u00ce: C\u00e2t\u0103 nicotin\u0103 se afl\u0103 \u00eentr-un vape de 12.000 de pufuri?<\/strong><br \/>\n<strong>A:<\/strong> Fumot Digital Box ofer\u0103 mai multe op\u021biuni de concentra\u021bie de nicotin\u0103, inclusiv 0%, 2%, 3% \u0219i 5%. Aceast\u0103 varietate permite utilizatorilor s\u0103 aleag\u0103 un nivel care s\u0103 se alinieze cu preferin\u021bele \u0219i obiceiurile lor de vaping.<\/p>\n<p><strong>\u00ce: C\u00e2t timp dureaz\u0103 \u00eenc\u0103rcarea unui vape Fumot?<\/strong><br \/>\n<strong>A:<\/strong> Timpul de \u00eenc\u0103rcare pentru un vape Fumot este de aproximativ 1 p\u00e2n\u0103 la 2 ore, \u00een func\u021bie de capacitatea bateriei dispozitivului \u0219i de tipul \u00eenc\u0103rc\u0103torului. Func\u021bia de re\u00eenc\u0103rcare rapid\u0103 asigur\u0103 un timp de nefunc\u021bionare minim, astfel \u00eenc\u00e2t utilizatorii pot relua vapingul cu promptitudine.<\/p>\n<p>&nbsp;<\/p>\n<h3>Motive pentru a alege pre\u021bul cu ridicata <a href=\"https:\/\/vapestornado.com\/ro\/product\/fumot-digital-box-12000-puffs-cheap-price-disposable-vape\/\">Fumot Digital Box 12000 pufuri<\/a> Vape de unic\u0103 folosin\u021b\u0103 la <a href=\"https:\/\/vapestornado.com\/ro\/store\/\">vapestornad\u0103<\/a><\/h3>\n<ol>\n<li><strong>Num\u0103r mare de pufuri pentru longevitate<\/strong><br \/>\nCu o capacitate impresionant\u0103 de 12.000 de pufuri, acest dispozitiv asigur\u0103 o utilizare extins\u0103, perfect\u0103 pentru cei care caut\u0103 un vape de lung\u0103 durat\u0103, f\u0103r\u0103 \u00eenlocuiri frecvente.<\/li>\n<li><strong>Op\u021biuni personalizabile de nicotin\u0103<\/strong><br \/>\nDisponibil \u00een concentra\u021bii de nicotin\u0103 0%, 2%, 3% \u0219i 5%, Fumot Digital Box se adreseaz\u0103 unei game largi de preferin\u021be, indiferent dac\u0103 sunte\u021bi \u00een c\u0103utarea unei experien\u021be f\u0103r\u0103 nicotin\u0103 sau mai puternice.<\/li>\n<li><strong>Design compact cu func\u021bii avansate<\/strong><br \/>\nDesignul elegant \u0219i u\u0219or este combinat cu func\u021bii moderne, cum ar fi controlul fluxului de aer \u0219i 6 lumini RGB, oferind at\u00e2t func\u021bionalitate, c\u00e2t \u0219i stil.<\/li>\n<li><strong>Baterie re\u00eenc\u0103rcabil\u0103 convenabil\u0103<\/strong><br \/>\nEchipat cu o baterie re\u00eenc\u0103rcabil\u0103 de 550mAh \u0219i un port de \u00eenc\u0103rcare Type-C, ofer\u0103 re\u00eenc\u0103rc\u0103ri rapide, men\u021bin\u00e2nd timpul de nefunc\u021bionare la minimum.<\/li>\n<li><strong>Pre\u021buri accesibile<\/strong><br \/>\nOferind func\u021bii premium la un pre\u021b competitiv, Fumot Digital Box ofer\u0103 o valoare excelent\u0103 pentru cei care caut\u0103 o solu\u021bie de vaping de \u00eenalt\u0103 performan\u021b\u0103, prietenoas\u0103 cu bugetul.<\/li>\n<\/ol>","protected":false},"excerpt":{"rendered":"<p>Descoperi\u021bi oferte imbatabile la vape-ul re\u00eenc\u0103rcabil Fumot Digital Box 12000 puff. Contacta\u021bi-ne ast\u0103zi pentru a v\u0103 asigura reducerea special\u0103!<strong>(MOQ este de 50 buc)<\/strong><\/p>\n<figure id=\"attachment_2951\" aria-describedby=\"caption-attachment-2951\" style=\"width: 265px\" class=\"wp-caption alignnone\"><img fetchpriority=\"high\" decoding=\"async\" class=\"size-medium wp-image-2951\" src=\"https:\/\/vapestornado.com\/wp-content\/uploads\/2024\/12\/Wholesale-Disposable-Vape-265x300.jpg\" alt=\"Vape de unic\u0103 folosin\u021b\u0103 en-gros\" width=\"265\" height=\"300\" srcset=\"https:\/\/vapestornado.com\/wp-content\/uploads\/2024\/12\/Wholesale-Disposable-Vape-265x300.jpg 265w, https:\/\/vapestornado.com\/wp-content\/uploads\/2024\/12\/Wholesale-Disposable-Vape-768x871.jpg 768w, https:\/\/vapestornado.com\/wp-content\/uploads\/2024\/12\/Wholesale-Disposable-Vape-600x680.jpg 600w, https:\/\/vapestornado.com\/wp-content\/uploads\/2024\/12\/Wholesale-Disposable-Vape.jpg 823w\" sizes=\"(max-width: 265px) 100vw, 265px\" \/><figcaption id=\"caption-attachment-2951\" class=\"wp-caption-text\">V\u0103 rug\u0103m s\u0103 contacta\u021bi WhatsApp-ul lui Mandy pentru pre\u021b redus<a href=\"https:\/\/wa.me\/8618077105796\">+8618077105796<\/a><\/figcaption><\/figure>","protected":false},"featured_media":2943,"comment_status":"open","ping_status":"closed","template":"","meta":{"_acf_changed":false,"_uag_custom_page_level_css":"","_lmt_disableupdate":"no","_lmt_disable":"","_monsterinsights_skip_tracking":false,"_monsterinsights_sitenote_active":false,"_monsterinsights_sitenote_note":"","_monsterinsights_sitenote_category":0,"site-sidebar-layout":"default","site-content-layout":"","ast-site-content-layout":"default","site-content-style":"default","site-sidebar-style":"default","ast-global-header-display":"","ast-banner-title-visibility":"","ast-main-header-display":"","ast-hfb-above-header-display":"","ast-hfb-below-header-display":"","ast-hfb-mobile-header-display":"","site-post-title":"","ast-breadcrumbs-content":"","ast-featured-img":"","footer-sml-layout":"","ast-disable-related-posts":"","theme-transparent-header-meta":"default","adv-header-id-meta":"","stick-header-meta":"","header-above-stick-meta":"","header-main-stick-meta":"","header-below-stick-meta":"","astra-migrate-meta-layouts":"set","ast-page-background-enabled":"default","ast-page-background-meta":{"desktop":{"background-color":"","background-image":"","background-repeat":"repeat","background-position":"center center","background-size":"auto","background-attachment":"scroll","background-type":"","background-media":"","overlay-type":"","overlay-color":"","overlay-opacity":"","overlay-gradient":""},"tablet":{"background-color":"","background-image":"","background-repeat":"repeat","background-position":"center center","background-size":"auto","background-attachment":"scroll","background-type":"","background-media":"","overlay-type":"","overlay-color":"","overlay-opacity":"","overlay-gradient":""},"mobile":{"background-color":"","background-image":"","background-repeat":"repeat","background-position":"center center","background-size":"auto","background-attachment":"scroll","background-type":"","background-media":"","overlay-type":"","overlay-color":"","overlay-opacity":"","overlay-gradient":""}},"ast-content-background-meta":{"desktop":{"background-color":"var(--ast-global-color-5)","background-image":"","background-repeat":"repeat","background-position":"center center","background-size":"auto","background-attachment":"scroll","background-type":"","background-media":"","overlay-type":"","overlay-color":"","overlay-opacity":"","overlay-gradient":""},"tablet":{"background-color":"var(--ast-global-color-5)","background-image":"","background-repeat":"repeat","background-position":"center center","background-size":"auto","background-attachment":"scroll","background-type":"","background-media":"","overlay-type":"","overlay-color":"","overlay-opacity":"","overlay-gradient":""},"mobile":{"background-color":"var(--ast-global-color-5)","background-image":"","background-repeat":"repeat","background-position":"center center","background-size":"auto","background-attachment":"scroll","background-type":"","background-media":"","overlay-type":"","overlay-color":"","overlay-opacity":"","overlay-gradient":""}},"_joinchat":{"telephone":"+8618077105796"}},"product_brand":[],"product_cat":[72,154,155,142,58],"product_tag":[82,98],"class_list":{"0":"post-2926","1":"product","2":"type-product","3":"status-publish","4":"has-post-thumbnail","6":"product_cat-12000-puff","7":"product_cat-buy-disposable-vapes-in-netherlands","8":"product_cat-buy-disposable-vapes-in-norway","9":"product_cat-digital-box-disposable-vapes","10":"product_cat-fumot-vape","11":"product_tag-fumot-digital-box-12000-puffs","12":"product_tag-wholesale-price-disposable-vape","13":"desktop-align-left","14":"tablet-align-left","15":"mobile-align-left","17":"first","18":"instock","19":"sale","20":"shipping-taxable","21":"purchasable","22":"product-type-simple"},"acf":[],"uagb_featured_image_src":{"full":["https:\/\/vapestornado.com\/wp-content\/uploads\/2024\/12\/Fumot-Digital-Box-12000-Puffs-Grape-Ice.jpg",800,800,false],"thumbnail":["https:\/\/vapestornado.com\/wp-content\/uploads\/2024\/12\/Fumot-Digital-Box-12000-Puffs-Grape-Ice-150x150.jpg",150,150,true],"medium":["https:\/\/vapestornado.com\/wp-content\/uploads\/2024\/12\/Fumot-Digital-Box-12000-Puffs-Grape-Ice-300x300.jpg",300,300,true],"medium_large":["https:\/\/vapestornado.com\/wp-content\/uploads\/2024\/12\/Fumot-Digital-Box-12000-Puffs-Grape-Ice-768x768.jpg",768,768,true],"large":["https:\/\/vapestornado.com\/wp-content\/uploads\/2024\/12\/Fumot-Digital-Box-12000-Puffs-Grape-Ice.jpg",800,800,false],"1536x1536":["https:\/\/vapestornado.com\/wp-content\/uploads\/2024\/12\/Fumot-Digital-Box-12000-Puffs-Grape-Ice.jpg",800,800,false],"2048x2048":["https:\/\/vapestornado.com\/wp-content\/uploads\/2024\/12\/Fumot-Digital-Box-12000-Puffs-Grape-Ice.jpg",800,800,false],"trp-custom-language-flag":["https:\/\/vapestornado.com\/wp-content\/uploads\/2024\/12\/Fumot-Digital-Box-12000-Puffs-Grape-Ice.jpg",12,12,false],"woocommerce_thumbnail":["https:\/\/vapestornado.com\/wp-content\/uploads\/2024\/12\/Fumot-Digital-Box-12000-Puffs-Grape-Ice-300x300.jpg",300,300,true],"woocommerce_single":["https:\/\/vapestornado.com\/wp-content\/uploads\/2024\/12\/Fumot-Digital-Box-12000-Puffs-Grape-Ice-600x600.jpg",600,600,true],"woocommerce_gallery_thumbnail":["https:\/\/vapestornado.com\/wp-content\/uploads\/2024\/12\/Fumot-Digital-Box-12000-Puffs-Grape-Ice-100x100.jpg",100,100,true]},"uagb_author_info":{"display_name":"ESMANDY","author_link":"https:\/\/vapestornado.com\/ro\/author\/"},"uagb_comment_info":0,"uagb_excerpt":"Discover unbeatable deals on the Fumot Digital Box 12000 puff Rechargeable Vape. Reach out today to secure your special discount!(MOQ is 50pcs) [caption id=\"attachment_2951\" align=\"alignnone\" width=\"265\"] Pls Contact Mandy's WhatsApp For Discount Price+8618077105796[\/caption]","_links":{"self":[{"href":"https:\/\/vapestornado.com\/ro\/wp-json\/wp\/v2\/product\/2926","targetHints":{"allow":["GET"]}}],"collection":[{"href":"https:\/\/vapestornado.com\/ro\/wp-json\/wp\/v2\/product"}],"about":[{"href":"https:\/\/vapestornado.com\/ro\/wp-json\/wp\/v2\/types\/product"}],"replies":[{"embeddable":true,"href":"https:\/\/vapestornado.com\/ro\/wp-json\/wp\/v2\/comments?post=2926"}],"wp:featuredmedia":[{"embeddable":true,"href":"https:\/\/vapestornado.com\/ro\/wp-json\/wp\/v2\/media\/2943"}],"wp:attachment":[{"href":"https:\/\/vapestornado.com\/ro\/wp-json\/wp\/v2\/media?parent=2926"}],"wp:term":[{"taxonomy":"product_brand","embeddable":true,"href":"https:\/\/vapestornado.com\/ro\/wp-json\/wp\/v2\/product_brand?post=2926"},{"taxonomy":"product_cat","embeddable":true,"href":"https:\/\/vapestornado.com\/ro\/wp-json\/wp\/v2\/product_cat?post=2926"},{"taxonomy":"product_tag","embeddable":true,"href":"https:\/\/vapestornado.com\/ro\/wp-json\/wp\/v2\/product_tag?post=2926"}],"curies":[{"name":"wp","href":"https:\/\/api.w.org\/{rel}","templated":true}]}}