{"id":2784,"date":"2024-11-12T10:04:17","date_gmt":"2024-11-12T10:04:17","guid":{"rendered":"https:\/\/vapestornado.com\/?page_id=2784"},"modified":"2024-11-12T10:04:19","modified_gmt":"2024-11-12T10:04:19","slug":"payment-methods-at-vapestornado","status":"publish","type":"page","link":"https:\/\/vapestornado.com\/ro\/payment-methods-at-vapestornado\/","title":{"rendered":"Metode de plat\u0103 la vapestornado"},"content":{"rendered":"<p>V\u0103 mul\u021bumim c\u0103 a\u021bi ales <strong>vapestornad\u0103<\/strong>, magazinul dumneavoastr\u0103 online de \u00eencredere pentru produse vape de unic\u0103 folosin\u021b\u0103 premium. Cu ani de experien\u021b\u0103 \u00een industrie, suntem m\u00e2ndri s\u0103 oferim o selec\u021bie larg\u0103 de m\u0103rci de top \u0219i s\u0103 livr\u0103m produsele noastre la nivel global \u00een diverse \u021b\u0103ri. Ne angaj\u0103m s\u0103 v\u0103 oferim o experien\u021b\u0103 de cump\u0103r\u0103turi sigur\u0103, convenabil\u0103 \u0219i f\u0103r\u0103 probleme.<\/p>\n\n\n\n<p>Accept\u0103m urm\u0103toarele metode de plat\u0103:<\/p>\n\n\n\n<ol class=\"wp-block-list\">\n<li><strong>PayPal<\/strong>: Beneficia\u021bi de pl\u0103\u021bi sigure \u0219i u\u0219oare prin PayPal pentru comenzile dumneavoastr\u0103. <em>(20% TVA aplicabil)<\/em><\/li>\n\n\n\n<li><strong>Card de credit<\/strong>: Accept\u0103m carduri de credit importante, asigur\u00e2nd un proces de finalizare a comenzii f\u0103r\u0103 probleme. <em>(20% TVA aplicabil)<\/em><\/li>\n\n\n\n<li><strong>Transfer bancar<\/strong>: Pentru pl\u0103\u021bi tradi\u021bionale, sunt disponibile transferuri bancare. <em>(F\u0103r\u0103 TVA)<\/em><\/li>\n\n\n\n<li><strong>Criptomoned\u0103<\/strong>: Oferim pl\u0103\u021bi cu criptomonede pentru o op\u021biune de plat\u0103 modern\u0103, orientat\u0103 spre viitor. <em>(F\u0103r\u0103 TVA)<\/em><\/li>\n\n\n\n<li><strong>Transfer Wise<\/strong>: Utiliza\u021bi Wise pentru servicii de transfer eficiente \u0219i rentabile. <em>(F\u0103r\u0103 TVA)<\/em><\/li>\n<\/ol>\n\n\n\n<p>Dac\u0103 ave\u021bi \u00eentreb\u0103ri sau solicit\u0103ri specifice privind plata, echipa noastr\u0103 de servicii pentru clien\u021bi este \u00eentotdeauna gata s\u0103 v\u0103 ajute. Suntem aici pentru a ne asigura c\u0103 experien\u021ba dumneavoastr\u0103 de cump\u0103r\u0103turi la vapestornado este lin\u0103 \u0219i sigur\u0103!<\/p>\n\n\n\n<p><\/p>","protected":false},"excerpt":{"rendered":"<p>V\u0103 mul\u021bumim c\u0103 a\u021bi ales vapestornado, magazinul dumneavoastr\u0103 online de \u00eencredere pentru produse vape de unic\u0103 folosin\u021b\u0103 premium. Cu ani de experien\u021b\u0103 \u00een industrie, suntem m\u00e2ndri s\u0103 oferim o selec\u021bie larg\u0103 de m\u0103rci de top \u0219i s\u0103 livr\u0103m produsele noastre la nivel global \u00een diverse \u021b\u0103ri. Ne angaj\u0103m s\u0103 v\u0103 oferim o experien\u021b\u0103 de cump\u0103r\u0103turi sigur\u0103, convenabil\u0103 \u0219i f\u0103r\u0103 probleme.<\/p>","protected":false},"author":1,"featured_media":0,"parent":0,"menu_order":0,"comment_status":"closed","ping_status":"closed","template":"","meta":{"_acf_changed":false,"_uag_custom_page_level_css":"","_lmt_disableupdate":"","_lmt_disable":"","_monsterinsights_skip_tracking":false,"_monsterinsights_sitenote_active":false,"_monsterinsights_sitenote_note":"","_monsterinsights_sitenote_category":0,"site-sidebar-layout":"default","site-content-layout":"","ast-site-content-layout":"default","site-content-style":"default","site-sidebar-style":"default","ast-global-header-display":"","ast-banner-title-visibility":"","ast-main-header-display":"","ast-hfb-above-header-display":"","ast-hfb-below-header-display":"","ast-hfb-mobile-header-display":"","site-post-title":"","ast-breadcrumbs-content":"","ast-featured-img":"","footer-sml-layout":"","ast-disable-related-posts":"","theme-transparent-header-meta":"","adv-header-id-meta":"","stick-header-meta":"","header-above-stick-meta":"","header-main-stick-meta":"","header-below-stick-meta":"","astra-migrate-meta-layouts":"set","ast-page-background-enabled":"default","ast-page-background-meta":{"desktop":{"background-color":"","background-image":"","background-repeat":"repeat","background-position":"center center","background-size":"auto","background-attachment":"scroll","background-type":"","background-media":"","overlay-type":"","overlay-color":"","overlay-opacity":"","overlay-gradient":""},"tablet":{"background-color":"","background-image":"","background-repeat":"repeat","background-position":"center center","background-size":"auto","background-attachment":"scroll","background-type":"","background-media":"","overlay-type":"","overlay-color":"","overlay-opacity":"","overlay-gradient":""},"mobile":{"background-color":"","background-image":"","background-repeat":"repeat","background-position":"center center","background-size":"auto","background-attachment":"scroll","background-type":"","background-media":"","overlay-type":"","overlay-color":"","overlay-opacity":"","overlay-gradient":""}},"ast-content-background-meta":{"desktop":{"background-color":"var(--ast-global-color-5)","background-image":"","background-repeat":"repeat","background-position":"center center","background-size":"auto","background-attachment":"scroll","background-type":"","background-media":"","overlay-type":"","overlay-color":"","overlay-opacity":"","overlay-gradient":""},"tablet":{"background-color":"var(--ast-global-color-5)","background-image":"","background-repeat":"repeat","background-position":"center center","background-size":"auto","background-attachment":"scroll","background-type":"","background-media":"","overlay-type":"","overlay-color":"","overlay-opacity":"","overlay-gradient":""},"mobile":{"background-color":"var(--ast-global-color-5)","background-image":"","background-repeat":"repeat","background-position":"center center","background-size":"auto","background-attachment":"scroll","background-type":"","background-media":"","overlay-type":"","overlay-color":"","overlay-opacity":"","overlay-gradient":""}},"_joinchat":[],"footnotes":""},"class_list":["post-2784","page","type-page","status-publish","hentry"],"acf":[],"uagb_featured_image_src":{"full":false,"thumbnail":false,"medium":false,"medium_large":false,"large":false,"1536x1536":false,"2048x2048":false,"trp-custom-language-flag":false,"woocommerce_thumbnail":false,"woocommerce_single":false,"woocommerce_gallery_thumbnail":false},"uagb_author_info":{"display_name":"yannazhan@gmail.com","author_link":"https:\/\/vapestornado.com\/ro\/author\/yannazhangmail-com\/"},"uagb_comment_info":0,"uagb_excerpt":"Thank you for choosing vapestornado, your trusted online store for premium disposable vape products. With years of expertise in the industry, we are proud to offer a wide selection of top brands and ship our products globally to various countries. We are committed to providing you with a secure, convenient, and seamless shopping experience. We&hellip;","_links":{"self":[{"href":"https:\/\/vapestornado.com\/ro\/wp-json\/wp\/v2\/pages\/2784","targetHints":{"allow":["GET"]}}],"collection":[{"href":"https:\/\/vapestornado.com\/ro\/wp-json\/wp\/v2\/pages"}],"about":[{"href":"https:\/\/vapestornado.com\/ro\/wp-json\/wp\/v2\/types\/page"}],"author":[{"embeddable":true,"href":"https:\/\/vapestornado.com\/ro\/wp-json\/wp\/v2\/users\/1"}],"replies":[{"embeddable":true,"href":"https:\/\/vapestornado.com\/ro\/wp-json\/wp\/v2\/comments?post=2784"}],"version-history":[{"count":1,"href":"https:\/\/vapestornado.com\/ro\/wp-json\/wp\/v2\/pages\/2784\/revisions"}],"predecessor-version":[{"id":2785,"href":"https:\/\/vapestornado.com\/ro\/wp-json\/wp\/v2\/pages\/2784\/revisions\/2785"}],"wp:attachment":[{"href":"https:\/\/vapestornado.com\/ro\/wp-json\/wp\/v2\/media?parent=2784"}],"curies":[{"name":"wp","href":"https:\/\/api.w.org\/{rel}","templated":true}]}}