{"id":2781,"date":"2024-11-12T10:02:57","date_gmt":"2024-11-12T10:02:57","guid":{"rendered":"https:\/\/vapestornado.com\/?page_id=2781"},"modified":"2024-11-12T10:02:58","modified_gmt":"2024-11-12T10:02:58","slug":"age-verification-policy-for-vapestornado","status":"publish","type":"page","link":"https:\/\/vapestornado.com\/ro\/age-verification-policy-for-vapestornado\/","title":{"rendered":"Politica de verificare a v\u00e2rstei pentru vapestornado"},"content":{"rendered":"<p>La vapestornado, ne angaj\u0103m s\u0103 men\u021binem o abordare responsabil\u0103 \u0219i legal\u0103 a v\u00e2nz\u0103rii produselor noastre de vapat. Pentru a ne asigura c\u0103 respect\u0103m cerin\u021bele legale \u0219i promov\u0103m vapatul responsabil, am implementat urm\u0103toarea politic\u0103 de verificare a v\u00e2rstei:<\/p>\n\n\n\n<h3 class=\"wp-block-heading\"><strong>Cerin\u021b\u0103 privind v\u00e2rsta legal\u0103 pentru fumat<\/strong><\/h3>\n\n\n\n<p>Clien\u021bii trebuie s\u0103 aib\u0103 cel pu\u021bin <strong>21 de ani<\/strong> (v\u00e2rsta legal\u0103 pentru fumat \u00een Rom\u00e2nia) pentru a achizi\u021biona produse de vaping de pe site-ul nostru web, vapestornado.com.<\/p>\n\n\n\n<h3 class=\"wp-block-heading\"><strong>Falsificarea v\u00e2rstei este ilegal\u0103<\/strong><\/h3>\n\n\n\n<p>Este <strong>ilegal<\/strong> s\u0103 v\u0103 falsifica\u021bi v\u00e2rsta pentru a achizi\u021biona produsele noastre. \u00cenc\u0103lcarea acestei legi poate duce la sanc\u021biuni legale, inclusiv amenzi \u0219i poten\u021biale acuza\u021bii penale.<\/p>\n\n\n\n<h3 class=\"wp-block-heading\"><strong>Interdic\u021bia de a cump\u0103ra pentru minori<\/strong><\/h3>\n\n\n\n<p>Cump\u0103rarea de produse de vaping de la vapestornado pentru <strong>minori<\/strong> este strict interzis\u0103. Orice \u00eencercare de a face acest lucru poate duce la consecin\u021be legale pentru cump\u0103r\u0103tor.<\/p>\n\n\n\n<h3 class=\"wp-block-heading\"><strong>Procesul de verificare a v\u00e2rstei<\/strong><\/h3>\n\n\n\n<p>Avem un <strong>proces strict de verificare a v\u00e2rstei<\/strong> pentru a asigura respectarea cerin\u021belor legale de v\u00e2rst\u0103. Pentru a finaliza verificarea v\u00e2rstei, vi se poate solicita s\u0103 furniza\u021bi detalii personale, inclusiv numele, adresa, data na\u0219terii \u0219i ultimele patru cifre ale CNP-ului dumneavoastr\u0103. Aceste informa\u021bii vor fi verificate \u00eencruci\u0219at cu registrele publice. Dac\u0103 verificarea \u00eencruci\u0219at\u0103 nu are succes sau dac\u0103 nu pute\u021bi furniza CNP-ul, vi se va cere s\u0103 \u00eenc\u0103rca\u021bi un <strong>act de identitate emis de guvern<\/strong> pentru verificare.<\/p>\n\n\n\n<h3 class=\"wp-block-heading\"><strong>Dreptul de a refuza serviciul<\/strong><\/h3>\n\n\n\n<p>Ne rezerv\u0103m dreptul de a <strong>refuz\u0103m sau anul\u0103m o comand\u0103<\/strong> dac\u0103 nu putem s\u0103 v\u0103 verific\u0103m v\u00e2rsta sau dac\u0103 nu se poate furniza prompt o identificare adecvat\u0103.<\/p>\n\n\n\n<h3 class=\"wp-block-heading\"><strong>Angajamentul fa\u021b\u0103 de prevenirea consumului \u00een r\u00e2ndul tinerilor<\/strong><\/h3>\n\n\n\n<p>vapestornado este dedicat prevenirii v\u00e2nz\u0103rii de produse c\u0103tre persoane minore. Utiliz\u0103m un sistem robust de verificare a v\u00e2rstei pentru a asigura conformitatea cu restric\u021biile legale de v\u00e2rst\u0103 \u0219i pentru a preveni accesul tinerilor la produsele de vapat.<\/p>\n\n\n\n<h3 class=\"wp-block-heading\"><strong>Refuzul sau limitarea serviciului<\/strong><\/h3>\n\n\n\n<p>Ne rezerv\u0103m dreptul de a <strong>refuza serviciul<\/strong> persoanelor care nu \u00eendeplinesc cerin\u021bele de v\u00e2rst\u0103 sau nu furnizeaz\u0103 dovezi suficiente ale v\u00e2rstei. Dac\u0103 considera\u021bi c\u0103 vi s-a refuzat \u00een mod eronat serviciul, v\u0103 rug\u0103m s\u0103 contacta\u021bi echipa noastr\u0103 de asisten\u021b\u0103 clien\u021bi pentru ajutor.<\/p>\n\n\n\n<h3 class=\"wp-block-heading\"><strong>Avertisment privind con\u021binutul site-ului<\/strong><\/h3>\n\n\n\n<p>Includem un <strong>mesaj de precau\u021bie<\/strong> pe site-ul nostru web cu privire la produsele de \u021big\u0103ri electronice, reamintind clien\u021bilor c\u0103 trebuie s\u0103 aib\u0103 cel pu\u021bin <strong>21 de ani<\/strong> \u00een Rom\u00e2nia pentru a face o achizi\u021bie.<\/p>\n\n\n\n<p>La vapestornado, acord\u0103m prioritate <strong>siguran\u021bei<\/strong> si <strong>bun\u0103st\u0103rii<\/strong> clien\u021bilor no\u0219tri. Asigur\u00e2nd respectarea strict\u0103 a protocoalelor de verificare a v\u00e2rstei, men\u021binem o abordare responsabil\u0103 \u0219i legal\u0103 a v\u00e2nz\u0103rilor de \u021big\u0103ri electronice. Angajamentul nostru de a preveni accesul minorilor reflect\u0103 dedicarea noastr\u0103 pentru promovarea unei comunit\u0103\u021bi de vapat s\u0103n\u0103toase \u0219i responsabile.<\/p>\n\n\n\n<p>Mini 40 de ori<\/p>","protected":false},"excerpt":{"rendered":"<p>La vapestornado, ne angaj\u0103m s\u0103 men\u021binem o abordare responsabil\u0103 \u0219i legal\u0103 a v\u00e2nz\u0103rii produselor noastre de vapat. Pentru a ne asigura c\u0103 respect\u0103m cerin\u021bele legale \u0219i promov\u0103m vapatul responsabil, am implementat urm\u0103toarea politic\u0103 de verificare a v\u00e2rstei: Cerin\u021ba privind v\u00e2rsta legal\u0103 pentru fumat Clien\u021bii trebuie s\u0103 aib\u0103 cel pu\u021bin 18 ani (v\u00e2rsta legal\u0103 pentru fumat \u00een [...])<\/p>","protected":false},"author":1,"featured_media":0,"parent":0,"menu_order":0,"comment_status":"closed","ping_status":"closed","template":"","meta":{"_acf_changed":false,"_uag_custom_page_level_css":"","_lmt_disableupdate":"","_lmt_disable":"","_monsterinsights_skip_tracking":false,"_monsterinsights_sitenote_active":false,"_monsterinsights_sitenote_note":"","_monsterinsights_sitenote_category":0,"site-sidebar-layout":"default","site-content-layout":"","ast-site-content-layout":"default","site-content-style":"default","site-sidebar-style":"default","ast-global-header-display":"","ast-banner-title-visibility":"","ast-main-header-display":"","ast-hfb-above-header-display":"","ast-hfb-below-header-display":"","ast-hfb-mobile-header-display":"","site-post-title":"","ast-breadcrumbs-content":"","ast-featured-img":"","footer-sml-layout":"","ast-disable-related-posts":"","theme-transparent-header-meta":"","adv-header-id-meta":"","stick-header-meta":"","header-above-stick-meta":"","header-main-stick-meta":"","header-below-stick-meta":"","astra-migrate-meta-layouts":"set","ast-page-background-enabled":"default","ast-page-background-meta":{"desktop":{"background-color":"","background-image":"","background-repeat":"repeat","background-position":"center center","background-size":"auto","background-attachment":"scroll","background-type":"","background-media":"","overlay-type":"","overlay-color":"","overlay-opacity":"","overlay-gradient":""},"tablet":{"background-color":"","background-image":"","background-repeat":"repeat","background-position":"center center","background-size":"auto","background-attachment":"scroll","background-type":"","background-media":"","overlay-type":"","overlay-color":"","overlay-opacity":"","overlay-gradient":""},"mobile":{"background-color":"","background-image":"","background-repeat":"repeat","background-position":"center center","background-size":"auto","background-attachment":"scroll","background-type":"","background-media":"","overlay-type":"","overlay-color":"","overlay-opacity":"","overlay-gradient":""}},"ast-content-background-meta":{"desktop":{"background-color":"var(--ast-global-color-5)","background-image":"","background-repeat":"repeat","background-position":"center center","background-size":"auto","background-attachment":"scroll","background-type":"","background-media":"","overlay-type":"","overlay-color":"","overlay-opacity":"","overlay-gradient":""},"tablet":{"background-color":"var(--ast-global-color-5)","background-image":"","background-repeat":"repeat","background-position":"center center","background-size":"auto","background-attachment":"scroll","background-type":"","background-media":"","overlay-type":"","overlay-color":"","overlay-opacity":"","overlay-gradient":""},"mobile":{"background-color":"var(--ast-global-color-5)","background-image":"","background-repeat":"repeat","background-position":"center center","background-size":"auto","background-attachment":"scroll","background-type":"","background-media":"","overlay-type":"","overlay-color":"","overlay-opacity":"","overlay-gradient":""}},"_joinchat":[],"footnotes":""},"class_list":["post-2781","page","type-page","status-publish","hentry"],"acf":[],"uagb_featured_image_src":{"full":false,"thumbnail":false,"medium":false,"medium_large":false,"large":false,"1536x1536":false,"2048x2048":false,"trp-custom-language-flag":false,"woocommerce_thumbnail":false,"woocommerce_single":false,"woocommerce_gallery_thumbnail":false},"uagb_author_info":{"display_name":"yannazhan@gmail.com","author_link":"https:\/\/vapestornado.com\/ro\/author\/yannazhangmail-com\/"},"uagb_comment_info":0,"uagb_excerpt":"At vapestornado, we are committed to maintaining a responsible and legal approach to the sale of our vape products. To ensure we meet legal requirements and promote responsible vaping, we have implemented the following age verification policy: Legal Smoking Age Requirement Customers must be at least 21 years old (the legal smoking age in the&hellip;","_links":{"self":[{"href":"https:\/\/vapestornado.com\/ro\/wp-json\/wp\/v2\/pages\/2781","targetHints":{"allow":["GET"]}}],"collection":[{"href":"https:\/\/vapestornado.com\/ro\/wp-json\/wp\/v2\/pages"}],"about":[{"href":"https:\/\/vapestornado.com\/ro\/wp-json\/wp\/v2\/types\/page"}],"author":[{"embeddable":true,"href":"https:\/\/vapestornado.com\/ro\/wp-json\/wp\/v2\/users\/1"}],"replies":[{"embeddable":true,"href":"https:\/\/vapestornado.com\/ro\/wp-json\/wp\/v2\/comments?post=2781"}],"version-history":[{"count":1,"href":"https:\/\/vapestornado.com\/ro\/wp-json\/wp\/v2\/pages\/2781\/revisions"}],"predecessor-version":[{"id":2783,"href":"https:\/\/vapestornado.com\/ro\/wp-json\/wp\/v2\/pages\/2781\/revisions\/2783"}],"wp:attachment":[{"href":"https:\/\/vapestornado.com\/ro\/wp-json\/wp\/v2\/media?parent=2781"}],"curies":[{"name":"wp","href":"https:\/\/api.w.org\/{rel}","templated":true}]}}